{"id":11308,"date":"2022-01-19T12:54:28","date_gmt":"2022-01-19T11:54:28","guid":{"rendered":"https:\/\/new.tiketi.com\/upper-egypt-bus-online-booking-bus-tickets-reservation\/"},"modified":"2022-07-14T13:02:12","modified_gmt":"2022-07-14T12:02:12","slug":"upper-egypt-bus","status":"publish","type":"page","link":"https:\/\/tiketi.com\/fr-fr\/upper-egypt-bus\/","title":{"rendered":"R\u00e9servation en ligne de bus en Haute-\u00c9gypte, billets de bus, itin\u00e9raire, horaires et tarifs"},"content":{"rendered":"<p><strong>Un d:\u00a0<\/strong><\/p>\n<p><strong><a href=\"https:\/\/fiymo.com\/register\" target=\"_blank\" rel=\"noopener\"><\/a><\/strong><\/p>\n<h2>R\u00e9servation de billets de bus en ligne pour le bus de la Haute-\u00c9gypte<\/h2>\n<h3>D\u00e9couvrez votre itin\u00e9raire sur le web, le mobile ou l&#039;application et r\u00e9servez d\u00e8s maintenant en ligne des billets de bus Haute-\u00c9gypte pas chers.<\/h3>\n<p>La r\u00e9servation en ligne de bus en Haute-\u00c9gypte en toute simplicit\u00e9. La soci\u00e9t\u00e9 d&#039;autobus de voyage de Haute-\u00c9gypte pour le transport et le tourisme a \u00e9t\u00e9 fond\u00e9e conform\u00e9ment \u00e0 la r\u00e9solution num\u00e9ro quatorze du minist\u00e8re des Transports de 1979, d\u00e9pos\u00e9e le 15 mars 1979. La soci\u00e9t\u00e9 d&#039;autobus est soumise \u00e0 la loi sur les soci\u00e9t\u00e9s par actions et est affili\u00e9e \u00e0 la holding soci\u00e9t\u00e9 de transport terrestre et maritime, qui est l&#039;une des entreprises du secteur des entreprises publiques en vertu de la loi 203 de 1991. Il en va de m\u00eame pour la r\u00e9servation de billets de bus en ligne pour les bus de la Haute-\u00c9gypte d\u00e8s maintenant\u00a0!<\/p>\n<h2>FAQ sur la r\u00e9servation en ligne des bus de la Haute-\u00c9gypte<\/h2>\n<h3>Quels sont les c\u00e9l\u00e8bres itin\u00e9raires parcourus par les bus de la Haute-\u00c9gypte ?<\/h3>\n<p>\u2022 Louxor \u2013 Hurghada<br \/>\n\u2022 Le Caire \u2013 Safaga<br \/>\n\u2022 Le Caire \u2013 Vall\u00e9e du Nil<br \/>\n\u2022 Le Caire - Farafra<br \/>\n\u2022 Assouan \u2013 Abou Simbel<\/p>\n<h3>Quelles sont les coordonn\u00e9es de la compagnie de bus de la Haute-\u00c9gypte pour la r\u00e9servation des bus de la Haute-\u00c9gypte\u00a0?<\/h3>\n<p>B\u00e2timent de la soci\u00e9t\u00e9 \u00e9gyptienne de logement et de d\u00e9veloppement<br \/>\nRue El Youssef Abbas 4<br \/>\n4\u00e8me \u00e9tage<br \/>\n\u00c9gypte Nasr City<br \/>\nR\u00e9gion du Caire<\/p>\n<h2>Conseils de r\u00e9servation de billets de bus en ligne pour le bus de la Haute-\u00c9gypte<\/h2>\n<p>En 1997, la soci\u00e9t\u00e9 de bus de Haute-\u00c9gypte disposait d&#039;une flotte compos\u00e9e de v\u00e9hicules Mercedes-Benz 0302, Renault et Scania, ce dernier avec carrosserie Ikarus et Renalut. Pour le transport de luxe, il y avait Renault avec la carrosserie ta\u00efwanaise Feng Rong.<\/p>","protected":false},"excerpt":{"rendered":"<p>Ad:\u00a0 Upper Egypt Bus Online Bus Ticket Booking Discover your travel route on web, mobile or app and book cheap Upper Egypt bus tickets online now. Upper Egypt bus\u00a0online booking made easy.\u00a0The Upper Egypt travel bus company for transportation and tourism was founded according to the Ministry of Transport resolution number of fourteen of 1979, [&hellip;]<\/p>\n","protected":false},"author":1,"featured_media":13999,"parent":0,"menu_order":0,"comment_status":"open","ping_status":"closed","template":"template-home-modern.php","meta":{"footnotes":""},"class_list":["post-11308","page","type-page","status-publish","has-post-thumbnail","hentry"],"yoast_head":"<!-- This site is optimized with the Yoast SEO plugin v27.2 - https:\/\/yoast.com\/product\/yoast-seo-wordpress\/ -->\n<title>Upper Egypt Bus Online Booking, Bus Tickets, Route, Schedule &amp; Fare<\/title>\n<meta name=\"description\" content=\"Looking for Upper Egypt Bus online booking, app, contacts, bus routes, fare and schedule? Make a Upper Egypt Bus online bus ticket booking\" \/>\n<meta name=\"robots\" content=\"index, follow, max-snippet:-1, max-image-preview:large, max-video-preview:-1\" \/>\n<link rel=\"canonical\" href=\"https:\/\/tiketi.com\/fr-fr\/upper-egypt-bus\/\" \/>\n<meta property=\"og:locale\" content=\"fr_FR\" \/>\n<meta property=\"og:type\" content=\"article\" \/>\n<meta property=\"og:title\" content=\"Upper Egypt Bus Online Booking, Bus Tickets, Route, Schedule &amp; Fare\" \/>\n<meta property=\"og:description\" content=\"Looking for Upper Egypt Bus online booking, app, contacts, bus routes, fare and schedule? Make a Upper Egypt Bus online bus ticket booking\" \/>\n<meta property=\"og:url\" content=\"https:\/\/tiketi.com\/fr-fr\/upper-egypt-bus\/\" \/>\n<meta property=\"og:site_name\" content=\"Tiketi.com\" \/>\n<meta property=\"article:publisher\" content=\"https:\/\/www.facebook.com\/TiketiCom\/\" \/>\n<meta property=\"article:modified_time\" content=\"2022-07-14T12:02:12+00:00\" \/>\n<meta property=\"og:image\" content=\"https:\/\/tiketi.com\/wp-content\/uploads\/2022\/01\/bus-ticket-online-booking.jpg\" \/>\n\t<meta property=\"og:image:width\" content=\"1200\" \/>\n\t<meta property=\"og:image:height\" content=\"206\" \/>\n\t<meta property=\"og:image:type\" content=\"image\/jpeg\" \/>\n<meta name=\"twitter:card\" content=\"summary_large_image\" \/>\n<meta name=\"twitter:label1\" content=\"Dur\u00e9e de lecture estim\u00e9e\" \/>\n\t<meta name=\"twitter:data1\" content=\"2 minutes\" \/>\n<script type=\"application\/ld+json\" class=\"yoast-schema-graph\">{\"@context\":\"https:\/\/schema.org\",\"@graph\":[{\"@type\":\"WebPage\",\"@id\":\"https:\/\/tiketi.com\/upper-egypt-bus\/\",\"url\":\"https:\/\/tiketi.com\/upper-egypt-bus\/\",\"name\":\"Upper Egypt Bus Online Booking, Bus Tickets, Route, Schedule & Fare\",\"isPartOf\":{\"@id\":\"https:\/\/tiketi.com\/#website\"},\"primaryImageOfPage\":{\"@id\":\"https:\/\/tiketi.com\/upper-egypt-bus\/#primaryimage\"},\"image\":{\"@id\":\"https:\/\/tiketi.com\/upper-egypt-bus\/#primaryimage\"},\"thumbnailUrl\":\"https:\/\/tiketi.com\/wp-content\/uploads\/2022\/01\/bus-ticket-online-booking.jpg\",\"datePublished\":\"2022-01-19T11:54:28+00:00\",\"dateModified\":\"2022-07-14T12:02:12+00:00\",\"description\":\"Looking for Upper Egypt Bus online booking, app, contacts, bus routes, fare and schedule? Make a Upper Egypt Bus online bus ticket booking\",\"breadcrumb\":{\"@id\":\"https:\/\/tiketi.com\/upper-egypt-bus\/#breadcrumb\"},\"inLanguage\":\"fr-FR\",\"potentialAction\":[{\"@type\":\"ReadAction\",\"target\":[\"https:\/\/tiketi.com\/upper-egypt-bus\/\"]}]},{\"@type\":\"ImageObject\",\"inLanguage\":\"fr-FR\",\"@id\":\"https:\/\/tiketi.com\/upper-egypt-bus\/#primaryimage\",\"url\":\"https:\/\/tiketi.com\/wp-content\/uploads\/2022\/01\/bus-ticket-online-booking.jpg\",\"contentUrl\":\"https:\/\/tiketi.com\/wp-content\/uploads\/2022\/01\/bus-ticket-online-booking.jpg\",\"width\":1200,\"height\":206,\"caption\":\"Online Bus Ticket Booking\"},{\"@type\":\"BreadcrumbList\",\"@id\":\"https:\/\/tiketi.com\/upper-egypt-bus\/#breadcrumb\",\"itemListElement\":[{\"@type\":\"ListItem\",\"position\":1,\"name\":\"Home\",\"item\":\"https:\/\/tiketi.com\/\"},{\"@type\":\"ListItem\",\"position\":2,\"name\":\"Upper Egypt Bus Online Booking, Bus Tickets, Route, Schedule &#038; Fare\"}]},{\"@type\":\"WebSite\",\"@id\":\"https:\/\/tiketi.com\/#website\",\"url\":\"https:\/\/tiketi.com\/\",\"name\":\"Flight & Bus Tickets, Tour Packages & Activitites - Tiketi.com\",\"description\":\"Flight &amp; Bus Tickets, Tours, Activitites\",\"publisher\":{\"@id\":\"https:\/\/tiketi.com\/#organization\"},\"potentialAction\":[{\"@type\":\"SearchAction\",\"target\":{\"@type\":\"EntryPoint\",\"urlTemplate\":\"https:\/\/tiketi.com\/?s={search_term_string}\"},\"query-input\":{\"@type\":\"PropertyValueSpecification\",\"valueRequired\":true,\"valueName\":\"search_term_string\"}}],\"inLanguage\":\"fr-FR\"},{\"@type\":\"Organization\",\"@id\":\"https:\/\/tiketi.com\/#organization\",\"name\":\"Tiketi.com\",\"alternateName\":\"Tiketi\",\"url\":\"https:\/\/tiketi.com\/\",\"logo\":{\"@type\":\"ImageObject\",\"inLanguage\":\"fr-FR\",\"@id\":\"https:\/\/tiketi.com\/#\/schema\/logo\/image\/\",\"url\":\"https:\/\/tiketi.com\/wp-content\/uploads\/2019\/05\/tiketi-logo-696.png\",\"contentUrl\":\"https:\/\/tiketi.com\/wp-content\/uploads\/2019\/05\/tiketi-logo-696.png\",\"width\":696,\"height\":696,\"caption\":\"Tiketi.com\"},\"image\":{\"@id\":\"https:\/\/tiketi.com\/#\/schema\/logo\/image\/\"},\"sameAs\":[\"https:\/\/www.facebook.com\/TiketiCom\/\"]}]}<\/script>\n<!-- \/ Yoast SEO plugin. -->","yoast_head_json":{"title":"R\u00e9servation en ligne de bus en Haute-\u00c9gypte, billets de bus, itin\u00e9raire, horaires et tarifs","description":"Vous recherchez une r\u00e9servation en ligne de Upper Egypt Bus, une application, des contacts, des itin\u00e9raires de bus, des tarifs et des horaires? Faire une r\u00e9servation de billet de bus en ligne Upper Egypt Bus","robots":{"index":"index","follow":"follow","max-snippet":"max-snippet:-1","max-image-preview":"max-image-preview:large","max-video-preview":"max-video-preview:-1"},"canonical":"https:\/\/tiketi.com\/fr-fr\/upper-egypt-bus\/","og_locale":"fr_FR","og_type":"article","og_title":"Upper Egypt Bus Online Booking, Bus Tickets, Route, Schedule & Fare","og_description":"Looking for Upper Egypt Bus online booking, app, contacts, bus routes, fare and schedule? Make a Upper Egypt Bus online bus ticket booking","og_url":"https:\/\/tiketi.com\/fr-fr\/upper-egypt-bus\/","og_site_name":"Tiketi.com","article_publisher":"https:\/\/www.facebook.com\/TiketiCom\/","article_modified_time":"2022-07-14T12:02:12+00:00","og_image":[{"width":1200,"height":206,"url":"https:\/\/tiketi.com\/wp-content\/uploads\/2022\/01\/bus-ticket-online-booking.jpg","type":"image\/jpeg"}],"twitter_card":"summary_large_image","twitter_misc":{"Dur\u00e9e de lecture estim\u00e9e":"2 minutes"},"schema":{"@context":"https:\/\/schema.org","@graph":[{"@type":"WebPage","@id":"https:\/\/tiketi.com\/upper-egypt-bus\/","url":"https:\/\/tiketi.com\/upper-egypt-bus\/","name":"R\u00e9servation en ligne de bus en Haute-\u00c9gypte, billets de bus, itin\u00e9raire, horaires et tarifs","isPartOf":{"@id":"https:\/\/tiketi.com\/#website"},"primaryImageOfPage":{"@id":"https:\/\/tiketi.com\/upper-egypt-bus\/#primaryimage"},"image":{"@id":"https:\/\/tiketi.com\/upper-egypt-bus\/#primaryimage"},"thumbnailUrl":"https:\/\/tiketi.com\/wp-content\/uploads\/2022\/01\/bus-ticket-online-booking.jpg","datePublished":"2022-01-19T11:54:28+00:00","dateModified":"2022-07-14T12:02:12+00:00","description":"Vous recherchez une r\u00e9servation en ligne de Upper Egypt Bus, une application, des contacts, des itin\u00e9raires de bus, des tarifs et des horaires? Faire une r\u00e9servation de billet de bus en ligne Upper Egypt Bus","breadcrumb":{"@id":"https:\/\/tiketi.com\/upper-egypt-bus\/#breadcrumb"},"inLanguage":"fr-FR","potentialAction":[{"@type":"ReadAction","target":["https:\/\/tiketi.com\/upper-egypt-bus\/"]}]},{"@type":"ImageObject","inLanguage":"fr-FR","@id":"https:\/\/tiketi.com\/upper-egypt-bus\/#primaryimage","url":"https:\/\/tiketi.com\/wp-content\/uploads\/2022\/01\/bus-ticket-online-booking.jpg","contentUrl":"https:\/\/tiketi.com\/wp-content\/uploads\/2022\/01\/bus-ticket-online-booking.jpg","width":1200,"height":206,"caption":"Online Bus Ticket Booking"},{"@type":"BreadcrumbList","@id":"https:\/\/tiketi.com\/upper-egypt-bus\/#breadcrumb","itemListElement":[{"@type":"ListItem","position":1,"name":"Home","item":"https:\/\/tiketi.com\/"},{"@type":"ListItem","position":2,"name":"Upper Egypt Bus Online Booking, Bus Tickets, Route, Schedule &#038; Fare"}]},{"@type":"WebSite","@id":"https:\/\/tiketi.com\/#website","url":"https:\/\/tiketi.com\/","name":"Billets d&#039;avion et de bus, forfaits touristiques et activit\u00e9s - Tiketi.com","description":"Billets d&#039;avion et de bus, Tours, Activit\u00e9s","publisher":{"@id":"https:\/\/tiketi.com\/#organization"},"potentialAction":[{"@type":"SearchAction","target":{"@type":"EntryPoint","urlTemplate":"https:\/\/tiketi.com\/?s={search_term_string}"},"query-input":{"@type":"PropertyValueSpecification","valueRequired":true,"valueName":"search_term_string"}}],"inLanguage":"fr-FR"},{"@type":"Organization","@id":"https:\/\/tiketi.com\/#organization","name":"Tiketi.com","alternateName":"Tiketi","url":"https:\/\/tiketi.com\/","logo":{"@type":"ImageObject","inLanguage":"fr-FR","@id":"https:\/\/tiketi.com\/#\/schema\/logo\/image\/","url":"https:\/\/tiketi.com\/wp-content\/uploads\/2019\/05\/tiketi-logo-696.png","contentUrl":"https:\/\/tiketi.com\/wp-content\/uploads\/2019\/05\/tiketi-logo-696.png","width":696,"height":696,"caption":"Tiketi.com"},"image":{"@id":"https:\/\/tiketi.com\/#\/schema\/logo\/image\/"},"sameAs":["https:\/\/www.facebook.com\/TiketiCom\/"]}]}},"_links":{"self":[{"href":"https:\/\/tiketi.com\/fr-fr\/wp-json\/wp\/v2\/pages\/11308","targetHints":{"allow":["GET"]}}],"collection":[{"href":"https:\/\/tiketi.com\/fr-fr\/wp-json\/wp\/v2\/pages"}],"about":[{"href":"https:\/\/tiketi.com\/fr-fr\/wp-json\/wp\/v2\/types\/page"}],"author":[{"embeddable":true,"href":"https:\/\/tiketi.com\/fr-fr\/wp-json\/wp\/v2\/users\/1"}],"replies":[{"embeddable":true,"href":"https:\/\/tiketi.com\/fr-fr\/wp-json\/wp\/v2\/comments?post=11308"}],"version-history":[{"count":0,"href":"https:\/\/tiketi.com\/fr-fr\/wp-json\/wp\/v2\/pages\/11308\/revisions"}],"wp:featuredmedia":[{"embeddable":true,"href":"https:\/\/tiketi.com\/fr-fr\/wp-json\/wp\/v2\/media\/13999"}],"wp:attachment":[{"href":"https:\/\/tiketi.com\/fr-fr\/wp-json\/wp\/v2\/media?parent=11308"}],"curies":[{"name":"wp","href":"https:\/\/api.w.org\/{rel}","templated":true}]}}