{"id":11309,"date":"2022-01-19T12:54:30","date_gmt":"2022-01-19T11:54:30","guid":{"rendered":"https:\/\/new.tiketi.com\/go-bus-online-booking-bus-tickets-reservation\/"},"modified":"2022-02-14T13:04:52","modified_gmt":"2022-02-14T12:04:52","slug":"go-bus","status":"publish","type":"page","link":"https:\/\/tiketi.com\/fr-fr\/go-bus\/","title":{"rendered":"R\u00e9servation en ligne d&#039;autobus GO, billets d&#039;autobus, tarifs, horaires et itin\u00e9raire"},"content":{"rendered":"<h2>R\u00e9servation de billets de bus en ligne GO Bus bon march\u00e9 en \u00c9gypte<\/h2>\n<h3>D\u00e9couvrez votre itin\u00e9raire de voyage sur le Web, le mobile ou l&#039;application et r\u00e9servez en ligne d\u00e8s maintenant des billets de bus GO bus pas chers.<\/h3>\n<p>La r\u00e9servation en ligne de bus GO en \u00c9gypte en toute simplicit\u00e9. La soci\u00e9t\u00e9 de transport Go-Bus est une soci\u00e9t\u00e9 par actions travaillant dans le domaine des transports publics sous la tutelle du minist\u00e8re des Transports depuis 1998. Il s&#039;agit de la premi\u00e8re entreprise du secteur priv\u00e9 travaillant dans le domaine des transports publics op\u00e9rant en Arabie Saoudite, en Jordanie et en \u00c9gypte. a une longue histoire dans le domaine du travail avec des clients respectables qui appr\u00e9cient nos sp\u00e9cifications et services sp\u00e9ciaux. L&#039;objectif de travail de Go-bus est le client, la satisfaction et le bien-\u00eatre du client. Alors faites la r\u00e9servation de billets de bus en ligne GO bus en \u00c9gypte maintenant!<\/p>\n<h2>R\u00e9servation en ligne de bus GO \u00c9gypte, billets de bus, tarifs, horaires et itin\u00e9raire FAQ<\/h2>\n<h3>Quels sont les c\u00e9l\u00e8bres trajets parcourus par les autobus GO\u00a0?<\/h3>\n<p>\u2022 Le Caire \u00e0 Charm-Royassat<br \/>\n\u2022 Le Caire \u00e0 Hurghada<br \/>\n\u2022 Du Caire \u00e0 Alexandrie<br \/>\n\u2022 Le Caire \u00e0 El Gouna<br \/>\n\u2022 Le Caire \u00e0 Louxor<br \/>\n\u2022 Le Caire \u00e0 Marsa Allam<br \/>\n\u2022 Le Caire \u00e0 Port El Sokhna<br \/>\n\u2022 Qena au Caire<br \/>\n\u2022 Du Caire \u00e0 Quena<br \/>\n\u2022 Le Caire \u00e0 Marsa Marouth<br \/>\n\u2022 Le Caire \u00e0 Marina 7<br \/>\n\u2022 Marsa Matrouh au Caire<br \/>\n\u2022 Le Caire \u00e0 Nowiba<br \/>\n\u2022 Marina 7 au Caire<br \/>\n\u2022 Charm-Royassat au Caire<br \/>\n\u2022 Hurghada au Caire<br \/>\n\u2022 Alexandrie au Caire<br \/>\n\u2022 El Gouna au Caire<br \/>\n\u2022 Louxor au Caire<br \/>\n\u2022 Porto El Sokhna au Caire<br \/>\n\u2022 Marsa Allam au Caire<\/p>\n<h3>Fiable et rapide<\/h3>\n<p>GO Bus propose des bus comme la classe Elite Plus, la classe Royale et des services d&#039;affaires qui se rendent directement \u00e0 la gare de d\u00e9barquement, ce qui rend le voyage petit et agr\u00e9able avec nos meilleures classes de luxe.<\/p>\n<h3>GO Bus est accessible 24 heures sur 24<\/h3>\n<p>Toutes les gares routi\u00e8res de Go sont ouvertes 24 heures sur 24 pour servir parfaitement leurs clients chaque fois qu&#039;ils choisissent de faire leur r\u00e9servation de billets de bus en ligne GO bus en \u00c9gypte.<\/p>\n<h3>Quelles sont les coordonn\u00e9es des bus GO\u00a0?<\/h3>\n<p>GO Bus, 4 rue El Galaa, place Abd El Moneim Riad, centre-ville<br \/>\n11556 Kairo, Gouvernement al-Qahira, \u00c9gypte.<\/p>\n<h2>GO Bus R\u00e9servation de billets de bus en ligne Egypte Conseils<\/h2>\n<h3>R\u00e9servation en ligne simple et facile<\/h3>\n<p>Profitez de la r\u00e9servation de billets de bus en ligne avec Go Bus et o\u00f9 que vous alliez. Avec sa couverture de grandes gares, son application mobile et son site, il permet aux clients de r\u00e9server simplement leur billet en un clic.<\/p>","protected":false},"excerpt":{"rendered":"<p>Cheap GO Bus Online Bus Ticket Booking Egypt Discover your travel route on web, mobile or app and book cheap GO bus bus tickets online now. GO bus\u00a0online booking Egypt made easy.\u00a0Go-Bus transport company is a shareholding company working in the field of public transport under the supervision of the Ministry of Transport since 1998. [&hellip;]<\/p>\n","protected":false},"author":1,"featured_media":13999,"parent":0,"menu_order":0,"comment_status":"open","ping_status":"closed","template":"template-home-modern.php","meta":{"footnotes":""},"class_list":["post-11309","page","type-page","status-publish","has-post-thumbnail","hentry"],"yoast_head":"<!-- This site is optimized with the Yoast SEO plugin v27.2 - https:\/\/yoast.com\/product\/yoast-seo-wordpress\/ -->\n<title>GO Bus\u00a0Online Booking, Bus Tickets, Fare, Schedule &amp; Route<\/title>\n<meta name=\"description\" content=\"Looking for GO bus online booking Egypt, app, route, fare and schedule? Make a cheap GO bus online bus ticket booking Egypt now and save\" \/>\n<meta name=\"robots\" content=\"index, follow, max-snippet:-1, max-image-preview:large, max-video-preview:-1\" \/>\n<link rel=\"canonical\" href=\"https:\/\/tiketi.com\/fr-fr\/go-bus\/\" \/>\n<meta property=\"og:locale\" content=\"fr_FR\" \/>\n<meta property=\"og:type\" content=\"article\" \/>\n<meta property=\"og:title\" content=\"GO Bus\u00a0Online Booking, Bus Tickets, Fare, Schedule &amp; Route\" \/>\n<meta property=\"og:description\" content=\"Looking for GO bus online booking Egypt, app, route, fare and schedule? Make a cheap GO bus online bus ticket booking Egypt now and save\" \/>\n<meta property=\"og:url\" content=\"https:\/\/tiketi.com\/fr-fr\/go-bus\/\" \/>\n<meta property=\"og:site_name\" content=\"Tiketi.com\" \/>\n<meta property=\"article:publisher\" content=\"https:\/\/www.facebook.com\/TiketiCom\/\" \/>\n<meta property=\"article:modified_time\" content=\"2022-02-14T12:04:52+00:00\" \/>\n<meta property=\"og:image\" content=\"https:\/\/tiketi.com\/wp-content\/uploads\/2022\/01\/bus-ticket-online-booking.jpg\" \/>\n\t<meta property=\"og:image:width\" content=\"1200\" \/>\n\t<meta property=\"og:image:height\" content=\"206\" \/>\n\t<meta property=\"og:image:type\" content=\"image\/jpeg\" \/>\n<meta name=\"twitter:card\" content=\"summary_large_image\" \/>\n<meta name=\"twitter:label1\" content=\"Dur\u00e9e de lecture estim\u00e9e\" \/>\n\t<meta name=\"twitter:data1\" content=\"2 minutes\" \/>\n<script type=\"application\/ld+json\" class=\"yoast-schema-graph\">{\"@context\":\"https:\/\/schema.org\",\"@graph\":[{\"@type\":\"WebPage\",\"@id\":\"https:\/\/tiketi.com\/fr-fr\/go-bus\/\",\"url\":\"https:\/\/tiketi.com\/fr-fr\/go-bus\/\",\"name\":\"GO Bus\u00a0Online Booking, Bus Tickets, Fare, Schedule & Route\",\"isPartOf\":{\"@id\":\"https:\/\/tiketi.com\/#website\"},\"primaryImageOfPage\":{\"@id\":\"https:\/\/tiketi.com\/fr-fr\/go-bus\/#primaryimage\"},\"image\":{\"@id\":\"https:\/\/tiketi.com\/fr-fr\/go-bus\/#primaryimage\"},\"thumbnailUrl\":\"https:\/\/tiketi.com\/wp-content\/uploads\/2022\/01\/bus-ticket-online-booking.jpg\",\"datePublished\":\"2022-01-19T11:54:30+00:00\",\"dateModified\":\"2022-02-14T12:04:52+00:00\",\"description\":\"Looking for GO bus online booking Egypt, app, route, fare and schedule? Make a cheap GO bus online bus ticket booking Egypt now and save\",\"breadcrumb\":{\"@id\":\"https:\/\/tiketi.com\/fr-fr\/go-bus\/#breadcrumb\"},\"inLanguage\":\"fr-FR\",\"potentialAction\":[{\"@type\":\"ReadAction\",\"target\":[\"https:\/\/tiketi.com\/fr-fr\/go-bus\/\"]}]},{\"@type\":\"ImageObject\",\"inLanguage\":\"fr-FR\",\"@id\":\"https:\/\/tiketi.com\/fr-fr\/go-bus\/#primaryimage\",\"url\":\"https:\/\/tiketi.com\/wp-content\/uploads\/2022\/01\/bus-ticket-online-booking.jpg\",\"contentUrl\":\"https:\/\/tiketi.com\/wp-content\/uploads\/2022\/01\/bus-ticket-online-booking.jpg\",\"width\":1200,\"height\":206,\"caption\":\"Online Bus Ticket Booking\"},{\"@type\":\"BreadcrumbList\",\"@id\":\"https:\/\/tiketi.com\/fr-fr\/go-bus\/#breadcrumb\",\"itemListElement\":[{\"@type\":\"ListItem\",\"position\":1,\"name\":\"Home\",\"item\":\"https:\/\/tiketi.com\/\"},{\"@type\":\"ListItem\",\"position\":2,\"name\":\"GO Bus\u00a0Online Booking, Bus Tickets, Fare, Schedule &#038; Route\"}]},{\"@type\":\"WebSite\",\"@id\":\"https:\/\/tiketi.com\/#website\",\"url\":\"https:\/\/tiketi.com\/\",\"name\":\"Flight & Bus Tickets, Tour Packages & Activitites - Tiketi.com\",\"description\":\"Flight &amp; Bus Tickets, Tours, Activitites\",\"publisher\":{\"@id\":\"https:\/\/tiketi.com\/#organization\"},\"potentialAction\":[{\"@type\":\"SearchAction\",\"target\":{\"@type\":\"EntryPoint\",\"urlTemplate\":\"https:\/\/tiketi.com\/?s={search_term_string}\"},\"query-input\":{\"@type\":\"PropertyValueSpecification\",\"valueRequired\":true,\"valueName\":\"search_term_string\"}}],\"inLanguage\":\"fr-FR\"},{\"@type\":\"Organization\",\"@id\":\"https:\/\/tiketi.com\/#organization\",\"name\":\"Tiketi.com\",\"alternateName\":\"Tiketi\",\"url\":\"https:\/\/tiketi.com\/\",\"logo\":{\"@type\":\"ImageObject\",\"inLanguage\":\"fr-FR\",\"@id\":\"https:\/\/tiketi.com\/#\/schema\/logo\/image\/\",\"url\":\"https:\/\/tiketi.com\/wp-content\/uploads\/2019\/05\/tiketi-logo-696.png\",\"contentUrl\":\"https:\/\/tiketi.com\/wp-content\/uploads\/2019\/05\/tiketi-logo-696.png\",\"width\":696,\"height\":696,\"caption\":\"Tiketi.com\"},\"image\":{\"@id\":\"https:\/\/tiketi.com\/#\/schema\/logo\/image\/\"},\"sameAs\":[\"https:\/\/www.facebook.com\/TiketiCom\/\"]}]}<\/script>\n<!-- \/ Yoast SEO plugin. -->","yoast_head_json":{"title":"R\u00e9servation en ligne d&#039;autobus GO, billets d&#039;autobus, tarifs, horaires et itin\u00e9raire","description":"Vous recherchez une r\u00e9servation en ligne de bus GO \u00c9gypte, une application, un itin\u00e9raire, un tarif et un horaire\u00a0? R\u00e9servez d\u00e8s maintenant vos billets de bus en ligne GO bus pas chers en \u00c9gypte et \u00e9conomisez","robots":{"index":"index","follow":"follow","max-snippet":"max-snippet:-1","max-image-preview":"max-image-preview:large","max-video-preview":"max-video-preview:-1"},"canonical":"https:\/\/tiketi.com\/fr-fr\/go-bus\/","og_locale":"fr_FR","og_type":"article","og_title":"GO Bus\u00a0Online Booking, Bus Tickets, Fare, Schedule & Route","og_description":"Looking for GO bus online booking Egypt, app, route, fare and schedule? Make a cheap GO bus online bus ticket booking Egypt now and save","og_url":"https:\/\/tiketi.com\/fr-fr\/go-bus\/","og_site_name":"Tiketi.com","article_publisher":"https:\/\/www.facebook.com\/TiketiCom\/","article_modified_time":"2022-02-14T12:04:52+00:00","og_image":[{"width":1200,"height":206,"url":"https:\/\/tiketi.com\/wp-content\/uploads\/2022\/01\/bus-ticket-online-booking.jpg","type":"image\/jpeg"}],"twitter_card":"summary_large_image","twitter_misc":{"Dur\u00e9e de lecture estim\u00e9e":"2 minutes"},"schema":{"@context":"https:\/\/schema.org","@graph":[{"@type":"WebPage","@id":"https:\/\/tiketi.com\/fr-fr\/go-bus\/","url":"https:\/\/tiketi.com\/fr-fr\/go-bus\/","name":"R\u00e9servation en ligne d&#039;autobus GO, billets d&#039;autobus, tarifs, horaires et itin\u00e9raire","isPartOf":{"@id":"https:\/\/tiketi.com\/#website"},"primaryImageOfPage":{"@id":"https:\/\/tiketi.com\/fr-fr\/go-bus\/#primaryimage"},"image":{"@id":"https:\/\/tiketi.com\/fr-fr\/go-bus\/#primaryimage"},"thumbnailUrl":"https:\/\/tiketi.com\/wp-content\/uploads\/2022\/01\/bus-ticket-online-booking.jpg","datePublished":"2022-01-19T11:54:30+00:00","dateModified":"2022-02-14T12:04:52+00:00","description":"Vous recherchez une r\u00e9servation en ligne de bus GO \u00c9gypte, une application, un itin\u00e9raire, un tarif et un horaire\u00a0? R\u00e9servez d\u00e8s maintenant vos billets de bus en ligne GO bus pas chers en \u00c9gypte et \u00e9conomisez","breadcrumb":{"@id":"https:\/\/tiketi.com\/fr-fr\/go-bus\/#breadcrumb"},"inLanguage":"fr-FR","potentialAction":[{"@type":"ReadAction","target":["https:\/\/tiketi.com\/fr-fr\/go-bus\/"]}]},{"@type":"ImageObject","inLanguage":"fr-FR","@id":"https:\/\/tiketi.com\/fr-fr\/go-bus\/#primaryimage","url":"https:\/\/tiketi.com\/wp-content\/uploads\/2022\/01\/bus-ticket-online-booking.jpg","contentUrl":"https:\/\/tiketi.com\/wp-content\/uploads\/2022\/01\/bus-ticket-online-booking.jpg","width":1200,"height":206,"caption":"Online Bus Ticket Booking"},{"@type":"BreadcrumbList","@id":"https:\/\/tiketi.com\/fr-fr\/go-bus\/#breadcrumb","itemListElement":[{"@type":"ListItem","position":1,"name":"Home","item":"https:\/\/tiketi.com\/"},{"@type":"ListItem","position":2,"name":"GO Bus\u00a0Online Booking, Bus Tickets, Fare, Schedule &#038; Route"}]},{"@type":"WebSite","@id":"https:\/\/tiketi.com\/#website","url":"https:\/\/tiketi.com\/","name":"Billets d&#039;avion et de bus, forfaits touristiques et activit\u00e9s - Tiketi.com","description":"Billets d&#039;avion et de bus, Tours, Activit\u00e9s","publisher":{"@id":"https:\/\/tiketi.com\/#organization"},"potentialAction":[{"@type":"SearchAction","target":{"@type":"EntryPoint","urlTemplate":"https:\/\/tiketi.com\/?s={search_term_string}"},"query-input":{"@type":"PropertyValueSpecification","valueRequired":true,"valueName":"search_term_string"}}],"inLanguage":"fr-FR"},{"@type":"Organization","@id":"https:\/\/tiketi.com\/#organization","name":"Tiketi.com","alternateName":"Tiketi","url":"https:\/\/tiketi.com\/","logo":{"@type":"ImageObject","inLanguage":"fr-FR","@id":"https:\/\/tiketi.com\/#\/schema\/logo\/image\/","url":"https:\/\/tiketi.com\/wp-content\/uploads\/2019\/05\/tiketi-logo-696.png","contentUrl":"https:\/\/tiketi.com\/wp-content\/uploads\/2019\/05\/tiketi-logo-696.png","width":696,"height":696,"caption":"Tiketi.com"},"image":{"@id":"https:\/\/tiketi.com\/#\/schema\/logo\/image\/"},"sameAs":["https:\/\/www.facebook.com\/TiketiCom\/"]}]}},"_links":{"self":[{"href":"https:\/\/tiketi.com\/fr-fr\/wp-json\/wp\/v2\/pages\/11309","targetHints":{"allow":["GET"]}}],"collection":[{"href":"https:\/\/tiketi.com\/fr-fr\/wp-json\/wp\/v2\/pages"}],"about":[{"href":"https:\/\/tiketi.com\/fr-fr\/wp-json\/wp\/v2\/types\/page"}],"author":[{"embeddable":true,"href":"https:\/\/tiketi.com\/fr-fr\/wp-json\/wp\/v2\/users\/1"}],"replies":[{"embeddable":true,"href":"https:\/\/tiketi.com\/fr-fr\/wp-json\/wp\/v2\/comments?post=11309"}],"version-history":[{"count":0,"href":"https:\/\/tiketi.com\/fr-fr\/wp-json\/wp\/v2\/pages\/11309\/revisions"}],"wp:featuredmedia":[{"embeddable":true,"href":"https:\/\/tiketi.com\/fr-fr\/wp-json\/wp\/v2\/media\/13999"}],"wp:attachment":[{"href":"https:\/\/tiketi.com\/fr-fr\/wp-json\/wp\/v2\/media?parent=11309"}],"curies":[{"name":"wp","href":"https:\/\/api.w.org\/{rel}","templated":true}]}}