{"id":11310,"date":"2022-01-19T12:54:30","date_gmt":"2022-01-19T11:54:30","guid":{"rendered":"https:\/\/new.tiketi.com\/oasis-bus-online-booking-bus-tickets-reservation\/"},"modified":"2022-02-17T17:40:17","modified_gmt":"2022-02-17T16:40:17","slug":"oasis-bus","status":"publish","type":"page","link":"https:\/\/tiketi.com\/fr-fr\/oasis-bus\/","title":{"rendered":"R\u00e9servation en ligne Oasis Bus, billets de bus, itin\u00e9raire, horaires et tarifs"},"content":{"rendered":"<h2>R\u00e9servation de billets de bus en ligne Oasis<\/h2>\n<h3>D\u00e9couvrez votre itin\u00e9raire de voyage sur le web, le mobile ou l&#039;application et r\u00e9servez d\u00e8s maintenant des billets de bus Oasis pas chers en ligne.<\/h3>\n<p>La r\u00e9servation en ligne de bus Oasis en toute simplicit\u00e9. L&#039;Oasis est une compagnie de bus bien \u00e9tablie bas\u00e9e \u00e0 Lusaka, en Zambie. Ils desservent des passagers dans 3 pays voisins qui sont la Zambie, la Namibie et le Zimbabwe. Cette entreprise domine bien les grands itin\u00e9raires en Zambie et en Namibie et propose la r\u00e9servation de billets de bus en ligne. Alors faites la r\u00e9servation de billets de bus en ligne Oasis bus maintenant!<\/p>\n<h2>FAQ sur la r\u00e9servation en ligne Oasis Bus<\/h2>\n<h3>Quels sont les c\u00e9l\u00e8bres trajets parcourus par les bus Oasis ?<\/h3>\n<p>\u2022 Windhoek \u00e0 Livingstone<br \/>\n\u2022 Windhoek \u00e0 Lusaka<br \/>\n\u2022 Windhoek \u00e0 Katima Muliro<br \/>\n\u2022 Lusaka \u00e0 Livingstone<br \/>\n\u2022 Lusaka \u00e0 Mongu<br \/>\n\u2022 Lusaka \u00e0 Sesheke<br \/>\n\u2022 Lusaka \u00e0 Bulawayo<\/p>\n<h3>Horaires des bus OASIS 2020<\/h3>\n<p>La ligne de bus OASIS est en service les Dimanche, Lundi, Mardi, Mercredi, Jeudi. Horaires r\u00e9guliers : 00h05 \u2013 23h45<\/p>\n<p>Heures d&#039;ouverture de jour<\/p>\n<p>Dimanche 00h05 \u2013 23h45<br \/>\nLundi 00h05 \u2013 23h45<br \/>\nMardi 00h05 \u2013 23h45<br \/>\nMercredi 00h05 \u2013 23h45<br \/>\nJeudi 00h05 \u2013 23h45<br \/>\nVendredi non op\u00e9rationnel<br \/>\nSamedi non op\u00e9rationnel<\/p>\n<h3>Flotte Oasis<\/h3>\n<p>Ils ont beaucoup investi dans les mod\u00e8les de bus Scania, ils ont construit Scania MCV en Afrique du Sud et ils ont aussi Scania Touring ainsi que Scania Marcopolo. Leur flotte est bien entretenue et moderne et bien entretenue avec des configurations de si\u00e8ges deux par deux ainsi que des configurations de si\u00e8ges deux par trois.<\/p>\n<p>Pendant que vous voyagez avec l&#039;Oasis, vous profiterez de divertissements \u00e0 bord comme le syst\u00e8me de musique, les services de t\u00e9l\u00e9vision et bien d&#039;autres. Leurs bus sont \u00e9quip\u00e9s de services de climatisation et de si\u00e8ges inclinables pour que vous puissiez profiter de votre voyage.<\/p>\n<h3>Services de la compagnie de bus Oasis<\/h3>\n<p>Ils exploitent une flotte de luxe et semi pour desservir les passagers en Zambie, en Namibie et au Zimbabwe. Sur ces 3 pays, ils jouent des itin\u00e9raires locaux et transfrontaliers pour vous assurer une d\u00e9tente tout au long du trajet.<br \/>\nLeurs bus sont \u00e9galement accessibles en location priv\u00e9e pour le tourisme, les \u00e9v\u00e9nements uniques, les visites de groupe et tout autre voyage que vous souhaitez effectuer.<\/p>\n<h3>Y a-t-il du WiFi dans les bus Oasis ?<\/h3>\n<p>Non, il n&#039;y a pas de Wifi sur Oasis. Pas d&#039;h\u00e9sitation, vous pouvez utiliser votre temps dans le bus pour rattraper le sommeil dont vous avez tant besoin.<\/p>\n<h3>Quelles sont les coordonn\u00e9es de r\u00e9servation en ligne des bus Oasis des bus Oasis ?<\/h3>\n<p>Voyages et circuits Oasis<\/p>\n<p>Lusaka, Zambie<\/p>\n<h2>Conseils de r\u00e9servation de billets de bus en ligne Oasis<\/h2>\n<p>Il a \u00e9t\u00e9 confirm\u00e9 que le propri\u00e9taire de cette compagnie de bus est un homme d&#039;affaires zambien qui vivait en Zambie. C&#039;est la raison pour laquelle l&#039;entreprise joue de grandes routes dans ces deux nations.<\/p>","protected":false},"excerpt":{"rendered":"<p>Oasis Online Bus Ticket Booking Discover your travel route on web, mobile or app and book cheap Oasis bus tickets online now. Oasis bus\u00a0online booking made easy.\u00a0The Oasis is a well established bus company based in Lusaka, Zambia. They are serving passengers in 3 neighbouring countries which are Zambia, Namibia, and Zimbabwe. This firm is [&hellip;]<\/p>\n","protected":false},"author":1,"featured_media":13999,"parent":0,"menu_order":0,"comment_status":"open","ping_status":"closed","template":"template-home-modern.php","meta":{"footnotes":""},"class_list":["post-11310","page","type-page","status-publish","has-post-thumbnail","hentry"],"yoast_head":"<!-- This site is optimized with the Yoast SEO plugin v27.4 - https:\/\/yoast.com\/product\/yoast-seo-wordpress\/ -->\n<title>Oasis Bus Online Booking, Bus Tickets, Route, Schedule &amp; Fare<\/title>\n<meta name=\"description\" content=\"Looking for Oasis Bus online booking, app, route, fare and schedule? Make cheap Oasis online bus ticket booking now and save money and time\" \/>\n<meta name=\"robots\" content=\"index, follow, max-snippet:-1, max-image-preview:large, max-video-preview:-1\" \/>\n<link rel=\"canonical\" href=\"https:\/\/tiketi.com\/fr-fr\/oasis-bus\/\" \/>\n<meta property=\"og:locale\" content=\"fr_FR\" \/>\n<meta property=\"og:type\" content=\"article\" \/>\n<meta property=\"og:title\" content=\"Oasis Bus Online Booking, Bus Tickets, Route, Schedule &amp; Fare\" \/>\n<meta property=\"og:description\" content=\"Looking for Oasis Bus online booking, app, route, fare and schedule? Make cheap Oasis online bus ticket booking now and save money and time\" \/>\n<meta property=\"og:url\" content=\"https:\/\/tiketi.com\/fr-fr\/oasis-bus\/\" \/>\n<meta property=\"og:site_name\" content=\"Tiketi.com\" \/>\n<meta property=\"article:publisher\" content=\"https:\/\/www.facebook.com\/TiketiCom\/\" \/>\n<meta property=\"article:modified_time\" content=\"2022-02-17T16:40:17+00:00\" \/>\n<meta property=\"og:image\" content=\"https:\/\/tiketi.com\/wp-content\/uploads\/2022\/01\/bus-ticket-online-booking.jpg\" \/>\n\t<meta property=\"og:image:width\" content=\"1200\" \/>\n\t<meta property=\"og:image:height\" content=\"206\" \/>\n\t<meta property=\"og:image:type\" content=\"image\/jpeg\" \/>\n<meta name=\"twitter:card\" content=\"summary_large_image\" \/>\n<meta name=\"twitter:label1\" content=\"Dur\u00e9e de lecture estim\u00e9e\" \/>\n\t<meta name=\"twitter:data1\" content=\"2 minutes\" \/>\n<script type=\"application\/ld+json\" class=\"yoast-schema-graph\">{\"@context\":\"https:\\\/\\\/schema.org\",\"@graph\":[{\"@type\":\"WebPage\",\"@id\":\"https:\\\/\\\/tiketi.com\\\/oasis-bus\\\/\",\"url\":\"https:\\\/\\\/tiketi.com\\\/oasis-bus\\\/\",\"name\":\"Oasis Bus Online Booking, Bus Tickets, Route, Schedule & Fare\",\"isPartOf\":{\"@id\":\"https:\\\/\\\/tiketi.com\\\/#website\"},\"primaryImageOfPage\":{\"@id\":\"https:\\\/\\\/tiketi.com\\\/oasis-bus\\\/#primaryimage\"},\"image\":{\"@id\":\"https:\\\/\\\/tiketi.com\\\/oasis-bus\\\/#primaryimage\"},\"thumbnailUrl\":\"https:\\\/\\\/tiketi.com\\\/wp-content\\\/uploads\\\/2022\\\/01\\\/bus-ticket-online-booking.jpg\",\"datePublished\":\"2022-01-19T11:54:30+00:00\",\"dateModified\":\"2022-02-17T16:40:17+00:00\",\"description\":\"Looking for Oasis Bus online booking, app, route, fare and schedule? Make cheap Oasis online bus ticket booking now and save money and time\",\"breadcrumb\":{\"@id\":\"https:\\\/\\\/tiketi.com\\\/oasis-bus\\\/#breadcrumb\"},\"inLanguage\":\"fr-FR\",\"potentialAction\":[{\"@type\":\"ReadAction\",\"target\":[\"https:\\\/\\\/tiketi.com\\\/oasis-bus\\\/\"]}]},{\"@type\":\"ImageObject\",\"inLanguage\":\"fr-FR\",\"@id\":\"https:\\\/\\\/tiketi.com\\\/oasis-bus\\\/#primaryimage\",\"url\":\"https:\\\/\\\/tiketi.com\\\/wp-content\\\/uploads\\\/2022\\\/01\\\/bus-ticket-online-booking.jpg\",\"contentUrl\":\"https:\\\/\\\/tiketi.com\\\/wp-content\\\/uploads\\\/2022\\\/01\\\/bus-ticket-online-booking.jpg\",\"width\":1200,\"height\":206,\"caption\":\"Online Bus Ticket Booking\"},{\"@type\":\"BreadcrumbList\",\"@id\":\"https:\\\/\\\/tiketi.com\\\/oasis-bus\\\/#breadcrumb\",\"itemListElement\":[{\"@type\":\"ListItem\",\"position\":1,\"name\":\"Home\",\"item\":\"https:\\\/\\\/tiketi.com\\\/\"},{\"@type\":\"ListItem\",\"position\":2,\"name\":\"Oasis Bus Online Booking, Bus Tickets, Route, Schedule &#038; Fare\"}]},{\"@type\":\"WebSite\",\"@id\":\"https:\\\/\\\/tiketi.com\\\/#website\",\"url\":\"https:\\\/\\\/tiketi.com\\\/\",\"name\":\"Flight & Bus Tickets, Tour Packages & Activitites - Tiketi.com\",\"description\":\"Flight &amp; Bus Tickets, Tours, Activitites\",\"publisher\":{\"@id\":\"https:\\\/\\\/tiketi.com\\\/#organization\"},\"potentialAction\":[{\"@type\":\"SearchAction\",\"target\":{\"@type\":\"EntryPoint\",\"urlTemplate\":\"https:\\\/\\\/tiketi.com\\\/?s={search_term_string}\"},\"query-input\":{\"@type\":\"PropertyValueSpecification\",\"valueRequired\":true,\"valueName\":\"search_term_string\"}}],\"inLanguage\":\"fr-FR\"},{\"@type\":\"Organization\",\"@id\":\"https:\\\/\\\/tiketi.com\\\/#organization\",\"name\":\"Tiketi.com\",\"alternateName\":\"Tiketi\",\"url\":\"https:\\\/\\\/tiketi.com\\\/\",\"logo\":{\"@type\":\"ImageObject\",\"inLanguage\":\"fr-FR\",\"@id\":\"https:\\\/\\\/tiketi.com\\\/#\\\/schema\\\/logo\\\/image\\\/\",\"url\":\"https:\\\/\\\/tiketi.com\\\/wp-content\\\/uploads\\\/2019\\\/05\\\/tiketi-logo-696.png\",\"contentUrl\":\"https:\\\/\\\/tiketi.com\\\/wp-content\\\/uploads\\\/2019\\\/05\\\/tiketi-logo-696.png\",\"width\":696,\"height\":696,\"caption\":\"Tiketi.com\"},\"image\":{\"@id\":\"https:\\\/\\\/tiketi.com\\\/#\\\/schema\\\/logo\\\/image\\\/\"},\"sameAs\":[\"https:\\\/\\\/www.facebook.com\\\/TiketiCom\\\/\"]}]}<\/script>\n<!-- \/ Yoast SEO plugin. -->","yoast_head_json":{"title":"R\u00e9servation en ligne Oasis Bus, billets de bus, itin\u00e9raire, horaires et tarifs","description":"Vous recherchez une r\u00e9servation en ligne Oasis Bus, une application, un itin\u00e9raire, un tarif et un horaire? R\u00e9servez d\u00e8s maintenant vos billets de bus en ligne Oasis \u00e0 bas prix et \u00e9conomisez du temps et de l&#039;argent","robots":{"index":"index","follow":"follow","max-snippet":"max-snippet:-1","max-image-preview":"max-image-preview:large","max-video-preview":"max-video-preview:-1"},"canonical":"https:\/\/tiketi.com\/fr-fr\/oasis-bus\/","og_locale":"fr_FR","og_type":"article","og_title":"Oasis Bus Online Booking, Bus Tickets, Route, Schedule & Fare","og_description":"Looking for Oasis Bus online booking, app, route, fare and schedule? Make cheap Oasis online bus ticket booking now and save money and time","og_url":"https:\/\/tiketi.com\/fr-fr\/oasis-bus\/","og_site_name":"Tiketi.com","article_publisher":"https:\/\/www.facebook.com\/TiketiCom\/","article_modified_time":"2022-02-17T16:40:17+00:00","og_image":[{"width":1200,"height":206,"url":"https:\/\/tiketi.com\/wp-content\/uploads\/2022\/01\/bus-ticket-online-booking.jpg","type":"image\/jpeg"}],"twitter_card":"summary_large_image","twitter_misc":{"Dur\u00e9e de lecture estim\u00e9e":"2 minutes"},"schema":{"@context":"https:\/\/schema.org","@graph":[{"@type":"WebPage","@id":"https:\/\/tiketi.com\/oasis-bus\/","url":"https:\/\/tiketi.com\/oasis-bus\/","name":"R\u00e9servation en ligne Oasis Bus, billets de bus, itin\u00e9raire, horaires et tarifs","isPartOf":{"@id":"https:\/\/tiketi.com\/#website"},"primaryImageOfPage":{"@id":"https:\/\/tiketi.com\/oasis-bus\/#primaryimage"},"image":{"@id":"https:\/\/tiketi.com\/oasis-bus\/#primaryimage"},"thumbnailUrl":"https:\/\/tiketi.com\/wp-content\/uploads\/2022\/01\/bus-ticket-online-booking.jpg","datePublished":"2022-01-19T11:54:30+00:00","dateModified":"2022-02-17T16:40:17+00:00","description":"Vous recherchez une r\u00e9servation en ligne Oasis Bus, une application, un itin\u00e9raire, un tarif et un horaire? R\u00e9servez d\u00e8s maintenant vos billets de bus en ligne Oasis \u00e0 bas prix et \u00e9conomisez du temps et de l&#039;argent","breadcrumb":{"@id":"https:\/\/tiketi.com\/oasis-bus\/#breadcrumb"},"inLanguage":"fr-FR","potentialAction":[{"@type":"ReadAction","target":["https:\/\/tiketi.com\/oasis-bus\/"]}]},{"@type":"ImageObject","inLanguage":"fr-FR","@id":"https:\/\/tiketi.com\/oasis-bus\/#primaryimage","url":"https:\/\/tiketi.com\/wp-content\/uploads\/2022\/01\/bus-ticket-online-booking.jpg","contentUrl":"https:\/\/tiketi.com\/wp-content\/uploads\/2022\/01\/bus-ticket-online-booking.jpg","width":1200,"height":206,"caption":"Online Bus Ticket Booking"},{"@type":"BreadcrumbList","@id":"https:\/\/tiketi.com\/oasis-bus\/#breadcrumb","itemListElement":[{"@type":"ListItem","position":1,"name":"Home","item":"https:\/\/tiketi.com\/"},{"@type":"ListItem","position":2,"name":"Oasis Bus Online Booking, Bus Tickets, Route, Schedule &#038; Fare"}]},{"@type":"WebSite","@id":"https:\/\/tiketi.com\/#website","url":"https:\/\/tiketi.com\/","name":"Billets d&#039;avion et de bus, forfaits touristiques et activit\u00e9s - Tiketi.com","description":"Billets d&#039;avion et de bus, Tours, Activit\u00e9s","publisher":{"@id":"https:\/\/tiketi.com\/#organization"},"potentialAction":[{"@type":"SearchAction","target":{"@type":"EntryPoint","urlTemplate":"https:\/\/tiketi.com\/?s={search_term_string}"},"query-input":{"@type":"PropertyValueSpecification","valueRequired":true,"valueName":"search_term_string"}}],"inLanguage":"fr-FR"},{"@type":"Organization","@id":"https:\/\/tiketi.com\/#organization","name":"Tiketi.com","alternateName":"Tiketi","url":"https:\/\/tiketi.com\/","logo":{"@type":"ImageObject","inLanguage":"fr-FR","@id":"https:\/\/tiketi.com\/#\/schema\/logo\/image\/","url":"https:\/\/tiketi.com\/wp-content\/uploads\/2019\/05\/tiketi-logo-696.png","contentUrl":"https:\/\/tiketi.com\/wp-content\/uploads\/2019\/05\/tiketi-logo-696.png","width":696,"height":696,"caption":"Tiketi.com"},"image":{"@id":"https:\/\/tiketi.com\/#\/schema\/logo\/image\/"},"sameAs":["https:\/\/www.facebook.com\/TiketiCom\/"]}]}},"_links":{"self":[{"href":"https:\/\/tiketi.com\/fr-fr\/wp-json\/wp\/v2\/pages\/11310","targetHints":{"allow":["GET"]}}],"collection":[{"href":"https:\/\/tiketi.com\/fr-fr\/wp-json\/wp\/v2\/pages"}],"about":[{"href":"https:\/\/tiketi.com\/fr-fr\/wp-json\/wp\/v2\/types\/page"}],"author":[{"embeddable":true,"href":"https:\/\/tiketi.com\/fr-fr\/wp-json\/wp\/v2\/users\/1"}],"replies":[{"embeddable":true,"href":"https:\/\/tiketi.com\/fr-fr\/wp-json\/wp\/v2\/comments?post=11310"}],"version-history":[{"count":0,"href":"https:\/\/tiketi.com\/fr-fr\/wp-json\/wp\/v2\/pages\/11310\/revisions"}],"wp:featuredmedia":[{"embeddable":true,"href":"https:\/\/tiketi.com\/fr-fr\/wp-json\/wp\/v2\/media\/13999"}],"wp:attachment":[{"href":"https:\/\/tiketi.com\/fr-fr\/wp-json\/wp\/v2\/media?parent=11310"}],"curies":[{"name":"wp","href":"https:\/\/api.w.org\/{rel}","templated":true}]}}