{"id":11311,"date":"2022-01-19T12:54:30","date_gmt":"2022-01-19T11:54:30","guid":{"rendered":"https:\/\/new.tiketi.com\/seabelo-express-online-booking-bus-tickets-reservation\/"},"modified":"2022-02-21T13:16:04","modified_gmt":"2022-02-21T12:16:04","slug":"seabelo-express-bus","status":"publish","type":"page","link":"https:\/\/tiketi.com\/fr-fr\/seabelo-express-bus\/","title":{"rendered":"R\u00e9servation en ligne Seabelo Express, billets de bus, itin\u00e9raire et tarifs"},"content":{"rendered":"<h2>R\u00e9servation de billets de bus Seabelo Express en ligne<\/h2>\n<h3>D\u00e9couvrez votre itin\u00e9raire de voyage sur le Web, sur mobile ou sur une application et r\u00e9servez d\u00e8s maintenant des billets de bus Seabelo Express \u00e0 bas prix en ligne.<\/h3>\n<p>La r\u00e9servation en ligne Seabelo Express simplifi\u00e9e. Seabelo Carrys et Sebalo Express sont des soci\u00e9t\u00e9s s\u0153urs dont les principaux objectifs sont respectivement le transport de passagers et le transport de marchandises. L&#039;histoire de l&#039;organisation s&#039;\u00e9tend sur plus de 19 ans. Les deux soci\u00e9t\u00e9s qui portent le nom du deuxi\u00e8me pr\u00e9nom de leur propri\u00e9taire, Seabelo, sont devenues synonymes de succ\u00e8s au Botswana. La compagnie de bus t\u00e9moigne du travail acharn\u00e9 et de l&#039;autodiscipline de la part de l&#039;entrepreneur, propri\u00e9taire et fondateur, M. Kenneth Seabelo Tihaselo. Alors, r\u00e9servez d\u00e8s maintenant vos billets de bus en ligne Seabelo Express !<\/p>\n<h2>R\u00e9servation en ligne Seabelo Express, billets de bus, itin\u00e9raire, horaires et tarifs<\/h2>\n<h2>FAQ<\/h2>\n<h3>Quels sont les itin\u00e9raires c\u00e9l\u00e8bres parcourus par les bus Seabelo Express ?<\/h3>\n<p>\u2022 Gaborone \u2013 Lobats\u00e9<br \/>\n\u2022 Gaborone-Francistown<br \/>\n\u2022 Gaborone \u2013 Lamotswa<br \/>\n\u2022 Gaborone-Ghanzi<br \/>\n\u2022 Franciston Maun<br \/>\n\u2022 Gaborone-Bulawayo<br \/>\n\u2022 Gaborone \u2013 Serowe<br \/>\n\u2022 Gaborone \u2013 Selebi Phikwe<\/p>\n<h3>Quelles sont les coordonn\u00e9es des bus Seabelo Express ?<\/h3>\n<p>SEABELO&#039;S EXPRESS (PTY) LTD<\/p>\n<p>Terrain 17998 Seabelo Hse, Kamushongo Rd, Gaborone West I\/Est, Gaborone, Botswana<br \/>\nPO Box 1837, Gaborone, Botswana<\/p>\n<h2>Conseils pour la r\u00e9servation de billets de bus en ligne Seabelo Express<\/h2>\n<p>Seabelo Express propose aux voyageurs des tarifs inclus. les passagers qui ont l&#039;intention de voyager en Afrique du Sud peuvent acheter des billets de bus au bureau de r\u00e9servation Seabelo situ\u00e9 \u00e0 l&#039;ouest de Gaborone. Seabelo Express ne propose actuellement pas de route vers Johannesburg ou ailleurs de l&#039;autre c\u00f4t\u00e9 de la fronti\u00e8re, mais les visiteurs peuvent pr\u00e9-acheter leurs billets au Botswana. Seabelo Express collabore avec Greyhound, un important fournisseur de transport en Afrique du Sud, qui propose des services vers plus d&#039;une centaine de destinations \u00e0 travers le pays.<\/p>\n<p>Seabelo Express a \u00e9t\u00e9 constitu\u00e9e en juin 1987 et depuis sa cr\u00e9ation, elle a connu une croissance substantielle en termes de routes, d&#039;actifs et d&#039;employ\u00e9s. \u00c0 la fin de l&#039;ann\u00e9e 2009, l&#039;entreprise comptait environ 180 travailleurs permanents et une flotte de vingt-huit bus.<\/p>","protected":false},"excerpt":{"rendered":"<p>Seabelo Express Online Bus Ticket Booking Discover your travel route on web, mobile or app and book cheap Seabelo Express bus tickets online now. Seabelo Express\u00a0online booking made easy.\u00a0Seabelo carries and Sebalo Express are sister firms whose key objective are passenger carriage and freight carriage respectively. The organisation history spans over 19 years. The two [&hellip;]<\/p>\n","protected":false},"author":1,"featured_media":13999,"parent":0,"menu_order":0,"comment_status":"open","ping_status":"closed","template":"template-home-modern.php","meta":{"footnotes":""},"class_list":["post-11311","page","type-page","status-publish","has-post-thumbnail","hentry"],"yoast_head":"<!-- This site is optimized with the Yoast SEO plugin v27.3 - https:\/\/yoast.com\/product\/yoast-seo-wordpress\/ -->\n<title>Seabelo Express Online Booking, Bus Tickets, Route, Schedule &amp; Fare<\/title>\n<meta name=\"description\" content=\"Looking for Seabelo Express online booking, app, contacts, bus routes, fare and schedule? Make a cheap Seabelo Express online bus ticket booking online\" \/>\n<meta name=\"robots\" content=\"index, follow, max-snippet:-1, max-image-preview:large, max-video-preview:-1\" \/>\n<link rel=\"canonical\" href=\"https:\/\/tiketi.com\/fr-fr\/seabelo-express-bus\/\" \/>\n<meta property=\"og:locale\" content=\"fr_FR\" \/>\n<meta property=\"og:type\" content=\"article\" \/>\n<meta property=\"og:title\" content=\"Seabelo Express Online Booking, Bus Tickets, Route, Schedule &amp; Fare\" \/>\n<meta property=\"og:description\" content=\"Looking for Seabelo Express online booking, app, contacts, bus routes, fare and schedule? Make a cheap Seabelo Express online bus ticket booking online\" \/>\n<meta property=\"og:url\" content=\"https:\/\/tiketi.com\/fr-fr\/seabelo-express-bus\/\" \/>\n<meta property=\"og:site_name\" content=\"Tiketi.com\" \/>\n<meta property=\"article:publisher\" content=\"https:\/\/www.facebook.com\/TiketiCom\/\" \/>\n<meta property=\"article:modified_time\" content=\"2022-02-21T12:16:04+00:00\" \/>\n<meta property=\"og:image\" content=\"https:\/\/tiketi.com\/wp-content\/uploads\/2022\/01\/bus-ticket-online-booking.jpg\" \/>\n\t<meta property=\"og:image:width\" content=\"1200\" \/>\n\t<meta property=\"og:image:height\" content=\"206\" \/>\n\t<meta property=\"og:image:type\" content=\"image\/jpeg\" \/>\n<meta name=\"twitter:card\" content=\"summary_large_image\" \/>\n<meta name=\"twitter:label1\" content=\"Dur\u00e9e de lecture estim\u00e9e\" \/>\n\t<meta name=\"twitter:data1\" content=\"2 minutes\" \/>\n<script type=\"application\/ld+json\" class=\"yoast-schema-graph\">{\"@context\":\"https:\\\/\\\/schema.org\",\"@graph\":[{\"@type\":\"WebPage\",\"@id\":\"https:\\\/\\\/tiketi.com\\\/seabelo-express-bus\\\/\",\"url\":\"https:\\\/\\\/tiketi.com\\\/seabelo-express-bus\\\/\",\"name\":\"Seabelo Express Online Booking, Bus Tickets, Route, Schedule & Fare\",\"isPartOf\":{\"@id\":\"https:\\\/\\\/tiketi.com\\\/#website\"},\"primaryImageOfPage\":{\"@id\":\"https:\\\/\\\/tiketi.com\\\/seabelo-express-bus\\\/#primaryimage\"},\"image\":{\"@id\":\"https:\\\/\\\/tiketi.com\\\/seabelo-express-bus\\\/#primaryimage\"},\"thumbnailUrl\":\"https:\\\/\\\/tiketi.com\\\/wp-content\\\/uploads\\\/2022\\\/01\\\/bus-ticket-online-booking.jpg\",\"datePublished\":\"2022-01-19T11:54:30+00:00\",\"dateModified\":\"2022-02-21T12:16:04+00:00\",\"description\":\"Looking for Seabelo Express online booking, app, contacts, bus routes, fare and schedule? Make a cheap Seabelo Express online bus ticket booking online\",\"breadcrumb\":{\"@id\":\"https:\\\/\\\/tiketi.com\\\/seabelo-express-bus\\\/#breadcrumb\"},\"inLanguage\":\"fr-FR\",\"potentialAction\":[{\"@type\":\"ReadAction\",\"target\":[\"https:\\\/\\\/tiketi.com\\\/seabelo-express-bus\\\/\"]}]},{\"@type\":\"ImageObject\",\"inLanguage\":\"fr-FR\",\"@id\":\"https:\\\/\\\/tiketi.com\\\/seabelo-express-bus\\\/#primaryimage\",\"url\":\"https:\\\/\\\/tiketi.com\\\/wp-content\\\/uploads\\\/2022\\\/01\\\/bus-ticket-online-booking.jpg\",\"contentUrl\":\"https:\\\/\\\/tiketi.com\\\/wp-content\\\/uploads\\\/2022\\\/01\\\/bus-ticket-online-booking.jpg\",\"width\":1200,\"height\":206,\"caption\":\"Online Bus Ticket Booking\"},{\"@type\":\"BreadcrumbList\",\"@id\":\"https:\\\/\\\/tiketi.com\\\/seabelo-express-bus\\\/#breadcrumb\",\"itemListElement\":[{\"@type\":\"ListItem\",\"position\":1,\"name\":\"Home\",\"item\":\"https:\\\/\\\/tiketi.com\\\/\"},{\"@type\":\"ListItem\",\"position\":2,\"name\":\"Seabelo Express Online Booking, Bus Tickets, Route &#038; Fare\"}]},{\"@type\":\"WebSite\",\"@id\":\"https:\\\/\\\/tiketi.com\\\/#website\",\"url\":\"https:\\\/\\\/tiketi.com\\\/\",\"name\":\"Flight & Bus Tickets, Tour Packages & Activitites - Tiketi.com\",\"description\":\"Flight &amp; Bus Tickets, Tours, Activitites\",\"publisher\":{\"@id\":\"https:\\\/\\\/tiketi.com\\\/#organization\"},\"potentialAction\":[{\"@type\":\"SearchAction\",\"target\":{\"@type\":\"EntryPoint\",\"urlTemplate\":\"https:\\\/\\\/tiketi.com\\\/?s={search_term_string}\"},\"query-input\":{\"@type\":\"PropertyValueSpecification\",\"valueRequired\":true,\"valueName\":\"search_term_string\"}}],\"inLanguage\":\"fr-FR\"},{\"@type\":\"Organization\",\"@id\":\"https:\\\/\\\/tiketi.com\\\/#organization\",\"name\":\"Tiketi.com\",\"alternateName\":\"Tiketi\",\"url\":\"https:\\\/\\\/tiketi.com\\\/\",\"logo\":{\"@type\":\"ImageObject\",\"inLanguage\":\"fr-FR\",\"@id\":\"https:\\\/\\\/tiketi.com\\\/#\\\/schema\\\/logo\\\/image\\\/\",\"url\":\"https:\\\/\\\/tiketi.com\\\/wp-content\\\/uploads\\\/2019\\\/05\\\/tiketi-logo-696.png\",\"contentUrl\":\"https:\\\/\\\/tiketi.com\\\/wp-content\\\/uploads\\\/2019\\\/05\\\/tiketi-logo-696.png\",\"width\":696,\"height\":696,\"caption\":\"Tiketi.com\"},\"image\":{\"@id\":\"https:\\\/\\\/tiketi.com\\\/#\\\/schema\\\/logo\\\/image\\\/\"},\"sameAs\":[\"https:\\\/\\\/www.facebook.com\\\/TiketiCom\\\/\"]}]}<\/script>\n<!-- \/ Yoast SEO plugin. -->","yoast_head_json":{"title":"R\u00e9servation en ligne Seabelo Express, billets de bus, itin\u00e9raire, horaires et tarifs","description":"Vous recherchez une r\u00e9servation en ligne Seabelo Express, une application, des contacts, des itin\u00e9raires de bus, des tarifs et des horaires\u00a0? R\u00e9server en ligne un billet de bus Seabelo Express pas cher","robots":{"index":"index","follow":"follow","max-snippet":"max-snippet:-1","max-image-preview":"max-image-preview:large","max-video-preview":"max-video-preview:-1"},"canonical":"https:\/\/tiketi.com\/fr-fr\/seabelo-express-bus\/","og_locale":"fr_FR","og_type":"article","og_title":"Seabelo Express Online Booking, Bus Tickets, Route, Schedule & Fare","og_description":"Looking for Seabelo Express online booking, app, contacts, bus routes, fare and schedule? Make a cheap Seabelo Express online bus ticket booking online","og_url":"https:\/\/tiketi.com\/fr-fr\/seabelo-express-bus\/","og_site_name":"Tiketi.com","article_publisher":"https:\/\/www.facebook.com\/TiketiCom\/","article_modified_time":"2022-02-21T12:16:04+00:00","og_image":[{"width":1200,"height":206,"url":"https:\/\/tiketi.com\/wp-content\/uploads\/2022\/01\/bus-ticket-online-booking.jpg","type":"image\/jpeg"}],"twitter_card":"summary_large_image","twitter_misc":{"Dur\u00e9e de lecture estim\u00e9e":"2 minutes"},"schema":{"@context":"https:\/\/schema.org","@graph":[{"@type":"WebPage","@id":"https:\/\/tiketi.com\/seabelo-express-bus\/","url":"https:\/\/tiketi.com\/seabelo-express-bus\/","name":"R\u00e9servation en ligne Seabelo Express, billets de bus, itin\u00e9raire, horaires et tarifs","isPartOf":{"@id":"https:\/\/tiketi.com\/#website"},"primaryImageOfPage":{"@id":"https:\/\/tiketi.com\/seabelo-express-bus\/#primaryimage"},"image":{"@id":"https:\/\/tiketi.com\/seabelo-express-bus\/#primaryimage"},"thumbnailUrl":"https:\/\/tiketi.com\/wp-content\/uploads\/2022\/01\/bus-ticket-online-booking.jpg","datePublished":"2022-01-19T11:54:30+00:00","dateModified":"2022-02-21T12:16:04+00:00","description":"Vous recherchez une r\u00e9servation en ligne Seabelo Express, une application, des contacts, des itin\u00e9raires de bus, des tarifs et des horaires\u00a0? R\u00e9server en ligne un billet de bus Seabelo Express pas cher","breadcrumb":{"@id":"https:\/\/tiketi.com\/seabelo-express-bus\/#breadcrumb"},"inLanguage":"fr-FR","potentialAction":[{"@type":"ReadAction","target":["https:\/\/tiketi.com\/seabelo-express-bus\/"]}]},{"@type":"ImageObject","inLanguage":"fr-FR","@id":"https:\/\/tiketi.com\/seabelo-express-bus\/#primaryimage","url":"https:\/\/tiketi.com\/wp-content\/uploads\/2022\/01\/bus-ticket-online-booking.jpg","contentUrl":"https:\/\/tiketi.com\/wp-content\/uploads\/2022\/01\/bus-ticket-online-booking.jpg","width":1200,"height":206,"caption":"Online Bus Ticket Booking"},{"@type":"BreadcrumbList","@id":"https:\/\/tiketi.com\/seabelo-express-bus\/#breadcrumb","itemListElement":[{"@type":"ListItem","position":1,"name":"Home","item":"https:\/\/tiketi.com\/"},{"@type":"ListItem","position":2,"name":"Seabelo Express Online Booking, Bus Tickets, Route &#038; Fare"}]},{"@type":"WebSite","@id":"https:\/\/tiketi.com\/#website","url":"https:\/\/tiketi.com\/","name":"Billets d&#039;avion et de bus, forfaits touristiques et activit\u00e9s - Tiketi.com","description":"Billets d&#039;avion et de bus, Tours, Activit\u00e9s","publisher":{"@id":"https:\/\/tiketi.com\/#organization"},"potentialAction":[{"@type":"SearchAction","target":{"@type":"EntryPoint","urlTemplate":"https:\/\/tiketi.com\/?s={search_term_string}"},"query-input":{"@type":"PropertyValueSpecification","valueRequired":true,"valueName":"search_term_string"}}],"inLanguage":"fr-FR"},{"@type":"Organization","@id":"https:\/\/tiketi.com\/#organization","name":"Tiketi.com","alternateName":"Tiketi","url":"https:\/\/tiketi.com\/","logo":{"@type":"ImageObject","inLanguage":"fr-FR","@id":"https:\/\/tiketi.com\/#\/schema\/logo\/image\/","url":"https:\/\/tiketi.com\/wp-content\/uploads\/2019\/05\/tiketi-logo-696.png","contentUrl":"https:\/\/tiketi.com\/wp-content\/uploads\/2019\/05\/tiketi-logo-696.png","width":696,"height":696,"caption":"Tiketi.com"},"image":{"@id":"https:\/\/tiketi.com\/#\/schema\/logo\/image\/"},"sameAs":["https:\/\/www.facebook.com\/TiketiCom\/"]}]}},"_links":{"self":[{"href":"https:\/\/tiketi.com\/fr-fr\/wp-json\/wp\/v2\/pages\/11311","targetHints":{"allow":["GET"]}}],"collection":[{"href":"https:\/\/tiketi.com\/fr-fr\/wp-json\/wp\/v2\/pages"}],"about":[{"href":"https:\/\/tiketi.com\/fr-fr\/wp-json\/wp\/v2\/types\/page"}],"author":[{"embeddable":true,"href":"https:\/\/tiketi.com\/fr-fr\/wp-json\/wp\/v2\/users\/1"}],"replies":[{"embeddable":true,"href":"https:\/\/tiketi.com\/fr-fr\/wp-json\/wp\/v2\/comments?post=11311"}],"version-history":[{"count":0,"href":"https:\/\/tiketi.com\/fr-fr\/wp-json\/wp\/v2\/pages\/11311\/revisions"}],"wp:featuredmedia":[{"embeddable":true,"href":"https:\/\/tiketi.com\/fr-fr\/wp-json\/wp\/v2\/media\/13999"}],"wp:attachment":[{"href":"https:\/\/tiketi.com\/fr-fr\/wp-json\/wp\/v2\/media?parent=11311"}],"curies":[{"name":"wp","href":"https:\/\/api.w.org\/{rel}","templated":true}]}}