{"id":11312,"date":"2022-01-19T12:54:30","date_gmt":"2022-01-19T11:54:30","guid":{"rendered":"https:\/\/new.tiketi.com\/t-motsatsi-online-booking-bus-tickets-reservation\/"},"modified":"2022-02-22T09:46:23","modified_gmt":"2022-02-22T08:46:23","slug":"t-motsatsi-bus","status":"publish","type":"page","link":"https:\/\/tiketi.com\/fr-fr\/t-motsatsi-bus\/","title":{"rendered":"T Motsatsi R\u00e9servation en ligne, billets de bus, horaires et tarifs"},"content":{"rendered":"<h2>R\u00e9servation de billets de bus en ligne T Motsatsi<\/h2>\n<h3>D\u00e9couvrez votre itin\u00e9raire sur le Web, sur votre mobile ou sur une application et r\u00e9servez d\u00e8s maintenant vos billets de bus T Motsatsi \u00e0 bas prix en ligne.<\/h3>\n<p>La r\u00e9servation en ligne de T Motsatsi est facilit\u00e9e. Motsasti est une soci\u00e9t\u00e9 de transport par bus situ\u00e9e \u00e0 Gaborone, la capitale du Botswana. La compagnie de bus est l&#039;un des principaux fournisseurs de bus au Botswana. La compagnie de bus Motsasti propose des services de transport pour des voyages internationaux et locaux \u00e0 des prix abordables, de nuit comme de jour. Les installations accessibles dans les bus Motsatsi contiennent la climatisation, la t\u00e9l\u00e9vision et tous les types de gadgets pour s&#039;amuser. Alors faites la r\u00e9servation de billets de bus en ligne T Motsatsi maintenant !<\/p>\n<h2>T Motsatsi R\u00e9servation en ligne, billets de bus, horaires et tarifs FAQ<\/h2>\n<h3>Quels sont les itin\u00e9raires c\u00e9l\u00e8bres parcourus par les bus T Motsatsi Transport ?<\/h3>\n<p>1. Transport quotidien de banlieue fonctionnant \u00e0 des heures fixes l&#039;apr\u00e8s-midi, le matin et le soir.<br \/>\n2. Le trajet longue distance de Matavhela \u00e0 Zuurbekom\/Johannesburg.<br \/>\n3. Transport de banlieue en location priv\u00e9e<br \/>\n4. Transport transfrontalier (Mozambique, Swaziland, Zimbabwe et Botswana)<\/p>\n<h3>Est-ce qu&#039;un autre T Motsatsi voyage hors du pays ?<\/h3>\n<p>Oui, outre les routes int\u00e9rieures, un autre investissement de Motsasti concerne \u00e9galement les voyages hors du Botswana, \u00e0 savoir le transport de banlieue transfrontalier (Swaziland, Zimbabwe, Botswana et Mozambique).<\/p>\n<h3>Puis-je voyager de nuit avec un autre investissement T Motsatsi ?<\/h3>\n<p>Oui, les transports quotidiens circulent \u00e0 des heures fixes l&#039;apr\u00e8s-midi, le matin et le soir.<\/p>\n<h3>Quels autres services de transport un autre investissement de T Motsatsi propose-t-il\u00a0?<\/h3>\n<p>Un autre investissement de Motsasti ne se limite pas \u00e0 voyager \u00e0 l\u2019int\u00e9rieur et \u00e0 l\u2019ext\u00e9rieur du Botswana. Ils offrent \u00e9galement des services tels que\u00a0: le transport de banlieue en location priv\u00e9e.<br \/>\nLe transport en bus T Motsasti est situ\u00e9 \u00e0 Gaborone, au Botswana. La soci\u00e9t\u00e9 de bus travaille dans les domaines des services de bureau g\u00e9n\u00e9raux, des \u00e9quipements et services de nettoyage, de l&#039;impression, des services de secr\u00e9tariat, de l&#039;audit et de la comptabilit\u00e9, des prestataires de services internes, des services de v\u00e9hicules, des activit\u00e9s portuaires et maritimes.<\/p>\n<h3>Quelles sont les coordonn\u00e9es des bus T Motsatsi Transport ?<\/h3>\n<p>T Motsatsi Bus Transport<br \/>\nAdresse\u00a0: \u00c0 c\u00f4t\u00e9 de Mogoditshane Motors, le long de Molepolole Road, Mogoditshane, Gaborone, Botswana<\/p>\n<h2>Conseils pour la r\u00e9servation de billets de bus en ligne T Motsatsi<\/h2>\n<p>Ils s&#039;engagent \u00e0 fournir \u00e0 leurs clients le service de la plus haute qualit\u00e9 possible. Ils offrent \u00e9galement une large gamme de services de transport.<\/p>","protected":false},"excerpt":{"rendered":"<p>T Motsatsi\u00a0Online Bus Ticket Booking Discover your travel route on web, mobile or app and book cheap T Motsatsi bus tickets online now. T Motsatsi\u00a0online booking made easy.\u00a0Motsasti is a bus transport company placed in Gaborone, the Botswana capital. The bus company has been one of the top bus provider company in Botswana. Motsasti bus [&hellip;]<\/p>\n","protected":false},"author":1,"featured_media":13999,"parent":0,"menu_order":0,"comment_status":"open","ping_status":"closed","template":"template-home-modern.php","meta":{"footnotes":""},"class_list":["post-11312","page","type-page","status-publish","has-post-thumbnail","hentry"],"yoast_head":"<!-- This site is optimized with the Yoast SEO plugin v27.3 - https:\/\/yoast.com\/product\/yoast-seo-wordpress\/ -->\n<title>T Motsatsi\u00a0Online Booking, Bus Tickets, Fare, Schedule &amp; Route<\/title>\n<meta name=\"description\" content=\"Looking for T Motsatsi online booking, app, contacts, bus routes, fare and schedule? Make cheap T Motsatsi online bus ticket booking online\" \/>\n<meta name=\"robots\" content=\"index, follow, max-snippet:-1, max-image-preview:large, max-video-preview:-1\" \/>\n<link rel=\"canonical\" href=\"https:\/\/tiketi.com\/fr-fr\/t-motsatsi-bus\/\" \/>\n<meta property=\"og:locale\" content=\"fr_FR\" \/>\n<meta property=\"og:type\" content=\"article\" \/>\n<meta property=\"og:title\" content=\"T Motsatsi\u00a0Online Booking, Bus Tickets, Fare, Schedule &amp; Route\" \/>\n<meta property=\"og:description\" content=\"Looking for T Motsatsi online booking, app, contacts, bus routes, fare and schedule? Make cheap T Motsatsi online bus ticket booking online\" \/>\n<meta property=\"og:url\" content=\"https:\/\/tiketi.com\/fr-fr\/t-motsatsi-bus\/\" \/>\n<meta property=\"og:site_name\" content=\"Tiketi.com\" \/>\n<meta property=\"article:publisher\" content=\"https:\/\/www.facebook.com\/TiketiCom\/\" \/>\n<meta property=\"article:modified_time\" content=\"2022-02-22T08:46:23+00:00\" \/>\n<meta property=\"og:image\" content=\"https:\/\/tiketi.com\/wp-content\/uploads\/2022\/01\/bus-ticket-online-booking.jpg\" \/>\n\t<meta property=\"og:image:width\" content=\"1200\" \/>\n\t<meta property=\"og:image:height\" content=\"206\" \/>\n\t<meta property=\"og:image:type\" content=\"image\/jpeg\" \/>\n<meta name=\"twitter:card\" content=\"summary_large_image\" \/>\n<meta name=\"twitter:label1\" content=\"Dur\u00e9e de lecture estim\u00e9e\" \/>\n\t<meta name=\"twitter:data1\" content=\"2 minutes\" \/>\n<script type=\"application\/ld+json\" class=\"yoast-schema-graph\">{\"@context\":\"https:\\\/\\\/schema.org\",\"@graph\":[{\"@type\":\"WebPage\",\"@id\":\"https:\\\/\\\/tiketi.com\\\/t-motsatsi-bus\\\/\",\"url\":\"https:\\\/\\\/tiketi.com\\\/t-motsatsi-bus\\\/\",\"name\":\"T Motsatsi\u00a0Online Booking, Bus Tickets, Fare, Schedule & Route\",\"isPartOf\":{\"@id\":\"https:\\\/\\\/tiketi.com\\\/#website\"},\"primaryImageOfPage\":{\"@id\":\"https:\\\/\\\/tiketi.com\\\/t-motsatsi-bus\\\/#primaryimage\"},\"image\":{\"@id\":\"https:\\\/\\\/tiketi.com\\\/t-motsatsi-bus\\\/#primaryimage\"},\"thumbnailUrl\":\"https:\\\/\\\/tiketi.com\\\/wp-content\\\/uploads\\\/2022\\\/01\\\/bus-ticket-online-booking.jpg\",\"datePublished\":\"2022-01-19T11:54:30+00:00\",\"dateModified\":\"2022-02-22T08:46:23+00:00\",\"description\":\"Looking for T Motsatsi online booking, app, contacts, bus routes, fare and schedule? Make cheap T Motsatsi online bus ticket booking online\",\"breadcrumb\":{\"@id\":\"https:\\\/\\\/tiketi.com\\\/t-motsatsi-bus\\\/#breadcrumb\"},\"inLanguage\":\"fr-FR\",\"potentialAction\":[{\"@type\":\"ReadAction\",\"target\":[\"https:\\\/\\\/tiketi.com\\\/t-motsatsi-bus\\\/\"]}]},{\"@type\":\"ImageObject\",\"inLanguage\":\"fr-FR\",\"@id\":\"https:\\\/\\\/tiketi.com\\\/t-motsatsi-bus\\\/#primaryimage\",\"url\":\"https:\\\/\\\/tiketi.com\\\/wp-content\\\/uploads\\\/2022\\\/01\\\/bus-ticket-online-booking.jpg\",\"contentUrl\":\"https:\\\/\\\/tiketi.com\\\/wp-content\\\/uploads\\\/2022\\\/01\\\/bus-ticket-online-booking.jpg\",\"width\":1200,\"height\":206,\"caption\":\"Online Bus Ticket Booking\"},{\"@type\":\"BreadcrumbList\",\"@id\":\"https:\\\/\\\/tiketi.com\\\/t-motsatsi-bus\\\/#breadcrumb\",\"itemListElement\":[{\"@type\":\"ListItem\",\"position\":1,\"name\":\"Home\",\"item\":\"https:\\\/\\\/tiketi.com\\\/\"},{\"@type\":\"ListItem\",\"position\":2,\"name\":\"T Motsatsi\u00a0Online Booking, Bus Tickets, Schedule &#038; Fare\"}]},{\"@type\":\"WebSite\",\"@id\":\"https:\\\/\\\/tiketi.com\\\/#website\",\"url\":\"https:\\\/\\\/tiketi.com\\\/\",\"name\":\"Flight & Bus Tickets, Tour Packages & Activitites - Tiketi.com\",\"description\":\"Flight &amp; Bus Tickets, Tours, Activitites\",\"publisher\":{\"@id\":\"https:\\\/\\\/tiketi.com\\\/#organization\"},\"potentialAction\":[{\"@type\":\"SearchAction\",\"target\":{\"@type\":\"EntryPoint\",\"urlTemplate\":\"https:\\\/\\\/tiketi.com\\\/?s={search_term_string}\"},\"query-input\":{\"@type\":\"PropertyValueSpecification\",\"valueRequired\":true,\"valueName\":\"search_term_string\"}}],\"inLanguage\":\"fr-FR\"},{\"@type\":\"Organization\",\"@id\":\"https:\\\/\\\/tiketi.com\\\/#organization\",\"name\":\"Tiketi.com\",\"alternateName\":\"Tiketi\",\"url\":\"https:\\\/\\\/tiketi.com\\\/\",\"logo\":{\"@type\":\"ImageObject\",\"inLanguage\":\"fr-FR\",\"@id\":\"https:\\\/\\\/tiketi.com\\\/#\\\/schema\\\/logo\\\/image\\\/\",\"url\":\"https:\\\/\\\/tiketi.com\\\/wp-content\\\/uploads\\\/2019\\\/05\\\/tiketi-logo-696.png\",\"contentUrl\":\"https:\\\/\\\/tiketi.com\\\/wp-content\\\/uploads\\\/2019\\\/05\\\/tiketi-logo-696.png\",\"width\":696,\"height\":696,\"caption\":\"Tiketi.com\"},\"image\":{\"@id\":\"https:\\\/\\\/tiketi.com\\\/#\\\/schema\\\/logo\\\/image\\\/\"},\"sameAs\":[\"https:\\\/\\\/www.facebook.com\\\/TiketiCom\\\/\"]}]}<\/script>\n<!-- \/ Yoast SEO plugin. -->","yoast_head_json":{"title":"T Motsatsi R\u00e9servation en ligne, billets de bus, tarifs, horaires et itin\u00e9raire","description":"Vous recherchez une r\u00e9servation en ligne, une application, des contacts, des itin\u00e9raires de bus, des tarifs et des horaires pour T Motsatsi\u00a0? R\u00e9servez en ligne des billets de bus T Motsatsi pas chers","robots":{"index":"index","follow":"follow","max-snippet":"max-snippet:-1","max-image-preview":"max-image-preview:large","max-video-preview":"max-video-preview:-1"},"canonical":"https:\/\/tiketi.com\/fr-fr\/t-motsatsi-bus\/","og_locale":"fr_FR","og_type":"article","og_title":"T Motsatsi\u00a0Online Booking, Bus Tickets, Fare, Schedule & Route","og_description":"Looking for T Motsatsi online booking, app, contacts, bus routes, fare and schedule? Make cheap T Motsatsi online bus ticket booking online","og_url":"https:\/\/tiketi.com\/fr-fr\/t-motsatsi-bus\/","og_site_name":"Tiketi.com","article_publisher":"https:\/\/www.facebook.com\/TiketiCom\/","article_modified_time":"2022-02-22T08:46:23+00:00","og_image":[{"width":1200,"height":206,"url":"https:\/\/tiketi.com\/wp-content\/uploads\/2022\/01\/bus-ticket-online-booking.jpg","type":"image\/jpeg"}],"twitter_card":"summary_large_image","twitter_misc":{"Dur\u00e9e de lecture estim\u00e9e":"2 minutes"},"schema":{"@context":"https:\/\/schema.org","@graph":[{"@type":"WebPage","@id":"https:\/\/tiketi.com\/t-motsatsi-bus\/","url":"https:\/\/tiketi.com\/t-motsatsi-bus\/","name":"T Motsatsi R\u00e9servation en ligne, billets de bus, tarifs, horaires et itin\u00e9raire","isPartOf":{"@id":"https:\/\/tiketi.com\/#website"},"primaryImageOfPage":{"@id":"https:\/\/tiketi.com\/t-motsatsi-bus\/#primaryimage"},"image":{"@id":"https:\/\/tiketi.com\/t-motsatsi-bus\/#primaryimage"},"thumbnailUrl":"https:\/\/tiketi.com\/wp-content\/uploads\/2022\/01\/bus-ticket-online-booking.jpg","datePublished":"2022-01-19T11:54:30+00:00","dateModified":"2022-02-22T08:46:23+00:00","description":"Vous recherchez une r\u00e9servation en ligne, une application, des contacts, des itin\u00e9raires de bus, des tarifs et des horaires pour T Motsatsi\u00a0? R\u00e9servez en ligne des billets de bus T Motsatsi pas chers","breadcrumb":{"@id":"https:\/\/tiketi.com\/t-motsatsi-bus\/#breadcrumb"},"inLanguage":"fr-FR","potentialAction":[{"@type":"ReadAction","target":["https:\/\/tiketi.com\/t-motsatsi-bus\/"]}]},{"@type":"ImageObject","inLanguage":"fr-FR","@id":"https:\/\/tiketi.com\/t-motsatsi-bus\/#primaryimage","url":"https:\/\/tiketi.com\/wp-content\/uploads\/2022\/01\/bus-ticket-online-booking.jpg","contentUrl":"https:\/\/tiketi.com\/wp-content\/uploads\/2022\/01\/bus-ticket-online-booking.jpg","width":1200,"height":206,"caption":"Online Bus Ticket Booking"},{"@type":"BreadcrumbList","@id":"https:\/\/tiketi.com\/t-motsatsi-bus\/#breadcrumb","itemListElement":[{"@type":"ListItem","position":1,"name":"Home","item":"https:\/\/tiketi.com\/"},{"@type":"ListItem","position":2,"name":"T Motsatsi\u00a0Online Booking, Bus Tickets, Schedule &#038; Fare"}]},{"@type":"WebSite","@id":"https:\/\/tiketi.com\/#website","url":"https:\/\/tiketi.com\/","name":"Billets d&#039;avion et de bus, forfaits touristiques et activit\u00e9s - Tiketi.com","description":"Billets d&#039;avion et de bus, Tours, Activit\u00e9s","publisher":{"@id":"https:\/\/tiketi.com\/#organization"},"potentialAction":[{"@type":"SearchAction","target":{"@type":"EntryPoint","urlTemplate":"https:\/\/tiketi.com\/?s={search_term_string}"},"query-input":{"@type":"PropertyValueSpecification","valueRequired":true,"valueName":"search_term_string"}}],"inLanguage":"fr-FR"},{"@type":"Organization","@id":"https:\/\/tiketi.com\/#organization","name":"Tiketi.com","alternateName":"Tiketi","url":"https:\/\/tiketi.com\/","logo":{"@type":"ImageObject","inLanguage":"fr-FR","@id":"https:\/\/tiketi.com\/#\/schema\/logo\/image\/","url":"https:\/\/tiketi.com\/wp-content\/uploads\/2019\/05\/tiketi-logo-696.png","contentUrl":"https:\/\/tiketi.com\/wp-content\/uploads\/2019\/05\/tiketi-logo-696.png","width":696,"height":696,"caption":"Tiketi.com"},"image":{"@id":"https:\/\/tiketi.com\/#\/schema\/logo\/image\/"},"sameAs":["https:\/\/www.facebook.com\/TiketiCom\/"]}]}},"_links":{"self":[{"href":"https:\/\/tiketi.com\/fr-fr\/wp-json\/wp\/v2\/pages\/11312","targetHints":{"allow":["GET"]}}],"collection":[{"href":"https:\/\/tiketi.com\/fr-fr\/wp-json\/wp\/v2\/pages"}],"about":[{"href":"https:\/\/tiketi.com\/fr-fr\/wp-json\/wp\/v2\/types\/page"}],"author":[{"embeddable":true,"href":"https:\/\/tiketi.com\/fr-fr\/wp-json\/wp\/v2\/users\/1"}],"replies":[{"embeddable":true,"href":"https:\/\/tiketi.com\/fr-fr\/wp-json\/wp\/v2\/comments?post=11312"}],"version-history":[{"count":0,"href":"https:\/\/tiketi.com\/fr-fr\/wp-json\/wp\/v2\/pages\/11312\/revisions"}],"wp:featuredmedia":[{"embeddable":true,"href":"https:\/\/tiketi.com\/fr-fr\/wp-json\/wp\/v2\/media\/13999"}],"wp:attachment":[{"href":"https:\/\/tiketi.com\/fr-fr\/wp-json\/wp\/v2\/media?parent=11312"}],"curies":[{"name":"wp","href":"https:\/\/api.w.org\/{rel}","templated":true}]}}