{"id":11313,"date":"2022-01-19T12:54:30","date_gmt":"2022-01-19T11:54:30","guid":{"rendered":"https:\/\/new.tiketi.com\/supratours-online-booking-bus-tickets-reservation\/"},"modified":"2022-02-21T17:01:40","modified_gmt":"2022-02-21T16:01:40","slug":"supratours-bus","status":"publish","type":"page","link":"https:\/\/tiketi.com\/fr-fr\/supratours-bus\/","title":{"rendered":"R\u00e9servation en ligne de billets Supratours, billets de bus, horaires et tarifs"},"content":{"rendered":"<h2>Supratours pas cher R\u00e9servation en ligne<\/h2>\n<h3>D\u00e9couvrez votre itin\u00e9raire de voyage sur le web, le mobile ou l&#039;application et r\u00e9servez d\u00e8s maintenant vos billets de bus Supratours pas chers en ligne.<\/h3>\n<p>La r\u00e9servation en ligne de billets Supratours bon march\u00e9 en toute simplicit\u00e9. Supratours est l&#039;un des principaux leaders de la soci\u00e9t\u00e9 de transport de passagers par bus au Maroc et propose la r\u00e9servation de billets de bus en ligne. Pour s&#039;impr\u00e9gner de la douceur exotique du Maroc, ne manquez pas d&#039;explorer ses atouts touristiques sans limites dans une s\u00e9curit\u00e9 et un confort garantis. R\u00e9servez vos billets de bus Supratours en ligne !<\/p>\n<h2>FAQ sur la r\u00e9servation en ligne des billets Supratours<\/h2>\n<h3>Quels sont les c\u00e9l\u00e8bres itin\u00e9raires de r\u00e9servation en ligne Supratours couverts par les bus Supratours ?<\/h3>\n<p>\u2022 Marrakech \u2013 Riad Dar Zaman<br \/>\n\u2022 Marrakech \u2013 Essaouira<br \/>\n\u2022 Marrakech-Agadir<br \/>\n\u2022 Marrakech \u00e0 Rabat<br \/>\n\u2022 Marrakech \u00e0 Casablanca<br \/>\n\u2022 Merzouga \u00e0 F\u00e8s \u2013 Maroc<br \/>\n\u2022 Tanger \u00e0 F\u00e8s<br \/>\n\u2022 Tanger \u00e0 Marrakech<br \/>\n\u2022 Marrakech \u00e0 Mekn\u00e8s<br \/>\n\u2022 Marrakech \u00e0 F\u00e8s<br \/>\n\u2022 Casablanca \u00e0 Oujda<br \/>\n\u2022 Casablanca \u00e0 F\u00e8s<br \/>\n\u2022 Tanger \u00e0 F\u00e8s<\/p>\n<h3>Flotte Supratours<\/h3>\n<p>Du minibus seize places \u00e0 l&#039;autocar de luxe pouvant accueillir confortablement cinquante-cinq personnes, notre large gamme de v\u00e9hicules s&#039;adapte \u00e0 vos besoins.<\/p>\n<p>Supratours Surpa confort :<\/p>\n<p>Moins de si\u00e8ges, plus d&#039;espace pour les jambes pour plus de confort : le confort Supra est le meilleur choix pour le voyageur chevronn\u00e9. Supratour s&#039;engage \u00e0 offrir une exp\u00e9rience incroyable \u00e0 chaque \u00e9tape de votre voyage. Autocars de luxe de trente-cinq places \u00e9quip\u00e9s de la climatisation, de si\u00e8ges profonds et larges, d&#039;une moquette moelleuse et de la meilleure insonorisation pour arr\u00eater la fatigue accumul\u00e9e.<\/p>\n<p>A bord du Supra d\u00e9tente, tout a \u00e9t\u00e9 pens\u00e9 pour que votre voyage soit orient\u00e9 passager dans les meilleures conditions de confort et de s\u00e9curit\u00e9.<\/p>\n<p>Fort de ce positionnement, Supratours est aujourd&#039;hui un grand op\u00e9rateur du transport national de passagers avec un million et demi de passagers transport\u00e9s sur dix-neuf millions de kilom\u00e8tres en 2017.<\/p>\n<h3>Quelles sont les coordonn\u00e9es de la r\u00e9servation en ligne Supratours &amp; des bus Supratours ?<\/h3>\n<p>Angle Avenue de la Victoire et Mohamed Adbou , Rabat<br \/>\nMAROC.<\/p>\n<h2>Conseils de r\u00e9servation en ligne Supratours<\/h2>\n<p>L&#039;\u00e9quipe de Supratours reste \u00e0 votre service pour tous vos s\u00e9jours touristiques, voyages d&#039;affaires, sortie de comit\u00e9 de travail, etc.<\/p>","protected":false},"excerpt":{"rendered":"<p>Cheap Supratours Online Booking Discover your travel route on web, mobile or app and book cheap Supratours bus tickets online now. Cheap Supratours ticket online booking made easy. Supratours is one of the key leaders in passenger bus transport company in Morocco and offering online bus ticket booking. To soak up Morocco exotic sweetness, be [&hellip;]<\/p>\n","protected":false},"author":1,"featured_media":13999,"parent":0,"menu_order":0,"comment_status":"open","ping_status":"closed","template":"template-home-modern.php","meta":{"footnotes":""},"class_list":["post-11313","page","type-page","status-publish","has-post-thumbnail","hentry"],"yoast_head":"<!-- This site is optimized with the Yoast SEO plugin v27.2 - https:\/\/yoast.com\/product\/yoast-seo-wordpress\/ -->\n<title>Supratours Ticket Online Booking, Bus Tickets, Schedule &amp; Fare<\/title>\n<meta name=\"description\" content=\"Looking for Supratours Supratour Ticket Online Booking, app, contacts, bus routes, fare and schedule? Book cheap Supratours bus tickets online\" \/>\n<meta name=\"robots\" content=\"index, follow, max-snippet:-1, max-image-preview:large, max-video-preview:-1\" \/>\n<link rel=\"canonical\" href=\"https:\/\/tiketi.com\/fr-fr\/supratours-bus\/\" \/>\n<meta property=\"og:locale\" content=\"fr_FR\" \/>\n<meta property=\"og:type\" content=\"article\" \/>\n<meta property=\"og:title\" content=\"Supratours Ticket Online Booking, Bus Tickets, Schedule &amp; Fare\" \/>\n<meta property=\"og:description\" content=\"Looking for Supratours Supratour Ticket Online Booking, app, contacts, bus routes, fare and schedule? Book cheap Supratours bus tickets online\" \/>\n<meta property=\"og:url\" content=\"https:\/\/tiketi.com\/fr-fr\/supratours-bus\/\" \/>\n<meta property=\"og:site_name\" content=\"Tiketi.com\" \/>\n<meta property=\"article:publisher\" content=\"https:\/\/www.facebook.com\/TiketiCom\/\" \/>\n<meta property=\"article:modified_time\" content=\"2022-02-21T16:01:40+00:00\" \/>\n<meta property=\"og:image\" content=\"https:\/\/tiketi.com\/wp-content\/uploads\/2022\/01\/bus-ticket-online-booking.jpg\" \/>\n\t<meta property=\"og:image:width\" content=\"1200\" \/>\n\t<meta property=\"og:image:height\" content=\"206\" \/>\n\t<meta property=\"og:image:type\" content=\"image\/jpeg\" \/>\n<meta name=\"twitter:card\" content=\"summary_large_image\" \/>\n<meta name=\"twitter:label1\" content=\"Dur\u00e9e de lecture estim\u00e9e\" \/>\n\t<meta name=\"twitter:data1\" content=\"2 minutes\" \/>\n<script type=\"application\/ld+json\" class=\"yoast-schema-graph\">{\"@context\":\"https:\/\/schema.org\",\"@graph\":[{\"@type\":\"WebPage\",\"@id\":\"https:\/\/tiketi.com\/fr-fr\/supratours-bus\/\",\"url\":\"https:\/\/tiketi.com\/fr-fr\/supratours-bus\/\",\"name\":\"Supratours Ticket Online Booking, Bus Tickets, Schedule & Fare\",\"isPartOf\":{\"@id\":\"https:\/\/tiketi.com\/#website\"},\"primaryImageOfPage\":{\"@id\":\"https:\/\/tiketi.com\/fr-fr\/supratours-bus\/#primaryimage\"},\"image\":{\"@id\":\"https:\/\/tiketi.com\/fr-fr\/supratours-bus\/#primaryimage\"},\"thumbnailUrl\":\"https:\/\/tiketi.com\/wp-content\/uploads\/2022\/01\/bus-ticket-online-booking.jpg\",\"datePublished\":\"2022-01-19T11:54:30+00:00\",\"dateModified\":\"2022-02-21T16:01:40+00:00\",\"description\":\"Looking for Supratours Supratour Ticket Online Booking, app, contacts, bus routes, fare and schedule? Book cheap Supratours bus tickets online\",\"breadcrumb\":{\"@id\":\"https:\/\/tiketi.com\/fr-fr\/supratours-bus\/#breadcrumb\"},\"inLanguage\":\"fr-FR\",\"potentialAction\":[{\"@type\":\"ReadAction\",\"target\":[\"https:\/\/tiketi.com\/fr-fr\/supratours-bus\/\"]}]},{\"@type\":\"ImageObject\",\"inLanguage\":\"fr-FR\",\"@id\":\"https:\/\/tiketi.com\/fr-fr\/supratours-bus\/#primaryimage\",\"url\":\"https:\/\/tiketi.com\/wp-content\/uploads\/2022\/01\/bus-ticket-online-booking.jpg\",\"contentUrl\":\"https:\/\/tiketi.com\/wp-content\/uploads\/2022\/01\/bus-ticket-online-booking.jpg\",\"width\":1200,\"height\":206,\"caption\":\"Online Bus Ticket Booking\"},{\"@type\":\"BreadcrumbList\",\"@id\":\"https:\/\/tiketi.com\/fr-fr\/supratours-bus\/#breadcrumb\",\"itemListElement\":[{\"@type\":\"ListItem\",\"position\":1,\"name\":\"Home\",\"item\":\"https:\/\/tiketi.com\/\"},{\"@type\":\"ListItem\",\"position\":2,\"name\":\"Supratours Ticket Online Booking, Bus Tickets, Schedule &#038; Fare\"}]},{\"@type\":\"WebSite\",\"@id\":\"https:\/\/tiketi.com\/#website\",\"url\":\"https:\/\/tiketi.com\/\",\"name\":\"Flight & Bus Tickets, Tour Packages & Activitites - Tiketi.com\",\"description\":\"Flight &amp; Bus Tickets, Tours, Activitites\",\"publisher\":{\"@id\":\"https:\/\/tiketi.com\/#organization\"},\"potentialAction\":[{\"@type\":\"SearchAction\",\"target\":{\"@type\":\"EntryPoint\",\"urlTemplate\":\"https:\/\/tiketi.com\/?s={search_term_string}\"},\"query-input\":{\"@type\":\"PropertyValueSpecification\",\"valueRequired\":true,\"valueName\":\"search_term_string\"}}],\"inLanguage\":\"fr-FR\"},{\"@type\":\"Organization\",\"@id\":\"https:\/\/tiketi.com\/#organization\",\"name\":\"Tiketi.com\",\"alternateName\":\"Tiketi\",\"url\":\"https:\/\/tiketi.com\/\",\"logo\":{\"@type\":\"ImageObject\",\"inLanguage\":\"fr-FR\",\"@id\":\"https:\/\/tiketi.com\/#\/schema\/logo\/image\/\",\"url\":\"https:\/\/tiketi.com\/wp-content\/uploads\/2019\/05\/tiketi-logo-696.png\",\"contentUrl\":\"https:\/\/tiketi.com\/wp-content\/uploads\/2019\/05\/tiketi-logo-696.png\",\"width\":696,\"height\":696,\"caption\":\"Tiketi.com\"},\"image\":{\"@id\":\"https:\/\/tiketi.com\/#\/schema\/logo\/image\/\"},\"sameAs\":[\"https:\/\/www.facebook.com\/TiketiCom\/\"]}]}<\/script>\n<!-- \/ Yoast SEO plugin. -->","yoast_head_json":{"title":"R\u00e9servation en ligne de billets Supratours, billets de bus, horaires et tarifs","description":"Vous recherchez Supratours Supratour Ticket R\u00e9servation en ligne, application, contacts, itin\u00e9raires de bus, tarifs et horaires? R\u00e9servez en ligne vos billets de bus Supratours pas chers","robots":{"index":"index","follow":"follow","max-snippet":"max-snippet:-1","max-image-preview":"max-image-preview:large","max-video-preview":"max-video-preview:-1"},"canonical":"https:\/\/tiketi.com\/fr-fr\/supratours-bus\/","og_locale":"fr_FR","og_type":"article","og_title":"Supratours Ticket Online Booking, Bus Tickets, Schedule & Fare","og_description":"Looking for Supratours Supratour Ticket Online Booking, app, contacts, bus routes, fare and schedule? Book cheap Supratours bus tickets online","og_url":"https:\/\/tiketi.com\/fr-fr\/supratours-bus\/","og_site_name":"Tiketi.com","article_publisher":"https:\/\/www.facebook.com\/TiketiCom\/","article_modified_time":"2022-02-21T16:01:40+00:00","og_image":[{"width":1200,"height":206,"url":"https:\/\/tiketi.com\/wp-content\/uploads\/2022\/01\/bus-ticket-online-booking.jpg","type":"image\/jpeg"}],"twitter_card":"summary_large_image","twitter_misc":{"Dur\u00e9e de lecture estim\u00e9e":"2 minutes"},"schema":{"@context":"https:\/\/schema.org","@graph":[{"@type":"WebPage","@id":"https:\/\/tiketi.com\/fr-fr\/supratours-bus\/","url":"https:\/\/tiketi.com\/fr-fr\/supratours-bus\/","name":"R\u00e9servation en ligne de billets Supratours, billets de bus, horaires et tarifs","isPartOf":{"@id":"https:\/\/tiketi.com\/#website"},"primaryImageOfPage":{"@id":"https:\/\/tiketi.com\/fr-fr\/supratours-bus\/#primaryimage"},"image":{"@id":"https:\/\/tiketi.com\/fr-fr\/supratours-bus\/#primaryimage"},"thumbnailUrl":"https:\/\/tiketi.com\/wp-content\/uploads\/2022\/01\/bus-ticket-online-booking.jpg","datePublished":"2022-01-19T11:54:30+00:00","dateModified":"2022-02-21T16:01:40+00:00","description":"Vous recherchez Supratours Supratour Ticket R\u00e9servation en ligne, application, contacts, itin\u00e9raires de bus, tarifs et horaires? R\u00e9servez en ligne vos billets de bus Supratours pas chers","breadcrumb":{"@id":"https:\/\/tiketi.com\/fr-fr\/supratours-bus\/#breadcrumb"},"inLanguage":"fr-FR","potentialAction":[{"@type":"ReadAction","target":["https:\/\/tiketi.com\/fr-fr\/supratours-bus\/"]}]},{"@type":"ImageObject","inLanguage":"fr-FR","@id":"https:\/\/tiketi.com\/fr-fr\/supratours-bus\/#primaryimage","url":"https:\/\/tiketi.com\/wp-content\/uploads\/2022\/01\/bus-ticket-online-booking.jpg","contentUrl":"https:\/\/tiketi.com\/wp-content\/uploads\/2022\/01\/bus-ticket-online-booking.jpg","width":1200,"height":206,"caption":"Online Bus Ticket Booking"},{"@type":"BreadcrumbList","@id":"https:\/\/tiketi.com\/fr-fr\/supratours-bus\/#breadcrumb","itemListElement":[{"@type":"ListItem","position":1,"name":"Home","item":"https:\/\/tiketi.com\/"},{"@type":"ListItem","position":2,"name":"Supratours Ticket Online Booking, Bus Tickets, Schedule &#038; Fare"}]},{"@type":"WebSite","@id":"https:\/\/tiketi.com\/#website","url":"https:\/\/tiketi.com\/","name":"Billets d&#039;avion et de bus, forfaits touristiques et activit\u00e9s - Tiketi.com","description":"Billets d&#039;avion et de bus, Tours, Activit\u00e9s","publisher":{"@id":"https:\/\/tiketi.com\/#organization"},"potentialAction":[{"@type":"SearchAction","target":{"@type":"EntryPoint","urlTemplate":"https:\/\/tiketi.com\/?s={search_term_string}"},"query-input":{"@type":"PropertyValueSpecification","valueRequired":true,"valueName":"search_term_string"}}],"inLanguage":"fr-FR"},{"@type":"Organization","@id":"https:\/\/tiketi.com\/#organization","name":"Tiketi.com","alternateName":"Tiketi","url":"https:\/\/tiketi.com\/","logo":{"@type":"ImageObject","inLanguage":"fr-FR","@id":"https:\/\/tiketi.com\/#\/schema\/logo\/image\/","url":"https:\/\/tiketi.com\/wp-content\/uploads\/2019\/05\/tiketi-logo-696.png","contentUrl":"https:\/\/tiketi.com\/wp-content\/uploads\/2019\/05\/tiketi-logo-696.png","width":696,"height":696,"caption":"Tiketi.com"},"image":{"@id":"https:\/\/tiketi.com\/#\/schema\/logo\/image\/"},"sameAs":["https:\/\/www.facebook.com\/TiketiCom\/"]}]}},"_links":{"self":[{"href":"https:\/\/tiketi.com\/fr-fr\/wp-json\/wp\/v2\/pages\/11313","targetHints":{"allow":["GET"]}}],"collection":[{"href":"https:\/\/tiketi.com\/fr-fr\/wp-json\/wp\/v2\/pages"}],"about":[{"href":"https:\/\/tiketi.com\/fr-fr\/wp-json\/wp\/v2\/types\/page"}],"author":[{"embeddable":true,"href":"https:\/\/tiketi.com\/fr-fr\/wp-json\/wp\/v2\/users\/1"}],"replies":[{"embeddable":true,"href":"https:\/\/tiketi.com\/fr-fr\/wp-json\/wp\/v2\/comments?post=11313"}],"version-history":[{"count":0,"href":"https:\/\/tiketi.com\/fr-fr\/wp-json\/wp\/v2\/pages\/11313\/revisions"}],"wp:featuredmedia":[{"embeddable":true,"href":"https:\/\/tiketi.com\/fr-fr\/wp-json\/wp\/v2\/media\/13999"}],"wp:attachment":[{"href":"https:\/\/tiketi.com\/fr-fr\/wp-json\/wp\/v2\/media?parent=11313"}],"curies":[{"name":"wp","href":"https:\/\/api.w.org\/{rel}","templated":true}]}}