{"id":11314,"date":"2022-01-19T12:54:30","date_gmt":"2022-01-19T11:54:30","guid":{"rendered":"https:\/\/new.tiketi.com\/ctm-bus-online-booking-bus-tickets-reservation\/"},"modified":"2022-02-11T15:23:09","modified_gmt":"2022-02-11T14:23:09","slug":"ctm-bus","status":"publish","type":"page","link":"https:\/\/tiketi.com\/fr-fr\/ctm-bus\/","title":{"rendered":"R\u00e9servation en ligne de bus CTM, billets de bus, itin\u00e9raires et tarifs"},"content":{"rendered":"<h2>CTM Bus R\u00e9servation de billets de bus en ligne<\/h2>\n<h3>D\u00e9couvrez votre itin\u00e9raire de voyage sur le web, le mobile ou l&#039;application et r\u00e9servez en ligne un billet de bus CTM pas cher.<\/h3>\n<p>La r\u00e9servation en ligne de CTM Bus simplifi\u00e9e. La compagnie de bus CTM est une compagnie de bus nationale, op\u00e9rant \u00e0 travers le Maroc depuis 1919. Ils ont \u00e9galement des liaisons mondiales vers l&#039;Espagne accessibles gr\u00e2ce \u00e0 leur accord de franchise avec Eurolines. Il en va de m\u00eame pour la r\u00e9servation en ligne de billets de bus Eurolines \/ CTM bus maintenant!<\/p>\n<h2>FAQ sur la r\u00e9servation en ligne des bus CTM<\/h2>\n<h3>Quels sont les itin\u00e9raires c\u00e9l\u00e8bres couverts par les bus Eurolines \/ CTM ?<\/h3>\n<p>\u2022 Casablanca \u00e0 Tanger<br \/>\n\u2022 Casablanca \u00e0 Essaouira<br \/>\n\u2022 Casablanca \u00e0 Marrakech<br \/>\n\u2022 Casablanca \u00e0 Agadir<br \/>\n\u2022 Agadir \u00e0 Ouarzazate<br \/>\n\u2022 F\u00e8s \u00e0 Agadir<br \/>\n\u2022 F\u00e8s \u00e0 Tanger<br \/>\n\u2022 F\u00e8s \u00e0 Marrakech<br \/>\n\u2022 F\u00e8s \u00e0 Rabat<br \/>\n\u2022 Marrakech \u00e0 Ouarzazate<br \/>\n\u2022 Marrakech \u00e0 Agadir<br \/>\n\u2022 Marrakech \u00e0 ToZagora<br \/>\n\u2022 Marrakech \u00e0 Rabat<br \/>\n\u2022 Marrakech \u00e0 Casablanca<br \/>\n\u2022 Marrakech \u00e0 Essaouira<br \/>\n\u2022 Marrakech \u00e0 Taroudant<br \/>\n\u2022 Marrakech \u00e0 Tanger<\/p>\n<h3>Lignes internationales de bus CTM<\/h3>\n<p>Vos destinations favorites sont accessibles depuis l&#039;Espagne et la France.<br \/>\nCTM travaille en partenariat avec Eurolines dans un grand r\u00e9seau international desservant un grand nombre de destinations europ\u00e9ennes \u00e0 partir de l&#039;Italie, de l&#039;Espagne et de la France. Leur service haut de gamme vous promet toute la s\u00e9curit\u00e9 et le confort de chaque endroit. CTM a d\u00e9velopp\u00e9 son r\u00e9seau visant \u00e0 faciliter tous vos d\u00e9placements dans les capitales occidentales. Ce r\u00e9seau s&#039;\u00e9tend dans plus de quatre vingt villes europ\u00e9ennes offrant des liaisons directes avec un d\u00e9part du Maroc.<\/p>\n<h3>Tourisme en bus CTM<\/h3>\n<p>CTM met un pied de bus de luxe \u00e0 la disposition des experts du tourisme. Qu&#039;il s&#039;agisse d&#039;un tourisme saisonnier, traditionnel ou d&#039;affaires, CTM vous propose un service adapt\u00e9 \u00e0 vos besoins. Nos clients (voyagistes, agences de voyages, tour-op\u00e9rateurs) b\u00e9n\u00e9ficient d&#039;un service sur-mesure pour s&#039;adapter au lieu de destination et au nombre de passagers.<\/p>\n<h3>Quelles sont les coordonn\u00e9es des bus CTM ?<\/h3>\n<p>CTM Bus Maroc<\/p>\n<p>Adresse : Km 13,5 autoroute casa rabat Sidi Bernoussi Casablanca \u2013 Maroc<br \/>\nT\u00e9l\u00e9phone +212 0800 0900 30<\/p>\n<h2>Conseils de r\u00e9servation de billets de bus en ligne CTM Bus<\/h2>\n<p>Aujourd&#039;hui, c&#039;est une entreprise moderne au service de ses clients et confront\u00e9e \u00e0 de nouveaux d\u00e9fis notamment \u00e9cologiques, sociaux et \u00e9conomiques.<br \/>\nLes bus CTM qui partent et arrivent \u00e0 la gare routi\u00e8re CTM de Marrakech peuvent vous emmener dans de nombreuses autres villes marocaines. Le trajet offre g\u00e9n\u00e9ralement une pause d&#039;environ vingt minutes \u00e0 mi-chemin sur la plupart des itin\u00e9raires, en s&#039;arr\u00eatant dans des caf\u00e9s en bordure de route.<\/p>","protected":false},"excerpt":{"rendered":"<p>CTM Bus Online Bus Ticket Booking Discover your travel route on web, mobile or app and book a cheap CTM Bus ticket online. CTM Bus online booking made easy.\u00a0CTM bus company is a national bus company, running across Morocco since 1919. They also have global routes to Spain accessible through their franchise arrangement with Eurolines.\u00a0So [&hellip;]<\/p>\n","protected":false},"author":1,"featured_media":13999,"parent":0,"menu_order":0,"comment_status":"open","ping_status":"closed","template":"template-home-modern.php","meta":{"footnotes":""},"class_list":["post-11314","page","type-page","status-publish","has-post-thumbnail","hentry"],"yoast_head":"<!-- This site is optimized with the Yoast SEO plugin v27.5 - https:\/\/yoast.com\/product\/yoast-seo-wordpress\/ -->\n<title>CTM Bus Online Booking, Bus Tickets Reservation<\/title>\n<meta name=\"description\" content=\"Looking for CTM Bus online booking, app, contacts, route, fare and schedule? Make a cheap CTM Bus online bus ticket booking now\" \/>\n<meta name=\"robots\" content=\"index, follow, max-snippet:-1, max-image-preview:large, max-video-preview:-1\" \/>\n<link rel=\"canonical\" href=\"https:\/\/tiketi.com\/fr-fr\/ctm-bus\/\" \/>\n<meta property=\"og:locale\" content=\"fr_FR\" \/>\n<meta property=\"og:type\" content=\"article\" \/>\n<meta property=\"og:title\" content=\"CTM Bus Online Booking, Bus Tickets Reservation\" \/>\n<meta property=\"og:description\" content=\"Looking for CTM Bus online booking, app, contacts, route, fare and schedule? Make a cheap CTM Bus online bus ticket booking now\" \/>\n<meta property=\"og:url\" content=\"https:\/\/tiketi.com\/fr-fr\/ctm-bus\/\" \/>\n<meta property=\"og:site_name\" content=\"Tiketi.com\" \/>\n<meta property=\"article:publisher\" content=\"https:\/\/www.facebook.com\/TiketiCom\/\" \/>\n<meta property=\"article:modified_time\" content=\"2022-02-11T14:23:09+00:00\" \/>\n<meta property=\"og:image\" content=\"https:\/\/tiketi.com\/wp-content\/uploads\/2022\/01\/bus-ticket-online-booking.jpg\" \/>\n\t<meta property=\"og:image:width\" content=\"1200\" \/>\n\t<meta property=\"og:image:height\" content=\"206\" \/>\n\t<meta property=\"og:image:type\" content=\"image\/jpeg\" \/>\n<meta name=\"twitter:card\" content=\"summary_large_image\" \/>\n<meta name=\"twitter:label1\" content=\"Dur\u00e9e de lecture estim\u00e9e\" \/>\n\t<meta name=\"twitter:data1\" content=\"2 minutes\" \/>\n<script type=\"application\/ld+json\" class=\"yoast-schema-graph\">{\"@context\":\"https:\\\/\\\/schema.org\",\"@graph\":[{\"@type\":\"WebPage\",\"@id\":\"https:\\\/\\\/tiketi.com\\\/ctm-bus\\\/\",\"url\":\"https:\\\/\\\/tiketi.com\\\/ctm-bus\\\/\",\"name\":\"CTM Bus Online Booking, Bus Tickets Reservation\",\"isPartOf\":{\"@id\":\"https:\\\/\\\/tiketi.com\\\/#website\"},\"primaryImageOfPage\":{\"@id\":\"https:\\\/\\\/tiketi.com\\\/ctm-bus\\\/#primaryimage\"},\"image\":{\"@id\":\"https:\\\/\\\/tiketi.com\\\/ctm-bus\\\/#primaryimage\"},\"thumbnailUrl\":\"https:\\\/\\\/tiketi.com\\\/wp-content\\\/uploads\\\/2022\\\/01\\\/bus-ticket-online-booking.jpg\",\"datePublished\":\"2022-01-19T11:54:30+00:00\",\"dateModified\":\"2022-02-11T14:23:09+00:00\",\"description\":\"Looking for CTM Bus online booking, app, contacts, route, fare and schedule? Make a cheap CTM Bus online bus ticket booking now\",\"breadcrumb\":{\"@id\":\"https:\\\/\\\/tiketi.com\\\/ctm-bus\\\/#breadcrumb\"},\"inLanguage\":\"fr-FR\",\"potentialAction\":[{\"@type\":\"ReadAction\",\"target\":[\"https:\\\/\\\/tiketi.com\\\/ctm-bus\\\/\"]}]},{\"@type\":\"ImageObject\",\"inLanguage\":\"fr-FR\",\"@id\":\"https:\\\/\\\/tiketi.com\\\/ctm-bus\\\/#primaryimage\",\"url\":\"https:\\\/\\\/tiketi.com\\\/wp-content\\\/uploads\\\/2022\\\/01\\\/bus-ticket-online-booking.jpg\",\"contentUrl\":\"https:\\\/\\\/tiketi.com\\\/wp-content\\\/uploads\\\/2022\\\/01\\\/bus-ticket-online-booking.jpg\",\"width\":1200,\"height\":206,\"caption\":\"Online Bus Ticket Booking\"},{\"@type\":\"BreadcrumbList\",\"@id\":\"https:\\\/\\\/tiketi.com\\\/ctm-bus\\\/#breadcrumb\",\"itemListElement\":[{\"@type\":\"ListItem\",\"position\":1,\"name\":\"Home\",\"item\":\"https:\\\/\\\/tiketi.com\\\/\"},{\"@type\":\"ListItem\",\"position\":2,\"name\":\"CTM Bus Online Booking, Bus Tickets, Routes &#038; Fares\"}]},{\"@type\":\"WebSite\",\"@id\":\"https:\\\/\\\/tiketi.com\\\/#website\",\"url\":\"https:\\\/\\\/tiketi.com\\\/\",\"name\":\"Flight & Bus Tickets, Tour Packages & Activitites - Tiketi.com\",\"description\":\"Flight &amp; Bus Tickets, Tours, Activitites\",\"publisher\":{\"@id\":\"https:\\\/\\\/tiketi.com\\\/#organization\"},\"potentialAction\":[{\"@type\":\"SearchAction\",\"target\":{\"@type\":\"EntryPoint\",\"urlTemplate\":\"https:\\\/\\\/tiketi.com\\\/?s={search_term_string}\"},\"query-input\":{\"@type\":\"PropertyValueSpecification\",\"valueRequired\":true,\"valueName\":\"search_term_string\"}}],\"inLanguage\":\"fr-FR\"},{\"@type\":\"Organization\",\"@id\":\"https:\\\/\\\/tiketi.com\\\/#organization\",\"name\":\"Tiketi.com\",\"alternateName\":\"Tiketi\",\"url\":\"https:\\\/\\\/tiketi.com\\\/\",\"logo\":{\"@type\":\"ImageObject\",\"inLanguage\":\"fr-FR\",\"@id\":\"https:\\\/\\\/tiketi.com\\\/#\\\/schema\\\/logo\\\/image\\\/\",\"url\":\"https:\\\/\\\/tiketi.com\\\/wp-content\\\/uploads\\\/2019\\\/05\\\/tiketi-logo-696.png\",\"contentUrl\":\"https:\\\/\\\/tiketi.com\\\/wp-content\\\/uploads\\\/2019\\\/05\\\/tiketi-logo-696.png\",\"width\":696,\"height\":696,\"caption\":\"Tiketi.com\"},\"image\":{\"@id\":\"https:\\\/\\\/tiketi.com\\\/#\\\/schema\\\/logo\\\/image\\\/\"},\"sameAs\":[\"https:\\\/\\\/www.facebook.com\\\/TiketiCom\\\/\"]}]}<\/script>\n<!-- \/ Yoast SEO plugin. -->","yoast_head_json":{"title":"R\u00e9servation en ligne de bus CTM, r\u00e9servation de billets de bus","description":"Vous recherchez une r\u00e9servation en ligne, une application, des contacts, un itin\u00e9raire, un tarif et un horaire CTM Bus? R\u00e9servez d\u00e8s maintenant vos billets de bus en ligne CTM Bus pas chers","robots":{"index":"index","follow":"follow","max-snippet":"max-snippet:-1","max-image-preview":"max-image-preview:large","max-video-preview":"max-video-preview:-1"},"canonical":"https:\/\/tiketi.com\/fr-fr\/ctm-bus\/","og_locale":"fr_FR","og_type":"article","og_title":"CTM Bus Online Booking, Bus Tickets Reservation","og_description":"Looking for CTM Bus online booking, app, contacts, route, fare and schedule? Make a cheap CTM Bus online bus ticket booking now","og_url":"https:\/\/tiketi.com\/fr-fr\/ctm-bus\/","og_site_name":"Tiketi.com","article_publisher":"https:\/\/www.facebook.com\/TiketiCom\/","article_modified_time":"2022-02-11T14:23:09+00:00","og_image":[{"width":1200,"height":206,"url":"https:\/\/tiketi.com\/wp-content\/uploads\/2022\/01\/bus-ticket-online-booking.jpg","type":"image\/jpeg"}],"twitter_card":"summary_large_image","twitter_misc":{"Dur\u00e9e de lecture estim\u00e9e":"2 minutes"},"schema":{"@context":"https:\/\/schema.org","@graph":[{"@type":"WebPage","@id":"https:\/\/tiketi.com\/ctm-bus\/","url":"https:\/\/tiketi.com\/ctm-bus\/","name":"R\u00e9servation en ligne de bus CTM, r\u00e9servation de billets de bus","isPartOf":{"@id":"https:\/\/tiketi.com\/#website"},"primaryImageOfPage":{"@id":"https:\/\/tiketi.com\/ctm-bus\/#primaryimage"},"image":{"@id":"https:\/\/tiketi.com\/ctm-bus\/#primaryimage"},"thumbnailUrl":"https:\/\/tiketi.com\/wp-content\/uploads\/2022\/01\/bus-ticket-online-booking.jpg","datePublished":"2022-01-19T11:54:30+00:00","dateModified":"2022-02-11T14:23:09+00:00","description":"Vous recherchez une r\u00e9servation en ligne, une application, des contacts, un itin\u00e9raire, un tarif et un horaire CTM Bus? R\u00e9servez d\u00e8s maintenant vos billets de bus en ligne CTM Bus pas chers","breadcrumb":{"@id":"https:\/\/tiketi.com\/ctm-bus\/#breadcrumb"},"inLanguage":"fr-FR","potentialAction":[{"@type":"ReadAction","target":["https:\/\/tiketi.com\/ctm-bus\/"]}]},{"@type":"ImageObject","inLanguage":"fr-FR","@id":"https:\/\/tiketi.com\/ctm-bus\/#primaryimage","url":"https:\/\/tiketi.com\/wp-content\/uploads\/2022\/01\/bus-ticket-online-booking.jpg","contentUrl":"https:\/\/tiketi.com\/wp-content\/uploads\/2022\/01\/bus-ticket-online-booking.jpg","width":1200,"height":206,"caption":"Online Bus Ticket Booking"},{"@type":"BreadcrumbList","@id":"https:\/\/tiketi.com\/ctm-bus\/#breadcrumb","itemListElement":[{"@type":"ListItem","position":1,"name":"Home","item":"https:\/\/tiketi.com\/"},{"@type":"ListItem","position":2,"name":"CTM Bus Online Booking, Bus Tickets, Routes &#038; Fares"}]},{"@type":"WebSite","@id":"https:\/\/tiketi.com\/#website","url":"https:\/\/tiketi.com\/","name":"Billets d&#039;avion et de bus, forfaits touristiques et activit\u00e9s - Tiketi.com","description":"Billets d&#039;avion et de bus, Tours, Activit\u00e9s","publisher":{"@id":"https:\/\/tiketi.com\/#organization"},"potentialAction":[{"@type":"SearchAction","target":{"@type":"EntryPoint","urlTemplate":"https:\/\/tiketi.com\/?s={search_term_string}"},"query-input":{"@type":"PropertyValueSpecification","valueRequired":true,"valueName":"search_term_string"}}],"inLanguage":"fr-FR"},{"@type":"Organization","@id":"https:\/\/tiketi.com\/#organization","name":"Tiketi.com","alternateName":"Tiketi","url":"https:\/\/tiketi.com\/","logo":{"@type":"ImageObject","inLanguage":"fr-FR","@id":"https:\/\/tiketi.com\/#\/schema\/logo\/image\/","url":"https:\/\/tiketi.com\/wp-content\/uploads\/2019\/05\/tiketi-logo-696.png","contentUrl":"https:\/\/tiketi.com\/wp-content\/uploads\/2019\/05\/tiketi-logo-696.png","width":696,"height":696,"caption":"Tiketi.com"},"image":{"@id":"https:\/\/tiketi.com\/#\/schema\/logo\/image\/"},"sameAs":["https:\/\/www.facebook.com\/TiketiCom\/"]}]}},"_links":{"self":[{"href":"https:\/\/tiketi.com\/fr-fr\/wp-json\/wp\/v2\/pages\/11314","targetHints":{"allow":["GET"]}}],"collection":[{"href":"https:\/\/tiketi.com\/fr-fr\/wp-json\/wp\/v2\/pages"}],"about":[{"href":"https:\/\/tiketi.com\/fr-fr\/wp-json\/wp\/v2\/types\/page"}],"author":[{"embeddable":true,"href":"https:\/\/tiketi.com\/fr-fr\/wp-json\/wp\/v2\/users\/1"}],"replies":[{"embeddable":true,"href":"https:\/\/tiketi.com\/fr-fr\/wp-json\/wp\/v2\/comments?post=11314"}],"version-history":[{"count":0,"href":"https:\/\/tiketi.com\/fr-fr\/wp-json\/wp\/v2\/pages\/11314\/revisions"}],"wp:featuredmedia":[{"embeddable":true,"href":"https:\/\/tiketi.com\/fr-fr\/wp-json\/wp\/v2\/media\/13999"}],"wp:attachment":[{"href":"https:\/\/tiketi.com\/fr-fr\/wp-json\/wp\/v2\/media?parent=11314"}],"curies":[{"name":"wp","href":"https:\/\/api.w.org\/{rel}","templated":true}]}}