{"id":11315,"date":"2022-01-19T12:54:30","date_gmt":"2022-01-19T11:54:30","guid":{"rendered":"https:\/\/new.tiketi.com\/mzansi-express-online-booking-bus-tickets-reservation\/"},"modified":"2022-02-17T14:27:56","modified_gmt":"2022-02-17T13:27:56","slug":"mzansi-express-bus","status":"publish","type":"page","link":"https:\/\/tiketi.com\/fr-fr\/mzansi-express-bus\/","title":{"rendered":"R\u00e9servation en ligne Mzansi Express, billets de bus, itin\u00e9raire, horaires et tarifs"},"content":{"rendered":"<h2>R\u00e9servation de billets de bus en ligne Mzansi Express pas cher<\/h2>\n<h3>D\u00e9couvrez votre itin\u00e9raire de voyage sur le web, le mobile ou l&#039;application et r\u00e9servez d\u00e8s maintenant en ligne des billets de bus Mzansi Express pas chers.<\/h3>\n<p>La r\u00e9servation en ligne de Mzansi Express en toute simplicit\u00e9. La compagnie de bus Mzansi Express, connue de beaucoup pour offrir aux passagers des voyages quotidiens de luxe du Zimbabwe \u00e0 l&#039;Afrique du Sud. Il en va de m\u00eame pour la r\u00e9servation de billets de bus en ligne Mzansi Express maintenant!<\/p>\n<h2>FAQ sur la r\u00e9servation en ligne de Mzansi Express<\/h2>\n<h3>Quels sont les c\u00e9l\u00e8bres itin\u00e9raires couverts par Mzansi Express ?<\/h3>\n<p>\u2022 De Johannesburg \u00e0 Bulawayo via Musina, Polokwane, Gwanda et Beitbridge.<br \/>\n\u2022 De Johannesburg \u00e0 Chegutu via Ngundu, Beitbridge, Musina, Gweru, Shurugwi, Kadoma et Kwekwe.<br \/>\n\u2022 Johannesburg \u00e0 Mutare et Chipinge<\/p>\n<h3>Flotte Mzansi Express<\/h3>\n<p>Mzansi Express est enti\u00e8rement \u00e9quip\u00e9 d&#039;une large gamme de v\u00e9hicules et d&#039;autocars de luxe New Model bien entretenus.<\/p>\n<p>Pour garantir un service de qualit\u00e9, rapide et efficace, l&#039;\u00e2ge moyen de notre flotte est maintenu \u00e0 3 ans et les v\u00e9hicules les plus r\u00e9cents sont achet\u00e9s chaque ann\u00e9e.<\/p>\n<p>Leurs v\u00e9hicules sont r\u00e9guli\u00e8rement entretenus et strictement entretenus pour \u00e9tablir les calendriers d&#039;entretien des producteurs par leurs experts m\u00e9caniciens internes et Scania Zimbabwe et Afrique du Sud.<\/p>\n<h3>Quelles sont les coordonn\u00e9es de Mzansi Express &amp; bus ?<\/h3>\n<p>Mzansi Express, 233 Main Road, Newtown, Johannesburg, Afrique du Sud<\/p>\n<p>Nokel Security No55A, entre 4e et 5e avenue \/ G Silundika<\/p>\n<h2>Conseils de r\u00e9servation de billets de bus en ligne Mzansi Express<\/h2>\n<p>Mzansi Express fond\u00e9e par Cabangani Dylan Mangena en 2007, cette soci\u00e9t\u00e9 a notamment pour objectif de desservir la route Johannesburg-Bulawayo. Ils \u00e9tendent actuellement nos services en Afrique du Sud et visent \u00e0 les \u00e9tendre au Botswana, en Zambie et en Angola, au Malawi, au Zimbabwe, en Angola et en Namibie, au Mozambique et au Congo. Il en va de m\u00eame pour la r\u00e9servation de billets de bus en ligne Mzansi Express maintenant!<\/p>\n<p>La compagnie de bus a son si\u00e8ge social \u00e0 Johannesburg et poss\u00e8de un d\u00e9p\u00f4t \u00e0 Bulawayo, au Zimbabwe. Les entreprises et les passagers se sont vu proposer des services tels que des installations d&#039;entreposage et de stockage, des services de consolidation de charge, de livraison porte \u00e0 porte, entre autres.<\/p>","protected":false},"excerpt":{"rendered":"<p>Cheap Mzansi Express Online Bus Ticket Booking Discover your travel route on web, mobile or app and book cheap Mzansi Express bus tickets online now. Mzansi Express online booking made easy. The Mzansi Express bus company, known to many for offering passengers with daily luxury trips from Zimbabwe to South Africa. So do Mzansi Express [&hellip;]<\/p>\n","protected":false},"author":1,"featured_media":13999,"parent":0,"menu_order":0,"comment_status":"open","ping_status":"closed","template":"template-home-modern.php","meta":{"footnotes":""},"class_list":["post-11315","page","type-page","status-publish","has-post-thumbnail","hentry"],"yoast_head":"<!-- This site is optimized with the Yoast SEO plugin v27.3 - https:\/\/yoast.com\/product\/yoast-seo-wordpress\/ -->\n<title>Mzansi Express Online Booking, Bus Tickets, Route, Schedule &amp; Fare<\/title>\n<meta name=\"description\" content=\"Looking for Mzansi Express online booking, app, contacts, routes, fare and schedule? Make cheap Mzansi Express online bus ticket booking online now\" \/>\n<meta name=\"robots\" content=\"index, follow, max-snippet:-1, max-image-preview:large, max-video-preview:-1\" \/>\n<link rel=\"canonical\" href=\"https:\/\/tiketi.com\/fr-fr\/mzansi-express-bus\/\" \/>\n<meta property=\"og:locale\" content=\"fr_FR\" \/>\n<meta property=\"og:type\" content=\"article\" \/>\n<meta property=\"og:title\" content=\"Mzansi Express Online Booking, Bus Tickets, Route, Schedule &amp; Fare\" \/>\n<meta property=\"og:description\" content=\"Looking for Mzansi Express online booking, app, contacts, routes, fare and schedule? Make cheap Mzansi Express online bus ticket booking online now\" \/>\n<meta property=\"og:url\" content=\"https:\/\/tiketi.com\/fr-fr\/mzansi-express-bus\/\" \/>\n<meta property=\"og:site_name\" content=\"Tiketi.com\" \/>\n<meta property=\"article:publisher\" content=\"https:\/\/www.facebook.com\/TiketiCom\/\" \/>\n<meta property=\"article:modified_time\" content=\"2022-02-17T13:27:56+00:00\" \/>\n<meta property=\"og:image\" content=\"https:\/\/tiketi.com\/wp-content\/uploads\/2022\/01\/bus-ticket-online-booking.jpg\" \/>\n\t<meta property=\"og:image:width\" content=\"1200\" \/>\n\t<meta property=\"og:image:height\" content=\"206\" \/>\n\t<meta property=\"og:image:type\" content=\"image\/jpeg\" \/>\n<meta name=\"twitter:card\" content=\"summary_large_image\" \/>\n<meta name=\"twitter:label1\" content=\"Dur\u00e9e de lecture estim\u00e9e\" \/>\n\t<meta name=\"twitter:data1\" content=\"2 minutes\" \/>\n<script type=\"application\/ld+json\" class=\"yoast-schema-graph\">{\"@context\":\"https:\\\/\\\/schema.org\",\"@graph\":[{\"@type\":\"WebPage\",\"@id\":\"https:\\\/\\\/tiketi.com\\\/mzansi-express-bus\\\/\",\"url\":\"https:\\\/\\\/tiketi.com\\\/mzansi-express-bus\\\/\",\"name\":\"Mzansi Express Online Booking, Bus Tickets, Route, Schedule & Fare\",\"isPartOf\":{\"@id\":\"https:\\\/\\\/tiketi.com\\\/#website\"},\"primaryImageOfPage\":{\"@id\":\"https:\\\/\\\/tiketi.com\\\/mzansi-express-bus\\\/#primaryimage\"},\"image\":{\"@id\":\"https:\\\/\\\/tiketi.com\\\/mzansi-express-bus\\\/#primaryimage\"},\"thumbnailUrl\":\"https:\\\/\\\/tiketi.com\\\/wp-content\\\/uploads\\\/2022\\\/01\\\/bus-ticket-online-booking.jpg\",\"datePublished\":\"2022-01-19T11:54:30+00:00\",\"dateModified\":\"2022-02-17T13:27:56+00:00\",\"description\":\"Looking for Mzansi Express online booking, app, contacts, routes, fare and schedule? Make cheap Mzansi Express online bus ticket booking online now\",\"breadcrumb\":{\"@id\":\"https:\\\/\\\/tiketi.com\\\/mzansi-express-bus\\\/#breadcrumb\"},\"inLanguage\":\"fr-FR\",\"potentialAction\":[{\"@type\":\"ReadAction\",\"target\":[\"https:\\\/\\\/tiketi.com\\\/mzansi-express-bus\\\/\"]}]},{\"@type\":\"ImageObject\",\"inLanguage\":\"fr-FR\",\"@id\":\"https:\\\/\\\/tiketi.com\\\/mzansi-express-bus\\\/#primaryimage\",\"url\":\"https:\\\/\\\/tiketi.com\\\/wp-content\\\/uploads\\\/2022\\\/01\\\/bus-ticket-online-booking.jpg\",\"contentUrl\":\"https:\\\/\\\/tiketi.com\\\/wp-content\\\/uploads\\\/2022\\\/01\\\/bus-ticket-online-booking.jpg\",\"width\":1200,\"height\":206,\"caption\":\"Online Bus Ticket Booking\"},{\"@type\":\"BreadcrumbList\",\"@id\":\"https:\\\/\\\/tiketi.com\\\/mzansi-express-bus\\\/#breadcrumb\",\"itemListElement\":[{\"@type\":\"ListItem\",\"position\":1,\"name\":\"Home\",\"item\":\"https:\\\/\\\/tiketi.com\\\/\"},{\"@type\":\"ListItem\",\"position\":2,\"name\":\"Mzansi Express Online Booking, Bus Tickets, Route, Schedule &#038; Fare\"}]},{\"@type\":\"WebSite\",\"@id\":\"https:\\\/\\\/tiketi.com\\\/#website\",\"url\":\"https:\\\/\\\/tiketi.com\\\/\",\"name\":\"Flight & Bus Tickets, Tour Packages & Activitites - Tiketi.com\",\"description\":\"Flight &amp; Bus Tickets, Tours, Activitites\",\"publisher\":{\"@id\":\"https:\\\/\\\/tiketi.com\\\/#organization\"},\"potentialAction\":[{\"@type\":\"SearchAction\",\"target\":{\"@type\":\"EntryPoint\",\"urlTemplate\":\"https:\\\/\\\/tiketi.com\\\/?s={search_term_string}\"},\"query-input\":{\"@type\":\"PropertyValueSpecification\",\"valueRequired\":true,\"valueName\":\"search_term_string\"}}],\"inLanguage\":\"fr-FR\"},{\"@type\":\"Organization\",\"@id\":\"https:\\\/\\\/tiketi.com\\\/#organization\",\"name\":\"Tiketi.com\",\"alternateName\":\"Tiketi\",\"url\":\"https:\\\/\\\/tiketi.com\\\/\",\"logo\":{\"@type\":\"ImageObject\",\"inLanguage\":\"fr-FR\",\"@id\":\"https:\\\/\\\/tiketi.com\\\/#\\\/schema\\\/logo\\\/image\\\/\",\"url\":\"https:\\\/\\\/tiketi.com\\\/wp-content\\\/uploads\\\/2019\\\/05\\\/tiketi-logo-696.png\",\"contentUrl\":\"https:\\\/\\\/tiketi.com\\\/wp-content\\\/uploads\\\/2019\\\/05\\\/tiketi-logo-696.png\",\"width\":696,\"height\":696,\"caption\":\"Tiketi.com\"},\"image\":{\"@id\":\"https:\\\/\\\/tiketi.com\\\/#\\\/schema\\\/logo\\\/image\\\/\"},\"sameAs\":[\"https:\\\/\\\/www.facebook.com\\\/TiketiCom\\\/\"]}]}<\/script>\n<!-- \/ Yoast SEO plugin. -->","yoast_head_json":{"title":"R\u00e9servation en ligne Mzansi Express, billets de bus, itin\u00e9raire, horaires et tarifs","description":"Vous recherchez une r\u00e9servation en ligne, une application, des contacts, des itin\u00e9raires, des tarifs et des horaires pour Mzansi Express\u00a0? Faites la r\u00e9servation de billets de bus en ligne Mzansi Express pas cher en ligne maintenant","robots":{"index":"index","follow":"follow","max-snippet":"max-snippet:-1","max-image-preview":"max-image-preview:large","max-video-preview":"max-video-preview:-1"},"canonical":"https:\/\/tiketi.com\/fr-fr\/mzansi-express-bus\/","og_locale":"fr_FR","og_type":"article","og_title":"Mzansi Express Online Booking, Bus Tickets, Route, Schedule & Fare","og_description":"Looking for Mzansi Express online booking, app, contacts, routes, fare and schedule? Make cheap Mzansi Express online bus ticket booking online now","og_url":"https:\/\/tiketi.com\/fr-fr\/mzansi-express-bus\/","og_site_name":"Tiketi.com","article_publisher":"https:\/\/www.facebook.com\/TiketiCom\/","article_modified_time":"2022-02-17T13:27:56+00:00","og_image":[{"width":1200,"height":206,"url":"https:\/\/tiketi.com\/wp-content\/uploads\/2022\/01\/bus-ticket-online-booking.jpg","type":"image\/jpeg"}],"twitter_card":"summary_large_image","twitter_misc":{"Dur\u00e9e de lecture estim\u00e9e":"2 minutes"},"schema":{"@context":"https:\/\/schema.org","@graph":[{"@type":"WebPage","@id":"https:\/\/tiketi.com\/mzansi-express-bus\/","url":"https:\/\/tiketi.com\/mzansi-express-bus\/","name":"R\u00e9servation en ligne Mzansi Express, billets de bus, itin\u00e9raire, horaires et tarifs","isPartOf":{"@id":"https:\/\/tiketi.com\/#website"},"primaryImageOfPage":{"@id":"https:\/\/tiketi.com\/mzansi-express-bus\/#primaryimage"},"image":{"@id":"https:\/\/tiketi.com\/mzansi-express-bus\/#primaryimage"},"thumbnailUrl":"https:\/\/tiketi.com\/wp-content\/uploads\/2022\/01\/bus-ticket-online-booking.jpg","datePublished":"2022-01-19T11:54:30+00:00","dateModified":"2022-02-17T13:27:56+00:00","description":"Vous recherchez une r\u00e9servation en ligne, une application, des contacts, des itin\u00e9raires, des tarifs et des horaires pour Mzansi Express\u00a0? Faites la r\u00e9servation de billets de bus en ligne Mzansi Express pas cher en ligne maintenant","breadcrumb":{"@id":"https:\/\/tiketi.com\/mzansi-express-bus\/#breadcrumb"},"inLanguage":"fr-FR","potentialAction":[{"@type":"ReadAction","target":["https:\/\/tiketi.com\/mzansi-express-bus\/"]}]},{"@type":"ImageObject","inLanguage":"fr-FR","@id":"https:\/\/tiketi.com\/mzansi-express-bus\/#primaryimage","url":"https:\/\/tiketi.com\/wp-content\/uploads\/2022\/01\/bus-ticket-online-booking.jpg","contentUrl":"https:\/\/tiketi.com\/wp-content\/uploads\/2022\/01\/bus-ticket-online-booking.jpg","width":1200,"height":206,"caption":"Online Bus Ticket Booking"},{"@type":"BreadcrumbList","@id":"https:\/\/tiketi.com\/mzansi-express-bus\/#breadcrumb","itemListElement":[{"@type":"ListItem","position":1,"name":"Home","item":"https:\/\/tiketi.com\/"},{"@type":"ListItem","position":2,"name":"Mzansi Express Online Booking, Bus Tickets, Route, Schedule &#038; Fare"}]},{"@type":"WebSite","@id":"https:\/\/tiketi.com\/#website","url":"https:\/\/tiketi.com\/","name":"Billets d&#039;avion et de bus, forfaits touristiques et activit\u00e9s - Tiketi.com","description":"Billets d&#039;avion et de bus, Tours, Activit\u00e9s","publisher":{"@id":"https:\/\/tiketi.com\/#organization"},"potentialAction":[{"@type":"SearchAction","target":{"@type":"EntryPoint","urlTemplate":"https:\/\/tiketi.com\/?s={search_term_string}"},"query-input":{"@type":"PropertyValueSpecification","valueRequired":true,"valueName":"search_term_string"}}],"inLanguage":"fr-FR"},{"@type":"Organization","@id":"https:\/\/tiketi.com\/#organization","name":"Tiketi.com","alternateName":"Tiketi","url":"https:\/\/tiketi.com\/","logo":{"@type":"ImageObject","inLanguage":"fr-FR","@id":"https:\/\/tiketi.com\/#\/schema\/logo\/image\/","url":"https:\/\/tiketi.com\/wp-content\/uploads\/2019\/05\/tiketi-logo-696.png","contentUrl":"https:\/\/tiketi.com\/wp-content\/uploads\/2019\/05\/tiketi-logo-696.png","width":696,"height":696,"caption":"Tiketi.com"},"image":{"@id":"https:\/\/tiketi.com\/#\/schema\/logo\/image\/"},"sameAs":["https:\/\/www.facebook.com\/TiketiCom\/"]}]}},"_links":{"self":[{"href":"https:\/\/tiketi.com\/fr-fr\/wp-json\/wp\/v2\/pages\/11315","targetHints":{"allow":["GET"]}}],"collection":[{"href":"https:\/\/tiketi.com\/fr-fr\/wp-json\/wp\/v2\/pages"}],"about":[{"href":"https:\/\/tiketi.com\/fr-fr\/wp-json\/wp\/v2\/types\/page"}],"author":[{"embeddable":true,"href":"https:\/\/tiketi.com\/fr-fr\/wp-json\/wp\/v2\/users\/1"}],"replies":[{"embeddable":true,"href":"https:\/\/tiketi.com\/fr-fr\/wp-json\/wp\/v2\/comments?post=11315"}],"version-history":[{"count":0,"href":"https:\/\/tiketi.com\/fr-fr\/wp-json\/wp\/v2\/pages\/11315\/revisions"}],"wp:featuredmedia":[{"embeddable":true,"href":"https:\/\/tiketi.com\/fr-fr\/wp-json\/wp\/v2\/media\/13999"}],"wp:attachment":[{"href":"https:\/\/tiketi.com\/fr-fr\/wp-json\/wp\/v2\/media?parent=11315"}],"curies":[{"name":"wp","href":"https:\/\/api.w.org\/{rel}","templated":true}]}}