{"id":11317,"date":"2022-01-19T12:54:30","date_gmt":"2022-01-19T11:54:30","guid":{"rendered":"https:\/\/new.tiketi.com\/mazhandu-family-bus-online-booking-bus-tickets-reservation\/"},"modified":"2022-02-17T12:05:56","modified_gmt":"2022-02-17T11:05:56","slug":"mazhandu-family-bus-services","status":"publish","type":"page","link":"https:\/\/tiketi.com\/fr-fr\/mazhandu-family-bus-services\/","title":{"rendered":"R\u00e9servation en ligne de bus familial Mazhandu, r\u00e9servation de billets de bus"},"content":{"rendered":"<h2>Mazhandu Family Bus R\u00e9servation de billets de bus en ligne<\/h2>\n<h3>D\u00e9couvrez votre itin\u00e9raire de voyage sur le web, le mobile ou l&#039;application et r\u00e9servez d\u00e8s maintenant des billets de bus Mazhandu Family pas chers en ligne.<\/h3>\n<p>Mazhandu Family bus r\u00e9servation en ligne facile. Fond\u00e9e en 1983, Mazhandu Family Bus Services offre aux voyageurs d&#039;aventure, aux hommes d&#039;affaires et au grand public un service d&#039;autocars sup\u00e9rieur, luxueux et fiable de Lusaka \u00e0 Livingstone et \u00e0 la Copperbelt. Il en va de m\u00eame pour la r\u00e9servation de billets de bus en ligne Mazhandu Family bus maintenant!<\/p>\n<h2>FAQ sur la r\u00e9servation en ligne du bus familial Mazhandu<\/h2>\n<h3>Quels sont les itin\u00e9raires c\u00e9l\u00e8bres couverts par les services de bus Mazhandu Family ?<\/h3>\n<p>Le service de bus familial Mazhandu g\u00e8re une flotte de vingt-six autocars de luxe et dix-sept autocars semi-luxe entre Katima Mulilo et Lusaka. Tous les autocars sont \u00e9quip\u00e9s de ceintures de s\u00e9curit\u00e9 et \u00e9quip\u00e9s de trousses de premiers secours et d&#039;extincteurs. Des collations et des rafra\u00eechissements sont accessibles \u00e0 bord.<\/p>\n<p>Les autocars sont entretenus et entretenus dans l&#039;atelier de l&#039;entreprise par des m\u00e9caniciens experts internes. Dans les rares cas de panne, un bus de secours est d\u00e9p\u00each\u00e9 rapidement.<\/p>\n<p>L&#039;itin\u00e9raire depuis Lusaka s&#039;arr\u00eate \u00e0 Choma, Monze, Kazungula, Livingstone, Katimamulilo et Sesheke, y compris des arr\u00eats dans les petites villes.<\/p>\n<h3>Lignes de la flotte de services de bus Mazhandu Family<\/h3>\n<p>Les bus circulent de 6h00 \u00e0 19h30 avec 9 trajets par jour dans chaque sens. Il existe \u00e9galement un service quotidien de Lusaka \u00e0 Mongu \u00e0 13h30.<\/p>\n<p>La pr\u00e9-r\u00e9servation est accessible 1 jour \u00e0 l&#039;avance. Mazhandu g\u00e8re \u00e9galement un programme de fid\u00e9lit\u00e9 pour r\u00e9compenser ses passagers r\u00e9guliers. Avec chaque tranche de 10 billets de bus qu&#039;un passager accumule, il a droit \u00e0 1 billet gratuit.<\/p>\n<h3>Nombre de bus de la famille Mazhandu<\/h3>\n<p>La flotte de bus de la famille Mazhandu se compose de quarante bus qui contiennent vingt-six autocars de luxe et dix-sept autocars semi-luxe.<\/p>\n<p>Notre service d&#039;autocars r\u00e9pond aux normes internationales. Chaque bus est \u00e9quip\u00e9 de trousses de premiers secours, de fen\u00eatres coulissantes, d&#039;extincteurs, de syst\u00e8mes de musique et de t\u00e9l\u00e9vision.<\/p>\n<p>De plus, les autocars super luxueux sont \u00e9quip\u00e9s d&#039;une t\u00e9l\u00e9vision \u00e0 \u00e9cran plasma et de si\u00e8ges inclinables, ce qui est id\u00e9al pour le confort des voyages longue distance.<\/p>\n<h3>Quelles sont les coordonn\u00e9es des bus Mazhandu Family ?<\/h3>\n<p>Mazhandu Family Bus Services Ltd<\/p>\n<p>Terminus de bus interurbain, Dedan Kimathi Road<br \/>\nKamwala, Lusaka, Zambie<\/p>\n<h2>Mazhandu Family Bus Conseils de r\u00e9servation de billets de bus en ligne<\/h2>\n<p>La compagnie de bus a \u00e9galement une ligne vers Kazangula et une vers Katimamulilo. Les principales normes auxquelles Mazhandu adh\u00e8re sont l&#039;importance de la gestion du temps, un haut niveau de s\u00e9curit\u00e9, des services standard et des forfaits de voyage fiables avec la r\u00e9servation de billets de bus en ligne.<\/p>","protected":false},"excerpt":{"rendered":"<p>Mazhandu Family Bus Online Bus Ticket Booking Discover your travel route on web, mobile or app and book cheap Mazhandu Family bus tickets online now. Mazhandu Family bus\u00a0online booking made easy. Established in 1983, Mazhandu family bus services provides adventure travellers, businessmen and the public at big a superior, luxury and reliable coach service from [&hellip;]<\/p>\n","protected":false},"author":1,"featured_media":13999,"parent":0,"menu_order":0,"comment_status":"open","ping_status":"closed","template":"template-home-modern.php","meta":{"footnotes":""},"class_list":["post-11317","page","type-page","status-publish","has-post-thumbnail","hentry"],"yoast_head":"<!-- This site is optimized with the Yoast SEO plugin v27.3 - https:\/\/yoast.com\/product\/yoast-seo-wordpress\/ -->\n<title>Mazhandu Family Bus Online Booking, Bus Tickets, Routes &amp; Fares<\/title>\n<meta name=\"description\" content=\"Looking for Mazhandu Family bus online booking, app, contacts, bus routes, fare and schedule? Do cheap Mazhandu Family bus online bus ticket booking\" \/>\n<meta name=\"robots\" content=\"index, follow, max-snippet:-1, max-image-preview:large, max-video-preview:-1\" \/>\n<link rel=\"canonical\" href=\"https:\/\/tiketi.com\/fr-fr\/mazhandu-family-bus-services\/\" \/>\n<meta property=\"og:locale\" content=\"fr_FR\" \/>\n<meta property=\"og:type\" content=\"article\" \/>\n<meta property=\"og:title\" content=\"Mazhandu Family Bus Online Booking, Bus Tickets, Routes &amp; Fares\" \/>\n<meta property=\"og:description\" content=\"Looking for Mazhandu Family bus online booking, app, contacts, bus routes, fare and schedule? Do cheap Mazhandu Family bus online bus ticket booking\" \/>\n<meta property=\"og:url\" content=\"https:\/\/tiketi.com\/fr-fr\/mazhandu-family-bus-services\/\" \/>\n<meta property=\"og:site_name\" content=\"Tiketi.com\" \/>\n<meta property=\"article:publisher\" content=\"https:\/\/www.facebook.com\/TiketiCom\/\" \/>\n<meta property=\"article:modified_time\" content=\"2022-02-17T11:05:56+00:00\" \/>\n<meta property=\"og:image\" content=\"https:\/\/tiketi.com\/wp-content\/uploads\/2022\/01\/bus-ticket-online-booking.jpg\" \/>\n\t<meta property=\"og:image:width\" content=\"1200\" \/>\n\t<meta property=\"og:image:height\" content=\"206\" \/>\n\t<meta property=\"og:image:type\" content=\"image\/jpeg\" \/>\n<meta name=\"twitter:card\" content=\"summary_large_image\" \/>\n<meta name=\"twitter:label1\" content=\"Dur\u00e9e de lecture estim\u00e9e\" \/>\n\t<meta name=\"twitter:data1\" content=\"2 minutes\" \/>\n<script type=\"application\/ld+json\" class=\"yoast-schema-graph\">{\"@context\":\"https:\\\/\\\/schema.org\",\"@graph\":[{\"@type\":\"WebPage\",\"@id\":\"https:\\\/\\\/tiketi.com\\\/mazhandu-family-bus-services\\\/\",\"url\":\"https:\\\/\\\/tiketi.com\\\/mazhandu-family-bus-services\\\/\",\"name\":\"Mazhandu Family Bus Online Booking, Bus Tickets, Routes & Fares\",\"isPartOf\":{\"@id\":\"https:\\\/\\\/tiketi.com\\\/#website\"},\"primaryImageOfPage\":{\"@id\":\"https:\\\/\\\/tiketi.com\\\/mazhandu-family-bus-services\\\/#primaryimage\"},\"image\":{\"@id\":\"https:\\\/\\\/tiketi.com\\\/mazhandu-family-bus-services\\\/#primaryimage\"},\"thumbnailUrl\":\"https:\\\/\\\/tiketi.com\\\/wp-content\\\/uploads\\\/2022\\\/01\\\/bus-ticket-online-booking.jpg\",\"datePublished\":\"2022-01-19T11:54:30+00:00\",\"dateModified\":\"2022-02-17T11:05:56+00:00\",\"description\":\"Looking for Mazhandu Family bus online booking, app, contacts, bus routes, fare and schedule? Do cheap Mazhandu Family bus online bus ticket booking\",\"breadcrumb\":{\"@id\":\"https:\\\/\\\/tiketi.com\\\/mazhandu-family-bus-services\\\/#breadcrumb\"},\"inLanguage\":\"fr-FR\",\"potentialAction\":[{\"@type\":\"ReadAction\",\"target\":[\"https:\\\/\\\/tiketi.com\\\/mazhandu-family-bus-services\\\/\"]}]},{\"@type\":\"ImageObject\",\"inLanguage\":\"fr-FR\",\"@id\":\"https:\\\/\\\/tiketi.com\\\/mazhandu-family-bus-services\\\/#primaryimage\",\"url\":\"https:\\\/\\\/tiketi.com\\\/wp-content\\\/uploads\\\/2022\\\/01\\\/bus-ticket-online-booking.jpg\",\"contentUrl\":\"https:\\\/\\\/tiketi.com\\\/wp-content\\\/uploads\\\/2022\\\/01\\\/bus-ticket-online-booking.jpg\",\"width\":1200,\"height\":206,\"caption\":\"Online Bus Ticket Booking\"},{\"@type\":\"BreadcrumbList\",\"@id\":\"https:\\\/\\\/tiketi.com\\\/mazhandu-family-bus-services\\\/#breadcrumb\",\"itemListElement\":[{\"@type\":\"ListItem\",\"position\":1,\"name\":\"Home\",\"item\":\"https:\\\/\\\/tiketi.com\\\/\"},{\"@type\":\"ListItem\",\"position\":2,\"name\":\"Mazhandu Family Bus Online Booking, Bus Tickets Reservation\"}]},{\"@type\":\"WebSite\",\"@id\":\"https:\\\/\\\/tiketi.com\\\/#website\",\"url\":\"https:\\\/\\\/tiketi.com\\\/\",\"name\":\"Flight & Bus Tickets, Tour Packages & Activitites - Tiketi.com\",\"description\":\"Flight &amp; Bus Tickets, Tours, Activitites\",\"publisher\":{\"@id\":\"https:\\\/\\\/tiketi.com\\\/#organization\"},\"potentialAction\":[{\"@type\":\"SearchAction\",\"target\":{\"@type\":\"EntryPoint\",\"urlTemplate\":\"https:\\\/\\\/tiketi.com\\\/?s={search_term_string}\"},\"query-input\":{\"@type\":\"PropertyValueSpecification\",\"valueRequired\":true,\"valueName\":\"search_term_string\"}}],\"inLanguage\":\"fr-FR\"},{\"@type\":\"Organization\",\"@id\":\"https:\\\/\\\/tiketi.com\\\/#organization\",\"name\":\"Tiketi.com\",\"alternateName\":\"Tiketi\",\"url\":\"https:\\\/\\\/tiketi.com\\\/\",\"logo\":{\"@type\":\"ImageObject\",\"inLanguage\":\"fr-FR\",\"@id\":\"https:\\\/\\\/tiketi.com\\\/#\\\/schema\\\/logo\\\/image\\\/\",\"url\":\"https:\\\/\\\/tiketi.com\\\/wp-content\\\/uploads\\\/2019\\\/05\\\/tiketi-logo-696.png\",\"contentUrl\":\"https:\\\/\\\/tiketi.com\\\/wp-content\\\/uploads\\\/2019\\\/05\\\/tiketi-logo-696.png\",\"width\":696,\"height\":696,\"caption\":\"Tiketi.com\"},\"image\":{\"@id\":\"https:\\\/\\\/tiketi.com\\\/#\\\/schema\\\/logo\\\/image\\\/\"},\"sameAs\":[\"https:\\\/\\\/www.facebook.com\\\/TiketiCom\\\/\"]}]}<\/script>\n<!-- \/ Yoast SEO plugin. -->","yoast_head_json":{"title":"Mazhandu Family Bus R\u00e9servation en ligne, billets de bus, itin\u00e9raires et tarifs","description":"Vous recherchez une r\u00e9servation en ligne de bus Mazhandu Family, une application, des contacts, des itin\u00e9raires de bus, des tarifs et des horaires? Faites la r\u00e9servation de billets de bus en ligne pas cher Mazhandu Family bus","robots":{"index":"index","follow":"follow","max-snippet":"max-snippet:-1","max-image-preview":"max-image-preview:large","max-video-preview":"max-video-preview:-1"},"canonical":"https:\/\/tiketi.com\/fr-fr\/mazhandu-family-bus-services\/","og_locale":"fr_FR","og_type":"article","og_title":"Mazhandu Family Bus Online Booking, Bus Tickets, Routes & Fares","og_description":"Looking for Mazhandu Family bus online booking, app, contacts, bus routes, fare and schedule? Do cheap Mazhandu Family bus online bus ticket booking","og_url":"https:\/\/tiketi.com\/fr-fr\/mazhandu-family-bus-services\/","og_site_name":"Tiketi.com","article_publisher":"https:\/\/www.facebook.com\/TiketiCom\/","article_modified_time":"2022-02-17T11:05:56+00:00","og_image":[{"width":1200,"height":206,"url":"https:\/\/tiketi.com\/wp-content\/uploads\/2022\/01\/bus-ticket-online-booking.jpg","type":"image\/jpeg"}],"twitter_card":"summary_large_image","twitter_misc":{"Dur\u00e9e de lecture estim\u00e9e":"2 minutes"},"schema":{"@context":"https:\/\/schema.org","@graph":[{"@type":"WebPage","@id":"https:\/\/tiketi.com\/mazhandu-family-bus-services\/","url":"https:\/\/tiketi.com\/mazhandu-family-bus-services\/","name":"Mazhandu Family Bus R\u00e9servation en ligne, billets de bus, itin\u00e9raires et tarifs","isPartOf":{"@id":"https:\/\/tiketi.com\/#website"},"primaryImageOfPage":{"@id":"https:\/\/tiketi.com\/mazhandu-family-bus-services\/#primaryimage"},"image":{"@id":"https:\/\/tiketi.com\/mazhandu-family-bus-services\/#primaryimage"},"thumbnailUrl":"https:\/\/tiketi.com\/wp-content\/uploads\/2022\/01\/bus-ticket-online-booking.jpg","datePublished":"2022-01-19T11:54:30+00:00","dateModified":"2022-02-17T11:05:56+00:00","description":"Vous recherchez une r\u00e9servation en ligne de bus Mazhandu Family, une application, des contacts, des itin\u00e9raires de bus, des tarifs et des horaires? Faites la r\u00e9servation de billets de bus en ligne pas cher Mazhandu Family bus","breadcrumb":{"@id":"https:\/\/tiketi.com\/mazhandu-family-bus-services\/#breadcrumb"},"inLanguage":"fr-FR","potentialAction":[{"@type":"ReadAction","target":["https:\/\/tiketi.com\/mazhandu-family-bus-services\/"]}]},{"@type":"ImageObject","inLanguage":"fr-FR","@id":"https:\/\/tiketi.com\/mazhandu-family-bus-services\/#primaryimage","url":"https:\/\/tiketi.com\/wp-content\/uploads\/2022\/01\/bus-ticket-online-booking.jpg","contentUrl":"https:\/\/tiketi.com\/wp-content\/uploads\/2022\/01\/bus-ticket-online-booking.jpg","width":1200,"height":206,"caption":"Online Bus Ticket Booking"},{"@type":"BreadcrumbList","@id":"https:\/\/tiketi.com\/mazhandu-family-bus-services\/#breadcrumb","itemListElement":[{"@type":"ListItem","position":1,"name":"Home","item":"https:\/\/tiketi.com\/"},{"@type":"ListItem","position":2,"name":"Mazhandu Family Bus Online Booking, Bus Tickets Reservation"}]},{"@type":"WebSite","@id":"https:\/\/tiketi.com\/#website","url":"https:\/\/tiketi.com\/","name":"Billets d&#039;avion et de bus, forfaits touristiques et activit\u00e9s - Tiketi.com","description":"Billets d&#039;avion et de bus, Tours, Activit\u00e9s","publisher":{"@id":"https:\/\/tiketi.com\/#organization"},"potentialAction":[{"@type":"SearchAction","target":{"@type":"EntryPoint","urlTemplate":"https:\/\/tiketi.com\/?s={search_term_string}"},"query-input":{"@type":"PropertyValueSpecification","valueRequired":true,"valueName":"search_term_string"}}],"inLanguage":"fr-FR"},{"@type":"Organization","@id":"https:\/\/tiketi.com\/#organization","name":"Tiketi.com","alternateName":"Tiketi","url":"https:\/\/tiketi.com\/","logo":{"@type":"ImageObject","inLanguage":"fr-FR","@id":"https:\/\/tiketi.com\/#\/schema\/logo\/image\/","url":"https:\/\/tiketi.com\/wp-content\/uploads\/2019\/05\/tiketi-logo-696.png","contentUrl":"https:\/\/tiketi.com\/wp-content\/uploads\/2019\/05\/tiketi-logo-696.png","width":696,"height":696,"caption":"Tiketi.com"},"image":{"@id":"https:\/\/tiketi.com\/#\/schema\/logo\/image\/"},"sameAs":["https:\/\/www.facebook.com\/TiketiCom\/"]}]}},"_links":{"self":[{"href":"https:\/\/tiketi.com\/fr-fr\/wp-json\/wp\/v2\/pages\/11317","targetHints":{"allow":["GET"]}}],"collection":[{"href":"https:\/\/tiketi.com\/fr-fr\/wp-json\/wp\/v2\/pages"}],"about":[{"href":"https:\/\/tiketi.com\/fr-fr\/wp-json\/wp\/v2\/types\/page"}],"author":[{"embeddable":true,"href":"https:\/\/tiketi.com\/fr-fr\/wp-json\/wp\/v2\/users\/1"}],"replies":[{"embeddable":true,"href":"https:\/\/tiketi.com\/fr-fr\/wp-json\/wp\/v2\/comments?post=11317"}],"version-history":[{"count":0,"href":"https:\/\/tiketi.com\/fr-fr\/wp-json\/wp\/v2\/pages\/11317\/revisions"}],"wp:featuredmedia":[{"embeddable":true,"href":"https:\/\/tiketi.com\/fr-fr\/wp-json\/wp\/v2\/media\/13999"}],"wp:attachment":[{"href":"https:\/\/tiketi.com\/fr-fr\/wp-json\/wp\/v2\/media?parent=11317"}],"curies":[{"name":"wp","href":"https:\/\/api.w.org\/{rel}","templated":true}]}}