{"id":11320,"date":"2022-01-19T12:54:30","date_gmt":"2022-01-19T11:54:30","guid":{"rendered":"https:\/\/new.tiketi.com\/cr-holdings-online-booking-bus-tickets-reservation\/"},"modified":"2022-02-11T14:59:52","modified_gmt":"2022-02-11T13:59:52","slug":"cr-holdings-bus","status":"publish","type":"page","link":"https:\/\/tiketi.com\/fr-fr\/cr-holdings-bus\/","title":{"rendered":"R\u00e9servation en ligne de bus CR Holdings, billets de bus, itin\u00e9raires et tarifs"},"content":{"rendered":"<h2>R\u00e9servation de billets de bus en ligne pas cher CR Holdings<\/h2>\n<h3>D\u00e9couvrez votre itin\u00e9raire sur le Web, votre mobile ou votre application et r\u00e9servez en ligne des billets de bus CR Holdings bon march\u00e9.<\/h3>\n<p>La r\u00e9servation en ligne des bus CR Holdings est facilit\u00e9e. CR Holding Limited est une soci\u00e9t\u00e9 de bus priv\u00e9e \u00e0 responsabilit\u00e9 limit\u00e9e enregistr\u00e9e en Zambie. La soci\u00e9t\u00e9 Holding a \u00e9t\u00e9 constitu\u00e9e en 1998 afin de regrouper toutes ses entreprises sous un m\u00eame toit. Alors faites la r\u00e9servation de billets de bus en ligne CR Holdings d\u00e8s maintenant\u00a0!<\/p>\n<h2>FAQ sur la r\u00e9servation en ligne des bus CR Holdings, les billets de bus, les itin\u00e9raires et les tarifs<\/h2>\n<h3>Quels sont les itin\u00e9raires c\u00e9l\u00e8bres couverts par CR Holdings ?<\/h3>\n<p><strong>De la Zambie \u00e0 Johannesburg<\/strong><\/p>\n<p>Le service aux passagers est leur activit\u00e9 principale. L&#039;offre propose des bus relaxants et de luxe en Zambie et vers l&#039;Afrique du Sud.<\/p>\n<h3>Flotte de bus CR Holdings<\/h3>\n<p>Ils ont un grand nombre d\u2019entra\u00eeneurs en Zambie et tous sont une combinaison de diff\u00e9rents cr\u00e9ateurs. Ils proposent des mod\u00e8les de bus Scania avec de charmantes carrosseries assembl\u00e9es par Marcopolo et Irizar ainsi que des machines chinoises comme les bus Yutong et Zonda.<\/p>\n<p>Les autocars CR Holdings sont \u00e9quip\u00e9s de t\u00e9l\u00e9viseurs, de r\u00e9frig\u00e9rateurs pour les rafra\u00eechissements et d&#039;un syst\u00e8me de musique. La compagnie de bus g\u00e8re des gares routi\u00e8res dans 4 grandes villes, \u00e0 savoir Kitwe, Ndola, Lusaka et Livingstone, ainsi que de petits bureaux de vente de billets de bus dans d&#039;autres villes.<\/p>\n<h3>Gares routi\u00e8res et billetteries CR Holdings<\/h3>\n<p>\u2022 Gare et billetterie de Ndola : centre commercial Broadway<br \/>\n\u2022 Gare et billetterie de Lusaka\u00a0: terminal de bus interurbain \u00e0 Kamwala<br \/>\n\u2022 Gare de Kitwe et billetterie\u00a0: Gare ferroviaire<br \/>\n\u2022 Station Living Stone et billetterie : route Mosi-oa-Tunya \u00e0 proximit\u00e9 du centre ville<\/p>\n<h3>Quelles sont les coordonn\u00e9es des bus CR Holdings ?<\/h3>\n<p>CR Holdings Ltd<\/p>\n<p>9363 Mumbwa Road, Chinika, Lusaka, Zambie<\/p>\n<h2>Conseils pour la r\u00e9servation de billets de bus en ligne CR Holdings<\/h2>\n<h3>Services de bus CR Holding qu&#039;ils fournissent<\/h3>\n<p>Ils disposent d&#039;une flotte de secours de v\u00e9hicules berlines de luxe facilement accessibles \u00e0 tous leurs estim\u00e9s passagers qui souhaitent les utiliser.<\/p>\n<p>Leur flotte de bus est facilement accessible \u00e0 la location \u00e0 toute organisation ou groupe de personnes souhaitant les louer \u00e0 tout moment.<\/p>","protected":false},"excerpt":{"rendered":"<p>Cheap CR Holdings Online Bus Ticket Booking Discover your travel route on web, mobile or app and book cheap CR Holdings bus tickets online. CR Holdings bus online booking made easy.\u00a0CR Holding limited is a private limited holding bus company registered in Zambia. The Holding Company was incorporated in 1998 in order to bring all [&hellip;]<\/p>\n","protected":false},"author":1,"featured_media":13999,"parent":0,"menu_order":0,"comment_status":"open","ping_status":"closed","template":"template-home-modern.php","meta":{"footnotes":""},"class_list":["post-11320","page","type-page","status-publish","has-post-thumbnail","hentry"],"yoast_head":"<!-- This site is optimized with the Yoast SEO plugin v27.5 - https:\/\/yoast.com\/product\/yoast-seo-wordpress\/ -->\n<title>CR Holdings Online Booking, Bus Tickets, Routes &amp; Fares<\/title>\n<meta name=\"description\" content=\"Looking for CR Holdings Bus online booking, app, contacts, route, fare and schedule? Make a cheap CR Holdings online bus ticket booking now\" \/>\n<meta name=\"robots\" content=\"index, follow, max-snippet:-1, max-image-preview:large, max-video-preview:-1\" \/>\n<link rel=\"canonical\" href=\"https:\/\/tiketi.com\/fr-fr\/cr-holdings-bus\/\" \/>\n<meta property=\"og:locale\" content=\"fr_FR\" \/>\n<meta property=\"og:type\" content=\"article\" \/>\n<meta property=\"og:title\" content=\"CR Holdings Online Booking, Bus Tickets, Routes &amp; Fares\" \/>\n<meta property=\"og:description\" content=\"Looking for CR Holdings Bus online booking, app, contacts, route, fare and schedule? Make a cheap CR Holdings online bus ticket booking now\" \/>\n<meta property=\"og:url\" content=\"https:\/\/tiketi.com\/fr-fr\/cr-holdings-bus\/\" \/>\n<meta property=\"og:site_name\" content=\"Tiketi.com\" \/>\n<meta property=\"article:publisher\" content=\"https:\/\/www.facebook.com\/TiketiCom\/\" \/>\n<meta property=\"article:modified_time\" content=\"2022-02-11T13:59:52+00:00\" \/>\n<meta property=\"og:image\" content=\"https:\/\/tiketi.com\/wp-content\/uploads\/2022\/01\/bus-ticket-online-booking.jpg\" \/>\n\t<meta property=\"og:image:width\" content=\"1200\" \/>\n\t<meta property=\"og:image:height\" content=\"206\" \/>\n\t<meta property=\"og:image:type\" content=\"image\/jpeg\" \/>\n<meta name=\"twitter:card\" content=\"summary_large_image\" \/>\n<meta name=\"twitter:label1\" content=\"Dur\u00e9e de lecture estim\u00e9e\" \/>\n\t<meta name=\"twitter:data1\" content=\"2 minutes\" \/>\n<script type=\"application\/ld+json\" class=\"yoast-schema-graph\">{\"@context\":\"https:\\\/\\\/schema.org\",\"@graph\":[{\"@type\":\"WebPage\",\"@id\":\"https:\\\/\\\/tiketi.com\\\/cr-holdings-bus\\\/\",\"url\":\"https:\\\/\\\/tiketi.com\\\/cr-holdings-bus\\\/\",\"name\":\"CR Holdings Online Booking, Bus Tickets, Routes & Fares\",\"isPartOf\":{\"@id\":\"https:\\\/\\\/tiketi.com\\\/#website\"},\"primaryImageOfPage\":{\"@id\":\"https:\\\/\\\/tiketi.com\\\/cr-holdings-bus\\\/#primaryimage\"},\"image\":{\"@id\":\"https:\\\/\\\/tiketi.com\\\/cr-holdings-bus\\\/#primaryimage\"},\"thumbnailUrl\":\"https:\\\/\\\/tiketi.com\\\/wp-content\\\/uploads\\\/2022\\\/01\\\/bus-ticket-online-booking.jpg\",\"datePublished\":\"2022-01-19T11:54:30+00:00\",\"dateModified\":\"2022-02-11T13:59:52+00:00\",\"description\":\"Looking for CR Holdings Bus online booking, app, contacts, route, fare and schedule? Make a cheap CR Holdings online bus ticket booking now\",\"breadcrumb\":{\"@id\":\"https:\\\/\\\/tiketi.com\\\/cr-holdings-bus\\\/#breadcrumb\"},\"inLanguage\":\"fr-FR\",\"potentialAction\":[{\"@type\":\"ReadAction\",\"target\":[\"https:\\\/\\\/tiketi.com\\\/cr-holdings-bus\\\/\"]}]},{\"@type\":\"ImageObject\",\"inLanguage\":\"fr-FR\",\"@id\":\"https:\\\/\\\/tiketi.com\\\/cr-holdings-bus\\\/#primaryimage\",\"url\":\"https:\\\/\\\/tiketi.com\\\/wp-content\\\/uploads\\\/2022\\\/01\\\/bus-ticket-online-booking.jpg\",\"contentUrl\":\"https:\\\/\\\/tiketi.com\\\/wp-content\\\/uploads\\\/2022\\\/01\\\/bus-ticket-online-booking.jpg\",\"width\":1200,\"height\":206,\"caption\":\"Online Bus Ticket Booking\"},{\"@type\":\"BreadcrumbList\",\"@id\":\"https:\\\/\\\/tiketi.com\\\/cr-holdings-bus\\\/#breadcrumb\",\"itemListElement\":[{\"@type\":\"ListItem\",\"position\":1,\"name\":\"Home\",\"item\":\"https:\\\/\\\/tiketi.com\\\/\"},{\"@type\":\"ListItem\",\"position\":2,\"name\":\"CR Holdings Bus Online Booking, Bus Tickets, Routes &#038; Fares\"}]},{\"@type\":\"WebSite\",\"@id\":\"https:\\\/\\\/tiketi.com\\\/#website\",\"url\":\"https:\\\/\\\/tiketi.com\\\/\",\"name\":\"Flight & Bus Tickets, Tour Packages & Activitites - Tiketi.com\",\"description\":\"Flight &amp; Bus Tickets, Tours, Activitites\",\"publisher\":{\"@id\":\"https:\\\/\\\/tiketi.com\\\/#organization\"},\"potentialAction\":[{\"@type\":\"SearchAction\",\"target\":{\"@type\":\"EntryPoint\",\"urlTemplate\":\"https:\\\/\\\/tiketi.com\\\/?s={search_term_string}\"},\"query-input\":{\"@type\":\"PropertyValueSpecification\",\"valueRequired\":true,\"valueName\":\"search_term_string\"}}],\"inLanguage\":\"fr-FR\"},{\"@type\":\"Organization\",\"@id\":\"https:\\\/\\\/tiketi.com\\\/#organization\",\"name\":\"Tiketi.com\",\"alternateName\":\"Tiketi\",\"url\":\"https:\\\/\\\/tiketi.com\\\/\",\"logo\":{\"@type\":\"ImageObject\",\"inLanguage\":\"fr-FR\",\"@id\":\"https:\\\/\\\/tiketi.com\\\/#\\\/schema\\\/logo\\\/image\\\/\",\"url\":\"https:\\\/\\\/tiketi.com\\\/wp-content\\\/uploads\\\/2019\\\/05\\\/tiketi-logo-696.png\",\"contentUrl\":\"https:\\\/\\\/tiketi.com\\\/wp-content\\\/uploads\\\/2019\\\/05\\\/tiketi-logo-696.png\",\"width\":696,\"height\":696,\"caption\":\"Tiketi.com\"},\"image\":{\"@id\":\"https:\\\/\\\/tiketi.com\\\/#\\\/schema\\\/logo\\\/image\\\/\"},\"sameAs\":[\"https:\\\/\\\/www.facebook.com\\\/TiketiCom\\\/\"]}]}<\/script>\n<!-- \/ Yoast SEO plugin. -->","yoast_head_json":{"title":"CR Holdings R\u00e9servation en ligne, billets de bus, itin\u00e9raires et tarifs","description":"Vous recherchez une r\u00e9servation en ligne, une application, des contacts, un itin\u00e9raire, un tarif et un horaire de bus CR Holdings\u00a0? R\u00e9servez d\u00e8s maintenant un billet de bus en ligne CR Holdings \u00e0 bas prix","robots":{"index":"index","follow":"follow","max-snippet":"max-snippet:-1","max-image-preview":"max-image-preview:large","max-video-preview":"max-video-preview:-1"},"canonical":"https:\/\/tiketi.com\/fr-fr\/cr-holdings-bus\/","og_locale":"fr_FR","og_type":"article","og_title":"CR Holdings Online Booking, Bus Tickets, Routes & Fares","og_description":"Looking for CR Holdings Bus online booking, app, contacts, route, fare and schedule? Make a cheap CR Holdings online bus ticket booking now","og_url":"https:\/\/tiketi.com\/fr-fr\/cr-holdings-bus\/","og_site_name":"Tiketi.com","article_publisher":"https:\/\/www.facebook.com\/TiketiCom\/","article_modified_time":"2022-02-11T13:59:52+00:00","og_image":[{"width":1200,"height":206,"url":"https:\/\/tiketi.com\/wp-content\/uploads\/2022\/01\/bus-ticket-online-booking.jpg","type":"image\/jpeg"}],"twitter_card":"summary_large_image","twitter_misc":{"Dur\u00e9e de lecture estim\u00e9e":"2 minutes"},"schema":{"@context":"https:\/\/schema.org","@graph":[{"@type":"WebPage","@id":"https:\/\/tiketi.com\/cr-holdings-bus\/","url":"https:\/\/tiketi.com\/cr-holdings-bus\/","name":"CR Holdings R\u00e9servation en ligne, billets de bus, itin\u00e9raires et tarifs","isPartOf":{"@id":"https:\/\/tiketi.com\/#website"},"primaryImageOfPage":{"@id":"https:\/\/tiketi.com\/cr-holdings-bus\/#primaryimage"},"image":{"@id":"https:\/\/tiketi.com\/cr-holdings-bus\/#primaryimage"},"thumbnailUrl":"https:\/\/tiketi.com\/wp-content\/uploads\/2022\/01\/bus-ticket-online-booking.jpg","datePublished":"2022-01-19T11:54:30+00:00","dateModified":"2022-02-11T13:59:52+00:00","description":"Vous recherchez une r\u00e9servation en ligne, une application, des contacts, un itin\u00e9raire, un tarif et un horaire de bus CR Holdings\u00a0? R\u00e9servez d\u00e8s maintenant un billet de bus en ligne CR Holdings \u00e0 bas prix","breadcrumb":{"@id":"https:\/\/tiketi.com\/cr-holdings-bus\/#breadcrumb"},"inLanguage":"fr-FR","potentialAction":[{"@type":"ReadAction","target":["https:\/\/tiketi.com\/cr-holdings-bus\/"]}]},{"@type":"ImageObject","inLanguage":"fr-FR","@id":"https:\/\/tiketi.com\/cr-holdings-bus\/#primaryimage","url":"https:\/\/tiketi.com\/wp-content\/uploads\/2022\/01\/bus-ticket-online-booking.jpg","contentUrl":"https:\/\/tiketi.com\/wp-content\/uploads\/2022\/01\/bus-ticket-online-booking.jpg","width":1200,"height":206,"caption":"Online Bus Ticket Booking"},{"@type":"BreadcrumbList","@id":"https:\/\/tiketi.com\/cr-holdings-bus\/#breadcrumb","itemListElement":[{"@type":"ListItem","position":1,"name":"Home","item":"https:\/\/tiketi.com\/"},{"@type":"ListItem","position":2,"name":"CR Holdings Bus Online Booking, Bus Tickets, Routes &#038; Fares"}]},{"@type":"WebSite","@id":"https:\/\/tiketi.com\/#website","url":"https:\/\/tiketi.com\/","name":"Billets d&#039;avion et de bus, forfaits touristiques et activit\u00e9s - Tiketi.com","description":"Billets d&#039;avion et de bus, Tours, Activit\u00e9s","publisher":{"@id":"https:\/\/tiketi.com\/#organization"},"potentialAction":[{"@type":"SearchAction","target":{"@type":"EntryPoint","urlTemplate":"https:\/\/tiketi.com\/?s={search_term_string}"},"query-input":{"@type":"PropertyValueSpecification","valueRequired":true,"valueName":"search_term_string"}}],"inLanguage":"fr-FR"},{"@type":"Organization","@id":"https:\/\/tiketi.com\/#organization","name":"Tiketi.com","alternateName":"Tiketi","url":"https:\/\/tiketi.com\/","logo":{"@type":"ImageObject","inLanguage":"fr-FR","@id":"https:\/\/tiketi.com\/#\/schema\/logo\/image\/","url":"https:\/\/tiketi.com\/wp-content\/uploads\/2019\/05\/tiketi-logo-696.png","contentUrl":"https:\/\/tiketi.com\/wp-content\/uploads\/2019\/05\/tiketi-logo-696.png","width":696,"height":696,"caption":"Tiketi.com"},"image":{"@id":"https:\/\/tiketi.com\/#\/schema\/logo\/image\/"},"sameAs":["https:\/\/www.facebook.com\/TiketiCom\/"]}]}},"_links":{"self":[{"href":"https:\/\/tiketi.com\/fr-fr\/wp-json\/wp\/v2\/pages\/11320","targetHints":{"allow":["GET"]}}],"collection":[{"href":"https:\/\/tiketi.com\/fr-fr\/wp-json\/wp\/v2\/pages"}],"about":[{"href":"https:\/\/tiketi.com\/fr-fr\/wp-json\/wp\/v2\/types\/page"}],"author":[{"embeddable":true,"href":"https:\/\/tiketi.com\/fr-fr\/wp-json\/wp\/v2\/users\/1"}],"replies":[{"embeddable":true,"href":"https:\/\/tiketi.com\/fr-fr\/wp-json\/wp\/v2\/comments?post=11320"}],"version-history":[{"count":0,"href":"https:\/\/tiketi.com\/fr-fr\/wp-json\/wp\/v2\/pages\/11320\/revisions"}],"wp:featuredmedia":[{"embeddable":true,"href":"https:\/\/tiketi.com\/fr-fr\/wp-json\/wp\/v2\/media\/13999"}],"wp:attachment":[{"href":"https:\/\/tiketi.com\/fr-fr\/wp-json\/wp\/v2\/media?parent=11320"}],"curies":[{"name":"wp","href":"https:\/\/api.w.org\/{rel}","templated":true}]}}