{"id":11321,"date":"2022-01-19T12:54:30","date_gmt":"2022-01-19T11:54:30","guid":{"rendered":"https:\/\/new.tiketi.com\/juldan-motors-online-booking-bus-tickets-reservation\/"},"modified":"2022-02-16T10:56:17","modified_gmt":"2022-02-16T09:56:17","slug":"juldan-motors-bus","status":"publish","type":"page","link":"https:\/\/tiketi.com\/fr-fr\/juldan-motors-bus\/","title":{"rendered":"R\u00e9servation en ligne de Juldan Motors, billets de bus, itin\u00e9raire, horaires et tarifs"},"content":{"rendered":"<h2>Juldan Motors R\u00e9servation de billets de bus en ligne<\/h2>\n<h3>D\u00e9couvrez votre itin\u00e9raire de voyage sur le web, le mobile ou l&#039;application et r\u00e9servez d\u00e8s maintenant en ligne des billets de bus Juldan Motors pas chers.<\/h3>\n<p>La r\u00e9servation en ligne de Juldan Motors en toute simplicit\u00e9. Juldan Motors est une soci\u00e9t\u00e9 zambienne de transport de passagers par bus qui propose des services de bus de luxe complets avec des billets de bus \u00e0 prix modique toute l&#039;ann\u00e9e. Ils couvrent un grand r\u00e9seau de routes vers et depuis les grandes gares de Zambie et des pays environnants tels que Johannesburg. Il en va de m\u00eame pour la r\u00e9servation de billets de bus en ligne Juldan Motors d\u00e8s maintenant !<\/p>\n<h2>FAQ sur la r\u00e9servation en ligne de Juldan Motors<\/h2>\n<h3>Quels sont les c\u00e9l\u00e8bres itin\u00e9raires parcourus par les bus Juldan Motors Coach ?<\/h3>\n<p>Juldan Motors Horaires 2020<\/p>\n<p>DESTINATION DE LUSAKA DE CE C\u00d4T\u00c9<br \/>\nMPOROKOSO 04:00 \u2013 05:00 06:00 \u2013 07:00<br \/>\nMWINILUNGA 04:00 \u2013 05:00 04:00 \u2013 05:00<br \/>\nKASAMA 05:00 \u2013 06:00 04:30 \u2013 05:30<\/p>\n<h3>Lignes de la flotte de Juldan Motors<\/h3>\n<p>\u00c9vitez les tracas de votre prochaine visite en voyageant avec Juldan Motors. Un service de transport de luxe s\u00fbr et fiable. Leurs bus sont relaxants et propres et desservent plus de dix itin\u00e9raires diff\u00e9rents par jour entre Johannesburg et la Zambie. Leur capacit\u00e9 d&#039;accueil en bus est de 60 \u00e0 70 passagers.<\/p>\n<h3>Ligne de service de bus Juldan Motors<\/h3>\n<p>Juldan Motors propose des services de bus au meilleur rapport qualit\u00e9-prix vers et depuis diff\u00e9rentes destinations ainsi que vers Johannesburg. Ils respectent les normes les plus \u00e9lev\u00e9es dans tout ce qu&#039;ils font et visent \u00e0 offrir la meilleure exp\u00e9rience de bus sur chaque itin\u00e9raire.<\/p>\n<p>Votre s\u00e9curit\u00e9 est votre priorit\u00e9 absolue. Ils prennent toutes les pr\u00e9cautions et assurent la s\u00e9curit\u00e9 de votre voyage. Mais les v\u00e9ritables yeux et oreilles du syst\u00e8me, c&#039;est vous.<\/p>\n<h3>Quelles sont les coordonn\u00e9es de Juldan Motors &amp; bus ?<\/h3>\n<p>Num\u00e9ro de parcelle F737, 152 Bimbe, Bimbe Road (pr\u00e8s de Great North Road)<\/p>\n<p>Lusaka, Zambie.<\/p>\n<h2>Juldan Motors Conseils de r\u00e9servation de billets de bus en ligne<\/h2>\n<p>Ils respectent les normes les plus \u00e9lev\u00e9es dans tout ce qu&#039;ils font et visent \u00e0 offrir le meilleur service de luxe et l&#039;exp\u00e9rience de bus la plus s\u00fbre sur chaque itin\u00e9raire.<\/p>","protected":false},"excerpt":{"rendered":"<p>Juldan Motors Online Bus Ticket Booking Discover your travel route on web, mobile or app and book cheap Juldan Motors bus tickets online now. Juldan Motors\u00a0online booking made easy.\u00a0Juldan Motors is a Zambian passenger transport bus company providing full luxury bus services with low bus tickets all year round. They cover a big route network [&hellip;]<\/p>\n","protected":false},"author":1,"featured_media":13999,"parent":0,"menu_order":0,"comment_status":"open","ping_status":"closed","template":"template-home-modern.php","meta":{"footnotes":""},"class_list":["post-11321","page","type-page","status-publish","has-post-thumbnail","hentry"],"yoast_head":"<!-- This site is optimized with the Yoast SEO plugin v27.5 - https:\/\/yoast.com\/product\/yoast-seo-wordpress\/ -->\n<title>Juldan Motors Online Booking, Bus Tickets, Route, Schedule &amp; Fare<\/title>\n<meta name=\"description\" content=\"Looking for Juldan Motors online booking? Make a Juldan Motors online bus ticket booking online now and save time and money!\" \/>\n<meta name=\"robots\" content=\"index, follow, max-snippet:-1, max-image-preview:large, max-video-preview:-1\" \/>\n<link rel=\"canonical\" href=\"https:\/\/tiketi.com\/fr-fr\/juldan-motors-bus\/\" \/>\n<meta property=\"og:locale\" content=\"fr_FR\" \/>\n<meta property=\"og:type\" content=\"article\" \/>\n<meta property=\"og:title\" content=\"Juldan Motors Online Booking, Bus Tickets, Route, Schedule &amp; Fare\" \/>\n<meta property=\"og:description\" content=\"Looking for Juldan Motors online booking? Make a Juldan Motors online bus ticket booking online now and save time and money!\" \/>\n<meta property=\"og:url\" content=\"https:\/\/tiketi.com\/fr-fr\/juldan-motors-bus\/\" \/>\n<meta property=\"og:site_name\" content=\"Tiketi.com\" \/>\n<meta property=\"article:publisher\" content=\"https:\/\/www.facebook.com\/TiketiCom\/\" \/>\n<meta property=\"article:modified_time\" content=\"2022-02-16T09:56:17+00:00\" \/>\n<meta property=\"og:image\" content=\"https:\/\/tiketi.com\/wp-content\/uploads\/2022\/01\/bus-ticket-online-booking.jpg\" \/>\n\t<meta property=\"og:image:width\" content=\"1200\" \/>\n\t<meta property=\"og:image:height\" content=\"206\" \/>\n\t<meta property=\"og:image:type\" content=\"image\/jpeg\" \/>\n<meta name=\"twitter:card\" content=\"summary_large_image\" \/>\n<meta name=\"twitter:label1\" content=\"Dur\u00e9e de lecture estim\u00e9e\" \/>\n\t<meta name=\"twitter:data1\" content=\"2 minutes\" \/>\n<script type=\"application\/ld+json\" class=\"yoast-schema-graph\">{\"@context\":\"https:\\\/\\\/schema.org\",\"@graph\":[{\"@type\":\"WebPage\",\"@id\":\"https:\\\/\\\/tiketi.com\\\/juldan-motors-bus\\\/\",\"url\":\"https:\\\/\\\/tiketi.com\\\/juldan-motors-bus\\\/\",\"name\":\"Juldan Motors Online Booking, Bus Tickets, Route, Schedule & Fare\",\"isPartOf\":{\"@id\":\"https:\\\/\\\/tiketi.com\\\/#website\"},\"primaryImageOfPage\":{\"@id\":\"https:\\\/\\\/tiketi.com\\\/juldan-motors-bus\\\/#primaryimage\"},\"image\":{\"@id\":\"https:\\\/\\\/tiketi.com\\\/juldan-motors-bus\\\/#primaryimage\"},\"thumbnailUrl\":\"https:\\\/\\\/tiketi.com\\\/wp-content\\\/uploads\\\/2022\\\/01\\\/bus-ticket-online-booking.jpg\",\"datePublished\":\"2022-01-19T11:54:30+00:00\",\"dateModified\":\"2022-02-16T09:56:17+00:00\",\"description\":\"Looking for Juldan Motors online booking? Make a Juldan Motors online bus ticket booking online now and save time and money!\",\"breadcrumb\":{\"@id\":\"https:\\\/\\\/tiketi.com\\\/juldan-motors-bus\\\/#breadcrumb\"},\"inLanguage\":\"fr-FR\",\"potentialAction\":[{\"@type\":\"ReadAction\",\"target\":[\"https:\\\/\\\/tiketi.com\\\/juldan-motors-bus\\\/\"]}]},{\"@type\":\"ImageObject\",\"inLanguage\":\"fr-FR\",\"@id\":\"https:\\\/\\\/tiketi.com\\\/juldan-motors-bus\\\/#primaryimage\",\"url\":\"https:\\\/\\\/tiketi.com\\\/wp-content\\\/uploads\\\/2022\\\/01\\\/bus-ticket-online-booking.jpg\",\"contentUrl\":\"https:\\\/\\\/tiketi.com\\\/wp-content\\\/uploads\\\/2022\\\/01\\\/bus-ticket-online-booking.jpg\",\"width\":1200,\"height\":206,\"caption\":\"Online Bus Ticket Booking\"},{\"@type\":\"BreadcrumbList\",\"@id\":\"https:\\\/\\\/tiketi.com\\\/juldan-motors-bus\\\/#breadcrumb\",\"itemListElement\":[{\"@type\":\"ListItem\",\"position\":1,\"name\":\"Home\",\"item\":\"https:\\\/\\\/tiketi.com\\\/\"},{\"@type\":\"ListItem\",\"position\":2,\"name\":\"Juldan Motors Online Booking, Bus Tickets, Route, Schedule &#038; Fare\"}]},{\"@type\":\"WebSite\",\"@id\":\"https:\\\/\\\/tiketi.com\\\/#website\",\"url\":\"https:\\\/\\\/tiketi.com\\\/\",\"name\":\"Flight & Bus Tickets, Tour Packages & Activitites - Tiketi.com\",\"description\":\"Flight &amp; Bus Tickets, Tours, Activitites\",\"publisher\":{\"@id\":\"https:\\\/\\\/tiketi.com\\\/#organization\"},\"potentialAction\":[{\"@type\":\"SearchAction\",\"target\":{\"@type\":\"EntryPoint\",\"urlTemplate\":\"https:\\\/\\\/tiketi.com\\\/?s={search_term_string}\"},\"query-input\":{\"@type\":\"PropertyValueSpecification\",\"valueRequired\":true,\"valueName\":\"search_term_string\"}}],\"inLanguage\":\"fr-FR\"},{\"@type\":\"Organization\",\"@id\":\"https:\\\/\\\/tiketi.com\\\/#organization\",\"name\":\"Tiketi.com\",\"alternateName\":\"Tiketi\",\"url\":\"https:\\\/\\\/tiketi.com\\\/\",\"logo\":{\"@type\":\"ImageObject\",\"inLanguage\":\"fr-FR\",\"@id\":\"https:\\\/\\\/tiketi.com\\\/#\\\/schema\\\/logo\\\/image\\\/\",\"url\":\"https:\\\/\\\/tiketi.com\\\/wp-content\\\/uploads\\\/2019\\\/05\\\/tiketi-logo-696.png\",\"contentUrl\":\"https:\\\/\\\/tiketi.com\\\/wp-content\\\/uploads\\\/2019\\\/05\\\/tiketi-logo-696.png\",\"width\":696,\"height\":696,\"caption\":\"Tiketi.com\"},\"image\":{\"@id\":\"https:\\\/\\\/tiketi.com\\\/#\\\/schema\\\/logo\\\/image\\\/\"},\"sameAs\":[\"https:\\\/\\\/www.facebook.com\\\/TiketiCom\\\/\"]}]}<\/script>\n<!-- \/ Yoast SEO plugin. -->","yoast_head_json":{"title":"R\u00e9servation en ligne de Juldan Motors, billets de bus, itin\u00e9raire, horaires et tarifs","description":"Vous recherchez une r\u00e9servation en ligne Juldan Motors? Faites une r\u00e9servation de billet de bus en ligne Juldan Motors en ligne d\u00e8s maintenant et \u00e9conomisez du temps et de l&#039;argent !","robots":{"index":"index","follow":"follow","max-snippet":"max-snippet:-1","max-image-preview":"max-image-preview:large","max-video-preview":"max-video-preview:-1"},"canonical":"https:\/\/tiketi.com\/fr-fr\/juldan-motors-bus\/","og_locale":"fr_FR","og_type":"article","og_title":"Juldan Motors Online Booking, Bus Tickets, Route, Schedule & Fare","og_description":"Looking for Juldan Motors online booking? Make a Juldan Motors online bus ticket booking online now and save time and money!","og_url":"https:\/\/tiketi.com\/fr-fr\/juldan-motors-bus\/","og_site_name":"Tiketi.com","article_publisher":"https:\/\/www.facebook.com\/TiketiCom\/","article_modified_time":"2022-02-16T09:56:17+00:00","og_image":[{"width":1200,"height":206,"url":"https:\/\/tiketi.com\/wp-content\/uploads\/2022\/01\/bus-ticket-online-booking.jpg","type":"image\/jpeg"}],"twitter_card":"summary_large_image","twitter_misc":{"Dur\u00e9e de lecture estim\u00e9e":"2 minutes"},"schema":{"@context":"https:\/\/schema.org","@graph":[{"@type":"WebPage","@id":"https:\/\/tiketi.com\/juldan-motors-bus\/","url":"https:\/\/tiketi.com\/juldan-motors-bus\/","name":"R\u00e9servation en ligne de Juldan Motors, billets de bus, itin\u00e9raire, horaires et tarifs","isPartOf":{"@id":"https:\/\/tiketi.com\/#website"},"primaryImageOfPage":{"@id":"https:\/\/tiketi.com\/juldan-motors-bus\/#primaryimage"},"image":{"@id":"https:\/\/tiketi.com\/juldan-motors-bus\/#primaryimage"},"thumbnailUrl":"https:\/\/tiketi.com\/wp-content\/uploads\/2022\/01\/bus-ticket-online-booking.jpg","datePublished":"2022-01-19T11:54:30+00:00","dateModified":"2022-02-16T09:56:17+00:00","description":"Vous recherchez une r\u00e9servation en ligne Juldan Motors? Faites une r\u00e9servation de billet de bus en ligne Juldan Motors en ligne d\u00e8s maintenant et \u00e9conomisez du temps et de l&#039;argent !","breadcrumb":{"@id":"https:\/\/tiketi.com\/juldan-motors-bus\/#breadcrumb"},"inLanguage":"fr-FR","potentialAction":[{"@type":"ReadAction","target":["https:\/\/tiketi.com\/juldan-motors-bus\/"]}]},{"@type":"ImageObject","inLanguage":"fr-FR","@id":"https:\/\/tiketi.com\/juldan-motors-bus\/#primaryimage","url":"https:\/\/tiketi.com\/wp-content\/uploads\/2022\/01\/bus-ticket-online-booking.jpg","contentUrl":"https:\/\/tiketi.com\/wp-content\/uploads\/2022\/01\/bus-ticket-online-booking.jpg","width":1200,"height":206,"caption":"Online Bus Ticket Booking"},{"@type":"BreadcrumbList","@id":"https:\/\/tiketi.com\/juldan-motors-bus\/#breadcrumb","itemListElement":[{"@type":"ListItem","position":1,"name":"Home","item":"https:\/\/tiketi.com\/"},{"@type":"ListItem","position":2,"name":"Juldan Motors Online Booking, Bus Tickets, Route, Schedule &#038; Fare"}]},{"@type":"WebSite","@id":"https:\/\/tiketi.com\/#website","url":"https:\/\/tiketi.com\/","name":"Billets d&#039;avion et de bus, forfaits touristiques et activit\u00e9s - Tiketi.com","description":"Billets d&#039;avion et de bus, Tours, Activit\u00e9s","publisher":{"@id":"https:\/\/tiketi.com\/#organization"},"potentialAction":[{"@type":"SearchAction","target":{"@type":"EntryPoint","urlTemplate":"https:\/\/tiketi.com\/?s={search_term_string}"},"query-input":{"@type":"PropertyValueSpecification","valueRequired":true,"valueName":"search_term_string"}}],"inLanguage":"fr-FR"},{"@type":"Organization","@id":"https:\/\/tiketi.com\/#organization","name":"Tiketi.com","alternateName":"Tiketi","url":"https:\/\/tiketi.com\/","logo":{"@type":"ImageObject","inLanguage":"fr-FR","@id":"https:\/\/tiketi.com\/#\/schema\/logo\/image\/","url":"https:\/\/tiketi.com\/wp-content\/uploads\/2019\/05\/tiketi-logo-696.png","contentUrl":"https:\/\/tiketi.com\/wp-content\/uploads\/2019\/05\/tiketi-logo-696.png","width":696,"height":696,"caption":"Tiketi.com"},"image":{"@id":"https:\/\/tiketi.com\/#\/schema\/logo\/image\/"},"sameAs":["https:\/\/www.facebook.com\/TiketiCom\/"]}]}},"_links":{"self":[{"href":"https:\/\/tiketi.com\/fr-fr\/wp-json\/wp\/v2\/pages\/11321","targetHints":{"allow":["GET"]}}],"collection":[{"href":"https:\/\/tiketi.com\/fr-fr\/wp-json\/wp\/v2\/pages"}],"about":[{"href":"https:\/\/tiketi.com\/fr-fr\/wp-json\/wp\/v2\/types\/page"}],"author":[{"embeddable":true,"href":"https:\/\/tiketi.com\/fr-fr\/wp-json\/wp\/v2\/users\/1"}],"replies":[{"embeddable":true,"href":"https:\/\/tiketi.com\/fr-fr\/wp-json\/wp\/v2\/comments?post=11321"}],"version-history":[{"count":0,"href":"https:\/\/tiketi.com\/fr-fr\/wp-json\/wp\/v2\/pages\/11321\/revisions"}],"wp:featuredmedia":[{"embeddable":true,"href":"https:\/\/tiketi.com\/fr-fr\/wp-json\/wp\/v2\/media\/13999"}],"wp:attachment":[{"href":"https:\/\/tiketi.com\/fr-fr\/wp-json\/wp\/v2\/media?parent=11321"}],"curies":[{"name":"wp","href":"https:\/\/api.w.org\/{rel}","templated":true}]}}