{"id":11322,"date":"2022-01-19T12:54:30","date_gmt":"2022-01-19T11:54:30","guid":{"rendered":"https:\/\/new.tiketi.com\/power-tools-coach-online-booking-bus-tickets-reservation\/"},"modified":"2022-02-19T13:16:32","modified_gmt":"2022-02-19T12:16:32","slug":"power-tools-coach","status":"publish","type":"page","link":"https:\/\/tiketi.com\/fr-fr\/power-tools-coach\/","title":{"rendered":"R\u00e9servation en ligne d&#039;autocar d&#039;outils \u00e9lectriques, billets de bus, itin\u00e9raire et tarifs"},"content":{"rendered":"<h2>R\u00e9servation de billets de bus en ligne pour les outils \u00e9lectriques<\/h2>\n<h3>D\u00e9couvrez votre itin\u00e9raire de voyage sur le Web, votre mobile ou votre application et r\u00e9servez d\u00e8s maintenant en ligne des billets de bus Power Tools Coach \u00e0 bas prix.<\/h3>\n<p>La r\u00e9servation en ligne de Power Tools Coach est simplifi\u00e9e. Pour un acc\u00e8s abordable aux grandes villes de Zambie entre Lusaka et la Copperbelt, les outils \u00e9lectriques sont la voie \u00e0 suivre. Avec une flotte de quinze autocars de luxe, Power Tools croit en l&#039;importance d&#039;un meilleur chronom\u00e9trage. Chaque autocar peut accueillir confortablement soixante-neuf passagers avec suffisamment d&#039;espace pour les jambes. Les autocars disposent d&#039;une ventilation parfaite avec des fen\u00eatres coulissantes et d&#039;un syst\u00e8me de divertissement embarqu\u00e9 comprenant une t\u00e9l\u00e9vision et un syst\u00e8me de musique. Pour chaque tranche de 10 billets de bus accumul\u00e9s par un passager, il a droit \u00e0 1 billet gratuit. Alors faites la r\u00e9servation de billets de bus en ligne Power Tools Coach d\u00e8s maintenant\u00a0!<\/p>\n<h2>FAQ sur la r\u00e9servation en ligne de Power Tools Coach<\/h2>\n<h3>Quels sont les itin\u00e9raires c\u00e9l\u00e8bres parcourus par les bus Power Tools Coach ?<\/h3>\n<p><strong>Itin\u00e9raire de Lusaka \u00e0 Copperbelt :<\/strong><\/p>\n<p>\u2022 Lusaka \u00e0<strong>\u00a0<\/strong>Kapiri-Mposhi<br \/>\n\u2022 Lusaka \u00e0<strong>\u00a0<\/strong>Kabwe<br \/>\n\u2022 Lusaka \u00e0<strong>\u00a0<\/strong>Kitwe<br \/>\n\u2022 Lusaka \u00e0<strong>\u00a0<\/strong>Nodla<br \/>\n\u2022 Itin\u00e9raire Nakonde<br \/>\n\u2022 Lusaka \u00e0<strong>\u00a0<\/strong>Chinesali<br \/>\n\u2022 Lusaka \u00e0<strong>\u00a0<\/strong>Isoka<br \/>\n\u2022 Lusaka \u00e0<strong>\u00a0<\/strong>Matumbo<br \/>\n\u2022 Lusaka \u00e0 Nakonde<\/p>\n<p><strong>Itin\u00e9raire Mpulungu\u00a0:<\/strong><\/p>\n<p>\u2022\u00a0Mpeop<br \/>\n\u2022Mpika<br \/>\n\u2022 Serenj\u00e9<br \/>\n\u2022\u00a0Mkushi<br \/>\n\u2022 Kasama<br \/>\n\u2022 Chamb\u00e9shi<br \/>\n\u2022 Colline Senga<br \/>\n\u2022 Kasama<br \/>\n\u2022Mpulungu<br \/>\n\u2022 Mbala<\/p>\n<p><strong>Itin\u00e9raire Luwingu\u00a0:<\/strong><\/p>\n<p>\u2022 Lubushi<br \/>\n\u2022 Lune<br \/>\n\u2022 Kasama<br \/>\n\u2022 Luwingu<\/p>\n<h3>Ligne de flotte d&#039;autocars d&#039;outils \u00e9lectriques<\/h3>\n<p>Power Tools dispose d&#039;un certain nombre d&#039;autocars de luxe qui voyagent de Lusaka \u00e0 la Copperbelt, Mpulungu, Nakonde et Luwingu. Ces autocars disposent d&#039;une t\u00e9l\u00e9vision \u00e0 \u00e9cran plasma et de si\u00e8ges inclinables, parfaits pour le confort des voyages sur de longues distances. Des rafra\u00eechissements sont accessibles \u00e0 bord. Ce service d&#039;autocar dispose de chauffeurs exp\u00e9riment\u00e9s et d&#039;une \u00e9quipe de bus tr\u00e8s professionnelle.<\/p>\n<p>Chaque bus est \u00e9quip\u00e9 de trousses de premiers secours, d&#039;extincteurs et b\u00e9n\u00e9ficie d&#039;une assurance responsabilit\u00e9 civile. Les clients peuvent pr\u00e9-r\u00e9server 1 jour \u00e0 l&#039;avance en confirmant la date et l&#039;heure du voyage. La route actuelle des outils \u00e9lectriques comprend Lusaka \u00e0 Mpulungu, Nakonde, Copperbelt et Luwingu.<\/p>\n<h3>Quelles sont les coordonn\u00e9es des bus Power Tools Coach ?<\/h3>\n<p>Logistique des outils \u00e9lectriques Ltd<\/p>\n<p>BP 26\/03 Mumbwa Road, zone industrielle de Chinika, Lusaka, Zambie<\/p>\n<h2>Conseils pour la r\u00e9servation de billets de bus en ligne avec Power Tools Coach<\/h2>\n<h3>Programme de fid\u00e9lit\u00e9 des entra\u00eeneurs d\u2019outils \u00e9lectriques<\/h3>\n<p>Power Tools g\u00e8re un programme de fid\u00e9lit\u00e9 pour r\u00e9compenser les passagers r\u00e9guliers. Tous les 10 billets accumul\u00e9s par un passager, il a droit \u00e0 1 billet gratuit.<\/p>","protected":false},"excerpt":{"rendered":"<p>Power Tools Coach Online Bus Ticket Booking Discover your travel route on web, mobile or app and book cheap Power Tools Coach bus tickets online now. Power Tools Coach online booking made easy.\u00a0For affordable access to Zambia big towns between Lusaka and the Copperbelt, Power tools is the way to go. With a fleet of [&hellip;]<\/p>\n","protected":false},"author":1,"featured_media":13999,"parent":0,"menu_order":0,"comment_status":"open","ping_status":"closed","template":"template-home-modern.php","meta":{"footnotes":""},"class_list":["post-11322","page","type-page","status-publish","has-post-thumbnail","hentry"],"yoast_head":"<!-- This site is optimized with the Yoast SEO plugin v27.3 - https:\/\/yoast.com\/product\/yoast-seo-wordpress\/ -->\n<title>Power Tools Coach Online Booking, Bus Tickets, Route, Schedule &amp; Fare<\/title>\n<meta name=\"description\" content=\"Looking for Power Tools Coach online booking, app, contacts, bus routes, fare and schedule? Make a Power Tools Coach online bus ticket booking\" \/>\n<meta name=\"robots\" content=\"index, follow, max-snippet:-1, max-image-preview:large, max-video-preview:-1\" \/>\n<link rel=\"canonical\" href=\"https:\/\/tiketi.com\/fr-fr\/power-tools-coach\/\" \/>\n<meta property=\"og:locale\" content=\"fr_FR\" \/>\n<meta property=\"og:type\" content=\"article\" \/>\n<meta property=\"og:title\" content=\"Power Tools Coach Online Booking, Bus Tickets, Route, Schedule &amp; Fare\" \/>\n<meta property=\"og:description\" content=\"Looking for Power Tools Coach online booking, app, contacts, bus routes, fare and schedule? Make a Power Tools Coach online bus ticket booking\" \/>\n<meta property=\"og:url\" content=\"https:\/\/tiketi.com\/fr-fr\/power-tools-coach\/\" \/>\n<meta property=\"og:site_name\" content=\"Tiketi.com\" \/>\n<meta property=\"article:publisher\" content=\"https:\/\/www.facebook.com\/TiketiCom\/\" \/>\n<meta property=\"article:modified_time\" content=\"2022-02-19T12:16:32+00:00\" \/>\n<meta property=\"og:image\" content=\"https:\/\/tiketi.com\/wp-content\/uploads\/2022\/01\/bus-ticket-online-booking.jpg\" \/>\n\t<meta property=\"og:image:width\" content=\"1200\" \/>\n\t<meta property=\"og:image:height\" content=\"206\" \/>\n\t<meta property=\"og:image:type\" content=\"image\/jpeg\" \/>\n<meta name=\"twitter:card\" content=\"summary_large_image\" \/>\n<meta name=\"twitter:label1\" content=\"Dur\u00e9e de lecture estim\u00e9e\" \/>\n\t<meta name=\"twitter:data1\" content=\"2 minutes\" \/>\n<script type=\"application\/ld+json\" class=\"yoast-schema-graph\">{\"@context\":\"https:\\\/\\\/schema.org\",\"@graph\":[{\"@type\":\"WebPage\",\"@id\":\"https:\\\/\\\/tiketi.com\\\/power-tools-coach\\\/\",\"url\":\"https:\\\/\\\/tiketi.com\\\/power-tools-coach\\\/\",\"name\":\"Power Tools Coach Online Booking, Bus Tickets, Route, Schedule & Fare\",\"isPartOf\":{\"@id\":\"https:\\\/\\\/tiketi.com\\\/#website\"},\"primaryImageOfPage\":{\"@id\":\"https:\\\/\\\/tiketi.com\\\/power-tools-coach\\\/#primaryimage\"},\"image\":{\"@id\":\"https:\\\/\\\/tiketi.com\\\/power-tools-coach\\\/#primaryimage\"},\"thumbnailUrl\":\"https:\\\/\\\/tiketi.com\\\/wp-content\\\/uploads\\\/2022\\\/01\\\/bus-ticket-online-booking.jpg\",\"datePublished\":\"2022-01-19T11:54:30+00:00\",\"dateModified\":\"2022-02-19T12:16:32+00:00\",\"description\":\"Looking for Power Tools Coach online booking, app, contacts, bus routes, fare and schedule? Make a Power Tools Coach online bus ticket booking\",\"breadcrumb\":{\"@id\":\"https:\\\/\\\/tiketi.com\\\/power-tools-coach\\\/#breadcrumb\"},\"inLanguage\":\"fr-FR\",\"potentialAction\":[{\"@type\":\"ReadAction\",\"target\":[\"https:\\\/\\\/tiketi.com\\\/power-tools-coach\\\/\"]}]},{\"@type\":\"ImageObject\",\"inLanguage\":\"fr-FR\",\"@id\":\"https:\\\/\\\/tiketi.com\\\/power-tools-coach\\\/#primaryimage\",\"url\":\"https:\\\/\\\/tiketi.com\\\/wp-content\\\/uploads\\\/2022\\\/01\\\/bus-ticket-online-booking.jpg\",\"contentUrl\":\"https:\\\/\\\/tiketi.com\\\/wp-content\\\/uploads\\\/2022\\\/01\\\/bus-ticket-online-booking.jpg\",\"width\":1200,\"height\":206,\"caption\":\"Online Bus Ticket Booking\"},{\"@type\":\"BreadcrumbList\",\"@id\":\"https:\\\/\\\/tiketi.com\\\/power-tools-coach\\\/#breadcrumb\",\"itemListElement\":[{\"@type\":\"ListItem\",\"position\":1,\"name\":\"Home\",\"item\":\"https:\\\/\\\/tiketi.com\\\/\"},{\"@type\":\"ListItem\",\"position\":2,\"name\":\"Power Tools Coach Online Booking, Bus Tickets, Route &#038; Fare\"}]},{\"@type\":\"WebSite\",\"@id\":\"https:\\\/\\\/tiketi.com\\\/#website\",\"url\":\"https:\\\/\\\/tiketi.com\\\/\",\"name\":\"Flight & Bus Tickets, Tour Packages & Activitites - Tiketi.com\",\"description\":\"Flight &amp; Bus Tickets, Tours, Activitites\",\"publisher\":{\"@id\":\"https:\\\/\\\/tiketi.com\\\/#organization\"},\"potentialAction\":[{\"@type\":\"SearchAction\",\"target\":{\"@type\":\"EntryPoint\",\"urlTemplate\":\"https:\\\/\\\/tiketi.com\\\/?s={search_term_string}\"},\"query-input\":{\"@type\":\"PropertyValueSpecification\",\"valueRequired\":true,\"valueName\":\"search_term_string\"}}],\"inLanguage\":\"fr-FR\"},{\"@type\":\"Organization\",\"@id\":\"https:\\\/\\\/tiketi.com\\\/#organization\",\"name\":\"Tiketi.com\",\"alternateName\":\"Tiketi\",\"url\":\"https:\\\/\\\/tiketi.com\\\/\",\"logo\":{\"@type\":\"ImageObject\",\"inLanguage\":\"fr-FR\",\"@id\":\"https:\\\/\\\/tiketi.com\\\/#\\\/schema\\\/logo\\\/image\\\/\",\"url\":\"https:\\\/\\\/tiketi.com\\\/wp-content\\\/uploads\\\/2019\\\/05\\\/tiketi-logo-696.png\",\"contentUrl\":\"https:\\\/\\\/tiketi.com\\\/wp-content\\\/uploads\\\/2019\\\/05\\\/tiketi-logo-696.png\",\"width\":696,\"height\":696,\"caption\":\"Tiketi.com\"},\"image\":{\"@id\":\"https:\\\/\\\/tiketi.com\\\/#\\\/schema\\\/logo\\\/image\\\/\"},\"sameAs\":[\"https:\\\/\\\/www.facebook.com\\\/TiketiCom\\\/\"]}]}<\/script>\n<!-- \/ Yoast SEO plugin. -->","yoast_head_json":{"title":"R\u00e9servation en ligne d&#039;entra\u00eeneur d&#039;outils \u00e9lectriques, billets de bus, itin\u00e9raire, horaire et tarif","description":"Vous recherchez une r\u00e9servation en ligne, une application, des contacts, des itin\u00e9raires de bus, des tarifs et des horaires Power Tools Coach\u00a0? Effectuer une r\u00e9servation de billet de bus en ligne Power Tools Coach","robots":{"index":"index","follow":"follow","max-snippet":"max-snippet:-1","max-image-preview":"max-image-preview:large","max-video-preview":"max-video-preview:-1"},"canonical":"https:\/\/tiketi.com\/fr-fr\/power-tools-coach\/","og_locale":"fr_FR","og_type":"article","og_title":"Power Tools Coach Online Booking, Bus Tickets, Route, Schedule & Fare","og_description":"Looking for Power Tools Coach online booking, app, contacts, bus routes, fare and schedule? Make a Power Tools Coach online bus ticket booking","og_url":"https:\/\/tiketi.com\/fr-fr\/power-tools-coach\/","og_site_name":"Tiketi.com","article_publisher":"https:\/\/www.facebook.com\/TiketiCom\/","article_modified_time":"2022-02-19T12:16:32+00:00","og_image":[{"width":1200,"height":206,"url":"https:\/\/tiketi.com\/wp-content\/uploads\/2022\/01\/bus-ticket-online-booking.jpg","type":"image\/jpeg"}],"twitter_card":"summary_large_image","twitter_misc":{"Dur\u00e9e de lecture estim\u00e9e":"2 minutes"},"schema":{"@context":"https:\/\/schema.org","@graph":[{"@type":"WebPage","@id":"https:\/\/tiketi.com\/power-tools-coach\/","url":"https:\/\/tiketi.com\/power-tools-coach\/","name":"R\u00e9servation en ligne d&#039;entra\u00eeneur d&#039;outils \u00e9lectriques, billets de bus, itin\u00e9raire, horaire et tarif","isPartOf":{"@id":"https:\/\/tiketi.com\/#website"},"primaryImageOfPage":{"@id":"https:\/\/tiketi.com\/power-tools-coach\/#primaryimage"},"image":{"@id":"https:\/\/tiketi.com\/power-tools-coach\/#primaryimage"},"thumbnailUrl":"https:\/\/tiketi.com\/wp-content\/uploads\/2022\/01\/bus-ticket-online-booking.jpg","datePublished":"2022-01-19T11:54:30+00:00","dateModified":"2022-02-19T12:16:32+00:00","description":"Vous recherchez une r\u00e9servation en ligne, une application, des contacts, des itin\u00e9raires de bus, des tarifs et des horaires Power Tools Coach\u00a0? Effectuer une r\u00e9servation de billet de bus en ligne Power Tools Coach","breadcrumb":{"@id":"https:\/\/tiketi.com\/power-tools-coach\/#breadcrumb"},"inLanguage":"fr-FR","potentialAction":[{"@type":"ReadAction","target":["https:\/\/tiketi.com\/power-tools-coach\/"]}]},{"@type":"ImageObject","inLanguage":"fr-FR","@id":"https:\/\/tiketi.com\/power-tools-coach\/#primaryimage","url":"https:\/\/tiketi.com\/wp-content\/uploads\/2022\/01\/bus-ticket-online-booking.jpg","contentUrl":"https:\/\/tiketi.com\/wp-content\/uploads\/2022\/01\/bus-ticket-online-booking.jpg","width":1200,"height":206,"caption":"Online Bus Ticket Booking"},{"@type":"BreadcrumbList","@id":"https:\/\/tiketi.com\/power-tools-coach\/#breadcrumb","itemListElement":[{"@type":"ListItem","position":1,"name":"Home","item":"https:\/\/tiketi.com\/"},{"@type":"ListItem","position":2,"name":"Power Tools Coach Online Booking, Bus Tickets, Route &#038; Fare"}]},{"@type":"WebSite","@id":"https:\/\/tiketi.com\/#website","url":"https:\/\/tiketi.com\/","name":"Billets d&#039;avion et de bus, forfaits touristiques et activit\u00e9s - Tiketi.com","description":"Billets d&#039;avion et de bus, Tours, Activit\u00e9s","publisher":{"@id":"https:\/\/tiketi.com\/#organization"},"potentialAction":[{"@type":"SearchAction","target":{"@type":"EntryPoint","urlTemplate":"https:\/\/tiketi.com\/?s={search_term_string}"},"query-input":{"@type":"PropertyValueSpecification","valueRequired":true,"valueName":"search_term_string"}}],"inLanguage":"fr-FR"},{"@type":"Organization","@id":"https:\/\/tiketi.com\/#organization","name":"Tiketi.com","alternateName":"Tiketi","url":"https:\/\/tiketi.com\/","logo":{"@type":"ImageObject","inLanguage":"fr-FR","@id":"https:\/\/tiketi.com\/#\/schema\/logo\/image\/","url":"https:\/\/tiketi.com\/wp-content\/uploads\/2019\/05\/tiketi-logo-696.png","contentUrl":"https:\/\/tiketi.com\/wp-content\/uploads\/2019\/05\/tiketi-logo-696.png","width":696,"height":696,"caption":"Tiketi.com"},"image":{"@id":"https:\/\/tiketi.com\/#\/schema\/logo\/image\/"},"sameAs":["https:\/\/www.facebook.com\/TiketiCom\/"]}]}},"_links":{"self":[{"href":"https:\/\/tiketi.com\/fr-fr\/wp-json\/wp\/v2\/pages\/11322","targetHints":{"allow":["GET"]}}],"collection":[{"href":"https:\/\/tiketi.com\/fr-fr\/wp-json\/wp\/v2\/pages"}],"about":[{"href":"https:\/\/tiketi.com\/fr-fr\/wp-json\/wp\/v2\/types\/page"}],"author":[{"embeddable":true,"href":"https:\/\/tiketi.com\/fr-fr\/wp-json\/wp\/v2\/users\/1"}],"replies":[{"embeddable":true,"href":"https:\/\/tiketi.com\/fr-fr\/wp-json\/wp\/v2\/comments?post=11322"}],"version-history":[{"count":0,"href":"https:\/\/tiketi.com\/fr-fr\/wp-json\/wp\/v2\/pages\/11322\/revisions"}],"wp:featuredmedia":[{"embeddable":true,"href":"https:\/\/tiketi.com\/fr-fr\/wp-json\/wp\/v2\/media\/13999"}],"wp:attachment":[{"href":"https:\/\/tiketi.com\/fr-fr\/wp-json\/wp\/v2\/media?parent=11322"}],"curies":[{"name":"wp","href":"https:\/\/api.w.org\/{rel}","templated":true}]}}