{"id":11323,"date":"2022-01-19T12:54:30","date_gmt":"2022-01-19T11:54:30","guid":{"rendered":"https:\/\/new.tiketi.com\/euro-africa-bus-online-booking-bus-tickets-reservation\/"},"modified":"2022-02-11T23:42:16","modified_gmt":"2022-02-11T22:42:16","slug":"euro-africa-bus-services","status":"publish","type":"page","link":"https:\/\/tiketi.com\/fr-fr\/euro-africa-bus-services\/","title":{"rendered":"Euro Africa Bus R\u00e9servation en ligne, billets de bus, itin\u00e9raires et tarifs"},"content":{"rendered":"<h2>&nbsp;Euro Africa Bus Services R\u00e9servation de billets de bus en ligne<\/h2>\n<h3>D\u00e9couvrez votre itin\u00e9raire de voyage sur le web, le mobile ou l&#039;application et r\u00e9servez des billets de bus Euro Africa Bus Services pas chers en ligne.<\/h3>\n<p>La r\u00e9servation en ligne de bus Euro Afrique en toute simplicit\u00e9. Les services de la compagnie de bus Euro Africa sont une entreprise familiale \u00e9tablie et l&#039;une des premi\u00e8res soci\u00e9t\u00e9s de bus priv\u00e9es \u00e0 introduire le voyage en autocar de luxe au grand public en Zambie en 1994. La soci\u00e9t\u00e9 propose un service de bus efficace et rapide, avec des itin\u00e9raires quotidiens autour de la ville de Zambie avec aucun compromis sur les niveaux de s\u00e9curit\u00e9 et de relaxation. Il en va de m\u00eame pour la r\u00e9servation de billets de bus en ligne Euro Africa Bus Services d\u00e8s maintenant !<\/p>\n<h2>FAQ sur la r\u00e9servation en ligne d&#039;Euro Africa Bus, les billets de bus, les itin\u00e9raires et les tarifs<\/h2>\n<h3>Quels sont les c\u00e9l\u00e8bres itin\u00e9raires couverts par les services de bus Euro Africa ?<\/h3>\n<p>\u2022 11 services quotidiens : de Lusaka \u00e0 Kitwe<\/p>\n<p>\u2022 Kabwe, Lusaka, Kapiri, Ndola, Mposhi et Kitwe<\/p>\n<h3>Ligne de flotte de services de bus Euro Afrique<\/h3>\n<p>Les installations de bus contiennent des fen\u00eatres coulissantes, des syst\u00e8mes de radio et de t\u00e9l\u00e9vision. L&#039;entreprise g\u00e8re un programme d&#039;adh\u00e9sion dans le cadre duquel les membres b\u00e9n\u00e9ficient d&#039;une r\u00e9duction sur chaque billet de bus. Les services de bus Euro-Africa ont des chauffeurs professionnels et une \u00e9quipe de bus bien form\u00e9e et amicale. Le syst\u00e8me de paiement de l&#039;entreprise de bus est flexible. L&#039;entreprise est fi\u00e8re de son incroyable service client, obtenu gr\u00e2ce \u00e0 une communication personnelle puissante et \u00e0 son d\u00e9vouement envers ses clients.<\/p>\n<h3>Horaire et service de bus Euro Afrique<\/h3>\n<p>Les services de bus Euro Africa fonctionnent sept jours sur sept, avec un d\u00e9part toutes les heures de Kitwe ou de Lusaka. Les installations de l&#039;autocar contiennent des fen\u00eatres coulissantes, des syst\u00e8mes de radio et de t\u00e9l\u00e9vision. L&#039;entreprise g\u00e8re un programme d&#039;adh\u00e9sion qui permet aux membres de b\u00e9n\u00e9ficier d&#039;une r\u00e9duction sur chaque billet de bus. Les membres ont \u00e9galement droit \u00e0 un \u00e9l\u00e9ment de flexibilit\u00e9 de paiement.<\/p>\n<h3>Horaires du service de bus Euro Africa<\/h3>\n<p>\u2022 Le premier bus quitte chaque ville \u00e0 6h15<br \/>\n\u2022 Un dernier car quitte chaque ville \u00e0 14h30<\/p>\n<h3>Quelles sont les coordonn\u00e9es du service de bus Euro Africa Buses ?<\/h3>\n<p>Terminus de bus interurbain, Dedan Kimathi Road, Kamwala,<br \/>\nBo\u00eete postale : 31210,<br \/>\nLusaka, Zambie<\/p>\n<h2>&nbsp;Euro Africa Bus Services Conseils de r\u00e9servation de billets de bus en ligne<\/h2>\n<p>Les services de bus Euro Africa fournissent \u00e9galement aux clients un service de messagerie fiable, abordable et s\u00fbr qui permet aux clients d&#039;envoyer ou de recevoir des colis.<\/p>\n<p>Ils ont un meilleur statut parmi leurs clients en Zambie et m\u00eame ceux qui viennent de l&#039;autre c\u00f4t\u00e9 de leurs fronti\u00e8res.<\/p>","protected":false},"excerpt":{"rendered":"<p>&nbsp;Euro Africa Bus Services Online Bus Ticket Booking Discover your travel route on web, mobile or app and book cheap Euro Africa Bus Services bus tickets online. Euro Africa bus online booking made easy.&nbsp;Euro Africa bus company services is an established family business and one of the first private bus firms to introduce luxury coach [&hellip;]<\/p>\n","protected":false},"author":1,"featured_media":13999,"parent":0,"menu_order":0,"comment_status":"open","ping_status":"closed","template":"template-home-modern.php","meta":{"footnotes":""},"class_list":["post-11323","page","type-page","status-publish","has-post-thumbnail","hentry"],"yoast_head":"<!-- This site is optimized with the Yoast SEO plugin v27.3 - https:\/\/yoast.com\/product\/yoast-seo-wordpress\/ -->\n<title>Euro Africa Bus Online Booking, Bus Tickets, Routes &amp; Fares<\/title>\n<meta name=\"description\" content=\"Looking for Euro Africa online booking? Make a Euro Africa Bus Services online bus ticket booking now and save time and money!\" \/>\n<meta name=\"robots\" content=\"index, follow, max-snippet:-1, max-image-preview:large, max-video-preview:-1\" \/>\n<link rel=\"canonical\" href=\"https:\/\/tiketi.com\/fr-fr\/euro-africa-bus-services\/\" \/>\n<meta property=\"og:locale\" content=\"fr_FR\" \/>\n<meta property=\"og:type\" content=\"article\" \/>\n<meta property=\"og:title\" content=\"Euro Africa Bus Online Booking, Bus Tickets, Routes &amp; Fares\" \/>\n<meta property=\"og:description\" content=\"Looking for Euro Africa online booking? Make a Euro Africa Bus Services online bus ticket booking now and save time and money!\" \/>\n<meta property=\"og:url\" content=\"https:\/\/tiketi.com\/fr-fr\/euro-africa-bus-services\/\" \/>\n<meta property=\"og:site_name\" content=\"Tiketi.com\" \/>\n<meta property=\"article:publisher\" content=\"https:\/\/www.facebook.com\/TiketiCom\/\" \/>\n<meta property=\"article:modified_time\" content=\"2022-02-11T22:42:16+00:00\" \/>\n<meta property=\"og:image\" content=\"https:\/\/tiketi.com\/wp-content\/uploads\/2022\/01\/bus-ticket-online-booking.jpg\" \/>\n\t<meta property=\"og:image:width\" content=\"1200\" \/>\n\t<meta property=\"og:image:height\" content=\"206\" \/>\n\t<meta property=\"og:image:type\" content=\"image\/jpeg\" \/>\n<meta name=\"twitter:card\" content=\"summary_large_image\" \/>\n<meta name=\"twitter:label1\" content=\"Dur\u00e9e de lecture estim\u00e9e\" \/>\n\t<meta name=\"twitter:data1\" content=\"2 minutes\" \/>\n<script type=\"application\/ld+json\" class=\"yoast-schema-graph\">{\"@context\":\"https:\\\/\\\/schema.org\",\"@graph\":[{\"@type\":\"WebPage\",\"@id\":\"https:\\\/\\\/tiketi.com\\\/euro-africa-bus-services\\\/\",\"url\":\"https:\\\/\\\/tiketi.com\\\/euro-africa-bus-services\\\/\",\"name\":\"Euro Africa Bus Online Booking, Bus Tickets, Routes & Fares\",\"isPartOf\":{\"@id\":\"https:\\\/\\\/tiketi.com\\\/#website\"},\"primaryImageOfPage\":{\"@id\":\"https:\\\/\\\/tiketi.com\\\/euro-africa-bus-services\\\/#primaryimage\"},\"image\":{\"@id\":\"https:\\\/\\\/tiketi.com\\\/euro-africa-bus-services\\\/#primaryimage\"},\"thumbnailUrl\":\"https:\\\/\\\/tiketi.com\\\/wp-content\\\/uploads\\\/2022\\\/01\\\/bus-ticket-online-booking.jpg\",\"datePublished\":\"2022-01-19T11:54:30+00:00\",\"dateModified\":\"2022-02-11T22:42:16+00:00\",\"description\":\"Looking for Euro Africa online booking? Make a Euro Africa Bus Services online bus ticket booking now and save time and money!\",\"breadcrumb\":{\"@id\":\"https:\\\/\\\/tiketi.com\\\/euro-africa-bus-services\\\/#breadcrumb\"},\"inLanguage\":\"fr-FR\",\"potentialAction\":[{\"@type\":\"ReadAction\",\"target\":[\"https:\\\/\\\/tiketi.com\\\/euro-africa-bus-services\\\/\"]}]},{\"@type\":\"ImageObject\",\"inLanguage\":\"fr-FR\",\"@id\":\"https:\\\/\\\/tiketi.com\\\/euro-africa-bus-services\\\/#primaryimage\",\"url\":\"https:\\\/\\\/tiketi.com\\\/wp-content\\\/uploads\\\/2022\\\/01\\\/bus-ticket-online-booking.jpg\",\"contentUrl\":\"https:\\\/\\\/tiketi.com\\\/wp-content\\\/uploads\\\/2022\\\/01\\\/bus-ticket-online-booking.jpg\",\"width\":1200,\"height\":206,\"caption\":\"Online Bus Ticket Booking\"},{\"@type\":\"BreadcrumbList\",\"@id\":\"https:\\\/\\\/tiketi.com\\\/euro-africa-bus-services\\\/#breadcrumb\",\"itemListElement\":[{\"@type\":\"ListItem\",\"position\":1,\"name\":\"Home\",\"item\":\"https:\\\/\\\/tiketi.com\\\/\"},{\"@type\":\"ListItem\",\"position\":2,\"name\":\"Euro Africa Bus Online Booking, Bus Tickets, Routes &#038; Fares\"}]},{\"@type\":\"WebSite\",\"@id\":\"https:\\\/\\\/tiketi.com\\\/#website\",\"url\":\"https:\\\/\\\/tiketi.com\\\/\",\"name\":\"Flight & Bus Tickets, Tour Packages & Activitites - Tiketi.com\",\"description\":\"Flight &amp; Bus Tickets, Tours, Activitites\",\"publisher\":{\"@id\":\"https:\\\/\\\/tiketi.com\\\/#organization\"},\"potentialAction\":[{\"@type\":\"SearchAction\",\"target\":{\"@type\":\"EntryPoint\",\"urlTemplate\":\"https:\\\/\\\/tiketi.com\\\/?s={search_term_string}\"},\"query-input\":{\"@type\":\"PropertyValueSpecification\",\"valueRequired\":true,\"valueName\":\"search_term_string\"}}],\"inLanguage\":\"fr-FR\"},{\"@type\":\"Organization\",\"@id\":\"https:\\\/\\\/tiketi.com\\\/#organization\",\"name\":\"Tiketi.com\",\"alternateName\":\"Tiketi\",\"url\":\"https:\\\/\\\/tiketi.com\\\/\",\"logo\":{\"@type\":\"ImageObject\",\"inLanguage\":\"fr-FR\",\"@id\":\"https:\\\/\\\/tiketi.com\\\/#\\\/schema\\\/logo\\\/image\\\/\",\"url\":\"https:\\\/\\\/tiketi.com\\\/wp-content\\\/uploads\\\/2019\\\/05\\\/tiketi-logo-696.png\",\"contentUrl\":\"https:\\\/\\\/tiketi.com\\\/wp-content\\\/uploads\\\/2019\\\/05\\\/tiketi-logo-696.png\",\"width\":696,\"height\":696,\"caption\":\"Tiketi.com\"},\"image\":{\"@id\":\"https:\\\/\\\/tiketi.com\\\/#\\\/schema\\\/logo\\\/image\\\/\"},\"sameAs\":[\"https:\\\/\\\/www.facebook.com\\\/TiketiCom\\\/\"]}]}<\/script>\n<!-- \/ Yoast SEO plugin. -->","yoast_head_json":{"title":"Euro Africa Bus R\u00e9servation en ligne, billets de bus, itin\u00e9raires et tarifs","description":"Vous recherchez une r\u00e9servation en ligne Euro Africa? R\u00e9servez d\u00e8s maintenant un billet de bus en ligne Euro Africa Bus Services et gagnez du temps et de l&#039;argent !","robots":{"index":"index","follow":"follow","max-snippet":"max-snippet:-1","max-image-preview":"max-image-preview:large","max-video-preview":"max-video-preview:-1"},"canonical":"https:\/\/tiketi.com\/fr-fr\/euro-africa-bus-services\/","og_locale":"fr_FR","og_type":"article","og_title":"Euro Africa Bus Online Booking, Bus Tickets, Routes & Fares","og_description":"Looking for Euro Africa online booking? Make a Euro Africa Bus Services online bus ticket booking now and save time and money!","og_url":"https:\/\/tiketi.com\/fr-fr\/euro-africa-bus-services\/","og_site_name":"Tiketi.com","article_publisher":"https:\/\/www.facebook.com\/TiketiCom\/","article_modified_time":"2022-02-11T22:42:16+00:00","og_image":[{"width":1200,"height":206,"url":"https:\/\/tiketi.com\/wp-content\/uploads\/2022\/01\/bus-ticket-online-booking.jpg","type":"image\/jpeg"}],"twitter_card":"summary_large_image","twitter_misc":{"Dur\u00e9e de lecture estim\u00e9e":"2 minutes"},"schema":{"@context":"https:\/\/schema.org","@graph":[{"@type":"WebPage","@id":"https:\/\/tiketi.com\/euro-africa-bus-services\/","url":"https:\/\/tiketi.com\/euro-africa-bus-services\/","name":"Euro Africa Bus R\u00e9servation en ligne, billets de bus, itin\u00e9raires et tarifs","isPartOf":{"@id":"https:\/\/tiketi.com\/#website"},"primaryImageOfPage":{"@id":"https:\/\/tiketi.com\/euro-africa-bus-services\/#primaryimage"},"image":{"@id":"https:\/\/tiketi.com\/euro-africa-bus-services\/#primaryimage"},"thumbnailUrl":"https:\/\/tiketi.com\/wp-content\/uploads\/2022\/01\/bus-ticket-online-booking.jpg","datePublished":"2022-01-19T11:54:30+00:00","dateModified":"2022-02-11T22:42:16+00:00","description":"Vous recherchez une r\u00e9servation en ligne Euro Africa? R\u00e9servez d\u00e8s maintenant un billet de bus en ligne Euro Africa Bus Services et gagnez du temps et de l&#039;argent !","breadcrumb":{"@id":"https:\/\/tiketi.com\/euro-africa-bus-services\/#breadcrumb"},"inLanguage":"fr-FR","potentialAction":[{"@type":"ReadAction","target":["https:\/\/tiketi.com\/euro-africa-bus-services\/"]}]},{"@type":"ImageObject","inLanguage":"fr-FR","@id":"https:\/\/tiketi.com\/euro-africa-bus-services\/#primaryimage","url":"https:\/\/tiketi.com\/wp-content\/uploads\/2022\/01\/bus-ticket-online-booking.jpg","contentUrl":"https:\/\/tiketi.com\/wp-content\/uploads\/2022\/01\/bus-ticket-online-booking.jpg","width":1200,"height":206,"caption":"Online Bus Ticket Booking"},{"@type":"BreadcrumbList","@id":"https:\/\/tiketi.com\/euro-africa-bus-services\/#breadcrumb","itemListElement":[{"@type":"ListItem","position":1,"name":"Home","item":"https:\/\/tiketi.com\/"},{"@type":"ListItem","position":2,"name":"Euro Africa Bus Online Booking, Bus Tickets, Routes &#038; Fares"}]},{"@type":"WebSite","@id":"https:\/\/tiketi.com\/#website","url":"https:\/\/tiketi.com\/","name":"Billets d&#039;avion et de bus, forfaits touristiques et activit\u00e9s - Tiketi.com","description":"Billets d&#039;avion et de bus, Tours, Activit\u00e9s","publisher":{"@id":"https:\/\/tiketi.com\/#organization"},"potentialAction":[{"@type":"SearchAction","target":{"@type":"EntryPoint","urlTemplate":"https:\/\/tiketi.com\/?s={search_term_string}"},"query-input":{"@type":"PropertyValueSpecification","valueRequired":true,"valueName":"search_term_string"}}],"inLanguage":"fr-FR"},{"@type":"Organization","@id":"https:\/\/tiketi.com\/#organization","name":"Tiketi.com","alternateName":"Tiketi","url":"https:\/\/tiketi.com\/","logo":{"@type":"ImageObject","inLanguage":"fr-FR","@id":"https:\/\/tiketi.com\/#\/schema\/logo\/image\/","url":"https:\/\/tiketi.com\/wp-content\/uploads\/2019\/05\/tiketi-logo-696.png","contentUrl":"https:\/\/tiketi.com\/wp-content\/uploads\/2019\/05\/tiketi-logo-696.png","width":696,"height":696,"caption":"Tiketi.com"},"image":{"@id":"https:\/\/tiketi.com\/#\/schema\/logo\/image\/"},"sameAs":["https:\/\/www.facebook.com\/TiketiCom\/"]}]}},"_links":{"self":[{"href":"https:\/\/tiketi.com\/fr-fr\/wp-json\/wp\/v2\/pages\/11323","targetHints":{"allow":["GET"]}}],"collection":[{"href":"https:\/\/tiketi.com\/fr-fr\/wp-json\/wp\/v2\/pages"}],"about":[{"href":"https:\/\/tiketi.com\/fr-fr\/wp-json\/wp\/v2\/types\/page"}],"author":[{"embeddable":true,"href":"https:\/\/tiketi.com\/fr-fr\/wp-json\/wp\/v2\/users\/1"}],"replies":[{"embeddable":true,"href":"https:\/\/tiketi.com\/fr-fr\/wp-json\/wp\/v2\/comments?post=11323"}],"version-history":[{"count":0,"href":"https:\/\/tiketi.com\/fr-fr\/wp-json\/wp\/v2\/pages\/11323\/revisions"}],"wp:featuredmedia":[{"embeddable":true,"href":"https:\/\/tiketi.com\/fr-fr\/wp-json\/wp\/v2\/media\/13999"}],"wp:attachment":[{"href":"https:\/\/tiketi.com\/fr-fr\/wp-json\/wp\/v2\/media?parent=11323"}],"curies":[{"name":"wp","href":"https:\/\/api.w.org\/{rel}","templated":true}]}}