{"id":11324,"date":"2022-01-19T12:54:30","date_gmt":"2022-01-19T11:54:30","guid":{"rendered":"https:\/\/new.tiketi.com\/kobs-coach-online-booking-bus-tickets-reservation\/"},"modified":"2022-02-16T11:44:54","modified_gmt":"2022-02-16T10:44:54","slug":"kobs-coach","status":"publish","type":"page","link":"https:\/\/tiketi.com\/fr-fr\/kobs-coach\/","title":{"rendered":"R\u00e9servation en ligne de Kobs Coach, billets de bus, tarifs et horaires"},"content":{"rendered":"<h2>R\u00e9servation de billets de bus en ligne Kobs Coach<\/h2>\n<h3>D\u00e9couvrez votre itin\u00e9raire de voyage sur le web, le mobile ou l&#039;application et r\u00e9servez d\u00e8s maintenant en ligne des billets de bus Imani Coach pas chers.<\/h3>\n<p>La r\u00e9servation en ligne de Kobs Coach est simplifi\u00e9e. Kobs Coach est une soci\u00e9t\u00e9 de bus bas\u00e9e \u00e0 Morogoro qui propose des services de transfert interurbain quotidien de passagers depuis les zones de Morogoro vers la ville de Dar es Salaam. Ils travaillent dans le secteur du transport depuis plus de dix ans et ont r\u00e9ussi \u00e0 construire une marque puissante aupr\u00e8s des visiteurs. Alors faites la r\u00e9servation de billets de bus en ligne Kobs Coach maintenant !<\/p>\n<h2>FAQ sur la r\u00e9servation en ligne de Kobs Coach<\/h2>\n<h3>Quels sont les trajets en bus Kobs Coach et leurs tarifs ?<\/h3>\n<p>\u2022 Kilosa \u00e0 Dar es Salaam<br \/>\n\u2022 Ifakara \u00e0 Dar es Salaam via Msawvu<br \/>\n\u2022 Mahenge \u00e0 Dar es Salaam<br \/>\n\u2022 Manghula \u00e0 Dar es Salaam<br \/>\n\u2022 Kilombero \u00e0 Dar es Salaam<\/p>\n<h3>Ligne de service Kobs Coach<\/h3>\n<p>L&#039;entreprise est c\u00e9l\u00e8bre pour fournir des services de transfert quotidiens de passagers depuis diff\u00e9rentes parties des r\u00e9gions de Morogoro vers la ville d&#039;affaires de Dar es Salaam. Ils assurent une liaison quotidienne entre les villes de Kilombero, Kilosa, Ifakara et Mahenge et Dar es Salaam.<\/p>\n<p>L&#039;entreprise propose \u00e9galement des services de transfert de colis entre ces lieux \u00e0 des prix abordables. Tous les colis sont d\u00e9pos\u00e9s dans leurs bureaux ou dans le terminal en prenant contact avec leurs domestiques. La r\u00e9servation de billets peut \u00eatre effectu\u00e9e dans leurs bureaux situ\u00e9s dans tous les terminaux ou en contactant leurs agents qui pourront vous aider \u00e0 effectuer une r\u00e9servation de vos billets.<\/p>\n<p>Quels sont les coordonn\u00e9es et les coordonn\u00e9es du bureau des bus Kobs Coach\u00a0?<\/p>\n<p>Kobs Coach CO. LTD, Dar es Salaam, Tanzanie<\/p>\n<h2>Conseils pour la r\u00e9servation de billets de bus en ligne Kobs Coach<\/h2>\n<p>L&#039;entreprise s&#039;est \u00e9tablie en tant que fournisseur de transport local dans la r\u00e9gion de Morogoro avant d&#039;\u00e9tendre ses services aux entreprises inter-zones. C&#039;est l&#039;une des meilleures compagnies pour les routes Kilosa, Mahenge et Kilombero depuis la ville d&#039;affaires de Dar es Salaam.<\/p>","protected":false},"excerpt":{"rendered":"<p>Kobs Coach Online Bus Ticket Booking Discover your travel route on web, mobile or app and book cheap Imani Coach bus tickets online now. Kobs Coach\u00a0online booking made easy.\u00a0Kobs Coach is a Morogoro based bus firm which offer daily intercity passenger transfer services from Morogoro areas to Dar es Salaam city. They are in the [&hellip;]<\/p>\n","protected":false},"author":1,"featured_media":13999,"parent":0,"menu_order":0,"comment_status":"open","ping_status":"closed","template":"template-home-modern.php","meta":{"footnotes":""},"class_list":["post-11324","page","type-page","status-publish","has-post-thumbnail","hentry"],"yoast_head":"<!-- This site is optimized with the Yoast SEO plugin v27.3 - https:\/\/yoast.com\/product\/yoast-seo-wordpress\/ -->\n<title>Kobs Coach Online Booking, Bus Tickets, Fare &amp; Schedule<\/title>\n<meta name=\"description\" content=\"Looking for Kobs Coach\u00a0online booking? Make a cheap Kobs Coach online bus ticket booking online now and save time and money!\" \/>\n<meta name=\"robots\" content=\"index, follow, max-snippet:-1, max-image-preview:large, max-video-preview:-1\" \/>\n<link rel=\"canonical\" href=\"https:\/\/tiketi.com\/fr-fr\/kobs-coach\/\" \/>\n<meta property=\"og:locale\" content=\"fr_FR\" \/>\n<meta property=\"og:type\" content=\"article\" \/>\n<meta property=\"og:title\" content=\"Kobs Coach Online Booking, Bus Tickets, Fare &amp; Schedule\" \/>\n<meta property=\"og:description\" content=\"Looking for Kobs Coach\u00a0online booking? Make a cheap Kobs Coach online bus ticket booking online now and save time and money!\" \/>\n<meta property=\"og:url\" content=\"https:\/\/tiketi.com\/fr-fr\/kobs-coach\/\" \/>\n<meta property=\"og:site_name\" content=\"Tiketi.com\" \/>\n<meta property=\"article:publisher\" content=\"https:\/\/www.facebook.com\/TiketiCom\/\" \/>\n<meta property=\"article:modified_time\" content=\"2022-02-16T10:44:54+00:00\" \/>\n<meta property=\"og:image\" content=\"https:\/\/tiketi.com\/wp-content\/uploads\/2022\/01\/bus-ticket-online-booking.jpg\" \/>\n\t<meta property=\"og:image:width\" content=\"1200\" \/>\n\t<meta property=\"og:image:height\" content=\"206\" \/>\n\t<meta property=\"og:image:type\" content=\"image\/jpeg\" \/>\n<meta name=\"twitter:card\" content=\"summary_large_image\" \/>\n<meta name=\"twitter:label1\" content=\"Dur\u00e9e de lecture estim\u00e9e\" \/>\n\t<meta name=\"twitter:data1\" content=\"2 minutes\" \/>\n<script type=\"application\/ld+json\" class=\"yoast-schema-graph\">{\"@context\":\"https:\\\/\\\/schema.org\",\"@graph\":[{\"@type\":\"WebPage\",\"@id\":\"https:\\\/\\\/tiketi.com\\\/kobs-coach\\\/\",\"url\":\"https:\\\/\\\/tiketi.com\\\/kobs-coach\\\/\",\"name\":\"Kobs Coach Online Booking, Bus Tickets, Fare & Schedule\",\"isPartOf\":{\"@id\":\"https:\\\/\\\/tiketi.com\\\/#website\"},\"primaryImageOfPage\":{\"@id\":\"https:\\\/\\\/tiketi.com\\\/kobs-coach\\\/#primaryimage\"},\"image\":{\"@id\":\"https:\\\/\\\/tiketi.com\\\/kobs-coach\\\/#primaryimage\"},\"thumbnailUrl\":\"https:\\\/\\\/tiketi.com\\\/wp-content\\\/uploads\\\/2022\\\/01\\\/bus-ticket-online-booking.jpg\",\"datePublished\":\"2022-01-19T11:54:30+00:00\",\"dateModified\":\"2022-02-16T10:44:54+00:00\",\"description\":\"Looking for Kobs Coach\u00a0online booking? Make a cheap Kobs Coach online bus ticket booking online now and save time and money!\",\"breadcrumb\":{\"@id\":\"https:\\\/\\\/tiketi.com\\\/kobs-coach\\\/#breadcrumb\"},\"inLanguage\":\"fr-FR\",\"potentialAction\":[{\"@type\":\"ReadAction\",\"target\":[\"https:\\\/\\\/tiketi.com\\\/kobs-coach\\\/\"]}]},{\"@type\":\"ImageObject\",\"inLanguage\":\"fr-FR\",\"@id\":\"https:\\\/\\\/tiketi.com\\\/kobs-coach\\\/#primaryimage\",\"url\":\"https:\\\/\\\/tiketi.com\\\/wp-content\\\/uploads\\\/2022\\\/01\\\/bus-ticket-online-booking.jpg\",\"contentUrl\":\"https:\\\/\\\/tiketi.com\\\/wp-content\\\/uploads\\\/2022\\\/01\\\/bus-ticket-online-booking.jpg\",\"width\":1200,\"height\":206,\"caption\":\"Online Bus Ticket Booking\"},{\"@type\":\"BreadcrumbList\",\"@id\":\"https:\\\/\\\/tiketi.com\\\/kobs-coach\\\/#breadcrumb\",\"itemListElement\":[{\"@type\":\"ListItem\",\"position\":1,\"name\":\"Home\",\"item\":\"https:\\\/\\\/tiketi.com\\\/\"},{\"@type\":\"ListItem\",\"position\":2,\"name\":\"Kobs Coach Online Booking, Bus Tickets, Fare &#038; Schedule\"}]},{\"@type\":\"WebSite\",\"@id\":\"https:\\\/\\\/tiketi.com\\\/#website\",\"url\":\"https:\\\/\\\/tiketi.com\\\/\",\"name\":\"Flight & Bus Tickets, Tour Packages & Activitites - Tiketi.com\",\"description\":\"Flight &amp; Bus Tickets, Tours, Activitites\",\"publisher\":{\"@id\":\"https:\\\/\\\/tiketi.com\\\/#organization\"},\"potentialAction\":[{\"@type\":\"SearchAction\",\"target\":{\"@type\":\"EntryPoint\",\"urlTemplate\":\"https:\\\/\\\/tiketi.com\\\/?s={search_term_string}\"},\"query-input\":{\"@type\":\"PropertyValueSpecification\",\"valueRequired\":true,\"valueName\":\"search_term_string\"}}],\"inLanguage\":\"fr-FR\"},{\"@type\":\"Organization\",\"@id\":\"https:\\\/\\\/tiketi.com\\\/#organization\",\"name\":\"Tiketi.com\",\"alternateName\":\"Tiketi\",\"url\":\"https:\\\/\\\/tiketi.com\\\/\",\"logo\":{\"@type\":\"ImageObject\",\"inLanguage\":\"fr-FR\",\"@id\":\"https:\\\/\\\/tiketi.com\\\/#\\\/schema\\\/logo\\\/image\\\/\",\"url\":\"https:\\\/\\\/tiketi.com\\\/wp-content\\\/uploads\\\/2019\\\/05\\\/tiketi-logo-696.png\",\"contentUrl\":\"https:\\\/\\\/tiketi.com\\\/wp-content\\\/uploads\\\/2019\\\/05\\\/tiketi-logo-696.png\",\"width\":696,\"height\":696,\"caption\":\"Tiketi.com\"},\"image\":{\"@id\":\"https:\\\/\\\/tiketi.com\\\/#\\\/schema\\\/logo\\\/image\\\/\"},\"sameAs\":[\"https:\\\/\\\/www.facebook.com\\\/TiketiCom\\\/\"]}]}<\/script>\n<!-- \/ Yoast SEO plugin. -->","yoast_head_json":{"title":"R\u00e9servation en ligne de Kobs Coach, billets de bus, tarifs et horaires","description":"Vous recherchez une r\u00e9servation en ligne pour Kobs Coach ? Faites une r\u00e9servation de billet de bus en ligne Kobs Coach pas cher d\u00e8s maintenant et \u00e9conomisez du temps et de l&#039;argent !","robots":{"index":"index","follow":"follow","max-snippet":"max-snippet:-1","max-image-preview":"max-image-preview:large","max-video-preview":"max-video-preview:-1"},"canonical":"https:\/\/tiketi.com\/fr-fr\/kobs-coach\/","og_locale":"fr_FR","og_type":"article","og_title":"Kobs Coach Online Booking, Bus Tickets, Fare & Schedule","og_description":"Looking for Kobs Coach\u00a0online booking? Make a cheap Kobs Coach online bus ticket booking online now and save time and money!","og_url":"https:\/\/tiketi.com\/fr-fr\/kobs-coach\/","og_site_name":"Tiketi.com","article_publisher":"https:\/\/www.facebook.com\/TiketiCom\/","article_modified_time":"2022-02-16T10:44:54+00:00","og_image":[{"width":1200,"height":206,"url":"https:\/\/tiketi.com\/wp-content\/uploads\/2022\/01\/bus-ticket-online-booking.jpg","type":"image\/jpeg"}],"twitter_card":"summary_large_image","twitter_misc":{"Dur\u00e9e de lecture estim\u00e9e":"2 minutes"},"schema":{"@context":"https:\/\/schema.org","@graph":[{"@type":"WebPage","@id":"https:\/\/tiketi.com\/kobs-coach\/","url":"https:\/\/tiketi.com\/kobs-coach\/","name":"R\u00e9servation en ligne de Kobs Coach, billets de bus, tarifs et horaires","isPartOf":{"@id":"https:\/\/tiketi.com\/#website"},"primaryImageOfPage":{"@id":"https:\/\/tiketi.com\/kobs-coach\/#primaryimage"},"image":{"@id":"https:\/\/tiketi.com\/kobs-coach\/#primaryimage"},"thumbnailUrl":"https:\/\/tiketi.com\/wp-content\/uploads\/2022\/01\/bus-ticket-online-booking.jpg","datePublished":"2022-01-19T11:54:30+00:00","dateModified":"2022-02-16T10:44:54+00:00","description":"Vous recherchez une r\u00e9servation en ligne pour Kobs Coach ? Faites une r\u00e9servation de billet de bus en ligne Kobs Coach pas cher d\u00e8s maintenant et \u00e9conomisez du temps et de l&#039;argent !","breadcrumb":{"@id":"https:\/\/tiketi.com\/kobs-coach\/#breadcrumb"},"inLanguage":"fr-FR","potentialAction":[{"@type":"ReadAction","target":["https:\/\/tiketi.com\/kobs-coach\/"]}]},{"@type":"ImageObject","inLanguage":"fr-FR","@id":"https:\/\/tiketi.com\/kobs-coach\/#primaryimage","url":"https:\/\/tiketi.com\/wp-content\/uploads\/2022\/01\/bus-ticket-online-booking.jpg","contentUrl":"https:\/\/tiketi.com\/wp-content\/uploads\/2022\/01\/bus-ticket-online-booking.jpg","width":1200,"height":206,"caption":"Online Bus Ticket Booking"},{"@type":"BreadcrumbList","@id":"https:\/\/tiketi.com\/kobs-coach\/#breadcrumb","itemListElement":[{"@type":"ListItem","position":1,"name":"Home","item":"https:\/\/tiketi.com\/"},{"@type":"ListItem","position":2,"name":"Kobs Coach Online Booking, Bus Tickets, Fare &#038; Schedule"}]},{"@type":"WebSite","@id":"https:\/\/tiketi.com\/#website","url":"https:\/\/tiketi.com\/","name":"Billets d&#039;avion et de bus, forfaits touristiques et activit\u00e9s - Tiketi.com","description":"Billets d&#039;avion et de bus, Tours, Activit\u00e9s","publisher":{"@id":"https:\/\/tiketi.com\/#organization"},"potentialAction":[{"@type":"SearchAction","target":{"@type":"EntryPoint","urlTemplate":"https:\/\/tiketi.com\/?s={search_term_string}"},"query-input":{"@type":"PropertyValueSpecification","valueRequired":true,"valueName":"search_term_string"}}],"inLanguage":"fr-FR"},{"@type":"Organization","@id":"https:\/\/tiketi.com\/#organization","name":"Tiketi.com","alternateName":"Tiketi","url":"https:\/\/tiketi.com\/","logo":{"@type":"ImageObject","inLanguage":"fr-FR","@id":"https:\/\/tiketi.com\/#\/schema\/logo\/image\/","url":"https:\/\/tiketi.com\/wp-content\/uploads\/2019\/05\/tiketi-logo-696.png","contentUrl":"https:\/\/tiketi.com\/wp-content\/uploads\/2019\/05\/tiketi-logo-696.png","width":696,"height":696,"caption":"Tiketi.com"},"image":{"@id":"https:\/\/tiketi.com\/#\/schema\/logo\/image\/"},"sameAs":["https:\/\/www.facebook.com\/TiketiCom\/"]}]}},"_links":{"self":[{"href":"https:\/\/tiketi.com\/fr-fr\/wp-json\/wp\/v2\/pages\/11324","targetHints":{"allow":["GET"]}}],"collection":[{"href":"https:\/\/tiketi.com\/fr-fr\/wp-json\/wp\/v2\/pages"}],"about":[{"href":"https:\/\/tiketi.com\/fr-fr\/wp-json\/wp\/v2\/types\/page"}],"author":[{"embeddable":true,"href":"https:\/\/tiketi.com\/fr-fr\/wp-json\/wp\/v2\/users\/1"}],"replies":[{"embeddable":true,"href":"https:\/\/tiketi.com\/fr-fr\/wp-json\/wp\/v2\/comments?post=11324"}],"version-history":[{"count":0,"href":"https:\/\/tiketi.com\/fr-fr\/wp-json\/wp\/v2\/pages\/11324\/revisions"}],"wp:featuredmedia":[{"embeddable":true,"href":"https:\/\/tiketi.com\/fr-fr\/wp-json\/wp\/v2\/media\/13999"}],"wp:attachment":[{"href":"https:\/\/tiketi.com\/fr-fr\/wp-json\/wp\/v2\/media?parent=11324"}],"curies":[{"name":"wp","href":"https:\/\/api.w.org\/{rel}","templated":true}]}}