{"id":11325,"date":"2022-01-19T12:54:30","date_gmt":"2022-01-19T11:54:30","guid":{"rendered":"https:\/\/new.tiketi.com\/gateway-online-booking-bus-tickets-reservation\/"},"modified":"2022-02-13T21:19:28","modified_gmt":"2022-02-13T20:19:28","slug":"gateway-bus","status":"publish","type":"page","link":"https:\/\/tiketi.com\/fr-fr\/gateway-bus\/","title":{"rendered":"Passerelle de r\u00e9servation en ligne, billets de bus, tarifs, horaires et itin\u00e9raire"},"content":{"rendered":"<h2>R\u00e9servation de billets de bus pas chers en ligne Gateway<\/h2>\n<h3>D\u00e9couvrez votre itin\u00e9raire de voyage sur le web, le mobile ou l&#039;application et r\u00e9servez d\u00e8s maintenant en ligne des billets de bus Gateway pas chers.<\/h3>\n<p>Passerelle de r\u00e9servation en ligne simplifi\u00e9e. Gateway bus services est une soci\u00e9t\u00e9 de transport de passagers par autobus qui a d&#039;abord \u00e9t\u00e9 cr\u00e9\u00e9e en Ouganda pour desservir la ville de Kampala avec d&#039;autres villes du pays. La compagnie de bus a r\u00e9ussi \u00e0 se faire un nom qui a le statut le plus \u00e9lev\u00e9 parmi les consommateurs et offre un service de r\u00e9servation de billets de bus en ligne. Alors faites la r\u00e9servation de billets de bus en ligne Gateway maintenant!<\/p>\n<h2>FAQ sur la r\u00e9servation en ligne de la passerelle<\/h2>\n<h3>Quels sont les c\u00e9l\u00e8bres itin\u00e9raires couverts par la r\u00e9servation en ligne de bus Gateway ?<\/h3>\n<p>L&#039;entreprise a maintenant \u00e9largi ses services en introduisant des itin\u00e9raires vers Nairobi au Kenya avec des services r\u00e9guliers r\u00e9guliers. Cette entreprise a r\u00e9ussi \u00e0 obtenir le meilleur niveau de prestation de services sous la direction de son directeur g\u00e9n\u00e9ral exp\u00e9riment\u00e9, Hussein Nasir.<\/p>\n<p>Ils ont des services quotidiens de Kampala vers Mbale, Kisoro, Moroto (30 000 Ush, d\u00e9parts \u00e0 3h et 4h du matin, dix heures de trajet), Kotido (40 000 Ush d\u00e9parts \u00e0 1h et 2h du matin, quatorze \u00e0 quinze heures de route), Gulu, mais aussi Nairobi (70 000 Ush, d\u00e9part \u00e0 21h).<\/p>\n<p>Les itin\u00e9raires d\u00e9crits ci-dessus sont peu nombreux, mais ils ont de nombreux itin\u00e9raires locaux en Ouganda avec des services quotidiens. On peut faire une r\u00e9servation de bus Gateway en visitant leurs bureaux de r\u00e9servation situ\u00e9s dans chaque gare routi\u00e8re ou en les appelant via les num\u00e9ros fournis ci-dessous.<\/p>\n<h3>Flotte de services de bus Gateway<\/h3>\n<p>La soci\u00e9t\u00e9 de bus Gateway poss\u00e8de une flotte de plus de quatre-vingts bus qui circulent \u00e9galement en Ouganda et au Kenya. Leur flotte est fabriqu\u00e9e localement en Ouganda et au Kenya avec une meilleure conception pour r\u00e9pondre \u00e0 vos besoins pendant que vous voyagez avec eux.<\/p>\n<p>La plupart de leurs bus sont des mod\u00e8les Isuzu et leur MV123 moderne de Labh Singh Harmam Singh ltd a un meilleur design int\u00e9rieur.<\/p>\n<h3>Quelles sont les coordonn\u00e9es des bus Gateway ?<\/h3>\n<p>Gateway Bus Services Ltd, obi<br \/>\nAdresse : POBox : 20-00100 Nairobi GPO<br \/>\nChemin d&#039;Accra, Nair<br \/>\nVille\/Localit\u00e9 : chemin Accra, Nairobi<\/p>\n<p>Bureau des bus de la passerelle \u00e0 Kampala\u00a0:<\/p>\n<p>Parcelle 19, Maison Travin<br \/>\nPOBox 10615 William St, Kampala, Ouganda<\/p>\n<h2>Conseils de r\u00e9servation de billets de bus en ligne Gateway<\/h2>\n<p>Ils offrent \u00e9galement un service de messagerie en Ouganda et dans le pays voisin comme le Kenya. Leurs bus transportent \u00e9galement des colis avec des prix parfaits qui peuvent \u00eatre abordables par la majorit\u00e9 des gens.<\/p>","protected":false},"excerpt":{"rendered":"<p>Cheap Gateway Online Bus Ticket Booking Discover your travel route on web, mobile or app and book cheap Gateway bus tickets online now. Gateway online booking made easy. Gateway bus services is a passenger bus transport company which was first established in Uganda to serve the Kampala city with other towns within the country. The [&hellip;]<\/p>\n","protected":false},"author":1,"featured_media":13999,"parent":0,"menu_order":0,"comment_status":"open","ping_status":"closed","template":"template-home-modern.php","meta":{"footnotes":""},"class_list":["post-11325","page","type-page","status-publish","has-post-thumbnail","hentry"],"yoast_head":"<!-- This site is optimized with the Yoast SEO plugin v27.2 - https:\/\/yoast.com\/product\/yoast-seo-wordpress\/ -->\n<title>Gateway Online Booking, Bus Tickets, Fare, Schedule &amp; Route<\/title>\n<meta name=\"description\" content=\"Looking for Gateway online booking, app, route, fare and schedule? Make a Gateway online bus ticket booking online now and save\" \/>\n<meta name=\"robots\" content=\"index, follow, max-snippet:-1, max-image-preview:large, max-video-preview:-1\" \/>\n<link rel=\"canonical\" href=\"https:\/\/tiketi.com\/fr-fr\/gateway-bus\/\" \/>\n<meta property=\"og:locale\" content=\"fr_FR\" \/>\n<meta property=\"og:type\" content=\"article\" \/>\n<meta property=\"og:title\" content=\"Gateway Online Booking, Bus Tickets, Fare, Schedule &amp; Route\" \/>\n<meta property=\"og:description\" content=\"Looking for Gateway online booking, app, route, fare and schedule? Make a Gateway online bus ticket booking online now and save\" \/>\n<meta property=\"og:url\" content=\"https:\/\/tiketi.com\/fr-fr\/gateway-bus\/\" \/>\n<meta property=\"og:site_name\" content=\"Tiketi.com\" \/>\n<meta property=\"article:publisher\" content=\"https:\/\/www.facebook.com\/TiketiCom\/\" \/>\n<meta property=\"article:modified_time\" content=\"2022-02-13T20:19:28+00:00\" \/>\n<meta property=\"og:image\" content=\"https:\/\/tiketi.com\/wp-content\/uploads\/2022\/01\/bus-ticket-online-booking.jpg\" \/>\n\t<meta property=\"og:image:width\" content=\"1200\" \/>\n\t<meta property=\"og:image:height\" content=\"206\" \/>\n\t<meta property=\"og:image:type\" content=\"image\/jpeg\" \/>\n<meta name=\"twitter:card\" content=\"summary_large_image\" \/>\n<meta name=\"twitter:label1\" content=\"Dur\u00e9e de lecture estim\u00e9e\" \/>\n\t<meta name=\"twitter:data1\" content=\"2 minutes\" \/>\n<script type=\"application\/ld+json\" class=\"yoast-schema-graph\">{\"@context\":\"https:\/\/schema.org\",\"@graph\":[{\"@type\":\"WebPage\",\"@id\":\"https:\/\/tiketi.com\/gateway-bus\/\",\"url\":\"https:\/\/tiketi.com\/gateway-bus\/\",\"name\":\"Gateway Online Booking, Bus Tickets, Fare, Schedule & Route\",\"isPartOf\":{\"@id\":\"https:\/\/tiketi.com\/#website\"},\"primaryImageOfPage\":{\"@id\":\"https:\/\/tiketi.com\/gateway-bus\/#primaryimage\"},\"image\":{\"@id\":\"https:\/\/tiketi.com\/gateway-bus\/#primaryimage\"},\"thumbnailUrl\":\"https:\/\/tiketi.com\/wp-content\/uploads\/2022\/01\/bus-ticket-online-booking.jpg\",\"datePublished\":\"2022-01-19T11:54:30+00:00\",\"dateModified\":\"2022-02-13T20:19:28+00:00\",\"description\":\"Looking for Gateway online booking, app, route, fare and schedule? Make a Gateway online bus ticket booking online now and save\",\"breadcrumb\":{\"@id\":\"https:\/\/tiketi.com\/gateway-bus\/#breadcrumb\"},\"inLanguage\":\"fr-FR\",\"potentialAction\":[{\"@type\":\"ReadAction\",\"target\":[\"https:\/\/tiketi.com\/gateway-bus\/\"]}]},{\"@type\":\"ImageObject\",\"inLanguage\":\"fr-FR\",\"@id\":\"https:\/\/tiketi.com\/gateway-bus\/#primaryimage\",\"url\":\"https:\/\/tiketi.com\/wp-content\/uploads\/2022\/01\/bus-ticket-online-booking.jpg\",\"contentUrl\":\"https:\/\/tiketi.com\/wp-content\/uploads\/2022\/01\/bus-ticket-online-booking.jpg\",\"width\":1200,\"height\":206,\"caption\":\"Online Bus Ticket Booking\"},{\"@type\":\"BreadcrumbList\",\"@id\":\"https:\/\/tiketi.com\/gateway-bus\/#breadcrumb\",\"itemListElement\":[{\"@type\":\"ListItem\",\"position\":1,\"name\":\"Home\",\"item\":\"https:\/\/tiketi.com\/\"},{\"@type\":\"ListItem\",\"position\":2,\"name\":\"Gateway Online Booking, Bus Tickets, Fare, Schedule &#038; Route\"}]},{\"@type\":\"WebSite\",\"@id\":\"https:\/\/tiketi.com\/#website\",\"url\":\"https:\/\/tiketi.com\/\",\"name\":\"Flight & Bus Tickets, Tour Packages & Activitites - Tiketi.com\",\"description\":\"Flight &amp; Bus Tickets, Tours, Activitites\",\"publisher\":{\"@id\":\"https:\/\/tiketi.com\/#organization\"},\"potentialAction\":[{\"@type\":\"SearchAction\",\"target\":{\"@type\":\"EntryPoint\",\"urlTemplate\":\"https:\/\/tiketi.com\/?s={search_term_string}\"},\"query-input\":{\"@type\":\"PropertyValueSpecification\",\"valueRequired\":true,\"valueName\":\"search_term_string\"}}],\"inLanguage\":\"fr-FR\"},{\"@type\":\"Organization\",\"@id\":\"https:\/\/tiketi.com\/#organization\",\"name\":\"Tiketi.com\",\"alternateName\":\"Tiketi\",\"url\":\"https:\/\/tiketi.com\/\",\"logo\":{\"@type\":\"ImageObject\",\"inLanguage\":\"fr-FR\",\"@id\":\"https:\/\/tiketi.com\/#\/schema\/logo\/image\/\",\"url\":\"https:\/\/tiketi.com\/wp-content\/uploads\/2019\/05\/tiketi-logo-696.png\",\"contentUrl\":\"https:\/\/tiketi.com\/wp-content\/uploads\/2019\/05\/tiketi-logo-696.png\",\"width\":696,\"height\":696,\"caption\":\"Tiketi.com\"},\"image\":{\"@id\":\"https:\/\/tiketi.com\/#\/schema\/logo\/image\/\"},\"sameAs\":[\"https:\/\/www.facebook.com\/TiketiCom\/\"]}]}<\/script>\n<!-- \/ Yoast SEO plugin. -->","yoast_head_json":{"title":"Passerelle de r\u00e9servation en ligne, billets de bus, tarifs, horaires et itin\u00e9raire","description":"Vous recherchez une r\u00e9servation en ligne Gateway, une application, un itin\u00e9raire, un tarif et un horaire\u00a0? Faites une r\u00e9servation de billet de bus en ligne Gateway en ligne maintenant et \u00e9conomisez","robots":{"index":"index","follow":"follow","max-snippet":"max-snippet:-1","max-image-preview":"max-image-preview:large","max-video-preview":"max-video-preview:-1"},"canonical":"https:\/\/tiketi.com\/fr-fr\/gateway-bus\/","og_locale":"fr_FR","og_type":"article","og_title":"Gateway Online Booking, Bus Tickets, Fare, Schedule & Route","og_description":"Looking for Gateway online booking, app, route, fare and schedule? Make a Gateway online bus ticket booking online now and save","og_url":"https:\/\/tiketi.com\/fr-fr\/gateway-bus\/","og_site_name":"Tiketi.com","article_publisher":"https:\/\/www.facebook.com\/TiketiCom\/","article_modified_time":"2022-02-13T20:19:28+00:00","og_image":[{"width":1200,"height":206,"url":"https:\/\/tiketi.com\/wp-content\/uploads\/2022\/01\/bus-ticket-online-booking.jpg","type":"image\/jpeg"}],"twitter_card":"summary_large_image","twitter_misc":{"Dur\u00e9e de lecture estim\u00e9e":"2 minutes"},"schema":{"@context":"https:\/\/schema.org","@graph":[{"@type":"WebPage","@id":"https:\/\/tiketi.com\/gateway-bus\/","url":"https:\/\/tiketi.com\/gateway-bus\/","name":"Passerelle de r\u00e9servation en ligne, billets de bus, tarifs, horaires et itin\u00e9raire","isPartOf":{"@id":"https:\/\/tiketi.com\/#website"},"primaryImageOfPage":{"@id":"https:\/\/tiketi.com\/gateway-bus\/#primaryimage"},"image":{"@id":"https:\/\/tiketi.com\/gateway-bus\/#primaryimage"},"thumbnailUrl":"https:\/\/tiketi.com\/wp-content\/uploads\/2022\/01\/bus-ticket-online-booking.jpg","datePublished":"2022-01-19T11:54:30+00:00","dateModified":"2022-02-13T20:19:28+00:00","description":"Vous recherchez une r\u00e9servation en ligne Gateway, une application, un itin\u00e9raire, un tarif et un horaire\u00a0? Faites une r\u00e9servation de billet de bus en ligne Gateway en ligne maintenant et \u00e9conomisez","breadcrumb":{"@id":"https:\/\/tiketi.com\/gateway-bus\/#breadcrumb"},"inLanguage":"fr-FR","potentialAction":[{"@type":"ReadAction","target":["https:\/\/tiketi.com\/gateway-bus\/"]}]},{"@type":"ImageObject","inLanguage":"fr-FR","@id":"https:\/\/tiketi.com\/gateway-bus\/#primaryimage","url":"https:\/\/tiketi.com\/wp-content\/uploads\/2022\/01\/bus-ticket-online-booking.jpg","contentUrl":"https:\/\/tiketi.com\/wp-content\/uploads\/2022\/01\/bus-ticket-online-booking.jpg","width":1200,"height":206,"caption":"Online Bus Ticket Booking"},{"@type":"BreadcrumbList","@id":"https:\/\/tiketi.com\/gateway-bus\/#breadcrumb","itemListElement":[{"@type":"ListItem","position":1,"name":"Home","item":"https:\/\/tiketi.com\/"},{"@type":"ListItem","position":2,"name":"Gateway Online Booking, Bus Tickets, Fare, Schedule &#038; Route"}]},{"@type":"WebSite","@id":"https:\/\/tiketi.com\/#website","url":"https:\/\/tiketi.com\/","name":"Billets d&#039;avion et de bus, forfaits touristiques et activit\u00e9s - Tiketi.com","description":"Billets d&#039;avion et de bus, Tours, Activit\u00e9s","publisher":{"@id":"https:\/\/tiketi.com\/#organization"},"potentialAction":[{"@type":"SearchAction","target":{"@type":"EntryPoint","urlTemplate":"https:\/\/tiketi.com\/?s={search_term_string}"},"query-input":{"@type":"PropertyValueSpecification","valueRequired":true,"valueName":"search_term_string"}}],"inLanguage":"fr-FR"},{"@type":"Organization","@id":"https:\/\/tiketi.com\/#organization","name":"Tiketi.com","alternateName":"Tiketi","url":"https:\/\/tiketi.com\/","logo":{"@type":"ImageObject","inLanguage":"fr-FR","@id":"https:\/\/tiketi.com\/#\/schema\/logo\/image\/","url":"https:\/\/tiketi.com\/wp-content\/uploads\/2019\/05\/tiketi-logo-696.png","contentUrl":"https:\/\/tiketi.com\/wp-content\/uploads\/2019\/05\/tiketi-logo-696.png","width":696,"height":696,"caption":"Tiketi.com"},"image":{"@id":"https:\/\/tiketi.com\/#\/schema\/logo\/image\/"},"sameAs":["https:\/\/www.facebook.com\/TiketiCom\/"]}]}},"_links":{"self":[{"href":"https:\/\/tiketi.com\/fr-fr\/wp-json\/wp\/v2\/pages\/11325","targetHints":{"allow":["GET"]}}],"collection":[{"href":"https:\/\/tiketi.com\/fr-fr\/wp-json\/wp\/v2\/pages"}],"about":[{"href":"https:\/\/tiketi.com\/fr-fr\/wp-json\/wp\/v2\/types\/page"}],"author":[{"embeddable":true,"href":"https:\/\/tiketi.com\/fr-fr\/wp-json\/wp\/v2\/users\/1"}],"replies":[{"embeddable":true,"href":"https:\/\/tiketi.com\/fr-fr\/wp-json\/wp\/v2\/comments?post=11325"}],"version-history":[{"count":0,"href":"https:\/\/tiketi.com\/fr-fr\/wp-json\/wp\/v2\/pages\/11325\/revisions"}],"wp:featuredmedia":[{"embeddable":true,"href":"https:\/\/tiketi.com\/fr-fr\/wp-json\/wp\/v2\/media\/13999"}],"wp:attachment":[{"href":"https:\/\/tiketi.com\/fr-fr\/wp-json\/wp\/v2\/media?parent=11325"}],"curies":[{"name":"wp","href":"https:\/\/api.w.org\/{rel}","templated":true}]}}