{"id":11327,"date":"2022-01-19T12:54:30","date_gmt":"2022-01-19T11:54:30","guid":{"rendered":"https:\/\/new.tiketi.com\/link-bus-online-booking-bus-tickets-reservation\/"},"modified":"2022-02-16T13:55:20","modified_gmt":"2022-02-16T12:55:20","slug":"city-link-bus-coaches-2","status":"publish","type":"page","link":"https:\/\/tiketi.com\/fr-fr\/city-link-bus-coaches-2\/","title":{"rendered":"Link Bus Online Booking, Bus Tickets, Route, Schedule &#038; Fare"},"content":{"rendered":"<h2>City Link Bus Booking Online Ticket<\/h2>\n<h3>Discover your travel route on web, mobile or app and book cheap City Link Bus tickets online now.<\/h3>\n<p>City Link Bus\u00a0online booking made easy.\u00a0City link bus services is a well established firm in Zimbabwe which has been operating since 2008.\u00a0So do City Link Bus booking online ticket now!<\/p>\n<h2>City Link Bus Online Booking FAQs<\/h2>\n<h3>What are the City Link buses routes and fares?<\/h3>\n<p>\u2022 Harare \u00e0 Kadoma $20\/$25<br \/>\n\u2022 Harare \u00e0 Bulwayo $30\/$35<br \/>\n\u2022 Harare \u00e0 Gweru $25\/$30<br \/>\n\u2022 Harare \u00e0 Kwekwe $25\/$30<br \/>\n\u2022 Harare \u00e0 Hwanga $50<br \/>\n\u2022 Gweru \u00e0 Bulawayo $20<br \/>\n\u2022 Kwekwe \u00e0 Bulawayo $25<br \/>\n\u2022 Kodoma \u00e0 Bulawayo $25<\/p>\n<h3>Flotte d&#039;autocars City Link<\/h3>\n<p>Les autocars Citylink ont investi leur capital dans de nouveaux autocars sp\u00e9cialis\u00e9s fabriqu\u00e9s par Scania avec des carrosseries des producteurs Irizar et Marcopolo. Leurs bus sont propres et bien entretenus avec leur \u00e9quipe m\u00e9canique.<\/p>\n<p>Leurs autocars sont enti\u00e8rement climatis\u00e9s pour vous offrir un temps frais et frais tout au long de votre voyage. Et lorsque vous monterez \u00e0 bord du bus Citylink, vous profiterez de divertissements \u00e0 bord tels que des services de t\u00e9l\u00e9vision, la meilleure musique de leur syst\u00e8me audio et bien d&#039;autres.<\/p>\n<p>Leurs bus ont un syst\u00e8me de charge USB pour vous fournir une prise de courant pour am\u00e9liorer votre smartphone pendant que vous profitez d&#039;un WiFi gratuit \u00e0 partir de leurs itin\u00e9raires.<\/p>\n<h3>What is the contact details of City Link bus booking online coaches &amp;\u00a0 buses?<\/h3>\n<p>Si\u00e8ge social d&#039;Harare<br \/>\n3\u00e8me \u00e9tage<br \/>\nPlace de voyage<br \/>\nCnr J Chinamano<br \/>\nRue Mazoue<br \/>\nHarare<\/p>\n<h2>City Link Bus R\u00e9servation de billets en ligne Conseils<\/h2>\n<p>Bien que City Link ait commenc\u00e9 avec un seul autocar, sa vision \u00e9tait d&#039;\u00eatre le grand transport de passagers de luxe dans la r\u00e9gion. Quoi qu&#039;il en soit, au fil des ann\u00e9es, l&#039;entreprise a connu des p\u00e9riodes de croissance et d&#039;expansion importantes qui lui ont permis d&#039;acheter plus de dix nouveaux autocars et d&#039;augmenter ses effectifs.<\/p>","protected":false},"excerpt":{"rendered":"<p>City Link Bus Booking Online Ticket Discover your travel route on web, mobile or app and book cheap City Link Bus tickets online now. City Link Bus\u00a0online booking made easy.\u00a0City link bus services is a well established firm in Zimbabwe which has been operating since 2008.\u00a0So do City Link Bus booking online ticket now! City [&hellip;]<\/p>\n","protected":false},"author":1,"featured_media":13999,"parent":0,"menu_order":0,"comment_status":"open","ping_status":"closed","template":"template-home-modern.php","meta":{"footnotes":""},"class_list":["post-11327","page","type-page","status-publish","has-post-thumbnail","hentry"],"yoast_head":"<!-- This site is optimized with the Yoast SEO plugin v27.5 - https:\/\/yoast.com\/product\/yoast-seo-wordpress\/ -->\n<title>Link Bus Online Booking, Bus Tickets Reservation<\/title>\n<meta name=\"description\" content=\"Looking for Link Bus online booking, app, contacts, bus routes, fare and schedule? Make a cheap Link Bus online bus ticket booking online now\" \/>\n<meta name=\"robots\" content=\"index, follow, max-snippet:-1, max-image-preview:large, max-video-preview:-1\" \/>\n<link rel=\"canonical\" href=\"https:\/\/tiketi.com\/fr-fr\/city-link-bus-coaches-2\/\" \/>\n<meta property=\"og:locale\" content=\"fr_FR\" \/>\n<meta property=\"og:type\" content=\"article\" \/>\n<meta property=\"og:title\" content=\"Link Bus Online Booking, Bus Tickets Reservation\" \/>\n<meta property=\"og:description\" content=\"Looking for Link Bus online booking, app, contacts, bus routes, fare and schedule? Make a cheap Link Bus online bus ticket booking online now\" \/>\n<meta property=\"og:url\" content=\"https:\/\/tiketi.com\/fr-fr\/city-link-bus-coaches-2\/\" \/>\n<meta property=\"og:site_name\" content=\"Tiketi.com\" \/>\n<meta property=\"article:publisher\" content=\"https:\/\/www.facebook.com\/TiketiCom\/\" \/>\n<meta property=\"article:modified_time\" content=\"2022-02-16T12:55:20+00:00\" \/>\n<meta property=\"og:image\" content=\"https:\/\/tiketi.com\/wp-content\/uploads\/2022\/01\/bus-ticket-online-booking.jpg\" \/>\n\t<meta property=\"og:image:width\" content=\"1200\" \/>\n\t<meta property=\"og:image:height\" content=\"206\" \/>\n\t<meta property=\"og:image:type\" content=\"image\/jpeg\" \/>\n<meta name=\"twitter:card\" content=\"summary_large_image\" \/>\n<meta name=\"twitter:label1\" content=\"Dur\u00e9e de lecture estim\u00e9e\" \/>\n\t<meta name=\"twitter:data1\" content=\"2 minutes\" \/>\n<script type=\"application\/ld+json\" class=\"yoast-schema-graph\">{\"@context\":\"https:\\\/\\\/schema.org\",\"@graph\":[{\"@type\":\"WebPage\",\"@id\":\"https:\\\/\\\/tiketi.com\\\/sw\\\/city-link-bus-coaches-2\\\/\",\"url\":\"https:\\\/\\\/tiketi.com\\\/sw\\\/city-link-bus-coaches-2\\\/\",\"name\":\"Link Bus Online Booking, Bus Tickets Reservation\",\"isPartOf\":{\"@id\":\"https:\\\/\\\/tiketi.com\\\/#website\"},\"primaryImageOfPage\":{\"@id\":\"https:\\\/\\\/tiketi.com\\\/sw\\\/city-link-bus-coaches-2\\\/#primaryimage\"},\"image\":{\"@id\":\"https:\\\/\\\/tiketi.com\\\/sw\\\/city-link-bus-coaches-2\\\/#primaryimage\"},\"thumbnailUrl\":\"https:\\\/\\\/tiketi.com\\\/wp-content\\\/uploads\\\/2022\\\/01\\\/bus-ticket-online-booking.jpg\",\"datePublished\":\"2022-01-19T11:54:30+00:00\",\"dateModified\":\"2022-02-16T12:55:20+00:00\",\"description\":\"Looking for Link Bus online booking, app, contacts, bus routes, fare and schedule? Make a cheap Link Bus online bus ticket booking online now\",\"breadcrumb\":{\"@id\":\"https:\\\/\\\/tiketi.com\\\/sw\\\/city-link-bus-coaches-2\\\/#breadcrumb\"},\"inLanguage\":\"fr-FR\",\"potentialAction\":[{\"@type\":\"ReadAction\",\"target\":[\"https:\\\/\\\/tiketi.com\\\/sw\\\/city-link-bus-coaches-2\\\/\"]}]},{\"@type\":\"ImageObject\",\"inLanguage\":\"fr-FR\",\"@id\":\"https:\\\/\\\/tiketi.com\\\/sw\\\/city-link-bus-coaches-2\\\/#primaryimage\",\"url\":\"https:\\\/\\\/tiketi.com\\\/wp-content\\\/uploads\\\/2022\\\/01\\\/bus-ticket-online-booking.jpg\",\"contentUrl\":\"https:\\\/\\\/tiketi.com\\\/wp-content\\\/uploads\\\/2022\\\/01\\\/bus-ticket-online-booking.jpg\",\"width\":1200,\"height\":206,\"caption\":\"Online Bus Ticket Booking\"},{\"@type\":\"BreadcrumbList\",\"@id\":\"https:\\\/\\\/tiketi.com\\\/sw\\\/city-link-bus-coaches-2\\\/#breadcrumb\",\"itemListElement\":[{\"@type\":\"ListItem\",\"position\":1,\"name\":\"Home\",\"item\":\"https:\\\/\\\/tiketi.com\\\/\"},{\"@type\":\"ListItem\",\"position\":2,\"name\":\"Link Bus Online Booking, Bus Tickets, Route, Schedule &#038; Fare\"}]},{\"@type\":\"WebSite\",\"@id\":\"https:\\\/\\\/tiketi.com\\\/#website\",\"url\":\"https:\\\/\\\/tiketi.com\\\/\",\"name\":\"Flight & Bus Tickets, Tour Packages & Activitites - Tiketi.com\",\"description\":\"Flight &amp; Bus Tickets, Tours, Activitites\",\"publisher\":{\"@id\":\"https:\\\/\\\/tiketi.com\\\/#organization\"},\"potentialAction\":[{\"@type\":\"SearchAction\",\"target\":{\"@type\":\"EntryPoint\",\"urlTemplate\":\"https:\\\/\\\/tiketi.com\\\/?s={search_term_string}\"},\"query-input\":{\"@type\":\"PropertyValueSpecification\",\"valueRequired\":true,\"valueName\":\"search_term_string\"}}],\"inLanguage\":\"fr-FR\"},{\"@type\":\"Organization\",\"@id\":\"https:\\\/\\\/tiketi.com\\\/#organization\",\"name\":\"Tiketi.com\",\"alternateName\":\"Tiketi\",\"url\":\"https:\\\/\\\/tiketi.com\\\/\",\"logo\":{\"@type\":\"ImageObject\",\"inLanguage\":\"fr-FR\",\"@id\":\"https:\\\/\\\/tiketi.com\\\/#\\\/schema\\\/logo\\\/image\\\/\",\"url\":\"https:\\\/\\\/tiketi.com\\\/wp-content\\\/uploads\\\/2019\\\/05\\\/tiketi-logo-696.png\",\"contentUrl\":\"https:\\\/\\\/tiketi.com\\\/wp-content\\\/uploads\\\/2019\\\/05\\\/tiketi-logo-696.png\",\"width\":696,\"height\":696,\"caption\":\"Tiketi.com\"},\"image\":{\"@id\":\"https:\\\/\\\/tiketi.com\\\/#\\\/schema\\\/logo\\\/image\\\/\"},\"sameAs\":[\"https:\\\/\\\/www.facebook.com\\\/TiketiCom\\\/\"]}]}<\/script>\n<!-- \/ Yoast SEO plugin. -->","yoast_head_json":{"title":"Link Bus Online Booking, Bus Tickets Reservation","description":"Looking for Link Bus online booking, app, contacts, bus routes, fare and schedule? Make a cheap Link Bus online bus ticket booking online now","robots":{"index":"index","follow":"follow","max-snippet":"max-snippet:-1","max-image-preview":"max-image-preview:large","max-video-preview":"max-video-preview:-1"},"canonical":"https:\/\/tiketi.com\/fr-fr\/city-link-bus-coaches-2\/","og_locale":"fr_FR","og_type":"article","og_title":"Link Bus Online Booking, Bus Tickets Reservation","og_description":"Looking for Link Bus online booking, app, contacts, bus routes, fare and schedule? Make a cheap Link Bus online bus ticket booking online now","og_url":"https:\/\/tiketi.com\/fr-fr\/city-link-bus-coaches-2\/","og_site_name":"Tiketi.com","article_publisher":"https:\/\/www.facebook.com\/TiketiCom\/","article_modified_time":"2022-02-16T12:55:20+00:00","og_image":[{"width":1200,"height":206,"url":"https:\/\/tiketi.com\/wp-content\/uploads\/2022\/01\/bus-ticket-online-booking.jpg","type":"image\/jpeg"}],"twitter_card":"summary_large_image","twitter_misc":{"Dur\u00e9e de lecture estim\u00e9e":"2 minutes"},"schema":{"@context":"https:\/\/schema.org","@graph":[{"@type":"WebPage","@id":"https:\/\/tiketi.com\/sw\/city-link-bus-coaches-2\/","url":"https:\/\/tiketi.com\/sw\/city-link-bus-coaches-2\/","name":"Link Bus Online Booking, Bus Tickets Reservation","isPartOf":{"@id":"https:\/\/tiketi.com\/#website"},"primaryImageOfPage":{"@id":"https:\/\/tiketi.com\/sw\/city-link-bus-coaches-2\/#primaryimage"},"image":{"@id":"https:\/\/tiketi.com\/sw\/city-link-bus-coaches-2\/#primaryimage"},"thumbnailUrl":"https:\/\/tiketi.com\/wp-content\/uploads\/2022\/01\/bus-ticket-online-booking.jpg","datePublished":"2022-01-19T11:54:30+00:00","dateModified":"2022-02-16T12:55:20+00:00","description":"Looking for Link Bus online booking, app, contacts, bus routes, fare and schedule? Make a cheap Link Bus online bus ticket booking online now","breadcrumb":{"@id":"https:\/\/tiketi.com\/sw\/city-link-bus-coaches-2\/#breadcrumb"},"inLanguage":"fr-FR","potentialAction":[{"@type":"ReadAction","target":["https:\/\/tiketi.com\/sw\/city-link-bus-coaches-2\/"]}]},{"@type":"ImageObject","inLanguage":"fr-FR","@id":"https:\/\/tiketi.com\/sw\/city-link-bus-coaches-2\/#primaryimage","url":"https:\/\/tiketi.com\/wp-content\/uploads\/2022\/01\/bus-ticket-online-booking.jpg","contentUrl":"https:\/\/tiketi.com\/wp-content\/uploads\/2022\/01\/bus-ticket-online-booking.jpg","width":1200,"height":206,"caption":"Online Bus Ticket Booking"},{"@type":"BreadcrumbList","@id":"https:\/\/tiketi.com\/sw\/city-link-bus-coaches-2\/#breadcrumb","itemListElement":[{"@type":"ListItem","position":1,"name":"Home","item":"https:\/\/tiketi.com\/"},{"@type":"ListItem","position":2,"name":"Link Bus Online Booking, Bus Tickets, Route, Schedule &#038; Fare"}]},{"@type":"WebSite","@id":"https:\/\/tiketi.com\/#website","url":"https:\/\/tiketi.com\/","name":"Billets d&#039;avion et de bus, forfaits touristiques et activit\u00e9s - Tiketi.com","description":"Billets d&#039;avion et de bus, Tours, Activit\u00e9s","publisher":{"@id":"https:\/\/tiketi.com\/#organization"},"potentialAction":[{"@type":"SearchAction","target":{"@type":"EntryPoint","urlTemplate":"https:\/\/tiketi.com\/?s={search_term_string}"},"query-input":{"@type":"PropertyValueSpecification","valueRequired":true,"valueName":"search_term_string"}}],"inLanguage":"fr-FR"},{"@type":"Organization","@id":"https:\/\/tiketi.com\/#organization","name":"Tiketi.com","alternateName":"Tiketi","url":"https:\/\/tiketi.com\/","logo":{"@type":"ImageObject","inLanguage":"fr-FR","@id":"https:\/\/tiketi.com\/#\/schema\/logo\/image\/","url":"https:\/\/tiketi.com\/wp-content\/uploads\/2019\/05\/tiketi-logo-696.png","contentUrl":"https:\/\/tiketi.com\/wp-content\/uploads\/2019\/05\/tiketi-logo-696.png","width":696,"height":696,"caption":"Tiketi.com"},"image":{"@id":"https:\/\/tiketi.com\/#\/schema\/logo\/image\/"},"sameAs":["https:\/\/www.facebook.com\/TiketiCom\/"]}]}},"_links":{"self":[{"href":"https:\/\/tiketi.com\/fr-fr\/wp-json\/wp\/v2\/pages\/11327","targetHints":{"allow":["GET"]}}],"collection":[{"href":"https:\/\/tiketi.com\/fr-fr\/wp-json\/wp\/v2\/pages"}],"about":[{"href":"https:\/\/tiketi.com\/fr-fr\/wp-json\/wp\/v2\/types\/page"}],"author":[{"embeddable":true,"href":"https:\/\/tiketi.com\/fr-fr\/wp-json\/wp\/v2\/users\/1"}],"replies":[{"embeddable":true,"href":"https:\/\/tiketi.com\/fr-fr\/wp-json\/wp\/v2\/comments?post=11327"}],"version-history":[{"count":0,"href":"https:\/\/tiketi.com\/fr-fr\/wp-json\/wp\/v2\/pages\/11327\/revisions"}],"wp:featuredmedia":[{"embeddable":true,"href":"https:\/\/tiketi.com\/fr-fr\/wp-json\/wp\/v2\/media\/13999"}],"wp:attachment":[{"href":"https:\/\/tiketi.com\/fr-fr\/wp-json\/wp\/v2\/media?parent=11327"}],"curies":[{"name":"wp","href":"https:\/\/api.w.org\/{rel}","templated":true}]}}