{"id":11328,"date":"2022-01-19T12:54:30","date_gmt":"2022-01-19T11:54:30","guid":{"rendered":"https:\/\/new.tiketi.com\/yegna-bus-online-booking-bus-tickets-reservation\/"},"modified":"2022-02-23T13:14:46","modified_gmt":"2022-02-23T12:14:46","slug":"yegna-bus","status":"publish","type":"page","link":"https:\/\/tiketi.com\/fr-fr\/yegna-bus\/","title":{"rendered":"R\u00e9servation en ligne de Yegna Bus, billets de bus, itin\u00e9raire et tarif"},"content":{"rendered":"<h2>Yegna Bus R\u00e9servation de billets de bus en ligne<\/h2>\n<h3>D\u00e9couvrez votre itin\u00e9raire sur le web, le mobile ou l&#039;application et r\u00e9servez en ligne d\u00e8s maintenant des billets de bus Yegna pas chers.<\/h3>\n<p>Yegna Bus r\u00e9servation en ligne facile. La compagnie de bus Yegna est un service de transport public bas\u00e9 en \u00c9thiopie qui a commenc\u00e9 ses travaux en 2018. L&#039;objectif principal de la cr\u00e9ation de l&#039;entreprise est de contribuer au d\u00e9veloppement \u00e9conomique et social de l&#039;\u00c9thiopie et de l&#039;Afrique de l&#039;Est dans son ensemble, en offrant des services standard et nouveaux aux voyageurs et autres. clients. Il en va de m\u00eame pour la r\u00e9servation de billets de bus en ligne Yegna Bus maintenant!<\/p>\n<h2>R\u00e9servation en ligne de Yegna Bus, billets de bus, FAQ sur l&#039;itin\u00e9raire, les horaires et les tarifs<\/h2>\n<h3>Quels sont les c\u00e9l\u00e8bres trajets parcourus par les bus Yegna ?<\/h3>\n<p>\u2022 Addis-Abeba \u00e0 Mekelle<br \/>\n\u2022 Addis-Abeba \u00e0 Gondar<br \/>\n\u2022 Addis-Abeba \u00e0 Hawassa<br \/>\n\u2022 Addis-Abeba \u00e0 Injibara<br \/>\n\u2022 Addis-Abeba \u00e0 Baher Dar<br \/>\n\u2022 Addis-Abeba \u00e0 Dire Dawa<br \/>\n\u2022 Addis-Abeba \u00e0 Jijiga<\/p>\n<h3>Ligne de service de bus Yegna<\/h3>\n<p>Les bus Yegna vous offrent une zone de d\u00e9tente que vous souhaitez tout en voyageant, source d&#039;un moment m\u00e9morable et r\u00e9ussi dans votre voyage. Leurs bus offrent des services de transport locaux quotidiens en \u00c9thiopie avec des d\u00e9parts le matin \u00e0 tous les terminaux de bus.<\/p>\n<p>Les hubs de destination sont toutes les villes r\u00e9gionales d&#039;\u00c9thiopie partant d&#039;Addis-Abeba vers Gondar, Jijiga, Injibara, Hawassa, Bahir dar, Mekelle et d&#039;autres villes cl\u00e9s du pays.<\/p>\n<p>Ils disposent \u00e9galement d&#039;un service de transport transfrontalier et de services aux entreprises. La compagnie de bus propose \u00e9galement un service de transport de colis \u00e0 des prix \u00e9quitables.<\/p>\n<p>Leur bus fiable et neuf avec une \u00e9quipe extr\u00eamement professionnelle et d\u00e9vou\u00e9e est d\u00e9j\u00e0 en place pour vous offrir un bon voyage.<\/p>\n<h3>Quelles sont les coordonn\u00e9es des bus Yegna ?<\/h3>\n<p>Addis-Abeba Ethiopie, sous-ville de Kirkos,<br \/>\nAutour de Kazanchis, b\u00e2timent OSAC 5\u00e8me \u00e9tage.<\/p>\n<h2>Yegna Bus Conseils de r\u00e9servation de billets de bus en ligne<\/h2>\n<p>La compagnie de bus Yegna se vante de vous offrir une zone de d\u00e9tente que vous souhaitez tout en voyageant, source d&#039;un moment m\u00e9morable et r\u00e9ussi dans votre voyage. Yegna Bus s&#039;engage dans des services de transport int\u00e9rieur ainsi que des services de transport transfrontaliers.<\/p>","protected":false},"excerpt":{"rendered":"<p>Yegna Bus Online Bus Ticket Booking Discover your travel route on web, mobile or app and book cheap Yegna bus tickets online now. Yegna Bus\u00a0online booking made easy. Yegna bus company is an Ethiopian based public transport service which is started work in 2018. The key aim of the company establishment is to contribute to [&hellip;]<\/p>\n","protected":false},"author":1,"featured_media":13999,"parent":0,"menu_order":0,"comment_status":"open","ping_status":"closed","template":"template-home-modern.php","meta":{"footnotes":""},"class_list":["post-11328","page","type-page","status-publish","has-post-thumbnail","hentry"],"yoast_head":"<!-- This site is optimized with the Yoast SEO plugin v27.2 - https:\/\/yoast.com\/product\/yoast-seo-wordpress\/ -->\n<title>Yegna Bus Online Booking, Bus Tickets, Route, Schedule &amp; Fare<\/title>\n<meta name=\"description\" content=\"Looking for Yegna Bus online booking, app, contacts, bus routes, fare and schedule? Make cheap Yegna Bus online bus ticket booking online now\" \/>\n<meta name=\"robots\" content=\"index, follow, max-snippet:-1, max-image-preview:large, max-video-preview:-1\" \/>\n<link rel=\"canonical\" href=\"https:\/\/tiketi.com\/fr-fr\/yegna-bus\/\" \/>\n<meta property=\"og:locale\" content=\"fr_FR\" \/>\n<meta property=\"og:type\" content=\"article\" \/>\n<meta property=\"og:title\" content=\"Yegna Bus Online Booking, Bus Tickets, Route, Schedule &amp; Fare\" \/>\n<meta property=\"og:description\" content=\"Looking for Yegna Bus online booking, app, contacts, bus routes, fare and schedule? Make cheap Yegna Bus online bus ticket booking online now\" \/>\n<meta property=\"og:url\" content=\"https:\/\/tiketi.com\/fr-fr\/yegna-bus\/\" \/>\n<meta property=\"og:site_name\" content=\"Tiketi.com\" \/>\n<meta property=\"article:publisher\" content=\"https:\/\/www.facebook.com\/TiketiCom\/\" \/>\n<meta property=\"article:modified_time\" content=\"2022-02-23T12:14:46+00:00\" \/>\n<meta property=\"og:image\" content=\"https:\/\/tiketi.com\/wp-content\/uploads\/2022\/01\/bus-ticket-online-booking.jpg\" \/>\n\t<meta property=\"og:image:width\" content=\"1200\" \/>\n\t<meta property=\"og:image:height\" content=\"206\" \/>\n\t<meta property=\"og:image:type\" content=\"image\/jpeg\" \/>\n<meta name=\"twitter:card\" content=\"summary_large_image\" \/>\n<meta name=\"twitter:label1\" content=\"Dur\u00e9e de lecture estim\u00e9e\" \/>\n\t<meta name=\"twitter:data1\" content=\"2 minutes\" \/>\n<script type=\"application\/ld+json\" class=\"yoast-schema-graph\">{\"@context\":\"https:\/\/schema.org\",\"@graph\":[{\"@type\":\"WebPage\",\"@id\":\"https:\/\/tiketi.com\/yegna-bus\/\",\"url\":\"https:\/\/tiketi.com\/yegna-bus\/\",\"name\":\"Yegna Bus Online Booking, Bus Tickets, Route, Schedule & Fare\",\"isPartOf\":{\"@id\":\"https:\/\/tiketi.com\/#website\"},\"primaryImageOfPage\":{\"@id\":\"https:\/\/tiketi.com\/yegna-bus\/#primaryimage\"},\"image\":{\"@id\":\"https:\/\/tiketi.com\/yegna-bus\/#primaryimage\"},\"thumbnailUrl\":\"https:\/\/tiketi.com\/wp-content\/uploads\/2022\/01\/bus-ticket-online-booking.jpg\",\"datePublished\":\"2022-01-19T11:54:30+00:00\",\"dateModified\":\"2022-02-23T12:14:46+00:00\",\"description\":\"Looking for Yegna Bus online booking, app, contacts, bus routes, fare and schedule? Make cheap Yegna Bus online bus ticket booking online now\",\"breadcrumb\":{\"@id\":\"https:\/\/tiketi.com\/yegna-bus\/#breadcrumb\"},\"inLanguage\":\"fr-FR\",\"potentialAction\":[{\"@type\":\"ReadAction\",\"target\":[\"https:\/\/tiketi.com\/yegna-bus\/\"]}]},{\"@type\":\"ImageObject\",\"inLanguage\":\"fr-FR\",\"@id\":\"https:\/\/tiketi.com\/yegna-bus\/#primaryimage\",\"url\":\"https:\/\/tiketi.com\/wp-content\/uploads\/2022\/01\/bus-ticket-online-booking.jpg\",\"contentUrl\":\"https:\/\/tiketi.com\/wp-content\/uploads\/2022\/01\/bus-ticket-online-booking.jpg\",\"width\":1200,\"height\":206,\"caption\":\"Online Bus Ticket Booking\"},{\"@type\":\"BreadcrumbList\",\"@id\":\"https:\/\/tiketi.com\/yegna-bus\/#breadcrumb\",\"itemListElement\":[{\"@type\":\"ListItem\",\"position\":1,\"name\":\"Home\",\"item\":\"https:\/\/tiketi.com\/\"},{\"@type\":\"ListItem\",\"position\":2,\"name\":\"Yegna Bus Online Booking, Bus Tickets, Route &#038; Fare\"}]},{\"@type\":\"WebSite\",\"@id\":\"https:\/\/tiketi.com\/#website\",\"url\":\"https:\/\/tiketi.com\/\",\"name\":\"Flight & Bus Tickets, Tour Packages & Activitites - Tiketi.com\",\"description\":\"Flight &amp; Bus Tickets, Tours, Activitites\",\"publisher\":{\"@id\":\"https:\/\/tiketi.com\/#organization\"},\"potentialAction\":[{\"@type\":\"SearchAction\",\"target\":{\"@type\":\"EntryPoint\",\"urlTemplate\":\"https:\/\/tiketi.com\/?s={search_term_string}\"},\"query-input\":{\"@type\":\"PropertyValueSpecification\",\"valueRequired\":true,\"valueName\":\"search_term_string\"}}],\"inLanguage\":\"fr-FR\"},{\"@type\":\"Organization\",\"@id\":\"https:\/\/tiketi.com\/#organization\",\"name\":\"Tiketi.com\",\"alternateName\":\"Tiketi\",\"url\":\"https:\/\/tiketi.com\/\",\"logo\":{\"@type\":\"ImageObject\",\"inLanguage\":\"fr-FR\",\"@id\":\"https:\/\/tiketi.com\/#\/schema\/logo\/image\/\",\"url\":\"https:\/\/tiketi.com\/wp-content\/uploads\/2019\/05\/tiketi-logo-696.png\",\"contentUrl\":\"https:\/\/tiketi.com\/wp-content\/uploads\/2019\/05\/tiketi-logo-696.png\",\"width\":696,\"height\":696,\"caption\":\"Tiketi.com\"},\"image\":{\"@id\":\"https:\/\/tiketi.com\/#\/schema\/logo\/image\/\"},\"sameAs\":[\"https:\/\/www.facebook.com\/TiketiCom\/\"]}]}<\/script>\n<!-- \/ Yoast SEO plugin. -->","yoast_head_json":{"title":"R\u00e9servation en ligne de Yegna Bus, billets de bus, itin\u00e9raire, horaires et tarifs","description":"Vous recherchez une r\u00e9servation en ligne Yegna Bus, une application, des contacts, des itin\u00e9raires de bus, des tarifs et des horaires? Faites la r\u00e9servation de billets de bus en ligne Yegna Bus pas chers en ligne maintenant","robots":{"index":"index","follow":"follow","max-snippet":"max-snippet:-1","max-image-preview":"max-image-preview:large","max-video-preview":"max-video-preview:-1"},"canonical":"https:\/\/tiketi.com\/fr-fr\/yegna-bus\/","og_locale":"fr_FR","og_type":"article","og_title":"Yegna Bus Online Booking, Bus Tickets, Route, Schedule & Fare","og_description":"Looking for Yegna Bus online booking, app, contacts, bus routes, fare and schedule? Make cheap Yegna Bus online bus ticket booking online now","og_url":"https:\/\/tiketi.com\/fr-fr\/yegna-bus\/","og_site_name":"Tiketi.com","article_publisher":"https:\/\/www.facebook.com\/TiketiCom\/","article_modified_time":"2022-02-23T12:14:46+00:00","og_image":[{"width":1200,"height":206,"url":"https:\/\/tiketi.com\/wp-content\/uploads\/2022\/01\/bus-ticket-online-booking.jpg","type":"image\/jpeg"}],"twitter_card":"summary_large_image","twitter_misc":{"Dur\u00e9e de lecture estim\u00e9e":"2 minutes"},"schema":{"@context":"https:\/\/schema.org","@graph":[{"@type":"WebPage","@id":"https:\/\/tiketi.com\/yegna-bus\/","url":"https:\/\/tiketi.com\/yegna-bus\/","name":"R\u00e9servation en ligne de Yegna Bus, billets de bus, itin\u00e9raire, horaires et tarifs","isPartOf":{"@id":"https:\/\/tiketi.com\/#website"},"primaryImageOfPage":{"@id":"https:\/\/tiketi.com\/yegna-bus\/#primaryimage"},"image":{"@id":"https:\/\/tiketi.com\/yegna-bus\/#primaryimage"},"thumbnailUrl":"https:\/\/tiketi.com\/wp-content\/uploads\/2022\/01\/bus-ticket-online-booking.jpg","datePublished":"2022-01-19T11:54:30+00:00","dateModified":"2022-02-23T12:14:46+00:00","description":"Vous recherchez une r\u00e9servation en ligne Yegna Bus, une application, des contacts, des itin\u00e9raires de bus, des tarifs et des horaires? Faites la r\u00e9servation de billets de bus en ligne Yegna Bus pas chers en ligne maintenant","breadcrumb":{"@id":"https:\/\/tiketi.com\/yegna-bus\/#breadcrumb"},"inLanguage":"fr-FR","potentialAction":[{"@type":"ReadAction","target":["https:\/\/tiketi.com\/yegna-bus\/"]}]},{"@type":"ImageObject","inLanguage":"fr-FR","@id":"https:\/\/tiketi.com\/yegna-bus\/#primaryimage","url":"https:\/\/tiketi.com\/wp-content\/uploads\/2022\/01\/bus-ticket-online-booking.jpg","contentUrl":"https:\/\/tiketi.com\/wp-content\/uploads\/2022\/01\/bus-ticket-online-booking.jpg","width":1200,"height":206,"caption":"Online Bus Ticket Booking"},{"@type":"BreadcrumbList","@id":"https:\/\/tiketi.com\/yegna-bus\/#breadcrumb","itemListElement":[{"@type":"ListItem","position":1,"name":"Home","item":"https:\/\/tiketi.com\/"},{"@type":"ListItem","position":2,"name":"Yegna Bus Online Booking, Bus Tickets, Route &#038; Fare"}]},{"@type":"WebSite","@id":"https:\/\/tiketi.com\/#website","url":"https:\/\/tiketi.com\/","name":"Billets d&#039;avion et de bus, forfaits touristiques et activit\u00e9s - Tiketi.com","description":"Billets d&#039;avion et de bus, Tours, Activit\u00e9s","publisher":{"@id":"https:\/\/tiketi.com\/#organization"},"potentialAction":[{"@type":"SearchAction","target":{"@type":"EntryPoint","urlTemplate":"https:\/\/tiketi.com\/?s={search_term_string}"},"query-input":{"@type":"PropertyValueSpecification","valueRequired":true,"valueName":"search_term_string"}}],"inLanguage":"fr-FR"},{"@type":"Organization","@id":"https:\/\/tiketi.com\/#organization","name":"Tiketi.com","alternateName":"Tiketi","url":"https:\/\/tiketi.com\/","logo":{"@type":"ImageObject","inLanguage":"fr-FR","@id":"https:\/\/tiketi.com\/#\/schema\/logo\/image\/","url":"https:\/\/tiketi.com\/wp-content\/uploads\/2019\/05\/tiketi-logo-696.png","contentUrl":"https:\/\/tiketi.com\/wp-content\/uploads\/2019\/05\/tiketi-logo-696.png","width":696,"height":696,"caption":"Tiketi.com"},"image":{"@id":"https:\/\/tiketi.com\/#\/schema\/logo\/image\/"},"sameAs":["https:\/\/www.facebook.com\/TiketiCom\/"]}]}},"_links":{"self":[{"href":"https:\/\/tiketi.com\/fr-fr\/wp-json\/wp\/v2\/pages\/11328","targetHints":{"allow":["GET"]}}],"collection":[{"href":"https:\/\/tiketi.com\/fr-fr\/wp-json\/wp\/v2\/pages"}],"about":[{"href":"https:\/\/tiketi.com\/fr-fr\/wp-json\/wp\/v2\/types\/page"}],"author":[{"embeddable":true,"href":"https:\/\/tiketi.com\/fr-fr\/wp-json\/wp\/v2\/users\/1"}],"replies":[{"embeddable":true,"href":"https:\/\/tiketi.com\/fr-fr\/wp-json\/wp\/v2\/comments?post=11328"}],"version-history":[{"count":0,"href":"https:\/\/tiketi.com\/fr-fr\/wp-json\/wp\/v2\/pages\/11328\/revisions"}],"wp:featuredmedia":[{"embeddable":true,"href":"https:\/\/tiketi.com\/fr-fr\/wp-json\/wp\/v2\/media\/13999"}],"wp:attachment":[{"href":"https:\/\/tiketi.com\/fr-fr\/wp-json\/wp\/v2\/media?parent=11328"}],"curies":[{"name":"wp","href":"https:\/\/api.w.org\/{rel}","templated":true}]}}