{"id":11329,"date":"2022-01-19T12:54:31","date_gmt":"2022-01-19T11:54:31","guid":{"rendered":"https:\/\/new.tiketi.com\/easy-coach-online-booking-bus-tickets-routes-fares\/"},"modified":"2025-08-02T13:15:20","modified_gmt":"2025-08-02T12:15:20","slug":"easy-coach","status":"publish","type":"page","link":"https:\/\/tiketi.com\/fr-fr\/companies\/buses\/easy-coach\/","title":{"rendered":"R\u00e9servation en ligne Easy Coach, billets de bus, itin\u00e9raires et tarifs"},"content":{"rendered":"<h2>R\u00e9servation de billets en ligne Easy Coach Kenya<\/h2>\n<h3>D\u00e9couvrez votre itin\u00e9raire de voyage sur le web, le mobile ou l&#039;application et r\u00e9servez en ligne des billets de bus Easy Coach pas chers.<\/h3>\n<p>Easy Coach r\u00e9servation en ligne simplifi\u00e9e. Easy Coach LTD est une soci\u00e9t\u00e9 de transport de passagers et de messagerie enregistr\u00e9e en R\u00e9publique du Kenya avec un grand r\u00e9seau de marques dans les provinces de Nyanza et de l&#039;Ouest. Alors faites la r\u00e9servation de billets en ligne Easy Coach maintenant et \u00e9conomisez du temps et de l&#039;argent !<\/p>\n<h2>Easy Coach R\u00e9servation en ligne Kenya \/ Ouganda, Contacts, Itin\u00e9raires &amp; Tarifs FAQs<\/h2>\n<h3>Quels sont les c\u00e9l\u00e8bres itin\u00e9raires Easy Coach ?<\/h3>\n<p>De Nairobi \u00e0 l&#039;arri\u00e8re-pays\u00a0:<\/p>\n<p>\u2022 Nairobi \u00e0 Maseno<br \/>\n\u2022 Nairobi \u00e0 Sirare<br \/>\n\u2022 Nairobi \u00e0 Kaimosi<br \/>\n\u2022 Nairobi \u00e0 Busia<br \/>\n\u2022 Nairobi \u00e0 Mumias<br \/>\n\u2022 Nairobi \u00e0 Usenge<br \/>\n\u2022 Nairobi \u00e0 Kakamega<br \/>\n\u2022 Nairobi \u00e0 Siaya<br \/>\n\u2022 Nairobi \u00e0 Kampala<br \/>\n\u2022 Nairobi \u00e0 Bungoma<br \/>\n\u2022 Nairobi \u00e0 Kitale<br \/>\n\u2022 Nairobi \u00e0 Mbale<br \/>\n\u2022 Nairobi \u00e0 Malaba<br \/>\n\u2022 Nairobi \u00e0 Rongo<br \/>\n\u2022 Nairobi \u00e0 Eldoret<br \/>\n\u2022 Nairobi \u00e0 Kericho<br \/>\n\u2022 Nairobi \u00e0 la baie d&#039;Homa<br \/>\n\u2022 Busia \u00e0 Kampala<br \/>\n\u2022 Kampala \u00e0 Kisumu<br \/>\n\u2022 Nakuru \u00e0 Kampala<br \/>\n\u2022 Nakuru \u00e0 Mumias<br \/>\n\u2022 Nakuru \u00e0 Kitale<br \/>\n\u2022 Nakuru \u00e0 Malaba<br \/>\n\u2022 Nakuru \u00e0 Mbale<br \/>\n\u2022 Nakuru \u00e0 Kakamega<\/p>\n<h3>Flotte d&#039;autocars facile<\/h3>\n<p>Ils ont investi une grande partie de leur capital dans les autobus interurbains et une partie de leur capital investi dans de petits autobus pour les services de messagerie et de navette. La plupart de leurs bus longue distance sont des Scania avec des carrosseries assembl\u00e9es au Kenya et leurs petits bus sont des Toyota Quantum.<\/p>\n<p>C&#039;est l&#039;une des meilleures agences de voyages au Kenya avec ses bus de luxe et ses semi-bus \u00e9quip\u00e9s d&#039;une disposition des si\u00e8ges deux par deux et d&#039;un espace suffisant pour les jambes pour profiter d&#039;un voyage intelligent.<\/p>\n<p>Leurs bus ont \u00e9galement des divertissements \u00e0 bord comme des s\u00e9ries t\u00e9l\u00e9vis\u00e9es et certains de leurs bus ont une petite t\u00e9l\u00e9vision sur chaque si\u00e8ge. Ils ont \u00e9galement install\u00e9 un meilleur syst\u00e8me de musique pour vous rafra\u00eechir lors de vos d\u00e9placements.<\/p>\n<h3>Quelles sont les coordonn\u00e9es de la r\u00e9servation de billets en ligne et des bus Easy Coach ?<\/h3>\n<p>Easy Coach Ltd, Railways Godown Starehe, Haile Selassie Ave, Nairobi, Kenya.<\/p>\n<p>Easy Coach Ltd, Pioneer Building De Winton Road, Kampala, Ouganda.<\/p>\n<h2>Easy Coach R\u00e9servation de billets en ligne Kenya \/ Ouganda Conseils<\/h2>\n<p>Ils fournissent des services de transport r\u00e9guliers relaxants et fiables aux passagers de jour comme de nuit.<\/p>\n<p>Easy Coach s&#039;est associ\u00e9 \u00e0 Nakumatt Holdings, aux supermarch\u00e9s Uchumi, aux supermarch\u00e9s Ukwala, aux supermarch\u00e9s Naivas dans leurs quinze succursales \u00e0 travers le pays et exploite des services de colis et de r\u00e9servation afin de rapprocher leurs services de nos clients.<\/p>\n<p><strong>\u2022 Visitez le portail de r\u00e9servation Easy Coach.<\/strong><\/p>\n<p><strong>\u2022 Consultez le suivi des colis Easy Coach.<\/strong><\/p>\n<h2>Other popular bus companies in Kenya<\/h2>\n<table border=\"0\" cellspacing=\"1\" cellpadding=\"1\">\n<tbody>\n<tr>\n<td>\n<ul>\n<li><a href=\"https:\/\/tiketi.com\/fr-fr\/companies\/buses\/simba-coach\/\" target=\"_blank\" rel=\"noopener\">Simba Coach Booking<\/a><\/li>\n<\/ul>\n<\/td>\n<td style=\"width: 30px;\"><\/td>\n<td>\n<ul>\n<li><a href=\"https:\/\/tiketi.com\/fr-fr\/companies\/buses\/ena-coach\/\" target=\"_blank\" rel=\"noopener\">Ena Coach Booking<\/a><\/li>\n<\/ul>\n<\/td>\n<td style=\"width: 30px;\"><\/td>\n<td>\n<ul>\n<li><a href=\"https:\/\/tiketi.com\/fr-fr\/companies\/buses\/tahmeed-express-coaches\/\" target=\"_blank\" rel=\"noopener\">Tahmeed Coach Booking<\/a><\/li>\n<\/ul>\n<\/td>\n<\/tr>\n<tr>\n<td>\n<ul>\n<li><a href=\"https:\/\/tiketi.com\/fr-fr\/companies\/buses\/transline-coaches\/\" target=\"_blank\" rel=\"noopener\">Transline Classic Booking<\/a><\/li>\n<\/ul>\n<\/td>\n<td style=\"width: 30px;\"><\/td>\n<td>\n<ul>\n<li><a href=\"https:\/\/tiketi.com\/fr-fr\/companies\/buses\/modern-coast-coaches\/\" target=\"_blank\" rel=\"noopener\">Modern Coast Booking<\/a><\/li>\n<\/ul>\n<\/td>\n<td style=\"width: 30px;\"><\/td>\n<td>\n<ul>\n<li><a href=\"https:\/\/tiketi.com\/fr-fr\/companies\/buses\/mash-poa-mash-east-africa\/\" target=\"_blank\" rel=\"noopener\">Mash Poa Booking<\/a><\/li>\n<\/ul>\n<\/td>\n<\/tr>\n<tr>\n<td>\n<ul>\n<li><a href=\"https:\/\/tiketi.com\/fr-fr\/companies\/buses\/coast-bus\/\" target=\"_blank\" rel=\"noopener\">Coast Bus Booking<\/a><\/li>\n<\/ul>\n<\/td>\n<td style=\"width: 30px;\"><\/td>\n<td>\n<ul>\n<li><a href=\"https:\/\/tiketi.com\/fr-fr\/companies\/buses\/dreamline-express-coaches\/\" target=\"_blank\" rel=\"noopener\">Dreamline Express Booking<\/a><\/li>\n<\/ul>\n<\/td>\n<td style=\"width: 30px;\"><\/td>\n<td>\n<ul>\n<li><a href=\"https:\/\/tiketi.com\/fr-fr\/companies\/buses\/buscar-coaches\/\" target=\"_blank\" rel=\"noopener\">Buscar Coach Booking<\/a><\/li>\n<\/ul>\n<\/td>\n<\/tr>\n<\/tbody>\n<\/table>\n<p>&nbsp;<\/p>\n<p>&nbsp;<\/p>","protected":false},"excerpt":{"rendered":"<p>Easy Coach\u00a0Online Ticket Booking Kenya Discover your travel route on web, mobile or app and book cheap Easy Coach bus tickets online. Easy Coach\u00a0online booking made easy. Easy Coach LTD is a passenger transport and courier bus company registered in the Republic of Kenya with a big brand network in Nyanza and Western provinces.\u00a0So do [&hellip;]<\/p>\n","protected":false},"author":1,"featured_media":13999,"parent":25524,"menu_order":0,"comment_status":"open","ping_status":"closed","template":"template-home-modern.php","meta":{"footnotes":""},"class_list":["post-11329","page","type-page","status-publish","has-post-thumbnail","hentry"],"yoast_head":"<!-- This site is optimized with the Yoast SEO plugin v27.3 - https:\/\/yoast.com\/product\/yoast-seo-wordpress\/ -->\n<title>Easy Coach\u00a0Online Booking, Bus Tickets, Routes &amp; Fares<\/title>\n<meta name=\"description\" content=\"Looking for Easy Coach online booking, app, contacts, route, fare and schedule? Make a cheap Easy Coach online ticket booking now\" \/>\n<meta name=\"robots\" content=\"index, follow, max-snippet:-1, max-image-preview:large, max-video-preview:-1\" \/>\n<link rel=\"canonical\" href=\"https:\/\/tiketi.com\/fr-fr\/companies\/buses\/easy-coach\/\" \/>\n<meta property=\"og:locale\" content=\"fr_FR\" \/>\n<meta property=\"og:type\" content=\"article\" \/>\n<meta property=\"og:title\" content=\"Easy Coach\u00a0Online Booking, Bus Tickets, Routes &amp; Fares\" \/>\n<meta property=\"og:description\" content=\"Looking for Easy Coach online booking, app, contacts, route, fare and schedule? Make a cheap Easy Coach online ticket booking now\" \/>\n<meta property=\"og:url\" content=\"https:\/\/tiketi.com\/fr-fr\/companies\/buses\/easy-coach\/\" \/>\n<meta property=\"og:site_name\" content=\"Tiketi.com\" \/>\n<meta property=\"article:publisher\" content=\"https:\/\/www.facebook.com\/TiketiCom\/\" \/>\n<meta property=\"article:modified_time\" content=\"2025-08-02T12:15:20+00:00\" \/>\n<meta property=\"og:image\" content=\"https:\/\/tiketi.com\/wp-content\/uploads\/2022\/01\/bus-ticket-online-booking.jpg\" \/>\n\t<meta property=\"og:image:width\" content=\"1200\" \/>\n\t<meta property=\"og:image:height\" content=\"206\" \/>\n\t<meta property=\"og:image:type\" content=\"image\/jpeg\" \/>\n<meta name=\"twitter:card\" content=\"summary_large_image\" \/>\n<meta name=\"twitter:label1\" content=\"Dur\u00e9e de lecture estim\u00e9e\" \/>\n\t<meta name=\"twitter:data1\" content=\"3 minutes\" \/>\n<script type=\"application\/ld+json\" class=\"yoast-schema-graph\">{\"@context\":\"https:\\\/\\\/schema.org\",\"@graph\":[{\"@type\":\"WebPage\",\"@id\":\"https:\\\/\\\/tiketi.com\\\/companies\\\/buses\\\/easy-coach\\\/\",\"url\":\"https:\\\/\\\/tiketi.com\\\/companies\\\/buses\\\/easy-coach\\\/\",\"name\":\"Easy Coach\u00a0Online Booking, Bus Tickets, Routes & Fares\",\"isPartOf\":{\"@id\":\"https:\\\/\\\/tiketi.com\\\/#website\"},\"primaryImageOfPage\":{\"@id\":\"https:\\\/\\\/tiketi.com\\\/companies\\\/buses\\\/easy-coach\\\/#primaryimage\"},\"image\":{\"@id\":\"https:\\\/\\\/tiketi.com\\\/companies\\\/buses\\\/easy-coach\\\/#primaryimage\"},\"thumbnailUrl\":\"https:\\\/\\\/tiketi.com\\\/wp-content\\\/uploads\\\/2022\\\/01\\\/bus-ticket-online-booking.jpg\",\"datePublished\":\"2022-01-19T11:54:31+00:00\",\"dateModified\":\"2025-08-02T12:15:20+00:00\",\"description\":\"Looking for Easy Coach online booking, app, contacts, route, fare and schedule? Make a cheap Easy Coach online ticket booking now\",\"breadcrumb\":{\"@id\":\"https:\\\/\\\/tiketi.com\\\/companies\\\/buses\\\/easy-coach\\\/#breadcrumb\"},\"inLanguage\":\"fr-FR\",\"potentialAction\":[{\"@type\":\"ReadAction\",\"target\":[\"https:\\\/\\\/tiketi.com\\\/companies\\\/buses\\\/easy-coach\\\/\"]}]},{\"@type\":\"ImageObject\",\"inLanguage\":\"fr-FR\",\"@id\":\"https:\\\/\\\/tiketi.com\\\/companies\\\/buses\\\/easy-coach\\\/#primaryimage\",\"url\":\"https:\\\/\\\/tiketi.com\\\/wp-content\\\/uploads\\\/2022\\\/01\\\/bus-ticket-online-booking.jpg\",\"contentUrl\":\"https:\\\/\\\/tiketi.com\\\/wp-content\\\/uploads\\\/2022\\\/01\\\/bus-ticket-online-booking.jpg\",\"width\":1200,\"height\":206,\"caption\":\"Online Bus Ticket Booking\"},{\"@type\":\"BreadcrumbList\",\"@id\":\"https:\\\/\\\/tiketi.com\\\/companies\\\/buses\\\/easy-coach\\\/#breadcrumb\",\"itemListElement\":[{\"@type\":\"ListItem\",\"position\":1,\"name\":\"Home\",\"item\":\"https:\\\/\\\/tiketi.com\\\/\"},{\"@type\":\"ListItem\",\"position\":2,\"name\":\"Companies\",\"item\":\"https:\\\/\\\/tiketi.com\\\/companies\\\/\"},{\"@type\":\"ListItem\",\"position\":3,\"name\":\"Buses\",\"item\":\"https:\\\/\\\/tiketi.com\\\/companies\\\/buses\\\/\"},{\"@type\":\"ListItem\",\"position\":4,\"name\":\"Easy Coach\u00a0Online Booking, Bus Tickets, Routes &#038; Fares\"}]},{\"@type\":\"WebSite\",\"@id\":\"https:\\\/\\\/tiketi.com\\\/#website\",\"url\":\"https:\\\/\\\/tiketi.com\\\/\",\"name\":\"Flight & Bus Tickets, Tour Packages & Activitites - Tiketi.com\",\"description\":\"Flight &amp; Bus Tickets, Tours, Activitites\",\"publisher\":{\"@id\":\"https:\\\/\\\/tiketi.com\\\/#organization\"},\"potentialAction\":[{\"@type\":\"SearchAction\",\"target\":{\"@type\":\"EntryPoint\",\"urlTemplate\":\"https:\\\/\\\/tiketi.com\\\/?s={search_term_string}\"},\"query-input\":{\"@type\":\"PropertyValueSpecification\",\"valueRequired\":true,\"valueName\":\"search_term_string\"}}],\"inLanguage\":\"fr-FR\"},{\"@type\":\"Organization\",\"@id\":\"https:\\\/\\\/tiketi.com\\\/#organization\",\"name\":\"Tiketi.com\",\"alternateName\":\"Tiketi\",\"url\":\"https:\\\/\\\/tiketi.com\\\/\",\"logo\":{\"@type\":\"ImageObject\",\"inLanguage\":\"fr-FR\",\"@id\":\"https:\\\/\\\/tiketi.com\\\/#\\\/schema\\\/logo\\\/image\\\/\",\"url\":\"https:\\\/\\\/tiketi.com\\\/wp-content\\\/uploads\\\/2019\\\/05\\\/tiketi-logo-696.png\",\"contentUrl\":\"https:\\\/\\\/tiketi.com\\\/wp-content\\\/uploads\\\/2019\\\/05\\\/tiketi-logo-696.png\",\"width\":696,\"height\":696,\"caption\":\"Tiketi.com\"},\"image\":{\"@id\":\"https:\\\/\\\/tiketi.com\\\/#\\\/schema\\\/logo\\\/image\\\/\"},\"sameAs\":[\"https:\\\/\\\/www.facebook.com\\\/TiketiCom\\\/\"]}]}<\/script>\n<!-- \/ Yoast SEO plugin. -->","yoast_head_json":{"title":"R\u00e9servation en ligne Easy Coach, billets de bus, itin\u00e9raires et tarifs","description":"Vous recherchez une r\u00e9servation en ligne Easy Coach, une application, des contacts, un itin\u00e9raire, un tarif et un horaire\u00a0? Faites une r\u00e9servation de billets en ligne Easy Coach pas cher maintenant","robots":{"index":"index","follow":"follow","max-snippet":"max-snippet:-1","max-image-preview":"max-image-preview:large","max-video-preview":"max-video-preview:-1"},"canonical":"https:\/\/tiketi.com\/fr-fr\/companies\/buses\/easy-coach\/","og_locale":"fr_FR","og_type":"article","og_title":"Easy Coach\u00a0Online Booking, Bus Tickets, Routes & Fares","og_description":"Looking for Easy Coach online booking, app, contacts, route, fare and schedule? Make a cheap Easy Coach online ticket booking now","og_url":"https:\/\/tiketi.com\/fr-fr\/companies\/buses\/easy-coach\/","og_site_name":"Tiketi.com","article_publisher":"https:\/\/www.facebook.com\/TiketiCom\/","article_modified_time":"2025-08-02T12:15:20+00:00","og_image":[{"width":1200,"height":206,"url":"https:\/\/tiketi.com\/wp-content\/uploads\/2022\/01\/bus-ticket-online-booking.jpg","type":"image\/jpeg"}],"twitter_card":"summary_large_image","twitter_misc":{"Dur\u00e9e de lecture estim\u00e9e":"3 minutes"},"schema":{"@context":"https:\/\/schema.org","@graph":[{"@type":"WebPage","@id":"https:\/\/tiketi.com\/companies\/buses\/easy-coach\/","url":"https:\/\/tiketi.com\/companies\/buses\/easy-coach\/","name":"R\u00e9servation en ligne Easy Coach, billets de bus, itin\u00e9raires et tarifs","isPartOf":{"@id":"https:\/\/tiketi.com\/#website"},"primaryImageOfPage":{"@id":"https:\/\/tiketi.com\/companies\/buses\/easy-coach\/#primaryimage"},"image":{"@id":"https:\/\/tiketi.com\/companies\/buses\/easy-coach\/#primaryimage"},"thumbnailUrl":"https:\/\/tiketi.com\/wp-content\/uploads\/2022\/01\/bus-ticket-online-booking.jpg","datePublished":"2022-01-19T11:54:31+00:00","dateModified":"2025-08-02T12:15:20+00:00","description":"Vous recherchez une r\u00e9servation en ligne Easy Coach, une application, des contacts, un itin\u00e9raire, un tarif et un horaire\u00a0? Faites une r\u00e9servation de billets en ligne Easy Coach pas cher maintenant","breadcrumb":{"@id":"https:\/\/tiketi.com\/companies\/buses\/easy-coach\/#breadcrumb"},"inLanguage":"fr-FR","potentialAction":[{"@type":"ReadAction","target":["https:\/\/tiketi.com\/companies\/buses\/easy-coach\/"]}]},{"@type":"ImageObject","inLanguage":"fr-FR","@id":"https:\/\/tiketi.com\/companies\/buses\/easy-coach\/#primaryimage","url":"https:\/\/tiketi.com\/wp-content\/uploads\/2022\/01\/bus-ticket-online-booking.jpg","contentUrl":"https:\/\/tiketi.com\/wp-content\/uploads\/2022\/01\/bus-ticket-online-booking.jpg","width":1200,"height":206,"caption":"Online Bus Ticket Booking"},{"@type":"BreadcrumbList","@id":"https:\/\/tiketi.com\/companies\/buses\/easy-coach\/#breadcrumb","itemListElement":[{"@type":"ListItem","position":1,"name":"Home","item":"https:\/\/tiketi.com\/"},{"@type":"ListItem","position":2,"name":"Companies","item":"https:\/\/tiketi.com\/companies\/"},{"@type":"ListItem","position":3,"name":"Buses","item":"https:\/\/tiketi.com\/companies\/buses\/"},{"@type":"ListItem","position":4,"name":"Easy Coach\u00a0Online Booking, Bus Tickets, Routes &#038; Fares"}]},{"@type":"WebSite","@id":"https:\/\/tiketi.com\/#website","url":"https:\/\/tiketi.com\/","name":"Billets d&#039;avion et de bus, forfaits touristiques et activit\u00e9s - Tiketi.com","description":"Billets d&#039;avion et de bus, Tours, Activit\u00e9s","publisher":{"@id":"https:\/\/tiketi.com\/#organization"},"potentialAction":[{"@type":"SearchAction","target":{"@type":"EntryPoint","urlTemplate":"https:\/\/tiketi.com\/?s={search_term_string}"},"query-input":{"@type":"PropertyValueSpecification","valueRequired":true,"valueName":"search_term_string"}}],"inLanguage":"fr-FR"},{"@type":"Organization","@id":"https:\/\/tiketi.com\/#organization","name":"Tiketi.com","alternateName":"Tiketi","url":"https:\/\/tiketi.com\/","logo":{"@type":"ImageObject","inLanguage":"fr-FR","@id":"https:\/\/tiketi.com\/#\/schema\/logo\/image\/","url":"https:\/\/tiketi.com\/wp-content\/uploads\/2019\/05\/tiketi-logo-696.png","contentUrl":"https:\/\/tiketi.com\/wp-content\/uploads\/2019\/05\/tiketi-logo-696.png","width":696,"height":696,"caption":"Tiketi.com"},"image":{"@id":"https:\/\/tiketi.com\/#\/schema\/logo\/image\/"},"sameAs":["https:\/\/www.facebook.com\/TiketiCom\/"]}]}},"_links":{"self":[{"href":"https:\/\/tiketi.com\/fr-fr\/wp-json\/wp\/v2\/pages\/11329","targetHints":{"allow":["GET"]}}],"collection":[{"href":"https:\/\/tiketi.com\/fr-fr\/wp-json\/wp\/v2\/pages"}],"about":[{"href":"https:\/\/tiketi.com\/fr-fr\/wp-json\/wp\/v2\/types\/page"}],"author":[{"embeddable":true,"href":"https:\/\/tiketi.com\/fr-fr\/wp-json\/wp\/v2\/users\/1"}],"replies":[{"embeddable":true,"href":"https:\/\/tiketi.com\/fr-fr\/wp-json\/wp\/v2\/comments?post=11329"}],"version-history":[{"count":6,"href":"https:\/\/tiketi.com\/fr-fr\/wp-json\/wp\/v2\/pages\/11329\/revisions"}],"predecessor-version":[{"id":32283,"href":"https:\/\/tiketi.com\/fr-fr\/wp-json\/wp\/v2\/pages\/11329\/revisions\/32283"}],"up":[{"embeddable":true,"href":"https:\/\/tiketi.com\/fr-fr\/wp-json\/wp\/v2\/pages\/25524"}],"wp:featuredmedia":[{"embeddable":true,"href":"https:\/\/tiketi.com\/fr-fr\/wp-json\/wp\/v2\/media\/13999"}],"wp:attachment":[{"href":"https:\/\/tiketi.com\/fr-fr\/wp-json\/wp\/v2\/media?parent=11329"}],"curies":[{"name":"wp","href":"https:\/\/api.w.org\/{rel}","templated":true}]}}