{"id":11330,"date":"2022-01-19T12:54:31","date_gmt":"2022-01-19T11:54:31","guid":{"rendered":"https:\/\/new.tiketi.com\/skybus-online-booking-bus-tickets-reservation\/"},"modified":"2022-02-21T17:40:56","modified_gmt":"2022-02-21T16:40:56","slug":"skybus-online-booking","status":"publish","type":"page","link":"https:\/\/tiketi.com\/fr-fr\/skybus-online-booking\/","title":{"rendered":"R\u00e9servation en ligne SkyBus, billets de bus, itin\u00e9raire, horaires et tarifs"},"content":{"rendered":"<h2>R\u00e9servation de billets de bus en ligne SkyBus<\/h2>\n<h3>D\u00e9couvrez votre itin\u00e9raire de voyage sur le Web, le mobile ou l&#039;application et r\u00e9servez d\u00e8s maintenant des billets de bus SkyBus \u00e0 bas prix en ligne.<\/h3>\n<p>R\u00e9servation en ligne SkyBus simplifi\u00e9e. Le syst\u00e8me de transport SkyBus est une soci\u00e9t\u00e9 de bus par actions fond\u00e9e le 15 mars 2008. SkyBus est dirig\u00e9e par un conseil d&#039;administration et g\u00e9r\u00e9e et g\u00e9r\u00e9e par des professionnels tr\u00e8s qualifi\u00e9s dans diff\u00e9rentes disciplines et de nombreuses ann\u00e9es d&#039;exp\u00e9rience dans le secteur des transports. Faites de m\u00eame pour la r\u00e9servation de billets de bus en ligne SkyBus d\u00e8s maintenant !<\/p>\n<h2>FAQ sur la r\u00e9servation en ligne de SkyBus<\/h2>\n<h3>Quels sont les c\u00e9l\u00e8bres itin\u00e9raires couverts par les bus Sky ?<\/h3>\n<p>\u2022 Addis-Abeba \u00e0 Baher-Dar<br \/>\n\u2022 Addis-Abeba \u00e0 Dire-Dawa<br \/>\n\u2022 Addis-Abeba \u00e0 Jimma<br \/>\n\u2022 Addis-Abeba \u00e0 Mekelle<br \/>\n\u2022 Addis-Abeba \u00e0 Hawassa<\/p>\n<h3>Ligne de flotte SkyBus Ethiopia<\/h3>\n<p>Les bus Sky sont conduits et g\u00e9r\u00e9s par un groupe de personnel qualifi\u00e9 et honn\u00eate qui a toujours une longueur d&#039;avance et d\u00e9sireux de s&#039;assurer que nos passagers ont un voyage parfait, agr\u00e9able et s\u00fbr.<\/p>\n<p>Les carrosseries des bus sont produites par Jinhun Youngman, une entreprise de fabrication automobile chinoise, en joint-venture avec Neoplan d&#039;Allemagne. Les bus sont des autocars de luxe \u00e9quip\u00e9s de moteurs MAN de 310 chevaux de classe mondiale.<\/p>\n<p>Au lieu des soixante-deux si\u00e8ges traditionnels, SkyBus dispose de quarante-sept ensembles laissant plus d&#039;espace pour le confort de nos passagers avec une ceinture de s\u00e9curit\u00e9 tout autour et un syst\u00e8me de climatisation \u00e0 commande individuelle.<\/p>\n<p>Pour que nos passagers soient \u00e0 l&#039;aise et heureux, SkyBus dispose d&#039;un syst\u00e8me de divertissement audiovisuel polyvalent. De plus, SkyBus dispose de machines \u00e0 th\u00e9 et de r\u00e9frig\u00e9rateurs, permettant de vous servir des boissons chaudes et froides.<\/p>\n<h3>Quelles sont les coordonn\u00e9es de r\u00e9servation des billets de bus SkyBus et des bus ?<\/h3>\n<p>SkyBus Transport System sc, bureau principal, Addis-Abeba<br \/>\nStade Yeha centre-ville premier \u00e9tage Bureau No 08<\/p>\n<h2>Conseils de r\u00e9servation de billets de bus en ligne SkyBus<\/h2>\n<p>SkyBus vise \u00e0 rendre les trajets longue distance s\u00fbrs, confortables, fiables et adapt\u00e9s avec un service extr\u00eamement hospitalier \u00e0 un prix raisonnable.<\/p>\n<p>Les principales valeurs op\u00e9rationnelles de SkyBus sont l&#039;honn\u00eatet\u00e9, l&#039;int\u00e9grit\u00e9 et la fiabilit\u00e9. Avec ces valeurs morales \u00e0 l&#039;esprit, ils sont pr\u00eats \u00e0 servir leurs passagers avec amour.<\/p>","protected":false},"excerpt":{"rendered":"<p>SkyBus\u00a0Online Bus Ticket Booking Discover your travel route on web, mobile or app and book cheap SkyBus bus tickets online now. SkyBus\u00a0online booking made easy.\u00a0SkyBus transport system is a share bus company founded in 15 March, 2008. SkyBus is directed by a Board of directors and managed and run by very qualified professionals in different [&hellip;]<\/p>\n","protected":false},"author":1,"featured_media":13999,"parent":0,"menu_order":0,"comment_status":"open","ping_status":"closed","template":"template-home-modern.php","meta":{"footnotes":""},"class_list":["post-11330","page","type-page","status-publish","has-post-thumbnail","hentry"],"yoast_head":"<!-- This site is optimized with the Yoast SEO plugin v27.2 - https:\/\/yoast.com\/product\/yoast-seo-wordpress\/ -->\n<title>SkyBus\u00a0Online Booking, Bus Tickets, Route, Schedule &amp; Fare<\/title>\n<meta name=\"description\" content=\"Looking for SkyBus online booking, app, contacts, bus routes, fare and schedule? Make cheap SkyBus online bus ticket booking\" \/>\n<meta name=\"robots\" content=\"index, follow, max-snippet:-1, max-image-preview:large, max-video-preview:-1\" \/>\n<link rel=\"canonical\" href=\"https:\/\/tiketi.com\/fr-fr\/skybus-online-booking\/\" \/>\n<meta property=\"og:locale\" content=\"fr_FR\" \/>\n<meta property=\"og:type\" content=\"article\" \/>\n<meta property=\"og:title\" content=\"SkyBus\u00a0Online Booking, Bus Tickets, Route, Schedule &amp; Fare\" \/>\n<meta property=\"og:description\" content=\"Looking for SkyBus online booking, app, contacts, bus routes, fare and schedule? Make cheap SkyBus online bus ticket booking\" \/>\n<meta property=\"og:url\" content=\"https:\/\/tiketi.com\/fr-fr\/skybus-online-booking\/\" \/>\n<meta property=\"og:site_name\" content=\"Tiketi.com\" \/>\n<meta property=\"article:publisher\" content=\"https:\/\/www.facebook.com\/TiketiCom\/\" \/>\n<meta property=\"article:modified_time\" content=\"2022-02-21T16:40:56+00:00\" \/>\n<meta property=\"og:image\" content=\"https:\/\/tiketi.com\/wp-content\/uploads\/2022\/01\/bus-ticket-online-booking.jpg\" \/>\n\t<meta property=\"og:image:width\" content=\"1200\" \/>\n\t<meta property=\"og:image:height\" content=\"206\" \/>\n\t<meta property=\"og:image:type\" content=\"image\/jpeg\" \/>\n<meta name=\"twitter:card\" content=\"summary_large_image\" \/>\n<meta name=\"twitter:label1\" content=\"Dur\u00e9e de lecture estim\u00e9e\" \/>\n\t<meta name=\"twitter:data1\" content=\"2 minutes\" \/>\n<script type=\"application\/ld+json\" class=\"yoast-schema-graph\">{\"@context\":\"https:\/\/schema.org\",\"@graph\":[{\"@type\":\"WebPage\",\"@id\":\"https:\/\/tiketi.com\/skybus-online-booking\/\",\"url\":\"https:\/\/tiketi.com\/skybus-online-booking\/\",\"name\":\"SkyBus\u00a0Online Booking, Bus Tickets, Route, Schedule & Fare\",\"isPartOf\":{\"@id\":\"https:\/\/tiketi.com\/#website\"},\"primaryImageOfPage\":{\"@id\":\"https:\/\/tiketi.com\/skybus-online-booking\/#primaryimage\"},\"image\":{\"@id\":\"https:\/\/tiketi.com\/skybus-online-booking\/#primaryimage\"},\"thumbnailUrl\":\"https:\/\/tiketi.com\/wp-content\/uploads\/2022\/01\/bus-ticket-online-booking.jpg\",\"datePublished\":\"2022-01-19T11:54:31+00:00\",\"dateModified\":\"2022-02-21T16:40:56+00:00\",\"description\":\"Looking for SkyBus online booking, app, contacts, bus routes, fare and schedule? Make cheap SkyBus online bus ticket booking\",\"breadcrumb\":{\"@id\":\"https:\/\/tiketi.com\/skybus-online-booking\/#breadcrumb\"},\"inLanguage\":\"fr-FR\",\"potentialAction\":[{\"@type\":\"ReadAction\",\"target\":[\"https:\/\/tiketi.com\/skybus-online-booking\/\"]}]},{\"@type\":\"ImageObject\",\"inLanguage\":\"fr-FR\",\"@id\":\"https:\/\/tiketi.com\/skybus-online-booking\/#primaryimage\",\"url\":\"https:\/\/tiketi.com\/wp-content\/uploads\/2022\/01\/bus-ticket-online-booking.jpg\",\"contentUrl\":\"https:\/\/tiketi.com\/wp-content\/uploads\/2022\/01\/bus-ticket-online-booking.jpg\",\"width\":1200,\"height\":206,\"caption\":\"Online Bus Ticket Booking\"},{\"@type\":\"BreadcrumbList\",\"@id\":\"https:\/\/tiketi.com\/skybus-online-booking\/#breadcrumb\",\"itemListElement\":[{\"@type\":\"ListItem\",\"position\":1,\"name\":\"Home\",\"item\":\"https:\/\/tiketi.com\/\"},{\"@type\":\"ListItem\",\"position\":2,\"name\":\"SkyBus\u00a0Online Booking, Bus Tickets, Route, Schedule &#038; Fare\"}]},{\"@type\":\"WebSite\",\"@id\":\"https:\/\/tiketi.com\/#website\",\"url\":\"https:\/\/tiketi.com\/\",\"name\":\"Flight & Bus Tickets, Tour Packages & Activitites - Tiketi.com\",\"description\":\"Flight &amp; Bus Tickets, Tours, Activitites\",\"publisher\":{\"@id\":\"https:\/\/tiketi.com\/#organization\"},\"potentialAction\":[{\"@type\":\"SearchAction\",\"target\":{\"@type\":\"EntryPoint\",\"urlTemplate\":\"https:\/\/tiketi.com\/?s={search_term_string}\"},\"query-input\":{\"@type\":\"PropertyValueSpecification\",\"valueRequired\":true,\"valueName\":\"search_term_string\"}}],\"inLanguage\":\"fr-FR\"},{\"@type\":\"Organization\",\"@id\":\"https:\/\/tiketi.com\/#organization\",\"name\":\"Tiketi.com\",\"alternateName\":\"Tiketi\",\"url\":\"https:\/\/tiketi.com\/\",\"logo\":{\"@type\":\"ImageObject\",\"inLanguage\":\"fr-FR\",\"@id\":\"https:\/\/tiketi.com\/#\/schema\/logo\/image\/\",\"url\":\"https:\/\/tiketi.com\/wp-content\/uploads\/2019\/05\/tiketi-logo-696.png\",\"contentUrl\":\"https:\/\/tiketi.com\/wp-content\/uploads\/2019\/05\/tiketi-logo-696.png\",\"width\":696,\"height\":696,\"caption\":\"Tiketi.com\"},\"image\":{\"@id\":\"https:\/\/tiketi.com\/#\/schema\/logo\/image\/\"},\"sameAs\":[\"https:\/\/www.facebook.com\/TiketiCom\/\"]}]}<\/script>\n<!-- \/ Yoast SEO plugin. -->","yoast_head_json":{"title":"R\u00e9servation en ligne SkyBus, billets de bus, itin\u00e9raire, horaires et tarifs","description":"Vous recherchez une r\u00e9servation en ligne SkyBus, une application, des contacts, des itin\u00e9raires de bus, des tarifs et des horaires\u00a0? R\u00e9servez vos billets de bus en ligne SkyBus \u00e0 bas prix","robots":{"index":"index","follow":"follow","max-snippet":"max-snippet:-1","max-image-preview":"max-image-preview:large","max-video-preview":"max-video-preview:-1"},"canonical":"https:\/\/tiketi.com\/fr-fr\/skybus-online-booking\/","og_locale":"fr_FR","og_type":"article","og_title":"SkyBus\u00a0Online Booking, Bus Tickets, Route, Schedule & Fare","og_description":"Looking for SkyBus online booking, app, contacts, bus routes, fare and schedule? Make cheap SkyBus online bus ticket booking","og_url":"https:\/\/tiketi.com\/fr-fr\/skybus-online-booking\/","og_site_name":"Tiketi.com","article_publisher":"https:\/\/www.facebook.com\/TiketiCom\/","article_modified_time":"2022-02-21T16:40:56+00:00","og_image":[{"width":1200,"height":206,"url":"https:\/\/tiketi.com\/wp-content\/uploads\/2022\/01\/bus-ticket-online-booking.jpg","type":"image\/jpeg"}],"twitter_card":"summary_large_image","twitter_misc":{"Dur\u00e9e de lecture estim\u00e9e":"2 minutes"},"schema":{"@context":"https:\/\/schema.org","@graph":[{"@type":"WebPage","@id":"https:\/\/tiketi.com\/skybus-online-booking\/","url":"https:\/\/tiketi.com\/skybus-online-booking\/","name":"R\u00e9servation en ligne SkyBus, billets de bus, itin\u00e9raire, horaires et tarifs","isPartOf":{"@id":"https:\/\/tiketi.com\/#website"},"primaryImageOfPage":{"@id":"https:\/\/tiketi.com\/skybus-online-booking\/#primaryimage"},"image":{"@id":"https:\/\/tiketi.com\/skybus-online-booking\/#primaryimage"},"thumbnailUrl":"https:\/\/tiketi.com\/wp-content\/uploads\/2022\/01\/bus-ticket-online-booking.jpg","datePublished":"2022-01-19T11:54:31+00:00","dateModified":"2022-02-21T16:40:56+00:00","description":"Vous recherchez une r\u00e9servation en ligne SkyBus, une application, des contacts, des itin\u00e9raires de bus, des tarifs et des horaires\u00a0? R\u00e9servez vos billets de bus en ligne SkyBus \u00e0 bas prix","breadcrumb":{"@id":"https:\/\/tiketi.com\/skybus-online-booking\/#breadcrumb"},"inLanguage":"fr-FR","potentialAction":[{"@type":"ReadAction","target":["https:\/\/tiketi.com\/skybus-online-booking\/"]}]},{"@type":"ImageObject","inLanguage":"fr-FR","@id":"https:\/\/tiketi.com\/skybus-online-booking\/#primaryimage","url":"https:\/\/tiketi.com\/wp-content\/uploads\/2022\/01\/bus-ticket-online-booking.jpg","contentUrl":"https:\/\/tiketi.com\/wp-content\/uploads\/2022\/01\/bus-ticket-online-booking.jpg","width":1200,"height":206,"caption":"Online Bus Ticket Booking"},{"@type":"BreadcrumbList","@id":"https:\/\/tiketi.com\/skybus-online-booking\/#breadcrumb","itemListElement":[{"@type":"ListItem","position":1,"name":"Home","item":"https:\/\/tiketi.com\/"},{"@type":"ListItem","position":2,"name":"SkyBus\u00a0Online Booking, Bus Tickets, Route, Schedule &#038; Fare"}]},{"@type":"WebSite","@id":"https:\/\/tiketi.com\/#website","url":"https:\/\/tiketi.com\/","name":"Billets d&#039;avion et de bus, forfaits touristiques et activit\u00e9s - Tiketi.com","description":"Billets d&#039;avion et de bus, Tours, Activit\u00e9s","publisher":{"@id":"https:\/\/tiketi.com\/#organization"},"potentialAction":[{"@type":"SearchAction","target":{"@type":"EntryPoint","urlTemplate":"https:\/\/tiketi.com\/?s={search_term_string}"},"query-input":{"@type":"PropertyValueSpecification","valueRequired":true,"valueName":"search_term_string"}}],"inLanguage":"fr-FR"},{"@type":"Organization","@id":"https:\/\/tiketi.com\/#organization","name":"Tiketi.com","alternateName":"Tiketi","url":"https:\/\/tiketi.com\/","logo":{"@type":"ImageObject","inLanguage":"fr-FR","@id":"https:\/\/tiketi.com\/#\/schema\/logo\/image\/","url":"https:\/\/tiketi.com\/wp-content\/uploads\/2019\/05\/tiketi-logo-696.png","contentUrl":"https:\/\/tiketi.com\/wp-content\/uploads\/2019\/05\/tiketi-logo-696.png","width":696,"height":696,"caption":"Tiketi.com"},"image":{"@id":"https:\/\/tiketi.com\/#\/schema\/logo\/image\/"},"sameAs":["https:\/\/www.facebook.com\/TiketiCom\/"]}]}},"_links":{"self":[{"href":"https:\/\/tiketi.com\/fr-fr\/wp-json\/wp\/v2\/pages\/11330","targetHints":{"allow":["GET"]}}],"collection":[{"href":"https:\/\/tiketi.com\/fr-fr\/wp-json\/wp\/v2\/pages"}],"about":[{"href":"https:\/\/tiketi.com\/fr-fr\/wp-json\/wp\/v2\/types\/page"}],"author":[{"embeddable":true,"href":"https:\/\/tiketi.com\/fr-fr\/wp-json\/wp\/v2\/users\/1"}],"replies":[{"embeddable":true,"href":"https:\/\/tiketi.com\/fr-fr\/wp-json\/wp\/v2\/comments?post=11330"}],"version-history":[{"count":0,"href":"https:\/\/tiketi.com\/fr-fr\/wp-json\/wp\/v2\/pages\/11330\/revisions"}],"wp:featuredmedia":[{"embeddable":true,"href":"https:\/\/tiketi.com\/fr-fr\/wp-json\/wp\/v2\/media\/13999"}],"wp:attachment":[{"href":"https:\/\/tiketi.com\/fr-fr\/wp-json\/wp\/v2\/media?parent=11330"}],"curies":[{"name":"wp","href":"https:\/\/api.w.org\/{rel}","templated":true}]}}