{"id":11331,"date":"2022-01-19T12:54:31","date_gmt":"2022-01-19T11:54:31","guid":{"rendered":"https:\/\/new.tiketi.com\/selam-bus-online-booking-bus-tickets-reservation\/"},"modified":"2022-02-21T14:08:22","modified_gmt":"2022-02-21T13:08:22","slug":"selam-bus","status":"publish","type":"page","link":"https:\/\/tiketi.com\/fr-fr\/selam-bus\/","title":{"rendered":"R\u00e9servation en ligne de bus Selam, billets de bus, itin\u00e9raire, horaires et tarifs"},"content":{"rendered":"<h2>Billet de bus Salem pas cher R\u00e9servation en ligne<\/h2>\n<h3>D\u00e9couvrez votre itin\u00e9raire de voyage sur le web, le mobile ou l&#039;application et r\u00e9servez d\u00e8s maintenant des billets de bus Selam pas chers en ligne.<\/h3>\n<p>La r\u00e9servation en ligne de Selam Bus simplifi\u00e9e. La soci\u00e9t\u00e9 de partage de lignes de bus Selam est l&#039;une des plus grandes soci\u00e9t\u00e9s de bus longue distance en \u00c9thiopie et a \u00e9t\u00e9 cr\u00e9\u00e9e en 1996 par TDA pour r\u00e9pondre aux besoins nationaux en mati\u00e8re de transports publics. Alors faites la r\u00e9servation en ligne de billets de bus Salem maintenant!<\/p>\n<p>\u00c0 l&#039;heure actuelle, la compagnie de bus assure quotidiennement des services d&#039;Addis \u00e0 Harrar, Dire Dawa, Shire, Mekelle et Arbamich. Le si\u00e8ge social, la gare routi\u00e8re et le garage de Selam bus ont \u00e9t\u00e9 \u00e9tablis \u00e0 Addis-Abeba avec des succursales dans toutes les capitales r\u00e9gionales. Les bus au d\u00e9part d&#039;Addis-Abeba vers toutes les capitales r\u00e9gionales offrant toutes les informations importantes et des services amusants \u00e0 la satisfaction de tous les passagers sont suppos\u00e9s servir d&#039;ambassadeurs de la r\u00e9gion.<\/p>\n<h2>R\u00e9servation en ligne de bus Selam, billets de bus, FAQ sur l&#039;itin\u00e9raire, les horaires et les tarifs<\/h2>\n<h3>Quels sont les c\u00e9l\u00e8bres itin\u00e9raires de r\u00e9servation en ligne de billets de bus Salem couverts par les bus Selam ?<\/h3>\n<p>\u2022 Addis-Abeba \u00e0 Harrar<br \/>\n\u2022 Addis-Abeba \u00e0 Dire Dawa<br \/>\n\u2022 Addis-Abeba \u00e0 Jijiga<br \/>\n\u2022 Addis-Abeba \u00e0 Baher Dar<br \/>\n\u2022 Addis-Abeba \u00e0 Dessie et Mekelle<br \/>\n\u2022 Addis-Abeba \u00e0 Gondar<br \/>\n\u2022 Addis-Abeba \u00e0 Assosa<br \/>\n\u2022 Addis-Abeba \u00e0 comt\u00e9<br \/>\n\u2022 Addis-Abeba \u00e0 Moyale<br \/>\n\u2022 Addis-Abeba \u00e0 Arbaminch<\/p>\n<h3>Flotte de la ligne de bus Selam<\/h3>\n<p>Les bus Selam sont des bus touristiques de luxe et acceptent la r\u00e9servation de billets de bus en ligne avec une capacit\u00e9 de cinquante et un si\u00e8ges \u00e9quip\u00e9s de la climatisation, d&#039;un moniteur, d&#039;un r\u00e9frig\u00e9rateur, d&#039;une ceinture de s\u00e9curit\u00e9 afin que les passagers soient divertis par un film\/musique DVD, un g\u00e2teau et une boisson non alcoolis\u00e9e ou un emballage plastique. jus\/eau pendant le voyage.<\/p>\n<h3>Quelles sont les coordonn\u00e9es de Selam Bus Line Buses ?<\/h3>\n<p>Bo\u00eete postale\u00a0: 101011, Addis-Abeba, \u00c9thiopie.<\/p>\n<h2>Conseils de r\u00e9servation en ligne de billets de bus Salem<\/h2>\n<p>Le bus Selam a re\u00e7u le prix ERA de qualit\u00e9 internationale du si\u00e8cle le 7 mars 2011 \u00e0 Gen\u00e8ve, en Suisse. Ce c\u00e9l\u00e8bre prix a \u00e9t\u00e9 obtenu en int\u00e9grant toutes les fonctions et processus li\u00e9s aux normes dans toute l&#039;entreprise en ciblant les mesures standard compl\u00e8tes utilis\u00e9es, y compris la gestion du service et du d\u00e9veloppement standard, l&#039;am\u00e9lioration standard et l&#039;assurance standard.<\/p>","protected":false},"excerpt":{"rendered":"<p>Cheap Salem Bus Ticket Online Booking Discover your travel route on web, mobile or app and book cheap Selam bus tickets online now. Selam Bus online booking made easy. Selam bus line share company is one of the biggest long distance bus companies in Ethiopia and was established in 1996 by TDA to address the [&hellip;]<\/p>\n","protected":false},"author":1,"featured_media":13999,"parent":0,"menu_order":0,"comment_status":"open","ping_status":"closed","template":"template-home-modern.php","meta":{"footnotes":""},"class_list":["post-11331","page","type-page","status-publish","has-post-thumbnail","hentry"],"yoast_head":"<!-- This site is optimized with the Yoast SEO plugin v27.2 - https:\/\/yoast.com\/product\/yoast-seo-wordpress\/ -->\n<title>Selam Bus Online Booking, Bus Tickets, Route, Schedule &amp; Fare<\/title>\n<meta name=\"description\" content=\"Looking for Selam Bus online booking, app, contacts, bus routes, fare and schedule? Make a Selam Bus online bus ticket booking online\" \/>\n<meta name=\"robots\" content=\"index, follow, max-snippet:-1, max-image-preview:large, max-video-preview:-1\" \/>\n<link rel=\"canonical\" href=\"https:\/\/tiketi.com\/fr-fr\/selam-bus\/\" \/>\n<meta property=\"og:locale\" content=\"fr_FR\" \/>\n<meta property=\"og:type\" content=\"article\" \/>\n<meta property=\"og:title\" content=\"Selam Bus Online Booking, Bus Tickets, Route, Schedule &amp; Fare\" \/>\n<meta property=\"og:description\" content=\"Looking for Selam Bus online booking, app, contacts, bus routes, fare and schedule? Make a Selam Bus online bus ticket booking online\" \/>\n<meta property=\"og:url\" content=\"https:\/\/tiketi.com\/fr-fr\/selam-bus\/\" \/>\n<meta property=\"og:site_name\" content=\"Tiketi.com\" \/>\n<meta property=\"article:publisher\" content=\"https:\/\/www.facebook.com\/TiketiCom\/\" \/>\n<meta property=\"article:modified_time\" content=\"2022-02-21T13:08:22+00:00\" \/>\n<meta property=\"og:image\" content=\"https:\/\/tiketi.com\/wp-content\/uploads\/2022\/01\/bus-ticket-online-booking.jpg\" \/>\n\t<meta property=\"og:image:width\" content=\"1200\" \/>\n\t<meta property=\"og:image:height\" content=\"206\" \/>\n\t<meta property=\"og:image:type\" content=\"image\/jpeg\" \/>\n<meta name=\"twitter:card\" content=\"summary_large_image\" \/>\n<meta name=\"twitter:label1\" content=\"Dur\u00e9e de lecture estim\u00e9e\" \/>\n\t<meta name=\"twitter:data1\" content=\"2 minutes\" \/>\n<script type=\"application\/ld+json\" class=\"yoast-schema-graph\">{\"@context\":\"https:\/\/schema.org\",\"@graph\":[{\"@type\":\"WebPage\",\"@id\":\"https:\/\/tiketi.com\/selam-bus\/\",\"url\":\"https:\/\/tiketi.com\/selam-bus\/\",\"name\":\"Selam Bus Online Booking, Bus Tickets, Route, Schedule & Fare\",\"isPartOf\":{\"@id\":\"https:\/\/tiketi.com\/#website\"},\"primaryImageOfPage\":{\"@id\":\"https:\/\/tiketi.com\/selam-bus\/#primaryimage\"},\"image\":{\"@id\":\"https:\/\/tiketi.com\/selam-bus\/#primaryimage\"},\"thumbnailUrl\":\"https:\/\/tiketi.com\/wp-content\/uploads\/2022\/01\/bus-ticket-online-booking.jpg\",\"datePublished\":\"2022-01-19T11:54:31+00:00\",\"dateModified\":\"2022-02-21T13:08:22+00:00\",\"description\":\"Looking for Selam Bus online booking, app, contacts, bus routes, fare and schedule? Make a Selam Bus online bus ticket booking online\",\"breadcrumb\":{\"@id\":\"https:\/\/tiketi.com\/selam-bus\/#breadcrumb\"},\"inLanguage\":\"fr-FR\",\"potentialAction\":[{\"@type\":\"ReadAction\",\"target\":[\"https:\/\/tiketi.com\/selam-bus\/\"]}]},{\"@type\":\"ImageObject\",\"inLanguage\":\"fr-FR\",\"@id\":\"https:\/\/tiketi.com\/selam-bus\/#primaryimage\",\"url\":\"https:\/\/tiketi.com\/wp-content\/uploads\/2022\/01\/bus-ticket-online-booking.jpg\",\"contentUrl\":\"https:\/\/tiketi.com\/wp-content\/uploads\/2022\/01\/bus-ticket-online-booking.jpg\",\"width\":1200,\"height\":206,\"caption\":\"Online Bus Ticket Booking\"},{\"@type\":\"BreadcrumbList\",\"@id\":\"https:\/\/tiketi.com\/selam-bus\/#breadcrumb\",\"itemListElement\":[{\"@type\":\"ListItem\",\"position\":1,\"name\":\"Home\",\"item\":\"https:\/\/tiketi.com\/\"},{\"@type\":\"ListItem\",\"position\":2,\"name\":\"Selam Bus Online Booking, Bus Tickets, Route, Schedule &#038; Fare\"}]},{\"@type\":\"WebSite\",\"@id\":\"https:\/\/tiketi.com\/#website\",\"url\":\"https:\/\/tiketi.com\/\",\"name\":\"Flight & Bus Tickets, Tour Packages & Activitites - Tiketi.com\",\"description\":\"Flight &amp; Bus Tickets, Tours, Activitites\",\"publisher\":{\"@id\":\"https:\/\/tiketi.com\/#organization\"},\"potentialAction\":[{\"@type\":\"SearchAction\",\"target\":{\"@type\":\"EntryPoint\",\"urlTemplate\":\"https:\/\/tiketi.com\/?s={search_term_string}\"},\"query-input\":{\"@type\":\"PropertyValueSpecification\",\"valueRequired\":true,\"valueName\":\"search_term_string\"}}],\"inLanguage\":\"fr-FR\"},{\"@type\":\"Organization\",\"@id\":\"https:\/\/tiketi.com\/#organization\",\"name\":\"Tiketi.com\",\"alternateName\":\"Tiketi\",\"url\":\"https:\/\/tiketi.com\/\",\"logo\":{\"@type\":\"ImageObject\",\"inLanguage\":\"fr-FR\",\"@id\":\"https:\/\/tiketi.com\/#\/schema\/logo\/image\/\",\"url\":\"https:\/\/tiketi.com\/wp-content\/uploads\/2019\/05\/tiketi-logo-696.png\",\"contentUrl\":\"https:\/\/tiketi.com\/wp-content\/uploads\/2019\/05\/tiketi-logo-696.png\",\"width\":696,\"height\":696,\"caption\":\"Tiketi.com\"},\"image\":{\"@id\":\"https:\/\/tiketi.com\/#\/schema\/logo\/image\/\"},\"sameAs\":[\"https:\/\/www.facebook.com\/TiketiCom\/\"]}]}<\/script>\n<!-- \/ Yoast SEO plugin. -->","yoast_head_json":{"title":"R\u00e9servation en ligne de bus Selam, billets de bus, itin\u00e9raire, horaires et tarifs","description":"Vous recherchez une r\u00e9servation en ligne Selam Bus, une application, des contacts, des itin\u00e9raires de bus, des tarifs et des horaires? Faire une r\u00e9servation de billet de bus en ligne Selam Bus en ligne","robots":{"index":"index","follow":"follow","max-snippet":"max-snippet:-1","max-image-preview":"max-image-preview:large","max-video-preview":"max-video-preview:-1"},"canonical":"https:\/\/tiketi.com\/fr-fr\/selam-bus\/","og_locale":"fr_FR","og_type":"article","og_title":"Selam Bus Online Booking, Bus Tickets, Route, Schedule & Fare","og_description":"Looking for Selam Bus online booking, app, contacts, bus routes, fare and schedule? Make a Selam Bus online bus ticket booking online","og_url":"https:\/\/tiketi.com\/fr-fr\/selam-bus\/","og_site_name":"Tiketi.com","article_publisher":"https:\/\/www.facebook.com\/TiketiCom\/","article_modified_time":"2022-02-21T13:08:22+00:00","og_image":[{"width":1200,"height":206,"url":"https:\/\/tiketi.com\/wp-content\/uploads\/2022\/01\/bus-ticket-online-booking.jpg","type":"image\/jpeg"}],"twitter_card":"summary_large_image","twitter_misc":{"Dur\u00e9e de lecture estim\u00e9e":"2 minutes"},"schema":{"@context":"https:\/\/schema.org","@graph":[{"@type":"WebPage","@id":"https:\/\/tiketi.com\/selam-bus\/","url":"https:\/\/tiketi.com\/selam-bus\/","name":"R\u00e9servation en ligne de bus Selam, billets de bus, itin\u00e9raire, horaires et tarifs","isPartOf":{"@id":"https:\/\/tiketi.com\/#website"},"primaryImageOfPage":{"@id":"https:\/\/tiketi.com\/selam-bus\/#primaryimage"},"image":{"@id":"https:\/\/tiketi.com\/selam-bus\/#primaryimage"},"thumbnailUrl":"https:\/\/tiketi.com\/wp-content\/uploads\/2022\/01\/bus-ticket-online-booking.jpg","datePublished":"2022-01-19T11:54:31+00:00","dateModified":"2022-02-21T13:08:22+00:00","description":"Vous recherchez une r\u00e9servation en ligne Selam Bus, une application, des contacts, des itin\u00e9raires de bus, des tarifs et des horaires? Faire une r\u00e9servation de billet de bus en ligne Selam Bus en ligne","breadcrumb":{"@id":"https:\/\/tiketi.com\/selam-bus\/#breadcrumb"},"inLanguage":"fr-FR","potentialAction":[{"@type":"ReadAction","target":["https:\/\/tiketi.com\/selam-bus\/"]}]},{"@type":"ImageObject","inLanguage":"fr-FR","@id":"https:\/\/tiketi.com\/selam-bus\/#primaryimage","url":"https:\/\/tiketi.com\/wp-content\/uploads\/2022\/01\/bus-ticket-online-booking.jpg","contentUrl":"https:\/\/tiketi.com\/wp-content\/uploads\/2022\/01\/bus-ticket-online-booking.jpg","width":1200,"height":206,"caption":"Online Bus Ticket Booking"},{"@type":"BreadcrumbList","@id":"https:\/\/tiketi.com\/selam-bus\/#breadcrumb","itemListElement":[{"@type":"ListItem","position":1,"name":"Home","item":"https:\/\/tiketi.com\/"},{"@type":"ListItem","position":2,"name":"Selam Bus Online Booking, Bus Tickets, Route, Schedule &#038; Fare"}]},{"@type":"WebSite","@id":"https:\/\/tiketi.com\/#website","url":"https:\/\/tiketi.com\/","name":"Billets d&#039;avion et de bus, forfaits touristiques et activit\u00e9s - Tiketi.com","description":"Billets d&#039;avion et de bus, Tours, Activit\u00e9s","publisher":{"@id":"https:\/\/tiketi.com\/#organization"},"potentialAction":[{"@type":"SearchAction","target":{"@type":"EntryPoint","urlTemplate":"https:\/\/tiketi.com\/?s={search_term_string}"},"query-input":{"@type":"PropertyValueSpecification","valueRequired":true,"valueName":"search_term_string"}}],"inLanguage":"fr-FR"},{"@type":"Organization","@id":"https:\/\/tiketi.com\/#organization","name":"Tiketi.com","alternateName":"Tiketi","url":"https:\/\/tiketi.com\/","logo":{"@type":"ImageObject","inLanguage":"fr-FR","@id":"https:\/\/tiketi.com\/#\/schema\/logo\/image\/","url":"https:\/\/tiketi.com\/wp-content\/uploads\/2019\/05\/tiketi-logo-696.png","contentUrl":"https:\/\/tiketi.com\/wp-content\/uploads\/2019\/05\/tiketi-logo-696.png","width":696,"height":696,"caption":"Tiketi.com"},"image":{"@id":"https:\/\/tiketi.com\/#\/schema\/logo\/image\/"},"sameAs":["https:\/\/www.facebook.com\/TiketiCom\/"]}]}},"_links":{"self":[{"href":"https:\/\/tiketi.com\/fr-fr\/wp-json\/wp\/v2\/pages\/11331","targetHints":{"allow":["GET"]}}],"collection":[{"href":"https:\/\/tiketi.com\/fr-fr\/wp-json\/wp\/v2\/pages"}],"about":[{"href":"https:\/\/tiketi.com\/fr-fr\/wp-json\/wp\/v2\/types\/page"}],"author":[{"embeddable":true,"href":"https:\/\/tiketi.com\/fr-fr\/wp-json\/wp\/v2\/users\/1"}],"replies":[{"embeddable":true,"href":"https:\/\/tiketi.com\/fr-fr\/wp-json\/wp\/v2\/comments?post=11331"}],"version-history":[{"count":0,"href":"https:\/\/tiketi.com\/fr-fr\/wp-json\/wp\/v2\/pages\/11331\/revisions"}],"wp:featuredmedia":[{"embeddable":true,"href":"https:\/\/tiketi.com\/fr-fr\/wp-json\/wp\/v2\/media\/13999"}],"wp:attachment":[{"href":"https:\/\/tiketi.com\/fr-fr\/wp-json\/wp\/v2\/media?parent=11331"}],"curies":[{"name":"wp","href":"https:\/\/api.w.org\/{rel}","templated":true}]}}