{"id":11332,"date":"2022-01-19T12:54:31","date_gmt":"2022-01-19T11:54:31","guid":{"rendered":"https:\/\/new.tiketi.com\/metro-mass-online-booking-bus-tickets-reservation\/"},"modified":"2022-02-17T12:09:05","modified_gmt":"2022-02-17T11:09:05","slug":"metro-mas-bus","status":"publish","type":"page","link":"https:\/\/tiketi.com\/fr-fr\/metro-mas-bus\/","title":{"rendered":"R\u00e9servation en ligne Metro Mass, billets de bus, itin\u00e9raire, horaires et tarifs"},"content":{"rendered":"<h2>R\u00e9servation de billets de bus en ligne Metro Mass Bus<\/h2>\n<h3>D\u00e9couvrez votre itin\u00e9raire de voyage sur le web, le mobile ou l&#039;application et r\u00e9servez d\u00e8s maintenant en ligne des billets de bus Metro Mass pas chers.<\/h3>\n<p>La r\u00e9servation en ligne de Metro Mass en toute simplicit\u00e9. La Metro Mass Transit limited est une compagnie de bus de transport public au Ghana. L&#039;entreprise a \u00e9t\u00e9 cr\u00e9\u00e9e pour offrir des moyens de transport abordables et fiables aux navetteurs dans les villes, les villages et les villes, ainsi que pour offrir des d\u00e9placements interurbains. Alors faites la r\u00e9servation de billets de bus en ligne Metro Mass Bus maintenant!<\/p>\n<h2>FAQ sur la r\u00e9servation en ligne Metro Mass<\/h2>\n<h3>Quels sont les c\u00e9l\u00e8bres itin\u00e9raires de r\u00e9servation de billets de bus en ligne Metro Mass Bus et les tarifs moyens couverts par les bus Metro Mass ?<\/h3>\n<p>\u2022 Tamal\u00e9 \u00e0 Accra<br \/>\n\u2022 Sunyani \u00e0 Hamile<br \/>\n\u2022 Wa \u00e0 Accra<br \/>\n\u2022 Bolgatanga \u00e0 Accra<br \/>\n\u2022 Accra \u00e0 H\u00f4<br \/>\n\u2022 Tamale \u00e0 Kumasi<br \/>\n\u2022 Cape Coast \u00e0 Accra<br \/>\n\u2022 Tema \u00e0 Accra<br \/>\n\u2022 Syunyani \u00e0 Kumasi<br \/>\n\u2022 Obusasi \u00e0 Kumasi<br \/>\n\u2022 Swedru \u00e0 Accra<br \/>\n\u2022 Takoradi \u00e0 Tarkwa<br \/>\n\u2022 Winneba \u00e0 Accra<\/p>\n<h3>M\u00e9tro Service de navette de transport en commun<\/h3>\n<p>Il s&#039;agit d&#039;une op\u00e9ration de bus \u00e0 haute fr\u00e9quence qui relie les gares routi\u00e8res centrales \u00e0 la p\u00e9riph\u00e9rie de la ville. Il offre un service de transport \u00e0 moyenne distance (25 \u00e0 100 km) vers et depuis les agglom\u00e9rations entourant une capitale r\u00e9gionale.<\/p>\n<h3>M\u00e9tro transport en commun inter rural et urbain<\/h3>\n<p>Ce service de bus relie les zones rurales aux centres urbains avec une fr\u00e9quence faible mais continue entre 40 et 139 km. Le service est destin\u00e9 \u00e0 d\u00e9senclaver les villages et les zones pour les activit\u00e9s socio-\u00e9conomiques. Il s&#039;agit d&#039;itin\u00e9raires g\u00e9n\u00e9ralement dans les r\u00e9gions d\u00e9favoris\u00e9es du Ghana.<\/p>\n<h3>Quelles sont les coordonn\u00e9es des bus Metro Mass Transit ?<\/h3>\n<p>M\u00e9tro masse limit\u00e9e<br \/>\nRoute Kaneshie Awudome,<br \/>\nAccra, Ghana<\/p>\n<h2>Conseils de r\u00e9servation de billets de bus en ligne Metro Mass Bus<\/h2>\n<p>L&#039;ancien pr\u00e9sident de la R\u00e9publique du Ghana, SE Johan Agyekum Kuffour, a dirig\u00e9 en 2001 la r\u00e9introduction du syst\u00e8me de transport public de masse dans les zones municipales et m\u00e9tropolitaines du Ghana. Cette directive a abouti \u00e0 la cr\u00e9ation de Metro Mass Transit Limited en 2002 pour partager un objectif g\u00e9n\u00e9ral de s&#039;assurer que les transports publics sont accessibles \u00e0 tous et que l&#039;atmosph\u00e8re des pi\u00e9tons et de la circulation est con\u00e7ue et g\u00e9r\u00e9e pour permettre aux gens d&#039;atteindre et d&#039;utiliser les transports publics en toute s\u00e9curit\u00e9 et avec amour propre.<\/p>","protected":false},"excerpt":{"rendered":"<p>Metro Mass Bus Online Bus Ticket Booking Discover your travel route on web, mobile or app and book cheap Metro Mass bus tickets online now. Metro Mass\u00a0online booking made easy. The Metro Mass Transit limited is a public transportation bus company in Ghana. The company was set us to offer affordable and reliable means of [&hellip;]<\/p>\n","protected":false},"author":1,"featured_media":13999,"parent":0,"menu_order":0,"comment_status":"open","ping_status":"closed","template":"template-home-modern.php","meta":{"footnotes":""},"class_list":["post-11332","page","type-page","status-publish","has-post-thumbnail","hentry"],"yoast_head":"<!-- This site is optimized with the Yoast SEO plugin v27.2 - https:\/\/yoast.com\/product\/yoast-seo-wordpress\/ -->\n<title>Metro Mass Online Booking, Bus Tickets, Route, Schedule &amp; Fare<\/title>\n<meta name=\"description\" content=\"Looking for Metro Mas online booking, app, contacts, bus routes, fare and schedule? Makecheap Metro Mas Bus online bus ticket booking now\" \/>\n<meta name=\"robots\" content=\"index, follow, max-snippet:-1, max-image-preview:large, max-video-preview:-1\" \/>\n<link rel=\"canonical\" href=\"https:\/\/tiketi.com\/fr-fr\/metro-mas-bus\/\" \/>\n<meta property=\"og:locale\" content=\"fr_FR\" \/>\n<meta property=\"og:type\" content=\"article\" \/>\n<meta property=\"og:title\" content=\"Metro Mass Online Booking, Bus Tickets, Route, Schedule &amp; Fare\" \/>\n<meta property=\"og:description\" content=\"Looking for Metro Mas online booking, app, contacts, bus routes, fare and schedule? Makecheap Metro Mas Bus online bus ticket booking now\" \/>\n<meta property=\"og:url\" content=\"https:\/\/tiketi.com\/fr-fr\/metro-mas-bus\/\" \/>\n<meta property=\"og:site_name\" content=\"Tiketi.com\" \/>\n<meta property=\"article:publisher\" content=\"https:\/\/www.facebook.com\/TiketiCom\/\" \/>\n<meta property=\"article:modified_time\" content=\"2022-02-17T11:09:05+00:00\" \/>\n<meta property=\"og:image\" content=\"https:\/\/tiketi.com\/wp-content\/uploads\/2022\/01\/bus-ticket-online-booking.jpg\" \/>\n\t<meta property=\"og:image:width\" content=\"1200\" \/>\n\t<meta property=\"og:image:height\" content=\"206\" \/>\n\t<meta property=\"og:image:type\" content=\"image\/jpeg\" \/>\n<meta name=\"twitter:card\" content=\"summary_large_image\" \/>\n<meta name=\"twitter:label1\" content=\"Dur\u00e9e de lecture estim\u00e9e\" \/>\n\t<meta name=\"twitter:data1\" content=\"2 minutes\" \/>\n<script type=\"application\/ld+json\" class=\"yoast-schema-graph\">{\"@context\":\"https:\/\/schema.org\",\"@graph\":[{\"@type\":\"WebPage\",\"@id\":\"https:\/\/tiketi.com\/metro-mas-bus\/\",\"url\":\"https:\/\/tiketi.com\/metro-mas-bus\/\",\"name\":\"Metro Mass Online Booking, Bus Tickets, Route, Schedule & Fare\",\"isPartOf\":{\"@id\":\"https:\/\/tiketi.com\/#website\"},\"primaryImageOfPage\":{\"@id\":\"https:\/\/tiketi.com\/metro-mas-bus\/#primaryimage\"},\"image\":{\"@id\":\"https:\/\/tiketi.com\/metro-mas-bus\/#primaryimage\"},\"thumbnailUrl\":\"https:\/\/tiketi.com\/wp-content\/uploads\/2022\/01\/bus-ticket-online-booking.jpg\",\"datePublished\":\"2022-01-19T11:54:31+00:00\",\"dateModified\":\"2022-02-17T11:09:05+00:00\",\"description\":\"Looking for Metro Mas online booking, app, contacts, bus routes, fare and schedule? Makecheap Metro Mas Bus online bus ticket booking now\",\"breadcrumb\":{\"@id\":\"https:\/\/tiketi.com\/metro-mas-bus\/#breadcrumb\"},\"inLanguage\":\"fr-FR\",\"potentialAction\":[{\"@type\":\"ReadAction\",\"target\":[\"https:\/\/tiketi.com\/metro-mas-bus\/\"]}]},{\"@type\":\"ImageObject\",\"inLanguage\":\"fr-FR\",\"@id\":\"https:\/\/tiketi.com\/metro-mas-bus\/#primaryimage\",\"url\":\"https:\/\/tiketi.com\/wp-content\/uploads\/2022\/01\/bus-ticket-online-booking.jpg\",\"contentUrl\":\"https:\/\/tiketi.com\/wp-content\/uploads\/2022\/01\/bus-ticket-online-booking.jpg\",\"width\":1200,\"height\":206,\"caption\":\"Online Bus Ticket Booking\"},{\"@type\":\"BreadcrumbList\",\"@id\":\"https:\/\/tiketi.com\/metro-mas-bus\/#breadcrumb\",\"itemListElement\":[{\"@type\":\"ListItem\",\"position\":1,\"name\":\"Home\",\"item\":\"https:\/\/tiketi.com\/\"},{\"@type\":\"ListItem\",\"position\":2,\"name\":\"Metro Mass Online Booking, Bus Tickets, Route, Schedule &#038; Fare\"}]},{\"@type\":\"WebSite\",\"@id\":\"https:\/\/tiketi.com\/#website\",\"url\":\"https:\/\/tiketi.com\/\",\"name\":\"Flight & Bus Tickets, Tour Packages & Activitites - Tiketi.com\",\"description\":\"Flight &amp; Bus Tickets, Tours, Activitites\",\"publisher\":{\"@id\":\"https:\/\/tiketi.com\/#organization\"},\"potentialAction\":[{\"@type\":\"SearchAction\",\"target\":{\"@type\":\"EntryPoint\",\"urlTemplate\":\"https:\/\/tiketi.com\/?s={search_term_string}\"},\"query-input\":{\"@type\":\"PropertyValueSpecification\",\"valueRequired\":true,\"valueName\":\"search_term_string\"}}],\"inLanguage\":\"fr-FR\"},{\"@type\":\"Organization\",\"@id\":\"https:\/\/tiketi.com\/#organization\",\"name\":\"Tiketi.com\",\"alternateName\":\"Tiketi\",\"url\":\"https:\/\/tiketi.com\/\",\"logo\":{\"@type\":\"ImageObject\",\"inLanguage\":\"fr-FR\",\"@id\":\"https:\/\/tiketi.com\/#\/schema\/logo\/image\/\",\"url\":\"https:\/\/tiketi.com\/wp-content\/uploads\/2019\/05\/tiketi-logo-696.png\",\"contentUrl\":\"https:\/\/tiketi.com\/wp-content\/uploads\/2019\/05\/tiketi-logo-696.png\",\"width\":696,\"height\":696,\"caption\":\"Tiketi.com\"},\"image\":{\"@id\":\"https:\/\/tiketi.com\/#\/schema\/logo\/image\/\"},\"sameAs\":[\"https:\/\/www.facebook.com\/TiketiCom\/\"]}]}<\/script>\n<!-- \/ Yoast SEO plugin. -->","yoast_head_json":{"title":"R\u00e9servation en ligne Metro Mass, billets de bus, itin\u00e9raire, horaires et tarifs","description":"Vous recherchez une r\u00e9servation en ligne Metro Mas, une application, des contacts, des itin\u00e9raires de bus, des tarifs et des horaires? Makecheap Metro Mas Bus r\u00e9servation de billets de bus en ligne maintenant","robots":{"index":"index","follow":"follow","max-snippet":"max-snippet:-1","max-image-preview":"max-image-preview:large","max-video-preview":"max-video-preview:-1"},"canonical":"https:\/\/tiketi.com\/fr-fr\/metro-mas-bus\/","og_locale":"fr_FR","og_type":"article","og_title":"Metro Mass Online Booking, Bus Tickets, Route, Schedule & Fare","og_description":"Looking for Metro Mas online booking, app, contacts, bus routes, fare and schedule? Makecheap Metro Mas Bus online bus ticket booking now","og_url":"https:\/\/tiketi.com\/fr-fr\/metro-mas-bus\/","og_site_name":"Tiketi.com","article_publisher":"https:\/\/www.facebook.com\/TiketiCom\/","article_modified_time":"2022-02-17T11:09:05+00:00","og_image":[{"width":1200,"height":206,"url":"https:\/\/tiketi.com\/wp-content\/uploads\/2022\/01\/bus-ticket-online-booking.jpg","type":"image\/jpeg"}],"twitter_card":"summary_large_image","twitter_misc":{"Dur\u00e9e de lecture estim\u00e9e":"2 minutes"},"schema":{"@context":"https:\/\/schema.org","@graph":[{"@type":"WebPage","@id":"https:\/\/tiketi.com\/metro-mas-bus\/","url":"https:\/\/tiketi.com\/metro-mas-bus\/","name":"R\u00e9servation en ligne Metro Mass, billets de bus, itin\u00e9raire, horaires et tarifs","isPartOf":{"@id":"https:\/\/tiketi.com\/#website"},"primaryImageOfPage":{"@id":"https:\/\/tiketi.com\/metro-mas-bus\/#primaryimage"},"image":{"@id":"https:\/\/tiketi.com\/metro-mas-bus\/#primaryimage"},"thumbnailUrl":"https:\/\/tiketi.com\/wp-content\/uploads\/2022\/01\/bus-ticket-online-booking.jpg","datePublished":"2022-01-19T11:54:31+00:00","dateModified":"2022-02-17T11:09:05+00:00","description":"Vous recherchez une r\u00e9servation en ligne Metro Mas, une application, des contacts, des itin\u00e9raires de bus, des tarifs et des horaires? Makecheap Metro Mas Bus r\u00e9servation de billets de bus en ligne maintenant","breadcrumb":{"@id":"https:\/\/tiketi.com\/metro-mas-bus\/#breadcrumb"},"inLanguage":"fr-FR","potentialAction":[{"@type":"ReadAction","target":["https:\/\/tiketi.com\/metro-mas-bus\/"]}]},{"@type":"ImageObject","inLanguage":"fr-FR","@id":"https:\/\/tiketi.com\/metro-mas-bus\/#primaryimage","url":"https:\/\/tiketi.com\/wp-content\/uploads\/2022\/01\/bus-ticket-online-booking.jpg","contentUrl":"https:\/\/tiketi.com\/wp-content\/uploads\/2022\/01\/bus-ticket-online-booking.jpg","width":1200,"height":206,"caption":"Online Bus Ticket Booking"},{"@type":"BreadcrumbList","@id":"https:\/\/tiketi.com\/metro-mas-bus\/#breadcrumb","itemListElement":[{"@type":"ListItem","position":1,"name":"Home","item":"https:\/\/tiketi.com\/"},{"@type":"ListItem","position":2,"name":"Metro Mass Online Booking, Bus Tickets, Route, Schedule &#038; Fare"}]},{"@type":"WebSite","@id":"https:\/\/tiketi.com\/#website","url":"https:\/\/tiketi.com\/","name":"Billets d&#039;avion et de bus, forfaits touristiques et activit\u00e9s - Tiketi.com","description":"Billets d&#039;avion et de bus, Tours, Activit\u00e9s","publisher":{"@id":"https:\/\/tiketi.com\/#organization"},"potentialAction":[{"@type":"SearchAction","target":{"@type":"EntryPoint","urlTemplate":"https:\/\/tiketi.com\/?s={search_term_string}"},"query-input":{"@type":"PropertyValueSpecification","valueRequired":true,"valueName":"search_term_string"}}],"inLanguage":"fr-FR"},{"@type":"Organization","@id":"https:\/\/tiketi.com\/#organization","name":"Tiketi.com","alternateName":"Tiketi","url":"https:\/\/tiketi.com\/","logo":{"@type":"ImageObject","inLanguage":"fr-FR","@id":"https:\/\/tiketi.com\/#\/schema\/logo\/image\/","url":"https:\/\/tiketi.com\/wp-content\/uploads\/2019\/05\/tiketi-logo-696.png","contentUrl":"https:\/\/tiketi.com\/wp-content\/uploads\/2019\/05\/tiketi-logo-696.png","width":696,"height":696,"caption":"Tiketi.com"},"image":{"@id":"https:\/\/tiketi.com\/#\/schema\/logo\/image\/"},"sameAs":["https:\/\/www.facebook.com\/TiketiCom\/"]}]}},"_links":{"self":[{"href":"https:\/\/tiketi.com\/fr-fr\/wp-json\/wp\/v2\/pages\/11332","targetHints":{"allow":["GET"]}}],"collection":[{"href":"https:\/\/tiketi.com\/fr-fr\/wp-json\/wp\/v2\/pages"}],"about":[{"href":"https:\/\/tiketi.com\/fr-fr\/wp-json\/wp\/v2\/types\/page"}],"author":[{"embeddable":true,"href":"https:\/\/tiketi.com\/fr-fr\/wp-json\/wp\/v2\/users\/1"}],"replies":[{"embeddable":true,"href":"https:\/\/tiketi.com\/fr-fr\/wp-json\/wp\/v2\/comments?post=11332"}],"version-history":[{"count":0,"href":"https:\/\/tiketi.com\/fr-fr\/wp-json\/wp\/v2\/pages\/11332\/revisions"}],"wp:featuredmedia":[{"embeddable":true,"href":"https:\/\/tiketi.com\/fr-fr\/wp-json\/wp\/v2\/media\/13999"}],"wp:attachment":[{"href":"https:\/\/tiketi.com\/fr-fr\/wp-json\/wp\/v2\/media?parent=11332"}],"curies":[{"name":"wp","href":"https:\/\/api.w.org\/{rel}","templated":true}]}}