{"id":11333,"date":"2022-01-19T12:54:31","date_gmt":"2022-01-19T11:54:31","guid":{"rendered":"https:\/\/new.tiketi.com\/intercity-stc-coaches-online-booking-bus-tickets-reservation\/"},"modified":"2022-02-15T21:55:06","modified_gmt":"2022-02-15T20:55:06","slug":"stc-jaguar-bus","status":"publish","type":"page","link":"https:\/\/tiketi.com\/fr-fr\/stc-jaguar-bus\/","title":{"rendered":"R\u00e9servation en ligne d&#039;autocars interurbains STC, billets d&#039;autobus, tarifs, horaires et itin\u00e9raire"},"content":{"rendered":"<h2>R\u00e9servation en ligne de billets de bus interurbains STC Bus Ghana<\/h2>\n<h3>D\u00e9couvrez votre itin\u00e9raire de voyage sur le web, le mobile ou l&#039;application et r\u00e9servez en ligne des billets de bus Intercity STC Coaches.<\/h3>\n<p>La r\u00e9servation en ligne des autocars interurbains STC est simplifi\u00e9e. La soci\u00e9t\u00e9 de bus interurbains STC a \u00e9t\u00e9 cr\u00e9\u00e9e en 1909 en tant que d\u00e9partement des transports du gouvernement pour r\u00e9pondre aux besoins du gouvernement central. En 1965, elle est devenue une personne morale par l&#039;instrument l\u00e9gislatif num\u00e9ro 414 du 9 mars 1965 pour g\u00e9rer les services commerciaux de passagers et s&#039;appelait alors la State transport Corporation (STC). Il en va de m\u00eame pour la r\u00e9servation en ligne de billets de bus Intercity STC bus maintenant!<\/p>\n<h2>FAQ sur la r\u00e9servation en ligne des autocars interurbains STC<\/h2>\n<h3>Quels sont les c\u00e9l\u00e8bres itin\u00e9raires couverts par Intercity STC Jaguar Bus 2020?<\/h3>\n<p>\u2022 Accra \u00e0 Tamale<br \/>\n\u2022 Accra \u00e0 Kumasi<br \/>\n\u2022 Accra \u00e0 Takoradi<br \/>\n\u2022 Accra \u00e0 Tarkwa<br \/>\n\u2022 Accra \u00e0 Cape Coast<br \/>\n\u2022 Accra \u00e0 wa<br \/>\n\u2022 Accra \u00e0 Paga<br \/>\n\u2022 Accra \u00e0 Bolgatanga<br \/>\n\u2022 Tarakodi \u00e0 Tamale<br \/>\n\u2022 Accra \u00e0 Nandom<br \/>\n\u2022 Kumasi \u00e0 Aflao<br \/>\n\u2022 Bolga \u00e0 Kumasi<br \/>\n\u2022 Kumasi \u00e0 Nandom<br \/>\n\u2022 Kumasi \u00e0 Tamale<br \/>\n\u2022 Le Cap \u00e0 Tamle<br \/>\n\u2022 Tema \u00e0 Tarakodi<br \/>\n\u2022 Tema \u00e0 Bolga<br \/>\n\u2022 Tema \u00e0 Tamal\u00e9<br \/>\n\u2022 Tema \u00e0 Kumasi<br \/>\n\u2022 Tema \u00e0 Cape Coast<br \/>\n\u2022 Tudu \u00e0 Nkwata<br \/>\n\u2022 Tudu \u00e0 AflaoTudu \u00e0 Kpndo<br \/>\n\u2022 Tema \u00e0 Paga<br \/>\n\u2022 Accra \u00e0 Contonou<br \/>\n\u2022 Accra \u00e0 Abidjan<br \/>\n\u2022 Tudu \u00e0 Nkwata<br \/>\n\u2022 Abidjan \u00e0 Lom\u00e9<br \/>\n\u2022 Abidjan \u00e0 Kumasi<br \/>\n\u2022 Abidjan \u00e0 Zabr\u00e9<\/p>\n<h3>Quelles sont les coordonn\u00e9es des bus Intercity STC Coaches Limited ?<\/h3>\n<p>Intercity STC Entra\u00eeneurs Limit\u00e9s<\/p>\n<p>Si\u00e8ge social Accra Main<br \/>\nCroissant Ajuma n \u00b0 1<br \/>\nen face du cimeti\u00e8re d&#039;Awudome<\/p>\n<p>POBOX 7384 Rocade<br \/>\nZone industrielle ouest, Accra<br \/>\nTerminal Adum<br \/>\ndans le quartier central des affaires de Kumasi<\/p>\n<p>Gare de Kumasi<br \/>\nTerminal Oforikrom<\/p>\n<p>Gare de Tudu<br \/>\nSitu\u00e9 au coeur du centre d&#039;affaires d&#039;Accra<br \/>\nquartier juste en face du lyc\u00e9e kimbu<\/p>\n<h2>Conseils de r\u00e9servation de billets d&#039;autobus en ligne pour les bus interurbains STC<\/h2>\n<h3>Services d&#039;autobus STC Jaguar<\/h3>\n<p>Intercity STC coaches limited propose des services de bus internationaux et nationaux vers diverses villes du Ghana et propose la r\u00e9servation de billets de bus en ligne dans des villes d&#039;Afrique de l&#039;Ouest telles que Cotonou, Abidjan, etc.<\/p>\n<h3>Services de transport d&#039;\u00e9tudiants STC Jaguar Bus<\/h3>\n<p>Le transport scolaire a \u00e9t\u00e9 l&#039;une des principales fonctions de l&#039;entreprise. Ils fournissent des services de bus aux \u00e9coles, \u00e0 savoir les \u00e9coles polytechniques, les universit\u00e9s, les lyc\u00e9es et les juniors.<\/p>","protected":false},"excerpt":{"rendered":"<p>Intercity STC Bus Online Bus Ticket Booking Ghana Discover your travel route on web, mobile or app and book Intercity STC Coaches bus online tickets. Intercity STC Coaches\u00a0online booking made easy.\u00a0STC intercity bus company started in 1909 as a Government Transport Department to cater for the needs of the central government. In 1965, it was [&hellip;]<\/p>\n","protected":false},"author":1,"featured_media":13999,"parent":0,"menu_order":0,"comment_status":"open","ping_status":"closed","template":"template-home-modern.php","meta":{"footnotes":""},"class_list":["post-11333","page","type-page","status-publish","has-post-thumbnail","hentry"],"yoast_head":"<!-- This site is optimized with the Yoast SEO plugin v27.5 - https:\/\/yoast.com\/product\/yoast-seo-wordpress\/ -->\n<title>Intercity STC Coaches Online Booking, Bus Tickets, Fare &amp; Route<\/title>\n<meta name=\"description\" content=\"Looking for Intercity STC Coaches online booking? Make a STC Jaguar bus online bus ticket booking online now and save time and money!\" \/>\n<meta name=\"robots\" content=\"index, follow, max-snippet:-1, max-image-preview:large, max-video-preview:-1\" \/>\n<link rel=\"canonical\" href=\"https:\/\/tiketi.com\/fr-fr\/stc-jaguar-bus\/\" \/>\n<meta property=\"og:locale\" content=\"fr_FR\" \/>\n<meta property=\"og:type\" content=\"article\" \/>\n<meta property=\"og:title\" content=\"Intercity STC Coaches Online Booking, Bus Tickets, Fare &amp; Route\" \/>\n<meta property=\"og:description\" content=\"Looking for Intercity STC Coaches online booking? Make a STC Jaguar bus online bus ticket booking online now and save time and money!\" \/>\n<meta property=\"og:url\" content=\"https:\/\/tiketi.com\/fr-fr\/stc-jaguar-bus\/\" \/>\n<meta property=\"og:site_name\" content=\"Tiketi.com\" \/>\n<meta property=\"article:publisher\" content=\"https:\/\/www.facebook.com\/TiketiCom\/\" \/>\n<meta property=\"article:modified_time\" content=\"2022-02-15T20:55:06+00:00\" \/>\n<meta property=\"og:image\" content=\"https:\/\/tiketi.com\/wp-content\/uploads\/2022\/01\/bus-ticket-online-booking.jpg\" \/>\n\t<meta property=\"og:image:width\" content=\"1200\" \/>\n\t<meta property=\"og:image:height\" content=\"206\" \/>\n\t<meta property=\"og:image:type\" content=\"image\/jpeg\" \/>\n<meta name=\"twitter:card\" content=\"summary_large_image\" \/>\n<meta name=\"twitter:label1\" content=\"Dur\u00e9e de lecture estim\u00e9e\" \/>\n\t<meta name=\"twitter:data1\" content=\"2 minutes\" \/>\n<script type=\"application\/ld+json\" class=\"yoast-schema-graph\">{\"@context\":\"https:\\\/\\\/schema.org\",\"@graph\":[{\"@type\":\"WebPage\",\"@id\":\"https:\\\/\\\/tiketi.com\\\/fr-fr\\\/stc-jaguar-bus\\\/\",\"url\":\"https:\\\/\\\/tiketi.com\\\/fr-fr\\\/stc-jaguar-bus\\\/\",\"name\":\"Intercity STC Coaches Online Booking, Bus Tickets, Fare & Route\",\"isPartOf\":{\"@id\":\"https:\\\/\\\/tiketi.com\\\/#website\"},\"primaryImageOfPage\":{\"@id\":\"https:\\\/\\\/tiketi.com\\\/fr-fr\\\/stc-jaguar-bus\\\/#primaryimage\"},\"image\":{\"@id\":\"https:\\\/\\\/tiketi.com\\\/fr-fr\\\/stc-jaguar-bus\\\/#primaryimage\"},\"thumbnailUrl\":\"https:\\\/\\\/tiketi.com\\\/wp-content\\\/uploads\\\/2022\\\/01\\\/bus-ticket-online-booking.jpg\",\"datePublished\":\"2022-01-19T11:54:31+00:00\",\"dateModified\":\"2022-02-15T20:55:06+00:00\",\"description\":\"Looking for Intercity STC Coaches online booking? Make a STC Jaguar bus online bus ticket booking online now and save time and money!\",\"breadcrumb\":{\"@id\":\"https:\\\/\\\/tiketi.com\\\/fr-fr\\\/stc-jaguar-bus\\\/#breadcrumb\"},\"inLanguage\":\"fr-FR\",\"potentialAction\":[{\"@type\":\"ReadAction\",\"target\":[\"https:\\\/\\\/tiketi.com\\\/fr-fr\\\/stc-jaguar-bus\\\/\"]}]},{\"@type\":\"ImageObject\",\"inLanguage\":\"fr-FR\",\"@id\":\"https:\\\/\\\/tiketi.com\\\/fr-fr\\\/stc-jaguar-bus\\\/#primaryimage\",\"url\":\"https:\\\/\\\/tiketi.com\\\/wp-content\\\/uploads\\\/2022\\\/01\\\/bus-ticket-online-booking.jpg\",\"contentUrl\":\"https:\\\/\\\/tiketi.com\\\/wp-content\\\/uploads\\\/2022\\\/01\\\/bus-ticket-online-booking.jpg\",\"width\":1200,\"height\":206,\"caption\":\"Online Bus Ticket Booking\"},{\"@type\":\"BreadcrumbList\",\"@id\":\"https:\\\/\\\/tiketi.com\\\/fr-fr\\\/stc-jaguar-bus\\\/#breadcrumb\",\"itemListElement\":[{\"@type\":\"ListItem\",\"position\":1,\"name\":\"Home\",\"item\":\"https:\\\/\\\/tiketi.com\\\/\"},{\"@type\":\"ListItem\",\"position\":2,\"name\":\"Intercity STC Coaches Online Booking, Bus Tickets, Fare, Schedule &#038; Route\"}]},{\"@type\":\"WebSite\",\"@id\":\"https:\\\/\\\/tiketi.com\\\/#website\",\"url\":\"https:\\\/\\\/tiketi.com\\\/\",\"name\":\"Flight & Bus Tickets, Tour Packages & Activitites - Tiketi.com\",\"description\":\"Flight &amp; Bus Tickets, Tours, Activitites\",\"publisher\":{\"@id\":\"https:\\\/\\\/tiketi.com\\\/#organization\"},\"potentialAction\":[{\"@type\":\"SearchAction\",\"target\":{\"@type\":\"EntryPoint\",\"urlTemplate\":\"https:\\\/\\\/tiketi.com\\\/?s={search_term_string}\"},\"query-input\":{\"@type\":\"PropertyValueSpecification\",\"valueRequired\":true,\"valueName\":\"search_term_string\"}}],\"inLanguage\":\"fr-FR\"},{\"@type\":\"Organization\",\"@id\":\"https:\\\/\\\/tiketi.com\\\/#organization\",\"name\":\"Tiketi.com\",\"alternateName\":\"Tiketi\",\"url\":\"https:\\\/\\\/tiketi.com\\\/\",\"logo\":{\"@type\":\"ImageObject\",\"inLanguage\":\"fr-FR\",\"@id\":\"https:\\\/\\\/tiketi.com\\\/#\\\/schema\\\/logo\\\/image\\\/\",\"url\":\"https:\\\/\\\/tiketi.com\\\/wp-content\\\/uploads\\\/2019\\\/05\\\/tiketi-logo-696.png\",\"contentUrl\":\"https:\\\/\\\/tiketi.com\\\/wp-content\\\/uploads\\\/2019\\\/05\\\/tiketi-logo-696.png\",\"width\":696,\"height\":696,\"caption\":\"Tiketi.com\"},\"image\":{\"@id\":\"https:\\\/\\\/tiketi.com\\\/#\\\/schema\\\/logo\\\/image\\\/\"},\"sameAs\":[\"https:\\\/\\\/www.facebook.com\\\/TiketiCom\\\/\"]}]}<\/script>\n<!-- \/ Yoast SEO plugin. -->","yoast_head_json":{"title":"R\u00e9servation en ligne d&#039;autocars interurbains STC, billets d&#039;autobus, tarif et itin\u00e9raire","description":"Vous recherchez une r\u00e9servation en ligne d&#039;autocars interurbains STC\u00a0? Faites une r\u00e9servation en ligne de billets de bus STC Jaguar bus en ligne d\u00e8s maintenant et \u00e9conomisez du temps et de l&#039;argent !","robots":{"index":"index","follow":"follow","max-snippet":"max-snippet:-1","max-image-preview":"max-image-preview:large","max-video-preview":"max-video-preview:-1"},"canonical":"https:\/\/tiketi.com\/fr-fr\/stc-jaguar-bus\/","og_locale":"fr_FR","og_type":"article","og_title":"Intercity STC Coaches Online Booking, Bus Tickets, Fare & Route","og_description":"Looking for Intercity STC Coaches online booking? Make a STC Jaguar bus online bus ticket booking online now and save time and money!","og_url":"https:\/\/tiketi.com\/fr-fr\/stc-jaguar-bus\/","og_site_name":"Tiketi.com","article_publisher":"https:\/\/www.facebook.com\/TiketiCom\/","article_modified_time":"2022-02-15T20:55:06+00:00","og_image":[{"width":1200,"height":206,"url":"https:\/\/tiketi.com\/wp-content\/uploads\/2022\/01\/bus-ticket-online-booking.jpg","type":"image\/jpeg"}],"twitter_card":"summary_large_image","twitter_misc":{"Dur\u00e9e de lecture estim\u00e9e":"2 minutes"},"schema":{"@context":"https:\/\/schema.org","@graph":[{"@type":"WebPage","@id":"https:\/\/tiketi.com\/fr-fr\/stc-jaguar-bus\/","url":"https:\/\/tiketi.com\/fr-fr\/stc-jaguar-bus\/","name":"R\u00e9servation en ligne d&#039;autocars interurbains STC, billets d&#039;autobus, tarif et itin\u00e9raire","isPartOf":{"@id":"https:\/\/tiketi.com\/#website"},"primaryImageOfPage":{"@id":"https:\/\/tiketi.com\/fr-fr\/stc-jaguar-bus\/#primaryimage"},"image":{"@id":"https:\/\/tiketi.com\/fr-fr\/stc-jaguar-bus\/#primaryimage"},"thumbnailUrl":"https:\/\/tiketi.com\/wp-content\/uploads\/2022\/01\/bus-ticket-online-booking.jpg","datePublished":"2022-01-19T11:54:31+00:00","dateModified":"2022-02-15T20:55:06+00:00","description":"Vous recherchez une r\u00e9servation en ligne d&#039;autocars interurbains STC\u00a0? Faites une r\u00e9servation en ligne de billets de bus STC Jaguar bus en ligne d\u00e8s maintenant et \u00e9conomisez du temps et de l&#039;argent !","breadcrumb":{"@id":"https:\/\/tiketi.com\/fr-fr\/stc-jaguar-bus\/#breadcrumb"},"inLanguage":"fr-FR","potentialAction":[{"@type":"ReadAction","target":["https:\/\/tiketi.com\/fr-fr\/stc-jaguar-bus\/"]}]},{"@type":"ImageObject","inLanguage":"fr-FR","@id":"https:\/\/tiketi.com\/fr-fr\/stc-jaguar-bus\/#primaryimage","url":"https:\/\/tiketi.com\/wp-content\/uploads\/2022\/01\/bus-ticket-online-booking.jpg","contentUrl":"https:\/\/tiketi.com\/wp-content\/uploads\/2022\/01\/bus-ticket-online-booking.jpg","width":1200,"height":206,"caption":"Online Bus Ticket Booking"},{"@type":"BreadcrumbList","@id":"https:\/\/tiketi.com\/fr-fr\/stc-jaguar-bus\/#breadcrumb","itemListElement":[{"@type":"ListItem","position":1,"name":"Home","item":"https:\/\/tiketi.com\/"},{"@type":"ListItem","position":2,"name":"Intercity STC Coaches Online Booking, Bus Tickets, Fare, Schedule &#038; Route"}]},{"@type":"WebSite","@id":"https:\/\/tiketi.com\/#website","url":"https:\/\/tiketi.com\/","name":"Billets d&#039;avion et de bus, forfaits touristiques et activit\u00e9s - Tiketi.com","description":"Billets d&#039;avion et de bus, Tours, Activit\u00e9s","publisher":{"@id":"https:\/\/tiketi.com\/#organization"},"potentialAction":[{"@type":"SearchAction","target":{"@type":"EntryPoint","urlTemplate":"https:\/\/tiketi.com\/?s={search_term_string}"},"query-input":{"@type":"PropertyValueSpecification","valueRequired":true,"valueName":"search_term_string"}}],"inLanguage":"fr-FR"},{"@type":"Organization","@id":"https:\/\/tiketi.com\/#organization","name":"Tiketi.com","alternateName":"Tiketi","url":"https:\/\/tiketi.com\/","logo":{"@type":"ImageObject","inLanguage":"fr-FR","@id":"https:\/\/tiketi.com\/#\/schema\/logo\/image\/","url":"https:\/\/tiketi.com\/wp-content\/uploads\/2019\/05\/tiketi-logo-696.png","contentUrl":"https:\/\/tiketi.com\/wp-content\/uploads\/2019\/05\/tiketi-logo-696.png","width":696,"height":696,"caption":"Tiketi.com"},"image":{"@id":"https:\/\/tiketi.com\/#\/schema\/logo\/image\/"},"sameAs":["https:\/\/www.facebook.com\/TiketiCom\/"]}]}},"_links":{"self":[{"href":"https:\/\/tiketi.com\/fr-fr\/wp-json\/wp\/v2\/pages\/11333","targetHints":{"allow":["GET"]}}],"collection":[{"href":"https:\/\/tiketi.com\/fr-fr\/wp-json\/wp\/v2\/pages"}],"about":[{"href":"https:\/\/tiketi.com\/fr-fr\/wp-json\/wp\/v2\/types\/page"}],"author":[{"embeddable":true,"href":"https:\/\/tiketi.com\/fr-fr\/wp-json\/wp\/v2\/users\/1"}],"replies":[{"embeddable":true,"href":"https:\/\/tiketi.com\/fr-fr\/wp-json\/wp\/v2\/comments?post=11333"}],"version-history":[{"count":0,"href":"https:\/\/tiketi.com\/fr-fr\/wp-json\/wp\/v2\/pages\/11333\/revisions"}],"wp:featuredmedia":[{"embeddable":true,"href":"https:\/\/tiketi.com\/fr-fr\/wp-json\/wp\/v2\/media\/13999"}],"wp:attachment":[{"href":"https:\/\/tiketi.com\/fr-fr\/wp-json\/wp\/v2\/media?parent=11333"}],"curies":[{"name":"wp","href":"https:\/\/api.w.org\/{rel}","templated":true}]}}