{"id":11334,"date":"2022-01-19T12:54:31","date_gmt":"2022-01-19T11:54:31","guid":{"rendered":"https:\/\/new.tiketi.com\/yy-coaches-online-booking-bus-tickets-reservation\/"},"modified":"2022-02-23T13:12:17","modified_gmt":"2022-02-23T12:12:17","slug":"yy-coaches","status":"publish","type":"page","link":"https:\/\/tiketi.com\/fr-fr\/yy-coaches\/","title":{"rendered":"YY Coaches R\u00e9servation en ligne, billets de bus, itin\u00e9raire et tarif"},"content":{"rendered":"<h2>YY Coaches R\u00e9servation de billets de bus en ligne<\/h2>\n<h3>D\u00e9couvrez votre itin\u00e9raire de voyage sur le web, le mobile ou l&#039;application et r\u00e9servez en ligne d\u00e8s maintenant vos billets de bus YY Coaches pas chers.<\/h3>\n<p>YY Coaches r\u00e9servation en ligne simplifi\u00e9e. YY Coaches and Courier services est votre leader pour une escapade dans la ville de Mbale et la ville de Kampala. Avec une flotte d&#039;autocars, nous effectuons divers voyages de Mbale \u00e0 Kampala et effectuons \u00e9galement des allers-retours chaque jour. Nous avons une \u00e9quipe professionnelle de chauffeurs et un personnel amical pour assurer votre d\u00e9tente. Nos autocars sont \u00e9quip\u00e9s du Wifi uniquement pour permettre aux voyageurs de rester connect\u00e9s lors de leurs d\u00e9placements. Nous fournissons \u00e9galement des services de messagerie. Faites votre r\u00e9servation de billets de bus en ligne YY Coaches ou visitez notre bureau de Kampala au premier \u00e9tage de la gare routi\u00e8re de Qualicel, du parc de bus de Mbale et du b\u00e2timent Mpologoma.<\/p>\n<h2>FAQ sur la r\u00e9servation en ligne des entra\u00eeneurs YY<\/h2>\n<h3>Quels sont les itin\u00e9raires c\u00e9l\u00e8bres et les tarifs moyens couverts par les autocars et bus YY\u00a0?<\/h3>\n<p>Les autocars YY offrent de nombreux services de bus express vers des destinations telles que Soroti, Iganga, Mbale, Bukedia, Otuboi, Kumi, Karuma, Pakwach, Nebbi, Lira et Apac. Nos bus vont \u00e9galement \u00e0 Aduku, Kamudini et Aura. Quoi qu&#039;il en soit, le tarif du bus est diff\u00e9rent en fonction de votre point de chute. Nous comprenons \u00e9galement que les clients comme vous aiment aussi la facilit\u00e9 et nous comprenons la possibilit\u00e9 que la technologie nous ait apport\u00e9 la commodit\u00e9.<\/p>\n<h3>Quelles sont les coordonn\u00e9es de YY Coaches &amp; Bus ?<\/h3>\n<p>Parc de bus de Namayiba<br \/>\nKampala, Ouganda<\/p>\n<h2>YY Coaches Conseils de r\u00e9servation de billets de bus en ligne<\/h2>\n<p>Notre objectif ultime est de relier le nord et l&#039;est de l&#039;Ouganda de porte \u00e0 porte, des voyages de passagers aux services de messagerie et de bagages. La couleur bleue sur les autobus refl\u00e8te notre croyance en l&#039;innovation et la cr\u00e9ativit\u00e9 et la recherche d&#039;une d\u00e9tente centr\u00e9e sur le client. Tous les bus YY ont des si\u00e8ges inclinables et un espace pour les jambes spacieux pour permettre aux passagers d&#039;\u00eatre assis confortablement pendant le voyage.<\/p>","protected":false},"excerpt":{"rendered":"<p>YY Coaches Online Bus Ticket Booking Discover your travel route on web, mobile or app and book cheap YY Coaches bus ticketsonline now. YY Coaches\u00a0online booking made easy.\u00a0YY Coaches and Courier services is your leader getaway to Mbale Town and Kampala City. With fleet of coaches, we perform various trips from Mbale to Kampala and [&hellip;]<\/p>\n","protected":false},"author":1,"featured_media":13999,"parent":0,"menu_order":0,"comment_status":"open","ping_status":"closed","template":"template-home-modern.php","meta":{"footnotes":""},"class_list":["post-11334","page","type-page","status-publish","has-post-thumbnail","hentry"],"yoast_head":"<!-- This site is optimized with the Yoast SEO plugin v27.2 - https:\/\/yoast.com\/product\/yoast-seo-wordpress\/ -->\n<title>YY Coaches Online Booking, Bus Tickets Reservation<\/title>\n<meta name=\"description\" content=\"Looking for YY Coaches online booking, app, contacts, bus routes, fare and schedule? Make cheap YY Coaches online bus ticket booking online now\" \/>\n<meta name=\"robots\" content=\"index, follow, max-snippet:-1, max-image-preview:large, max-video-preview:-1\" \/>\n<link rel=\"canonical\" href=\"https:\/\/tiketi.com\/fr-fr\/yy-coaches\/\" \/>\n<meta property=\"og:locale\" content=\"fr_FR\" \/>\n<meta property=\"og:type\" content=\"article\" \/>\n<meta property=\"og:title\" content=\"YY Coaches Online Booking, Bus Tickets Reservation\" \/>\n<meta property=\"og:description\" content=\"Looking for YY Coaches online booking, app, contacts, bus routes, fare and schedule? Make cheap YY Coaches online bus ticket booking online now\" \/>\n<meta property=\"og:url\" content=\"https:\/\/tiketi.com\/fr-fr\/yy-coaches\/\" \/>\n<meta property=\"og:site_name\" content=\"Tiketi.com\" \/>\n<meta property=\"article:publisher\" content=\"https:\/\/www.facebook.com\/TiketiCom\/\" \/>\n<meta property=\"article:modified_time\" content=\"2022-02-23T12:12:17+00:00\" \/>\n<meta property=\"og:image\" content=\"https:\/\/tiketi.com\/wp-content\/uploads\/2022\/01\/bus-ticket-online-booking.jpg\" \/>\n\t<meta property=\"og:image:width\" content=\"1200\" \/>\n\t<meta property=\"og:image:height\" content=\"206\" \/>\n\t<meta property=\"og:image:type\" content=\"image\/jpeg\" \/>\n<meta name=\"twitter:card\" content=\"summary_large_image\" \/>\n<meta name=\"twitter:label1\" content=\"Dur\u00e9e de lecture estim\u00e9e\" \/>\n\t<meta name=\"twitter:data1\" content=\"2 minutes\" \/>\n<script type=\"application\/ld+json\" class=\"yoast-schema-graph\">{\"@context\":\"https:\/\/schema.org\",\"@graph\":[{\"@type\":\"WebPage\",\"@id\":\"https:\/\/tiketi.com\/yy-coaches\/\",\"url\":\"https:\/\/tiketi.com\/yy-coaches\/\",\"name\":\"YY Coaches Online Booking, Bus Tickets Reservation\",\"isPartOf\":{\"@id\":\"https:\/\/tiketi.com\/#website\"},\"primaryImageOfPage\":{\"@id\":\"https:\/\/tiketi.com\/yy-coaches\/#primaryimage\"},\"image\":{\"@id\":\"https:\/\/tiketi.com\/yy-coaches\/#primaryimage\"},\"thumbnailUrl\":\"https:\/\/tiketi.com\/wp-content\/uploads\/2022\/01\/bus-ticket-online-booking.jpg\",\"datePublished\":\"2022-01-19T11:54:31+00:00\",\"dateModified\":\"2022-02-23T12:12:17+00:00\",\"description\":\"Looking for YY Coaches online booking, app, contacts, bus routes, fare and schedule? Make cheap YY Coaches online bus ticket booking online now\",\"breadcrumb\":{\"@id\":\"https:\/\/tiketi.com\/yy-coaches\/#breadcrumb\"},\"inLanguage\":\"fr-FR\",\"potentialAction\":[{\"@type\":\"ReadAction\",\"target\":[\"https:\/\/tiketi.com\/yy-coaches\/\"]}]},{\"@type\":\"ImageObject\",\"inLanguage\":\"fr-FR\",\"@id\":\"https:\/\/tiketi.com\/yy-coaches\/#primaryimage\",\"url\":\"https:\/\/tiketi.com\/wp-content\/uploads\/2022\/01\/bus-ticket-online-booking.jpg\",\"contentUrl\":\"https:\/\/tiketi.com\/wp-content\/uploads\/2022\/01\/bus-ticket-online-booking.jpg\",\"width\":1200,\"height\":206,\"caption\":\"Online Bus Ticket Booking\"},{\"@type\":\"BreadcrumbList\",\"@id\":\"https:\/\/tiketi.com\/yy-coaches\/#breadcrumb\",\"itemListElement\":[{\"@type\":\"ListItem\",\"position\":1,\"name\":\"Home\",\"item\":\"https:\/\/tiketi.com\/\"},{\"@type\":\"ListItem\",\"position\":2,\"name\":\"YY Coaches Online Booking, Bus Tickets, Route &#038; Fare\"}]},{\"@type\":\"WebSite\",\"@id\":\"https:\/\/tiketi.com\/#website\",\"url\":\"https:\/\/tiketi.com\/\",\"name\":\"Flight & Bus Tickets, Tour Packages & Activitites - Tiketi.com\",\"description\":\"Flight &amp; Bus Tickets, Tours, Activitites\",\"publisher\":{\"@id\":\"https:\/\/tiketi.com\/#organization\"},\"potentialAction\":[{\"@type\":\"SearchAction\",\"target\":{\"@type\":\"EntryPoint\",\"urlTemplate\":\"https:\/\/tiketi.com\/?s={search_term_string}\"},\"query-input\":{\"@type\":\"PropertyValueSpecification\",\"valueRequired\":true,\"valueName\":\"search_term_string\"}}],\"inLanguage\":\"fr-FR\"},{\"@type\":\"Organization\",\"@id\":\"https:\/\/tiketi.com\/#organization\",\"name\":\"Tiketi.com\",\"alternateName\":\"Tiketi\",\"url\":\"https:\/\/tiketi.com\/\",\"logo\":{\"@type\":\"ImageObject\",\"inLanguage\":\"fr-FR\",\"@id\":\"https:\/\/tiketi.com\/#\/schema\/logo\/image\/\",\"url\":\"https:\/\/tiketi.com\/wp-content\/uploads\/2019\/05\/tiketi-logo-696.png\",\"contentUrl\":\"https:\/\/tiketi.com\/wp-content\/uploads\/2019\/05\/tiketi-logo-696.png\",\"width\":696,\"height\":696,\"caption\":\"Tiketi.com\"},\"image\":{\"@id\":\"https:\/\/tiketi.com\/#\/schema\/logo\/image\/\"},\"sameAs\":[\"https:\/\/www.facebook.com\/TiketiCom\/\"]}]}<\/script>\n<!-- \/ Yoast SEO plugin. -->","yoast_head_json":{"title":"R\u00e9servation en ligne d&#039;autocars YY, r\u00e9servation de billets d&#039;autobus","description":"Vous recherchez une r\u00e9servation en ligne YY Coaches, une application, des contacts, des itin\u00e9raires de bus, des tarifs et des horaires\u00a0? Faites la r\u00e9servation de billets de bus en ligne YY Coaches \u00e0 bas prix en ligne d\u00e8s maintenant","robots":{"index":"index","follow":"follow","max-snippet":"max-snippet:-1","max-image-preview":"max-image-preview:large","max-video-preview":"max-video-preview:-1"},"canonical":"https:\/\/tiketi.com\/fr-fr\/yy-coaches\/","og_locale":"fr_FR","og_type":"article","og_title":"YY Coaches Online Booking, Bus Tickets Reservation","og_description":"Looking for YY Coaches online booking, app, contacts, bus routes, fare and schedule? Make cheap YY Coaches online bus ticket booking online now","og_url":"https:\/\/tiketi.com\/fr-fr\/yy-coaches\/","og_site_name":"Tiketi.com","article_publisher":"https:\/\/www.facebook.com\/TiketiCom\/","article_modified_time":"2022-02-23T12:12:17+00:00","og_image":[{"width":1200,"height":206,"url":"https:\/\/tiketi.com\/wp-content\/uploads\/2022\/01\/bus-ticket-online-booking.jpg","type":"image\/jpeg"}],"twitter_card":"summary_large_image","twitter_misc":{"Dur\u00e9e de lecture estim\u00e9e":"2 minutes"},"schema":{"@context":"https:\/\/schema.org","@graph":[{"@type":"WebPage","@id":"https:\/\/tiketi.com\/yy-coaches\/","url":"https:\/\/tiketi.com\/yy-coaches\/","name":"R\u00e9servation en ligne d&#039;autocars YY, r\u00e9servation de billets d&#039;autobus","isPartOf":{"@id":"https:\/\/tiketi.com\/#website"},"primaryImageOfPage":{"@id":"https:\/\/tiketi.com\/yy-coaches\/#primaryimage"},"image":{"@id":"https:\/\/tiketi.com\/yy-coaches\/#primaryimage"},"thumbnailUrl":"https:\/\/tiketi.com\/wp-content\/uploads\/2022\/01\/bus-ticket-online-booking.jpg","datePublished":"2022-01-19T11:54:31+00:00","dateModified":"2022-02-23T12:12:17+00:00","description":"Vous recherchez une r\u00e9servation en ligne YY Coaches, une application, des contacts, des itin\u00e9raires de bus, des tarifs et des horaires\u00a0? Faites la r\u00e9servation de billets de bus en ligne YY Coaches \u00e0 bas prix en ligne d\u00e8s maintenant","breadcrumb":{"@id":"https:\/\/tiketi.com\/yy-coaches\/#breadcrumb"},"inLanguage":"fr-FR","potentialAction":[{"@type":"ReadAction","target":["https:\/\/tiketi.com\/yy-coaches\/"]}]},{"@type":"ImageObject","inLanguage":"fr-FR","@id":"https:\/\/tiketi.com\/yy-coaches\/#primaryimage","url":"https:\/\/tiketi.com\/wp-content\/uploads\/2022\/01\/bus-ticket-online-booking.jpg","contentUrl":"https:\/\/tiketi.com\/wp-content\/uploads\/2022\/01\/bus-ticket-online-booking.jpg","width":1200,"height":206,"caption":"Online Bus Ticket Booking"},{"@type":"BreadcrumbList","@id":"https:\/\/tiketi.com\/yy-coaches\/#breadcrumb","itemListElement":[{"@type":"ListItem","position":1,"name":"Home","item":"https:\/\/tiketi.com\/"},{"@type":"ListItem","position":2,"name":"YY Coaches Online Booking, Bus Tickets, Route &#038; Fare"}]},{"@type":"WebSite","@id":"https:\/\/tiketi.com\/#website","url":"https:\/\/tiketi.com\/","name":"Billets d&#039;avion et de bus, forfaits touristiques et activit\u00e9s - Tiketi.com","description":"Billets d&#039;avion et de bus, Tours, Activit\u00e9s","publisher":{"@id":"https:\/\/tiketi.com\/#organization"},"potentialAction":[{"@type":"SearchAction","target":{"@type":"EntryPoint","urlTemplate":"https:\/\/tiketi.com\/?s={search_term_string}"},"query-input":{"@type":"PropertyValueSpecification","valueRequired":true,"valueName":"search_term_string"}}],"inLanguage":"fr-FR"},{"@type":"Organization","@id":"https:\/\/tiketi.com\/#organization","name":"Tiketi.com","alternateName":"Tiketi","url":"https:\/\/tiketi.com\/","logo":{"@type":"ImageObject","inLanguage":"fr-FR","@id":"https:\/\/tiketi.com\/#\/schema\/logo\/image\/","url":"https:\/\/tiketi.com\/wp-content\/uploads\/2019\/05\/tiketi-logo-696.png","contentUrl":"https:\/\/tiketi.com\/wp-content\/uploads\/2019\/05\/tiketi-logo-696.png","width":696,"height":696,"caption":"Tiketi.com"},"image":{"@id":"https:\/\/tiketi.com\/#\/schema\/logo\/image\/"},"sameAs":["https:\/\/www.facebook.com\/TiketiCom\/"]}]}},"_links":{"self":[{"href":"https:\/\/tiketi.com\/fr-fr\/wp-json\/wp\/v2\/pages\/11334","targetHints":{"allow":["GET"]}}],"collection":[{"href":"https:\/\/tiketi.com\/fr-fr\/wp-json\/wp\/v2\/pages"}],"about":[{"href":"https:\/\/tiketi.com\/fr-fr\/wp-json\/wp\/v2\/types\/page"}],"author":[{"embeddable":true,"href":"https:\/\/tiketi.com\/fr-fr\/wp-json\/wp\/v2\/users\/1"}],"replies":[{"embeddable":true,"href":"https:\/\/tiketi.com\/fr-fr\/wp-json\/wp\/v2\/comments?post=11334"}],"version-history":[{"count":0,"href":"https:\/\/tiketi.com\/fr-fr\/wp-json\/wp\/v2\/pages\/11334\/revisions"}],"wp:featuredmedia":[{"embeddable":true,"href":"https:\/\/tiketi.com\/fr-fr\/wp-json\/wp\/v2\/media\/13999"}],"wp:attachment":[{"href":"https:\/\/tiketi.com\/fr-fr\/wp-json\/wp\/v2\/media?parent=11334"}],"curies":[{"name":"wp","href":"https:\/\/api.w.org\/{rel}","templated":true}]}}