{"id":11335,"date":"2022-01-19T12:54:31","date_gmt":"2022-01-19T11:54:31","guid":{"rendered":"https:\/\/new.tiketi.com\/kampala-coach-online-booking-bus-tickets-reservation\/"},"modified":"2022-02-16T11:04:44","modified_gmt":"2022-02-16T10:04:44","slug":"kampala-coach","status":"publish","type":"page","link":"https:\/\/tiketi.com\/fr-fr\/kampala-coach\/","title":{"rendered":"R\u00e9servation en ligne d&#039;autocars de Kampala, billets d&#039;autobus, itin\u00e9raire, horaires et tarifs"},"content":{"rendered":"<h2>Kampala Coach R\u00e9servation de billets de bus en ligne<\/h2>\n<h3>D\u00e9couvrez votre itin\u00e9raire de voyage sur le web, le mobile ou l&#039;application et r\u00e9servez d\u00e8s maintenant des billets de bus Kampala Coach pas chers en ligne.<\/h3>\n<p>La r\u00e9servation en ligne de Kampala Coach simplifi\u00e9e. Kampala Coach Uganda est une compagnie de bus de passagers qui se rend \u00e0 Bukob, Dar es Salaam, Mwanza, Juba, Dodoma et jusqu&#039;en Zambie, Malawai, Mozambique et de nombreux autres endroits depuis la ville de Kampala. La compagnie de bus de Kampala propose des trajets fiables, rapides, s\u00fbrs et parfaits depuis Kampala vers les destinations mentionn\u00e9es ci-dessus via la r\u00e9servation de billets de bus en ligne de Kampala Coach.<\/p>\n<h2>FAQ sur la r\u00e9servation en ligne de Kampala Coach<\/h2>\n<h3>Quels sont les c\u00e9l\u00e8bres itin\u00e9raires et tarifs moyens couverts par Kampala Coach\u00a0?<\/h3>\n<h3>Liste des prix moyens et itin\u00e9raires de Kampala Coach 2020.<\/h3>\n<p>Kampala \u00e0 Morogoro 155 000<br \/>\nKampala \u00e0 Dar es Salaam 165 000<br \/>\nKampala \u00e0 Nzega 100 000<br \/>\nKampala \u00e0 Kahama 80 000<br \/>\nKampala \u00e0 Singida 105 000<br \/>\nKampala \u00e0 Mwanza 65 000<br \/>\nKampala \u00e0 Bukoba 30 000<br \/>\nKampala \u00e0 Dodoma 125 000<br \/>\nKampala \u00e0 Chato 55 000<br \/>\nKampala \u00e0 Geita 55 000<\/p>\n<p>Tous les prix sont en Ugx, vous pouvez changer la devise de votre pays.<\/p>\n<h3>Ligne de flotte de services de bus Kampala Coach<\/h3>\n<p>\u00c9tant l&#039;une des plus grandes compagnies de bus g\u00e9antes en Ouganda, les autocars de Kampala poss\u00e8dent une flotte mixte et ils ont Nissan UD, Scania, Zhongton et Yutong chinois.<\/p>\n<p>Leurs bus sont bien con\u00e7us pour la d\u00e9tente de leurs clients et de nombreuses sp\u00e9cifications sont accessibles comme indiqu\u00e9 ci-dessous\u00a0:<\/p>\n<p>Si\u00e8ges inclinables deux par deux avec suffisamment d&#039;espace pour les jambes<br \/>\nMeilleur syst\u00e8me audio pour jouer une meilleure musique et support TV<br \/>\nDes services TV pour vous divertir<br \/>\nCertains avec l&#039;A\/C comme ceux chinois<\/p>\n<h3>Quelles sont les coordonn\u00e9es de Kampala Coach Buses ?<\/h3>\n<p>POBox 3555 Kampala, Ouganda<br \/>\nsitu\u00e9 au terrain 152 khamis Rood, bloc 9 Kampala, Ouganda<br \/>\nou<br \/>\nAdresse : Gadafi Rd, Kampala, Ouganda<\/p>\n<h2>Conseils de r\u00e9servation de billets de bus en ligne pour Kampala Coach<\/h2>\n<p>Ils ont des services r\u00e9guliers quotidiens avec l&#039;Ouganda pour leur route int\u00e9rieure et en Afrique de l&#039;Est \u00e9galement, mais ils ont un horaire de jour sp\u00e9cifique dans d&#039;autres pays comme le Congo et la Zambie.<\/p>\n<p>Ils font \u00e9galement transiter des colis et des petits bagages \u00e0 des prix \u00e9quitables vers toutes les zones o\u00f9 ils ont une destination ou leurs bus passent par leur destination.<\/p>\n<p>Leurs bureaux de r\u00e9servation et leur terminal sont situ\u00e9s \u00e0 Old Kampala, derri\u00e8re l&#039;ancien poste de police de Kampala.<\/p>","protected":false},"excerpt":{"rendered":"<p>Kampala Coach Online Bus Ticket Booking Discover your travel route on web, mobile or app and book cheap Kampala Coach bus tickets online now. Kampala Coach\u00a0online booking made easy.\u00a0Kampala Coach Uganda is a passenger bus company that travels to Bukob, Dar es Salaam, Mwanza, Juba, Dodoma, and as far as Zambia, Malawai, Mozambique and many [&hellip;]<\/p>\n","protected":false},"author":1,"featured_media":13999,"parent":0,"menu_order":0,"comment_status":"open","ping_status":"closed","template":"template-home-modern.php","meta":{"footnotes":""},"class_list":["post-11335","page","type-page","status-publish","has-post-thumbnail","hentry"],"yoast_head":"<!-- This site is optimized with the Yoast SEO plugin v27.2 - https:\/\/yoast.com\/product\/yoast-seo-wordpress\/ -->\n<title>Kampala Coach Online Booking, Bus Tickets, Route, Schedule &amp; Fare<\/title>\n<meta name=\"description\" content=\"Looking for Kampala Coach online booking? Make a Kampala Coach online bus ticket booking online now and save time and money!\" \/>\n<meta name=\"robots\" content=\"index, follow, max-snippet:-1, max-image-preview:large, max-video-preview:-1\" \/>\n<link rel=\"canonical\" href=\"https:\/\/tiketi.com\/fr-fr\/kampala-coach\/\" \/>\n<meta property=\"og:locale\" content=\"fr_FR\" \/>\n<meta property=\"og:type\" content=\"article\" \/>\n<meta property=\"og:title\" content=\"Kampala Coach Online Booking, Bus Tickets, Route, Schedule &amp; Fare\" \/>\n<meta property=\"og:description\" content=\"Looking for Kampala Coach online booking? Make a Kampala Coach online bus ticket booking online now and save time and money!\" \/>\n<meta property=\"og:url\" content=\"https:\/\/tiketi.com\/fr-fr\/kampala-coach\/\" \/>\n<meta property=\"og:site_name\" content=\"Tiketi.com\" \/>\n<meta property=\"article:publisher\" content=\"https:\/\/www.facebook.com\/TiketiCom\/\" \/>\n<meta property=\"article:modified_time\" content=\"2022-02-16T10:04:44+00:00\" \/>\n<meta property=\"og:image\" content=\"https:\/\/tiketi.com\/wp-content\/uploads\/2022\/01\/bus-ticket-online-booking.jpg\" \/>\n\t<meta property=\"og:image:width\" content=\"1200\" \/>\n\t<meta property=\"og:image:height\" content=\"206\" \/>\n\t<meta property=\"og:image:type\" content=\"image\/jpeg\" \/>\n<meta name=\"twitter:card\" content=\"summary_large_image\" \/>\n<meta name=\"twitter:label1\" content=\"Dur\u00e9e de lecture estim\u00e9e\" \/>\n\t<meta name=\"twitter:data1\" content=\"2 minutes\" \/>\n<script type=\"application\/ld+json\" class=\"yoast-schema-graph\">{\"@context\":\"https:\/\/schema.org\",\"@graph\":[{\"@type\":\"WebPage\",\"@id\":\"https:\/\/tiketi.com\/kampala-coach\/\",\"url\":\"https:\/\/tiketi.com\/kampala-coach\/\",\"name\":\"Kampala Coach Online Booking, Bus Tickets, Route, Schedule & Fare\",\"isPartOf\":{\"@id\":\"https:\/\/tiketi.com\/#website\"},\"primaryImageOfPage\":{\"@id\":\"https:\/\/tiketi.com\/kampala-coach\/#primaryimage\"},\"image\":{\"@id\":\"https:\/\/tiketi.com\/kampala-coach\/#primaryimage\"},\"thumbnailUrl\":\"https:\/\/tiketi.com\/wp-content\/uploads\/2022\/01\/bus-ticket-online-booking.jpg\",\"datePublished\":\"2022-01-19T11:54:31+00:00\",\"dateModified\":\"2022-02-16T10:04:44+00:00\",\"description\":\"Looking for Kampala Coach online booking? Make a Kampala Coach online bus ticket booking online now and save time and money!\",\"breadcrumb\":{\"@id\":\"https:\/\/tiketi.com\/kampala-coach\/#breadcrumb\"},\"inLanguage\":\"fr-FR\",\"potentialAction\":[{\"@type\":\"ReadAction\",\"target\":[\"https:\/\/tiketi.com\/kampala-coach\/\"]}]},{\"@type\":\"ImageObject\",\"inLanguage\":\"fr-FR\",\"@id\":\"https:\/\/tiketi.com\/kampala-coach\/#primaryimage\",\"url\":\"https:\/\/tiketi.com\/wp-content\/uploads\/2022\/01\/bus-ticket-online-booking.jpg\",\"contentUrl\":\"https:\/\/tiketi.com\/wp-content\/uploads\/2022\/01\/bus-ticket-online-booking.jpg\",\"width\":1200,\"height\":206,\"caption\":\"Online Bus Ticket Booking\"},{\"@type\":\"BreadcrumbList\",\"@id\":\"https:\/\/tiketi.com\/kampala-coach\/#breadcrumb\",\"itemListElement\":[{\"@type\":\"ListItem\",\"position\":1,\"name\":\"Home\",\"item\":\"https:\/\/tiketi.com\/\"},{\"@type\":\"ListItem\",\"position\":2,\"name\":\"Kampala Coach Online Booking, Bus Tickets, Route, Schedule &#038; Fare\"}]},{\"@type\":\"WebSite\",\"@id\":\"https:\/\/tiketi.com\/#website\",\"url\":\"https:\/\/tiketi.com\/\",\"name\":\"Flight & Bus Tickets, Tour Packages & Activitites - Tiketi.com\",\"description\":\"Flight &amp; Bus Tickets, Tours, Activitites\",\"publisher\":{\"@id\":\"https:\/\/tiketi.com\/#organization\"},\"potentialAction\":[{\"@type\":\"SearchAction\",\"target\":{\"@type\":\"EntryPoint\",\"urlTemplate\":\"https:\/\/tiketi.com\/?s={search_term_string}\"},\"query-input\":{\"@type\":\"PropertyValueSpecification\",\"valueRequired\":true,\"valueName\":\"search_term_string\"}}],\"inLanguage\":\"fr-FR\"},{\"@type\":\"Organization\",\"@id\":\"https:\/\/tiketi.com\/#organization\",\"name\":\"Tiketi.com\",\"alternateName\":\"Tiketi\",\"url\":\"https:\/\/tiketi.com\/\",\"logo\":{\"@type\":\"ImageObject\",\"inLanguage\":\"fr-FR\",\"@id\":\"https:\/\/tiketi.com\/#\/schema\/logo\/image\/\",\"url\":\"https:\/\/tiketi.com\/wp-content\/uploads\/2019\/05\/tiketi-logo-696.png\",\"contentUrl\":\"https:\/\/tiketi.com\/wp-content\/uploads\/2019\/05\/tiketi-logo-696.png\",\"width\":696,\"height\":696,\"caption\":\"Tiketi.com\"},\"image\":{\"@id\":\"https:\/\/tiketi.com\/#\/schema\/logo\/image\/\"},\"sameAs\":[\"https:\/\/www.facebook.com\/TiketiCom\/\"]}]}<\/script>\n<!-- \/ Yoast SEO plugin. -->","yoast_head_json":{"title":"R\u00e9servation en ligne d&#039;autocars de Kampala, billets d&#039;autobus, itin\u00e9raire, horaires et tarifs","description":"Vous recherchez une r\u00e9servation en ligne de Kampala Coach? Faites une r\u00e9servation de billets de bus en ligne Kampala Coach en ligne maintenant et \u00e9conomisez du temps et de l&#039;argent!","robots":{"index":"index","follow":"follow","max-snippet":"max-snippet:-1","max-image-preview":"max-image-preview:large","max-video-preview":"max-video-preview:-1"},"canonical":"https:\/\/tiketi.com\/fr-fr\/kampala-coach\/","og_locale":"fr_FR","og_type":"article","og_title":"Kampala Coach Online Booking, Bus Tickets, Route, Schedule & Fare","og_description":"Looking for Kampala Coach online booking? Make a Kampala Coach online bus ticket booking online now and save time and money!","og_url":"https:\/\/tiketi.com\/fr-fr\/kampala-coach\/","og_site_name":"Tiketi.com","article_publisher":"https:\/\/www.facebook.com\/TiketiCom\/","article_modified_time":"2022-02-16T10:04:44+00:00","og_image":[{"width":1200,"height":206,"url":"https:\/\/tiketi.com\/wp-content\/uploads\/2022\/01\/bus-ticket-online-booking.jpg","type":"image\/jpeg"}],"twitter_card":"summary_large_image","twitter_misc":{"Dur\u00e9e de lecture estim\u00e9e":"2 minutes"},"schema":{"@context":"https:\/\/schema.org","@graph":[{"@type":"WebPage","@id":"https:\/\/tiketi.com\/kampala-coach\/","url":"https:\/\/tiketi.com\/kampala-coach\/","name":"R\u00e9servation en ligne d&#039;autocars de Kampala, billets d&#039;autobus, itin\u00e9raire, horaires et tarifs","isPartOf":{"@id":"https:\/\/tiketi.com\/#website"},"primaryImageOfPage":{"@id":"https:\/\/tiketi.com\/kampala-coach\/#primaryimage"},"image":{"@id":"https:\/\/tiketi.com\/kampala-coach\/#primaryimage"},"thumbnailUrl":"https:\/\/tiketi.com\/wp-content\/uploads\/2022\/01\/bus-ticket-online-booking.jpg","datePublished":"2022-01-19T11:54:31+00:00","dateModified":"2022-02-16T10:04:44+00:00","description":"Vous recherchez une r\u00e9servation en ligne de Kampala Coach? Faites une r\u00e9servation de billets de bus en ligne Kampala Coach en ligne maintenant et \u00e9conomisez du temps et de l&#039;argent!","breadcrumb":{"@id":"https:\/\/tiketi.com\/kampala-coach\/#breadcrumb"},"inLanguage":"fr-FR","potentialAction":[{"@type":"ReadAction","target":["https:\/\/tiketi.com\/kampala-coach\/"]}]},{"@type":"ImageObject","inLanguage":"fr-FR","@id":"https:\/\/tiketi.com\/kampala-coach\/#primaryimage","url":"https:\/\/tiketi.com\/wp-content\/uploads\/2022\/01\/bus-ticket-online-booking.jpg","contentUrl":"https:\/\/tiketi.com\/wp-content\/uploads\/2022\/01\/bus-ticket-online-booking.jpg","width":1200,"height":206,"caption":"Online Bus Ticket Booking"},{"@type":"BreadcrumbList","@id":"https:\/\/tiketi.com\/kampala-coach\/#breadcrumb","itemListElement":[{"@type":"ListItem","position":1,"name":"Home","item":"https:\/\/tiketi.com\/"},{"@type":"ListItem","position":2,"name":"Kampala Coach Online Booking, Bus Tickets, Route, Schedule &#038; Fare"}]},{"@type":"WebSite","@id":"https:\/\/tiketi.com\/#website","url":"https:\/\/tiketi.com\/","name":"Billets d&#039;avion et de bus, forfaits touristiques et activit\u00e9s - Tiketi.com","description":"Billets d&#039;avion et de bus, Tours, Activit\u00e9s","publisher":{"@id":"https:\/\/tiketi.com\/#organization"},"potentialAction":[{"@type":"SearchAction","target":{"@type":"EntryPoint","urlTemplate":"https:\/\/tiketi.com\/?s={search_term_string}"},"query-input":{"@type":"PropertyValueSpecification","valueRequired":true,"valueName":"search_term_string"}}],"inLanguage":"fr-FR"},{"@type":"Organization","@id":"https:\/\/tiketi.com\/#organization","name":"Tiketi.com","alternateName":"Tiketi","url":"https:\/\/tiketi.com\/","logo":{"@type":"ImageObject","inLanguage":"fr-FR","@id":"https:\/\/tiketi.com\/#\/schema\/logo\/image\/","url":"https:\/\/tiketi.com\/wp-content\/uploads\/2019\/05\/tiketi-logo-696.png","contentUrl":"https:\/\/tiketi.com\/wp-content\/uploads\/2019\/05\/tiketi-logo-696.png","width":696,"height":696,"caption":"Tiketi.com"},"image":{"@id":"https:\/\/tiketi.com\/#\/schema\/logo\/image\/"},"sameAs":["https:\/\/www.facebook.com\/TiketiCom\/"]}]}},"_links":{"self":[{"href":"https:\/\/tiketi.com\/fr-fr\/wp-json\/wp\/v2\/pages\/11335","targetHints":{"allow":["GET"]}}],"collection":[{"href":"https:\/\/tiketi.com\/fr-fr\/wp-json\/wp\/v2\/pages"}],"about":[{"href":"https:\/\/tiketi.com\/fr-fr\/wp-json\/wp\/v2\/types\/page"}],"author":[{"embeddable":true,"href":"https:\/\/tiketi.com\/fr-fr\/wp-json\/wp\/v2\/users\/1"}],"replies":[{"embeddable":true,"href":"https:\/\/tiketi.com\/fr-fr\/wp-json\/wp\/v2\/comments?post=11335"}],"version-history":[{"count":0,"href":"https:\/\/tiketi.com\/fr-fr\/wp-json\/wp\/v2\/pages\/11335\/revisions"}],"wp:featuredmedia":[{"embeddable":true,"href":"https:\/\/tiketi.com\/fr-fr\/wp-json\/wp\/v2\/media\/13999"}],"wp:attachment":[{"href":"https:\/\/tiketi.com\/fr-fr\/wp-json\/wp\/v2\/media?parent=11335"}],"curies":[{"name":"wp","href":"https:\/\/api.w.org\/{rel}","templated":true}]}}