{"id":11336,"date":"2022-01-19T12:54:31","date_gmt":"2022-01-19T11:54:31","guid":{"rendered":"https:\/\/new.tiketi.com\/chisco-transport-online-booking-bus-tickets-routes-fares\/"},"modified":"2022-02-11T13:16:52","modified_gmt":"2022-02-11T12:16:52","slug":"chisco-transport-bus","status":"publish","type":"page","link":"https:\/\/tiketi.com\/fr-fr\/chisco-transport-bus\/","title":{"rendered":"R\u00e9servation en ligne de Chisco Transport, billets de bus, itin\u00e9raire et tarif"},"content":{"rendered":"<h2>Chisco Transport R\u00e9servation de billets de bus en ligne<\/h2>\n<h3>D\u00e9couvrez votre itin\u00e9raire de voyage sur le web, le mobile ou l&#039;application et r\u00e9servez en ligne des billets de bus Chisco Transport pas chers.<\/h3>\n<p>La r\u00e9servation en ligne de Chisco Transport simplifi\u00e9e. Le transport Chisco est l&#039;un des meilleurs syst\u00e8mes de transport longue distance de luxe au Nigeria. Gr\u00e2ce \u00e0 leur cr\u00e9ation dans le secteur des transports, ils ont r\u00e9organis\u00e9 l&#039;industrie avec des innovations de premier plan et des services \u00e9poustouflants. L&#039;un d&#039;entre eux est l&#039;introduction du service de r\u00e9servation de billets de bus en ligne Chisco transport, o\u00f9 vous vous asseyez confortablement chez vous, au travail ou au bureau et r\u00e9servez en ligne pour votre voyage. Il en va de m\u00eame pour la r\u00e9servation de billets de bus en ligne pour Chisco Transport d\u00e8s maintenant\u00a0!<\/p>\n<h2>FAQ sur la r\u00e9servation en ligne de Chisco Transport, les billets de bus, les itin\u00e9raires et les tarifs<\/h2>\n<h3>Quels sont les c\u00e9l\u00e8bres itin\u00e9raires de r\u00e9servation en ligne Chisco et les tarifs moyens couverts par les bus Chisco Transport ?<\/h3>\n<h3>Liste de prix et itin\u00e9raires moyens de Chisco Transport 2020<\/h3>\n<p>\u2022 Jibowu, Lagos \u00e0 Nanya, Abuja - 6 300 N<br \/>\n\u2022 Jibowu, Lagos \u00e0 Owerri, Imo - N4 500<br \/>\n\u2022 Jibowu, Lagos \u00e0 Port-Harcourt, Rivers - N4,500<br \/>\n\u2022 Jibowu, Lagos \u2013 Osha, Ebonyi \u2013 N, 4 500<br \/>\n\u2022 Jibowu, Lagos \u00e0 Enugu, Enugu \u2013 N 4 500<br \/>\n\u2022 Jibowu, Lagos \u00e0 Amichi, Akwa-lbom - N, 5000<\/p>\n<h3>Liste de prix 2020 de la soci\u00e9t\u00e9 Chisco Transport Abuja<\/h3>\n<p>\u2022 Utako, Abuja au port - Harcourt, River - N4,500<br \/>\n\u2022 Utako, Abuja \u00e0 Jibowu, Lagos - 6 300 N<br \/>\n\u2022 Utako, Abuja \u00e0 Owerri, Imo - N4 500<br \/>\n\u2022 Utako, Abuja \u00e0 Amichi, Akwa-lbom - 5 000 N<\/p>\n<h3>Tarifs 2020 de la soci\u00e9t\u00e9 Chisco Transport Port-Harcourt<\/h3>\n<p>Rivers, Port-Harcourt \u00e0 Jibowu, Lagos \u2013 N,4500<br \/>\nRivers, Port-Harcourt \u00e0 Owerri, imo - N4,000<br \/>\nRivi\u00e8res, Port Harcourt \u00e0 Jibowu, Lagos \u2013 4 500 N<\/p>\n<h3>Service d&#039;affr\u00e8tement d&#039;autobus de Chisco Transport<\/h3>\n<p>Les clients\/clients sont libres de choisir leur flotte, de la personnaliser et de la personnaliser \u00e0 leur go\u00fbt pendant une p\u00e9riode d\u00e9termin\u00e9e \u00e0 des tarifs extr\u00eamement \u00e9conomiques.<\/p>\n<h3>Chisco Transport Tour et service de voyage<\/h3>\n<p>Le tourisme est soutenu par le service de voyages et de visites de Chisco. Les touristes peuvent faire une s\u00e9lection de lieu et s&#039;inscrire \u00e0 l&#039;un des voyages accessibles.<\/p>\n<h3>Quelles sont les coordonn\u00e9es de la r\u00e9servation en ligne des billets de bus et des bus de Chisco Transport\u00a0?<\/h3>\n<p>104, Funsho Williams Avenue, Iponri, Surulere, Lagos-NIGERIA.<\/p>\n<h2>Conseils de r\u00e9servation de billets de bus en ligne pour Chisco Transport<\/h2>\n<h3>Services offerts chez Chisco Transport<\/h3>\n<p>En plus du transport des navetteurs d&#039;une ville \u00e0 l&#039;autre, la compagnie d&#039;autobus Chisco Transport fournit des services d&#039;affr\u00e8tement d&#039;autobus, de location-exploitation d&#039;autobus, de services de visites\/voyages et de publicit\u00e9.<br \/>\nIl existe une large gamme de v\u00e9hicules parmi lesquels un navetteur peut choisir. Vous pouvez r\u00e9server un bus de votre choix allant d&#039;un bus blazer Chisco de quinze places \u00e0 un bus de luxe pour passagers.<\/p>","protected":false},"excerpt":{"rendered":"<p>Chisco Transport Online Bus Ticket Booking Discover your travel route on web, mobile or app and book cheap Chisco Transport bus tickets online. Chisco Transport\u00a0online booking made easy. Chisco transport is one of Nigeria top luxury long route transport system. They have through creation in the transport sector revamped the industry with prominent innovation and [&hellip;]<\/p>\n","protected":false},"author":1,"featured_media":13999,"parent":0,"menu_order":0,"comment_status":"open","ping_status":"closed","template":"template-home-modern.php","meta":{"footnotes":""},"class_list":["post-11336","page","type-page","status-publish","has-post-thumbnail","hentry"],"yoast_head":"<!-- This site is optimized with the Yoast SEO plugin v27.3 - https:\/\/yoast.com\/product\/yoast-seo-wordpress\/ -->\n<title>Chisco Transport Online Booking, Bus Tickets, Routes &amp; Fares<\/title>\n<meta name=\"description\" content=\"Looking for Coast Bus online booking, app, contacts, route, fare and schedule? Make a cheap Coast Bus online bus ticket booking now and save\" \/>\n<meta name=\"robots\" content=\"index, follow, max-snippet:-1, max-image-preview:large, max-video-preview:-1\" \/>\n<link rel=\"canonical\" href=\"https:\/\/tiketi.com\/fr-fr\/chisco-transport-bus\/\" \/>\n<meta property=\"og:locale\" content=\"fr_FR\" \/>\n<meta property=\"og:type\" content=\"article\" \/>\n<meta property=\"og:title\" content=\"Chisco Transport Online Booking, Bus Tickets, Routes &amp; Fares\" \/>\n<meta property=\"og:description\" content=\"Looking for Coast Bus online booking, app, contacts, route, fare and schedule? Make a cheap Coast Bus online bus ticket booking now and save\" \/>\n<meta property=\"og:url\" content=\"https:\/\/tiketi.com\/fr-fr\/chisco-transport-bus\/\" \/>\n<meta property=\"og:site_name\" content=\"Tiketi.com\" \/>\n<meta property=\"article:publisher\" content=\"https:\/\/www.facebook.com\/TiketiCom\/\" \/>\n<meta property=\"article:modified_time\" content=\"2022-02-11T12:16:52+00:00\" \/>\n<meta property=\"og:image\" content=\"https:\/\/tiketi.com\/wp-content\/uploads\/2022\/01\/bus-ticket-online-booking.jpg\" \/>\n\t<meta property=\"og:image:width\" content=\"1200\" \/>\n\t<meta property=\"og:image:height\" content=\"206\" \/>\n\t<meta property=\"og:image:type\" content=\"image\/jpeg\" \/>\n<meta name=\"twitter:card\" content=\"summary_large_image\" \/>\n<meta name=\"twitter:label1\" content=\"Dur\u00e9e de lecture estim\u00e9e\" \/>\n\t<meta name=\"twitter:data1\" content=\"2 minutes\" \/>\n<script type=\"application\/ld+json\" class=\"yoast-schema-graph\">{\"@context\":\"https:\\\/\\\/schema.org\",\"@graph\":[{\"@type\":\"WebPage\",\"@id\":\"https:\\\/\\\/tiketi.com\\\/chisco-transport-bus\\\/\",\"url\":\"https:\\\/\\\/tiketi.com\\\/chisco-transport-bus\\\/\",\"name\":\"Chisco Transport Online Booking, Bus Tickets, Routes & Fares\",\"isPartOf\":{\"@id\":\"https:\\\/\\\/tiketi.com\\\/#website\"},\"primaryImageOfPage\":{\"@id\":\"https:\\\/\\\/tiketi.com\\\/chisco-transport-bus\\\/#primaryimage\"},\"image\":{\"@id\":\"https:\\\/\\\/tiketi.com\\\/chisco-transport-bus\\\/#primaryimage\"},\"thumbnailUrl\":\"https:\\\/\\\/tiketi.com\\\/wp-content\\\/uploads\\\/2022\\\/01\\\/bus-ticket-online-booking.jpg\",\"datePublished\":\"2022-01-19T11:54:31+00:00\",\"dateModified\":\"2022-02-11T12:16:52+00:00\",\"description\":\"Looking for Coast Bus online booking, app, contacts, route, fare and schedule? Make a cheap Coast Bus online bus ticket booking now and save\",\"breadcrumb\":{\"@id\":\"https:\\\/\\\/tiketi.com\\\/chisco-transport-bus\\\/#breadcrumb\"},\"inLanguage\":\"fr-FR\",\"potentialAction\":[{\"@type\":\"ReadAction\",\"target\":[\"https:\\\/\\\/tiketi.com\\\/chisco-transport-bus\\\/\"]}]},{\"@type\":\"ImageObject\",\"inLanguage\":\"fr-FR\",\"@id\":\"https:\\\/\\\/tiketi.com\\\/chisco-transport-bus\\\/#primaryimage\",\"url\":\"https:\\\/\\\/tiketi.com\\\/wp-content\\\/uploads\\\/2022\\\/01\\\/bus-ticket-online-booking.jpg\",\"contentUrl\":\"https:\\\/\\\/tiketi.com\\\/wp-content\\\/uploads\\\/2022\\\/01\\\/bus-ticket-online-booking.jpg\",\"width\":1200,\"height\":206,\"caption\":\"Online Bus Ticket Booking\"},{\"@type\":\"BreadcrumbList\",\"@id\":\"https:\\\/\\\/tiketi.com\\\/chisco-transport-bus\\\/#breadcrumb\",\"itemListElement\":[{\"@type\":\"ListItem\",\"position\":1,\"name\":\"Home\",\"item\":\"https:\\\/\\\/tiketi.com\\\/\"},{\"@type\":\"ListItem\",\"position\":2,\"name\":\"Chisco Transport Online Booking, Bus Tickets, Route &#038; Fare\"}]},{\"@type\":\"WebSite\",\"@id\":\"https:\\\/\\\/tiketi.com\\\/#website\",\"url\":\"https:\\\/\\\/tiketi.com\\\/\",\"name\":\"Flight & Bus Tickets, Tour Packages & Activitites - Tiketi.com\",\"description\":\"Flight &amp; Bus Tickets, Tours, Activitites\",\"publisher\":{\"@id\":\"https:\\\/\\\/tiketi.com\\\/#organization\"},\"potentialAction\":[{\"@type\":\"SearchAction\",\"target\":{\"@type\":\"EntryPoint\",\"urlTemplate\":\"https:\\\/\\\/tiketi.com\\\/?s={search_term_string}\"},\"query-input\":{\"@type\":\"PropertyValueSpecification\",\"valueRequired\":true,\"valueName\":\"search_term_string\"}}],\"inLanguage\":\"fr-FR\"},{\"@type\":\"Organization\",\"@id\":\"https:\\\/\\\/tiketi.com\\\/#organization\",\"name\":\"Tiketi.com\",\"alternateName\":\"Tiketi\",\"url\":\"https:\\\/\\\/tiketi.com\\\/\",\"logo\":{\"@type\":\"ImageObject\",\"inLanguage\":\"fr-FR\",\"@id\":\"https:\\\/\\\/tiketi.com\\\/#\\\/schema\\\/logo\\\/image\\\/\",\"url\":\"https:\\\/\\\/tiketi.com\\\/wp-content\\\/uploads\\\/2019\\\/05\\\/tiketi-logo-696.png\",\"contentUrl\":\"https:\\\/\\\/tiketi.com\\\/wp-content\\\/uploads\\\/2019\\\/05\\\/tiketi-logo-696.png\",\"width\":696,\"height\":696,\"caption\":\"Tiketi.com\"},\"image\":{\"@id\":\"https:\\\/\\\/tiketi.com\\\/#\\\/schema\\\/logo\\\/image\\\/\"},\"sameAs\":[\"https:\\\/\\\/www.facebook.com\\\/TiketiCom\\\/\"]}]}<\/script>\n<!-- \/ Yoast SEO plugin. -->","yoast_head_json":{"title":"R\u00e9servation en ligne de Chisco Transport, billets de bus, itin\u00e9raires et tarifs","description":"Vous recherchez une r\u00e9servation en ligne Coast Bus, une application, des contacts, un itin\u00e9raire, un tarif et un horaire? R\u00e9servez d\u00e8s maintenant vos billets de bus en ligne Coast Bus et \u00e9conomisez","robots":{"index":"index","follow":"follow","max-snippet":"max-snippet:-1","max-image-preview":"max-image-preview:large","max-video-preview":"max-video-preview:-1"},"canonical":"https:\/\/tiketi.com\/fr-fr\/chisco-transport-bus\/","og_locale":"fr_FR","og_type":"article","og_title":"Chisco Transport Online Booking, Bus Tickets, Routes & Fares","og_description":"Looking for Coast Bus online booking, app, contacts, route, fare and schedule? Make a cheap Coast Bus online bus ticket booking now and save","og_url":"https:\/\/tiketi.com\/fr-fr\/chisco-transport-bus\/","og_site_name":"Tiketi.com","article_publisher":"https:\/\/www.facebook.com\/TiketiCom\/","article_modified_time":"2022-02-11T12:16:52+00:00","og_image":[{"width":1200,"height":206,"url":"https:\/\/tiketi.com\/wp-content\/uploads\/2022\/01\/bus-ticket-online-booking.jpg","type":"image\/jpeg"}],"twitter_card":"summary_large_image","twitter_misc":{"Dur\u00e9e de lecture estim\u00e9e":"2 minutes"},"schema":{"@context":"https:\/\/schema.org","@graph":[{"@type":"WebPage","@id":"https:\/\/tiketi.com\/chisco-transport-bus\/","url":"https:\/\/tiketi.com\/chisco-transport-bus\/","name":"R\u00e9servation en ligne de Chisco Transport, billets de bus, itin\u00e9raires et tarifs","isPartOf":{"@id":"https:\/\/tiketi.com\/#website"},"primaryImageOfPage":{"@id":"https:\/\/tiketi.com\/chisco-transport-bus\/#primaryimage"},"image":{"@id":"https:\/\/tiketi.com\/chisco-transport-bus\/#primaryimage"},"thumbnailUrl":"https:\/\/tiketi.com\/wp-content\/uploads\/2022\/01\/bus-ticket-online-booking.jpg","datePublished":"2022-01-19T11:54:31+00:00","dateModified":"2022-02-11T12:16:52+00:00","description":"Vous recherchez une r\u00e9servation en ligne Coast Bus, une application, des contacts, un itin\u00e9raire, un tarif et un horaire? R\u00e9servez d\u00e8s maintenant vos billets de bus en ligne Coast Bus et \u00e9conomisez","breadcrumb":{"@id":"https:\/\/tiketi.com\/chisco-transport-bus\/#breadcrumb"},"inLanguage":"fr-FR","potentialAction":[{"@type":"ReadAction","target":["https:\/\/tiketi.com\/chisco-transport-bus\/"]}]},{"@type":"ImageObject","inLanguage":"fr-FR","@id":"https:\/\/tiketi.com\/chisco-transport-bus\/#primaryimage","url":"https:\/\/tiketi.com\/wp-content\/uploads\/2022\/01\/bus-ticket-online-booking.jpg","contentUrl":"https:\/\/tiketi.com\/wp-content\/uploads\/2022\/01\/bus-ticket-online-booking.jpg","width":1200,"height":206,"caption":"Online Bus Ticket Booking"},{"@type":"BreadcrumbList","@id":"https:\/\/tiketi.com\/chisco-transport-bus\/#breadcrumb","itemListElement":[{"@type":"ListItem","position":1,"name":"Home","item":"https:\/\/tiketi.com\/"},{"@type":"ListItem","position":2,"name":"Chisco Transport Online Booking, Bus Tickets, Route &#038; Fare"}]},{"@type":"WebSite","@id":"https:\/\/tiketi.com\/#website","url":"https:\/\/tiketi.com\/","name":"Billets d&#039;avion et de bus, forfaits touristiques et activit\u00e9s - Tiketi.com","description":"Billets d&#039;avion et de bus, Tours, Activit\u00e9s","publisher":{"@id":"https:\/\/tiketi.com\/#organization"},"potentialAction":[{"@type":"SearchAction","target":{"@type":"EntryPoint","urlTemplate":"https:\/\/tiketi.com\/?s={search_term_string}"},"query-input":{"@type":"PropertyValueSpecification","valueRequired":true,"valueName":"search_term_string"}}],"inLanguage":"fr-FR"},{"@type":"Organization","@id":"https:\/\/tiketi.com\/#organization","name":"Tiketi.com","alternateName":"Tiketi","url":"https:\/\/tiketi.com\/","logo":{"@type":"ImageObject","inLanguage":"fr-FR","@id":"https:\/\/tiketi.com\/#\/schema\/logo\/image\/","url":"https:\/\/tiketi.com\/wp-content\/uploads\/2019\/05\/tiketi-logo-696.png","contentUrl":"https:\/\/tiketi.com\/wp-content\/uploads\/2019\/05\/tiketi-logo-696.png","width":696,"height":696,"caption":"Tiketi.com"},"image":{"@id":"https:\/\/tiketi.com\/#\/schema\/logo\/image\/"},"sameAs":["https:\/\/www.facebook.com\/TiketiCom\/"]}]}},"_links":{"self":[{"href":"https:\/\/tiketi.com\/fr-fr\/wp-json\/wp\/v2\/pages\/11336","targetHints":{"allow":["GET"]}}],"collection":[{"href":"https:\/\/tiketi.com\/fr-fr\/wp-json\/wp\/v2\/pages"}],"about":[{"href":"https:\/\/tiketi.com\/fr-fr\/wp-json\/wp\/v2\/types\/page"}],"author":[{"embeddable":true,"href":"https:\/\/tiketi.com\/fr-fr\/wp-json\/wp\/v2\/users\/1"}],"replies":[{"embeddable":true,"href":"https:\/\/tiketi.com\/fr-fr\/wp-json\/wp\/v2\/comments?post=11336"}],"version-history":[{"count":0,"href":"https:\/\/tiketi.com\/fr-fr\/wp-json\/wp\/v2\/pages\/11336\/revisions"}],"wp:featuredmedia":[{"embeddable":true,"href":"https:\/\/tiketi.com\/fr-fr\/wp-json\/wp\/v2\/media\/13999"}],"wp:attachment":[{"href":"https:\/\/tiketi.com\/fr-fr\/wp-json\/wp\/v2\/media?parent=11336"}],"curies":[{"name":"wp","href":"https:\/\/api.w.org\/{rel}","templated":true}]}}