{"id":11337,"date":"2022-01-19T12:54:31","date_gmt":"2022-01-19T11:54:31","guid":{"rendered":"https:\/\/new.tiketi.com\/edegbe-motors-online-booking-bus-tickets-reservation\/"},"modified":"2022-10-25T07:54:32","modified_gmt":"2022-10-25T06:54:32","slug":"edegbe-motors","status":"publish","type":"page","link":"https:\/\/tiketi.com\/fr-fr\/companies\/buses\/edegbe-motors\/","title":{"rendered":"R\u00e9servation en ligne Edegbe Motors, billets de bus, itin\u00e9raire et tarif"},"content":{"rendered":"<hr \/>\n<h2>Edegbe Motors Online Bus Ticket Booking<\/h2>\n<h3>Discover your travel route on web, mobile or app and book cheap Edegbe Motors bus tickets online.<\/h3>\n<p>Edegbe Motors online booking made easy. Edgebe Motors is a registered limited liability bus company carrying out the services of a vehicle sales and passenger transport business in Nigeria and the globe at large. We major on selling, marketing and servicing of Toyota Buses and cars.\u00a0So do Edegbe Motors online bus ticket booking now!<\/p>\n<h2>Edegbe Motors\u00a0Online Booking, Bus Tickets, Routes &amp; Fares\u00a0FAQs<\/h2>\n<h3>What are the famous the routes &amp; average fares covered by Edegbe Motors?<\/h3>\n<p>Edgebe Motors is the operator of Edgebe line and Edgebe line is at the front position of transportation business Benin City, Edo State, Nigeria rendering cheap transportation services to the globe using the best and executive vehicles like Toyota Hummer jeeps and buses like Escalade, Chevrolet, and GMC and Expedition.<\/p>\n<h3>What is the terminals, routes and contacts details of Edegbe Motors Buses?<\/h3>\n<p><strong>Delta Office<\/strong><br \/>\nAsaba Area Office<br \/>\nAsaba-Onitsha Express Way, Near The Petrol Station (Whiz Oil), Before The Head Bridge, Asaba, Delta State, Nigeria<\/p>\n<p><strong>Destinations we ply from this area:<\/strong><br \/>\nAsaba to Abuja, Benin, Lagos and Warri<\/p>\n<p><strong>Empire-Surulere Area Office<\/strong><br \/>\nPlot 15, Agege Motor Road, Surulere, Near Ojuelegba Bus Stop, Lagos State, Nigeria<\/p>\n<p><strong>Destination we ply from this area:<\/strong><br \/>\nLagos-Empire to Abuja, Asaba\/Onitsha, Benin and Warri<\/p>\n<p><strong>Maza Maza Area Office<\/strong><br \/>\nMaza Maza Bus Stop, Almost Opposite Festac First Gate Bus Stop, Lagos State, Nigeria<\/p>\n<p><strong>Destination we ply from this area:<\/strong><br \/>\nLagos-Maza Maza to Asaba\/Onitsha, Benin and Warri<\/p>\n<p><strong>Anambra Office<\/strong><br \/>\nOnitsha Area Office<br \/>\nOnitsha Main Park, Onitsha, Anambra State, Nigeria<\/p>\n<p><strong>Destinations we ply from this area:<\/strong><br \/>\nOnitsha\/Asaba to Abuja, Benin, Lagos and Warri<\/p>\n<p><strong>Edo Office<\/strong><br \/>\nBenin 1 (Uselu\/Ugbowo Head Office)<br \/>\nPlot 245, Ugbowo Lagos Road, Benin City, Edo State, Nigeria<\/p>\n<p><strong>Destinations we ply from this area:<\/strong><br \/>\nBenin to Lagos [Alaba Int&#8217;l Market,Ajah,Empire (Surulere),Iyana Ipaja, Maza Maza,Mile 2,Volks and Yaba]<\/p>\n<p><strong>Benin 2 (Mission Road Branch Office)<\/strong><br \/>\nPlot 89, Mission Road, by Dawson Junction, near Uyi Technical, Benin City, Edo State, Nigeria<\/p>\n<p><strong>Destination we ply from this area:<\/strong><br \/>\nBenin to Abuja, Asaba\/Onitsha, Lagos and<\/p>\n<h2>Edegbe Motors Online Bus Ticket Booking Tips<\/h2>\n<h3>Edegbe Motors\u00a0customer safety &amp; care<\/h3>\n<p>Bring your brother keeps is keeping yourself. They are within their customers, and they are a reflection of what they do. On this notion, they have carefully deploy professional staffs to their dedicated safety department, who routinely runs vehicle check and offer performance reports on it.<\/p>\n<p>Since the customers relaxation and safety occupy first priority place in their service delivery, they have entered a well equipped vehicle repairs and maintenance center service that runs a daily maintenance service on their vehicles to make sure all vehicles are in amazing situations before being deployed for operations because we are avid about your welfare.<\/p>\n","protected":false},"excerpt":{"rendered":"<p>Edegbe Motors Online Bus Ticket Booking Discover your travel route on web, mobile or app and book cheap Edegbe Motors bus tickets online. Edegbe Motors online booking made easy. Edgebe Motors is a registered limited liability bus company carrying out the services of a vehicle sales and passenger transport business in Nigeria and the globe [&hellip;]<\/p>\n","protected":false},"author":1,"featured_media":13999,"parent":25524,"menu_order":0,"comment_status":"open","ping_status":"closed","template":"template-home-modern.php","meta":{"footnotes":""},"class_list":["post-11337","page","type-page","status-publish","has-post-thumbnail","hentry"],"yoast_head":"<!-- This site is optimized with the Yoast SEO plugin v27.2 - https:\/\/yoast.com\/product\/yoast-seo-wordpress\/ -->\n<title>Edegbe Motors Online Booking, Bus Tickets, Route &amp; Fare<\/title>\n<meta name=\"description\" content=\"Looking for Edegbe Motors online booking, app, contacts, route, fare and schedule? Make a cheap Edegbe Motors online bus ticket booking now and save\" \/>\n<meta name=\"robots\" content=\"index, follow, max-snippet:-1, max-image-preview:large, max-video-preview:-1\" \/>\n<link rel=\"canonical\" href=\"https:\/\/tiketi.com\/fr-fr\/companies\/buses\/edegbe-motors\/\" \/>\n<meta property=\"og:locale\" content=\"fr_FR\" \/>\n<meta property=\"og:type\" content=\"article\" \/>\n<meta property=\"og:title\" content=\"Edegbe Motors Online Booking, Bus Tickets, Route &amp; Fare\" \/>\n<meta property=\"og:description\" content=\"Looking for Edegbe Motors online booking, app, contacts, route, fare and schedule? Make a cheap Edegbe Motors online bus ticket booking now and save\" \/>\n<meta property=\"og:url\" content=\"https:\/\/tiketi.com\/fr-fr\/companies\/buses\/edegbe-motors\/\" \/>\n<meta property=\"og:site_name\" content=\"Tiketi.com\" \/>\n<meta property=\"article:publisher\" content=\"https:\/\/www.facebook.com\/TiketiCom\/\" \/>\n<meta property=\"article:modified_time\" content=\"2022-10-25T06:54:32+00:00\" \/>\n<meta property=\"og:image\" content=\"https:\/\/tiketi.com\/wp-content\/uploads\/2022\/01\/bus-ticket-online-booking.jpg\" \/>\n\t<meta property=\"og:image:width\" content=\"1200\" \/>\n\t<meta property=\"og:image:height\" content=\"206\" \/>\n\t<meta property=\"og:image:type\" content=\"image\/jpeg\" \/>\n<meta name=\"twitter:card\" content=\"summary_large_image\" \/>\n<meta name=\"twitter:label1\" content=\"Dur\u00e9e de lecture estim\u00e9e\" \/>\n\t<meta name=\"twitter:data1\" content=\"3 minutes\" \/>\n<script type=\"application\/ld+json\" class=\"yoast-schema-graph\">{\"@context\":\"https:\/\/schema.org\",\"@graph\":[{\"@type\":\"WebPage\",\"@id\":\"https:\/\/tiketi.com\/companies\/buses\/edegbe-motors\/\",\"url\":\"https:\/\/tiketi.com\/companies\/buses\/edegbe-motors\/\",\"name\":\"Edegbe Motors Online Booking, Bus Tickets, Route & Fare\",\"isPartOf\":{\"@id\":\"https:\/\/tiketi.com\/#website\"},\"primaryImageOfPage\":{\"@id\":\"https:\/\/tiketi.com\/companies\/buses\/edegbe-motors\/#primaryimage\"},\"image\":{\"@id\":\"https:\/\/tiketi.com\/companies\/buses\/edegbe-motors\/#primaryimage\"},\"thumbnailUrl\":\"https:\/\/tiketi.com\/wp-content\/uploads\/2022\/01\/bus-ticket-online-booking.jpg\",\"datePublished\":\"2022-01-19T11:54:31+00:00\",\"dateModified\":\"2022-10-25T06:54:32+00:00\",\"description\":\"Looking for Edegbe Motors online booking, app, contacts, route, fare and schedule? Make a cheap Edegbe Motors online bus ticket booking now and save\",\"breadcrumb\":{\"@id\":\"https:\/\/tiketi.com\/companies\/buses\/edegbe-motors\/#breadcrumb\"},\"inLanguage\":\"fr-FR\",\"potentialAction\":[{\"@type\":\"ReadAction\",\"target\":[\"https:\/\/tiketi.com\/companies\/buses\/edegbe-motors\/\"]}]},{\"@type\":\"ImageObject\",\"inLanguage\":\"fr-FR\",\"@id\":\"https:\/\/tiketi.com\/companies\/buses\/edegbe-motors\/#primaryimage\",\"url\":\"https:\/\/tiketi.com\/wp-content\/uploads\/2022\/01\/bus-ticket-online-booking.jpg\",\"contentUrl\":\"https:\/\/tiketi.com\/wp-content\/uploads\/2022\/01\/bus-ticket-online-booking.jpg\",\"width\":1200,\"height\":206,\"caption\":\"Online Bus Ticket Booking\"},{\"@type\":\"BreadcrumbList\",\"@id\":\"https:\/\/tiketi.com\/companies\/buses\/edegbe-motors\/#breadcrumb\",\"itemListElement\":[{\"@type\":\"ListItem\",\"position\":1,\"name\":\"Home\",\"item\":\"https:\/\/tiketi.com\/\"},{\"@type\":\"ListItem\",\"position\":2,\"name\":\"Companies\",\"item\":\"https:\/\/tiketi.com\/companies\/\"},{\"@type\":\"ListItem\",\"position\":3,\"name\":\"Buses\",\"item\":\"https:\/\/tiketi.com\/companies\/buses\/\"},{\"@type\":\"ListItem\",\"position\":4,\"name\":\"Edegbe Motors Online Booking, Bus Tickets, Route &#038; Fare\"}]},{\"@type\":\"WebSite\",\"@id\":\"https:\/\/tiketi.com\/#website\",\"url\":\"https:\/\/tiketi.com\/\",\"name\":\"Flight & Bus Tickets, Tour Packages & Activitites - Tiketi.com\",\"description\":\"Flight &amp; Bus Tickets, Tours, Activitites\",\"publisher\":{\"@id\":\"https:\/\/tiketi.com\/#organization\"},\"potentialAction\":[{\"@type\":\"SearchAction\",\"target\":{\"@type\":\"EntryPoint\",\"urlTemplate\":\"https:\/\/tiketi.com\/?s={search_term_string}\"},\"query-input\":{\"@type\":\"PropertyValueSpecification\",\"valueRequired\":true,\"valueName\":\"search_term_string\"}}],\"inLanguage\":\"fr-FR\"},{\"@type\":\"Organization\",\"@id\":\"https:\/\/tiketi.com\/#organization\",\"name\":\"Tiketi.com\",\"alternateName\":\"Tiketi\",\"url\":\"https:\/\/tiketi.com\/\",\"logo\":{\"@type\":\"ImageObject\",\"inLanguage\":\"fr-FR\",\"@id\":\"https:\/\/tiketi.com\/#\/schema\/logo\/image\/\",\"url\":\"https:\/\/tiketi.com\/wp-content\/uploads\/2019\/05\/tiketi-logo-696.png\",\"contentUrl\":\"https:\/\/tiketi.com\/wp-content\/uploads\/2019\/05\/tiketi-logo-696.png\",\"width\":696,\"height\":696,\"caption\":\"Tiketi.com\"},\"image\":{\"@id\":\"https:\/\/tiketi.com\/#\/schema\/logo\/image\/\"},\"sameAs\":[\"https:\/\/www.facebook.com\/TiketiCom\/\"]}]}<\/script>\n<!-- \/ Yoast SEO plugin. -->","yoast_head_json":{"title":"R\u00e9servation en ligne Edegbe Motors, billets de bus, itin\u00e9raire et tarif","description":"Vous recherchez une r\u00e9servation en ligne Edegbe Motors, une application, des contacts, un itin\u00e9raire, un tarif et un horaire\u00a0? R\u00e9servez d\u00e8s maintenant vos billets de bus en ligne Edegbe Motors et \u00e9conomisez","robots":{"index":"index","follow":"follow","max-snippet":"max-snippet:-1","max-image-preview":"max-image-preview:large","max-video-preview":"max-video-preview:-1"},"canonical":"https:\/\/tiketi.com\/fr-fr\/companies\/buses\/edegbe-motors\/","og_locale":"fr_FR","og_type":"article","og_title":"Edegbe Motors Online Booking, Bus Tickets, Route & Fare","og_description":"Looking for Edegbe Motors online booking, app, contacts, route, fare and schedule? Make a cheap Edegbe Motors online bus ticket booking now and save","og_url":"https:\/\/tiketi.com\/fr-fr\/companies\/buses\/edegbe-motors\/","og_site_name":"Tiketi.com","article_publisher":"https:\/\/www.facebook.com\/TiketiCom\/","article_modified_time":"2022-10-25T06:54:32+00:00","og_image":[{"width":1200,"height":206,"url":"https:\/\/tiketi.com\/wp-content\/uploads\/2022\/01\/bus-ticket-online-booking.jpg","type":"image\/jpeg"}],"twitter_card":"summary_large_image","twitter_misc":{"Dur\u00e9e de lecture estim\u00e9e":"3 minutes"},"schema":{"@context":"https:\/\/schema.org","@graph":[{"@type":"WebPage","@id":"https:\/\/tiketi.com\/companies\/buses\/edegbe-motors\/","url":"https:\/\/tiketi.com\/companies\/buses\/edegbe-motors\/","name":"R\u00e9servation en ligne Edegbe Motors, billets de bus, itin\u00e9raire et tarif","isPartOf":{"@id":"https:\/\/tiketi.com\/#website"},"primaryImageOfPage":{"@id":"https:\/\/tiketi.com\/companies\/buses\/edegbe-motors\/#primaryimage"},"image":{"@id":"https:\/\/tiketi.com\/companies\/buses\/edegbe-motors\/#primaryimage"},"thumbnailUrl":"https:\/\/tiketi.com\/wp-content\/uploads\/2022\/01\/bus-ticket-online-booking.jpg","datePublished":"2022-01-19T11:54:31+00:00","dateModified":"2022-10-25T06:54:32+00:00","description":"Vous recherchez une r\u00e9servation en ligne Edegbe Motors, une application, des contacts, un itin\u00e9raire, un tarif et un horaire\u00a0? R\u00e9servez d\u00e8s maintenant vos billets de bus en ligne Edegbe Motors et \u00e9conomisez","breadcrumb":{"@id":"https:\/\/tiketi.com\/companies\/buses\/edegbe-motors\/#breadcrumb"},"inLanguage":"fr-FR","potentialAction":[{"@type":"ReadAction","target":["https:\/\/tiketi.com\/companies\/buses\/edegbe-motors\/"]}]},{"@type":"ImageObject","inLanguage":"fr-FR","@id":"https:\/\/tiketi.com\/companies\/buses\/edegbe-motors\/#primaryimage","url":"https:\/\/tiketi.com\/wp-content\/uploads\/2022\/01\/bus-ticket-online-booking.jpg","contentUrl":"https:\/\/tiketi.com\/wp-content\/uploads\/2022\/01\/bus-ticket-online-booking.jpg","width":1200,"height":206,"caption":"Online Bus Ticket Booking"},{"@type":"BreadcrumbList","@id":"https:\/\/tiketi.com\/companies\/buses\/edegbe-motors\/#breadcrumb","itemListElement":[{"@type":"ListItem","position":1,"name":"Home","item":"https:\/\/tiketi.com\/"},{"@type":"ListItem","position":2,"name":"Companies","item":"https:\/\/tiketi.com\/companies\/"},{"@type":"ListItem","position":3,"name":"Buses","item":"https:\/\/tiketi.com\/companies\/buses\/"},{"@type":"ListItem","position":4,"name":"Edegbe Motors Online Booking, Bus Tickets, Route &#038; Fare"}]},{"@type":"WebSite","@id":"https:\/\/tiketi.com\/#website","url":"https:\/\/tiketi.com\/","name":"Billets d&#039;avion et de bus, forfaits touristiques et activit\u00e9s - Tiketi.com","description":"Billets d&#039;avion et de bus, Tours, Activit\u00e9s","publisher":{"@id":"https:\/\/tiketi.com\/#organization"},"potentialAction":[{"@type":"SearchAction","target":{"@type":"EntryPoint","urlTemplate":"https:\/\/tiketi.com\/?s={search_term_string}"},"query-input":{"@type":"PropertyValueSpecification","valueRequired":true,"valueName":"search_term_string"}}],"inLanguage":"fr-FR"},{"@type":"Organization","@id":"https:\/\/tiketi.com\/#organization","name":"Tiketi.com","alternateName":"Tiketi","url":"https:\/\/tiketi.com\/","logo":{"@type":"ImageObject","inLanguage":"fr-FR","@id":"https:\/\/tiketi.com\/#\/schema\/logo\/image\/","url":"https:\/\/tiketi.com\/wp-content\/uploads\/2019\/05\/tiketi-logo-696.png","contentUrl":"https:\/\/tiketi.com\/wp-content\/uploads\/2019\/05\/tiketi-logo-696.png","width":696,"height":696,"caption":"Tiketi.com"},"image":{"@id":"https:\/\/tiketi.com\/#\/schema\/logo\/image\/"},"sameAs":["https:\/\/www.facebook.com\/TiketiCom\/"]}]}},"_links":{"self":[{"href":"https:\/\/tiketi.com\/fr-fr\/wp-json\/wp\/v2\/pages\/11337","targetHints":{"allow":["GET"]}}],"collection":[{"href":"https:\/\/tiketi.com\/fr-fr\/wp-json\/wp\/v2\/pages"}],"about":[{"href":"https:\/\/tiketi.com\/fr-fr\/wp-json\/wp\/v2\/types\/page"}],"author":[{"embeddable":true,"href":"https:\/\/tiketi.com\/fr-fr\/wp-json\/wp\/v2\/users\/1"}],"replies":[{"embeddable":true,"href":"https:\/\/tiketi.com\/fr-fr\/wp-json\/wp\/v2\/comments?post=11337"}],"version-history":[{"count":0,"href":"https:\/\/tiketi.com\/fr-fr\/wp-json\/wp\/v2\/pages\/11337\/revisions"}],"up":[{"embeddable":true,"href":"https:\/\/tiketi.com\/fr-fr\/wp-json\/wp\/v2\/pages\/25524"}],"wp:featuredmedia":[{"embeddable":true,"href":"https:\/\/tiketi.com\/fr-fr\/wp-json\/wp\/v2\/media\/13999"}],"wp:attachment":[{"href":"https:\/\/tiketi.com\/fr-fr\/wp-json\/wp\/v2\/media?parent=11337"}],"curies":[{"name":"wp","href":"https:\/\/api.w.org\/{rel}","templated":true}]}}