{"id":11339,"date":"2022-01-19T12:54:31","date_gmt":"2022-01-19T11:54:31","guid":{"rendered":"https:\/\/new.tiketi.com\/iyare-motors-online-booking-bus-tickets-reservation\/"},"modified":"2022-02-16T10:50:33","modified_gmt":"2022-02-16T09:50:33","slug":"lyare-motors-bus","status":"publish","type":"page","link":"https:\/\/tiketi.com\/fr-fr\/lyare-motors-bus\/","title":{"rendered":"R\u00e9servation en ligne Iyare Motors, billets de bus, itin\u00e9raire, horaires et tarifs"},"content":{"rendered":"<h2>R\u00e9servation de billets de bus en ligne Iyare Motors<\/h2>\n<h3>D\u00e9couvrez votre itin\u00e9raire de voyage sur le web, le mobile ou l&#039;application et r\u00e9servez d\u00e8s maintenant en ligne des billets de bus Iyare Motors pas chers.<\/h3>\n<p>La r\u00e9servation en ligne d&#039;Iyare Motors en toute simplicit\u00e9. Lyare Motors Nigeria limited est l&#039;une des meilleures soci\u00e9t\u00e9s de transport routier au Nigeria. La compagnie de bus existe depuis des ann\u00e9es et sert efficacement ses clients. Leurs grandes routes vont de Lagos au B\u00e9nin et du B\u00e9nin \u00e0 Lagos. Lyare motors Nigeria limited a gagn\u00e9 son statut au fil du temps en fournissant un service incroyable et coh\u00e9rent. Cette soci\u00e9t\u00e9 propose \u00e9galement un service de r\u00e9servation de billets de bus en ligne. Il en va de m\u00eame pour la r\u00e9servation de billets de bus en ligne Iyare Motors d\u00e8s maintenant !<\/p>\n<h2>Iyare Motors R\u00e9servation en ligne, billets de bus, FAQ sur les itin\u00e9raires, les horaires et les tarifs<\/h2>\n<h3>Quels sont les c\u00e9l\u00e8bres itin\u00e9raires et tarifs moyens couverts par Iyare Motors ?<\/h3>\n<p>\u2022 Abuja \u00e0 Onitsha\/Asaba, B\u00e9nin, Lagons et Warri<br \/>\n\u2022 Asaba \u00e0 Abuja, B\u00e9nin, Lagos et Warri<br \/>\n\u2022 Onitsha\/Asaba vers Abuja, B\u00e9nin, Lagos et Warri<br \/>\n\u2022 Warri \u00e0 Abuja, Onitsha\/Asaba, B\u00e9nin et Port Harcourt<br \/>\n\u2022 B\u00e9nin \u00e0 Abuja, Onitsha\/Asaba, Lagos et Warri<br \/>\n\u2022 Lagos \u2013 Emire \u00e0 Abuja, Onitsha\/Asaba, B\u00e9nin et Warri<br \/>\n\u2022 Lagos \u2013 Ajah \u00e0 Abuja, Asaba\/Onitsha, Benina et Warri<br \/>\n\u2022 Lagos-Mile 2 vers Onitsha\/Asaba, B\u00e9nin et Warri<br \/>\n\u2022 Lagos \u2013 Maza Maza \u00e0 Onitsha\/Asaba, B\u00e9nin et Warri<br \/>\n\u2022 Lagos \u2013 Yaba \u00e0 Asaba\/Onitsha, B\u00e9nin et Warri<br \/>\n\u2022 Lagos-Volks vers Onitsha\/Asaba, B\u00e9nin et Warri<\/p>\n<h3>Flotte Iyare Motors<\/h3>\n<p>Leur gare routi\u00e8re dispose \u00e9galement d&#039;installations ultramodernes telles que des toilettes, du Wi-Fi et des espaces pour garder les bagages des passagers. Ils offrent \u00e9galement d&#039;autres services tels que des services de messagerie, des services de location de soins, de transport et de location, des services de transport inter-\u00c9tats, des services interurbains et des services intra-\u00c9tats. Lyare Motors Nigeria limited se vante d&#039;une \u00e9quipe professionnelle de chauffeurs, d&#039;un service client, d&#039;une administration, d&#039;agents de r\u00e9servation et d&#039;un personnel de maintenance pour garantir les normes les plus \u00e9lev\u00e9es de service client.<\/p>\n<h3>Quelles sont les coordonn\u00e9es de Iyare Motors Buses ?<\/h3>\n<p>Lyare motors Nigeria limit\u00e9e<\/p>\n<p>Adresse : 25, rue Urubi<br \/>\nLocalit\u00e9 : B\u00e9nin<br \/>\nR\u00e9gion\/Ville\u00a0: Edo<br \/>\n\u00c9tat : \u00c9tat d&#039;Edo<br \/>\nNum\u00e9ro de t\u00e9l\u00e9phone : 7086561145<\/p>\n<p>Groupe d&#039;entreprises Iyare Motors<br \/>\n51, route d&#039;Ikorodu<br \/>\nFadeyi, Lagos continentale, \u00c9tat de Lagos Nig\u00e9ria<\/p>\n<h2>Conseils de r\u00e9servation de billets de bus en ligne Iyare Motors<\/h2>\n<p>Avec de nombreuses ann\u00e9es d&#039;exp\u00e9rience et un v\u00e9ritable souci de la satisfaction de la client\u00e8le, vous pouvez leur faire confiance pour vos besoins de transport. Ils offrent un service expert pour les clients commerciaux et priv\u00e9s.<\/p>","protected":false},"excerpt":{"rendered":"<p>Iyare Motors Online Bus Ticket Booking Discover your travel route on web, mobile or app and book cheap Iyare Motors bus tickets online now. Iyare Motors\u00a0online booking made easy. Lyare Motors Nigeria limited is one of the best road transport companies in Nigeria. The bus company has been around for years, serving customers effectively. Their [&hellip;]<\/p>\n","protected":false},"author":1,"featured_media":13999,"parent":0,"menu_order":0,"comment_status":"open","ping_status":"closed","template":"template-home-modern.php","meta":{"footnotes":""},"class_list":["post-11339","page","type-page","status-publish","has-post-thumbnail","hentry"],"yoast_head":"<!-- This site is optimized with the Yoast SEO plugin v27.5 - https:\/\/yoast.com\/product\/yoast-seo-wordpress\/ -->\n<title>Iyare Motors Online Booking, Bus Tickets, Route, Schedule &amp; Fare<\/title>\n<meta name=\"description\" content=\"Looking for Iyare Motors online booking? Make a cheap Iyare Motors online bus ticket booking online now and save time and money!\" \/>\n<meta name=\"robots\" content=\"index, follow, max-snippet:-1, max-image-preview:large, max-video-preview:-1\" \/>\n<link rel=\"canonical\" href=\"https:\/\/tiketi.com\/fr-fr\/lyare-motors-bus\/\" \/>\n<meta property=\"og:locale\" content=\"fr_FR\" \/>\n<meta property=\"og:type\" content=\"article\" \/>\n<meta property=\"og:title\" content=\"Iyare Motors Online Booking, Bus Tickets, Route, Schedule &amp; Fare\" \/>\n<meta property=\"og:description\" content=\"Looking for Iyare Motors online booking? Make a cheap Iyare Motors online bus ticket booking online now and save time and money!\" \/>\n<meta property=\"og:url\" content=\"https:\/\/tiketi.com\/fr-fr\/lyare-motors-bus\/\" \/>\n<meta property=\"og:site_name\" content=\"Tiketi.com\" \/>\n<meta property=\"article:publisher\" content=\"https:\/\/www.facebook.com\/TiketiCom\/\" \/>\n<meta property=\"article:modified_time\" content=\"2022-02-16T09:50:33+00:00\" \/>\n<meta property=\"og:image\" content=\"https:\/\/tiketi.com\/wp-content\/uploads\/2022\/01\/bus-ticket-online-booking.jpg\" \/>\n\t<meta property=\"og:image:width\" content=\"1200\" \/>\n\t<meta property=\"og:image:height\" content=\"206\" \/>\n\t<meta property=\"og:image:type\" content=\"image\/jpeg\" \/>\n<meta name=\"twitter:card\" content=\"summary_large_image\" \/>\n<meta name=\"twitter:label1\" content=\"Dur\u00e9e de lecture estim\u00e9e\" \/>\n\t<meta name=\"twitter:data1\" content=\"2 minutes\" \/>\n<script type=\"application\/ld+json\" class=\"yoast-schema-graph\">{\"@context\":\"https:\\\/\\\/schema.org\",\"@graph\":[{\"@type\":\"WebPage\",\"@id\":\"https:\\\/\\\/tiketi.com\\\/lyare-motors-bus\\\/\",\"url\":\"https:\\\/\\\/tiketi.com\\\/lyare-motors-bus\\\/\",\"name\":\"Iyare Motors Online Booking, Bus Tickets, Route, Schedule & Fare\",\"isPartOf\":{\"@id\":\"https:\\\/\\\/tiketi.com\\\/#website\"},\"primaryImageOfPage\":{\"@id\":\"https:\\\/\\\/tiketi.com\\\/lyare-motors-bus\\\/#primaryimage\"},\"image\":{\"@id\":\"https:\\\/\\\/tiketi.com\\\/lyare-motors-bus\\\/#primaryimage\"},\"thumbnailUrl\":\"https:\\\/\\\/tiketi.com\\\/wp-content\\\/uploads\\\/2022\\\/01\\\/bus-ticket-online-booking.jpg\",\"datePublished\":\"2022-01-19T11:54:31+00:00\",\"dateModified\":\"2022-02-16T09:50:33+00:00\",\"description\":\"Looking for Iyare Motors online booking? Make a cheap Iyare Motors online bus ticket booking online now and save time and money!\",\"breadcrumb\":{\"@id\":\"https:\\\/\\\/tiketi.com\\\/lyare-motors-bus\\\/#breadcrumb\"},\"inLanguage\":\"fr-FR\",\"potentialAction\":[{\"@type\":\"ReadAction\",\"target\":[\"https:\\\/\\\/tiketi.com\\\/lyare-motors-bus\\\/\"]}]},{\"@type\":\"ImageObject\",\"inLanguage\":\"fr-FR\",\"@id\":\"https:\\\/\\\/tiketi.com\\\/lyare-motors-bus\\\/#primaryimage\",\"url\":\"https:\\\/\\\/tiketi.com\\\/wp-content\\\/uploads\\\/2022\\\/01\\\/bus-ticket-online-booking.jpg\",\"contentUrl\":\"https:\\\/\\\/tiketi.com\\\/wp-content\\\/uploads\\\/2022\\\/01\\\/bus-ticket-online-booking.jpg\",\"width\":1200,\"height\":206,\"caption\":\"Online Bus Ticket Booking\"},{\"@type\":\"BreadcrumbList\",\"@id\":\"https:\\\/\\\/tiketi.com\\\/lyare-motors-bus\\\/#breadcrumb\",\"itemListElement\":[{\"@type\":\"ListItem\",\"position\":1,\"name\":\"Home\",\"item\":\"https:\\\/\\\/tiketi.com\\\/\"},{\"@type\":\"ListItem\",\"position\":2,\"name\":\"Iyare Motors Online Booking, Bus Tickets, Route, Schedule &#038; Fare\"}]},{\"@type\":\"WebSite\",\"@id\":\"https:\\\/\\\/tiketi.com\\\/#website\",\"url\":\"https:\\\/\\\/tiketi.com\\\/\",\"name\":\"Flight & Bus Tickets, Tour Packages & Activitites - Tiketi.com\",\"description\":\"Flight &amp; Bus Tickets, Tours, Activitites\",\"publisher\":{\"@id\":\"https:\\\/\\\/tiketi.com\\\/#organization\"},\"potentialAction\":[{\"@type\":\"SearchAction\",\"target\":{\"@type\":\"EntryPoint\",\"urlTemplate\":\"https:\\\/\\\/tiketi.com\\\/?s={search_term_string}\"},\"query-input\":{\"@type\":\"PropertyValueSpecification\",\"valueRequired\":true,\"valueName\":\"search_term_string\"}}],\"inLanguage\":\"fr-FR\"},{\"@type\":\"Organization\",\"@id\":\"https:\\\/\\\/tiketi.com\\\/#organization\",\"name\":\"Tiketi.com\",\"alternateName\":\"Tiketi\",\"url\":\"https:\\\/\\\/tiketi.com\\\/\",\"logo\":{\"@type\":\"ImageObject\",\"inLanguage\":\"fr-FR\",\"@id\":\"https:\\\/\\\/tiketi.com\\\/#\\\/schema\\\/logo\\\/image\\\/\",\"url\":\"https:\\\/\\\/tiketi.com\\\/wp-content\\\/uploads\\\/2019\\\/05\\\/tiketi-logo-696.png\",\"contentUrl\":\"https:\\\/\\\/tiketi.com\\\/wp-content\\\/uploads\\\/2019\\\/05\\\/tiketi-logo-696.png\",\"width\":696,\"height\":696,\"caption\":\"Tiketi.com\"},\"image\":{\"@id\":\"https:\\\/\\\/tiketi.com\\\/#\\\/schema\\\/logo\\\/image\\\/\"},\"sameAs\":[\"https:\\\/\\\/www.facebook.com\\\/TiketiCom\\\/\"]}]}<\/script>\n<!-- \/ Yoast SEO plugin. -->","yoast_head_json":{"title":"R\u00e9servation en ligne Iyare Motors, billets de bus, itin\u00e9raire, horaires et tarifs","description":"Vous recherchez une r\u00e9servation en ligne Iyare Motors? R\u00e9servez d\u00e8s maintenant vos billets de bus en ligne Iyare Motors \u00e0 bas prix et \u00e9conomisez du temps et de l&#039;argent !","robots":{"index":"index","follow":"follow","max-snippet":"max-snippet:-1","max-image-preview":"max-image-preview:large","max-video-preview":"max-video-preview:-1"},"canonical":"https:\/\/tiketi.com\/fr-fr\/lyare-motors-bus\/","og_locale":"fr_FR","og_type":"article","og_title":"Iyare Motors Online Booking, Bus Tickets, Route, Schedule & Fare","og_description":"Looking for Iyare Motors online booking? Make a cheap Iyare Motors online bus ticket booking online now and save time and money!","og_url":"https:\/\/tiketi.com\/fr-fr\/lyare-motors-bus\/","og_site_name":"Tiketi.com","article_publisher":"https:\/\/www.facebook.com\/TiketiCom\/","article_modified_time":"2022-02-16T09:50:33+00:00","og_image":[{"width":1200,"height":206,"url":"https:\/\/tiketi.com\/wp-content\/uploads\/2022\/01\/bus-ticket-online-booking.jpg","type":"image\/jpeg"}],"twitter_card":"summary_large_image","twitter_misc":{"Dur\u00e9e de lecture estim\u00e9e":"2 minutes"},"schema":{"@context":"https:\/\/schema.org","@graph":[{"@type":"WebPage","@id":"https:\/\/tiketi.com\/lyare-motors-bus\/","url":"https:\/\/tiketi.com\/lyare-motors-bus\/","name":"R\u00e9servation en ligne Iyare Motors, billets de bus, itin\u00e9raire, horaires et tarifs","isPartOf":{"@id":"https:\/\/tiketi.com\/#website"},"primaryImageOfPage":{"@id":"https:\/\/tiketi.com\/lyare-motors-bus\/#primaryimage"},"image":{"@id":"https:\/\/tiketi.com\/lyare-motors-bus\/#primaryimage"},"thumbnailUrl":"https:\/\/tiketi.com\/wp-content\/uploads\/2022\/01\/bus-ticket-online-booking.jpg","datePublished":"2022-01-19T11:54:31+00:00","dateModified":"2022-02-16T09:50:33+00:00","description":"Vous recherchez une r\u00e9servation en ligne Iyare Motors? R\u00e9servez d\u00e8s maintenant vos billets de bus en ligne Iyare Motors \u00e0 bas prix et \u00e9conomisez du temps et de l&#039;argent !","breadcrumb":{"@id":"https:\/\/tiketi.com\/lyare-motors-bus\/#breadcrumb"},"inLanguage":"fr-FR","potentialAction":[{"@type":"ReadAction","target":["https:\/\/tiketi.com\/lyare-motors-bus\/"]}]},{"@type":"ImageObject","inLanguage":"fr-FR","@id":"https:\/\/tiketi.com\/lyare-motors-bus\/#primaryimage","url":"https:\/\/tiketi.com\/wp-content\/uploads\/2022\/01\/bus-ticket-online-booking.jpg","contentUrl":"https:\/\/tiketi.com\/wp-content\/uploads\/2022\/01\/bus-ticket-online-booking.jpg","width":1200,"height":206,"caption":"Online Bus Ticket Booking"},{"@type":"BreadcrumbList","@id":"https:\/\/tiketi.com\/lyare-motors-bus\/#breadcrumb","itemListElement":[{"@type":"ListItem","position":1,"name":"Home","item":"https:\/\/tiketi.com\/"},{"@type":"ListItem","position":2,"name":"Iyare Motors Online Booking, Bus Tickets, Route, Schedule &#038; Fare"}]},{"@type":"WebSite","@id":"https:\/\/tiketi.com\/#website","url":"https:\/\/tiketi.com\/","name":"Billets d&#039;avion et de bus, forfaits touristiques et activit\u00e9s - Tiketi.com","description":"Billets d&#039;avion et de bus, Tours, Activit\u00e9s","publisher":{"@id":"https:\/\/tiketi.com\/#organization"},"potentialAction":[{"@type":"SearchAction","target":{"@type":"EntryPoint","urlTemplate":"https:\/\/tiketi.com\/?s={search_term_string}"},"query-input":{"@type":"PropertyValueSpecification","valueRequired":true,"valueName":"search_term_string"}}],"inLanguage":"fr-FR"},{"@type":"Organization","@id":"https:\/\/tiketi.com\/#organization","name":"Tiketi.com","alternateName":"Tiketi","url":"https:\/\/tiketi.com\/","logo":{"@type":"ImageObject","inLanguage":"fr-FR","@id":"https:\/\/tiketi.com\/#\/schema\/logo\/image\/","url":"https:\/\/tiketi.com\/wp-content\/uploads\/2019\/05\/tiketi-logo-696.png","contentUrl":"https:\/\/tiketi.com\/wp-content\/uploads\/2019\/05\/tiketi-logo-696.png","width":696,"height":696,"caption":"Tiketi.com"},"image":{"@id":"https:\/\/tiketi.com\/#\/schema\/logo\/image\/"},"sameAs":["https:\/\/www.facebook.com\/TiketiCom\/"]}]}},"_links":{"self":[{"href":"https:\/\/tiketi.com\/fr-fr\/wp-json\/wp\/v2\/pages\/11339","targetHints":{"allow":["GET"]}}],"collection":[{"href":"https:\/\/tiketi.com\/fr-fr\/wp-json\/wp\/v2\/pages"}],"about":[{"href":"https:\/\/tiketi.com\/fr-fr\/wp-json\/wp\/v2\/types\/page"}],"author":[{"embeddable":true,"href":"https:\/\/tiketi.com\/fr-fr\/wp-json\/wp\/v2\/users\/1"}],"replies":[{"embeddable":true,"href":"https:\/\/tiketi.com\/fr-fr\/wp-json\/wp\/v2\/comments?post=11339"}],"version-history":[{"count":0,"href":"https:\/\/tiketi.com\/fr-fr\/wp-json\/wp\/v2\/pages\/11339\/revisions"}],"wp:featuredmedia":[{"embeddable":true,"href":"https:\/\/tiketi.com\/fr-fr\/wp-json\/wp\/v2\/media\/13999"}],"wp:attachment":[{"href":"https:\/\/tiketi.com\/fr-fr\/wp-json\/wp\/v2\/media?parent=11339"}],"curies":[{"name":"wp","href":"https:\/\/api.w.org\/{rel}","templated":true}]}}