{"id":11340,"date":"2022-01-19T12:54:31","date_gmt":"2022-01-19T11:54:31","guid":{"rendered":"https:\/\/new.tiketi.com\/ifesinachi-transport-online-booking-bus-tickets-reservation\/"},"modified":"2022-02-15T13:36:07","modified_gmt":"2022-02-15T12:36:07","slug":"ifesinachi-transport-bus","status":"publish","type":"page","link":"https:\/\/tiketi.com\/fr-fr\/ifesinachi-transport-bus\/","title":{"rendered":"Ifesinachi Transport R\u00e9servation en ligne, billets de bus, itin\u00e9raire, horaires et tarifs"},"content":{"rendered":"<h2>Ifesinachi Transport R\u00e9servation de billets de bus en ligne<\/h2>\n<h3>D\u00e9couvrez votre itin\u00e9raire de voyage sur le web, le mobile ou l&#039;application et r\u00e9servez en ligne d\u00e8s maintenant des billets de bus Ifesinachi Transport pas chers.<\/h3>\n<p>Ifesinachi Transport r\u00e9servation en ligne facile. Ifesinachi industries Nigeria limited est une soci\u00e9t\u00e9 de bus priv\u00e9e \u00e0 responsabilit\u00e9 limit\u00e9e avec de grands int\u00e9r\u00eats dans le transport, la fabrication d&#039;huile v\u00e9g\u00e9tale et la commercialisation du p\u00e9trole. La soci\u00e9t\u00e9 a \u00e9t\u00e9 fond\u00e9e en 1972 par HRM IGWE james Ogbonna Mamah et a \u00e9t\u00e9 constitu\u00e9e le 4 f\u00e9vrier 1981 en tant que soci\u00e9t\u00e9 \u00e0 responsabilit\u00e9 limit\u00e9e. Il en va de m\u00eame pour la r\u00e9servation de billets de bus en ligne Ifesinachi Transport maintenant!<\/p>\n<h2>FAQ sur la r\u00e9servation en ligne d&#039;Ifesinachi Transport<\/h2>\n<h3>Quels sont les c\u00e9l\u00e8bres itin\u00e9raires couverts par Ifesinachi Transport ?<\/h3>\n<p>\u2022 Lagos \u00e0 Kaduna<br \/>\n\u2022 Kaduna \u00e0 Knugu<br \/>\n\u2022 Oweri \u00e0 Kaduna via Aba<br \/>\n\u2022 Kaduna \u00e0 Oweri via Osha<br \/>\n\u2022 Kaduna \u00e0 Port Harcourt<br \/>\n\u2022 Lagos \u00e0 Enugu via Nsukka<br \/>\n\u2022 Lagos \u00e0 Abuja<br \/>\n\u2022 Lagos \u00e0 Awka<br \/>\n\u2022 Aba \u00e0 Lagos<br \/>\n\u2022 Lagos \u00e0 Port Harcourt<br \/>\n\u2022 Utako \u00e0 Lagos<\/p>\n<h3>Enfants<\/h3>\n<p>Nous nous soucions de la s\u00e9curit\u00e9 des enfants et avons offert une r\u00e9duction massive de 30 % lorsque vous effectuez des r\u00e9servations pour enfants en ligne et de 30 % lorsque vous effectuez des r\u00e9servations au comptoir. Cependant, veuillez noter ce qui suit\u00a0;<\/p>\n<h3>Tarif enfant Ifesinachi Transport<\/h3>\n<p>1. Le tarif enfant s&#039;applique uniquement aux enfants \u00e2g\u00e9s de 2 \u00e0 10 ans.<br \/>\n2. Les enfants de cette tranche d&#039;\u00e2ge ne peuvent pas voyager sans \u00eatre accompagn\u00e9s d&#039;un adulte.<br \/>\n3. Le tarif enfant peut uniquement \u00eatre appr\u00e9ci\u00e9 sur pr\u00e9sentation d&#039;une photocopie d&#039;un moyen d&#039;identification valide pour l&#039;enfant.<br \/>\n4. Le transport Ifesinachi n&#039;acceptera pas de r\u00e9servations ou n&#039;offrira pas de transport pour les enfants non accompagn\u00e9s de moins de seize ans pour tout itin\u00e9raire.<\/p>\n<h3>Quelles sont les coordonn\u00e9es de Ifesinachi Transport Buses ?<\/h3>\n<p>TERMINAUX DE TRANSPORT<\/p>\n<p>LAGOS : 2\/4 Ikorodu Road, Jibowu, Yaba<\/p>\n<p>ABAKALIKI\u00a0: 6, route d&#039;Ogoja,<\/p>\n<p>ENUGU\u00a0: 12, avenue Okpara<\/p>\n<p>PH 114, chemin Ikwere<\/p>\n<p>JOS\u00a0: T1, Jubil\u00e9 Jenta, Jos<\/p>\n<p>MARKURDI : 90 Gboko Road, rond-point Wurukum<\/p>\n<p>ABA\u00a0: 15, chemin Milverton<\/p>\n<p>OWERRI\u00a0: 14, chemin Douglas<\/p>\n<h2>Ifesinachi Transport Conseils de r\u00e9servation de billets de bus en ligne<\/h2>\n<p>Cette soci\u00e9t\u00e9 est un leader dans le secteur des transports au Nig\u00e9ria avec plus de trente ans d&#039;exp\u00e9rience dans les op\u00e9rations de transport routier et la gestion.<\/p>","protected":false},"excerpt":{"rendered":"<p>Ifesinachi Transport Online Bus Ticket Booking Discover your travel route on web, mobile or app and book cheap Ifesinachi Transport bus tickets online now. Ifesinachi Transport online booking made easy.\u00a0Ifesinachi industries Nigeria limited is a private limited liability bus company with big interests in Transportation, Vegetable Oil Manufacturing and Petroleum Marketing. The company was founded [&hellip;]<\/p>\n","protected":false},"author":1,"featured_media":13999,"parent":0,"menu_order":0,"comment_status":"open","ping_status":"closed","template":"template-home-modern.php","meta":{"footnotes":""},"class_list":["post-11340","page","type-page","status-publish","has-post-thumbnail","hentry"],"yoast_head":"<!-- This site is optimized with the Yoast SEO plugin v27.2 - https:\/\/yoast.com\/product\/yoast-seo-wordpress\/ -->\n<title>Ifesinachi Transport Online Booking, Bus Tickets, Route, Schedule &amp; Fare<\/title>\n<meta name=\"description\" content=\"Looking for Ifesinachi Transport online booking, app, tickets, route, schedule &amp; fare? Make a cheap Ifesinachi Transport online bus ticket booking online\" \/>\n<meta name=\"robots\" content=\"index, follow, max-snippet:-1, max-image-preview:large, max-video-preview:-1\" \/>\n<link rel=\"canonical\" href=\"https:\/\/tiketi.com\/fr-fr\/ifesinachi-transport-bus\/\" \/>\n<meta property=\"og:locale\" content=\"fr_FR\" \/>\n<meta property=\"og:type\" content=\"article\" \/>\n<meta property=\"og:title\" content=\"Ifesinachi Transport Online Booking, Bus Tickets, Route, Schedule &amp; Fare\" \/>\n<meta property=\"og:description\" content=\"Looking for Ifesinachi Transport online booking, app, tickets, route, schedule &amp; fare? Make a cheap Ifesinachi Transport online bus ticket booking online\" \/>\n<meta property=\"og:url\" content=\"https:\/\/tiketi.com\/fr-fr\/ifesinachi-transport-bus\/\" \/>\n<meta property=\"og:site_name\" content=\"Tiketi.com\" \/>\n<meta property=\"article:publisher\" content=\"https:\/\/www.facebook.com\/TiketiCom\/\" \/>\n<meta property=\"article:modified_time\" content=\"2022-02-15T12:36:07+00:00\" \/>\n<meta property=\"og:image\" content=\"https:\/\/tiketi.com\/wp-content\/uploads\/2022\/01\/bus-ticket-online-booking.jpg\" \/>\n\t<meta property=\"og:image:width\" content=\"1200\" \/>\n\t<meta property=\"og:image:height\" content=\"206\" \/>\n\t<meta property=\"og:image:type\" content=\"image\/jpeg\" \/>\n<meta name=\"twitter:card\" content=\"summary_large_image\" \/>\n<meta name=\"twitter:label1\" content=\"Dur\u00e9e de lecture estim\u00e9e\" \/>\n\t<meta name=\"twitter:data1\" content=\"2 minutes\" \/>\n<script type=\"application\/ld+json\" class=\"yoast-schema-graph\">{\"@context\":\"https:\/\/schema.org\",\"@graph\":[{\"@type\":\"WebPage\",\"@id\":\"https:\/\/tiketi.com\/fr-fr\/ifesinachi-transport-bus\/\",\"url\":\"https:\/\/tiketi.com\/fr-fr\/ifesinachi-transport-bus\/\",\"name\":\"Ifesinachi Transport Online Booking, Bus Tickets, Route, Schedule & Fare\",\"isPartOf\":{\"@id\":\"https:\/\/tiketi.com\/#website\"},\"primaryImageOfPage\":{\"@id\":\"https:\/\/tiketi.com\/fr-fr\/ifesinachi-transport-bus\/#primaryimage\"},\"image\":{\"@id\":\"https:\/\/tiketi.com\/fr-fr\/ifesinachi-transport-bus\/#primaryimage\"},\"thumbnailUrl\":\"https:\/\/tiketi.com\/wp-content\/uploads\/2022\/01\/bus-ticket-online-booking.jpg\",\"datePublished\":\"2022-01-19T11:54:31+00:00\",\"dateModified\":\"2022-02-15T12:36:07+00:00\",\"description\":\"Looking for Ifesinachi Transport online booking, app, tickets, route, schedule & fare? Make a cheap Ifesinachi Transport online bus ticket booking online\",\"breadcrumb\":{\"@id\":\"https:\/\/tiketi.com\/fr-fr\/ifesinachi-transport-bus\/#breadcrumb\"},\"inLanguage\":\"fr-FR\",\"potentialAction\":[{\"@type\":\"ReadAction\",\"target\":[\"https:\/\/tiketi.com\/fr-fr\/ifesinachi-transport-bus\/\"]}]},{\"@type\":\"ImageObject\",\"inLanguage\":\"fr-FR\",\"@id\":\"https:\/\/tiketi.com\/fr-fr\/ifesinachi-transport-bus\/#primaryimage\",\"url\":\"https:\/\/tiketi.com\/wp-content\/uploads\/2022\/01\/bus-ticket-online-booking.jpg\",\"contentUrl\":\"https:\/\/tiketi.com\/wp-content\/uploads\/2022\/01\/bus-ticket-online-booking.jpg\",\"width\":1200,\"height\":206,\"caption\":\"Online Bus Ticket Booking\"},{\"@type\":\"BreadcrumbList\",\"@id\":\"https:\/\/tiketi.com\/fr-fr\/ifesinachi-transport-bus\/#breadcrumb\",\"itemListElement\":[{\"@type\":\"ListItem\",\"position\":1,\"name\":\"Home\",\"item\":\"https:\/\/tiketi.com\/\"},{\"@type\":\"ListItem\",\"position\":2,\"name\":\"Ifesinachi Transport Online Booking, Bus Tickets, Route, Schedule &#038; Fare\"}]},{\"@type\":\"WebSite\",\"@id\":\"https:\/\/tiketi.com\/#website\",\"url\":\"https:\/\/tiketi.com\/\",\"name\":\"Flight & Bus Tickets, Tour Packages & Activitites - Tiketi.com\",\"description\":\"Flight &amp; Bus Tickets, Tours, Activitites\",\"publisher\":{\"@id\":\"https:\/\/tiketi.com\/#organization\"},\"potentialAction\":[{\"@type\":\"SearchAction\",\"target\":{\"@type\":\"EntryPoint\",\"urlTemplate\":\"https:\/\/tiketi.com\/?s={search_term_string}\"},\"query-input\":{\"@type\":\"PropertyValueSpecification\",\"valueRequired\":true,\"valueName\":\"search_term_string\"}}],\"inLanguage\":\"fr-FR\"},{\"@type\":\"Organization\",\"@id\":\"https:\/\/tiketi.com\/#organization\",\"name\":\"Tiketi.com\",\"alternateName\":\"Tiketi\",\"url\":\"https:\/\/tiketi.com\/\",\"logo\":{\"@type\":\"ImageObject\",\"inLanguage\":\"fr-FR\",\"@id\":\"https:\/\/tiketi.com\/#\/schema\/logo\/image\/\",\"url\":\"https:\/\/tiketi.com\/wp-content\/uploads\/2019\/05\/tiketi-logo-696.png\",\"contentUrl\":\"https:\/\/tiketi.com\/wp-content\/uploads\/2019\/05\/tiketi-logo-696.png\",\"width\":696,\"height\":696,\"caption\":\"Tiketi.com\"},\"image\":{\"@id\":\"https:\/\/tiketi.com\/#\/schema\/logo\/image\/\"},\"sameAs\":[\"https:\/\/www.facebook.com\/TiketiCom\/\"]}]}<\/script>\n<!-- \/ Yoast SEO plugin. -->","yoast_head_json":{"title":"Ifesinachi Transport R\u00e9servation en ligne, billets de bus, itin\u00e9raire, horaires et tarifs","description":"Vous recherchez une r\u00e9servation en ligne, une application, des billets, un itin\u00e9raire, un horaire et un tarif pour Ifesinachi Transport\u00a0? Faites une r\u00e9servation de billet de bus en ligne Ifesinachi Transport pas cher en ligne","robots":{"index":"index","follow":"follow","max-snippet":"max-snippet:-1","max-image-preview":"max-image-preview:large","max-video-preview":"max-video-preview:-1"},"canonical":"https:\/\/tiketi.com\/fr-fr\/ifesinachi-transport-bus\/","og_locale":"fr_FR","og_type":"article","og_title":"Ifesinachi Transport Online Booking, Bus Tickets, Route, Schedule & Fare","og_description":"Looking for Ifesinachi Transport online booking, app, tickets, route, schedule & fare? Make a cheap Ifesinachi Transport online bus ticket booking online","og_url":"https:\/\/tiketi.com\/fr-fr\/ifesinachi-transport-bus\/","og_site_name":"Tiketi.com","article_publisher":"https:\/\/www.facebook.com\/TiketiCom\/","article_modified_time":"2022-02-15T12:36:07+00:00","og_image":[{"width":1200,"height":206,"url":"https:\/\/tiketi.com\/wp-content\/uploads\/2022\/01\/bus-ticket-online-booking.jpg","type":"image\/jpeg"}],"twitter_card":"summary_large_image","twitter_misc":{"Dur\u00e9e de lecture estim\u00e9e":"2 minutes"},"schema":{"@context":"https:\/\/schema.org","@graph":[{"@type":"WebPage","@id":"https:\/\/tiketi.com\/fr-fr\/ifesinachi-transport-bus\/","url":"https:\/\/tiketi.com\/fr-fr\/ifesinachi-transport-bus\/","name":"Ifesinachi Transport R\u00e9servation en ligne, billets de bus, itin\u00e9raire, horaires et tarifs","isPartOf":{"@id":"https:\/\/tiketi.com\/#website"},"primaryImageOfPage":{"@id":"https:\/\/tiketi.com\/fr-fr\/ifesinachi-transport-bus\/#primaryimage"},"image":{"@id":"https:\/\/tiketi.com\/fr-fr\/ifesinachi-transport-bus\/#primaryimage"},"thumbnailUrl":"https:\/\/tiketi.com\/wp-content\/uploads\/2022\/01\/bus-ticket-online-booking.jpg","datePublished":"2022-01-19T11:54:31+00:00","dateModified":"2022-02-15T12:36:07+00:00","description":"Vous recherchez une r\u00e9servation en ligne, une application, des billets, un itin\u00e9raire, un horaire et un tarif pour Ifesinachi Transport\u00a0? Faites une r\u00e9servation de billet de bus en ligne Ifesinachi Transport pas cher en ligne","breadcrumb":{"@id":"https:\/\/tiketi.com\/fr-fr\/ifesinachi-transport-bus\/#breadcrumb"},"inLanguage":"fr-FR","potentialAction":[{"@type":"ReadAction","target":["https:\/\/tiketi.com\/fr-fr\/ifesinachi-transport-bus\/"]}]},{"@type":"ImageObject","inLanguage":"fr-FR","@id":"https:\/\/tiketi.com\/fr-fr\/ifesinachi-transport-bus\/#primaryimage","url":"https:\/\/tiketi.com\/wp-content\/uploads\/2022\/01\/bus-ticket-online-booking.jpg","contentUrl":"https:\/\/tiketi.com\/wp-content\/uploads\/2022\/01\/bus-ticket-online-booking.jpg","width":1200,"height":206,"caption":"Online Bus Ticket Booking"},{"@type":"BreadcrumbList","@id":"https:\/\/tiketi.com\/fr-fr\/ifesinachi-transport-bus\/#breadcrumb","itemListElement":[{"@type":"ListItem","position":1,"name":"Home","item":"https:\/\/tiketi.com\/"},{"@type":"ListItem","position":2,"name":"Ifesinachi Transport Online Booking, Bus Tickets, Route, Schedule &#038; Fare"}]},{"@type":"WebSite","@id":"https:\/\/tiketi.com\/#website","url":"https:\/\/tiketi.com\/","name":"Billets d&#039;avion et de bus, forfaits touristiques et activit\u00e9s - Tiketi.com","description":"Billets d&#039;avion et de bus, Tours, Activit\u00e9s","publisher":{"@id":"https:\/\/tiketi.com\/#organization"},"potentialAction":[{"@type":"SearchAction","target":{"@type":"EntryPoint","urlTemplate":"https:\/\/tiketi.com\/?s={search_term_string}"},"query-input":{"@type":"PropertyValueSpecification","valueRequired":true,"valueName":"search_term_string"}}],"inLanguage":"fr-FR"},{"@type":"Organization","@id":"https:\/\/tiketi.com\/#organization","name":"Tiketi.com","alternateName":"Tiketi","url":"https:\/\/tiketi.com\/","logo":{"@type":"ImageObject","inLanguage":"fr-FR","@id":"https:\/\/tiketi.com\/#\/schema\/logo\/image\/","url":"https:\/\/tiketi.com\/wp-content\/uploads\/2019\/05\/tiketi-logo-696.png","contentUrl":"https:\/\/tiketi.com\/wp-content\/uploads\/2019\/05\/tiketi-logo-696.png","width":696,"height":696,"caption":"Tiketi.com"},"image":{"@id":"https:\/\/tiketi.com\/#\/schema\/logo\/image\/"},"sameAs":["https:\/\/www.facebook.com\/TiketiCom\/"]}]}},"_links":{"self":[{"href":"https:\/\/tiketi.com\/fr-fr\/wp-json\/wp\/v2\/pages\/11340","targetHints":{"allow":["GET"]}}],"collection":[{"href":"https:\/\/tiketi.com\/fr-fr\/wp-json\/wp\/v2\/pages"}],"about":[{"href":"https:\/\/tiketi.com\/fr-fr\/wp-json\/wp\/v2\/types\/page"}],"author":[{"embeddable":true,"href":"https:\/\/tiketi.com\/fr-fr\/wp-json\/wp\/v2\/users\/1"}],"replies":[{"embeddable":true,"href":"https:\/\/tiketi.com\/fr-fr\/wp-json\/wp\/v2\/comments?post=11340"}],"version-history":[{"count":0,"href":"https:\/\/tiketi.com\/fr-fr\/wp-json\/wp\/v2\/pages\/11340\/revisions"}],"wp:featuredmedia":[{"embeddable":true,"href":"https:\/\/tiketi.com\/fr-fr\/wp-json\/wp\/v2\/media\/13999"}],"wp:attachment":[{"href":"https:\/\/tiketi.com\/fr-fr\/wp-json\/wp\/v2\/media?parent=11340"}],"curies":[{"name":"wp","href":"https:\/\/api.w.org\/{rel}","templated":true}]}}