{"id":11341,"date":"2022-01-19T12:54:31","date_gmt":"2022-01-19T11:54:31","guid":{"rendered":"https:\/\/new.tiketi.com\/guo-transport-online-booking-bus-tickets-routes-fares\/"},"modified":"2022-02-14T12:58:48","modified_gmt":"2022-02-14T11:58:48","slug":"guo-transport-bus","status":"publish","type":"page","link":"https:\/\/tiketi.com\/fr-fr\/guo-transport-bus\/","title":{"rendered":"Guo Transport R\u00e9servation en ligne, billets de bus, itin\u00e9raires et tarifs"},"content":{"rendered":"<h2>Guo Transport R\u00e9servation de billets de bus en ligne Nig\u00e9ria<\/h2>\n<h3>D\u00e9couvrez votre itin\u00e9raire de voyage sur le Web, sur mobile ou sur une application et r\u00e9servez d\u00e8s maintenant des billets de bus Guo Transport \u00e0 bas prix en ligne.<\/h3>\n<p>La r\u00e9servation en ligne de Guo Transport est facilit\u00e9e. La soci\u00e9t\u00e9 de transport GUO est devenue une idole dans l\u2019industrie du transport au Nigeria et en Afrique de l\u2019Ouest. Offrir aux clients une exp\u00e9rience de voyage agr\u00e9able, s\u00fbre et abordable \u00e0 des millions de passagers tout au long de l&#039;ann\u00e9e. Vous pouvez \u00e9galement r\u00e9server des billets de bus en ligne pour Guo Transport facilement et en toute s\u00e9curit\u00e9.<\/p>\n<h2>Guo Transport R\u00e9servation en ligne, billets de bus, itin\u00e9raires et tarifsFAQ<\/h2>\n<h3>Quels sont les c\u00e9l\u00e8bres itin\u00e9raires de r\u00e9servation en ligne des bus Guo et les tarifs moyens couverts par les bus Guo Transport\u00a0?<\/h3>\n<p>Du terminal de Lagos Ajah \u00e0\u00a0:<\/p>\n<p>De Lagos \u00e0 Aba \u2013 5,400 N<br \/>\nDe Lagos \u00e0 Abuja \u2013 6,750 N<br \/>\nDe Lagos \u00e0 Abakaliki \u2013 5,400 N<br \/>\nEnugu \u2013 N 5.400<br \/>\nLagos \u00e0 Ogoja \u2013 N 5.400<br \/>\nLagos \u00e0 Port Harcourt \u2013 N5.580<br \/>\nDe Lagos \u00e0 Umunze \u2013 4,950 N<br \/>\nDe Lagos \u00e0 Owerri \u2013 5,400 N<\/p>\n<p>Du terminal de Lagos Cele \u00e0\u00a0:<\/p>\n<p>De Lagos \u00e0 Abakaliki \u2013 5,400 N<br \/>\nDe Lagos \u00e0 Aba \u2013 4,950 N<br \/>\nDe Lagos \u00e0 Abuja \u2013 7,200 N<br \/>\nDe Lagos \u00e0 Awka \u2013 4,500 N<br \/>\nDe Lagos \u00e0 Ogoja \u2013 4,950 N<br \/>\nDe Lagos \u00e0 Ekwulobia \u2013 7,200 N<br \/>\nDe Lagos \u00e0 Port Harcourt \u2013 4,950 N<br \/>\nLagos \u00e0 Ummuze \u2013 N 4.500<\/p>\n<p>Du terminal de cok\u00e9faction de Lagos \u00e0\u00a0:<\/p>\n<p>De Lagos \u00e0 Aba \u2013 N 4.950<br \/>\nDe Lagos \u00e0 Ekwulobia \u2013 N 4.500<br \/>\nDe Lagos \u00e0 Abakaliki \u2013 5.400<br \/>\nDe Lagos \u00e0 Port Harcourt \u2013 45,400 N<br \/>\nDe Lagos \u00e0 Umuahia \u2013 4,500 N<br \/>\nDe Lagos \u00e0 Umunze \u2013 4,500 N<\/p>\n<p>Du terminal Lagos Iyana-Ipaja vers\u00a0:<\/p>\n<p>De Lagos \u00e0 Abuja \u2013 6,750 N<br \/>\nDe Lagos \u00e0 Aba \u2013 N 4.950<br \/>\nDe Lagos \u00e0 Abakaliki \u2013 4,500 N<br \/>\nDe Lagos \u00e0 Enugu \u2013 72,00 N<br \/>\nDe Lagos \u00e0 Ogoja \u2013 4,500 N<br \/>\nDe Lagos \u00e0 Port Harcourt \u2013 N.5400<br \/>\nDe Lagos \u00e0 Umunze \u2013 4,950 N<br \/>\nDe Lagos \u00e0 Umahia \u2013 5,400 N<br \/>\nDe Lagos \u00e0 Owerri \u2013 5,400 N<\/p>\n<h3>Flotte de transport GUO<\/h3>\n<p>Bus Sprinter 14 places<br \/>\nV\u00e9hicules Toyota Sienna 7 places<br \/>\nBus Toyota Hiace 15 places<br \/>\nDes bus luxueux allant de 33 \u00e0 60 places<\/p>\n<h3>Quelles sont les coordonn\u00e9es de la r\u00e9servation en ligne du bus Guo\u00a0?<\/h3>\n<p>ABA, ABIA<br \/>\nNum\u00e9ro de t\u00e9l\u00e9phone: 08075090629<\/p>\n<p>UMUAHIA, ABIA<br \/>\nNum\u00e9ro de t\u00e9l\u00e9phone : 08113790584<\/p>\n<p>AWKA, ANAMBRA<br \/>\nNum\u00e9ro de t\u00e9l\u00e9phone: 08075090642<\/p>\n<p>AWKUZU, ANAMBRA<br \/>\nNum\u00e9ro de t\u00e9l\u00e9phone : 07035227941<br \/>\nACCRA, GHANA<br \/>\nNum\u00e9ro de t\u00e9l\u00e9phone : +233240565854<\/p>\n<p>YOLA, ADAMAWA<br \/>\nNum\u00e9ro de t\u00e9l\u00e9phone: 08075090653<\/p>\n<p>EKWULOBIE, ANAMBRA<br \/>\nNum\u00e9ro de t\u00e9l\u00e9phone : 08175090687<\/p>\n<p>IHIALA, ANAMBRA<br \/>\nNum\u00e9ro de t\u00e9l\u00e9phone: 08075096032<\/p>\n<h2>Conseils pour la r\u00e9servation de billets de bus en ligne de GUO Transport<\/h2>\n<p>GUO transport Co. est extr\u00eamement reconnue pour ses services de passagers fr\u00e9quemment programm\u00e9s, la compagnie de bus propose \u00e9galement de nombreux autres services \u00e0 ses clients estim\u00e9s, tels que le transport \u00e0 des prix avantageux le jour m\u00eame et t\u00f4t le lendemain et la livraison de colis \u00e0 diff\u00e9rents endroits de Nigeria.<\/p>","protected":false},"excerpt":{"rendered":"<p>Guo Transport Online Bus Ticket Booking Nigeria Discover your travel route on web, mobile or app and book cheap Guo Transport bus tickets online now. Guo Transport online booking made easy.&nbsp;GUO transport company has become an idol in the transportation industry in Nigeria and west Africa. Providing customers with enjoyable, safe and affordable travel experience [&hellip;]<\/p>\n","protected":false},"author":1,"featured_media":13999,"parent":0,"menu_order":0,"comment_status":"open","ping_status":"closed","template":"template-home-modern.php","meta":{"footnotes":""},"class_list":["post-11341","page","type-page","status-publish","has-post-thumbnail","hentry"],"yoast_head":"<!-- This site is optimized with the Yoast SEO plugin v27.2 - https:\/\/yoast.com\/product\/yoast-seo-wordpress\/ -->\n<title>Guo Transport Online Booking, Bus Tickets, Routes &amp; Fares<\/title>\n<meta name=\"description\" content=\"Looking for Guo Transport online booking, app, bus tickets, routes &amp; fares? Make a cheap Guo Transport online bus ticket booking online now\" \/>\n<meta name=\"robots\" content=\"index, follow, max-snippet:-1, max-image-preview:large, max-video-preview:-1\" \/>\n<link rel=\"canonical\" href=\"https:\/\/tiketi.com\/fr-fr\/guo-transport-bus\/\" \/>\n<meta property=\"og:locale\" content=\"fr_FR\" \/>\n<meta property=\"og:type\" content=\"article\" \/>\n<meta property=\"og:title\" content=\"Guo Transport Online Booking, Bus Tickets, Routes &amp; Fares\" \/>\n<meta property=\"og:description\" content=\"Looking for Guo Transport online booking, app, bus tickets, routes &amp; fares? Make a cheap Guo Transport online bus ticket booking online now\" \/>\n<meta property=\"og:url\" content=\"https:\/\/tiketi.com\/fr-fr\/guo-transport-bus\/\" \/>\n<meta property=\"og:site_name\" content=\"Tiketi.com\" \/>\n<meta property=\"article:publisher\" content=\"https:\/\/www.facebook.com\/TiketiCom\/\" \/>\n<meta property=\"article:modified_time\" content=\"2022-02-14T11:58:48+00:00\" \/>\n<meta property=\"og:image\" content=\"https:\/\/tiketi.com\/wp-content\/uploads\/2022\/01\/bus-ticket-online-booking.jpg\" \/>\n\t<meta property=\"og:image:width\" content=\"1200\" \/>\n\t<meta property=\"og:image:height\" content=\"206\" \/>\n\t<meta property=\"og:image:type\" content=\"image\/jpeg\" \/>\n<meta name=\"twitter:card\" content=\"summary_large_image\" \/>\n<meta name=\"twitter:label1\" content=\"Dur\u00e9e de lecture estim\u00e9e\" \/>\n\t<meta name=\"twitter:data1\" content=\"2 minutes\" \/>\n<script type=\"application\/ld+json\" class=\"yoast-schema-graph\">{\"@context\":\"https:\/\/schema.org\",\"@graph\":[{\"@type\":\"WebPage\",\"@id\":\"https:\/\/tiketi.com\/guo-transport-bus\/\",\"url\":\"https:\/\/tiketi.com\/guo-transport-bus\/\",\"name\":\"Guo Transport Online Booking, Bus Tickets, Routes & Fares\",\"isPartOf\":{\"@id\":\"https:\/\/tiketi.com\/#website\"},\"primaryImageOfPage\":{\"@id\":\"https:\/\/tiketi.com\/guo-transport-bus\/#primaryimage\"},\"image\":{\"@id\":\"https:\/\/tiketi.com\/guo-transport-bus\/#primaryimage\"},\"thumbnailUrl\":\"https:\/\/tiketi.com\/wp-content\/uploads\/2022\/01\/bus-ticket-online-booking.jpg\",\"datePublished\":\"2022-01-19T11:54:31+00:00\",\"dateModified\":\"2022-02-14T11:58:48+00:00\",\"description\":\"Looking for Guo Transport online booking, app, bus tickets, routes & fares? Make a cheap Guo Transport online bus ticket booking online now\",\"breadcrumb\":{\"@id\":\"https:\/\/tiketi.com\/guo-transport-bus\/#breadcrumb\"},\"inLanguage\":\"fr-FR\",\"potentialAction\":[{\"@type\":\"ReadAction\",\"target\":[\"https:\/\/tiketi.com\/guo-transport-bus\/\"]}]},{\"@type\":\"ImageObject\",\"inLanguage\":\"fr-FR\",\"@id\":\"https:\/\/tiketi.com\/guo-transport-bus\/#primaryimage\",\"url\":\"https:\/\/tiketi.com\/wp-content\/uploads\/2022\/01\/bus-ticket-online-booking.jpg\",\"contentUrl\":\"https:\/\/tiketi.com\/wp-content\/uploads\/2022\/01\/bus-ticket-online-booking.jpg\",\"width\":1200,\"height\":206,\"caption\":\"Online Bus Ticket Booking\"},{\"@type\":\"BreadcrumbList\",\"@id\":\"https:\/\/tiketi.com\/guo-transport-bus\/#breadcrumb\",\"itemListElement\":[{\"@type\":\"ListItem\",\"position\":1,\"name\":\"Home\",\"item\":\"https:\/\/tiketi.com\/\"},{\"@type\":\"ListItem\",\"position\":2,\"name\":\"Guo Transport Online Booking, Bus Tickets, Routes &#038; Fares\"}]},{\"@type\":\"WebSite\",\"@id\":\"https:\/\/tiketi.com\/#website\",\"url\":\"https:\/\/tiketi.com\/\",\"name\":\"Flight & Bus Tickets, Tour Packages & Activitites - Tiketi.com\",\"description\":\"Flight &amp; Bus Tickets, Tours, Activitites\",\"publisher\":{\"@id\":\"https:\/\/tiketi.com\/#organization\"},\"potentialAction\":[{\"@type\":\"SearchAction\",\"target\":{\"@type\":\"EntryPoint\",\"urlTemplate\":\"https:\/\/tiketi.com\/?s={search_term_string}\"},\"query-input\":{\"@type\":\"PropertyValueSpecification\",\"valueRequired\":true,\"valueName\":\"search_term_string\"}}],\"inLanguage\":\"fr-FR\"},{\"@type\":\"Organization\",\"@id\":\"https:\/\/tiketi.com\/#organization\",\"name\":\"Tiketi.com\",\"alternateName\":\"Tiketi\",\"url\":\"https:\/\/tiketi.com\/\",\"logo\":{\"@type\":\"ImageObject\",\"inLanguage\":\"fr-FR\",\"@id\":\"https:\/\/tiketi.com\/#\/schema\/logo\/image\/\",\"url\":\"https:\/\/tiketi.com\/wp-content\/uploads\/2019\/05\/tiketi-logo-696.png\",\"contentUrl\":\"https:\/\/tiketi.com\/wp-content\/uploads\/2019\/05\/tiketi-logo-696.png\",\"width\":696,\"height\":696,\"caption\":\"Tiketi.com\"},\"image\":{\"@id\":\"https:\/\/tiketi.com\/#\/schema\/logo\/image\/\"},\"sameAs\":[\"https:\/\/www.facebook.com\/TiketiCom\/\"]}]}<\/script>\n<!-- \/ Yoast SEO plugin. -->","yoast_head_json":{"title":"Guo Transport R\u00e9servation en ligne, billets de bus, itin\u00e9raires et tarifs","description":"Vous recherchez une r\u00e9servation en ligne, une application, des billets de bus, des itin\u00e9raires et des tarifs pour Guo Transport\u00a0? R\u00e9servez d\u00e8s maintenant votre billet de bus en ligne Guo Transport \u00e0 bas prix","robots":{"index":"index","follow":"follow","max-snippet":"max-snippet:-1","max-image-preview":"max-image-preview:large","max-video-preview":"max-video-preview:-1"},"canonical":"https:\/\/tiketi.com\/fr-fr\/guo-transport-bus\/","og_locale":"fr_FR","og_type":"article","og_title":"Guo Transport Online Booking, Bus Tickets, Routes & Fares","og_description":"Looking for Guo Transport online booking, app, bus tickets, routes & fares? Make a cheap Guo Transport online bus ticket booking online now","og_url":"https:\/\/tiketi.com\/fr-fr\/guo-transport-bus\/","og_site_name":"Tiketi.com","article_publisher":"https:\/\/www.facebook.com\/TiketiCom\/","article_modified_time":"2022-02-14T11:58:48+00:00","og_image":[{"width":1200,"height":206,"url":"https:\/\/tiketi.com\/wp-content\/uploads\/2022\/01\/bus-ticket-online-booking.jpg","type":"image\/jpeg"}],"twitter_card":"summary_large_image","twitter_misc":{"Dur\u00e9e de lecture estim\u00e9e":"2 minutes"},"schema":{"@context":"https:\/\/schema.org","@graph":[{"@type":"WebPage","@id":"https:\/\/tiketi.com\/guo-transport-bus\/","url":"https:\/\/tiketi.com\/guo-transport-bus\/","name":"Guo Transport R\u00e9servation en ligne, billets de bus, itin\u00e9raires et tarifs","isPartOf":{"@id":"https:\/\/tiketi.com\/#website"},"primaryImageOfPage":{"@id":"https:\/\/tiketi.com\/guo-transport-bus\/#primaryimage"},"image":{"@id":"https:\/\/tiketi.com\/guo-transport-bus\/#primaryimage"},"thumbnailUrl":"https:\/\/tiketi.com\/wp-content\/uploads\/2022\/01\/bus-ticket-online-booking.jpg","datePublished":"2022-01-19T11:54:31+00:00","dateModified":"2022-02-14T11:58:48+00:00","description":"Vous recherchez une r\u00e9servation en ligne, une application, des billets de bus, des itin\u00e9raires et des tarifs pour Guo Transport\u00a0? R\u00e9servez d\u00e8s maintenant votre billet de bus en ligne Guo Transport \u00e0 bas prix","breadcrumb":{"@id":"https:\/\/tiketi.com\/guo-transport-bus\/#breadcrumb"},"inLanguage":"fr-FR","potentialAction":[{"@type":"ReadAction","target":["https:\/\/tiketi.com\/guo-transport-bus\/"]}]},{"@type":"ImageObject","inLanguage":"fr-FR","@id":"https:\/\/tiketi.com\/guo-transport-bus\/#primaryimage","url":"https:\/\/tiketi.com\/wp-content\/uploads\/2022\/01\/bus-ticket-online-booking.jpg","contentUrl":"https:\/\/tiketi.com\/wp-content\/uploads\/2022\/01\/bus-ticket-online-booking.jpg","width":1200,"height":206,"caption":"Online Bus Ticket Booking"},{"@type":"BreadcrumbList","@id":"https:\/\/tiketi.com\/guo-transport-bus\/#breadcrumb","itemListElement":[{"@type":"ListItem","position":1,"name":"Home","item":"https:\/\/tiketi.com\/"},{"@type":"ListItem","position":2,"name":"Guo Transport Online Booking, Bus Tickets, Routes &#038; Fares"}]},{"@type":"WebSite","@id":"https:\/\/tiketi.com\/#website","url":"https:\/\/tiketi.com\/","name":"Billets d&#039;avion et de bus, forfaits touristiques et activit\u00e9s - Tiketi.com","description":"Billets d&#039;avion et de bus, Tours, Activit\u00e9s","publisher":{"@id":"https:\/\/tiketi.com\/#organization"},"potentialAction":[{"@type":"SearchAction","target":{"@type":"EntryPoint","urlTemplate":"https:\/\/tiketi.com\/?s={search_term_string}"},"query-input":{"@type":"PropertyValueSpecification","valueRequired":true,"valueName":"search_term_string"}}],"inLanguage":"fr-FR"},{"@type":"Organization","@id":"https:\/\/tiketi.com\/#organization","name":"Tiketi.com","alternateName":"Tiketi","url":"https:\/\/tiketi.com\/","logo":{"@type":"ImageObject","inLanguage":"fr-FR","@id":"https:\/\/tiketi.com\/#\/schema\/logo\/image\/","url":"https:\/\/tiketi.com\/wp-content\/uploads\/2019\/05\/tiketi-logo-696.png","contentUrl":"https:\/\/tiketi.com\/wp-content\/uploads\/2019\/05\/tiketi-logo-696.png","width":696,"height":696,"caption":"Tiketi.com"},"image":{"@id":"https:\/\/tiketi.com\/#\/schema\/logo\/image\/"},"sameAs":["https:\/\/www.facebook.com\/TiketiCom\/"]}]}},"_links":{"self":[{"href":"https:\/\/tiketi.com\/fr-fr\/wp-json\/wp\/v2\/pages\/11341","targetHints":{"allow":["GET"]}}],"collection":[{"href":"https:\/\/tiketi.com\/fr-fr\/wp-json\/wp\/v2\/pages"}],"about":[{"href":"https:\/\/tiketi.com\/fr-fr\/wp-json\/wp\/v2\/types\/page"}],"author":[{"embeddable":true,"href":"https:\/\/tiketi.com\/fr-fr\/wp-json\/wp\/v2\/users\/1"}],"replies":[{"embeddable":true,"href":"https:\/\/tiketi.com\/fr-fr\/wp-json\/wp\/v2\/comments?post=11341"}],"version-history":[{"count":0,"href":"https:\/\/tiketi.com\/fr-fr\/wp-json\/wp\/v2\/pages\/11341\/revisions"}],"wp:featuredmedia":[{"embeddable":true,"href":"https:\/\/tiketi.com\/fr-fr\/wp-json\/wp\/v2\/media\/13999"}],"wp:attachment":[{"href":"https:\/\/tiketi.com\/fr-fr\/wp-json\/wp\/v2\/media?parent=11341"}],"curies":[{"name":"wp","href":"https:\/\/api.w.org\/{rel}","templated":true}]}}