{"id":11342,"date":"2022-01-19T12:54:31","date_gmt":"2022-01-19T11:54:31","guid":{"rendered":"https:\/\/new.tiketi.com\/abc-transport-online-booking-bus-tickets-routes-fares\/"},"modified":"2022-02-15T13:50:48","modified_gmt":"2022-02-15T12:50:48","slug":"abc-transport-buses","status":"publish","type":"page","link":"https:\/\/tiketi.com\/fr-fr\/abc-transport-buses\/","title":{"rendered":"R\u00e9servation en ligne ABC Transport, billets de bus, itin\u00e9raires et tarifs"},"content":{"rendered":"<h2>R\u00e9servation de billets en ligne ABC Transport pas cher<\/h2>\n<h3>D\u00e9couvrez votre itin\u00e9raire de voyage sur le web, le mobile ou l&#039;application et r\u00e9servez en ligne d\u00e8s maintenant des billets de bus ABC Transport \u00e0 bas prix.<\/h3>\n<p>La r\u00e9servation en ligne ABC Transport vous fait gagner du temps et de l&#039;argent. Le transport ABC a commenc\u00e9 ses activit\u00e9s dans le transport routier de passagers le 13 f\u00e9vrier 1993 en tant que ramification des entreprises Rapido en vue de g\u00e9rer un nouveau syst\u00e8me de transport routier au Nigeria. Alors faites la r\u00e9servation de billets en ligne ABC Transport \u00e0 bas prix et \u00e9conomisez du temps et de l&#039;argent.<\/p>\n<h2>ABC Transport Online Booking Nigeria, Billets de bus, itin\u00e9raires, horaires et tarifs FAQ<\/h2>\n<h3>Quels sont les c\u00e9l\u00e8bres itin\u00e9raires de r\u00e9servation de billets en ligne ABC Transport couverts par les bus ABC Transport ?<\/h3>\n<p>\u2022 Lagos \u00e0 Onitsha\/Awka \u2013 N7000<br \/>\n\u2022 Lagos \u00e0 Calabar \u2013 N950<br \/>\n\u2022 Lagos \u00e0 Aba \u2013 N5600<br \/>\n\u2022 Lagos \u00e0 Owerri \u2013 N56000<br \/>\n\u2022 Lagos \u00e0 Umuahia \u2013 N4600<br \/>\n\u2022 Lagos \u00e0 Mbaise - N4600<br \/>\n\u2022 Lagos \u00e0 Enugu \u2013 N7000<br \/>\n\u2022 Lagos au B\u00e9nin \u2013 N6150<br \/>\n\u2022 Lagos \u00e0 Jos \u2013 N7950<br \/>\n\u2022 Lagos \u00e0 Port Harcourt \u2013 N5950<br \/>\n\u2022 Abuja \u00e0 Onitsha\/Awka \u2013 N5500<br \/>\n\u2022 Abuja \u00e0 Calabar \u2013 N6800<br \/>\n\u2022 Abuja \u00e0 Aba \u2013 N5600<br \/>\n\u2022 Abuja \u00e0 lbadan \u2013 N7100<br \/>\n\u2022 Abuja \u00e0 Owerri \u2013 N7050<br \/>\n\u2022 Abuja \u00e0 Engu \u2013 N5500<br \/>\n\u2022 Abuja \u00e0 Umuahia - N5600<br \/>\n\u2022 Lagos \u00e0 Accra - 13 950 N<br \/>\n\u2022 Abuja \u00e0 Port Harcourt \u2013 N6100<br \/>\n\u2022 Lagos \u00e0 Cotonou - 10 250 N<br \/>\n\u2022 Lagos \u00e0 Lom\u00e9 - N13,750<br \/>\n\u2022 Abuja \u00e0 Port Harcourt \u2013 N6100<\/p>\n<h3>Flotte de bus<\/h3>\n<p>La compagnie de bus utilise des mod\u00e8les de bus les plus r\u00e9cents et modernes de diff\u00e9rents fabricants, notamment Marcopolo avec ch\u00e2ssis Scania, Toyota, Volvo et d&#039;autres grandes marques d&#039;Asie et d&#039;Europe.<\/p>\n<h3>Quelles sont les coordonn\u00e9es de ABC Transport bus booking &amp; bus ?<\/h3>\n<p>ABC TRANSPORT PLC<br \/>\nKm 5 MCC Route Uratta, Owerri,<br \/>\n\u00c9tat de l&#039;OMI -1111<\/p>\n<p>Terminal Bolade Oshodi, Lagos<br \/>\n129 route automobile Agege,<br \/>\nLagos, Lagos<\/p>\n<p>Terminal Amuwo Odofin, Lagos<br \/>\nParcelle 79, voie Oba Kayode Akinyemi par Festac Bttpass,<br \/>\nLagos, Lagos<\/p>\n<p>Terminal de Lagos Ajah<br \/>\nKm 21 Lekki-Ajah Expressway, \u00e0 c\u00f4t\u00e9 du poste de police d&#039;Ajiwe Ajah<br \/>\nLagos, Lagos<\/p>\n<p>Terminal de Jibowu, Lagos<br \/>\n22, route d&#039;Ikorodu, Jibowu, Yaba,<br \/>\nLagos, Lagos<\/p>\n<h2>Conseils de r\u00e9servation de billets en ligne ABC Transport<\/h2>\n<p>Leurs bus sont bien g\u00e9r\u00e9s et ils sont bien contr\u00f4l\u00e9s par les \u00e9quipes d&#039;experts employ\u00e9es par la compagnie de bus avec leurs propres ateliers dans diff\u00e9rents \u00e9tats.<\/p>","protected":false},"excerpt":{"rendered":"<p>Cheap ABC Transport online ticket booking Discover your travel route on web, mobile or app and book cheap\u00a0ABC Transport bus tickets online now. ABC Transport online booking saves you time and money. ABC transport started operation in road passenger transportation on 13 February, 1993 \u00a0as an off shoot of Rapido ventures with a view to [&hellip;]<\/p>\n","protected":false},"author":1,"featured_media":13999,"parent":0,"menu_order":0,"comment_status":"open","ping_status":"closed","template":"template-home-modern.php","meta":{"footnotes":""},"class_list":["post-11342","page","type-page","status-publish","has-post-thumbnail","hentry"],"yoast_head":"<!-- This site is optimized with the Yoast SEO plugin v27.2 - https:\/\/yoast.com\/product\/yoast-seo-wordpress\/ -->\n<title>ABC Transport Online Booking, Bus Tickets, Routes &amp; Fares<\/title>\n<meta name=\"description\" content=\"Looking for ABC Transport online booking Nigeria, bus tickets, route, app, timetable or fare? Make a ABC Transport online ticket booking now\" \/>\n<meta name=\"robots\" content=\"index, follow, max-snippet:-1, max-image-preview:large, max-video-preview:-1\" \/>\n<link rel=\"canonical\" href=\"https:\/\/tiketi.com\/fr-fr\/abc-transport-buses\/\" \/>\n<meta property=\"og:locale\" content=\"fr_FR\" \/>\n<meta property=\"og:type\" content=\"article\" \/>\n<meta property=\"og:title\" content=\"ABC Transport Online Booking, Bus Tickets, Routes &amp; Fares\" \/>\n<meta property=\"og:description\" content=\"Looking for ABC Transport online booking Nigeria, bus tickets, route, app, timetable or fare? Make a ABC Transport online ticket booking now\" \/>\n<meta property=\"og:url\" content=\"https:\/\/tiketi.com\/fr-fr\/abc-transport-buses\/\" \/>\n<meta property=\"og:site_name\" content=\"Tiketi.com\" \/>\n<meta property=\"article:publisher\" content=\"https:\/\/www.facebook.com\/TiketiCom\/\" \/>\n<meta property=\"article:modified_time\" content=\"2022-02-15T12:50:48+00:00\" \/>\n<meta property=\"og:image\" content=\"https:\/\/tiketi.com\/wp-content\/uploads\/2022\/01\/bus-ticket-online-booking.jpg\" \/>\n\t<meta property=\"og:image:width\" content=\"1200\" \/>\n\t<meta property=\"og:image:height\" content=\"206\" \/>\n\t<meta property=\"og:image:type\" content=\"image\/jpeg\" \/>\n<meta name=\"twitter:card\" content=\"summary_large_image\" \/>\n<meta name=\"twitter:label1\" content=\"Dur\u00e9e de lecture estim\u00e9e\" \/>\n\t<meta name=\"twitter:data1\" content=\"2 minutes\" \/>\n<script type=\"application\/ld+json\" class=\"yoast-schema-graph\">{\"@context\":\"https:\/\/schema.org\",\"@graph\":[{\"@type\":\"WebPage\",\"@id\":\"https:\/\/tiketi.com\/fr-fr\/abc-transport-buses\/\",\"url\":\"https:\/\/tiketi.com\/fr-fr\/abc-transport-buses\/\",\"name\":\"ABC Transport Online Booking, Bus Tickets, Routes & Fares\",\"isPartOf\":{\"@id\":\"https:\/\/tiketi.com\/#website\"},\"primaryImageOfPage\":{\"@id\":\"https:\/\/tiketi.com\/fr-fr\/abc-transport-buses\/#primaryimage\"},\"image\":{\"@id\":\"https:\/\/tiketi.com\/fr-fr\/abc-transport-buses\/#primaryimage\"},\"thumbnailUrl\":\"https:\/\/tiketi.com\/wp-content\/uploads\/2022\/01\/bus-ticket-online-booking.jpg\",\"datePublished\":\"2022-01-19T11:54:31+00:00\",\"dateModified\":\"2022-02-15T12:50:48+00:00\",\"description\":\"Looking for ABC Transport online booking Nigeria, bus tickets, route, app, timetable or fare? Make a ABC Transport online ticket booking now\",\"breadcrumb\":{\"@id\":\"https:\/\/tiketi.com\/fr-fr\/abc-transport-buses\/#breadcrumb\"},\"inLanguage\":\"fr-FR\",\"potentialAction\":[{\"@type\":\"ReadAction\",\"target\":[\"https:\/\/tiketi.com\/fr-fr\/abc-transport-buses\/\"]}]},{\"@type\":\"ImageObject\",\"inLanguage\":\"fr-FR\",\"@id\":\"https:\/\/tiketi.com\/fr-fr\/abc-transport-buses\/#primaryimage\",\"url\":\"https:\/\/tiketi.com\/wp-content\/uploads\/2022\/01\/bus-ticket-online-booking.jpg\",\"contentUrl\":\"https:\/\/tiketi.com\/wp-content\/uploads\/2022\/01\/bus-ticket-online-booking.jpg\",\"width\":1200,\"height\":206,\"caption\":\"Online Bus Ticket Booking\"},{\"@type\":\"BreadcrumbList\",\"@id\":\"https:\/\/tiketi.com\/fr-fr\/abc-transport-buses\/#breadcrumb\",\"itemListElement\":[{\"@type\":\"ListItem\",\"position\":1,\"name\":\"Home\",\"item\":\"https:\/\/tiketi.com\/\"},{\"@type\":\"ListItem\",\"position\":2,\"name\":\"ABC Transport Online Booking, Bus Tickets, Routes &#038; Fares\"}]},{\"@type\":\"WebSite\",\"@id\":\"https:\/\/tiketi.com\/#website\",\"url\":\"https:\/\/tiketi.com\/\",\"name\":\"Flight & Bus Tickets, Tour Packages & Activitites - Tiketi.com\",\"description\":\"Flight &amp; Bus Tickets, Tours, Activitites\",\"publisher\":{\"@id\":\"https:\/\/tiketi.com\/#organization\"},\"potentialAction\":[{\"@type\":\"SearchAction\",\"target\":{\"@type\":\"EntryPoint\",\"urlTemplate\":\"https:\/\/tiketi.com\/?s={search_term_string}\"},\"query-input\":{\"@type\":\"PropertyValueSpecification\",\"valueRequired\":true,\"valueName\":\"search_term_string\"}}],\"inLanguage\":\"fr-FR\"},{\"@type\":\"Organization\",\"@id\":\"https:\/\/tiketi.com\/#organization\",\"name\":\"Tiketi.com\",\"alternateName\":\"Tiketi\",\"url\":\"https:\/\/tiketi.com\/\",\"logo\":{\"@type\":\"ImageObject\",\"inLanguage\":\"fr-FR\",\"@id\":\"https:\/\/tiketi.com\/#\/schema\/logo\/image\/\",\"url\":\"https:\/\/tiketi.com\/wp-content\/uploads\/2019\/05\/tiketi-logo-696.png\",\"contentUrl\":\"https:\/\/tiketi.com\/wp-content\/uploads\/2019\/05\/tiketi-logo-696.png\",\"width\":696,\"height\":696,\"caption\":\"Tiketi.com\"},\"image\":{\"@id\":\"https:\/\/tiketi.com\/#\/schema\/logo\/image\/\"},\"sameAs\":[\"https:\/\/www.facebook.com\/TiketiCom\/\"]}]}<\/script>\n<!-- \/ Yoast SEO plugin. -->","yoast_head_json":{"title":"R\u00e9servation en ligne ABC Transport, billets de bus, itin\u00e9raires et tarifs","description":"Vous recherchez la r\u00e9servation en ligne ABC Transport Nigeria, des billets de bus, un itin\u00e9raire, une application, un horaire ou un tarif? Faites une r\u00e9servation de billet en ligne ABC Transport maintenant","robots":{"index":"index","follow":"follow","max-snippet":"max-snippet:-1","max-image-preview":"max-image-preview:large","max-video-preview":"max-video-preview:-1"},"canonical":"https:\/\/tiketi.com\/fr-fr\/abc-transport-buses\/","og_locale":"fr_FR","og_type":"article","og_title":"ABC Transport Online Booking, Bus Tickets, Routes & Fares","og_description":"Looking for ABC Transport online booking Nigeria, bus tickets, route, app, timetable or fare? Make a ABC Transport online ticket booking now","og_url":"https:\/\/tiketi.com\/fr-fr\/abc-transport-buses\/","og_site_name":"Tiketi.com","article_publisher":"https:\/\/www.facebook.com\/TiketiCom\/","article_modified_time":"2022-02-15T12:50:48+00:00","og_image":[{"width":1200,"height":206,"url":"https:\/\/tiketi.com\/wp-content\/uploads\/2022\/01\/bus-ticket-online-booking.jpg","type":"image\/jpeg"}],"twitter_card":"summary_large_image","twitter_misc":{"Dur\u00e9e de lecture estim\u00e9e":"2 minutes"},"schema":{"@context":"https:\/\/schema.org","@graph":[{"@type":"WebPage","@id":"https:\/\/tiketi.com\/fr-fr\/abc-transport-buses\/","url":"https:\/\/tiketi.com\/fr-fr\/abc-transport-buses\/","name":"R\u00e9servation en ligne ABC Transport, billets de bus, itin\u00e9raires et tarifs","isPartOf":{"@id":"https:\/\/tiketi.com\/#website"},"primaryImageOfPage":{"@id":"https:\/\/tiketi.com\/fr-fr\/abc-transport-buses\/#primaryimage"},"image":{"@id":"https:\/\/tiketi.com\/fr-fr\/abc-transport-buses\/#primaryimage"},"thumbnailUrl":"https:\/\/tiketi.com\/wp-content\/uploads\/2022\/01\/bus-ticket-online-booking.jpg","datePublished":"2022-01-19T11:54:31+00:00","dateModified":"2022-02-15T12:50:48+00:00","description":"Vous recherchez la r\u00e9servation en ligne ABC Transport Nigeria, des billets de bus, un itin\u00e9raire, une application, un horaire ou un tarif? Faites une r\u00e9servation de billet en ligne ABC Transport maintenant","breadcrumb":{"@id":"https:\/\/tiketi.com\/fr-fr\/abc-transport-buses\/#breadcrumb"},"inLanguage":"fr-FR","potentialAction":[{"@type":"ReadAction","target":["https:\/\/tiketi.com\/fr-fr\/abc-transport-buses\/"]}]},{"@type":"ImageObject","inLanguage":"fr-FR","@id":"https:\/\/tiketi.com\/fr-fr\/abc-transport-buses\/#primaryimage","url":"https:\/\/tiketi.com\/wp-content\/uploads\/2022\/01\/bus-ticket-online-booking.jpg","contentUrl":"https:\/\/tiketi.com\/wp-content\/uploads\/2022\/01\/bus-ticket-online-booking.jpg","width":1200,"height":206,"caption":"Online Bus Ticket Booking"},{"@type":"BreadcrumbList","@id":"https:\/\/tiketi.com\/fr-fr\/abc-transport-buses\/#breadcrumb","itemListElement":[{"@type":"ListItem","position":1,"name":"Home","item":"https:\/\/tiketi.com\/"},{"@type":"ListItem","position":2,"name":"ABC Transport Online Booking, Bus Tickets, Routes &#038; Fares"}]},{"@type":"WebSite","@id":"https:\/\/tiketi.com\/#website","url":"https:\/\/tiketi.com\/","name":"Billets d&#039;avion et de bus, forfaits touristiques et activit\u00e9s - Tiketi.com","description":"Billets d&#039;avion et de bus, Tours, Activit\u00e9s","publisher":{"@id":"https:\/\/tiketi.com\/#organization"},"potentialAction":[{"@type":"SearchAction","target":{"@type":"EntryPoint","urlTemplate":"https:\/\/tiketi.com\/?s={search_term_string}"},"query-input":{"@type":"PropertyValueSpecification","valueRequired":true,"valueName":"search_term_string"}}],"inLanguage":"fr-FR"},{"@type":"Organization","@id":"https:\/\/tiketi.com\/#organization","name":"Tiketi.com","alternateName":"Tiketi","url":"https:\/\/tiketi.com\/","logo":{"@type":"ImageObject","inLanguage":"fr-FR","@id":"https:\/\/tiketi.com\/#\/schema\/logo\/image\/","url":"https:\/\/tiketi.com\/wp-content\/uploads\/2019\/05\/tiketi-logo-696.png","contentUrl":"https:\/\/tiketi.com\/wp-content\/uploads\/2019\/05\/tiketi-logo-696.png","width":696,"height":696,"caption":"Tiketi.com"},"image":{"@id":"https:\/\/tiketi.com\/#\/schema\/logo\/image\/"},"sameAs":["https:\/\/www.facebook.com\/TiketiCom\/"]}]}},"_links":{"self":[{"href":"https:\/\/tiketi.com\/fr-fr\/wp-json\/wp\/v2\/pages\/11342","targetHints":{"allow":["GET"]}}],"collection":[{"href":"https:\/\/tiketi.com\/fr-fr\/wp-json\/wp\/v2\/pages"}],"about":[{"href":"https:\/\/tiketi.com\/fr-fr\/wp-json\/wp\/v2\/types\/page"}],"author":[{"embeddable":true,"href":"https:\/\/tiketi.com\/fr-fr\/wp-json\/wp\/v2\/users\/1"}],"replies":[{"embeddable":true,"href":"https:\/\/tiketi.com\/fr-fr\/wp-json\/wp\/v2\/comments?post=11342"}],"version-history":[{"count":0,"href":"https:\/\/tiketi.com\/fr-fr\/wp-json\/wp\/v2\/pages\/11342\/revisions"}],"wp:featuredmedia":[{"embeddable":true,"href":"https:\/\/tiketi.com\/fr-fr\/wp-json\/wp\/v2\/media\/13999"}],"wp:attachment":[{"href":"https:\/\/tiketi.com\/fr-fr\/wp-json\/wp\/v2\/media?parent=11342"}],"curies":[{"name":"wp","href":"https:\/\/api.w.org\/{rel}","templated":true}]}}