{"id":11344,"date":"2022-01-19T12:54:31","date_gmt":"2022-01-19T11:54:31","guid":{"rendered":"https:\/\/new.tiketi.com\/apm-online-booking-tickets-reservation-routes-fares\/"},"modified":"2023-02-17T17:28:25","modified_gmt":"2023-02-17T16:28:25","slug":"apm-bus","status":"publish","type":"page","link":"https:\/\/tiketi.com\/fr-fr\/apm-bus\/","title":{"rendered":"APM Bus R\u00e9servation en ligne, billets, tarifs, horaires et itin\u00e9raires"},"content":{"rendered":"<h2>R\u00e9servation en ligne de billets de bus APM pas chers<\/h2>\n<h3>D\u00e9couvrez votre itin\u00e9raire de voyage sur le Web, le mobile ou l&#039;application et effectuez d\u00e8s maintenant une r\u00e9servation en ligne APM \u00e0 bas prix.<\/h3>\n<p>R\u00e9servation en ligne de bus APM simplifi\u00e9e. Le transporteur de personnes africain, \u00e9galement appel\u00e9 AMP, est une soci\u00e9t\u00e9 de bus d&#039;Afrique australe qui existe depuis 2014. L&#039;entreprise est une entreprise d\u00e9tenue et g\u00e9r\u00e9e \u00e0 cent pour cent par des Noirs qui offre des services de r\u00e9servation en ligne APM en Afrique du Sud. R\u00e9servez en ligne d\u00e8s maintenant vos billets de bus APM pas chers et \u00e9conomisez du temps et de l&#039;argent.<\/p>\n<h2>FAQ sur la r\u00e9servation en ligne, les horaires, les itin\u00e9raires et les tarifs d&#039;APM<\/h2>\n<h3>Quels sont les c\u00e9l\u00e8bres itin\u00e9raires et tarifs des bus APM\u00a0?<\/h3>\n<p>\u2022 De Bloemfontein au Cap<br \/>\n\u2022 Du Cap \u00e0 Bloemfontein<br \/>\n\u2022 Le Cap \u00e0 Johannesburg<br \/>\n\u2022 Johannesbourg \u00e0 Polokwane<br \/>\n\u2022 De Johannesburg au Cap<br \/>\n\u2022 Est de Londres \u00e0 Johannesburg<br \/>\n\u2022 Johannesburg \u00e0 East London<br \/>\n\u2022 Durban \u00e0 Johannesbourg<br \/>\n\u2022 Johannesbourg \u00e0 Durban<br \/>\n\u2022 Durban \u00e0 Johannesbourg<br \/>\n\u2022 De Pretoria \u00e0 Durban<br \/>\n\u2022 Durban \u00e0 Pretoria<br \/>\n\u2022 Johannesbourg \u00e0 Le Cap<br \/>\n\u2022 Le Cap \u00e0 Johannesburg<br \/>\n\u2022 Mthatha \u00e0 Johannesbourg<br \/>\n\u2022 Johannesbourg \u00e0 Mthatha<br \/>\n\u2022 la ville de King Williams \u00e0 Johannesburg<br \/>\n\u2022 De Johannesburg \u00e0 la ville de King Williams<\/p>\n<h3>Ligne de service APM bus Afrique du Sud<\/h3>\n<p>La r\u00e9servation en ligne APM propose des services de transport interurbain de passagers en Afrique du Sud reliant Polokwane, Pretoria et Johannesburg au nord du pays \u00e0 Durban \u00e0 l&#039;est et le port Elizabeth, Cape Town et East London au sud.<\/p>\n<h3>Conditions de r\u00e9servation en ligne des billets de bus APM<\/h3>\n<p>La compagnie de bus APM propose \u00e0 la fois des services de transport de passagers et des services de transport de colis vers tous les endroits o\u00f9 se rendaient leurs bus APM.<\/p>\n<p>Les passagers doivent \u00eatre au point de d\u00e9part au moins une demi-heure avant l&#039;heure de d\u00e9part. Si vous arrivez plus tard, vous ne pourrez peut-\u00eatre pas embarquer.<\/p>\n<p>Les passagers qui arrivent moins d&#039;une heure apr\u00e8s l&#039;heure de d\u00e9part encourent une p\u00e9nalit\u00e9 de cinquante pour cent et peuvent \u00eatre transf\u00e9r\u00e9s au d\u00e9part suivant, tandis que les passagers arrivant plus d&#039;une heure en retard obtiennent malheureusement une p\u00e9nalit\u00e9 de cent pour cent.<\/p>\n<h3>Quelles sont les coordonn\u00e9es de la r\u00e9servation en ligne de billets de bus APM ?<\/h3>\n<p>Africa People Mover Pty Ltd Si\u00e8ge social<br \/>\n50 Delfos Road, Pretoria<br \/>\nIndustriel, Pretoria, 0183<\/p>\n<h2>Conseils de r\u00e9servation en ligne APM Bus<\/h2>\n<p>APM bus bookings South Africa Company a d\u00e9velopp\u00e9 un mod\u00e8le de service qui s&#039;articule principalement autour du passager tout en assurant la p\u00e9rennit\u00e9 sociale et commerciale de l&#039;organisation sur le long terme.<\/p>","protected":false},"excerpt":{"rendered":"<p>Cheap APM Bus Tickets Online Booking Discover your travel route on web, mobile or app and do cheap APM online booking now. APM bus online booking made easy. African people mover also called as AMP is a Southern African Bus company which has been in the business since 2014. The firm is hundred percent black [&hellip;]<\/p>\n","protected":false},"author":1,"featured_media":13999,"parent":0,"menu_order":0,"comment_status":"open","ping_status":"closed","template":"template-home-modern.php","meta":{"footnotes":""},"class_list":["post-11344","page","type-page","status-publish","has-post-thumbnail","hentry"],"yoast_head":"<!-- This site is optimized with the Yoast SEO plugin v27.3 - https:\/\/yoast.com\/product\/yoast-seo-wordpress\/ -->\n<title>APM Bus Online Booking, Tickets, Fares, Schedule &amp; Routes<\/title>\n<meta name=\"description\" content=\"Looking for APM bus online booking South Africa, bus routes, fares and schedule timing? Do cheap APM bus tickets online booking now and save.\" \/>\n<meta name=\"robots\" content=\"index, follow, max-snippet:-1, max-image-preview:large, max-video-preview:-1\" \/>\n<link rel=\"canonical\" href=\"https:\/\/tiketi.com\/fr-fr\/apm-bus\/\" \/>\n<meta property=\"og:locale\" content=\"fr_FR\" \/>\n<meta property=\"og:type\" content=\"article\" \/>\n<meta property=\"og:title\" content=\"APM Bus Online Booking, Tickets, Fares, Schedule &amp; Routes\" \/>\n<meta property=\"og:description\" content=\"Looking for APM bus online booking South Africa, bus routes, fares and schedule timing? Do cheap APM bus tickets online booking now and save.\" \/>\n<meta property=\"og:url\" content=\"https:\/\/tiketi.com\/fr-fr\/apm-bus\/\" \/>\n<meta property=\"og:site_name\" content=\"Tiketi.com\" \/>\n<meta property=\"article:publisher\" content=\"https:\/\/www.facebook.com\/TiketiCom\/\" \/>\n<meta property=\"article:modified_time\" content=\"2023-02-17T16:28:25+00:00\" \/>\n<meta property=\"og:image\" content=\"https:\/\/tiketi.com\/wp-content\/uploads\/2022\/01\/bus-ticket-online-booking.jpg\" \/>\n\t<meta property=\"og:image:width\" content=\"1200\" \/>\n\t<meta property=\"og:image:height\" content=\"206\" \/>\n\t<meta property=\"og:image:type\" content=\"image\/jpeg\" \/>\n<meta name=\"twitter:card\" content=\"summary_large_image\" \/>\n<meta name=\"twitter:label1\" content=\"Dur\u00e9e de lecture estim\u00e9e\" \/>\n\t<meta name=\"twitter:data1\" content=\"2 minutes\" \/>\n<script type=\"application\/ld+json\" class=\"yoast-schema-graph\">{\"@context\":\"https:\\\/\\\/schema.org\",\"@graph\":[{\"@type\":\"WebPage\",\"@id\":\"https:\\\/\\\/tiketi.com\\\/apm-bus\\\/\",\"url\":\"https:\\\/\\\/tiketi.com\\\/apm-bus\\\/\",\"name\":\"APM Bus Online Booking, Tickets, Fares, Schedule & Routes\",\"isPartOf\":{\"@id\":\"https:\\\/\\\/tiketi.com\\\/#website\"},\"primaryImageOfPage\":{\"@id\":\"https:\\\/\\\/tiketi.com\\\/apm-bus\\\/#primaryimage\"},\"image\":{\"@id\":\"https:\\\/\\\/tiketi.com\\\/apm-bus\\\/#primaryimage\"},\"thumbnailUrl\":\"https:\\\/\\\/tiketi.com\\\/wp-content\\\/uploads\\\/2022\\\/01\\\/bus-ticket-online-booking.jpg\",\"datePublished\":\"2022-01-19T11:54:31+00:00\",\"dateModified\":\"2023-02-17T16:28:25+00:00\",\"description\":\"Looking for APM bus online booking South Africa, bus routes, fares and schedule timing? Do cheap APM bus tickets online booking now and save.\",\"breadcrumb\":{\"@id\":\"https:\\\/\\\/tiketi.com\\\/apm-bus\\\/#breadcrumb\"},\"inLanguage\":\"fr-FR\",\"potentialAction\":[{\"@type\":\"ReadAction\",\"target\":[\"https:\\\/\\\/tiketi.com\\\/apm-bus\\\/\"]}]},{\"@type\":\"ImageObject\",\"inLanguage\":\"fr-FR\",\"@id\":\"https:\\\/\\\/tiketi.com\\\/apm-bus\\\/#primaryimage\",\"url\":\"https:\\\/\\\/tiketi.com\\\/wp-content\\\/uploads\\\/2022\\\/01\\\/bus-ticket-online-booking.jpg\",\"contentUrl\":\"https:\\\/\\\/tiketi.com\\\/wp-content\\\/uploads\\\/2022\\\/01\\\/bus-ticket-online-booking.jpg\",\"width\":1200,\"height\":206,\"caption\":\"Online Bus Ticket Booking\"},{\"@type\":\"BreadcrumbList\",\"@id\":\"https:\\\/\\\/tiketi.com\\\/apm-bus\\\/#breadcrumb\",\"itemListElement\":[{\"@type\":\"ListItem\",\"position\":1,\"name\":\"Home\",\"item\":\"https:\\\/\\\/tiketi.com\\\/\"},{\"@type\":\"ListItem\",\"position\":2,\"name\":\"APM Bus Online Booking, Tickets, Fares, Schedule &#038; Routes\"}]},{\"@type\":\"WebSite\",\"@id\":\"https:\\\/\\\/tiketi.com\\\/#website\",\"url\":\"https:\\\/\\\/tiketi.com\\\/\",\"name\":\"Flight & Bus Tickets, Tour Packages & Activitites - Tiketi.com\",\"description\":\"Flight &amp; Bus Tickets, Tours, Activitites\",\"publisher\":{\"@id\":\"https:\\\/\\\/tiketi.com\\\/#organization\"},\"potentialAction\":[{\"@type\":\"SearchAction\",\"target\":{\"@type\":\"EntryPoint\",\"urlTemplate\":\"https:\\\/\\\/tiketi.com\\\/?s={search_term_string}\"},\"query-input\":{\"@type\":\"PropertyValueSpecification\",\"valueRequired\":true,\"valueName\":\"search_term_string\"}}],\"inLanguage\":\"fr-FR\"},{\"@type\":\"Organization\",\"@id\":\"https:\\\/\\\/tiketi.com\\\/#organization\",\"name\":\"Tiketi.com\",\"alternateName\":\"Tiketi\",\"url\":\"https:\\\/\\\/tiketi.com\\\/\",\"logo\":{\"@type\":\"ImageObject\",\"inLanguage\":\"fr-FR\",\"@id\":\"https:\\\/\\\/tiketi.com\\\/#\\\/schema\\\/logo\\\/image\\\/\",\"url\":\"https:\\\/\\\/tiketi.com\\\/wp-content\\\/uploads\\\/2019\\\/05\\\/tiketi-logo-696.png\",\"contentUrl\":\"https:\\\/\\\/tiketi.com\\\/wp-content\\\/uploads\\\/2019\\\/05\\\/tiketi-logo-696.png\",\"width\":696,\"height\":696,\"caption\":\"Tiketi.com\"},\"image\":{\"@id\":\"https:\\\/\\\/tiketi.com\\\/#\\\/schema\\\/logo\\\/image\\\/\"},\"sameAs\":[\"https:\\\/\\\/www.facebook.com\\\/TiketiCom\\\/\"]}]}<\/script>\n<!-- \/ Yoast SEO plugin. -->","yoast_head_json":{"title":"APM Bus R\u00e9servation en ligne, billets, tarifs, horaires et itin\u00e9raires","description":"Vous recherchez une r\u00e9servation en ligne de bus APM en Afrique du Sud, des itin\u00e9raires de bus, des tarifs et des horaires? R\u00e9servez en ligne d\u00e8s maintenant vos billets de bus APM \u00e0 bas prix et \u00e9conomisez.","robots":{"index":"index","follow":"follow","max-snippet":"max-snippet:-1","max-image-preview":"max-image-preview:large","max-video-preview":"max-video-preview:-1"},"canonical":"https:\/\/tiketi.com\/fr-fr\/apm-bus\/","og_locale":"fr_FR","og_type":"article","og_title":"APM Bus Online Booking, Tickets, Fares, Schedule & Routes","og_description":"Looking for APM bus online booking South Africa, bus routes, fares and schedule timing? Do cheap APM bus tickets online booking now and save.","og_url":"https:\/\/tiketi.com\/fr-fr\/apm-bus\/","og_site_name":"Tiketi.com","article_publisher":"https:\/\/www.facebook.com\/TiketiCom\/","article_modified_time":"2023-02-17T16:28:25+00:00","og_image":[{"width":1200,"height":206,"url":"https:\/\/tiketi.com\/wp-content\/uploads\/2022\/01\/bus-ticket-online-booking.jpg","type":"image\/jpeg"}],"twitter_card":"summary_large_image","twitter_misc":{"Dur\u00e9e de lecture estim\u00e9e":"2 minutes"},"schema":{"@context":"https:\/\/schema.org","@graph":[{"@type":"WebPage","@id":"https:\/\/tiketi.com\/apm-bus\/","url":"https:\/\/tiketi.com\/apm-bus\/","name":"APM Bus R\u00e9servation en ligne, billets, tarifs, horaires et itin\u00e9raires","isPartOf":{"@id":"https:\/\/tiketi.com\/#website"},"primaryImageOfPage":{"@id":"https:\/\/tiketi.com\/apm-bus\/#primaryimage"},"image":{"@id":"https:\/\/tiketi.com\/apm-bus\/#primaryimage"},"thumbnailUrl":"https:\/\/tiketi.com\/wp-content\/uploads\/2022\/01\/bus-ticket-online-booking.jpg","datePublished":"2022-01-19T11:54:31+00:00","dateModified":"2023-02-17T16:28:25+00:00","description":"Vous recherchez une r\u00e9servation en ligne de bus APM en Afrique du Sud, des itin\u00e9raires de bus, des tarifs et des horaires? R\u00e9servez en ligne d\u00e8s maintenant vos billets de bus APM \u00e0 bas prix et \u00e9conomisez.","breadcrumb":{"@id":"https:\/\/tiketi.com\/apm-bus\/#breadcrumb"},"inLanguage":"fr-FR","potentialAction":[{"@type":"ReadAction","target":["https:\/\/tiketi.com\/apm-bus\/"]}]},{"@type":"ImageObject","inLanguage":"fr-FR","@id":"https:\/\/tiketi.com\/apm-bus\/#primaryimage","url":"https:\/\/tiketi.com\/wp-content\/uploads\/2022\/01\/bus-ticket-online-booking.jpg","contentUrl":"https:\/\/tiketi.com\/wp-content\/uploads\/2022\/01\/bus-ticket-online-booking.jpg","width":1200,"height":206,"caption":"Online Bus Ticket Booking"},{"@type":"BreadcrumbList","@id":"https:\/\/tiketi.com\/apm-bus\/#breadcrumb","itemListElement":[{"@type":"ListItem","position":1,"name":"Home","item":"https:\/\/tiketi.com\/"},{"@type":"ListItem","position":2,"name":"APM Bus Online Booking, Tickets, Fares, Schedule &#038; Routes"}]},{"@type":"WebSite","@id":"https:\/\/tiketi.com\/#website","url":"https:\/\/tiketi.com\/","name":"Billets d&#039;avion et de bus, forfaits touristiques et activit\u00e9s - Tiketi.com","description":"Billets d&#039;avion et de bus, Tours, Activit\u00e9s","publisher":{"@id":"https:\/\/tiketi.com\/#organization"},"potentialAction":[{"@type":"SearchAction","target":{"@type":"EntryPoint","urlTemplate":"https:\/\/tiketi.com\/?s={search_term_string}"},"query-input":{"@type":"PropertyValueSpecification","valueRequired":true,"valueName":"search_term_string"}}],"inLanguage":"fr-FR"},{"@type":"Organization","@id":"https:\/\/tiketi.com\/#organization","name":"Tiketi.com","alternateName":"Tiketi","url":"https:\/\/tiketi.com\/","logo":{"@type":"ImageObject","inLanguage":"fr-FR","@id":"https:\/\/tiketi.com\/#\/schema\/logo\/image\/","url":"https:\/\/tiketi.com\/wp-content\/uploads\/2019\/05\/tiketi-logo-696.png","contentUrl":"https:\/\/tiketi.com\/wp-content\/uploads\/2019\/05\/tiketi-logo-696.png","width":696,"height":696,"caption":"Tiketi.com"},"image":{"@id":"https:\/\/tiketi.com\/#\/schema\/logo\/image\/"},"sameAs":["https:\/\/www.facebook.com\/TiketiCom\/"]}]}},"_links":{"self":[{"href":"https:\/\/tiketi.com\/fr-fr\/wp-json\/wp\/v2\/pages\/11344","targetHints":{"allow":["GET"]}}],"collection":[{"href":"https:\/\/tiketi.com\/fr-fr\/wp-json\/wp\/v2\/pages"}],"about":[{"href":"https:\/\/tiketi.com\/fr-fr\/wp-json\/wp\/v2\/types\/page"}],"author":[{"embeddable":true,"href":"https:\/\/tiketi.com\/fr-fr\/wp-json\/wp\/v2\/users\/1"}],"replies":[{"embeddable":true,"href":"https:\/\/tiketi.com\/fr-fr\/wp-json\/wp\/v2\/comments?post=11344"}],"version-history":[{"count":0,"href":"https:\/\/tiketi.com\/fr-fr\/wp-json\/wp\/v2\/pages\/11344\/revisions"}],"wp:featuredmedia":[{"embeddable":true,"href":"https:\/\/tiketi.com\/fr-fr\/wp-json\/wp\/v2\/media\/13999"}],"wp:attachment":[{"href":"https:\/\/tiketi.com\/fr-fr\/wp-json\/wp\/v2\/media?parent=11344"}],"curies":[{"name":"wp","href":"https:\/\/api.w.org\/{rel}","templated":true}]}}