{"id":11345,"date":"2022-01-19T12:54:31","date_gmt":"2022-01-19T11:54:31","guid":{"rendered":"https:\/\/new.tiketi.com\/city-to-city-bus-online-booking-bus-tickets-schedules-and-prices\/"},"modified":"2022-10-23T20:49:13","modified_gmt":"2022-10-23T19:49:13","slug":"city-to-city-bus","status":"publish","type":"page","link":"https:\/\/tiketi.com\/fr-fr\/companies\/buses\/city-to-city-bus\/","title":{"rendered":"R\u00e9servation en ligne de bus de ville \u00e0 ville, billets de bus, horaires et tarifs"},"content":{"rendered":"<h2>Billets de bus bon march\u00e9 de ville \u00e0 ville R\u00e9servation en ligne<\/h2>\n<h3>D\u00e9couvrez votre itin\u00e9raire de voyage sur le web, le mobile ou l&#039;application et r\u00e9servez en ligne des billets de bus City to City pas chers.<\/h3>\n<p>La r\u00e9servation en ligne de bus City to City en toute simplicit\u00e9. Les bus de ville \u00e0 ville fournissent un vaste r\u00e9seau de bus sans fioritures \u00e0 travers l&#039;Afrique australe et offrent \u00e9galement un service de r\u00e9servation de billets de bus en ligne. Leur r\u00e9seau couvre les grandes villes telles que Pretoria, Johannesburg, Cape Town, Durban en Afrique du Sud ainsi que de nombreuses petites villes du Cap occidental, du Kwa-Zulu Natal, du Cap oriental, de l&#039;\u00c9tat libre, de la province du Limpopo, du Nord-Ouest, du Gauteng et du Mpumalanga. . Les endroits d&#039;Afrique australe contiennent des services vers le Malawi, le Zimbabwe, le Swaziland, le Mozambique, la Zambie et le Lessotho. Alors faites la r\u00e9servation en ligne de billets City to City Bus en ligne et \u00e9conomisez du temps et de l&#039;argent.<\/p>\n<h2>FAQ sur la r\u00e9servation en ligne de bus de ville \u00e0 ville<\/h2>\n<h3>Quels sont les c\u00e9l\u00e8bres trajets parcourus par les bus City to City ?<\/h3>\n<p>\u2022 De la ville de King Williams au Cap<br \/>\n\u2022 Cape Town \u00e0 la ville de King Williams<br \/>\n\u2022 Port Elizabeth au Cap<br \/>\n\u2022 Le Cap \u00e0 Port Elizabeth<br \/>\n\u2022 Pietermaritzburg \u00e0 Johannesbourg<br \/>\n\u2022 Johannesbourg \u00e0 Pietermaritzburg<br \/>\n\u2022 De Bloemfontein au Cap<br \/>\n\u2022 Du Cap \u00e0 Bloemfontein<br \/>\n\u2022 la ville de King Williams \u00e0 Johannesburg<br \/>\n\u2022 Johannesburg \u00e0 la ville de King Williams<br \/>\n\u2022 Polokwane \u00e0 Johannesbourg<br \/>\n\u2022 Johannesbourg \u00e0 Polokwane<br \/>\n\u2022 Johannesbourg \u00e0 Bloemfontein<br \/>\n\u2022 Est de Londres \u00e0 Johannesburg<br \/>\n\u2022 Johannesburg \u00e0 East London<br \/>\n\u2022 Johannesbourg \u00e0 Nelspruit<br \/>\n\u2022 Kimberley \u00e0 Johannesbourg<br \/>\n\u2022 Johannesbourg \u00e0 Kimberley<br \/>\n\u2022 Bloemfontein \u00e0 Johannesbourg<br \/>\n\u2022 Johannesbourg \u00e0 Nelspruit<\/p>\n<h3>Tarifs des bus de ville \u00e0 ville<\/h3>\n<p>Bien que la ville \u00e0 la ville soit une compagnie de bus abordable en Afrique du Sud, le prix de leur billet change en cons\u00e9quence, loin est le voyage<\/p>\n<p>Tous les billets de bus accessibles Bloemfontein \u00e0 Pretoria co\u00fbts g\u00e9n\u00e9ralement de R 170 \u00e0 R 530 par si\u00e8ge.<\/p>\n<p>Tous les voyages de bus accessibles Le Cap billets \u00e0 Mthatha co\u00fbts g\u00e9n\u00e9ralement de R 440 \u00e0 R 540 par si\u00e8ge.<\/p>\n<p>G\u00e9n\u00e9ralement, les passagers paieront un prix de billet de bus de ville \u00e0 ville de 590 R. Alors que le prix du billet de bus pour les autres entreprises est de 650 R \u00e0 680 R.<\/p>\n<h3>Quelles sont les coordonn\u00e9es de City to City Buses ?<\/h3>\n<p>Scheiding St, Bosman, Pretoria, 0001, Afrique du Sud.<\/p>\n<h2>Billets de bus bon march\u00e9 de ville \u00e0 ville Conseils de r\u00e9servation en ligne<\/h2>\n<p>Vous pouvez effectuer une r\u00e9servation en ligne de billets City to City Bus en toute s\u00e9curit\u00e9 et facilement ou appeler le centre d&#039;appels, o\u00f9 les clients peuvent acheter un billet de bus.<\/p>","protected":false},"excerpt":{"rendered":"<p>Cheap City to City Bus Tickets Online Booking Discover your travel route on web, mobile or app and book cheap City to City bus tickets online. City to City bus online booking made easy.\u00a0City to city buses provides a big network of no frills busses across Southern Africa and also offer online bus ticket booking [&hellip;]<\/p>\n","protected":false},"author":1,"featured_media":13999,"parent":25524,"menu_order":0,"comment_status":"open","ping_status":"closed","template":"template-home-modern.php","meta":{"footnotes":""},"class_list":["post-11345","page","type-page","status-publish","has-post-thumbnail","hentry"],"yoast_head":"<!-- This site is optimized with the Yoast SEO plugin v27.4 - https:\/\/yoast.com\/product\/yoast-seo-wordpress\/ -->\n<title>City to City Bus Online Booking, Bus Tickets, Schedules and Fares<\/title>\n<meta name=\"description\" content=\"Looking for City to City bus online booking, app, contacts, route, fare and schedule? Make cheap Climax Coaches online bus ticket booking\" \/>\n<meta name=\"robots\" content=\"index, follow, max-snippet:-1, max-image-preview:large, max-video-preview:-1\" \/>\n<link rel=\"canonical\" href=\"https:\/\/tiketi.com\/fr-fr\/companies\/buses\/city-to-city-bus\/\" \/>\n<meta property=\"og:locale\" content=\"fr_FR\" \/>\n<meta property=\"og:type\" content=\"article\" \/>\n<meta property=\"og:title\" content=\"City to City Bus Online Booking, Bus Tickets, Schedules and Fares\" \/>\n<meta property=\"og:description\" content=\"Looking for City to City bus online booking, app, contacts, route, fare and schedule? Make cheap Climax Coaches online bus ticket booking\" \/>\n<meta property=\"og:url\" content=\"https:\/\/tiketi.com\/fr-fr\/companies\/buses\/city-to-city-bus\/\" \/>\n<meta property=\"og:site_name\" content=\"Tiketi.com\" \/>\n<meta property=\"article:publisher\" content=\"https:\/\/www.facebook.com\/TiketiCom\/\" \/>\n<meta property=\"article:modified_time\" content=\"2022-10-23T19:49:13+00:00\" \/>\n<meta property=\"og:image\" content=\"https:\/\/tiketi.com\/wp-content\/uploads\/2022\/01\/bus-ticket-online-booking.jpg\" \/>\n\t<meta property=\"og:image:width\" content=\"1200\" \/>\n\t<meta property=\"og:image:height\" content=\"206\" \/>\n\t<meta property=\"og:image:type\" content=\"image\/jpeg\" \/>\n<meta name=\"twitter:card\" content=\"summary_large_image\" \/>\n<meta name=\"twitter:label1\" content=\"Dur\u00e9e de lecture estim\u00e9e\" \/>\n\t<meta name=\"twitter:data1\" content=\"2 minutes\" \/>\n<script type=\"application\/ld+json\" class=\"yoast-schema-graph\">{\"@context\":\"https:\\\/\\\/schema.org\",\"@graph\":[{\"@type\":\"WebPage\",\"@id\":\"https:\\\/\\\/tiketi.com\\\/companies\\\/buses\\\/city-to-city-bus\\\/\",\"url\":\"https:\\\/\\\/tiketi.com\\\/companies\\\/buses\\\/city-to-city-bus\\\/\",\"name\":\"City to City Bus Online Booking, Bus Tickets, Schedules and Fares\",\"isPartOf\":{\"@id\":\"https:\\\/\\\/tiketi.com\\\/#website\"},\"primaryImageOfPage\":{\"@id\":\"https:\\\/\\\/tiketi.com\\\/companies\\\/buses\\\/city-to-city-bus\\\/#primaryimage\"},\"image\":{\"@id\":\"https:\\\/\\\/tiketi.com\\\/companies\\\/buses\\\/city-to-city-bus\\\/#primaryimage\"},\"thumbnailUrl\":\"https:\\\/\\\/tiketi.com\\\/wp-content\\\/uploads\\\/2022\\\/01\\\/bus-ticket-online-booking.jpg\",\"datePublished\":\"2022-01-19T11:54:31+00:00\",\"dateModified\":\"2022-10-23T19:49:13+00:00\",\"description\":\"Looking for City to City bus online booking, app, contacts, route, fare and schedule? Make cheap Climax Coaches online bus ticket booking\",\"breadcrumb\":{\"@id\":\"https:\\\/\\\/tiketi.com\\\/companies\\\/buses\\\/city-to-city-bus\\\/#breadcrumb\"},\"inLanguage\":\"fr-FR\",\"potentialAction\":[{\"@type\":\"ReadAction\",\"target\":[\"https:\\\/\\\/tiketi.com\\\/companies\\\/buses\\\/city-to-city-bus\\\/\"]}]},{\"@type\":\"ImageObject\",\"inLanguage\":\"fr-FR\",\"@id\":\"https:\\\/\\\/tiketi.com\\\/companies\\\/buses\\\/city-to-city-bus\\\/#primaryimage\",\"url\":\"https:\\\/\\\/tiketi.com\\\/wp-content\\\/uploads\\\/2022\\\/01\\\/bus-ticket-online-booking.jpg\",\"contentUrl\":\"https:\\\/\\\/tiketi.com\\\/wp-content\\\/uploads\\\/2022\\\/01\\\/bus-ticket-online-booking.jpg\",\"width\":1200,\"height\":206,\"caption\":\"Online Bus Ticket Booking\"},{\"@type\":\"BreadcrumbList\",\"@id\":\"https:\\\/\\\/tiketi.com\\\/companies\\\/buses\\\/city-to-city-bus\\\/#breadcrumb\",\"itemListElement\":[{\"@type\":\"ListItem\",\"position\":1,\"name\":\"Home\",\"item\":\"https:\\\/\\\/tiketi.com\\\/\"},{\"@type\":\"ListItem\",\"position\":2,\"name\":\"Companies\",\"item\":\"https:\\\/\\\/tiketi.com\\\/companies\\\/\"},{\"@type\":\"ListItem\",\"position\":3,\"name\":\"Buses\",\"item\":\"https:\\\/\\\/tiketi.com\\\/companies\\\/buses\\\/\"},{\"@type\":\"ListItem\",\"position\":4,\"name\":\"City to City Bus Online Booking, Bus Tickets, Schedules and Fares\"}]},{\"@type\":\"WebSite\",\"@id\":\"https:\\\/\\\/tiketi.com\\\/#website\",\"url\":\"https:\\\/\\\/tiketi.com\\\/\",\"name\":\"Flight & Bus Tickets, Tour Packages & Activitites - Tiketi.com\",\"description\":\"Flight &amp; Bus Tickets, Tours, Activitites\",\"publisher\":{\"@id\":\"https:\\\/\\\/tiketi.com\\\/#organization\"},\"potentialAction\":[{\"@type\":\"SearchAction\",\"target\":{\"@type\":\"EntryPoint\",\"urlTemplate\":\"https:\\\/\\\/tiketi.com\\\/?s={search_term_string}\"},\"query-input\":{\"@type\":\"PropertyValueSpecification\",\"valueRequired\":true,\"valueName\":\"search_term_string\"}}],\"inLanguage\":\"fr-FR\"},{\"@type\":\"Organization\",\"@id\":\"https:\\\/\\\/tiketi.com\\\/#organization\",\"name\":\"Tiketi.com\",\"alternateName\":\"Tiketi\",\"url\":\"https:\\\/\\\/tiketi.com\\\/\",\"logo\":{\"@type\":\"ImageObject\",\"inLanguage\":\"fr-FR\",\"@id\":\"https:\\\/\\\/tiketi.com\\\/#\\\/schema\\\/logo\\\/image\\\/\",\"url\":\"https:\\\/\\\/tiketi.com\\\/wp-content\\\/uploads\\\/2019\\\/05\\\/tiketi-logo-696.png\",\"contentUrl\":\"https:\\\/\\\/tiketi.com\\\/wp-content\\\/uploads\\\/2019\\\/05\\\/tiketi-logo-696.png\",\"width\":696,\"height\":696,\"caption\":\"Tiketi.com\"},\"image\":{\"@id\":\"https:\\\/\\\/tiketi.com\\\/#\\\/schema\\\/logo\\\/image\\\/\"},\"sameAs\":[\"https:\\\/\\\/www.facebook.com\\\/TiketiCom\\\/\"]}]}<\/script>\n<!-- \/ Yoast SEO plugin. -->","yoast_head_json":{"title":"R\u00e9servation en ligne de bus de ville \u00e0 ville, billets de bus, horaires et tarifs","description":"Vous recherchez une r\u00e9servation en ligne de bus City to City, une application, des contacts, un itin\u00e9raire, un tarif et un horaire\u00a0? R\u00e9servez vos billets de bus en ligne Climax Coaches \u00e0 bas prix","robots":{"index":"index","follow":"follow","max-snippet":"max-snippet:-1","max-image-preview":"max-image-preview:large","max-video-preview":"max-video-preview:-1"},"canonical":"https:\/\/tiketi.com\/fr-fr\/companies\/buses\/city-to-city-bus\/","og_locale":"fr_FR","og_type":"article","og_title":"City to City Bus Online Booking, Bus Tickets, Schedules and Fares","og_description":"Looking for City to City bus online booking, app, contacts, route, fare and schedule? Make cheap Climax Coaches online bus ticket booking","og_url":"https:\/\/tiketi.com\/fr-fr\/companies\/buses\/city-to-city-bus\/","og_site_name":"Tiketi.com","article_publisher":"https:\/\/www.facebook.com\/TiketiCom\/","article_modified_time":"2022-10-23T19:49:13+00:00","og_image":[{"width":1200,"height":206,"url":"https:\/\/tiketi.com\/wp-content\/uploads\/2022\/01\/bus-ticket-online-booking.jpg","type":"image\/jpeg"}],"twitter_card":"summary_large_image","twitter_misc":{"Dur\u00e9e de lecture estim\u00e9e":"2 minutes"},"schema":{"@context":"https:\/\/schema.org","@graph":[{"@type":"WebPage","@id":"https:\/\/tiketi.com\/companies\/buses\/city-to-city-bus\/","url":"https:\/\/tiketi.com\/companies\/buses\/city-to-city-bus\/","name":"R\u00e9servation en ligne de bus de ville \u00e0 ville, billets de bus, horaires et tarifs","isPartOf":{"@id":"https:\/\/tiketi.com\/#website"},"primaryImageOfPage":{"@id":"https:\/\/tiketi.com\/companies\/buses\/city-to-city-bus\/#primaryimage"},"image":{"@id":"https:\/\/tiketi.com\/companies\/buses\/city-to-city-bus\/#primaryimage"},"thumbnailUrl":"https:\/\/tiketi.com\/wp-content\/uploads\/2022\/01\/bus-ticket-online-booking.jpg","datePublished":"2022-01-19T11:54:31+00:00","dateModified":"2022-10-23T19:49:13+00:00","description":"Vous recherchez une r\u00e9servation en ligne de bus City to City, une application, des contacts, un itin\u00e9raire, un tarif et un horaire\u00a0? R\u00e9servez vos billets de bus en ligne Climax Coaches \u00e0 bas prix","breadcrumb":{"@id":"https:\/\/tiketi.com\/companies\/buses\/city-to-city-bus\/#breadcrumb"},"inLanguage":"fr-FR","potentialAction":[{"@type":"ReadAction","target":["https:\/\/tiketi.com\/companies\/buses\/city-to-city-bus\/"]}]},{"@type":"ImageObject","inLanguage":"fr-FR","@id":"https:\/\/tiketi.com\/companies\/buses\/city-to-city-bus\/#primaryimage","url":"https:\/\/tiketi.com\/wp-content\/uploads\/2022\/01\/bus-ticket-online-booking.jpg","contentUrl":"https:\/\/tiketi.com\/wp-content\/uploads\/2022\/01\/bus-ticket-online-booking.jpg","width":1200,"height":206,"caption":"Online Bus Ticket Booking"},{"@type":"BreadcrumbList","@id":"https:\/\/tiketi.com\/companies\/buses\/city-to-city-bus\/#breadcrumb","itemListElement":[{"@type":"ListItem","position":1,"name":"Home","item":"https:\/\/tiketi.com\/"},{"@type":"ListItem","position":2,"name":"Companies","item":"https:\/\/tiketi.com\/companies\/"},{"@type":"ListItem","position":3,"name":"Buses","item":"https:\/\/tiketi.com\/companies\/buses\/"},{"@type":"ListItem","position":4,"name":"City to City Bus Online Booking, Bus Tickets, Schedules and Fares"}]},{"@type":"WebSite","@id":"https:\/\/tiketi.com\/#website","url":"https:\/\/tiketi.com\/","name":"Billets d&#039;avion et de bus, forfaits touristiques et activit\u00e9s - Tiketi.com","description":"Billets d&#039;avion et de bus, Tours, Activit\u00e9s","publisher":{"@id":"https:\/\/tiketi.com\/#organization"},"potentialAction":[{"@type":"SearchAction","target":{"@type":"EntryPoint","urlTemplate":"https:\/\/tiketi.com\/?s={search_term_string}"},"query-input":{"@type":"PropertyValueSpecification","valueRequired":true,"valueName":"search_term_string"}}],"inLanguage":"fr-FR"},{"@type":"Organization","@id":"https:\/\/tiketi.com\/#organization","name":"Tiketi.com","alternateName":"Tiketi","url":"https:\/\/tiketi.com\/","logo":{"@type":"ImageObject","inLanguage":"fr-FR","@id":"https:\/\/tiketi.com\/#\/schema\/logo\/image\/","url":"https:\/\/tiketi.com\/wp-content\/uploads\/2019\/05\/tiketi-logo-696.png","contentUrl":"https:\/\/tiketi.com\/wp-content\/uploads\/2019\/05\/tiketi-logo-696.png","width":696,"height":696,"caption":"Tiketi.com"},"image":{"@id":"https:\/\/tiketi.com\/#\/schema\/logo\/image\/"},"sameAs":["https:\/\/www.facebook.com\/TiketiCom\/"]}]}},"_links":{"self":[{"href":"https:\/\/tiketi.com\/fr-fr\/wp-json\/wp\/v2\/pages\/11345","targetHints":{"allow":["GET"]}}],"collection":[{"href":"https:\/\/tiketi.com\/fr-fr\/wp-json\/wp\/v2\/pages"}],"about":[{"href":"https:\/\/tiketi.com\/fr-fr\/wp-json\/wp\/v2\/types\/page"}],"author":[{"embeddable":true,"href":"https:\/\/tiketi.com\/fr-fr\/wp-json\/wp\/v2\/users\/1"}],"replies":[{"embeddable":true,"href":"https:\/\/tiketi.com\/fr-fr\/wp-json\/wp\/v2\/comments?post=11345"}],"version-history":[{"count":0,"href":"https:\/\/tiketi.com\/fr-fr\/wp-json\/wp\/v2\/pages\/11345\/revisions"}],"up":[{"embeddable":true,"href":"https:\/\/tiketi.com\/fr-fr\/wp-json\/wp\/v2\/pages\/25524"}],"wp:featuredmedia":[{"embeddable":true,"href":"https:\/\/tiketi.com\/fr-fr\/wp-json\/wp\/v2\/media\/13999"}],"wp:attachment":[{"href":"https:\/\/tiketi.com\/fr-fr\/wp-json\/wp\/v2\/media?parent=11345"}],"curies":[{"name":"wp","href":"https:\/\/api.w.org\/{rel}","templated":true}]}}