{"id":11346,"date":"2022-01-19T12:54:31","date_gmt":"2022-01-19T11:54:31","guid":{"rendered":"https:\/\/new.tiketi.com\/myciti-bus-online-booking-tickets-reservation-routes-fares\/"},"modified":"2022-07-14T13:02:11","modified_gmt":"2022-07-14T12:02:11","slug":"myciti-bus","status":"publish","type":"page","link":"https:\/\/tiketi.com\/fr-fr\/myciti-bus\/","title":{"rendered":"R\u00e9servation en ligne MyCiti Bus, r\u00e9servation de billets, itin\u00e9raires et tarifs"},"content":{"rendered":"<p><strong>Un d:&nbsp;<\/strong><\/p>\n<p><strong><a href=\"https:\/\/fiymo.com\/register\" target=\"_blank\" rel=\"noopener\"><\/a><\/strong><\/p>\n<h2>R\u00e9servation de billets de bus MyCiti pas chers<\/h2>\n<h3>D\u00e9couvrez votre itin\u00e9raire de voyage sur le web, le mobile ou l&#039;application et r\u00e9servez des billets de bus MyCiti pas chers en ligne d\u00e8s maintenant.<\/h3>\n<p>La r\u00e9servation en ligne MyCiti Bus simplifi\u00e9e. Que vous visitiez la ville ou que vous viviez ici en tant que domestique, le MyCiti est le meilleur moyen de se d\u00e9placer au Cap. Cette c\u00e9l\u00e8bre compagnie de bus a commenc\u00e9 \u00e0 l&#039;\u00e9poque de la Coupe du monde de football de la FIFA en 2010, et depuis lors, de nombreux autres bus et itin\u00e9raires ont \u00e9t\u00e9 ajout\u00e9s pour offrir de nombreuses fa\u00e7ons d&#039;aller de A \u00e0 B. Il en va de m\u00eame pour les billets MyCiti Bus en r\u00e9servant en ligne maintenant pour voyager. pas cher, s\u00fbr et facile en Afrique du Sud.<\/p>\n<h2>FAQ sur la r\u00e9servation en ligne de MyCiti Bus, la r\u00e9servation de billets, les itin\u00e9raires et les tarifs<\/h2>\n<h3>Quels sont les trajets couverts par le bus MyCiti ?<\/h3>\n<p>Les itin\u00e9raires de ce syst\u00e8me de bus traversent la p\u00e9ninsule. Des itin\u00e9raires c\u00e9l\u00e8bres tels que l&#039;itin\u00e9raire de l&#039;a\u00e9roport au centre-ville sont utilis\u00e9s par de nombreuses personnes, tandis qu&#039;il existe \u00e9galement des itin\u00e9raires qui relient \u00e9galement diverses autres parties de la ville. Avec de nombreux nouveaux itin\u00e9raires inclus, cela garantit que les gens de partout peuvent trouver une station \u00e0 proximit\u00e9 - o\u00f9 qu&#039;ils se trouvent.<\/p>\n<p>Pour vous donner une id\u00e9e des itin\u00e9raires g\u00e9n\u00e9raux suivis par les bus, les zones importantes contiennent les \u00e9l\u00e9ments suivants\u00a0:<\/p>\n<p>\u2022 Quartier du centre-ville<br \/>\n\u2022 Zone Atlantide<br \/>\n\u2022 Hout Bay, Camps Bay et Central City<br \/>\n\u2022 Zone d&#039;affichage du tableau<br \/>\n\u2022 Quartier Century City<br \/>\n\u2022 Mekboostrand et zone d&#039;affichage du tableau<br \/>\n\u2022 Zone a\u00e9roportuaire<\/p>\n<h3>Quelles sont les coordonn\u00e9es de MyCiti Bus tickets booking &amp; bus ?<\/h3>\n<p>Case postale 1907<br \/>\nPr\u00e9toria<br \/>\n0001<\/p>\n<h2>Conseils de r\u00e9servation de billets de bus MyCiti<\/h2>\n<h3>Billets et tarifs de bus MyCiti<\/h3>\n<p>Contrairement \u00e0 la plupart des bus \u00e0 arr\u00eats multiples, les voyageurs MyCiti doivent acheter une carte myconnect pr\u00e9charg\u00e9e. Les enfants de moins de 4 ans et de moins d&#039;un m\u00e8tre voyagent de toute fa\u00e7on gratuitement. Les cartes peuvent \u00eatre achet\u00e9es en ligne, dans les kiosques de gare ou chez diff\u00e9rents d\u00e9taillants de la ville pour le prix de d\u00e9part de R25. Vous pouvez \u00e9galement obtenir un forfait unique MyCiti Movers via les kiosques de gare, qui vous offre jusqu&#039;\u00e0 vingt pour cent de r\u00e9duction sur le tarif. Une fois que vous avez votre carte, vous pouvez l&#039;utiliser \u00e0 chaque fois que vous prenez le bus.<\/p>","protected":false},"excerpt":{"rendered":"<p>Ad:&nbsp; Cheap MyCiti Bus Tickets Booking Discover your travel route on web, mobile or app and book cheap MyCiti bus tickets online now. MyCiti Bus online booking made easy. Whether you are visiting the city or living here as a domestic person, the MyCiti is a best way to get around Cape Town. This famous [&hellip;]<\/p>\n","protected":false},"author":1,"featured_media":13999,"parent":0,"menu_order":0,"comment_status":"open","ping_status":"closed","template":"template-home-modern.php","meta":{"footnotes":""},"class_list":["post-11346","page","type-page","status-publish","has-post-thumbnail","hentry"],"yoast_head":"<!-- This site is optimized with the Yoast SEO plugin v27.2 - https:\/\/yoast.com\/product\/yoast-seo-wordpress\/ -->\n<title>MyCiti Bus Online Booking, Bus Tickets, Route, Schedule &amp; Fare<\/title>\n<meta name=\"description\" content=\"Looking for MyCiti bus online booking, app, contacts, bus routes, fare and schedule? Make cheap MyCiti Bus tickets booking online now\" \/>\n<meta name=\"robots\" content=\"index, follow, max-snippet:-1, max-image-preview:large, max-video-preview:-1\" \/>\n<link rel=\"canonical\" href=\"https:\/\/tiketi.com\/fr-fr\/myciti-bus\/\" \/>\n<meta property=\"og:locale\" content=\"fr_FR\" \/>\n<meta property=\"og:type\" content=\"article\" \/>\n<meta property=\"og:title\" content=\"MyCiti Bus Online Booking, Bus Tickets, Route, Schedule &amp; Fare\" \/>\n<meta property=\"og:description\" content=\"Looking for MyCiti bus online booking, app, contacts, bus routes, fare and schedule? Make cheap MyCiti Bus tickets booking online now\" \/>\n<meta property=\"og:url\" content=\"https:\/\/tiketi.com\/fr-fr\/myciti-bus\/\" \/>\n<meta property=\"og:site_name\" content=\"Tiketi.com\" \/>\n<meta property=\"article:publisher\" content=\"https:\/\/www.facebook.com\/TiketiCom\/\" \/>\n<meta property=\"article:modified_time\" content=\"2022-07-14T12:02:11+00:00\" \/>\n<meta property=\"og:image\" content=\"https:\/\/tiketi.com\/wp-content\/uploads\/2022\/01\/bus-ticket-online-booking.jpg\" \/>\n\t<meta property=\"og:image:width\" content=\"1200\" \/>\n\t<meta property=\"og:image:height\" content=\"206\" \/>\n\t<meta property=\"og:image:type\" content=\"image\/jpeg\" \/>\n<meta name=\"twitter:card\" content=\"summary_large_image\" \/>\n<meta name=\"twitter:label1\" content=\"Dur\u00e9e de lecture estim\u00e9e\" \/>\n\t<meta name=\"twitter:data1\" content=\"2 minutes\" \/>\n<script type=\"application\/ld+json\" class=\"yoast-schema-graph\">{\"@context\":\"https:\/\/schema.org\",\"@graph\":[{\"@type\":\"WebPage\",\"@id\":\"https:\/\/tiketi.com\/myciti-bus\/\",\"url\":\"https:\/\/tiketi.com\/myciti-bus\/\",\"name\":\"MyCiti Bus Online Booking, Bus Tickets, Route, Schedule & Fare\",\"isPartOf\":{\"@id\":\"https:\/\/tiketi.com\/#website\"},\"primaryImageOfPage\":{\"@id\":\"https:\/\/tiketi.com\/myciti-bus\/#primaryimage\"},\"image\":{\"@id\":\"https:\/\/tiketi.com\/myciti-bus\/#primaryimage\"},\"thumbnailUrl\":\"https:\/\/tiketi.com\/wp-content\/uploads\/2022\/01\/bus-ticket-online-booking.jpg\",\"datePublished\":\"2022-01-19T11:54:31+00:00\",\"dateModified\":\"2022-07-14T12:02:11+00:00\",\"description\":\"Looking for MyCiti bus online booking, app, contacts, bus routes, fare and schedule? Make cheap MyCiti Bus tickets booking online now\",\"breadcrumb\":{\"@id\":\"https:\/\/tiketi.com\/myciti-bus\/#breadcrumb\"},\"inLanguage\":\"fr-FR\",\"potentialAction\":[{\"@type\":\"ReadAction\",\"target\":[\"https:\/\/tiketi.com\/myciti-bus\/\"]}]},{\"@type\":\"ImageObject\",\"inLanguage\":\"fr-FR\",\"@id\":\"https:\/\/tiketi.com\/myciti-bus\/#primaryimage\",\"url\":\"https:\/\/tiketi.com\/wp-content\/uploads\/2022\/01\/bus-ticket-online-booking.jpg\",\"contentUrl\":\"https:\/\/tiketi.com\/wp-content\/uploads\/2022\/01\/bus-ticket-online-booking.jpg\",\"width\":1200,\"height\":206,\"caption\":\"Online Bus Ticket Booking\"},{\"@type\":\"BreadcrumbList\",\"@id\":\"https:\/\/tiketi.com\/myciti-bus\/#breadcrumb\",\"itemListElement\":[{\"@type\":\"ListItem\",\"position\":1,\"name\":\"Home\",\"item\":\"https:\/\/tiketi.com\/\"},{\"@type\":\"ListItem\",\"position\":2,\"name\":\"MyCiti Bus Online Booking, Tickets Reservation, Routes &#038; Fares\"}]},{\"@type\":\"WebSite\",\"@id\":\"https:\/\/tiketi.com\/#website\",\"url\":\"https:\/\/tiketi.com\/\",\"name\":\"Flight & Bus Tickets, Tour Packages & Activitites - Tiketi.com\",\"description\":\"Flight &amp; Bus Tickets, Tours, Activitites\",\"publisher\":{\"@id\":\"https:\/\/tiketi.com\/#organization\"},\"potentialAction\":[{\"@type\":\"SearchAction\",\"target\":{\"@type\":\"EntryPoint\",\"urlTemplate\":\"https:\/\/tiketi.com\/?s={search_term_string}\"},\"query-input\":{\"@type\":\"PropertyValueSpecification\",\"valueRequired\":true,\"valueName\":\"search_term_string\"}}],\"inLanguage\":\"fr-FR\"},{\"@type\":\"Organization\",\"@id\":\"https:\/\/tiketi.com\/#organization\",\"name\":\"Tiketi.com\",\"alternateName\":\"Tiketi\",\"url\":\"https:\/\/tiketi.com\/\",\"logo\":{\"@type\":\"ImageObject\",\"inLanguage\":\"fr-FR\",\"@id\":\"https:\/\/tiketi.com\/#\/schema\/logo\/image\/\",\"url\":\"https:\/\/tiketi.com\/wp-content\/uploads\/2019\/05\/tiketi-logo-696.png\",\"contentUrl\":\"https:\/\/tiketi.com\/wp-content\/uploads\/2019\/05\/tiketi-logo-696.png\",\"width\":696,\"height\":696,\"caption\":\"Tiketi.com\"},\"image\":{\"@id\":\"https:\/\/tiketi.com\/#\/schema\/logo\/image\/\"},\"sameAs\":[\"https:\/\/www.facebook.com\/TiketiCom\/\"]}]}<\/script>\n<!-- \/ Yoast SEO plugin. -->","yoast_head_json":{"title":"R\u00e9servation en ligne de bus MyCiti, billets de bus, itin\u00e9raire, horaires et tarifs","description":"Vous recherchez une r\u00e9servation en ligne de bus MyCiti, une application, des contacts, des itin\u00e9raires de bus, des tarifs et des horaires\u00a0? R\u00e9servez en ligne d\u00e8s maintenant vos billets MyCiti Bus \u00e0 bas prix","robots":{"index":"index","follow":"follow","max-snippet":"max-snippet:-1","max-image-preview":"max-image-preview:large","max-video-preview":"max-video-preview:-1"},"canonical":"https:\/\/tiketi.com\/fr-fr\/myciti-bus\/","og_locale":"fr_FR","og_type":"article","og_title":"MyCiti Bus Online Booking, Bus Tickets, Route, Schedule & Fare","og_description":"Looking for MyCiti bus online booking, app, contacts, bus routes, fare and schedule? Make cheap MyCiti Bus tickets booking online now","og_url":"https:\/\/tiketi.com\/fr-fr\/myciti-bus\/","og_site_name":"Tiketi.com","article_publisher":"https:\/\/www.facebook.com\/TiketiCom\/","article_modified_time":"2022-07-14T12:02:11+00:00","og_image":[{"width":1200,"height":206,"url":"https:\/\/tiketi.com\/wp-content\/uploads\/2022\/01\/bus-ticket-online-booking.jpg","type":"image\/jpeg"}],"twitter_card":"summary_large_image","twitter_misc":{"Dur\u00e9e de lecture estim\u00e9e":"2 minutes"},"schema":{"@context":"https:\/\/schema.org","@graph":[{"@type":"WebPage","@id":"https:\/\/tiketi.com\/myciti-bus\/","url":"https:\/\/tiketi.com\/myciti-bus\/","name":"R\u00e9servation en ligne de bus MyCiti, billets de bus, itin\u00e9raire, horaires et tarifs","isPartOf":{"@id":"https:\/\/tiketi.com\/#website"},"primaryImageOfPage":{"@id":"https:\/\/tiketi.com\/myciti-bus\/#primaryimage"},"image":{"@id":"https:\/\/tiketi.com\/myciti-bus\/#primaryimage"},"thumbnailUrl":"https:\/\/tiketi.com\/wp-content\/uploads\/2022\/01\/bus-ticket-online-booking.jpg","datePublished":"2022-01-19T11:54:31+00:00","dateModified":"2022-07-14T12:02:11+00:00","description":"Vous recherchez une r\u00e9servation en ligne de bus MyCiti, une application, des contacts, des itin\u00e9raires de bus, des tarifs et des horaires\u00a0? R\u00e9servez en ligne d\u00e8s maintenant vos billets MyCiti Bus \u00e0 bas prix","breadcrumb":{"@id":"https:\/\/tiketi.com\/myciti-bus\/#breadcrumb"},"inLanguage":"fr-FR","potentialAction":[{"@type":"ReadAction","target":["https:\/\/tiketi.com\/myciti-bus\/"]}]},{"@type":"ImageObject","inLanguage":"fr-FR","@id":"https:\/\/tiketi.com\/myciti-bus\/#primaryimage","url":"https:\/\/tiketi.com\/wp-content\/uploads\/2022\/01\/bus-ticket-online-booking.jpg","contentUrl":"https:\/\/tiketi.com\/wp-content\/uploads\/2022\/01\/bus-ticket-online-booking.jpg","width":1200,"height":206,"caption":"Online Bus Ticket Booking"},{"@type":"BreadcrumbList","@id":"https:\/\/tiketi.com\/myciti-bus\/#breadcrumb","itemListElement":[{"@type":"ListItem","position":1,"name":"Home","item":"https:\/\/tiketi.com\/"},{"@type":"ListItem","position":2,"name":"MyCiti Bus Online Booking, Tickets Reservation, Routes &#038; Fares"}]},{"@type":"WebSite","@id":"https:\/\/tiketi.com\/#website","url":"https:\/\/tiketi.com\/","name":"Billets d&#039;avion et de bus, forfaits touristiques et activit\u00e9s - Tiketi.com","description":"Billets d&#039;avion et de bus, Tours, Activit\u00e9s","publisher":{"@id":"https:\/\/tiketi.com\/#organization"},"potentialAction":[{"@type":"SearchAction","target":{"@type":"EntryPoint","urlTemplate":"https:\/\/tiketi.com\/?s={search_term_string}"},"query-input":{"@type":"PropertyValueSpecification","valueRequired":true,"valueName":"search_term_string"}}],"inLanguage":"fr-FR"},{"@type":"Organization","@id":"https:\/\/tiketi.com\/#organization","name":"Tiketi.com","alternateName":"Tiketi","url":"https:\/\/tiketi.com\/","logo":{"@type":"ImageObject","inLanguage":"fr-FR","@id":"https:\/\/tiketi.com\/#\/schema\/logo\/image\/","url":"https:\/\/tiketi.com\/wp-content\/uploads\/2019\/05\/tiketi-logo-696.png","contentUrl":"https:\/\/tiketi.com\/wp-content\/uploads\/2019\/05\/tiketi-logo-696.png","width":696,"height":696,"caption":"Tiketi.com"},"image":{"@id":"https:\/\/tiketi.com\/#\/schema\/logo\/image\/"},"sameAs":["https:\/\/www.facebook.com\/TiketiCom\/"]}]}},"_links":{"self":[{"href":"https:\/\/tiketi.com\/fr-fr\/wp-json\/wp\/v2\/pages\/11346","targetHints":{"allow":["GET"]}}],"collection":[{"href":"https:\/\/tiketi.com\/fr-fr\/wp-json\/wp\/v2\/pages"}],"about":[{"href":"https:\/\/tiketi.com\/fr-fr\/wp-json\/wp\/v2\/types\/page"}],"author":[{"embeddable":true,"href":"https:\/\/tiketi.com\/fr-fr\/wp-json\/wp\/v2\/users\/1"}],"replies":[{"embeddable":true,"href":"https:\/\/tiketi.com\/fr-fr\/wp-json\/wp\/v2\/comments?post=11346"}],"version-history":[{"count":0,"href":"https:\/\/tiketi.com\/fr-fr\/wp-json\/wp\/v2\/pages\/11346\/revisions"}],"wp:featuredmedia":[{"embeddable":true,"href":"https:\/\/tiketi.com\/fr-fr\/wp-json\/wp\/v2\/media\/13999"}],"wp:attachment":[{"href":"https:\/\/tiketi.com\/fr-fr\/wp-json\/wp\/v2\/media?parent=11346"}],"curies":[{"name":"wp","href":"https:\/\/api.w.org\/{rel}","templated":true}]}}