{"id":11347,"date":"2022-01-19T12:54:31","date_gmt":"2022-01-19T11:54:31","guid":{"rendered":"https:\/\/new.tiketi.com\/intercity-express-charter-online-booking\/"},"modified":"2022-02-15T22:06:18","modified_gmt":"2022-02-15T21:06:18","slug":"intercity-express-charter","status":"publish","type":"page","link":"https:\/\/tiketi.com\/fr-fr\/intercity-express-charter\/","title":{"rendered":"Intercity Express Charter R\u00e9servation en ligne, billets, tarifs, horaires et itin\u00e9raire"},"content":{"rendered":"<h2>R\u00e9servation en ligne de bus Interrcity Express Charter<\/h2>\n<h3>D\u00e9couvrez votre itin\u00e9raire de voyage sur le Web, le mobile ou l&#039;application et r\u00e9servez le service en ligne Intercity Xpress Bus Charter.<\/h3>\n<p>La r\u00e9servation en ligne d&#039;affr\u00e8tement express interurbain en toute simplicit\u00e9. Le bus interurbain Xpress est une compagnie de bus priv\u00e9e d&#039;Afrique du Sud qui propose des services de bus \u00e0 travers l&#039;Afrique australe. Avec des d\u00e9parts quotidiens reliant Durban et Johannesburg et de nombreuses petites villes sur le chemin du Kwazulu-Natal en plus des services de bus vers le Zimbabwe. Leurs bus couvrent des villes telles que l&#039;a\u00e9roport international OR Tambo, Edenvale, Pretoria, Benoni, Boksburg, Midrand, Pietermaritzburg, Johannesburg \u00e0 Harrismith, Durban, Port Shepstone, Hibberdene, Margate et Shelly Beach. Intercity express propose \u00e9galement des services quotidiens vers Bulawayo et Harare au Zimbabwe depuis l&#039;Afrique du Sud.<\/p>\n<h2>R\u00e9servation en ligne d&#039;affr\u00e8tement Intercity Express - Flotte et services<\/h2>\n<p>Intercity express propose non seulement des services de bus de banlieue et de visiteurs en Afrique du Sud, mais \u00e9galement des solutions de location de bus de luxe fiables et relaxantes. Des services d&#039;affr\u00e8tement contractuels r\u00e9guliers aux solutions \u00e9v\u00e9nementielles de location d&#039;autocars ponctuelles pour des occasions uniques telles que des \u00e9v\u00e9nements sportifs, des mariages, des \u00e9v\u00e9nements sociaux, des fonctions religieuses ou des groupes de touristes. Avec diff\u00e9rents types d&#039;autocars accessibles du semi au super luxe, nous pouvons vous proposer une solution sur mesure.<\/p>\n<h2>FAQ sur la r\u00e9servation en ligne Intercity Express<\/h2>\n<h3>Quels sont les itin\u00e9raires couverts par Interrcity Express Charter ?<\/h3>\n<p>\u2022 Johannesburg \u00e0 East Rand<br \/>\n\u2022 Johannesbourg \u00e0 Durban<br \/>\n\u2022 Lignes de bus Intercity Express<br \/>\n\u2022 Johannesbourg \u00e0 Margate<br \/>\n\u2022 Johannesbourg \u00e0 Kwazulu Natal<br \/>\n\u2022 Johannesbourg \u00e0 Bulawayo<br \/>\n\u2022 Johannesbourg \u00e0 Harare<br \/>\n\u2022 Johannesburg \u00e0 l&#039;a\u00e9roport OR Tambo<\/p>\n<h3>Flotte d&#039;affr\u00e8tement Interrcity Express<\/h3>\n<p>Location d&#039;autocars de luxe de 44 \u00e0 55 places<br \/>\nLocation d&#039;autocar semi-luxe 65-72 places<br \/>\nQuantum 13 places<\/p>\n<h3>Quelles sont les coordonn\u00e9es d&#039;Intercity Express Charter Buses ?<\/h3>\n<p>Terrain 5,1st avenue, Unaville AH 1828, (derri\u00e8re Grasmere Tollgate)<\/p>\n<p>Bureau de la gare de Johannesburg Park<\/p>\n<p>Niveau inf\u00e9rieur de la station Park, Park City, rue Rissik<\/p>\n<h2>Conseils de r\u00e9servation de bus en ligne Interrcity Express Charter<\/h2>\n<p>Leurs bus sont \u00e9quip\u00e9s de toilettes \u00e0 bord et de si\u00e8ges inclinables.<\/p>","protected":false},"excerpt":{"rendered":"<p>Interrcity Express&nbsp;Charter&nbsp;Online Bus Booking Discover your travel route on web, mobile or app and book Intercity Xpress Bus Charter online&nbsp;service. Intercity express charter online booking made easy. The intercity Xpress bus is a privately owned South Africa bus company which offers bus services across southern Africa. With daily departures linking Durban and Johannesburg and many [&hellip;]<\/p>\n","protected":false},"author":1,"featured_media":13999,"parent":0,"menu_order":0,"comment_status":"open","ping_status":"closed","template":"template-home-modern.php","meta":{"footnotes":""},"class_list":["post-11347","page","type-page","status-publish","has-post-thumbnail","hentry"],"yoast_head":"<!-- This site is optimized with the Yoast SEO plugin v27.2 - https:\/\/yoast.com\/product\/yoast-seo-wordpress\/ -->\n<title>Intercity Express\u00a0Charter Online Booking, Tickets, Fare, Schedule &amp; RouteI<\/title>\n<meta name=\"description\" content=\"Looking for Intercity Xpress Charter online booking? Make a Intercity Express Charter online bus ticket booking online now and save\" \/>\n<meta name=\"robots\" content=\"index, follow, max-snippet:-1, max-image-preview:large, max-video-preview:-1\" \/>\n<link rel=\"canonical\" href=\"https:\/\/tiketi.com\/fr-fr\/intercity-express-charter\/\" \/>\n<meta property=\"og:locale\" content=\"fr_FR\" \/>\n<meta property=\"og:type\" content=\"article\" \/>\n<meta property=\"og:title\" content=\"Intercity Express\u00a0Charter Online Booking, Tickets, Fare, Schedule &amp; RouteI\" \/>\n<meta property=\"og:description\" content=\"Looking for Intercity Xpress Charter online booking? Make a Intercity Express Charter online bus ticket booking online now and save\" \/>\n<meta property=\"og:url\" content=\"https:\/\/tiketi.com\/fr-fr\/intercity-express-charter\/\" \/>\n<meta property=\"og:site_name\" content=\"Tiketi.com\" \/>\n<meta property=\"article:publisher\" content=\"https:\/\/www.facebook.com\/TiketiCom\/\" \/>\n<meta property=\"article:modified_time\" content=\"2022-02-15T21:06:18+00:00\" \/>\n<meta property=\"og:image\" content=\"https:\/\/tiketi.com\/wp-content\/uploads\/2022\/01\/bus-ticket-online-booking.jpg\" \/>\n\t<meta property=\"og:image:width\" content=\"1200\" \/>\n\t<meta property=\"og:image:height\" content=\"206\" \/>\n\t<meta property=\"og:image:type\" content=\"image\/jpeg\" \/>\n<meta name=\"twitter:card\" content=\"summary_large_image\" \/>\n<meta name=\"twitter:label1\" content=\"Dur\u00e9e de lecture estim\u00e9e\" \/>\n\t<meta name=\"twitter:data1\" content=\"2 minutes\" \/>\n<script type=\"application\/ld+json\" class=\"yoast-schema-graph\">{\"@context\":\"https:\/\/schema.org\",\"@graph\":[{\"@type\":\"WebPage\",\"@id\":\"https:\/\/tiketi.com\/intercity-express-charter\/\",\"url\":\"https:\/\/tiketi.com\/intercity-express-charter\/\",\"name\":\"Intercity Express\u00a0Charter Online Booking, Tickets, Fare, Schedule & RouteI\",\"isPartOf\":{\"@id\":\"https:\/\/tiketi.com\/#website\"},\"primaryImageOfPage\":{\"@id\":\"https:\/\/tiketi.com\/intercity-express-charter\/#primaryimage\"},\"image\":{\"@id\":\"https:\/\/tiketi.com\/intercity-express-charter\/#primaryimage\"},\"thumbnailUrl\":\"https:\/\/tiketi.com\/wp-content\/uploads\/2022\/01\/bus-ticket-online-booking.jpg\",\"datePublished\":\"2022-01-19T11:54:31+00:00\",\"dateModified\":\"2022-02-15T21:06:18+00:00\",\"description\":\"Looking for Intercity Xpress Charter online booking? Make a Intercity Express Charter online bus ticket booking online now and save\",\"breadcrumb\":{\"@id\":\"https:\/\/tiketi.com\/intercity-express-charter\/#breadcrumb\"},\"inLanguage\":\"fr-FR\",\"potentialAction\":[{\"@type\":\"ReadAction\",\"target\":[\"https:\/\/tiketi.com\/intercity-express-charter\/\"]}]},{\"@type\":\"ImageObject\",\"inLanguage\":\"fr-FR\",\"@id\":\"https:\/\/tiketi.com\/intercity-express-charter\/#primaryimage\",\"url\":\"https:\/\/tiketi.com\/wp-content\/uploads\/2022\/01\/bus-ticket-online-booking.jpg\",\"contentUrl\":\"https:\/\/tiketi.com\/wp-content\/uploads\/2022\/01\/bus-ticket-online-booking.jpg\",\"width\":1200,\"height\":206,\"caption\":\"Online Bus Ticket Booking\"},{\"@type\":\"BreadcrumbList\",\"@id\":\"https:\/\/tiketi.com\/intercity-express-charter\/#breadcrumb\",\"itemListElement\":[{\"@type\":\"ListItem\",\"position\":1,\"name\":\"Home\",\"item\":\"https:\/\/tiketi.com\/\"},{\"@type\":\"ListItem\",\"position\":2,\"name\":\"Intercity Express\u00a0Charter Online Booking, Tickets, Fare, Schedule &#038; Route\"}]},{\"@type\":\"WebSite\",\"@id\":\"https:\/\/tiketi.com\/#website\",\"url\":\"https:\/\/tiketi.com\/\",\"name\":\"Flight & Bus Tickets, Tour Packages & Activitites - Tiketi.com\",\"description\":\"Flight &amp; Bus Tickets, Tours, Activitites\",\"publisher\":{\"@id\":\"https:\/\/tiketi.com\/#organization\"},\"potentialAction\":[{\"@type\":\"SearchAction\",\"target\":{\"@type\":\"EntryPoint\",\"urlTemplate\":\"https:\/\/tiketi.com\/?s={search_term_string}\"},\"query-input\":{\"@type\":\"PropertyValueSpecification\",\"valueRequired\":true,\"valueName\":\"search_term_string\"}}],\"inLanguage\":\"fr-FR\"},{\"@type\":\"Organization\",\"@id\":\"https:\/\/tiketi.com\/#organization\",\"name\":\"Tiketi.com\",\"alternateName\":\"Tiketi\",\"url\":\"https:\/\/tiketi.com\/\",\"logo\":{\"@type\":\"ImageObject\",\"inLanguage\":\"fr-FR\",\"@id\":\"https:\/\/tiketi.com\/#\/schema\/logo\/image\/\",\"url\":\"https:\/\/tiketi.com\/wp-content\/uploads\/2019\/05\/tiketi-logo-696.png\",\"contentUrl\":\"https:\/\/tiketi.com\/wp-content\/uploads\/2019\/05\/tiketi-logo-696.png\",\"width\":696,\"height\":696,\"caption\":\"Tiketi.com\"},\"image\":{\"@id\":\"https:\/\/tiketi.com\/#\/schema\/logo\/image\/\"},\"sameAs\":[\"https:\/\/www.facebook.com\/TiketiCom\/\"]}]}<\/script>\n<!-- \/ Yoast SEO plugin. -->","yoast_head_json":{"title":"Intercity Express Charter R\u00e9servation en ligne, billets, tarifs, horaires et itin\u00e9raireI","description":"Vous recherchez une r\u00e9servation en ligne Intercity Xpress Charter? Faites une r\u00e9servation en ligne de billets de bus Intercity Express Charter en ligne maintenant et \u00e9conomisez","robots":{"index":"index","follow":"follow","max-snippet":"max-snippet:-1","max-image-preview":"max-image-preview:large","max-video-preview":"max-video-preview:-1"},"canonical":"https:\/\/tiketi.com\/fr-fr\/intercity-express-charter\/","og_locale":"fr_FR","og_type":"article","og_title":"Intercity Express\u00a0Charter Online Booking, Tickets, Fare, Schedule & RouteI","og_description":"Looking for Intercity Xpress Charter online booking? Make a Intercity Express Charter online bus ticket booking online now and save","og_url":"https:\/\/tiketi.com\/fr-fr\/intercity-express-charter\/","og_site_name":"Tiketi.com","article_publisher":"https:\/\/www.facebook.com\/TiketiCom\/","article_modified_time":"2022-02-15T21:06:18+00:00","og_image":[{"width":1200,"height":206,"url":"https:\/\/tiketi.com\/wp-content\/uploads\/2022\/01\/bus-ticket-online-booking.jpg","type":"image\/jpeg"}],"twitter_card":"summary_large_image","twitter_misc":{"Dur\u00e9e de lecture estim\u00e9e":"2 minutes"},"schema":{"@context":"https:\/\/schema.org","@graph":[{"@type":"WebPage","@id":"https:\/\/tiketi.com\/intercity-express-charter\/","url":"https:\/\/tiketi.com\/intercity-express-charter\/","name":"Intercity Express Charter R\u00e9servation en ligne, billets, tarifs, horaires et itin\u00e9raireI","isPartOf":{"@id":"https:\/\/tiketi.com\/#website"},"primaryImageOfPage":{"@id":"https:\/\/tiketi.com\/intercity-express-charter\/#primaryimage"},"image":{"@id":"https:\/\/tiketi.com\/intercity-express-charter\/#primaryimage"},"thumbnailUrl":"https:\/\/tiketi.com\/wp-content\/uploads\/2022\/01\/bus-ticket-online-booking.jpg","datePublished":"2022-01-19T11:54:31+00:00","dateModified":"2022-02-15T21:06:18+00:00","description":"Vous recherchez une r\u00e9servation en ligne Intercity Xpress Charter? Faites une r\u00e9servation en ligne de billets de bus Intercity Express Charter en ligne maintenant et \u00e9conomisez","breadcrumb":{"@id":"https:\/\/tiketi.com\/intercity-express-charter\/#breadcrumb"},"inLanguage":"fr-FR","potentialAction":[{"@type":"ReadAction","target":["https:\/\/tiketi.com\/intercity-express-charter\/"]}]},{"@type":"ImageObject","inLanguage":"fr-FR","@id":"https:\/\/tiketi.com\/intercity-express-charter\/#primaryimage","url":"https:\/\/tiketi.com\/wp-content\/uploads\/2022\/01\/bus-ticket-online-booking.jpg","contentUrl":"https:\/\/tiketi.com\/wp-content\/uploads\/2022\/01\/bus-ticket-online-booking.jpg","width":1200,"height":206,"caption":"Online Bus Ticket Booking"},{"@type":"BreadcrumbList","@id":"https:\/\/tiketi.com\/intercity-express-charter\/#breadcrumb","itemListElement":[{"@type":"ListItem","position":1,"name":"Home","item":"https:\/\/tiketi.com\/"},{"@type":"ListItem","position":2,"name":"Intercity Express\u00a0Charter Online Booking, Tickets, Fare, Schedule &#038; Route"}]},{"@type":"WebSite","@id":"https:\/\/tiketi.com\/#website","url":"https:\/\/tiketi.com\/","name":"Billets d&#039;avion et de bus, forfaits touristiques et activit\u00e9s - Tiketi.com","description":"Billets d&#039;avion et de bus, Tours, Activit\u00e9s","publisher":{"@id":"https:\/\/tiketi.com\/#organization"},"potentialAction":[{"@type":"SearchAction","target":{"@type":"EntryPoint","urlTemplate":"https:\/\/tiketi.com\/?s={search_term_string}"},"query-input":{"@type":"PropertyValueSpecification","valueRequired":true,"valueName":"search_term_string"}}],"inLanguage":"fr-FR"},{"@type":"Organization","@id":"https:\/\/tiketi.com\/#organization","name":"Tiketi.com","alternateName":"Tiketi","url":"https:\/\/tiketi.com\/","logo":{"@type":"ImageObject","inLanguage":"fr-FR","@id":"https:\/\/tiketi.com\/#\/schema\/logo\/image\/","url":"https:\/\/tiketi.com\/wp-content\/uploads\/2019\/05\/tiketi-logo-696.png","contentUrl":"https:\/\/tiketi.com\/wp-content\/uploads\/2019\/05\/tiketi-logo-696.png","width":696,"height":696,"caption":"Tiketi.com"},"image":{"@id":"https:\/\/tiketi.com\/#\/schema\/logo\/image\/"},"sameAs":["https:\/\/www.facebook.com\/TiketiCom\/"]}]}},"_links":{"self":[{"href":"https:\/\/tiketi.com\/fr-fr\/wp-json\/wp\/v2\/pages\/11347","targetHints":{"allow":["GET"]}}],"collection":[{"href":"https:\/\/tiketi.com\/fr-fr\/wp-json\/wp\/v2\/pages"}],"about":[{"href":"https:\/\/tiketi.com\/fr-fr\/wp-json\/wp\/v2\/types\/page"}],"author":[{"embeddable":true,"href":"https:\/\/tiketi.com\/fr-fr\/wp-json\/wp\/v2\/users\/1"}],"replies":[{"embeddable":true,"href":"https:\/\/tiketi.com\/fr-fr\/wp-json\/wp\/v2\/comments?post=11347"}],"version-history":[{"count":0,"href":"https:\/\/tiketi.com\/fr-fr\/wp-json\/wp\/v2\/pages\/11347\/revisions"}],"wp:featuredmedia":[{"embeddable":true,"href":"https:\/\/tiketi.com\/fr-fr\/wp-json\/wp\/v2\/media\/13999"}],"wp:attachment":[{"href":"https:\/\/tiketi.com\/fr-fr\/wp-json\/wp\/v2\/media?parent=11347"}],"curies":[{"name":"wp","href":"https:\/\/api.w.org\/{rel}","templated":true}]}}