{"id":11348,"date":"2022-01-19T12:54:31","date_gmt":"2022-01-19T11:54:31","guid":{"rendered":"https:\/\/new.tiketi.com\/mega-coach-online-booking-bus-tickets-routes-fares\/"},"modified":"2022-02-17T12:06:13","modified_gmt":"2022-02-17T11:06:13","slug":"mega-coach","status":"publish","type":"page","link":"https:\/\/tiketi.com\/fr-fr\/mega-coach\/","title":{"rendered":"R\u00e9servation en ligne Mega Coach, billets de bus, itin\u00e9raires et tarifs"},"content":{"rendered":"<h2>R\u00e9servation de billets de bus en ligne Mega Coach<\/h2>\n<h3>D\u00e9couvrez votre itin\u00e9raire de voyage sur le Web, sur mobile ou sur une application et r\u00e9servez d\u00e8s maintenant des billets de bus Mega Coach \u00e0 bas prix en ligne.<\/h3>\n<p>La r\u00e9servation en ligne de Mega Coach est simplifi\u00e9e. Mega Coach est la location d&#039;autocars de luxe qui fait partie d&#039;Unitrans Passenger. Elle est consid\u00e9r\u00e9e comme l\u2019une des meilleures soci\u00e9t\u00e9s de coaching d\u2019Afrique australe avec un portefeuille bien \u00e9tabli de clients de premier ordre. Ici, vous pouvez \u00e9galement obtenir la r\u00e9servation de billets de bus en ligne Mega Coach.<\/p>\n<p>Au fil des ann\u00e9es, Mega Coach s&#039;est b\u00e2ti une r\u00e9putation en proposant des solutions de transport s\u00fbres, fiables et abordables. La technique consiste \u00e0 nouer des relations durables avec les clients en adoptant une approche experte mais personnelle.<\/p>\n<h2>FAQ sur la r\u00e9servation en ligne de Mega Coach, les billets de bus, les itin\u00e9raires et les tarifs<\/h2>\n<h3>Quels sont les itin\u00e9raires couverts par les bus Mega Coach ?<\/h3>\n<p>\u2022 Le Cap \u00e0 Bloemfontein<br \/>\n\u2022 Du Cap \u00e0 Durban<br \/>\n\u2022 Du Cap \u00e0 Johannesburg<br \/>\n\u2022 Le Cap \u00e0 Bloemfontein<br \/>\n\u2022 Du Cap \u00e0 Mildrand<br \/>\n\u2022 De Johannesbourg \u00e0 Suncity<br \/>\n\u2022 Johannesbourg \u2013 Pretoria \u2013 Polokwane<br \/>\n\u2022 Johannesbourg \u2013 Pretoria \u2013 Nelspruit<br \/>\n\u2022 Pretoria \u2013 Johannesbourg \u2013 Maputo<br \/>\n\u2022 Pretoria \u2013 Johannesbourg \u2013 Durban<br \/>\n\u2022 Pretoria \u2013 Johannesbourg \u2013 Kimberley \u2013 Le Cap<br \/>\n\u2022 Le Cap \u2013 Port Elizabeth \u2013 Durban<br \/>\n\u2022 Pretoria \u2013 Johannesbourg \u2013 Kimberley \u2013 Bloemfontein<br \/>\n\u2022 Est de Londres \u2013 Queenstown \u2013 Pretoria \u2013 Johannesburg<\/p>\n<h3>Flotte de m\u00e9gacars<\/h3>\n<p>La flotte d&#039;autocars Mega de plus de quatre-vingts autocars de luxe est construite selon les sp\u00e9cifications internationales les plus \u00e9lev\u00e9es et est entretenue par des professionnels. Les d\u00e9p\u00f4ts de Johannesburg, Durban et Cape Town depuis le centre de l&#039;op\u00e9ration et les autocars sont exp\u00e9di\u00e9s dans toutes les r\u00e9gions de l&#039;Afrique australe, ce qui permet une plus grande flexibilit\u00e9 dans les modalit\u00e9s de voyage des clients.<\/p>\n<p>Tous les v\u00e9hicules Megacoach sont dot\u00e9s d&#039;une surveillance par satellite 24 heures sur 24. La composition de la flotte est parfaitement planifi\u00e9e pour r\u00e9pondre \u00e0 des groupes de besoins et de tailles diff\u00e9rents.<\/p>\n<h3>Quelles sont les coordonn\u00e9es de la r\u00e9servation en ligne de billets de bus et de bus Mega Coach\u00a0?<\/h3>\n<p>40 Lepus Rd, Crown, Johannesburg, 2025, Afrique du Sud.<\/p>\n<h2>Conseils pour la r\u00e9servation de billets de bus en ligne Mega Coach<\/h2>\n<p>L&#039;une de nos principales priorit\u00e9s est la s\u00e9curit\u00e9 des passagers. Nous avons donc impos\u00e9 des contr\u00f4les et des \u00e9valuations stricts \u00e0 nos chauffeurs. Tous les conducteurs suivent une formation interne et des cours de recyclage r\u00e9guliers, en plus des exigences g\u00e9n\u00e9rales en mati\u00e8re de permis de passager, pour prot\u00e9ger davantage les passagers.<\/p>","protected":false},"excerpt":{"rendered":"<p>Mega Coach Online Bus Ticket Booking Discover your travel route on web, mobile or app and book cheap Mega Coach bus tickets online now. Mega Coach online booking made easy. Mega Coach is the luxury coach charter part of Unitrans Passenger. It is rated as one of the best coach firms in Southern Africa with [&hellip;]<\/p>\n","protected":false},"author":1,"featured_media":13999,"parent":0,"menu_order":0,"comment_status":"open","ping_status":"closed","template":"template-home-modern.php","meta":{"footnotes":""},"class_list":["post-11348","page","type-page","status-publish","has-post-thumbnail","hentry"],"yoast_head":"<!-- This site is optimized with the Yoast SEO plugin v27.2 - https:\/\/yoast.com\/product\/yoast-seo-wordpress\/ -->\n<title>Mega Coach Online Booking, Bus Tickets, Routes &amp; Fares<\/title>\n<meta name=\"description\" content=\"Looking for Mega Coach online booking? Make a Mega Coach online bus ticket booking online now and save time and money\" \/>\n<meta name=\"robots\" content=\"index, follow, max-snippet:-1, max-image-preview:large, max-video-preview:-1\" \/>\n<link rel=\"canonical\" href=\"https:\/\/tiketi.com\/fr-fr\/mega-coach\/\" \/>\n<meta property=\"og:locale\" content=\"fr_FR\" \/>\n<meta property=\"og:type\" content=\"article\" \/>\n<meta property=\"og:title\" content=\"Mega Coach Online Booking, Bus Tickets, Routes &amp; Fares\" \/>\n<meta property=\"og:description\" content=\"Looking for Mega Coach online booking? Make a Mega Coach online bus ticket booking online now and save time and money\" \/>\n<meta property=\"og:url\" content=\"https:\/\/tiketi.com\/fr-fr\/mega-coach\/\" \/>\n<meta property=\"og:site_name\" content=\"Tiketi.com\" \/>\n<meta property=\"article:publisher\" content=\"https:\/\/www.facebook.com\/TiketiCom\/\" \/>\n<meta property=\"article:modified_time\" content=\"2022-02-17T11:06:13+00:00\" \/>\n<meta property=\"og:image\" content=\"https:\/\/tiketi.com\/wp-content\/uploads\/2022\/01\/bus-ticket-online-booking.jpg\" \/>\n\t<meta property=\"og:image:width\" content=\"1200\" \/>\n\t<meta property=\"og:image:height\" content=\"206\" \/>\n\t<meta property=\"og:image:type\" content=\"image\/jpeg\" \/>\n<meta name=\"twitter:card\" content=\"summary_large_image\" \/>\n<meta name=\"twitter:label1\" content=\"Dur\u00e9e de lecture estim\u00e9e\" \/>\n\t<meta name=\"twitter:data1\" content=\"2 minutes\" \/>\n<script type=\"application\/ld+json\" class=\"yoast-schema-graph\">{\"@context\":\"https:\/\/schema.org\",\"@graph\":[{\"@type\":\"WebPage\",\"@id\":\"https:\/\/tiketi.com\/mega-coach\/\",\"url\":\"https:\/\/tiketi.com\/mega-coach\/\",\"name\":\"Mega Coach Online Booking, Bus Tickets, Routes & Fares\",\"isPartOf\":{\"@id\":\"https:\/\/tiketi.com\/#website\"},\"primaryImageOfPage\":{\"@id\":\"https:\/\/tiketi.com\/mega-coach\/#primaryimage\"},\"image\":{\"@id\":\"https:\/\/tiketi.com\/mega-coach\/#primaryimage\"},\"thumbnailUrl\":\"https:\/\/tiketi.com\/wp-content\/uploads\/2022\/01\/bus-ticket-online-booking.jpg\",\"datePublished\":\"2022-01-19T11:54:31+00:00\",\"dateModified\":\"2022-02-17T11:06:13+00:00\",\"description\":\"Looking for Mega Coach online booking? Make a Mega Coach online bus ticket booking online now and save time and money\",\"breadcrumb\":{\"@id\":\"https:\/\/tiketi.com\/mega-coach\/#breadcrumb\"},\"inLanguage\":\"fr-FR\",\"potentialAction\":[{\"@type\":\"ReadAction\",\"target\":[\"https:\/\/tiketi.com\/mega-coach\/\"]}]},{\"@type\":\"ImageObject\",\"inLanguage\":\"fr-FR\",\"@id\":\"https:\/\/tiketi.com\/mega-coach\/#primaryimage\",\"url\":\"https:\/\/tiketi.com\/wp-content\/uploads\/2022\/01\/bus-ticket-online-booking.jpg\",\"contentUrl\":\"https:\/\/tiketi.com\/wp-content\/uploads\/2022\/01\/bus-ticket-online-booking.jpg\",\"width\":1200,\"height\":206,\"caption\":\"Online Bus Ticket Booking\"},{\"@type\":\"BreadcrumbList\",\"@id\":\"https:\/\/tiketi.com\/mega-coach\/#breadcrumb\",\"itemListElement\":[{\"@type\":\"ListItem\",\"position\":1,\"name\":\"Home\",\"item\":\"https:\/\/tiketi.com\/\"},{\"@type\":\"ListItem\",\"position\":2,\"name\":\"Mega Coach Online Booking, Bus Tickets, Routes &#038; Fares\"}]},{\"@type\":\"WebSite\",\"@id\":\"https:\/\/tiketi.com\/#website\",\"url\":\"https:\/\/tiketi.com\/\",\"name\":\"Flight & Bus Tickets, Tour Packages & Activitites - Tiketi.com\",\"description\":\"Flight &amp; Bus Tickets, Tours, Activitites\",\"publisher\":{\"@id\":\"https:\/\/tiketi.com\/#organization\"},\"potentialAction\":[{\"@type\":\"SearchAction\",\"target\":{\"@type\":\"EntryPoint\",\"urlTemplate\":\"https:\/\/tiketi.com\/?s={search_term_string}\"},\"query-input\":{\"@type\":\"PropertyValueSpecification\",\"valueRequired\":true,\"valueName\":\"search_term_string\"}}],\"inLanguage\":\"fr-FR\"},{\"@type\":\"Organization\",\"@id\":\"https:\/\/tiketi.com\/#organization\",\"name\":\"Tiketi.com\",\"alternateName\":\"Tiketi\",\"url\":\"https:\/\/tiketi.com\/\",\"logo\":{\"@type\":\"ImageObject\",\"inLanguage\":\"fr-FR\",\"@id\":\"https:\/\/tiketi.com\/#\/schema\/logo\/image\/\",\"url\":\"https:\/\/tiketi.com\/wp-content\/uploads\/2019\/05\/tiketi-logo-696.png\",\"contentUrl\":\"https:\/\/tiketi.com\/wp-content\/uploads\/2019\/05\/tiketi-logo-696.png\",\"width\":696,\"height\":696,\"caption\":\"Tiketi.com\"},\"image\":{\"@id\":\"https:\/\/tiketi.com\/#\/schema\/logo\/image\/\"},\"sameAs\":[\"https:\/\/www.facebook.com\/TiketiCom\/\"]}]}<\/script>\n<!-- \/ Yoast SEO plugin. -->","yoast_head_json":{"title":"R\u00e9servation en ligne Mega Coach, billets de bus, itin\u00e9raires et tarifs","description":"Vous recherchez une r\u00e9servation en ligne pour Mega Coach ? Faites une r\u00e9servation de billet de bus en ligne Mega Coach d\u00e8s maintenant et \u00e9conomisez du temps et de l&#039;argent","robots":{"index":"index","follow":"follow","max-snippet":"max-snippet:-1","max-image-preview":"max-image-preview:large","max-video-preview":"max-video-preview:-1"},"canonical":"https:\/\/tiketi.com\/fr-fr\/mega-coach\/","og_locale":"fr_FR","og_type":"article","og_title":"Mega Coach Online Booking, Bus Tickets, Routes & Fares","og_description":"Looking for Mega Coach online booking? Make a Mega Coach online bus ticket booking online now and save time and money","og_url":"https:\/\/tiketi.com\/fr-fr\/mega-coach\/","og_site_name":"Tiketi.com","article_publisher":"https:\/\/www.facebook.com\/TiketiCom\/","article_modified_time":"2022-02-17T11:06:13+00:00","og_image":[{"width":1200,"height":206,"url":"https:\/\/tiketi.com\/wp-content\/uploads\/2022\/01\/bus-ticket-online-booking.jpg","type":"image\/jpeg"}],"twitter_card":"summary_large_image","twitter_misc":{"Dur\u00e9e de lecture estim\u00e9e":"2 minutes"},"schema":{"@context":"https:\/\/schema.org","@graph":[{"@type":"WebPage","@id":"https:\/\/tiketi.com\/mega-coach\/","url":"https:\/\/tiketi.com\/mega-coach\/","name":"R\u00e9servation en ligne Mega Coach, billets de bus, itin\u00e9raires et tarifs","isPartOf":{"@id":"https:\/\/tiketi.com\/#website"},"primaryImageOfPage":{"@id":"https:\/\/tiketi.com\/mega-coach\/#primaryimage"},"image":{"@id":"https:\/\/tiketi.com\/mega-coach\/#primaryimage"},"thumbnailUrl":"https:\/\/tiketi.com\/wp-content\/uploads\/2022\/01\/bus-ticket-online-booking.jpg","datePublished":"2022-01-19T11:54:31+00:00","dateModified":"2022-02-17T11:06:13+00:00","description":"Vous recherchez une r\u00e9servation en ligne pour Mega Coach ? Faites une r\u00e9servation de billet de bus en ligne Mega Coach d\u00e8s maintenant et \u00e9conomisez du temps et de l&#039;argent","breadcrumb":{"@id":"https:\/\/tiketi.com\/mega-coach\/#breadcrumb"},"inLanguage":"fr-FR","potentialAction":[{"@type":"ReadAction","target":["https:\/\/tiketi.com\/mega-coach\/"]}]},{"@type":"ImageObject","inLanguage":"fr-FR","@id":"https:\/\/tiketi.com\/mega-coach\/#primaryimage","url":"https:\/\/tiketi.com\/wp-content\/uploads\/2022\/01\/bus-ticket-online-booking.jpg","contentUrl":"https:\/\/tiketi.com\/wp-content\/uploads\/2022\/01\/bus-ticket-online-booking.jpg","width":1200,"height":206,"caption":"Online Bus Ticket Booking"},{"@type":"BreadcrumbList","@id":"https:\/\/tiketi.com\/mega-coach\/#breadcrumb","itemListElement":[{"@type":"ListItem","position":1,"name":"Home","item":"https:\/\/tiketi.com\/"},{"@type":"ListItem","position":2,"name":"Mega Coach Online Booking, Bus Tickets, Routes &#038; Fares"}]},{"@type":"WebSite","@id":"https:\/\/tiketi.com\/#website","url":"https:\/\/tiketi.com\/","name":"Billets d&#039;avion et de bus, forfaits touristiques et activit\u00e9s - Tiketi.com","description":"Billets d&#039;avion et de bus, Tours, Activit\u00e9s","publisher":{"@id":"https:\/\/tiketi.com\/#organization"},"potentialAction":[{"@type":"SearchAction","target":{"@type":"EntryPoint","urlTemplate":"https:\/\/tiketi.com\/?s={search_term_string}"},"query-input":{"@type":"PropertyValueSpecification","valueRequired":true,"valueName":"search_term_string"}}],"inLanguage":"fr-FR"},{"@type":"Organization","@id":"https:\/\/tiketi.com\/#organization","name":"Tiketi.com","alternateName":"Tiketi","url":"https:\/\/tiketi.com\/","logo":{"@type":"ImageObject","inLanguage":"fr-FR","@id":"https:\/\/tiketi.com\/#\/schema\/logo\/image\/","url":"https:\/\/tiketi.com\/wp-content\/uploads\/2019\/05\/tiketi-logo-696.png","contentUrl":"https:\/\/tiketi.com\/wp-content\/uploads\/2019\/05\/tiketi-logo-696.png","width":696,"height":696,"caption":"Tiketi.com"},"image":{"@id":"https:\/\/tiketi.com\/#\/schema\/logo\/image\/"},"sameAs":["https:\/\/www.facebook.com\/TiketiCom\/"]}]}},"_links":{"self":[{"href":"https:\/\/tiketi.com\/fr-fr\/wp-json\/wp\/v2\/pages\/11348","targetHints":{"allow":["GET"]}}],"collection":[{"href":"https:\/\/tiketi.com\/fr-fr\/wp-json\/wp\/v2\/pages"}],"about":[{"href":"https:\/\/tiketi.com\/fr-fr\/wp-json\/wp\/v2\/types\/page"}],"author":[{"embeddable":true,"href":"https:\/\/tiketi.com\/fr-fr\/wp-json\/wp\/v2\/users\/1"}],"replies":[{"embeddable":true,"href":"https:\/\/tiketi.com\/fr-fr\/wp-json\/wp\/v2\/comments?post=11348"}],"version-history":[{"count":0,"href":"https:\/\/tiketi.com\/fr-fr\/wp-json\/wp\/v2\/pages\/11348\/revisions"}],"wp:featuredmedia":[{"embeddable":true,"href":"https:\/\/tiketi.com\/fr-fr\/wp-json\/wp\/v2\/media\/13999"}],"wp:attachment":[{"href":"https:\/\/tiketi.com\/fr-fr\/wp-json\/wp\/v2\/media?parent=11348"}],"curies":[{"name":"wp","href":"https:\/\/api.w.org\/{rel}","templated":true}]}}