{"id":11349,"date":"2022-01-19T12:54:33","date_gmt":"2022-01-19T11:54:33","guid":{"rendered":"https:\/\/new.tiketi.com\/translux-online-booking-bus-tickets-routes-fares\/"},"modified":"2022-07-14T13:02:12","modified_gmt":"2022-07-14T12:02:12","slug":"translux-bus","status":"publish","type":"page","link":"https:\/\/tiketi.com\/fr-fr\/translux-bus\/","title":{"rendered":"R\u00e9servation en ligne Translux, billets de bus, itin\u00e9raires et tarifs"},"content":{"rendered":"<p><strong>Un d:\u00a0<\/strong><\/p>\n<p><strong><a href=\"https:\/\/fiymo.com\/register\" target=\"_blank\" rel=\"noopener\"><\/a><\/strong><\/p>\n<h2>Billets de bus pas chers Translux R\u00e9servation en ligne<\/h2>\n<h3>D\u00e9couvrez votre itin\u00e9raire de voyage sur le web, le mobile ou l&#039;application et r\u00e9servez en ligne des billets de bus Translux pas chers d\u00e8s maintenant.<\/h3>\n<p>La r\u00e9servation en ligne Translux simplifi\u00e9e. Translux est l&#039;une des plus grandes compagnies de bus d&#039;Afrique du Sud. La r\u00e9servation en ligne de bus Translux dispose d&#039;un vaste r\u00e9seau de services de bus vers toutes les grandes villes d&#039;Afrique du Sud et de ses pays voisins, notamment le Zimbabwe, la Zambie, le Malawi et le Mozambique. Alors faites la r\u00e9servation en ligne de billets de bus Translux pas chers et \u00e9conomisez du temps et de l&#039;argent.<\/p>\n<h2>FAQ sur la r\u00e9servation en ligne Translux, les billets de bus, les itin\u00e9raires et les tarifs<\/h2>\n<h3>Quels sont les trajets les plus c\u00e9l\u00e8bres parcourus par les bus Translux ?<\/h3>\n<p>\u2022 Queenstown au Cap<br \/>\n\u2022 Du Cap \u00e0 Queenstown<br \/>\n\u2022 Le Cap \u00e0 Mthatha<br \/>\n\u2022 Mathatha au Cap<br \/>\n\u2022 Idutywa au Cap<br \/>\n\u2022 Du Cap \u00e0 Idutywa<br \/>\n\u2022 De la ville de King Williams au Cap<br \/>\n\u2022 Cape Town \u00e0 la ville de King Williams<br \/>\n\u2022 Est de Londres \u00e0 Johannesburg<br \/>\n\u2022 Johannesburg \u00e0 East London<br \/>\n\u2022 Est de Londres au Cap<\/p>\n<h3>Tarifs et horaires des bus Translux<\/h3>\n<p>Horaires de r\u00e9servation en ligne des bus Translux 2020.<\/p>\n<p>Lors de la r\u00e9servation en ligne de billets de bus Translux, les voyageurs ont toutes les informations importantes sous les yeux. Si vous avez r\u00e9serv\u00e9 un bus Translux pour voyager du Cap \u00e0 Durban, vous pouvez partir \u00e0 18h30 ou \u00e0 6h30 avec votre billet Translux au prix de 730 R. Si vous voyagez de Johannesburg \u00e0 Durban en partant \u00e0 8h15, vous arriverez \u00e0 Durban \u00e0 16h30 le m\u00eame jour, en payant R260 pour vos billets de bus Translux en partant \u00e0 22h. Port Elizabeth \u00e0 Johannesburg vous co\u00fbtera R490 avec des arr\u00eats \u00e0 quatorze endroits diff\u00e9rents. Planifier votre visite bien \u00e0 l&#039;avance vous permet d&#039;organiser des rencontres avec votre famille ou vos amis, m\u00eame si ce n&#039;est que pour un tr\u00e8s rapide bonjour et au revoir. Alors faites les r\u00e9servations Translux maintenant pour voyager pas cher, s\u00fbr et facile en Afrique du Sud.<\/p>\n<h3>Quelles sont les coordonn\u00e9es de la r\u00e9servation en ligne de bus &amp; autocars Translux ?<\/h3>\n<p>Case postale 1907<br \/>\nPr\u00e9toria<br \/>\n0001<\/p>\n<h2>Conseils de r\u00e9servation en ligne des billets de bus Translux<\/h2>\n<p>Translux met \u00e0 la disposition des passagers du plaisir \u00e0 bord, des si\u00e8ges inclinables et des toilettes \u00e0 bord.<\/p>","protected":false},"excerpt":{"rendered":"<p>Ad:\u00a0 Cheap Translux Bus Tickets Online Booking Discover your travel route on web, mobile or app and do cheap Translux bus online booking tickets now. Translux\u00a0online booking made easy.\u00a0Translux is one of the largest bus firms in South Africa. Translux bus online booking has a big network of bus services to all big cities in [&hellip;]<\/p>\n","protected":false},"author":1,"featured_media":13999,"parent":0,"menu_order":0,"comment_status":"open","ping_status":"closed","template":"template-home-modern.php","meta":{"footnotes":""},"class_list":["post-11349","page","type-page","status-publish","has-post-thumbnail","hentry"],"yoast_head":"<!-- This site is optimized with the Yoast SEO plugin v27.2 - https:\/\/yoast.com\/product\/yoast-seo-wordpress\/ -->\n<title>Translux Online Booking, Bus Tickets, Routes &amp; Fares<\/title>\n<meta name=\"description\" content=\"Looking for Translux online booking, bus tickets, routes &amp; fares? Make cheap Translux bus tickets online booking online now and save time and money\" \/>\n<meta name=\"robots\" content=\"index, follow, max-snippet:-1, max-image-preview:large, max-video-preview:-1\" \/>\n<link rel=\"canonical\" href=\"https:\/\/tiketi.com\/fr-fr\/translux-bus\/\" \/>\n<meta property=\"og:locale\" content=\"fr_FR\" \/>\n<meta property=\"og:type\" content=\"article\" \/>\n<meta property=\"og:title\" content=\"Translux Online Booking, Bus Tickets, Routes &amp; Fares\" \/>\n<meta property=\"og:description\" content=\"Looking for Translux online booking, bus tickets, routes &amp; fares? Make cheap Translux bus tickets online booking online now and save time and money\" \/>\n<meta property=\"og:url\" content=\"https:\/\/tiketi.com\/fr-fr\/translux-bus\/\" \/>\n<meta property=\"og:site_name\" content=\"Tiketi.com\" \/>\n<meta property=\"article:publisher\" content=\"https:\/\/www.facebook.com\/TiketiCom\/\" \/>\n<meta property=\"article:modified_time\" content=\"2022-07-14T12:02:12+00:00\" \/>\n<meta property=\"og:image\" content=\"https:\/\/tiketi.com\/wp-content\/uploads\/2022\/01\/bus-ticket-online-booking.jpg\" \/>\n\t<meta property=\"og:image:width\" content=\"1200\" \/>\n\t<meta property=\"og:image:height\" content=\"206\" \/>\n\t<meta property=\"og:image:type\" content=\"image\/jpeg\" \/>\n<meta name=\"twitter:card\" content=\"summary_large_image\" \/>\n<meta name=\"twitter:label1\" content=\"Dur\u00e9e de lecture estim\u00e9e\" \/>\n\t<meta name=\"twitter:data1\" content=\"2 minutes\" \/>\n<script type=\"application\/ld+json\" class=\"yoast-schema-graph\">{\"@context\":\"https:\/\/schema.org\",\"@graph\":[{\"@type\":\"WebPage\",\"@id\":\"https:\/\/tiketi.com\/translux-bus\/\",\"url\":\"https:\/\/tiketi.com\/translux-bus\/\",\"name\":\"Translux Online Booking, Bus Tickets, Routes & Fares\",\"isPartOf\":{\"@id\":\"https:\/\/tiketi.com\/#website\"},\"primaryImageOfPage\":{\"@id\":\"https:\/\/tiketi.com\/translux-bus\/#primaryimage\"},\"image\":{\"@id\":\"https:\/\/tiketi.com\/translux-bus\/#primaryimage\"},\"thumbnailUrl\":\"https:\/\/tiketi.com\/wp-content\/uploads\/2022\/01\/bus-ticket-online-booking.jpg\",\"datePublished\":\"2022-01-19T11:54:33+00:00\",\"dateModified\":\"2022-07-14T12:02:12+00:00\",\"description\":\"Looking for Translux online booking, bus tickets, routes & fares? Make cheap Translux bus tickets online booking online now and save time and money\",\"breadcrumb\":{\"@id\":\"https:\/\/tiketi.com\/translux-bus\/#breadcrumb\"},\"inLanguage\":\"fr-FR\",\"potentialAction\":[{\"@type\":\"ReadAction\",\"target\":[\"https:\/\/tiketi.com\/translux-bus\/\"]}]},{\"@type\":\"ImageObject\",\"inLanguage\":\"fr-FR\",\"@id\":\"https:\/\/tiketi.com\/translux-bus\/#primaryimage\",\"url\":\"https:\/\/tiketi.com\/wp-content\/uploads\/2022\/01\/bus-ticket-online-booking.jpg\",\"contentUrl\":\"https:\/\/tiketi.com\/wp-content\/uploads\/2022\/01\/bus-ticket-online-booking.jpg\",\"width\":1200,\"height\":206,\"caption\":\"Online Bus Ticket Booking\"},{\"@type\":\"BreadcrumbList\",\"@id\":\"https:\/\/tiketi.com\/translux-bus\/#breadcrumb\",\"itemListElement\":[{\"@type\":\"ListItem\",\"position\":1,\"name\":\"Home\",\"item\":\"https:\/\/tiketi.com\/\"},{\"@type\":\"ListItem\",\"position\":2,\"name\":\"Translux Online Booking, Bus Tickets, Routes &#038; Fares\"}]},{\"@type\":\"WebSite\",\"@id\":\"https:\/\/tiketi.com\/#website\",\"url\":\"https:\/\/tiketi.com\/\",\"name\":\"Flight & Bus Tickets, Tour Packages & Activitites - Tiketi.com\",\"description\":\"Flight &amp; Bus Tickets, Tours, Activitites\",\"publisher\":{\"@id\":\"https:\/\/tiketi.com\/#organization\"},\"potentialAction\":[{\"@type\":\"SearchAction\",\"target\":{\"@type\":\"EntryPoint\",\"urlTemplate\":\"https:\/\/tiketi.com\/?s={search_term_string}\"},\"query-input\":{\"@type\":\"PropertyValueSpecification\",\"valueRequired\":true,\"valueName\":\"search_term_string\"}}],\"inLanguage\":\"fr-FR\"},{\"@type\":\"Organization\",\"@id\":\"https:\/\/tiketi.com\/#organization\",\"name\":\"Tiketi.com\",\"alternateName\":\"Tiketi\",\"url\":\"https:\/\/tiketi.com\/\",\"logo\":{\"@type\":\"ImageObject\",\"inLanguage\":\"fr-FR\",\"@id\":\"https:\/\/tiketi.com\/#\/schema\/logo\/image\/\",\"url\":\"https:\/\/tiketi.com\/wp-content\/uploads\/2019\/05\/tiketi-logo-696.png\",\"contentUrl\":\"https:\/\/tiketi.com\/wp-content\/uploads\/2019\/05\/tiketi-logo-696.png\",\"width\":696,\"height\":696,\"caption\":\"Tiketi.com\"},\"image\":{\"@id\":\"https:\/\/tiketi.com\/#\/schema\/logo\/image\/\"},\"sameAs\":[\"https:\/\/www.facebook.com\/TiketiCom\/\"]}]}<\/script>\n<!-- \/ Yoast SEO plugin. -->","yoast_head_json":{"title":"R\u00e9servation en ligne Translux, billets de bus, itin\u00e9raires et tarifs","description":"Vous recherchez une r\u00e9servation en ligne Translux, des billets de bus, des itin\u00e9raires et des tarifs\u00a0? R\u00e9servez en ligne d\u00e8s maintenant vos billets de bus Translux \u00e0 bas prix et \u00e9conomisez du temps et de l&#039;argent","robots":{"index":"index","follow":"follow","max-snippet":"max-snippet:-1","max-image-preview":"max-image-preview:large","max-video-preview":"max-video-preview:-1"},"canonical":"https:\/\/tiketi.com\/fr-fr\/translux-bus\/","og_locale":"fr_FR","og_type":"article","og_title":"Translux Online Booking, Bus Tickets, Routes & Fares","og_description":"Looking for Translux online booking, bus tickets, routes & fares? Make cheap Translux bus tickets online booking online now and save time and money","og_url":"https:\/\/tiketi.com\/fr-fr\/translux-bus\/","og_site_name":"Tiketi.com","article_publisher":"https:\/\/www.facebook.com\/TiketiCom\/","article_modified_time":"2022-07-14T12:02:12+00:00","og_image":[{"width":1200,"height":206,"url":"https:\/\/tiketi.com\/wp-content\/uploads\/2022\/01\/bus-ticket-online-booking.jpg","type":"image\/jpeg"}],"twitter_card":"summary_large_image","twitter_misc":{"Dur\u00e9e de lecture estim\u00e9e":"2 minutes"},"schema":{"@context":"https:\/\/schema.org","@graph":[{"@type":"WebPage","@id":"https:\/\/tiketi.com\/translux-bus\/","url":"https:\/\/tiketi.com\/translux-bus\/","name":"R\u00e9servation en ligne Translux, billets de bus, itin\u00e9raires et tarifs","isPartOf":{"@id":"https:\/\/tiketi.com\/#website"},"primaryImageOfPage":{"@id":"https:\/\/tiketi.com\/translux-bus\/#primaryimage"},"image":{"@id":"https:\/\/tiketi.com\/translux-bus\/#primaryimage"},"thumbnailUrl":"https:\/\/tiketi.com\/wp-content\/uploads\/2022\/01\/bus-ticket-online-booking.jpg","datePublished":"2022-01-19T11:54:33+00:00","dateModified":"2022-07-14T12:02:12+00:00","description":"Vous recherchez une r\u00e9servation en ligne Translux, des billets de bus, des itin\u00e9raires et des tarifs\u00a0? R\u00e9servez en ligne d\u00e8s maintenant vos billets de bus Translux \u00e0 bas prix et \u00e9conomisez du temps et de l&#039;argent","breadcrumb":{"@id":"https:\/\/tiketi.com\/translux-bus\/#breadcrumb"},"inLanguage":"fr-FR","potentialAction":[{"@type":"ReadAction","target":["https:\/\/tiketi.com\/translux-bus\/"]}]},{"@type":"ImageObject","inLanguage":"fr-FR","@id":"https:\/\/tiketi.com\/translux-bus\/#primaryimage","url":"https:\/\/tiketi.com\/wp-content\/uploads\/2022\/01\/bus-ticket-online-booking.jpg","contentUrl":"https:\/\/tiketi.com\/wp-content\/uploads\/2022\/01\/bus-ticket-online-booking.jpg","width":1200,"height":206,"caption":"Online Bus Ticket Booking"},{"@type":"BreadcrumbList","@id":"https:\/\/tiketi.com\/translux-bus\/#breadcrumb","itemListElement":[{"@type":"ListItem","position":1,"name":"Home","item":"https:\/\/tiketi.com\/"},{"@type":"ListItem","position":2,"name":"Translux Online Booking, Bus Tickets, Routes &#038; Fares"}]},{"@type":"WebSite","@id":"https:\/\/tiketi.com\/#website","url":"https:\/\/tiketi.com\/","name":"Billets d&#039;avion et de bus, forfaits touristiques et activit\u00e9s - Tiketi.com","description":"Billets d&#039;avion et de bus, Tours, Activit\u00e9s","publisher":{"@id":"https:\/\/tiketi.com\/#organization"},"potentialAction":[{"@type":"SearchAction","target":{"@type":"EntryPoint","urlTemplate":"https:\/\/tiketi.com\/?s={search_term_string}"},"query-input":{"@type":"PropertyValueSpecification","valueRequired":true,"valueName":"search_term_string"}}],"inLanguage":"fr-FR"},{"@type":"Organization","@id":"https:\/\/tiketi.com\/#organization","name":"Tiketi.com","alternateName":"Tiketi","url":"https:\/\/tiketi.com\/","logo":{"@type":"ImageObject","inLanguage":"fr-FR","@id":"https:\/\/tiketi.com\/#\/schema\/logo\/image\/","url":"https:\/\/tiketi.com\/wp-content\/uploads\/2019\/05\/tiketi-logo-696.png","contentUrl":"https:\/\/tiketi.com\/wp-content\/uploads\/2019\/05\/tiketi-logo-696.png","width":696,"height":696,"caption":"Tiketi.com"},"image":{"@id":"https:\/\/tiketi.com\/#\/schema\/logo\/image\/"},"sameAs":["https:\/\/www.facebook.com\/TiketiCom\/"]}]}},"_links":{"self":[{"href":"https:\/\/tiketi.com\/fr-fr\/wp-json\/wp\/v2\/pages\/11349","targetHints":{"allow":["GET"]}}],"collection":[{"href":"https:\/\/tiketi.com\/fr-fr\/wp-json\/wp\/v2\/pages"}],"about":[{"href":"https:\/\/tiketi.com\/fr-fr\/wp-json\/wp\/v2\/types\/page"}],"author":[{"embeddable":true,"href":"https:\/\/tiketi.com\/fr-fr\/wp-json\/wp\/v2\/users\/1"}],"replies":[{"embeddable":true,"href":"https:\/\/tiketi.com\/fr-fr\/wp-json\/wp\/v2\/comments?post=11349"}],"version-history":[{"count":0,"href":"https:\/\/tiketi.com\/fr-fr\/wp-json\/wp\/v2\/pages\/11349\/revisions"}],"wp:featuredmedia":[{"embeddable":true,"href":"https:\/\/tiketi.com\/fr-fr\/wp-json\/wp\/v2\/media\/13999"}],"wp:attachment":[{"href":"https:\/\/tiketi.com\/fr-fr\/wp-json\/wp\/v2\/media?parent=11349"}],"curies":[{"name":"wp","href":"https:\/\/api.w.org\/{rel}","templated":true}]}}