{"id":11350,"date":"2022-01-19T12:54:33","date_gmt":"2022-01-19T11:54:33","guid":{"rendered":"https:\/\/new.tiketi.com\/baz-bus-online-booking-bus-tickets-reservation-routes-fares\/"},"modified":"2022-07-14T13:02:01","modified_gmt":"2022-07-14T12:02:01","slug":"baz-bus","status":"publish","type":"page","link":"https:\/\/tiketi.com\/fr-fr\/baz-bus\/","title":{"rendered":"Baz Bus R\u00e9servation en ligne, R\u00e9servation de billets de bus, Itin\u00e9raires et tarifs"},"content":{"rendered":"<p><strong>Un d:\u00a0<\/strong><\/p>\n<p><strong><a href=\"https:\/\/fiymo.com\/register\" target=\"_blank\" rel=\"noopener\"><\/a><\/strong><\/p>\n<h2>Billets de bus Baz pas chers R\u00e9servation en ligne<\/h2>\n<h3>D\u00e9couvrez votre itin\u00e9raire de voyage sur le web, le mobile ou l&#039;application et r\u00e9servez des billets Baz Bus pas chers en ligne <a href=\"https:\/\/www.bazbus.com\/\" target=\"_blank\" rel=\"noopener\">maintenant &gt;&gt;<\/a><\/h3>\n<p>Baz Bus r\u00e9servation en ligne facile. Le bus Baz est un service de bus \u00e0 arr\u00eats multiples de Johannesburg \u00e0 Cape Town via Port Elizabeth, Durban et de nombreuses autres villes, s&#039;arr\u00eatant dans de nombreuses auberges de routards sur le chemin. Alors faites la r\u00e9servation en ligne de billets Baz Bus \u00e0 bas prix et \u00e9conomisez du temps et de l&#039;argent.<\/p>\n<h2>Baz Bus R\u00e9servation en ligne, R\u00e9servation de billets de bus, FAQ sur les itin\u00e9raires et les tarifs<\/h2>\n<h3>Quels sont les c\u00e9l\u00e8bres trajets parcourus par les bus Bus Baz ?<\/h3>\n<p>\u2022 Du Cap \u00e0 Johannesburg via le Drakensberg<br \/>\n\u2022 De Johannesburg \u00e0 Cape Town via Drakensberg<br \/>\n\u2022 De Durban au Cap<br \/>\n\u2022 Du Cap \u00e0 Port Elizabeth<br \/>\n\u2022 De Port Elizabeth au Cap<br \/>\n\u2022 Du Cap \u00e0 Durban<\/p>\n<h3>Caract\u00e9ristiques du bus Baz<\/h3>\n<p>\u2022 Vous rencontrez d&#039;autres routards, en ajoutant \u00e9ventuellement votre femme\/mari et, selon l&#039;humeur, vous vous amusez avec d&#039;obscurs jeux \u00e0 boire.<br \/>\n\u2022 Le bus Baz vous conduira directement \u00e0 votre auberge de jeunesse routard.<br \/>\n\u2022 Pas besoin d&#039;effectuer de planification d&#039;itin\u00e9raire et d&#039;acheter des cartes.<br \/>\n\u2022 Vous pouvez vous peloter et vous assoupir pendant que quelqu&#039;un d&#039;autre conduit.<br \/>\n\u2022 C&#039;est plus cher que de prendre un bus Intercape, Greyhound ou AMP entre les villes, mais ils n&#039;ont pas de syst\u00e8me \u00e0 arr\u00eats multiples.<br \/>\n\u2022 Aux heures de pointe, vous devez r\u00e9server vos billets de bus en ligne, car les bus Baz se remplissent rapidement, ce qui limite votre spontan\u00e9it\u00e9.<br \/>\n\u2022 Les bus Baz sont un peu plus \u00e9troits que les bus Greyhound et Intercape.<br \/>\n\u2022 Arr\u00eats de bus Places Baz \u00e0<br \/>\n\u2022 Le bus Baz s&#039;arr\u00eate \u00e0 plus de 180 auberges de jeunesse dans plus de quarante villes, dont Johannesburg, Pretoria, Umzumbe, Umkomaas, Umtata, Port St Johns, Port Elizabeth, Port Alfred, Storms, Jeffrey Bay, Knysna, Nature Valley, Swellendam et Mossel Bay .<\/p>\n<h3>Quelles sont les coordonn\u00e9es de la r\u00e9servation en ligne de billets Baz Bus et des bus ?<\/h3>\n<p>32 rue Burg<br \/>\nLe Cap<br \/>\n8001<br \/>\nProvince du Cap occidental<br \/>\nAfrique du Sud<\/p>\n<h2>Billets de bus Baz Conseils de r\u00e9servation en ligne<\/h2>\n<p>Non seulement il est parfait pour tous ceux qui souhaitent voir l&#039;Afrique du Sud, mais vous voyagez \u00e9galement avec des routards fous partageant les m\u00eames id\u00e9es et des personnes d&#039;\u00e2ge moyen insouciantes et vous vous faites conduire jusqu&#039;\u00e0 l&#039;entr\u00e9e de votre auberge de jeunesse.<\/p>","protected":false},"excerpt":{"rendered":"<p>Ad:\u00a0 Cheap Baz Bus Tickets Online Booking Discover your travel route on web, mobile or app and book cheap Baz Bus tickets online now &gt;&gt; Baz Bus online booking made easy.\u00a0The Baz bus is a hop-on hop-off bus company service from Johannesburg to Cape Town via Port Elizabeth, Durban and many other towns, stopping at [&hellip;]<\/p>\n","protected":false},"author":1,"featured_media":13999,"parent":0,"menu_order":0,"comment_status":"open","ping_status":"closed","template":"template-home-modern.php","meta":{"footnotes":""},"class_list":["post-11350","page","type-page","status-publish","has-post-thumbnail","hentry"],"yoast_head":"<!-- This site is optimized with the Yoast SEO plugin v27.2 - https:\/\/yoast.com\/product\/yoast-seo-wordpress\/ -->\n<title>Baz Bus Online Booking, Bus Tickets Reservation, Routes &amp; Fares<\/title>\n<meta name=\"description\" content=\"Looking for Baz Bus online booking? Make cheap Baz Bus tickets online booking online now and save time and money\" \/>\n<meta name=\"robots\" content=\"index, follow, max-snippet:-1, max-image-preview:large, max-video-preview:-1\" \/>\n<link rel=\"canonical\" href=\"https:\/\/tiketi.com\/fr-fr\/baz-bus\/\" \/>\n<meta property=\"og:locale\" content=\"fr_FR\" \/>\n<meta property=\"og:type\" content=\"article\" \/>\n<meta property=\"og:title\" content=\"Baz Bus Online Booking, Bus Tickets Reservation, Routes &amp; Fares\" \/>\n<meta property=\"og:description\" content=\"Looking for Baz Bus online booking? Make cheap Baz Bus tickets online booking online now and save time and money\" \/>\n<meta property=\"og:url\" content=\"https:\/\/tiketi.com\/fr-fr\/baz-bus\/\" \/>\n<meta property=\"og:site_name\" content=\"Tiketi.com\" \/>\n<meta property=\"article:publisher\" content=\"https:\/\/www.facebook.com\/TiketiCom\/\" \/>\n<meta property=\"article:modified_time\" content=\"2022-07-14T12:02:01+00:00\" \/>\n<meta property=\"og:image\" content=\"https:\/\/tiketi.com\/wp-content\/uploads\/2022\/01\/bus-ticket-online-booking.jpg\" \/>\n\t<meta property=\"og:image:width\" content=\"1200\" \/>\n\t<meta property=\"og:image:height\" content=\"206\" \/>\n\t<meta property=\"og:image:type\" content=\"image\/jpeg\" \/>\n<meta name=\"twitter:card\" content=\"summary_large_image\" \/>\n<meta name=\"twitter:label1\" content=\"Dur\u00e9e de lecture estim\u00e9e\" \/>\n\t<meta name=\"twitter:data1\" content=\"2 minutes\" \/>\n<script type=\"application\/ld+json\" class=\"yoast-schema-graph\">{\"@context\":\"https:\/\/schema.org\",\"@graph\":[{\"@type\":\"WebPage\",\"@id\":\"https:\/\/tiketi.com\/baz-bus\/\",\"url\":\"https:\/\/tiketi.com\/baz-bus\/\",\"name\":\"Baz Bus Online Booking, Bus Tickets Reservation, Routes & Fares\",\"isPartOf\":{\"@id\":\"https:\/\/tiketi.com\/#website\"},\"primaryImageOfPage\":{\"@id\":\"https:\/\/tiketi.com\/baz-bus\/#primaryimage\"},\"image\":{\"@id\":\"https:\/\/tiketi.com\/baz-bus\/#primaryimage\"},\"thumbnailUrl\":\"https:\/\/tiketi.com\/wp-content\/uploads\/2022\/01\/bus-ticket-online-booking.jpg\",\"datePublished\":\"2022-01-19T11:54:33+00:00\",\"dateModified\":\"2022-07-14T12:02:01+00:00\",\"description\":\"Looking for Baz Bus online booking? Make cheap Baz Bus tickets online booking online now and save time and money\",\"breadcrumb\":{\"@id\":\"https:\/\/tiketi.com\/baz-bus\/#breadcrumb\"},\"inLanguage\":\"fr-FR\",\"potentialAction\":[{\"@type\":\"ReadAction\",\"target\":[\"https:\/\/tiketi.com\/baz-bus\/\"]}]},{\"@type\":\"ImageObject\",\"inLanguage\":\"fr-FR\",\"@id\":\"https:\/\/tiketi.com\/baz-bus\/#primaryimage\",\"url\":\"https:\/\/tiketi.com\/wp-content\/uploads\/2022\/01\/bus-ticket-online-booking.jpg\",\"contentUrl\":\"https:\/\/tiketi.com\/wp-content\/uploads\/2022\/01\/bus-ticket-online-booking.jpg\",\"width\":1200,\"height\":206,\"caption\":\"Online Bus Ticket Booking\"},{\"@type\":\"BreadcrumbList\",\"@id\":\"https:\/\/tiketi.com\/baz-bus\/#breadcrumb\",\"itemListElement\":[{\"@type\":\"ListItem\",\"position\":1,\"name\":\"Home\",\"item\":\"https:\/\/tiketi.com\/\"},{\"@type\":\"ListItem\",\"position\":2,\"name\":\"Baz Bus Online Booking, Bus Tickets Reservation, Routes &#038; Fares\"}]},{\"@type\":\"WebSite\",\"@id\":\"https:\/\/tiketi.com\/#website\",\"url\":\"https:\/\/tiketi.com\/\",\"name\":\"Flight & Bus Tickets, Tour Packages & Activitites - Tiketi.com\",\"description\":\"Flight &amp; Bus Tickets, Tours, Activitites\",\"publisher\":{\"@id\":\"https:\/\/tiketi.com\/#organization\"},\"potentialAction\":[{\"@type\":\"SearchAction\",\"target\":{\"@type\":\"EntryPoint\",\"urlTemplate\":\"https:\/\/tiketi.com\/?s={search_term_string}\"},\"query-input\":{\"@type\":\"PropertyValueSpecification\",\"valueRequired\":true,\"valueName\":\"search_term_string\"}}],\"inLanguage\":\"fr-FR\"},{\"@type\":\"Organization\",\"@id\":\"https:\/\/tiketi.com\/#organization\",\"name\":\"Tiketi.com\",\"alternateName\":\"Tiketi\",\"url\":\"https:\/\/tiketi.com\/\",\"logo\":{\"@type\":\"ImageObject\",\"inLanguage\":\"fr-FR\",\"@id\":\"https:\/\/tiketi.com\/#\/schema\/logo\/image\/\",\"url\":\"https:\/\/tiketi.com\/wp-content\/uploads\/2019\/05\/tiketi-logo-696.png\",\"contentUrl\":\"https:\/\/tiketi.com\/wp-content\/uploads\/2019\/05\/tiketi-logo-696.png\",\"width\":696,\"height\":696,\"caption\":\"Tiketi.com\"},\"image\":{\"@id\":\"https:\/\/tiketi.com\/#\/schema\/logo\/image\/\"},\"sameAs\":[\"https:\/\/www.facebook.com\/TiketiCom\/\"]}]}<\/script>\n<!-- \/ Yoast SEO plugin. -->","yoast_head_json":{"title":"Baz Bus R\u00e9servation en ligne, R\u00e9servation de billets de bus, Itin\u00e9raires et tarifs","description":"Vous recherchez une r\u00e9servation en ligne de Baz Bus? R\u00e9servez en ligne d\u00e8s maintenant vos billets Baz Bus \u00e0 bas prix et \u00e9conomisez du temps et de l&#039;argent","robots":{"index":"index","follow":"follow","max-snippet":"max-snippet:-1","max-image-preview":"max-image-preview:large","max-video-preview":"max-video-preview:-1"},"canonical":"https:\/\/tiketi.com\/fr-fr\/baz-bus\/","og_locale":"fr_FR","og_type":"article","og_title":"Baz Bus Online Booking, Bus Tickets Reservation, Routes & Fares","og_description":"Looking for Baz Bus online booking? Make cheap Baz Bus tickets online booking online now and save time and money","og_url":"https:\/\/tiketi.com\/fr-fr\/baz-bus\/","og_site_name":"Tiketi.com","article_publisher":"https:\/\/www.facebook.com\/TiketiCom\/","article_modified_time":"2022-07-14T12:02:01+00:00","og_image":[{"width":1200,"height":206,"url":"https:\/\/tiketi.com\/wp-content\/uploads\/2022\/01\/bus-ticket-online-booking.jpg","type":"image\/jpeg"}],"twitter_card":"summary_large_image","twitter_misc":{"Dur\u00e9e de lecture estim\u00e9e":"2 minutes"},"schema":{"@context":"https:\/\/schema.org","@graph":[{"@type":"WebPage","@id":"https:\/\/tiketi.com\/baz-bus\/","url":"https:\/\/tiketi.com\/baz-bus\/","name":"Baz Bus R\u00e9servation en ligne, R\u00e9servation de billets de bus, Itin\u00e9raires et tarifs","isPartOf":{"@id":"https:\/\/tiketi.com\/#website"},"primaryImageOfPage":{"@id":"https:\/\/tiketi.com\/baz-bus\/#primaryimage"},"image":{"@id":"https:\/\/tiketi.com\/baz-bus\/#primaryimage"},"thumbnailUrl":"https:\/\/tiketi.com\/wp-content\/uploads\/2022\/01\/bus-ticket-online-booking.jpg","datePublished":"2022-01-19T11:54:33+00:00","dateModified":"2022-07-14T12:02:01+00:00","description":"Vous recherchez une r\u00e9servation en ligne de Baz Bus? R\u00e9servez en ligne d\u00e8s maintenant vos billets Baz Bus \u00e0 bas prix et \u00e9conomisez du temps et de l&#039;argent","breadcrumb":{"@id":"https:\/\/tiketi.com\/baz-bus\/#breadcrumb"},"inLanguage":"fr-FR","potentialAction":[{"@type":"ReadAction","target":["https:\/\/tiketi.com\/baz-bus\/"]}]},{"@type":"ImageObject","inLanguage":"fr-FR","@id":"https:\/\/tiketi.com\/baz-bus\/#primaryimage","url":"https:\/\/tiketi.com\/wp-content\/uploads\/2022\/01\/bus-ticket-online-booking.jpg","contentUrl":"https:\/\/tiketi.com\/wp-content\/uploads\/2022\/01\/bus-ticket-online-booking.jpg","width":1200,"height":206,"caption":"Online Bus Ticket Booking"},{"@type":"BreadcrumbList","@id":"https:\/\/tiketi.com\/baz-bus\/#breadcrumb","itemListElement":[{"@type":"ListItem","position":1,"name":"Home","item":"https:\/\/tiketi.com\/"},{"@type":"ListItem","position":2,"name":"Baz Bus Online Booking, Bus Tickets Reservation, Routes &#038; Fares"}]},{"@type":"WebSite","@id":"https:\/\/tiketi.com\/#website","url":"https:\/\/tiketi.com\/","name":"Billets d&#039;avion et de bus, forfaits touristiques et activit\u00e9s - Tiketi.com","description":"Billets d&#039;avion et de bus, Tours, Activit\u00e9s","publisher":{"@id":"https:\/\/tiketi.com\/#organization"},"potentialAction":[{"@type":"SearchAction","target":{"@type":"EntryPoint","urlTemplate":"https:\/\/tiketi.com\/?s={search_term_string}"},"query-input":{"@type":"PropertyValueSpecification","valueRequired":true,"valueName":"search_term_string"}}],"inLanguage":"fr-FR"},{"@type":"Organization","@id":"https:\/\/tiketi.com\/#organization","name":"Tiketi.com","alternateName":"Tiketi","url":"https:\/\/tiketi.com\/","logo":{"@type":"ImageObject","inLanguage":"fr-FR","@id":"https:\/\/tiketi.com\/#\/schema\/logo\/image\/","url":"https:\/\/tiketi.com\/wp-content\/uploads\/2019\/05\/tiketi-logo-696.png","contentUrl":"https:\/\/tiketi.com\/wp-content\/uploads\/2019\/05\/tiketi-logo-696.png","width":696,"height":696,"caption":"Tiketi.com"},"image":{"@id":"https:\/\/tiketi.com\/#\/schema\/logo\/image\/"},"sameAs":["https:\/\/www.facebook.com\/TiketiCom\/"]}]}},"_links":{"self":[{"href":"https:\/\/tiketi.com\/fr-fr\/wp-json\/wp\/v2\/pages\/11350","targetHints":{"allow":["GET"]}}],"collection":[{"href":"https:\/\/tiketi.com\/fr-fr\/wp-json\/wp\/v2\/pages"}],"about":[{"href":"https:\/\/tiketi.com\/fr-fr\/wp-json\/wp\/v2\/types\/page"}],"author":[{"embeddable":true,"href":"https:\/\/tiketi.com\/fr-fr\/wp-json\/wp\/v2\/users\/1"}],"replies":[{"embeddable":true,"href":"https:\/\/tiketi.com\/fr-fr\/wp-json\/wp\/v2\/comments?post=11350"}],"version-history":[{"count":0,"href":"https:\/\/tiketi.com\/fr-fr\/wp-json\/wp\/v2\/pages\/11350\/revisions"}],"wp:featuredmedia":[{"embeddable":true,"href":"https:\/\/tiketi.com\/fr-fr\/wp-json\/wp\/v2\/media\/13999"}],"wp:attachment":[{"href":"https:\/\/tiketi.com\/fr-fr\/wp-json\/wp\/v2\/media?parent=11350"}],"curies":[{"name":"wp","href":"https:\/\/api.w.org\/{rel}","templated":true}]}}