{"id":11351,"date":"2022-01-19T12:54:33","date_gmt":"2022-01-19T11:54:33","guid":{"rendered":"https:\/\/new.tiketi.com\/eagle-liner-online-booking-bus-tickets-routes-fares\/"},"modified":"2022-10-23T20:54:53","modified_gmt":"2022-10-23T19:54:53","slug":"eagle-liner-bus","status":"publish","type":"page","link":"https:\/\/tiketi.com\/fr-fr\/companies\/buses\/eagle-liner-bus\/","title":{"rendered":"R\u00e9servation en ligne Eagle Liner, billets de bus, itin\u00e9raires et tarifs"},"content":{"rendered":"<h2>R\u00e9servation de billets de bus pas chers Eagle Liner<\/h2>\n<h3>D\u00e9couvrez votre itin\u00e9raire de voyage sur le web, le mobile ou l&#039;application et r\u00e9servez en ligne des r\u00e9servations de bus pas cher eagle liner.<\/h3>\n<p>La r\u00e9servation en ligne d&#039;Eagle Liner est simplifi\u00e9e. Eagle liner propose des services de bus semi-luxe fiables et s\u00fbrs au Zimbabwe et en Afrique du Sud \u00e0 des prix abordables. Ils sont fiers d&#039;offrir des autocars de luxe \u00e0 petit budget et modernes. Faites de m\u00eame pour la r\u00e9servation en ligne de billets de bus Eagle Liner et \u00e9conomisez du temps et de l&#039;argent.<\/p>\n<h2>FAQ sur la r\u00e9servation en ligne d&#039;Eagle Liner, les billets de bus, les itin\u00e9raires et les tarifs<\/h2>\n<h3>Quelles sont les c\u00e9l\u00e8bres lignes de bus Eagle Liner ?<\/h3>\n<p>\u2022 Gauteng \u00e0 Ulundi<br \/>\n\u2022 Ulundi \u00e0 Gauteng<br \/>\n\u2022 Gauteng \u00e0 Harare<br \/>\n\u2022 Gauteng \u00e0 Bulawayo<br \/>\n\u2022 Bindura-Harare-Musina<br \/>\n\u2022 Marondera \u2013 Harare \u2013 Musina<br \/>\n\u2022 Harare \u00e0 Gweru<br \/>\n\u2022 Johannesbourg \u00e0 Bulawayo<br \/>\n\u2022 Johannesbourg \u00e0 Ladysmith<br \/>\n\u2022 Johannesbourg \u00e0 Durban<br \/>\n\u2022 Johannesbourg \u00e0 Harare<\/p>\n<h3>Flotte de paquebots Eagle<\/h3>\n<p>Chaque bus de leur flotte est \u00e9quip\u00e9 de la climatisation \u00e0 bord, d&#039;un DVD, de si\u00e8ges semi-inclinables et d&#039;une radio vous permettant de vous asseoir et de vous d\u00e9tendre ou de \u00e9couter de la musique ou de lire pendant qu&#039;ils conduisent.<\/p>\n<p>Leurs autocars sont suivis par une salle de contr\u00f4le des op\u00e9rations par satellite 24 heures sur 24 pour s&#039;assurer que leurs op\u00e9rations d&#039;itin\u00e9raire et leurs chauffeurs sont surveill\u00e9s en permanence. Eagle liner propose des billets de bus abordables, la r\u00e9servation de billets de bus en ligne, des promotions saisonni\u00e8res, des r\u00e9ductions et un club de fid\u00e9lit\u00e9 garantissant des voyages abordables au Zimbabwe et en Afrique du Sud.<\/p>\n<h3>Services de paquebot Eagle<\/h3>\n<p>Les r\u00e9servations de bus Eagle Liner offrent des services r\u00e9guliers quotidiens reliant Gauteng \u00e0 une gamme d&#039;endroits dans le Kwazulu Natal et Harare et Bulawayo au Zimbabwe. Leurs services de bus sud-africains r\u00e9guliers locaux relient Johannesburg, Baragwanath, Natalspruit, Germiston, Heidelburg \u00e0 Standerton, Mondlo, Nqutu, Newcastle, Standerton, Ulundi, Nqutu, LadySmith, Harrissmith, Pinetown, Durbana et Pietermaritzburg.<\/p>\n<h3>Quelles sont les coordonn\u00e9es de la r\u00e9servation de billets de bus et des autocars Eagle Liner ?<\/h3>\n<p>Doublure d&#039;aigle<br \/>\nParcelle 5, 1\u00e8re avenue,<br \/>\nUnaville AH 1828, Afrique du Sud<\/p>\n<h2>Conseils de r\u00e9servation de billets de bus Eagle Liner<\/h2>\n<p>Poursuivre les investissements dans leurs autocars et s&#039;assurer qu&#039;ils disposent de services quotidiens opportuns, ce qui signifie que le service de bus de ligne Eagle au Zimbabwe et en Afrique du Sud est devenu le partenaire de voyage local et transfrontalier \u00e0 petit budget de nombreux Zimbabw\u00e9ens et Sud-Africains.<\/p>","protected":false},"excerpt":{"rendered":"<p>Cheap Eagle Liner Bus Tickets Booking Discover your travel route on web, mobile or app and book cheap\u00a0eagle liner bus bookings online. Eagle Liner online booking made easy.\u00a0Eagle liner offers reliable and safe semi-luxury bus services in Zimbabwe and South Africa at affordable prices. They are proud to offer luxury on a budget, modern coaches. [&hellip;]<\/p>\n","protected":false},"author":1,"featured_media":13999,"parent":25524,"menu_order":0,"comment_status":"open","ping_status":"closed","template":"template-home-modern.php","meta":{"footnotes":""},"class_list":["post-11351","page","type-page","status-publish","has-post-thumbnail","hentry"],"yoast_head":"<!-- This site is optimized with the Yoast SEO plugin v27.5 - https:\/\/yoast.com\/product\/yoast-seo-wordpress\/ -->\n<title>Eagle Liner Online Booking, Bus Tickets, Routes &amp; Fares<\/title>\n<meta name=\"description\" content=\"Looking for Eagle Liner online booking, app, contacts, route, fare and schedule? Make a cheap Eagle Liner bus tickets booking now and save\" \/>\n<meta name=\"robots\" content=\"index, follow, max-snippet:-1, max-image-preview:large, max-video-preview:-1\" \/>\n<link rel=\"canonical\" href=\"https:\/\/tiketi.com\/fr-fr\/companies\/buses\/eagle-liner-bus\/\" \/>\n<meta property=\"og:locale\" content=\"fr_FR\" \/>\n<meta property=\"og:type\" content=\"article\" \/>\n<meta property=\"og:title\" content=\"Eagle Liner Online Booking, Bus Tickets, Routes &amp; Fares\" \/>\n<meta property=\"og:description\" content=\"Looking for Eagle Liner online booking, app, contacts, route, fare and schedule? Make a cheap Eagle Liner bus tickets booking now and save\" \/>\n<meta property=\"og:url\" content=\"https:\/\/tiketi.com\/fr-fr\/companies\/buses\/eagle-liner-bus\/\" \/>\n<meta property=\"og:site_name\" content=\"Tiketi.com\" \/>\n<meta property=\"article:publisher\" content=\"https:\/\/www.facebook.com\/TiketiCom\/\" \/>\n<meta property=\"article:modified_time\" content=\"2022-10-23T19:54:53+00:00\" \/>\n<meta property=\"og:image\" content=\"https:\/\/tiketi.com\/wp-content\/uploads\/2022\/01\/bus-ticket-online-booking.jpg\" \/>\n\t<meta property=\"og:image:width\" content=\"1200\" \/>\n\t<meta property=\"og:image:height\" content=\"206\" \/>\n\t<meta property=\"og:image:type\" content=\"image\/jpeg\" \/>\n<meta name=\"twitter:card\" content=\"summary_large_image\" \/>\n<meta name=\"twitter:label1\" content=\"Dur\u00e9e de lecture estim\u00e9e\" \/>\n\t<meta name=\"twitter:data1\" content=\"2 minutes\" \/>\n<script type=\"application\/ld+json\" class=\"yoast-schema-graph\">{\"@context\":\"https:\\\/\\\/schema.org\",\"@graph\":[{\"@type\":\"WebPage\",\"@id\":\"https:\\\/\\\/tiketi.com\\\/companies\\\/buses\\\/eagle-liner-bus\\\/\",\"url\":\"https:\\\/\\\/tiketi.com\\\/companies\\\/buses\\\/eagle-liner-bus\\\/\",\"name\":\"Eagle Liner Online Booking, Bus Tickets, Routes & Fares\",\"isPartOf\":{\"@id\":\"https:\\\/\\\/tiketi.com\\\/#website\"},\"primaryImageOfPage\":{\"@id\":\"https:\\\/\\\/tiketi.com\\\/companies\\\/buses\\\/eagle-liner-bus\\\/#primaryimage\"},\"image\":{\"@id\":\"https:\\\/\\\/tiketi.com\\\/companies\\\/buses\\\/eagle-liner-bus\\\/#primaryimage\"},\"thumbnailUrl\":\"https:\\\/\\\/tiketi.com\\\/wp-content\\\/uploads\\\/2022\\\/01\\\/bus-ticket-online-booking.jpg\",\"datePublished\":\"2022-01-19T11:54:33+00:00\",\"dateModified\":\"2022-10-23T19:54:53+00:00\",\"description\":\"Looking for Eagle Liner online booking, app, contacts, route, fare and schedule? Make a cheap Eagle Liner bus tickets booking now and save\",\"breadcrumb\":{\"@id\":\"https:\\\/\\\/tiketi.com\\\/companies\\\/buses\\\/eagle-liner-bus\\\/#breadcrumb\"},\"inLanguage\":\"fr-FR\",\"potentialAction\":[{\"@type\":\"ReadAction\",\"target\":[\"https:\\\/\\\/tiketi.com\\\/companies\\\/buses\\\/eagle-liner-bus\\\/\"]}]},{\"@type\":\"ImageObject\",\"inLanguage\":\"fr-FR\",\"@id\":\"https:\\\/\\\/tiketi.com\\\/companies\\\/buses\\\/eagle-liner-bus\\\/#primaryimage\",\"url\":\"https:\\\/\\\/tiketi.com\\\/wp-content\\\/uploads\\\/2022\\\/01\\\/bus-ticket-online-booking.jpg\",\"contentUrl\":\"https:\\\/\\\/tiketi.com\\\/wp-content\\\/uploads\\\/2022\\\/01\\\/bus-ticket-online-booking.jpg\",\"width\":1200,\"height\":206,\"caption\":\"Online Bus Ticket Booking\"},{\"@type\":\"BreadcrumbList\",\"@id\":\"https:\\\/\\\/tiketi.com\\\/companies\\\/buses\\\/eagle-liner-bus\\\/#breadcrumb\",\"itemListElement\":[{\"@type\":\"ListItem\",\"position\":1,\"name\":\"Home\",\"item\":\"https:\\\/\\\/tiketi.com\\\/\"},{\"@type\":\"ListItem\",\"position\":2,\"name\":\"Companies\",\"item\":\"https:\\\/\\\/tiketi.com\\\/companies\\\/\"},{\"@type\":\"ListItem\",\"position\":3,\"name\":\"Buses\",\"item\":\"https:\\\/\\\/tiketi.com\\\/companies\\\/buses\\\/\"},{\"@type\":\"ListItem\",\"position\":4,\"name\":\"Eagle Liner Online Booking, Bus Tickets, Routes &#038; Fares\"}]},{\"@type\":\"WebSite\",\"@id\":\"https:\\\/\\\/tiketi.com\\\/#website\",\"url\":\"https:\\\/\\\/tiketi.com\\\/\",\"name\":\"Flight & Bus Tickets, Tour Packages & Activitites - Tiketi.com\",\"description\":\"Flight &amp; Bus Tickets, Tours, Activitites\",\"publisher\":{\"@id\":\"https:\\\/\\\/tiketi.com\\\/#organization\"},\"potentialAction\":[{\"@type\":\"SearchAction\",\"target\":{\"@type\":\"EntryPoint\",\"urlTemplate\":\"https:\\\/\\\/tiketi.com\\\/?s={search_term_string}\"},\"query-input\":{\"@type\":\"PropertyValueSpecification\",\"valueRequired\":true,\"valueName\":\"search_term_string\"}}],\"inLanguage\":\"fr-FR\"},{\"@type\":\"Organization\",\"@id\":\"https:\\\/\\\/tiketi.com\\\/#organization\",\"name\":\"Tiketi.com\",\"alternateName\":\"Tiketi\",\"url\":\"https:\\\/\\\/tiketi.com\\\/\",\"logo\":{\"@type\":\"ImageObject\",\"inLanguage\":\"fr-FR\",\"@id\":\"https:\\\/\\\/tiketi.com\\\/#\\\/schema\\\/logo\\\/image\\\/\",\"url\":\"https:\\\/\\\/tiketi.com\\\/wp-content\\\/uploads\\\/2019\\\/05\\\/tiketi-logo-696.png\",\"contentUrl\":\"https:\\\/\\\/tiketi.com\\\/wp-content\\\/uploads\\\/2019\\\/05\\\/tiketi-logo-696.png\",\"width\":696,\"height\":696,\"caption\":\"Tiketi.com\"},\"image\":{\"@id\":\"https:\\\/\\\/tiketi.com\\\/#\\\/schema\\\/logo\\\/image\\\/\"},\"sameAs\":[\"https:\\\/\\\/www.facebook.com\\\/TiketiCom\\\/\"]}]}<\/script>\n<!-- \/ Yoast SEO plugin. -->","yoast_head_json":{"title":"R\u00e9servation en ligne Eagle Liner, billets de bus, itin\u00e9raires et tarifs","description":"Vous recherchez une r\u00e9servation en ligne Eagle Liner, une application, des contacts, un itin\u00e9raire, un tarif et un horaire\u00a0? R\u00e9servez d\u00e8s maintenant vos billets de bus Eagle Liner \u00e0 bas prix et \u00e9conomisez","robots":{"index":"index","follow":"follow","max-snippet":"max-snippet:-1","max-image-preview":"max-image-preview:large","max-video-preview":"max-video-preview:-1"},"canonical":"https:\/\/tiketi.com\/fr-fr\/companies\/buses\/eagle-liner-bus\/","og_locale":"fr_FR","og_type":"article","og_title":"Eagle Liner Online Booking, Bus Tickets, Routes & Fares","og_description":"Looking for Eagle Liner online booking, app, contacts, route, fare and schedule? Make a cheap Eagle Liner bus tickets booking now and save","og_url":"https:\/\/tiketi.com\/fr-fr\/companies\/buses\/eagle-liner-bus\/","og_site_name":"Tiketi.com","article_publisher":"https:\/\/www.facebook.com\/TiketiCom\/","article_modified_time":"2022-10-23T19:54:53+00:00","og_image":[{"width":1200,"height":206,"url":"https:\/\/tiketi.com\/wp-content\/uploads\/2022\/01\/bus-ticket-online-booking.jpg","type":"image\/jpeg"}],"twitter_card":"summary_large_image","twitter_misc":{"Dur\u00e9e de lecture estim\u00e9e":"2 minutes"},"schema":{"@context":"https:\/\/schema.org","@graph":[{"@type":"WebPage","@id":"https:\/\/tiketi.com\/companies\/buses\/eagle-liner-bus\/","url":"https:\/\/tiketi.com\/companies\/buses\/eagle-liner-bus\/","name":"R\u00e9servation en ligne Eagle Liner, billets de bus, itin\u00e9raires et tarifs","isPartOf":{"@id":"https:\/\/tiketi.com\/#website"},"primaryImageOfPage":{"@id":"https:\/\/tiketi.com\/companies\/buses\/eagle-liner-bus\/#primaryimage"},"image":{"@id":"https:\/\/tiketi.com\/companies\/buses\/eagle-liner-bus\/#primaryimage"},"thumbnailUrl":"https:\/\/tiketi.com\/wp-content\/uploads\/2022\/01\/bus-ticket-online-booking.jpg","datePublished":"2022-01-19T11:54:33+00:00","dateModified":"2022-10-23T19:54:53+00:00","description":"Vous recherchez une r\u00e9servation en ligne Eagle Liner, une application, des contacts, un itin\u00e9raire, un tarif et un horaire\u00a0? R\u00e9servez d\u00e8s maintenant vos billets de bus Eagle Liner \u00e0 bas prix et \u00e9conomisez","breadcrumb":{"@id":"https:\/\/tiketi.com\/companies\/buses\/eagle-liner-bus\/#breadcrumb"},"inLanguage":"fr-FR","potentialAction":[{"@type":"ReadAction","target":["https:\/\/tiketi.com\/companies\/buses\/eagle-liner-bus\/"]}]},{"@type":"ImageObject","inLanguage":"fr-FR","@id":"https:\/\/tiketi.com\/companies\/buses\/eagle-liner-bus\/#primaryimage","url":"https:\/\/tiketi.com\/wp-content\/uploads\/2022\/01\/bus-ticket-online-booking.jpg","contentUrl":"https:\/\/tiketi.com\/wp-content\/uploads\/2022\/01\/bus-ticket-online-booking.jpg","width":1200,"height":206,"caption":"Online Bus Ticket Booking"},{"@type":"BreadcrumbList","@id":"https:\/\/tiketi.com\/companies\/buses\/eagle-liner-bus\/#breadcrumb","itemListElement":[{"@type":"ListItem","position":1,"name":"Home","item":"https:\/\/tiketi.com\/"},{"@type":"ListItem","position":2,"name":"Companies","item":"https:\/\/tiketi.com\/companies\/"},{"@type":"ListItem","position":3,"name":"Buses","item":"https:\/\/tiketi.com\/companies\/buses\/"},{"@type":"ListItem","position":4,"name":"Eagle Liner Online Booking, Bus Tickets, Routes &#038; Fares"}]},{"@type":"WebSite","@id":"https:\/\/tiketi.com\/#website","url":"https:\/\/tiketi.com\/","name":"Billets d&#039;avion et de bus, forfaits touristiques et activit\u00e9s - Tiketi.com","description":"Billets d&#039;avion et de bus, Tours, Activit\u00e9s","publisher":{"@id":"https:\/\/tiketi.com\/#organization"},"potentialAction":[{"@type":"SearchAction","target":{"@type":"EntryPoint","urlTemplate":"https:\/\/tiketi.com\/?s={search_term_string}"},"query-input":{"@type":"PropertyValueSpecification","valueRequired":true,"valueName":"search_term_string"}}],"inLanguage":"fr-FR"},{"@type":"Organization","@id":"https:\/\/tiketi.com\/#organization","name":"Tiketi.com","alternateName":"Tiketi","url":"https:\/\/tiketi.com\/","logo":{"@type":"ImageObject","inLanguage":"fr-FR","@id":"https:\/\/tiketi.com\/#\/schema\/logo\/image\/","url":"https:\/\/tiketi.com\/wp-content\/uploads\/2019\/05\/tiketi-logo-696.png","contentUrl":"https:\/\/tiketi.com\/wp-content\/uploads\/2019\/05\/tiketi-logo-696.png","width":696,"height":696,"caption":"Tiketi.com"},"image":{"@id":"https:\/\/tiketi.com\/#\/schema\/logo\/image\/"},"sameAs":["https:\/\/www.facebook.com\/TiketiCom\/"]}]}},"_links":{"self":[{"href":"https:\/\/tiketi.com\/fr-fr\/wp-json\/wp\/v2\/pages\/11351","targetHints":{"allow":["GET"]}}],"collection":[{"href":"https:\/\/tiketi.com\/fr-fr\/wp-json\/wp\/v2\/pages"}],"about":[{"href":"https:\/\/tiketi.com\/fr-fr\/wp-json\/wp\/v2\/types\/page"}],"author":[{"embeddable":true,"href":"https:\/\/tiketi.com\/fr-fr\/wp-json\/wp\/v2\/users\/1"}],"replies":[{"embeddable":true,"href":"https:\/\/tiketi.com\/fr-fr\/wp-json\/wp\/v2\/comments?post=11351"}],"version-history":[{"count":0,"href":"https:\/\/tiketi.com\/fr-fr\/wp-json\/wp\/v2\/pages\/11351\/revisions"}],"up":[{"embeddable":true,"href":"https:\/\/tiketi.com\/fr-fr\/wp-json\/wp\/v2\/pages\/25524"}],"wp:featuredmedia":[{"embeddable":true,"href":"https:\/\/tiketi.com\/fr-fr\/wp-json\/wp\/v2\/media\/13999"}],"wp:attachment":[{"href":"https:\/\/tiketi.com\/fr-fr\/wp-json\/wp\/v2\/media?parent=11351"}],"curies":[{"name":"wp","href":"https:\/\/api.w.org\/{rel}","templated":true}]}}