{"id":11352,"date":"2022-01-19T12:54:33","date_gmt":"2022-01-19T11:54:33","guid":{"rendered":"https:\/\/new.tiketi.com\/eldo-coaches-online-booking-bus-tickets-routes-fares\/"},"modified":"2022-02-11T23:06:04","modified_gmt":"2022-02-11T22:06:04","slug":"eldo-coaches-online-booking-bus-tickets-routes-fares","status":"publish","type":"page","link":"https:\/\/tiketi.com\/fr-fr\/eldo-coaches-online-booking-bus-tickets-routes-fares\/","title":{"rendered":"Eldo Coaches R\u00e9servation en ligne, billets de bus, itin\u00e9raires et tarifs"},"content":{"rendered":"<h2>R\u00e9servation de billets de bus pas chers Eldo Coaches<\/h2>\n<h3>D\u00e9couvrez votre itin\u00e9raire sur le web, le mobile ou l&#039;application et r\u00e9servez en ligne des billets de bus Eldo Coaches pas chers.<\/h3>\n<p>La r\u00e9servation en ligne d&#039;Eldo Coaches en toute simplicit\u00e9. Eldo Coaches est un fournisseur fiable et s\u00fbr de services d&#039;autobus interurbains. La compagnie de bus fournit un vaste r\u00e9seau sud-africain de services de r\u00e9servation en ligne de bus Eldo d&#039;un excellent rapport qualit\u00e9-prix depuis sa base vers des villes telles que Pretoria, Johannesburg, Cape Town, Bloemfontein, East London, Durban, King Williamstown, Harrismith, Queenstown et Pietermaritzbourg. Faites de m\u00eame pour la r\u00e9servation en ligne de billets de bus Eldo Coaches et \u00e9conomisez du temps et de l&#039;argent.<\/p>\n<h2>Eldo Coaches FAQ sur la r\u00e9servation en ligne, l&#039;itin\u00e9raire et les tarifs<\/h2>\n<h3>Quels sont les c\u00e9l\u00e8bres itin\u00e9raires des Eldo Coaches ?<\/h3>\n<p>\u2022 De la ville de King William au Cap<br \/>\n\u2022 Le Cap \u00e0 King Williams Town<br \/>\n\u2022 Le Cap \u00e0 Port Elizabeth<br \/>\n\u2022 Port Elizabeth au Cap<br \/>\n\u2022 Pietermaritzburg \u00e0 Johannesbourg<br \/>\n\u2022 Johannesbourg \u00e0 Pietermaritzburg<br \/>\n\u2022 De Bloemfontein au Cap<br \/>\n\u2022 Le Cap \u00e0 Bloemfontein<br \/>\n\u2022 De Johannesburg \u00e0 la ville de King William<br \/>\n\u2022 la ville de King William \u00e0 Johannesburg<br \/>\n\u2022 Johannesbourg \u00e0 Bloemfontein<br \/>\n\u2022 Est de Londres \u00e0 Johannesburg<br \/>\n\u2022 Kimberley \u00e0 Johannesbourg<br \/>\n\u2022 Johannesbourg \u00e0 Kimberley<br \/>\n\u2022 Bloemfontein \u00e0 Johannesbourg<br \/>\n\u2022 Pretoria \u00e0 Port Elizabeth<br \/>\n\u2022 Durban \u00e0 Cape Town via Bloemfontein<br \/>\n\u2022 Pretoria \u00e0 Port Elizabeth via Grahamstown<br \/>\n\u2022 Pretoria \u00e0 Port Elizabeth via Upington<\/p>\n<h3>Flotte d&#039;autocars Eldo<\/h3>\n<p>La flotte d&#039;autocars Eldo est maintenue dans un \u00e9tat impeccable et nous r\u00e9alisons des services bien dans les conseils des producteurs. Chaque v\u00e9hicule est soumis \u00e0 des contr\u00f4les de s\u00e9curit\u00e9 complets avant et apr\u00e8s le voyage. Tous les v\u00e9hicules sont \u00e9quip\u00e9s des nouveaux syst\u00e8mes de technologie de pointe qui nous permettent de communiquer avec les v\u00e9hicules et de les suivre, en surveillant \u00e0 la fois les performances du conducteur et de la flotte.<\/p>\n<p>Eldo coaches s&#039;est d\u00e9velopp\u00e9 et diversifi\u00e9 au fil des ans, avec plus de soixante-dix v\u00e9hicules de luxe dans sa flotte. En tant que professionnel de l&#039;industrie, Eldo Coaches dispose d&#039;une grande flotte diversifi\u00e9e, \u00e9tonnante et soigneusement s\u00e9lectionn\u00e9e, ce qui nous permet de r\u00e9pondre \u00e0 toutes les occasions, \u00e0 tout moment, n&#039;importe o\u00f9. Il en va de m\u00eame pour la r\u00e9servation en ligne de bus Eldo Coaches d\u00e8s maintenant pour voyager \u00e0 bas prix, en toute s\u00e9curit\u00e9 et facilement en Afrique du Sud.<\/p>\n<h3>Quelles sont les coordonn\u00e9es de la r\u00e9servation de billets de bus et des autocars pas chers Eldo Coaches ?<\/h3>\n<p>Bus Eldo Coaches<br \/>\nSi\u00e8ge social 316 Ferme<br \/>\nRoute de Lenasia R554<br \/>\nEikenhof<br \/>\nAfrique du Sud<\/p>\n<h2>Eldo Coaches Bus Conseils de r\u00e9servation en ligne<\/h2>\n<p>Vous pouvez effectuer la r\u00e9servation en ligne de billets de bus Eldo Coaches en toute s\u00e9curit\u00e9 et facilement ou appeler le centre d&#039;appels. La s\u00e9curit\u00e9 chez Eldo Coaches va au-del\u00e0 de l&#039;appel du devoir, nous nous effor\u00e7ons de promettre la s\u00e9curit\u00e9 de notre cargaison la plus pr\u00e9cieuse.<\/p>","protected":false},"excerpt":{"rendered":"<p>Cheap Eldo Coaches Bus Tickets Booking Discover your travel route on web, mobile or app and book cheap Eldo Coaches bus tickets online. Eldo\u00a0Coaches online booking made easy. Eldo coaches is a reliable and safe provider of intercity bus services. The bus company provides a big South African network of best and affordable value for [&hellip;]<\/p>\n","protected":false},"author":1,"featured_media":13999,"parent":0,"menu_order":0,"comment_status":"open","ping_status":"closed","template":"template-home-modern.php","meta":{"footnotes":""},"class_list":["post-11352","page","type-page","status-publish","has-post-thumbnail","hentry"],"yoast_head":"<!-- This site is optimized with the Yoast SEO plugin v27.4 - https:\/\/yoast.com\/product\/yoast-seo-wordpress\/ -->\n<title>Eldo Coaches Online Booking, Bus Tickets, Routes &amp; Fares<\/title>\n<meta name=\"description\" content=\"Looking for Eldo Coaches online booking, bus tickets reservation, route &amp; fare? Make cheap Eldo Coaches bus tickets booking online now\" \/>\n<meta name=\"robots\" content=\"index, follow, max-snippet:-1, max-image-preview:large, max-video-preview:-1\" \/>\n<link rel=\"canonical\" href=\"https:\/\/tiketi.com\/fr-fr\/eldo-coaches-online-booking-bus-tickets-routes-fares\/\" \/>\n<meta property=\"og:locale\" content=\"fr_FR\" \/>\n<meta property=\"og:type\" content=\"article\" \/>\n<meta property=\"og:title\" content=\"Eldo Coaches Online Booking, Bus Tickets, Routes &amp; Fares\" \/>\n<meta property=\"og:description\" content=\"Looking for Eldo Coaches online booking, bus tickets reservation, route &amp; fare? Make cheap Eldo Coaches bus tickets booking online now\" \/>\n<meta property=\"og:url\" content=\"https:\/\/tiketi.com\/fr-fr\/eldo-coaches-online-booking-bus-tickets-routes-fares\/\" \/>\n<meta property=\"og:site_name\" content=\"Tiketi.com\" \/>\n<meta property=\"article:publisher\" content=\"https:\/\/www.facebook.com\/TiketiCom\/\" \/>\n<meta property=\"article:modified_time\" content=\"2022-02-11T22:06:04+00:00\" \/>\n<meta property=\"og:image\" content=\"https:\/\/tiketi.com\/wp-content\/uploads\/2022\/01\/bus-ticket-online-booking.jpg\" \/>\n\t<meta property=\"og:image:width\" content=\"1200\" \/>\n\t<meta property=\"og:image:height\" content=\"206\" \/>\n\t<meta property=\"og:image:type\" content=\"image\/jpeg\" \/>\n<meta name=\"twitter:card\" content=\"summary_large_image\" \/>\n<meta name=\"twitter:label1\" content=\"Dur\u00e9e de lecture estim\u00e9e\" \/>\n\t<meta name=\"twitter:data1\" content=\"2 minutes\" \/>\n<script type=\"application\/ld+json\" class=\"yoast-schema-graph\">{\"@context\":\"https:\\\/\\\/schema.org\",\"@graph\":[{\"@type\":\"WebPage\",\"@id\":\"https:\\\/\\\/tiketi.com\\\/eldo-coaches-online-booking-bus-tickets-routes-fares\\\/\",\"url\":\"https:\\\/\\\/tiketi.com\\\/eldo-coaches-online-booking-bus-tickets-routes-fares\\\/\",\"name\":\"Eldo Coaches Online Booking, Bus Tickets, Routes & Fares\",\"isPartOf\":{\"@id\":\"https:\\\/\\\/tiketi.com\\\/#website\"},\"primaryImageOfPage\":{\"@id\":\"https:\\\/\\\/tiketi.com\\\/eldo-coaches-online-booking-bus-tickets-routes-fares\\\/#primaryimage\"},\"image\":{\"@id\":\"https:\\\/\\\/tiketi.com\\\/eldo-coaches-online-booking-bus-tickets-routes-fares\\\/#primaryimage\"},\"thumbnailUrl\":\"https:\\\/\\\/tiketi.com\\\/wp-content\\\/uploads\\\/2022\\\/01\\\/bus-ticket-online-booking.jpg\",\"datePublished\":\"2022-01-19T11:54:33+00:00\",\"dateModified\":\"2022-02-11T22:06:04+00:00\",\"description\":\"Looking for Eldo Coaches online booking, bus tickets reservation, route & fare? Make cheap Eldo Coaches bus tickets booking online now\",\"breadcrumb\":{\"@id\":\"https:\\\/\\\/tiketi.com\\\/eldo-coaches-online-booking-bus-tickets-routes-fares\\\/#breadcrumb\"},\"inLanguage\":\"fr-FR\",\"potentialAction\":[{\"@type\":\"ReadAction\",\"target\":[\"https:\\\/\\\/tiketi.com\\\/eldo-coaches-online-booking-bus-tickets-routes-fares\\\/\"]}]},{\"@type\":\"ImageObject\",\"inLanguage\":\"fr-FR\",\"@id\":\"https:\\\/\\\/tiketi.com\\\/eldo-coaches-online-booking-bus-tickets-routes-fares\\\/#primaryimage\",\"url\":\"https:\\\/\\\/tiketi.com\\\/wp-content\\\/uploads\\\/2022\\\/01\\\/bus-ticket-online-booking.jpg\",\"contentUrl\":\"https:\\\/\\\/tiketi.com\\\/wp-content\\\/uploads\\\/2022\\\/01\\\/bus-ticket-online-booking.jpg\",\"width\":1200,\"height\":206,\"caption\":\"Online Bus Ticket Booking\"},{\"@type\":\"BreadcrumbList\",\"@id\":\"https:\\\/\\\/tiketi.com\\\/eldo-coaches-online-booking-bus-tickets-routes-fares\\\/#breadcrumb\",\"itemListElement\":[{\"@type\":\"ListItem\",\"position\":1,\"name\":\"Home\",\"item\":\"https:\\\/\\\/tiketi.com\\\/\"},{\"@type\":\"ListItem\",\"position\":2,\"name\":\"Eldo Coaches Online Booking, Bus Tickets, Routes &#038; Fares\"}]},{\"@type\":\"WebSite\",\"@id\":\"https:\\\/\\\/tiketi.com\\\/#website\",\"url\":\"https:\\\/\\\/tiketi.com\\\/\",\"name\":\"Flight & Bus Tickets, Tour Packages & Activitites - Tiketi.com\",\"description\":\"Flight &amp; Bus Tickets, Tours, Activitites\",\"publisher\":{\"@id\":\"https:\\\/\\\/tiketi.com\\\/#organization\"},\"potentialAction\":[{\"@type\":\"SearchAction\",\"target\":{\"@type\":\"EntryPoint\",\"urlTemplate\":\"https:\\\/\\\/tiketi.com\\\/?s={search_term_string}\"},\"query-input\":{\"@type\":\"PropertyValueSpecification\",\"valueRequired\":true,\"valueName\":\"search_term_string\"}}],\"inLanguage\":\"fr-FR\"},{\"@type\":\"Organization\",\"@id\":\"https:\\\/\\\/tiketi.com\\\/#organization\",\"name\":\"Tiketi.com\",\"alternateName\":\"Tiketi\",\"url\":\"https:\\\/\\\/tiketi.com\\\/\",\"logo\":{\"@type\":\"ImageObject\",\"inLanguage\":\"fr-FR\",\"@id\":\"https:\\\/\\\/tiketi.com\\\/#\\\/schema\\\/logo\\\/image\\\/\",\"url\":\"https:\\\/\\\/tiketi.com\\\/wp-content\\\/uploads\\\/2019\\\/05\\\/tiketi-logo-696.png\",\"contentUrl\":\"https:\\\/\\\/tiketi.com\\\/wp-content\\\/uploads\\\/2019\\\/05\\\/tiketi-logo-696.png\",\"width\":696,\"height\":696,\"caption\":\"Tiketi.com\"},\"image\":{\"@id\":\"https:\\\/\\\/tiketi.com\\\/#\\\/schema\\\/logo\\\/image\\\/\"},\"sameAs\":[\"https:\\\/\\\/www.facebook.com\\\/TiketiCom\\\/\"]}]}<\/script>\n<!-- \/ Yoast SEO plugin. -->","yoast_head_json":{"title":"Eldo Coaches R\u00e9servation en ligne, billets de bus, itin\u00e9raires et tarifs","description":"Vous recherchez une r\u00e9servation en ligne Eldo Coaches, une r\u00e9servation de billets de bus, un itin\u00e9raire et un tarif\u00a0? R\u00e9servez en ligne d\u00e8s maintenant vos billets de bus Eldo Coaches \u00e0 petits prix","robots":{"index":"index","follow":"follow","max-snippet":"max-snippet:-1","max-image-preview":"max-image-preview:large","max-video-preview":"max-video-preview:-1"},"canonical":"https:\/\/tiketi.com\/fr-fr\/eldo-coaches-online-booking-bus-tickets-routes-fares\/","og_locale":"fr_FR","og_type":"article","og_title":"Eldo Coaches Online Booking, Bus Tickets, Routes & Fares","og_description":"Looking for Eldo Coaches online booking, bus tickets reservation, route & fare? Make cheap Eldo Coaches bus tickets booking online now","og_url":"https:\/\/tiketi.com\/fr-fr\/eldo-coaches-online-booking-bus-tickets-routes-fares\/","og_site_name":"Tiketi.com","article_publisher":"https:\/\/www.facebook.com\/TiketiCom\/","article_modified_time":"2022-02-11T22:06:04+00:00","og_image":[{"width":1200,"height":206,"url":"https:\/\/tiketi.com\/wp-content\/uploads\/2022\/01\/bus-ticket-online-booking.jpg","type":"image\/jpeg"}],"twitter_card":"summary_large_image","twitter_misc":{"Dur\u00e9e de lecture estim\u00e9e":"2 minutes"},"schema":{"@context":"https:\/\/schema.org","@graph":[{"@type":"WebPage","@id":"https:\/\/tiketi.com\/eldo-coaches-online-booking-bus-tickets-routes-fares\/","url":"https:\/\/tiketi.com\/eldo-coaches-online-booking-bus-tickets-routes-fares\/","name":"Eldo Coaches R\u00e9servation en ligne, billets de bus, itin\u00e9raires et tarifs","isPartOf":{"@id":"https:\/\/tiketi.com\/#website"},"primaryImageOfPage":{"@id":"https:\/\/tiketi.com\/eldo-coaches-online-booking-bus-tickets-routes-fares\/#primaryimage"},"image":{"@id":"https:\/\/tiketi.com\/eldo-coaches-online-booking-bus-tickets-routes-fares\/#primaryimage"},"thumbnailUrl":"https:\/\/tiketi.com\/wp-content\/uploads\/2022\/01\/bus-ticket-online-booking.jpg","datePublished":"2022-01-19T11:54:33+00:00","dateModified":"2022-02-11T22:06:04+00:00","description":"Vous recherchez une r\u00e9servation en ligne Eldo Coaches, une r\u00e9servation de billets de bus, un itin\u00e9raire et un tarif\u00a0? R\u00e9servez en ligne d\u00e8s maintenant vos billets de bus Eldo Coaches \u00e0 petits prix","breadcrumb":{"@id":"https:\/\/tiketi.com\/eldo-coaches-online-booking-bus-tickets-routes-fares\/#breadcrumb"},"inLanguage":"fr-FR","potentialAction":[{"@type":"ReadAction","target":["https:\/\/tiketi.com\/eldo-coaches-online-booking-bus-tickets-routes-fares\/"]}]},{"@type":"ImageObject","inLanguage":"fr-FR","@id":"https:\/\/tiketi.com\/eldo-coaches-online-booking-bus-tickets-routes-fares\/#primaryimage","url":"https:\/\/tiketi.com\/wp-content\/uploads\/2022\/01\/bus-ticket-online-booking.jpg","contentUrl":"https:\/\/tiketi.com\/wp-content\/uploads\/2022\/01\/bus-ticket-online-booking.jpg","width":1200,"height":206,"caption":"Online Bus Ticket Booking"},{"@type":"BreadcrumbList","@id":"https:\/\/tiketi.com\/eldo-coaches-online-booking-bus-tickets-routes-fares\/#breadcrumb","itemListElement":[{"@type":"ListItem","position":1,"name":"Home","item":"https:\/\/tiketi.com\/"},{"@type":"ListItem","position":2,"name":"Eldo Coaches Online Booking, Bus Tickets, Routes &#038; Fares"}]},{"@type":"WebSite","@id":"https:\/\/tiketi.com\/#website","url":"https:\/\/tiketi.com\/","name":"Billets d&#039;avion et de bus, forfaits touristiques et activit\u00e9s - Tiketi.com","description":"Billets d&#039;avion et de bus, Tours, Activit\u00e9s","publisher":{"@id":"https:\/\/tiketi.com\/#organization"},"potentialAction":[{"@type":"SearchAction","target":{"@type":"EntryPoint","urlTemplate":"https:\/\/tiketi.com\/?s={search_term_string}"},"query-input":{"@type":"PropertyValueSpecification","valueRequired":true,"valueName":"search_term_string"}}],"inLanguage":"fr-FR"},{"@type":"Organization","@id":"https:\/\/tiketi.com\/#organization","name":"Tiketi.com","alternateName":"Tiketi","url":"https:\/\/tiketi.com\/","logo":{"@type":"ImageObject","inLanguage":"fr-FR","@id":"https:\/\/tiketi.com\/#\/schema\/logo\/image\/","url":"https:\/\/tiketi.com\/wp-content\/uploads\/2019\/05\/tiketi-logo-696.png","contentUrl":"https:\/\/tiketi.com\/wp-content\/uploads\/2019\/05\/tiketi-logo-696.png","width":696,"height":696,"caption":"Tiketi.com"},"image":{"@id":"https:\/\/tiketi.com\/#\/schema\/logo\/image\/"},"sameAs":["https:\/\/www.facebook.com\/TiketiCom\/"]}]}},"_links":{"self":[{"href":"https:\/\/tiketi.com\/fr-fr\/wp-json\/wp\/v2\/pages\/11352","targetHints":{"allow":["GET"]}}],"collection":[{"href":"https:\/\/tiketi.com\/fr-fr\/wp-json\/wp\/v2\/pages"}],"about":[{"href":"https:\/\/tiketi.com\/fr-fr\/wp-json\/wp\/v2\/types\/page"}],"author":[{"embeddable":true,"href":"https:\/\/tiketi.com\/fr-fr\/wp-json\/wp\/v2\/users\/1"}],"replies":[{"embeddable":true,"href":"https:\/\/tiketi.com\/fr-fr\/wp-json\/wp\/v2\/comments?post=11352"}],"version-history":[{"count":0,"href":"https:\/\/tiketi.com\/fr-fr\/wp-json\/wp\/v2\/pages\/11352\/revisions"}],"wp:featuredmedia":[{"embeddable":true,"href":"https:\/\/tiketi.com\/fr-fr\/wp-json\/wp\/v2\/media\/13999"}],"wp:attachment":[{"href":"https:\/\/tiketi.com\/fr-fr\/wp-json\/wp\/v2\/media?parent=11352"}],"curies":[{"name":"wp","href":"https:\/\/api.w.org\/{rel}","templated":true}]}}