{"id":11353,"date":"2022-01-19T12:54:33","date_gmt":"2022-01-19T11:54:33","guid":{"rendered":"https:\/\/new.tiketi.com\/greyhound-online-booking-bus-tickets-reservation\/"},"modified":"2022-02-14T08:50:22","modified_gmt":"2022-02-14T07:50:22","slug":"greyhound-bus","status":"publish","type":"page","link":"https:\/\/tiketi.com\/fr-fr\/greyhound-bus\/","title":{"rendered":"Billets de bus, tarifs, horaires et itin\u00e9raire de r\u00e9servation en ligne Greyhound"},"content":{"rendered":"<h2>R\u00e9servation de billets de bus en ligne Greyhound Afrique du Sud<\/h2>\n<h3>D\u00e9couvrez votre itin\u00e9raire de voyage sur le web, le mobile ou l&#039;application et r\u00e9servez d\u00e8s maintenant des billets de bus Greyhound pas chers en ligne.<\/h3>\n<p>La r\u00e9servation en ligne de Greyhound en toute simplicit\u00e9. Greyhound est l&#039;un des services d&#039;autocars de luxe les plus anciens et les plus \u00e9tablis d&#039;Afrique du Sud. Proposant des services de bus r\u00e9guliers vers plus de 140 destinations dans tout le pays et proposant la r\u00e9servation de billets de bus en ligne, Greyhound est souvent le choix des voyageurs internationaux et locaux. La r\u00e9servation de billets de bus en ligne Greyhound vous permet d&#039;\u00e9conomiser du temps et de l&#039;argent.<\/p>\n<h2>R\u00e9servation en ligne Greyhound FAQ sur les billets d&#039;autobus, les tarifs, les horaires et les itin\u00e9raires<\/h2>\n<h3>Quels sont les c\u00e9l\u00e8bres itin\u00e9raires parcourus par les bus Greyhound ?<\/h3>\n<p>\u2022 Johannesbourg \u00e0 Pretoria \u2013 Bulawayo<br \/>\n\u2022 Johannesbourg \u00e0 Pretoria \u2013 Nelspruit<br \/>\n\u2022 Johannesbourg \u00e0 Pretoria \u2013 Harare<br \/>\n\u2022 Pretoria \u00e0 Johannesbourg \u2013 Durban<br \/>\n\u2022 Johannesbourg \u00e0 Pretoria \u2013 Polokwane<br \/>\n\u2022 Pretoria \u00e0 Johannesbourg \u2013 Maputo<br \/>\n\u2022 Pretoria \u00e0 Johannesburg - Kimberly<br \/>\n\u2022 Pretoria \u00e0 Johannesburg \u2013 Kimberley \u2013 Le Cap \u2013 Bloemfontein<\/p>\n<p>\u2022 Le Cap \u00e0 Port Elizabeth - Durban<br \/>\n\u2022 Est de Londres \u00e0 Johannesburg \u2013 Queenstown \u2013 Pretoria<br \/>\n\u2022 Maputo \u00e0 Johannesbourg \u2013 Pretoria<br \/>\n\u2022 Bulawayo \u00e0 Pretoria \u2013 Johannesbourg<br \/>\n\u2022 Pretoria \u00e0 Harare \u2013 Johannesbourg<\/p>\n<p>\u2022 Johannesbourg \u00e0 Mossel Bay<br \/>\n\u2022 Durban \u00e0 Bloemfontein<br \/>\n\u2022 Pretoria \u00e0 Johannesburg - Durban via Swinburne<br \/>\n\u2022 Est de Londres \u00e0 Queenstown \u2013 Johannesburg \u2013 Pretoria<\/p>\n<h3>Tarifs des bus Greyhound<\/h3>\n<p>La plupart des itin\u00e9raires longue distance offrent aux passagers le choix de voyager en classe de luxe ou en classe affaires. Les passagers voyageant de Durban \u00e0 Cape Town via Bloemfontein paieront 800 rands pour la classe affaires ou 650 rands pour la classe de luxe. Voyager de Durban \u00e0 Cape Town via Port Elizabeth co\u00fbte 770 rands pour le luxe tandis que les affaires co\u00fbtent 920 rands.<\/p>\n<p>Voyager en classe luxe de Cape Town \u00e0 Johannesburg co\u00fbte R650 \u00e0 R800 et une option de voyage via Kimberley ou Bloemfontein.<\/p>\n<p>Une r\u00e9servation de Johannesburg \u00e0 Nelspruit au co\u00fbt de R335 peut \u00eatre prise \u00e0 partir de 3 points de d\u00e9part diff\u00e9rents \u00e0 3 heures diff\u00e9rentes sur la route Johannesburg\/Pretoria\/Maputo, via Nelspruit.<\/p>\n<h3>La flotte de bus Greyhound<\/h3>\n<p>Exploitant une grande flotte de v\u00e9hicules Mega Buses, Ciiliners, Unitarians et Mega Coaches, Greyhound traverse quotidiennement l&#039;Afrique du Sud.<\/p>\n<h3>Quelles sont les coordonn\u00e9es des autocars et bus Greyhound ?<\/h3>\n<p>Levrette<br \/>\n29, chemin Lepus<br \/>\nMines de la Couronne<br \/>\nJohannesbourg 209<br \/>\nAfrique du Sud<\/p>\n<h2>Conseils de r\u00e9servation de billets de bus en ligne Greyhound pour l&#039;Afrique du Sud<\/h2>\n<p>Greyhound est membre de l&#039;association des op\u00e9rateurs de bus d&#039;Afrique australe.<\/p>","protected":false},"excerpt":{"rendered":"<p>Greyhound Online Bus Ticket Booking South Africa Discover your travel route on web, mobile or app and book cheap Greyhound bus tickets online now. Greyhound online booking made easy. Greyhound is one of South Africa oldest and most established luxury coach services. Running scheduled bus services to over 140 destinations countrywide and offer online bus [&hellip;]<\/p>\n","protected":false},"author":1,"featured_media":13999,"parent":0,"menu_order":0,"comment_status":"open","ping_status":"closed","template":"template-home-modern.php","meta":{"footnotes":""},"class_list":["post-11353","page","type-page","status-publish","has-post-thumbnail","hentry"],"yoast_head":"<!-- This site is optimized with the Yoast SEO plugin v27.4 - https:\/\/yoast.com\/product\/yoast-seo-wordpress\/ -->\n<title>Greyhound Online Booking, Bus Tickets, Fare, Schedule &amp; Route<\/title>\n<meta name=\"description\" content=\"Looking for Greyhound online booking, app, route, fare and schedule? Make a Greyhound online bus ticket booking online now and save\" \/>\n<meta name=\"robots\" content=\"index, follow, max-snippet:-1, max-image-preview:large, max-video-preview:-1\" \/>\n<link rel=\"canonical\" href=\"https:\/\/tiketi.com\/fr-fr\/greyhound-bus\/\" \/>\n<meta property=\"og:locale\" content=\"fr_FR\" \/>\n<meta property=\"og:type\" content=\"article\" \/>\n<meta property=\"og:title\" content=\"Greyhound Online Booking, Bus Tickets, Fare, Schedule &amp; Route\" \/>\n<meta property=\"og:description\" content=\"Looking for Greyhound online booking, app, route, fare and schedule? Make a Greyhound online bus ticket booking online now and save\" \/>\n<meta property=\"og:url\" content=\"https:\/\/tiketi.com\/fr-fr\/greyhound-bus\/\" \/>\n<meta property=\"og:site_name\" content=\"Tiketi.com\" \/>\n<meta property=\"article:publisher\" content=\"https:\/\/www.facebook.com\/TiketiCom\/\" \/>\n<meta property=\"article:modified_time\" content=\"2022-02-14T07:50:22+00:00\" \/>\n<meta property=\"og:image\" content=\"https:\/\/tiketi.com\/wp-content\/uploads\/2022\/01\/bus-ticket-online-booking.jpg\" \/>\n\t<meta property=\"og:image:width\" content=\"1200\" \/>\n\t<meta property=\"og:image:height\" content=\"206\" \/>\n\t<meta property=\"og:image:type\" content=\"image\/jpeg\" \/>\n<meta name=\"twitter:card\" content=\"summary_large_image\" \/>\n<meta name=\"twitter:label1\" content=\"Dur\u00e9e de lecture estim\u00e9e\" \/>\n\t<meta name=\"twitter:data1\" content=\"2 minutes\" \/>\n<script type=\"application\/ld+json\" class=\"yoast-schema-graph\">{\"@context\":\"https:\\\/\\\/schema.org\",\"@graph\":[{\"@type\":\"WebPage\",\"@id\":\"https:\\\/\\\/tiketi.com\\\/greyhound-bus\\\/\",\"url\":\"https:\\\/\\\/tiketi.com\\\/greyhound-bus\\\/\",\"name\":\"Greyhound Online Booking, Bus Tickets, Fare, Schedule & Route\",\"isPartOf\":{\"@id\":\"https:\\\/\\\/tiketi.com\\\/#website\"},\"primaryImageOfPage\":{\"@id\":\"https:\\\/\\\/tiketi.com\\\/greyhound-bus\\\/#primaryimage\"},\"image\":{\"@id\":\"https:\\\/\\\/tiketi.com\\\/greyhound-bus\\\/#primaryimage\"},\"thumbnailUrl\":\"https:\\\/\\\/tiketi.com\\\/wp-content\\\/uploads\\\/2022\\\/01\\\/bus-ticket-online-booking.jpg\",\"datePublished\":\"2022-01-19T11:54:33+00:00\",\"dateModified\":\"2022-02-14T07:50:22+00:00\",\"description\":\"Looking for Greyhound online booking, app, route, fare and schedule? Make a Greyhound online bus ticket booking online now and save\",\"breadcrumb\":{\"@id\":\"https:\\\/\\\/tiketi.com\\\/greyhound-bus\\\/#breadcrumb\"},\"inLanguage\":\"fr-FR\",\"potentialAction\":[{\"@type\":\"ReadAction\",\"target\":[\"https:\\\/\\\/tiketi.com\\\/greyhound-bus\\\/\"]}]},{\"@type\":\"ImageObject\",\"inLanguage\":\"fr-FR\",\"@id\":\"https:\\\/\\\/tiketi.com\\\/greyhound-bus\\\/#primaryimage\",\"url\":\"https:\\\/\\\/tiketi.com\\\/wp-content\\\/uploads\\\/2022\\\/01\\\/bus-ticket-online-booking.jpg\",\"contentUrl\":\"https:\\\/\\\/tiketi.com\\\/wp-content\\\/uploads\\\/2022\\\/01\\\/bus-ticket-online-booking.jpg\",\"width\":1200,\"height\":206,\"caption\":\"Online Bus Ticket Booking\"},{\"@type\":\"BreadcrumbList\",\"@id\":\"https:\\\/\\\/tiketi.com\\\/greyhound-bus\\\/#breadcrumb\",\"itemListElement\":[{\"@type\":\"ListItem\",\"position\":1,\"name\":\"Home\",\"item\":\"https:\\\/\\\/tiketi.com\\\/\"},{\"@type\":\"ListItem\",\"position\":2,\"name\":\"Greyhound Online Booking Bus Tickets, Fare, Schedule &#038; Route\"}]},{\"@type\":\"WebSite\",\"@id\":\"https:\\\/\\\/tiketi.com\\\/#website\",\"url\":\"https:\\\/\\\/tiketi.com\\\/\",\"name\":\"Flight & Bus Tickets, Tour Packages & Activitites - Tiketi.com\",\"description\":\"Flight &amp; Bus Tickets, Tours, Activitites\",\"publisher\":{\"@id\":\"https:\\\/\\\/tiketi.com\\\/#organization\"},\"potentialAction\":[{\"@type\":\"SearchAction\",\"target\":{\"@type\":\"EntryPoint\",\"urlTemplate\":\"https:\\\/\\\/tiketi.com\\\/?s={search_term_string}\"},\"query-input\":{\"@type\":\"PropertyValueSpecification\",\"valueRequired\":true,\"valueName\":\"search_term_string\"}}],\"inLanguage\":\"fr-FR\"},{\"@type\":\"Organization\",\"@id\":\"https:\\\/\\\/tiketi.com\\\/#organization\",\"name\":\"Tiketi.com\",\"alternateName\":\"Tiketi\",\"url\":\"https:\\\/\\\/tiketi.com\\\/\",\"logo\":{\"@type\":\"ImageObject\",\"inLanguage\":\"fr-FR\",\"@id\":\"https:\\\/\\\/tiketi.com\\\/#\\\/schema\\\/logo\\\/image\\\/\",\"url\":\"https:\\\/\\\/tiketi.com\\\/wp-content\\\/uploads\\\/2019\\\/05\\\/tiketi-logo-696.png\",\"contentUrl\":\"https:\\\/\\\/tiketi.com\\\/wp-content\\\/uploads\\\/2019\\\/05\\\/tiketi-logo-696.png\",\"width\":696,\"height\":696,\"caption\":\"Tiketi.com\"},\"image\":{\"@id\":\"https:\\\/\\\/tiketi.com\\\/#\\\/schema\\\/logo\\\/image\\\/\"},\"sameAs\":[\"https:\\\/\\\/www.facebook.com\\\/TiketiCom\\\/\"]}]}<\/script>\n<!-- \/ Yoast SEO plugin. -->","yoast_head_json":{"title":"R\u00e9servation en ligne Greyhound, billets de bus, tarifs, horaires et itin\u00e9raire","description":"Vous recherchez une r\u00e9servation en ligne Greyhound, une application, un itin\u00e9raire, un tarif et un horaire\u00a0? Faites une r\u00e9servation de billet de bus en ligne Greyhound en ligne maintenant et \u00e9conomisez","robots":{"index":"index","follow":"follow","max-snippet":"max-snippet:-1","max-image-preview":"max-image-preview:large","max-video-preview":"max-video-preview:-1"},"canonical":"https:\/\/tiketi.com\/fr-fr\/greyhound-bus\/","og_locale":"fr_FR","og_type":"article","og_title":"Greyhound Online Booking, Bus Tickets, Fare, Schedule & Route","og_description":"Looking for Greyhound online booking, app, route, fare and schedule? Make a Greyhound online bus ticket booking online now and save","og_url":"https:\/\/tiketi.com\/fr-fr\/greyhound-bus\/","og_site_name":"Tiketi.com","article_publisher":"https:\/\/www.facebook.com\/TiketiCom\/","article_modified_time":"2022-02-14T07:50:22+00:00","og_image":[{"width":1200,"height":206,"url":"https:\/\/tiketi.com\/wp-content\/uploads\/2022\/01\/bus-ticket-online-booking.jpg","type":"image\/jpeg"}],"twitter_card":"summary_large_image","twitter_misc":{"Dur\u00e9e de lecture estim\u00e9e":"2 minutes"},"schema":{"@context":"https:\/\/schema.org","@graph":[{"@type":"WebPage","@id":"https:\/\/tiketi.com\/greyhound-bus\/","url":"https:\/\/tiketi.com\/greyhound-bus\/","name":"R\u00e9servation en ligne Greyhound, billets de bus, tarifs, horaires et itin\u00e9raire","isPartOf":{"@id":"https:\/\/tiketi.com\/#website"},"primaryImageOfPage":{"@id":"https:\/\/tiketi.com\/greyhound-bus\/#primaryimage"},"image":{"@id":"https:\/\/tiketi.com\/greyhound-bus\/#primaryimage"},"thumbnailUrl":"https:\/\/tiketi.com\/wp-content\/uploads\/2022\/01\/bus-ticket-online-booking.jpg","datePublished":"2022-01-19T11:54:33+00:00","dateModified":"2022-02-14T07:50:22+00:00","description":"Vous recherchez une r\u00e9servation en ligne Greyhound, une application, un itin\u00e9raire, un tarif et un horaire\u00a0? Faites une r\u00e9servation de billet de bus en ligne Greyhound en ligne maintenant et \u00e9conomisez","breadcrumb":{"@id":"https:\/\/tiketi.com\/greyhound-bus\/#breadcrumb"},"inLanguage":"fr-FR","potentialAction":[{"@type":"ReadAction","target":["https:\/\/tiketi.com\/greyhound-bus\/"]}]},{"@type":"ImageObject","inLanguage":"fr-FR","@id":"https:\/\/tiketi.com\/greyhound-bus\/#primaryimage","url":"https:\/\/tiketi.com\/wp-content\/uploads\/2022\/01\/bus-ticket-online-booking.jpg","contentUrl":"https:\/\/tiketi.com\/wp-content\/uploads\/2022\/01\/bus-ticket-online-booking.jpg","width":1200,"height":206,"caption":"Online Bus Ticket Booking"},{"@type":"BreadcrumbList","@id":"https:\/\/tiketi.com\/greyhound-bus\/#breadcrumb","itemListElement":[{"@type":"ListItem","position":1,"name":"Home","item":"https:\/\/tiketi.com\/"},{"@type":"ListItem","position":2,"name":"Greyhound Online Booking Bus Tickets, Fare, Schedule &#038; Route"}]},{"@type":"WebSite","@id":"https:\/\/tiketi.com\/#website","url":"https:\/\/tiketi.com\/","name":"Billets d&#039;avion et de bus, forfaits touristiques et activit\u00e9s - Tiketi.com","description":"Billets d&#039;avion et de bus, Tours, Activit\u00e9s","publisher":{"@id":"https:\/\/tiketi.com\/#organization"},"potentialAction":[{"@type":"SearchAction","target":{"@type":"EntryPoint","urlTemplate":"https:\/\/tiketi.com\/?s={search_term_string}"},"query-input":{"@type":"PropertyValueSpecification","valueRequired":true,"valueName":"search_term_string"}}],"inLanguage":"fr-FR"},{"@type":"Organization","@id":"https:\/\/tiketi.com\/#organization","name":"Tiketi.com","alternateName":"Tiketi","url":"https:\/\/tiketi.com\/","logo":{"@type":"ImageObject","inLanguage":"fr-FR","@id":"https:\/\/tiketi.com\/#\/schema\/logo\/image\/","url":"https:\/\/tiketi.com\/wp-content\/uploads\/2019\/05\/tiketi-logo-696.png","contentUrl":"https:\/\/tiketi.com\/wp-content\/uploads\/2019\/05\/tiketi-logo-696.png","width":696,"height":696,"caption":"Tiketi.com"},"image":{"@id":"https:\/\/tiketi.com\/#\/schema\/logo\/image\/"},"sameAs":["https:\/\/www.facebook.com\/TiketiCom\/"]}]}},"_links":{"self":[{"href":"https:\/\/tiketi.com\/fr-fr\/wp-json\/wp\/v2\/pages\/11353","targetHints":{"allow":["GET"]}}],"collection":[{"href":"https:\/\/tiketi.com\/fr-fr\/wp-json\/wp\/v2\/pages"}],"about":[{"href":"https:\/\/tiketi.com\/fr-fr\/wp-json\/wp\/v2\/types\/page"}],"author":[{"embeddable":true,"href":"https:\/\/tiketi.com\/fr-fr\/wp-json\/wp\/v2\/users\/1"}],"replies":[{"embeddable":true,"href":"https:\/\/tiketi.com\/fr-fr\/wp-json\/wp\/v2\/comments?post=11353"}],"version-history":[{"count":0,"href":"https:\/\/tiketi.com\/fr-fr\/wp-json\/wp\/v2\/pages\/11353\/revisions"}],"wp:featuredmedia":[{"embeddable":true,"href":"https:\/\/tiketi.com\/fr-fr\/wp-json\/wp\/v2\/media\/13999"}],"wp:attachment":[{"href":"https:\/\/tiketi.com\/fr-fr\/wp-json\/wp\/v2\/media?parent=11353"}],"curies":[{"name":"wp","href":"https:\/\/api.w.org\/{rel}","templated":true}]}}