{"id":11355,"date":"2022-01-19T12:54:33","date_gmt":"2022-01-19T11:54:33","guid":{"rendered":"https:\/\/new.tiketi.com\/intercape-bus-ticket-booking-online-contacts-routes-fares\/"},"modified":"2022-10-23T20:53:04","modified_gmt":"2022-10-23T19:53:04","slug":"intercape-bus","status":"publish","type":"page","link":"https:\/\/tiketi.com\/fr-fr\/companies\/buses\/intercape-bus\/","title":{"rendered":"R\u00e9servation en ligne Intercape, billets de bus, tarif, horaire et itin\u00e9raire"},"content":{"rendered":"<h2>R\u00e9servation de billets de bus en ligne Intercape pas cher<\/h2>\n<h3>D\u00e9couvrez votre itin\u00e9raire de voyage sur le web, le mobile ou l&#039;application et r\u00e9servez des billets en ligne de bus Intercape.<\/h3>\n<p>La r\u00e9servation de billets de bus en ligne Intercape est simplifi\u00e9e. La soci\u00e9t\u00e9 de billets de bus Intercape est le service de transport de passagers interurbain le plus c\u00e9l\u00e8bre op\u00e9rant dans les pays d&#039;Afrique australe, notamment l&#039;Afrique du Sud, le Botswana, la Namibie, la Zambie, le Zimbabwe, le Mozambique et le Malawi. Alors faites une r\u00e9servation en ligne pas cher Intercape et \u00e9conomisez du temps et de l&#039;argent.<\/p>\n<h2>FAQ sur la r\u00e9servation en ligne Intercape, les billets de bus, les tarifs, les horaires et les itin\u00e9raires<\/h2>\n<h3>Quels sont les itin\u00e9raires des bus Intercape locaux et internationaux ?<\/h3>\n<p>Comme les itin\u00e9raires des bus Intercape contiennent toutes les grandes villes et villages d&#039;Afrique du Sud, ils peuvent s&#039;assurer que tout ce que vous envoyez avec eux arrivera \u00e0 sa place en toute s\u00e9curit\u00e9 et sera accessible pour la collecte dans les quarante-huit heures.<\/p>\n<h3>R\u00e9servations en ligne de bus Intercape Itin\u00e9raires Afrique du Sud, Botswana, Namibie, Zambie, Zimbabwe, Mozambique et Malawi :<\/h3>\n<p>\u2022 Le Cap \u00e0 Pretoria<br \/>\n\u2022 Johannesbourg \u00e0 Le Cap<br \/>\n\u2022 Durban \u00e0 Johannesbourg<br \/>\n\u2022 Johannesbourg \u00e0 Durban<br \/>\n\u2022 Le Cap \u00e0 Port Elizabeth<br \/>\n\u2022 De Pretoria \u00e0 Bloemfontein<br \/>\n\u2022 De Pretoria au Cap<br \/>\n\u2022 De Pretoria \u00e0 Durban<br \/>\n\u2022 Durban \u00e0 Midrand<br \/>\n\u2022 Johannesbourg \u00e0 Bloemfontein<br \/>\n\u2022 Kimberley \u00e0 Le Cap<br \/>\n\u2022 Pietermaritzburg \u00e0 Bloemfontein via Oudtshoorn<br \/>\n\u2022 Port Elizabeth \u00e0 Johannesburg via Rustenburg<br \/>\n\u2022 Durban \u00e0 Upington via Bloemfontein et Kimberley<br \/>\n\u2022 Le Cap \u00e0 Durban via Port Elizabeth<br \/>\n\u2022 Mosselbay \u00e0 Pretoria via Potchefstroom<br \/>\n\u2022 Potchefstroom\/Klerksdorp \u00e0 Umtata via Kimberley<br \/>\n\u2022 Johannesbourg \u00e0 Gaborone \/ Botswana<br \/>\n\u2022 Johannesburg \u00e0 Lusaka \/ Zambie<br \/>\n\u2022 Johannesbourg \u00e0 Blantyre \/ Malawi<br \/>\n\u2022 Johannesbourg \u00e0 Harare \/ Zimbabwe<br \/>\n\u2022 Johannesbourg \u00e0 Maputo \/ Mozambique<br \/>\n\u2022 Johannesburg \u00e0 Windhoek \/ Namibie<\/p>\n<h3>Quelles sont les coordonn\u00e9es des r\u00e9servations de bus et des bus en ligne Intercape\u00a0?<\/h3>\n<p>Si\u00e8ge social : Intercape Ferreira Mainliner Pty Ltd, Corner of Staal &amp; Research Roads, Pretoria West, Afrique du Sud<\/p>\n<h2>Conseils de r\u00e9servation de billets de bus en ligne Intercape<\/h2>\n<h3>R\u00e9servation en ligne Intercape sleepliner<\/h3>\n<p>Vous pouvez \u00e9galement effectuer une r\u00e9servation en ligne Intercape sleepliner, ils offrent une classe premium pour les passagers.<\/p>\n<h3>Location de bus Intercape<\/h3>\n<p>La flotte de location de bus Intercape propose une large gamme de v\u00e9hicules de luxe, allant des autocars de luxe de vingt-huit \u00e0 soixante places. Ces nouveaux autocars surpassent les normes de classe mondiale en mati\u00e8re de s\u00e9curit\u00e9 et de d\u00e9tente des passagers. Tous les autocars sont \u00e9quip\u00e9s de la nouvelle technologie, y compris des \u00e9quipements de s\u00e9curit\u00e9 sp\u00e9cialis\u00e9s, la climatisation et le chauffage, des syst\u00e8mes de divertissement audio et vid\u00e9o, des toilettes et une cuisine \u00e0 bord, des si\u00e8ges inclinables super doux \u00e9quip\u00e9s de ceintures de s\u00e9curit\u00e9 individuelles, ainsi que des accoudoirs et des lampes de lecture individuels.<\/p>\n<p>Alors faites la r\u00e9servation de billets de bus en ligne Intercape d\u00e8s maintenant pour voyager \u00e0 bas prix, en toute s\u00e9curit\u00e9 et facilement en Afrique du Sud.<\/p>","protected":false},"excerpt":{"rendered":"<p>Cheap Intercape Online Bus Ticket Booking Discover your travel route on web, mobile or app and book Intercape bus online tickets. Intercape online bus ticket booking made easy.&nbsp;The Intercape bus tickets company is the most famous intercity passenger transport service operating in Southern African countries including South Africa, Botswana, Namibia, Zambia, Zimbabwe, Mozambique and Malawi. [&hellip;]<\/p>\n","protected":false},"author":1,"featured_media":13999,"parent":25524,"menu_order":0,"comment_status":"open","ping_status":"closed","template":"template-home-modern.php","meta":{"footnotes":""},"class_list":["post-11355","page","type-page","status-publish","has-post-thumbnail","hentry"],"yoast_head":"<!-- This site is optimized with the Yoast SEO plugin v27.4 - https:\/\/yoast.com\/product\/yoast-seo-wordpress\/ -->\n<title>Intercape Online Booking, Bus Tickets, Fare, Schedule &amp; Route<\/title>\n<meta name=\"description\" content=\"Looking for Intercape bus ticket booking, app, sleepliner, bus routes, fares and schedule timing? Make a cheap Intercape online booking now\" \/>\n<meta name=\"robots\" content=\"index, follow, max-snippet:-1, max-image-preview:large, max-video-preview:-1\" \/>\n<link rel=\"canonical\" href=\"https:\/\/tiketi.com\/fr-fr\/companies\/buses\/intercape-bus\/\" \/>\n<meta property=\"og:locale\" content=\"fr_FR\" \/>\n<meta property=\"og:type\" content=\"article\" \/>\n<meta property=\"og:title\" content=\"Intercape Online Booking, Bus Tickets, Fare, Schedule &amp; Route\" \/>\n<meta property=\"og:description\" content=\"Looking for Intercape bus ticket booking, app, sleepliner, bus routes, fares and schedule timing? Make a cheap Intercape online booking now\" \/>\n<meta property=\"og:url\" content=\"https:\/\/tiketi.com\/fr-fr\/companies\/buses\/intercape-bus\/\" \/>\n<meta property=\"og:site_name\" content=\"Tiketi.com\" \/>\n<meta property=\"article:publisher\" content=\"https:\/\/www.facebook.com\/TiketiCom\/\" \/>\n<meta property=\"article:modified_time\" content=\"2022-10-23T19:53:04+00:00\" \/>\n<meta property=\"og:image\" content=\"https:\/\/tiketi.com\/wp-content\/uploads\/2022\/01\/bus-ticket-online-booking.jpg\" \/>\n\t<meta property=\"og:image:width\" content=\"1200\" \/>\n\t<meta property=\"og:image:height\" content=\"206\" \/>\n\t<meta property=\"og:image:type\" content=\"image\/jpeg\" \/>\n<meta name=\"twitter:card\" content=\"summary_large_image\" \/>\n<meta name=\"twitter:label1\" content=\"Dur\u00e9e de lecture estim\u00e9e\" \/>\n\t<meta name=\"twitter:data1\" content=\"2 minutes\" \/>\n<script type=\"application\/ld+json\" class=\"yoast-schema-graph\">{\"@context\":\"https:\\\/\\\/schema.org\",\"@graph\":[{\"@type\":\"WebPage\",\"@id\":\"https:\\\/\\\/tiketi.com\\\/companies\\\/buses\\\/intercape-bus\\\/\",\"url\":\"https:\\\/\\\/tiketi.com\\\/companies\\\/buses\\\/intercape-bus\\\/\",\"name\":\"Intercape Online Booking, Bus Tickets, Fare, Schedule & Route\",\"isPartOf\":{\"@id\":\"https:\\\/\\\/tiketi.com\\\/#website\"},\"primaryImageOfPage\":{\"@id\":\"https:\\\/\\\/tiketi.com\\\/companies\\\/buses\\\/intercape-bus\\\/#primaryimage\"},\"image\":{\"@id\":\"https:\\\/\\\/tiketi.com\\\/companies\\\/buses\\\/intercape-bus\\\/#primaryimage\"},\"thumbnailUrl\":\"https:\\\/\\\/tiketi.com\\\/wp-content\\\/uploads\\\/2022\\\/01\\\/bus-ticket-online-booking.jpg\",\"datePublished\":\"2022-01-19T11:54:33+00:00\",\"dateModified\":\"2022-10-23T19:53:04+00:00\",\"description\":\"Looking for Intercape bus ticket booking, app, sleepliner, bus routes, fares and schedule timing? Make a cheap Intercape online booking now\",\"breadcrumb\":{\"@id\":\"https:\\\/\\\/tiketi.com\\\/companies\\\/buses\\\/intercape-bus\\\/#breadcrumb\"},\"inLanguage\":\"fr-FR\",\"potentialAction\":[{\"@type\":\"ReadAction\",\"target\":[\"https:\\\/\\\/tiketi.com\\\/companies\\\/buses\\\/intercape-bus\\\/\"]}]},{\"@type\":\"ImageObject\",\"inLanguage\":\"fr-FR\",\"@id\":\"https:\\\/\\\/tiketi.com\\\/companies\\\/buses\\\/intercape-bus\\\/#primaryimage\",\"url\":\"https:\\\/\\\/tiketi.com\\\/wp-content\\\/uploads\\\/2022\\\/01\\\/bus-ticket-online-booking.jpg\",\"contentUrl\":\"https:\\\/\\\/tiketi.com\\\/wp-content\\\/uploads\\\/2022\\\/01\\\/bus-ticket-online-booking.jpg\",\"width\":1200,\"height\":206,\"caption\":\"Online Bus Ticket Booking\"},{\"@type\":\"BreadcrumbList\",\"@id\":\"https:\\\/\\\/tiketi.com\\\/companies\\\/buses\\\/intercape-bus\\\/#breadcrumb\",\"itemListElement\":[{\"@type\":\"ListItem\",\"position\":1,\"name\":\"Home\",\"item\":\"https:\\\/\\\/tiketi.com\\\/\"},{\"@type\":\"ListItem\",\"position\":2,\"name\":\"Companies\",\"item\":\"https:\\\/\\\/tiketi.com\\\/companies\\\/\"},{\"@type\":\"ListItem\",\"position\":3,\"name\":\"Buses\",\"item\":\"https:\\\/\\\/tiketi.com\\\/companies\\\/buses\\\/\"},{\"@type\":\"ListItem\",\"position\":4,\"name\":\"Intercape Online Booking, Bus Tickets, Fare, Schedule &#038; Route\"}]},{\"@type\":\"WebSite\",\"@id\":\"https:\\\/\\\/tiketi.com\\\/#website\",\"url\":\"https:\\\/\\\/tiketi.com\\\/\",\"name\":\"Flight & Bus Tickets, Tour Packages & Activitites - Tiketi.com\",\"description\":\"Flight &amp; Bus Tickets, Tours, Activitites\",\"publisher\":{\"@id\":\"https:\\\/\\\/tiketi.com\\\/#organization\"},\"potentialAction\":[{\"@type\":\"SearchAction\",\"target\":{\"@type\":\"EntryPoint\",\"urlTemplate\":\"https:\\\/\\\/tiketi.com\\\/?s={search_term_string}\"},\"query-input\":{\"@type\":\"PropertyValueSpecification\",\"valueRequired\":true,\"valueName\":\"search_term_string\"}}],\"inLanguage\":\"fr-FR\"},{\"@type\":\"Organization\",\"@id\":\"https:\\\/\\\/tiketi.com\\\/#organization\",\"name\":\"Tiketi.com\",\"alternateName\":\"Tiketi\",\"url\":\"https:\\\/\\\/tiketi.com\\\/\",\"logo\":{\"@type\":\"ImageObject\",\"inLanguage\":\"fr-FR\",\"@id\":\"https:\\\/\\\/tiketi.com\\\/#\\\/schema\\\/logo\\\/image\\\/\",\"url\":\"https:\\\/\\\/tiketi.com\\\/wp-content\\\/uploads\\\/2019\\\/05\\\/tiketi-logo-696.png\",\"contentUrl\":\"https:\\\/\\\/tiketi.com\\\/wp-content\\\/uploads\\\/2019\\\/05\\\/tiketi-logo-696.png\",\"width\":696,\"height\":696,\"caption\":\"Tiketi.com\"},\"image\":{\"@id\":\"https:\\\/\\\/tiketi.com\\\/#\\\/schema\\\/logo\\\/image\\\/\"},\"sameAs\":[\"https:\\\/\\\/www.facebook.com\\\/TiketiCom\\\/\"]}]}<\/script>\n<!-- \/ Yoast SEO plugin. -->","yoast_head_json":{"title":"R\u00e9servation en ligne Intercape, billets de bus, tarif, horaire et itin\u00e9raire","description":"Vous recherchez une r\u00e9servation de billets de bus Intercape, une application, un sleepliner, des itin\u00e9raires de bus, des tarifs et des horaires? Faites une r\u00e9servation en ligne Intercape pas cher maintenant","robots":{"index":"index","follow":"follow","max-snippet":"max-snippet:-1","max-image-preview":"max-image-preview:large","max-video-preview":"max-video-preview:-1"},"canonical":"https:\/\/tiketi.com\/fr-fr\/companies\/buses\/intercape-bus\/","og_locale":"fr_FR","og_type":"article","og_title":"Intercape Online Booking, Bus Tickets, Fare, Schedule & Route","og_description":"Looking for Intercape bus ticket booking, app, sleepliner, bus routes, fares and schedule timing? Make a cheap Intercape online booking now","og_url":"https:\/\/tiketi.com\/fr-fr\/companies\/buses\/intercape-bus\/","og_site_name":"Tiketi.com","article_publisher":"https:\/\/www.facebook.com\/TiketiCom\/","article_modified_time":"2022-10-23T19:53:04+00:00","og_image":[{"width":1200,"height":206,"url":"https:\/\/tiketi.com\/wp-content\/uploads\/2022\/01\/bus-ticket-online-booking.jpg","type":"image\/jpeg"}],"twitter_card":"summary_large_image","twitter_misc":{"Dur\u00e9e de lecture estim\u00e9e":"2 minutes"},"schema":{"@context":"https:\/\/schema.org","@graph":[{"@type":"WebPage","@id":"https:\/\/tiketi.com\/companies\/buses\/intercape-bus\/","url":"https:\/\/tiketi.com\/companies\/buses\/intercape-bus\/","name":"R\u00e9servation en ligne Intercape, billets de bus, tarif, horaire et itin\u00e9raire","isPartOf":{"@id":"https:\/\/tiketi.com\/#website"},"primaryImageOfPage":{"@id":"https:\/\/tiketi.com\/companies\/buses\/intercape-bus\/#primaryimage"},"image":{"@id":"https:\/\/tiketi.com\/companies\/buses\/intercape-bus\/#primaryimage"},"thumbnailUrl":"https:\/\/tiketi.com\/wp-content\/uploads\/2022\/01\/bus-ticket-online-booking.jpg","datePublished":"2022-01-19T11:54:33+00:00","dateModified":"2022-10-23T19:53:04+00:00","description":"Vous recherchez une r\u00e9servation de billets de bus Intercape, une application, un sleepliner, des itin\u00e9raires de bus, des tarifs et des horaires? Faites une r\u00e9servation en ligne Intercape pas cher maintenant","breadcrumb":{"@id":"https:\/\/tiketi.com\/companies\/buses\/intercape-bus\/#breadcrumb"},"inLanguage":"fr-FR","potentialAction":[{"@type":"ReadAction","target":["https:\/\/tiketi.com\/companies\/buses\/intercape-bus\/"]}]},{"@type":"ImageObject","inLanguage":"fr-FR","@id":"https:\/\/tiketi.com\/companies\/buses\/intercape-bus\/#primaryimage","url":"https:\/\/tiketi.com\/wp-content\/uploads\/2022\/01\/bus-ticket-online-booking.jpg","contentUrl":"https:\/\/tiketi.com\/wp-content\/uploads\/2022\/01\/bus-ticket-online-booking.jpg","width":1200,"height":206,"caption":"Online Bus Ticket Booking"},{"@type":"BreadcrumbList","@id":"https:\/\/tiketi.com\/companies\/buses\/intercape-bus\/#breadcrumb","itemListElement":[{"@type":"ListItem","position":1,"name":"Home","item":"https:\/\/tiketi.com\/"},{"@type":"ListItem","position":2,"name":"Companies","item":"https:\/\/tiketi.com\/companies\/"},{"@type":"ListItem","position":3,"name":"Buses","item":"https:\/\/tiketi.com\/companies\/buses\/"},{"@type":"ListItem","position":4,"name":"Intercape Online Booking, Bus Tickets, Fare, Schedule &#038; Route"}]},{"@type":"WebSite","@id":"https:\/\/tiketi.com\/#website","url":"https:\/\/tiketi.com\/","name":"Billets d&#039;avion et de bus, forfaits touristiques et activit\u00e9s - Tiketi.com","description":"Billets d&#039;avion et de bus, Tours, Activit\u00e9s","publisher":{"@id":"https:\/\/tiketi.com\/#organization"},"potentialAction":[{"@type":"SearchAction","target":{"@type":"EntryPoint","urlTemplate":"https:\/\/tiketi.com\/?s={search_term_string}"},"query-input":{"@type":"PropertyValueSpecification","valueRequired":true,"valueName":"search_term_string"}}],"inLanguage":"fr-FR"},{"@type":"Organization","@id":"https:\/\/tiketi.com\/#organization","name":"Tiketi.com","alternateName":"Tiketi","url":"https:\/\/tiketi.com\/","logo":{"@type":"ImageObject","inLanguage":"fr-FR","@id":"https:\/\/tiketi.com\/#\/schema\/logo\/image\/","url":"https:\/\/tiketi.com\/wp-content\/uploads\/2019\/05\/tiketi-logo-696.png","contentUrl":"https:\/\/tiketi.com\/wp-content\/uploads\/2019\/05\/tiketi-logo-696.png","width":696,"height":696,"caption":"Tiketi.com"},"image":{"@id":"https:\/\/tiketi.com\/#\/schema\/logo\/image\/"},"sameAs":["https:\/\/www.facebook.com\/TiketiCom\/"]}]}},"_links":{"self":[{"href":"https:\/\/tiketi.com\/fr-fr\/wp-json\/wp\/v2\/pages\/11355","targetHints":{"allow":["GET"]}}],"collection":[{"href":"https:\/\/tiketi.com\/fr-fr\/wp-json\/wp\/v2\/pages"}],"about":[{"href":"https:\/\/tiketi.com\/fr-fr\/wp-json\/wp\/v2\/types\/page"}],"author":[{"embeddable":true,"href":"https:\/\/tiketi.com\/fr-fr\/wp-json\/wp\/v2\/users\/1"}],"replies":[{"embeddable":true,"href":"https:\/\/tiketi.com\/fr-fr\/wp-json\/wp\/v2\/comments?post=11355"}],"version-history":[{"count":0,"href":"https:\/\/tiketi.com\/fr-fr\/wp-json\/wp\/v2\/pages\/11355\/revisions"}],"up":[{"embeddable":true,"href":"https:\/\/tiketi.com\/fr-fr\/wp-json\/wp\/v2\/pages\/25524"}],"wp:featuredmedia":[{"embeddable":true,"href":"https:\/\/tiketi.com\/fr-fr\/wp-json\/wp\/v2\/media\/13999"}],"wp:attachment":[{"href":"https:\/\/tiketi.com\/fr-fr\/wp-json\/wp\/v2\/media?parent=11355"}],"curies":[{"name":"wp","href":"https:\/\/api.w.org\/{rel}","templated":true}]}}