{"id":11356,"date":"2022-01-19T12:54:33","date_gmt":"2022-01-19T11:54:33","guid":{"rendered":"https:\/\/new.tiketi.com\/volcano-express-online-booking-bus-tickets-reservation\/"},"modified":"2022-02-23T13:05:37","modified_gmt":"2022-02-23T12:05:37","slug":"volcano-express-bus","status":"publish","type":"page","link":"https:\/\/tiketi.com\/fr-fr\/volcano-express-bus\/","title":{"rendered":"R\u00e9servation en ligne Volcano Express, billets de bus, itin\u00e9raire, horaires et tarifs"},"content":{"rendered":"<h2>R\u00e9servation de billets de bus en ligne Volcano Express Rwanda<\/h2>\n<h3>D\u00e9couvrez votre itin\u00e9raire de voyage sur le web, le mobile ou l&#039;application et r\u00e9servez en ligne d\u00e8s maintenant des billets de bus Volcano Express pas chers.<\/h3>\n<p>R\u00e9servation en ligne Volcano Express simplifi\u00e9e. Volcano Express est l&#039;un des fournisseurs de services de messagerie et de transport public les plus abordables et les plus fiables au Rwanda. Ils ont des ann\u00e9es d&#039;exp\u00e9rience dans le secteur des services de transport et visent \u00e0 offrir \u00e0 leurs clients fiabilit\u00e9, facilit\u00e9 et prix abordable gr\u00e2ce \u00e0 nos services de r\u00e9servation de billets de bus en ligne Volcano Express.<\/p>\n<p>Volcano Express fournit les meilleurs services de transport public, ainsi que d&#039;autres services auxiliaires, une solution \u00e0 leurs clients, que nous concevons en fonction de leurs besoins et de leur \u00e9cosyst\u00e8me commercial pour les aider \u00e0 r\u00e9duire leurs co\u00fbts, arrivent \u00e0 temps.<\/p>\n<h2>FAQ sur la r\u00e9servation en ligne Volcano Express<\/h2>\n<h3>Quels sont les itin\u00e9raires couverts par la r\u00e9servation de billets de bus et le service de bus Volcano Express ?<\/h3>\n<p><strong>Ouganda et Rwanda<\/strong><\/p>\n<p>\u2022 Kampala \u00e0 Cyanika<br \/>\n\u2022 Kigali \u00e0 Kampala<br \/>\n\u2022 Goma \u00e0 Kampala<br \/>\n\u2022 Gisoro \u00e0 Kampala<br \/>\n\u2022 Gisoro \u00e0 Mbarata<br \/>\n\u2022 Kampala \u00e0 Kabale<br \/>\n\u2022 Kampala \u00e0 Kanyaru<br \/>\n\u2022 Mbarara \u00e0 Kampala<br \/>\n\u2022 Kigali \u00e0 Kanyaru<br \/>\n\u2022 Kigali \u00e0 Nyamagabe<br \/>\n\u2022 Kigali \u00e0 Huye<br \/>\n\u2022 Kigali \u00e0 Nyanza<br \/>\n\u2022 Kigali \u00e0 Ruhango<br \/>\n\u2022 Kigali \u00e0 Muhanga<br \/>\n\u2022 Kigali \u00e0 Kabale<br \/>\n\u2022 Kigali \u00e0 Mbarara<br \/>\n\u2022 Kigali \u00e0 Kanyaru<br \/>\n\u2022 Muhanga \u00e0 Huye<br \/>\n\u2022 Muhanga \u00e0 Nyamagabe<br \/>\n\u2022 Muhanga \u00e0 Nyanza<br \/>\n\u2022 Muhanga \u00e0 Ruhango<br \/>\n\u2022 Ruhango \u00e0 Huye<br \/>\n\u2022 Ruhango \u00e0 Nyana<br \/>\n\u2022 Hye \u00e0 Nyamagabe<br \/>\n\u2022 Huye \u00e0 Nyanza<br \/>\n\u2022 Huye \u00e0 Kanyaru<\/p>\n<h3>Quelles sont les coordonn\u00e9es du service de bus Volcano Express ?<\/h3>\n<p>Au Rwanda, emplacement du bureau : KN 4 Ave M. Peace Plaza<br \/>\nRwanda.<\/p>\n<p>En Ouganda, emplacement du bureau\u00a0: Old Kampala, pr\u00e8s de la mosqu\u00e9e Kadhafi en face de la station-service de Kobil.<\/p>\n<h2>Conseils de r\u00e9servation de billets de bus en ligne Volcano Express<\/h2>\n<h3>Fret Volcano Express<\/h3>\n<p>Une \u00e9quipe de professionnels du fret est toujours disponible pour vous aider avec toutes les questions que vous pourriez avoir. Nous \u00e9tudierons vos besoins et vous proposerons un devis qui non seulement correspondra \u00e0 votre budget, mais vous gardera \u00e9galement une grosse somme d&#039;argent \u00e0 long terme.<\/p>","protected":false},"excerpt":{"rendered":"<p>Volcano Express Online Bus Ticket Booking Rwanda Discover your travel route on web, mobile or app and book cheap Volcano Express bus tickets online now. Volcano Express online booking made easy.\u00a0Volcano Express is one of the most affordable and reliable courier and public transport service providers in Rwanda. They have years of experience in the [&hellip;]<\/p>\n","protected":false},"author":1,"featured_media":13999,"parent":0,"menu_order":0,"comment_status":"open","ping_status":"closed","template":"template-home-modern.php","meta":{"footnotes":""},"class_list":["post-11356","page","type-page","status-publish","has-post-thumbnail","hentry"],"yoast_head":"<!-- This site is optimized with the Yoast SEO plugin v27.3 - https:\/\/yoast.com\/product\/yoast-seo-wordpress\/ -->\n<title>Volcano Express Online Booking, Bus Tickets, Route, Schedule &amp; Fare<\/title>\n<meta name=\"description\" content=\"Looking for Volcano Express online booking, app, contacts, bus routes, fare and schedule? Make cheap Volcano Express online bus ticket booking\" \/>\n<meta name=\"robots\" content=\"index, follow, max-snippet:-1, max-image-preview:large, max-video-preview:-1\" \/>\n<link rel=\"canonical\" href=\"https:\/\/tiketi.com\/fr-fr\/volcano-express-bus\/\" \/>\n<meta property=\"og:locale\" content=\"fr_FR\" \/>\n<meta property=\"og:type\" content=\"article\" \/>\n<meta property=\"og:title\" content=\"Volcano Express Online Booking, Bus Tickets, Route, Schedule &amp; Fare\" \/>\n<meta property=\"og:description\" content=\"Looking for Volcano Express online booking, app, contacts, bus routes, fare and schedule? Make cheap Volcano Express online bus ticket booking\" \/>\n<meta property=\"og:url\" content=\"https:\/\/tiketi.com\/fr-fr\/volcano-express-bus\/\" \/>\n<meta property=\"og:site_name\" content=\"Tiketi.com\" \/>\n<meta property=\"article:publisher\" content=\"https:\/\/www.facebook.com\/TiketiCom\/\" \/>\n<meta property=\"article:modified_time\" content=\"2022-02-23T12:05:37+00:00\" \/>\n<meta property=\"og:image\" content=\"https:\/\/tiketi.com\/wp-content\/uploads\/2022\/01\/bus-ticket-online-booking.jpg\" \/>\n\t<meta property=\"og:image:width\" content=\"1200\" \/>\n\t<meta property=\"og:image:height\" content=\"206\" \/>\n\t<meta property=\"og:image:type\" content=\"image\/jpeg\" \/>\n<meta name=\"twitter:card\" content=\"summary_large_image\" \/>\n<meta name=\"twitter:label1\" content=\"Dur\u00e9e de lecture estim\u00e9e\" \/>\n\t<meta name=\"twitter:data1\" content=\"2 minutes\" \/>\n<script type=\"application\/ld+json\" class=\"yoast-schema-graph\">{\"@context\":\"https:\\\/\\\/schema.org\",\"@graph\":[{\"@type\":\"WebPage\",\"@id\":\"https:\\\/\\\/tiketi.com\\\/sw\\\/volcano-express-bus\\\/\",\"url\":\"https:\\\/\\\/tiketi.com\\\/sw\\\/volcano-express-bus\\\/\",\"name\":\"Volcano Express Online Booking, Bus Tickets, Route, Schedule & Fare\",\"isPartOf\":{\"@id\":\"https:\\\/\\\/tiketi.com\\\/#website\"},\"primaryImageOfPage\":{\"@id\":\"https:\\\/\\\/tiketi.com\\\/sw\\\/volcano-express-bus\\\/#primaryimage\"},\"image\":{\"@id\":\"https:\\\/\\\/tiketi.com\\\/sw\\\/volcano-express-bus\\\/#primaryimage\"},\"thumbnailUrl\":\"https:\\\/\\\/tiketi.com\\\/wp-content\\\/uploads\\\/2022\\\/01\\\/bus-ticket-online-booking.jpg\",\"datePublished\":\"2022-01-19T11:54:33+00:00\",\"dateModified\":\"2022-02-23T12:05:37+00:00\",\"description\":\"Looking for Volcano Express online booking, app, contacts, bus routes, fare and schedule? Make cheap Volcano Express online bus ticket booking\",\"breadcrumb\":{\"@id\":\"https:\\\/\\\/tiketi.com\\\/sw\\\/volcano-express-bus\\\/#breadcrumb\"},\"inLanguage\":\"fr-FR\",\"potentialAction\":[{\"@type\":\"ReadAction\",\"target\":[\"https:\\\/\\\/tiketi.com\\\/sw\\\/volcano-express-bus\\\/\"]}]},{\"@type\":\"ImageObject\",\"inLanguage\":\"fr-FR\",\"@id\":\"https:\\\/\\\/tiketi.com\\\/sw\\\/volcano-express-bus\\\/#primaryimage\",\"url\":\"https:\\\/\\\/tiketi.com\\\/wp-content\\\/uploads\\\/2022\\\/01\\\/bus-ticket-online-booking.jpg\",\"contentUrl\":\"https:\\\/\\\/tiketi.com\\\/wp-content\\\/uploads\\\/2022\\\/01\\\/bus-ticket-online-booking.jpg\",\"width\":1200,\"height\":206,\"caption\":\"Online Bus Ticket Booking\"},{\"@type\":\"BreadcrumbList\",\"@id\":\"https:\\\/\\\/tiketi.com\\\/sw\\\/volcano-express-bus\\\/#breadcrumb\",\"itemListElement\":[{\"@type\":\"ListItem\",\"position\":1,\"name\":\"Home\",\"item\":\"https:\\\/\\\/tiketi.com\\\/\"},{\"@type\":\"ListItem\",\"position\":2,\"name\":\"Volcano Express Online Booking, Bus Tickets, Route, Schedule &#038; Fare\"}]},{\"@type\":\"WebSite\",\"@id\":\"https:\\\/\\\/tiketi.com\\\/#website\",\"url\":\"https:\\\/\\\/tiketi.com\\\/\",\"name\":\"Flight & Bus Tickets, Tour Packages & Activitites - Tiketi.com\",\"description\":\"Flight &amp; Bus Tickets, Tours, Activitites\",\"publisher\":{\"@id\":\"https:\\\/\\\/tiketi.com\\\/#organization\"},\"potentialAction\":[{\"@type\":\"SearchAction\",\"target\":{\"@type\":\"EntryPoint\",\"urlTemplate\":\"https:\\\/\\\/tiketi.com\\\/?s={search_term_string}\"},\"query-input\":{\"@type\":\"PropertyValueSpecification\",\"valueRequired\":true,\"valueName\":\"search_term_string\"}}],\"inLanguage\":\"fr-FR\"},{\"@type\":\"Organization\",\"@id\":\"https:\\\/\\\/tiketi.com\\\/#organization\",\"name\":\"Tiketi.com\",\"alternateName\":\"Tiketi\",\"url\":\"https:\\\/\\\/tiketi.com\\\/\",\"logo\":{\"@type\":\"ImageObject\",\"inLanguage\":\"fr-FR\",\"@id\":\"https:\\\/\\\/tiketi.com\\\/#\\\/schema\\\/logo\\\/image\\\/\",\"url\":\"https:\\\/\\\/tiketi.com\\\/wp-content\\\/uploads\\\/2019\\\/05\\\/tiketi-logo-696.png\",\"contentUrl\":\"https:\\\/\\\/tiketi.com\\\/wp-content\\\/uploads\\\/2019\\\/05\\\/tiketi-logo-696.png\",\"width\":696,\"height\":696,\"caption\":\"Tiketi.com\"},\"image\":{\"@id\":\"https:\\\/\\\/tiketi.com\\\/#\\\/schema\\\/logo\\\/image\\\/\"},\"sameAs\":[\"https:\\\/\\\/www.facebook.com\\\/TiketiCom\\\/\"]}]}<\/script>\n<!-- \/ Yoast SEO plugin. -->","yoast_head_json":{"title":"R\u00e9servation en ligne Volcano Express, billets de bus, itin\u00e9raire, horaires et tarifs","description":"Vous recherchez une r\u00e9servation en ligne Volcano Express, une application, des contacts, des itin\u00e9raires de bus, des tarifs et des horaires? R\u00e9servez vos billets de bus pas chers en ligne Volcano Express","robots":{"index":"index","follow":"follow","max-snippet":"max-snippet:-1","max-image-preview":"max-image-preview:large","max-video-preview":"max-video-preview:-1"},"canonical":"https:\/\/tiketi.com\/fr-fr\/volcano-express-bus\/","og_locale":"fr_FR","og_type":"article","og_title":"Volcano Express Online Booking, Bus Tickets, Route, Schedule & Fare","og_description":"Looking for Volcano Express online booking, app, contacts, bus routes, fare and schedule? Make cheap Volcano Express online bus ticket booking","og_url":"https:\/\/tiketi.com\/fr-fr\/volcano-express-bus\/","og_site_name":"Tiketi.com","article_publisher":"https:\/\/www.facebook.com\/TiketiCom\/","article_modified_time":"2022-02-23T12:05:37+00:00","og_image":[{"width":1200,"height":206,"url":"https:\/\/tiketi.com\/wp-content\/uploads\/2022\/01\/bus-ticket-online-booking.jpg","type":"image\/jpeg"}],"twitter_card":"summary_large_image","twitter_misc":{"Dur\u00e9e de lecture estim\u00e9e":"2 minutes"},"schema":{"@context":"https:\/\/schema.org","@graph":[{"@type":"WebPage","@id":"https:\/\/tiketi.com\/sw\/volcano-express-bus\/","url":"https:\/\/tiketi.com\/sw\/volcano-express-bus\/","name":"R\u00e9servation en ligne Volcano Express, billets de bus, itin\u00e9raire, horaires et tarifs","isPartOf":{"@id":"https:\/\/tiketi.com\/#website"},"primaryImageOfPage":{"@id":"https:\/\/tiketi.com\/sw\/volcano-express-bus\/#primaryimage"},"image":{"@id":"https:\/\/tiketi.com\/sw\/volcano-express-bus\/#primaryimage"},"thumbnailUrl":"https:\/\/tiketi.com\/wp-content\/uploads\/2022\/01\/bus-ticket-online-booking.jpg","datePublished":"2022-01-19T11:54:33+00:00","dateModified":"2022-02-23T12:05:37+00:00","description":"Vous recherchez une r\u00e9servation en ligne Volcano Express, une application, des contacts, des itin\u00e9raires de bus, des tarifs et des horaires? R\u00e9servez vos billets de bus pas chers en ligne Volcano Express","breadcrumb":{"@id":"https:\/\/tiketi.com\/sw\/volcano-express-bus\/#breadcrumb"},"inLanguage":"fr-FR","potentialAction":[{"@type":"ReadAction","target":["https:\/\/tiketi.com\/sw\/volcano-express-bus\/"]}]},{"@type":"ImageObject","inLanguage":"fr-FR","@id":"https:\/\/tiketi.com\/sw\/volcano-express-bus\/#primaryimage","url":"https:\/\/tiketi.com\/wp-content\/uploads\/2022\/01\/bus-ticket-online-booking.jpg","contentUrl":"https:\/\/tiketi.com\/wp-content\/uploads\/2022\/01\/bus-ticket-online-booking.jpg","width":1200,"height":206,"caption":"Online Bus Ticket Booking"},{"@type":"BreadcrumbList","@id":"https:\/\/tiketi.com\/sw\/volcano-express-bus\/#breadcrumb","itemListElement":[{"@type":"ListItem","position":1,"name":"Home","item":"https:\/\/tiketi.com\/"},{"@type":"ListItem","position":2,"name":"Volcano Express Online Booking, Bus Tickets, Route, Schedule &#038; Fare"}]},{"@type":"WebSite","@id":"https:\/\/tiketi.com\/#website","url":"https:\/\/tiketi.com\/","name":"Billets d&#039;avion et de bus, forfaits touristiques et activit\u00e9s - Tiketi.com","description":"Billets d&#039;avion et de bus, Tours, Activit\u00e9s","publisher":{"@id":"https:\/\/tiketi.com\/#organization"},"potentialAction":[{"@type":"SearchAction","target":{"@type":"EntryPoint","urlTemplate":"https:\/\/tiketi.com\/?s={search_term_string}"},"query-input":{"@type":"PropertyValueSpecification","valueRequired":true,"valueName":"search_term_string"}}],"inLanguage":"fr-FR"},{"@type":"Organization","@id":"https:\/\/tiketi.com\/#organization","name":"Tiketi.com","alternateName":"Tiketi","url":"https:\/\/tiketi.com\/","logo":{"@type":"ImageObject","inLanguage":"fr-FR","@id":"https:\/\/tiketi.com\/#\/schema\/logo\/image\/","url":"https:\/\/tiketi.com\/wp-content\/uploads\/2019\/05\/tiketi-logo-696.png","contentUrl":"https:\/\/tiketi.com\/wp-content\/uploads\/2019\/05\/tiketi-logo-696.png","width":696,"height":696,"caption":"Tiketi.com"},"image":{"@id":"https:\/\/tiketi.com\/#\/schema\/logo\/image\/"},"sameAs":["https:\/\/www.facebook.com\/TiketiCom\/"]}]}},"_links":{"self":[{"href":"https:\/\/tiketi.com\/fr-fr\/wp-json\/wp\/v2\/pages\/11356","targetHints":{"allow":["GET"]}}],"collection":[{"href":"https:\/\/tiketi.com\/fr-fr\/wp-json\/wp\/v2\/pages"}],"about":[{"href":"https:\/\/tiketi.com\/fr-fr\/wp-json\/wp\/v2\/types\/page"}],"author":[{"embeddable":true,"href":"https:\/\/tiketi.com\/fr-fr\/wp-json\/wp\/v2\/users\/1"}],"replies":[{"embeddable":true,"href":"https:\/\/tiketi.com\/fr-fr\/wp-json\/wp\/v2\/comments?post=11356"}],"version-history":[{"count":0,"href":"https:\/\/tiketi.com\/fr-fr\/wp-json\/wp\/v2\/pages\/11356\/revisions"}],"wp:featuredmedia":[{"embeddable":true,"href":"https:\/\/tiketi.com\/fr-fr\/wp-json\/wp\/v2\/media\/13999"}],"wp:attachment":[{"href":"https:\/\/tiketi.com\/fr-fr\/wp-json\/wp\/v2\/media?parent=11356"}],"curies":[{"name":"wp","href":"https:\/\/api.w.org\/{rel}","templated":true}]}}