{"id":11357,"date":"2022-01-19T12:54:33","date_gmt":"2022-01-19T11:54:33","guid":{"rendered":"https:\/\/new.tiketi.com\/virunga-express-bus-online-booking-bus-tickets-reservation\/"},"modified":"2022-02-23T13:01:25","modified_gmt":"2022-02-23T12:01:25","slug":"virunga-express-bus","status":"publish","type":"page","link":"https:\/\/tiketi.com\/fr-fr\/virunga-express-bus\/","title":{"rendered":"Virunga Express Bus R\u00e9servation en ligne, billets de bus, itin\u00e9raire et tarif"},"content":{"rendered":"<h2>Virunga Express Bus R\u00e9servation de billets de bus en ligne Rwanda<\/h2>\n<h3>D\u00e9couvrez votre itin\u00e9raire de voyage sur le web, le mobile ou l&#039;application et r\u00e9servez en ligne d\u00e8s maintenant des billets de bus Virunga Express pas chers.<\/h3>\n<p>R\u00e9servation en ligne de bus Virunga Express simplifi\u00e9e. Virunga Express Ltd. A commenc\u00e9 ses activit\u00e9s le 8 ao\u00fbt 2001, cr\u00e9\u00e9e par Niyitegeka Bonaventure, un jeune entrepreneur de vingt-cinq ans \u00e0 peine, inspir\u00e9 par une soci\u00e9t\u00e9 de bus similaire existante \u00abVolcano Express\u00bb lorsqu&#039;il \u00e9tait \u00e0 l&#039;Universit\u00e9 nationale du Rwanda. La r\u00e9servation en ligne de billets de bus Virunga Express vous permet d&#039;\u00e9conomiser de l&#039;argent et du temps.<\/p>\n<h2>FAQ sur la r\u00e9servation en ligne du bus Virunga Express<\/h2>\n<h3>Quels sont les itin\u00e9raires couverts par le service de bus Virunga Express ?<\/h3>\n<p>\u2022 Kigali \u00e0 Rubavu toutes les 30 minutes 3000<br \/>\n\u2022 Kigali \u00e0 Musanze toutes les 30 minutes 1700<br \/>\n\u2022 Kigali \u00e0 Gicumbi toutes les 30 minutes 1000<br \/>\n\u2022 Musanze \u00e0 Kigali toutes les 30 minutes 1700<br \/>\n\u2022 Rubavu \u00e0 Kigali toutes les 30 minutes 300<br \/>\n\u2022 Musanze \u00e0 Rubavu toutes les 30 minutes 1100<br \/>\n\u2022 Gicumbi \u00e0 Kigali toutes les 30 minutes 1000<br \/>\n\u2022 Rubavu \u00e0 Musanze toutes les 30 minutes 1100<\/p>\n<h3>Quelles sont les coordonn\u00e9es du service de bus Virunga Express ?<\/h3>\n<p>Virunga Business Groupe<br \/>\nCase postale : 121 Musanze<br \/>\nRwanda<\/p>\n<h2>Virunga Express Bus Conseils de r\u00e9servation de billets de bus en ligne<\/h2>\n<p>La compagnie de bus a commenc\u00e9 avec des activit\u00e9s de transport express. D\u00e9sormais, outre le service de transport, le groupe propose une large gamme de services, notamment des services de courrier express et un service de transfert d&#039;argent avec 30 bureaux VMT dans tout le pays et quatre bureaux dans la r\u00e9gion (Nairobi, Kampala, Goma et Bujumbura).<\/p>\n<p>Leurs camionnettes sont l&#039;une des plus relaxantes de tout le pays et lorsque vous voyagez avec Virunga express, vous atteignez toujours votre place \u00e0 l&#039;heure. Leur personnel exp\u00e9riment\u00e9 offre un large choix de services de voyage con\u00e7us pour d\u00e9tendre vos normes les plus \u00e9lev\u00e9es.<\/p>","protected":false},"excerpt":{"rendered":"<p>Virunga Express Bus Online Bus Ticket Booking Rwanda Discover your travel route on web, mobile or app and book cheap Virunga Express bus tickets online now. Virunga Express bus online booking made easy.\u00a0Virunga Express Ltd. Started activities on 8th August, 2001, created by Niyitegeka Bonaventure a young entrepreneur just twenty-five years old, inspired by a [&hellip;]<\/p>\n","protected":false},"author":1,"featured_media":13999,"parent":0,"menu_order":0,"comment_status":"open","ping_status":"closed","template":"template-home-modern.php","meta":{"footnotes":""},"class_list":["post-11357","page","type-page","status-publish","has-post-thumbnail","hentry"],"yoast_head":"<!-- This site is optimized with the Yoast SEO plugin v27.3 - https:\/\/yoast.com\/product\/yoast-seo-wordpress\/ -->\n<title>Virunga Express Bus Online Booking, Bus Tickets, Route, Schedule &amp; Fare<\/title>\n<meta name=\"description\" content=\"Looking for Virunga Express Bus online booking, app, contacts, bus routes, fare and schedule? Make cheap Virunga Express Bus online bus ticket booking\" \/>\n<meta name=\"robots\" content=\"index, follow, max-snippet:-1, max-image-preview:large, max-video-preview:-1\" \/>\n<link rel=\"canonical\" href=\"https:\/\/tiketi.com\/fr-fr\/virunga-express-bus\/\" \/>\n<meta property=\"og:locale\" content=\"fr_FR\" \/>\n<meta property=\"og:type\" content=\"article\" \/>\n<meta property=\"og:title\" content=\"Virunga Express Bus Online Booking, Bus Tickets, Route, Schedule &amp; Fare\" \/>\n<meta property=\"og:description\" content=\"Looking for Virunga Express Bus online booking, app, contacts, bus routes, fare and schedule? Make cheap Virunga Express Bus online bus ticket booking\" \/>\n<meta property=\"og:url\" content=\"https:\/\/tiketi.com\/fr-fr\/virunga-express-bus\/\" \/>\n<meta property=\"og:site_name\" content=\"Tiketi.com\" \/>\n<meta property=\"article:publisher\" content=\"https:\/\/www.facebook.com\/TiketiCom\/\" \/>\n<meta property=\"article:modified_time\" content=\"2022-02-23T12:01:25+00:00\" \/>\n<meta property=\"og:image\" content=\"https:\/\/tiketi.com\/wp-content\/uploads\/2022\/01\/bus-ticket-online-booking.jpg\" \/>\n\t<meta property=\"og:image:width\" content=\"1200\" \/>\n\t<meta property=\"og:image:height\" content=\"206\" \/>\n\t<meta property=\"og:image:type\" content=\"image\/jpeg\" \/>\n<meta name=\"twitter:card\" content=\"summary_large_image\" \/>\n<meta name=\"twitter:label1\" content=\"Dur\u00e9e de lecture estim\u00e9e\" \/>\n\t<meta name=\"twitter:data1\" content=\"2 minutes\" \/>\n<script type=\"application\/ld+json\" class=\"yoast-schema-graph\">{\"@context\":\"https:\\\/\\\/schema.org\",\"@graph\":[{\"@type\":\"WebPage\",\"@id\":\"https:\\\/\\\/tiketi.com\\\/virunga-express-bus\\\/\",\"url\":\"https:\\\/\\\/tiketi.com\\\/virunga-express-bus\\\/\",\"name\":\"Virunga Express Bus Online Booking, Bus Tickets, Route, Schedule & Fare\",\"isPartOf\":{\"@id\":\"https:\\\/\\\/tiketi.com\\\/#website\"},\"primaryImageOfPage\":{\"@id\":\"https:\\\/\\\/tiketi.com\\\/virunga-express-bus\\\/#primaryimage\"},\"image\":{\"@id\":\"https:\\\/\\\/tiketi.com\\\/virunga-express-bus\\\/#primaryimage\"},\"thumbnailUrl\":\"https:\\\/\\\/tiketi.com\\\/wp-content\\\/uploads\\\/2022\\\/01\\\/bus-ticket-online-booking.jpg\",\"datePublished\":\"2022-01-19T11:54:33+00:00\",\"dateModified\":\"2022-02-23T12:01:25+00:00\",\"description\":\"Looking for Virunga Express Bus online booking, app, contacts, bus routes, fare and schedule? Make cheap Virunga Express Bus online bus ticket booking\",\"breadcrumb\":{\"@id\":\"https:\\\/\\\/tiketi.com\\\/virunga-express-bus\\\/#breadcrumb\"},\"inLanguage\":\"fr-FR\",\"potentialAction\":[{\"@type\":\"ReadAction\",\"target\":[\"https:\\\/\\\/tiketi.com\\\/virunga-express-bus\\\/\"]}]},{\"@type\":\"ImageObject\",\"inLanguage\":\"fr-FR\",\"@id\":\"https:\\\/\\\/tiketi.com\\\/virunga-express-bus\\\/#primaryimage\",\"url\":\"https:\\\/\\\/tiketi.com\\\/wp-content\\\/uploads\\\/2022\\\/01\\\/bus-ticket-online-booking.jpg\",\"contentUrl\":\"https:\\\/\\\/tiketi.com\\\/wp-content\\\/uploads\\\/2022\\\/01\\\/bus-ticket-online-booking.jpg\",\"width\":1200,\"height\":206,\"caption\":\"Online Bus Ticket Booking\"},{\"@type\":\"BreadcrumbList\",\"@id\":\"https:\\\/\\\/tiketi.com\\\/virunga-express-bus\\\/#breadcrumb\",\"itemListElement\":[{\"@type\":\"ListItem\",\"position\":1,\"name\":\"Home\",\"item\":\"https:\\\/\\\/tiketi.com\\\/\"},{\"@type\":\"ListItem\",\"position\":2,\"name\":\"Virunga Express Bus Online Booking, Bus Tickets, Route &#038; Fare\"}]},{\"@type\":\"WebSite\",\"@id\":\"https:\\\/\\\/tiketi.com\\\/#website\",\"url\":\"https:\\\/\\\/tiketi.com\\\/\",\"name\":\"Flight & Bus Tickets, Tour Packages & Activitites - Tiketi.com\",\"description\":\"Flight &amp; Bus Tickets, Tours, Activitites\",\"publisher\":{\"@id\":\"https:\\\/\\\/tiketi.com\\\/#organization\"},\"potentialAction\":[{\"@type\":\"SearchAction\",\"target\":{\"@type\":\"EntryPoint\",\"urlTemplate\":\"https:\\\/\\\/tiketi.com\\\/?s={search_term_string}\"},\"query-input\":{\"@type\":\"PropertyValueSpecification\",\"valueRequired\":true,\"valueName\":\"search_term_string\"}}],\"inLanguage\":\"fr-FR\"},{\"@type\":\"Organization\",\"@id\":\"https:\\\/\\\/tiketi.com\\\/#organization\",\"name\":\"Tiketi.com\",\"alternateName\":\"Tiketi\",\"url\":\"https:\\\/\\\/tiketi.com\\\/\",\"logo\":{\"@type\":\"ImageObject\",\"inLanguage\":\"fr-FR\",\"@id\":\"https:\\\/\\\/tiketi.com\\\/#\\\/schema\\\/logo\\\/image\\\/\",\"url\":\"https:\\\/\\\/tiketi.com\\\/wp-content\\\/uploads\\\/2019\\\/05\\\/tiketi-logo-696.png\",\"contentUrl\":\"https:\\\/\\\/tiketi.com\\\/wp-content\\\/uploads\\\/2019\\\/05\\\/tiketi-logo-696.png\",\"width\":696,\"height\":696,\"caption\":\"Tiketi.com\"},\"image\":{\"@id\":\"https:\\\/\\\/tiketi.com\\\/#\\\/schema\\\/logo\\\/image\\\/\"},\"sameAs\":[\"https:\\\/\\\/www.facebook.com\\\/TiketiCom\\\/\"]}]}<\/script>\n<!-- \/ Yoast SEO plugin. -->","yoast_head_json":{"title":"Virunga Express Bus R\u00e9servation en ligne, billets de bus, itin\u00e9raire, horaires et tarifs","description":"Vous recherchez une r\u00e9servation en ligne Virunga Express Bus, une application, des contacts, des itin\u00e9raires de bus, des tarifs et des horaires? R\u00e9servez vos billets de bus en ligne Virunga Express Bus pas chers","robots":{"index":"index","follow":"follow","max-snippet":"max-snippet:-1","max-image-preview":"max-image-preview:large","max-video-preview":"max-video-preview:-1"},"canonical":"https:\/\/tiketi.com\/fr-fr\/virunga-express-bus\/","og_locale":"fr_FR","og_type":"article","og_title":"Virunga Express Bus Online Booking, Bus Tickets, Route, Schedule & Fare","og_description":"Looking for Virunga Express Bus online booking, app, contacts, bus routes, fare and schedule? Make cheap Virunga Express Bus online bus ticket booking","og_url":"https:\/\/tiketi.com\/fr-fr\/virunga-express-bus\/","og_site_name":"Tiketi.com","article_publisher":"https:\/\/www.facebook.com\/TiketiCom\/","article_modified_time":"2022-02-23T12:01:25+00:00","og_image":[{"width":1200,"height":206,"url":"https:\/\/tiketi.com\/wp-content\/uploads\/2022\/01\/bus-ticket-online-booking.jpg","type":"image\/jpeg"}],"twitter_card":"summary_large_image","twitter_misc":{"Dur\u00e9e de lecture estim\u00e9e":"2 minutes"},"schema":{"@context":"https:\/\/schema.org","@graph":[{"@type":"WebPage","@id":"https:\/\/tiketi.com\/virunga-express-bus\/","url":"https:\/\/tiketi.com\/virunga-express-bus\/","name":"Virunga Express Bus R\u00e9servation en ligne, billets de bus, itin\u00e9raire, horaires et tarifs","isPartOf":{"@id":"https:\/\/tiketi.com\/#website"},"primaryImageOfPage":{"@id":"https:\/\/tiketi.com\/virunga-express-bus\/#primaryimage"},"image":{"@id":"https:\/\/tiketi.com\/virunga-express-bus\/#primaryimage"},"thumbnailUrl":"https:\/\/tiketi.com\/wp-content\/uploads\/2022\/01\/bus-ticket-online-booking.jpg","datePublished":"2022-01-19T11:54:33+00:00","dateModified":"2022-02-23T12:01:25+00:00","description":"Vous recherchez une r\u00e9servation en ligne Virunga Express Bus, une application, des contacts, des itin\u00e9raires de bus, des tarifs et des horaires? R\u00e9servez vos billets de bus en ligne Virunga Express Bus pas chers","breadcrumb":{"@id":"https:\/\/tiketi.com\/virunga-express-bus\/#breadcrumb"},"inLanguage":"fr-FR","potentialAction":[{"@type":"ReadAction","target":["https:\/\/tiketi.com\/virunga-express-bus\/"]}]},{"@type":"ImageObject","inLanguage":"fr-FR","@id":"https:\/\/tiketi.com\/virunga-express-bus\/#primaryimage","url":"https:\/\/tiketi.com\/wp-content\/uploads\/2022\/01\/bus-ticket-online-booking.jpg","contentUrl":"https:\/\/tiketi.com\/wp-content\/uploads\/2022\/01\/bus-ticket-online-booking.jpg","width":1200,"height":206,"caption":"Online Bus Ticket Booking"},{"@type":"BreadcrumbList","@id":"https:\/\/tiketi.com\/virunga-express-bus\/#breadcrumb","itemListElement":[{"@type":"ListItem","position":1,"name":"Home","item":"https:\/\/tiketi.com\/"},{"@type":"ListItem","position":2,"name":"Virunga Express Bus Online Booking, Bus Tickets, Route &#038; Fare"}]},{"@type":"WebSite","@id":"https:\/\/tiketi.com\/#website","url":"https:\/\/tiketi.com\/","name":"Billets d&#039;avion et de bus, forfaits touristiques et activit\u00e9s - Tiketi.com","description":"Billets d&#039;avion et de bus, Tours, Activit\u00e9s","publisher":{"@id":"https:\/\/tiketi.com\/#organization"},"potentialAction":[{"@type":"SearchAction","target":{"@type":"EntryPoint","urlTemplate":"https:\/\/tiketi.com\/?s={search_term_string}"},"query-input":{"@type":"PropertyValueSpecification","valueRequired":true,"valueName":"search_term_string"}}],"inLanguage":"fr-FR"},{"@type":"Organization","@id":"https:\/\/tiketi.com\/#organization","name":"Tiketi.com","alternateName":"Tiketi","url":"https:\/\/tiketi.com\/","logo":{"@type":"ImageObject","inLanguage":"fr-FR","@id":"https:\/\/tiketi.com\/#\/schema\/logo\/image\/","url":"https:\/\/tiketi.com\/wp-content\/uploads\/2019\/05\/tiketi-logo-696.png","contentUrl":"https:\/\/tiketi.com\/wp-content\/uploads\/2019\/05\/tiketi-logo-696.png","width":696,"height":696,"caption":"Tiketi.com"},"image":{"@id":"https:\/\/tiketi.com\/#\/schema\/logo\/image\/"},"sameAs":["https:\/\/www.facebook.com\/TiketiCom\/"]}]}},"_links":{"self":[{"href":"https:\/\/tiketi.com\/fr-fr\/wp-json\/wp\/v2\/pages\/11357","targetHints":{"allow":["GET"]}}],"collection":[{"href":"https:\/\/tiketi.com\/fr-fr\/wp-json\/wp\/v2\/pages"}],"about":[{"href":"https:\/\/tiketi.com\/fr-fr\/wp-json\/wp\/v2\/types\/page"}],"author":[{"embeddable":true,"href":"https:\/\/tiketi.com\/fr-fr\/wp-json\/wp\/v2\/users\/1"}],"replies":[{"embeddable":true,"href":"https:\/\/tiketi.com\/fr-fr\/wp-json\/wp\/v2\/comments?post=11357"}],"version-history":[{"count":0,"href":"https:\/\/tiketi.com\/fr-fr\/wp-json\/wp\/v2\/pages\/11357\/revisions"}],"wp:featuredmedia":[{"embeddable":true,"href":"https:\/\/tiketi.com\/fr-fr\/wp-json\/wp\/v2\/media\/13999"}],"wp:attachment":[{"href":"https:\/\/tiketi.com\/fr-fr\/wp-json\/wp\/v2\/media?parent=11357"}],"curies":[{"name":"wp","href":"https:\/\/api.w.org\/{rel}","templated":true}]}}