{"id":11358,"date":"2022-01-19T12:54:33","date_gmt":"2022-01-19T11:54:33","guid":{"rendered":"https:\/\/new.tiketi.com\/trinity-express-online-booking-bus-tickets-reservation\/"},"modified":"2025-08-03T18:58:56","modified_gmt":"2025-08-03T17:58:56","slug":"trinity-express","status":"publish","type":"page","link":"https:\/\/tiketi.com\/fr-fr\/companies\/buses\/trinity-express\/","title":{"rendered":"R\u00e9servation en ligne Trinity Express, billets de bus, itin\u00e9raire et tarif"},"content":{"rendered":"<h2>R\u00e9servation de billets de bus en ligne Trinity Express<\/h2>\n<h3>D\u00e9couvrez votre itin\u00e9raire de voyage sur le web, le mobile ou l&#039;application et r\u00e9servez d\u00e8s maintenant des billets de bus Trinity Express pas chers en ligne.<\/h3>\n<p>R\u00e9servation en ligne Trinity Express simplifi\u00e9e. Trinity Express est une compagnie de bus bas\u00e9e \u00e0 Kigali qui propose des transports publics interurbains quotidiens entre les pays d&#039;Afrique de l&#039;Est, principalement vers l&#039;Ouganda et la Tanzanie, \u00e0 des tarifs \/ prix abordables. Ils deviennent le grand op\u00e9rateur de transport pour la route Dar es Salaam-Kigali avec un d\u00e9part r\u00e9gulier dans les deux villes. Alors, faites la r\u00e9servation de billets de bus en ligne Trinity Express maintenant.<\/p>\n<h2>R\u00e9servation en ligne Trinity Express, billets de bus, itin\u00e9raire, horaires et tarifs<\/h2>\n<h2>FAQ<\/h2>\n<h3>Quels sont les itin\u00e9raires couverts par le service Trinity Express ?<\/h3>\n<p>\u2022 Kigali \u00e0 Kampala<br \/>\n\u2022 Kigali \u00e0 Dar es Salaam via Kahama et Rusumo<br \/>\n\u2022 Kampala \u00e0 Gatuna<br \/>\n\u2022 Kampala \u00e0 Kagitumba<\/p>\n<h3>Ligne de flotte Trinity Express<\/h3>\n<p>La compagnie de bus g\u00e8re des bus de luxe modernes vers toutes les routes internationales avec quelques bus g\u00e9n\u00e9raux vers certaines des routes locales au Rwanda. Ils ont un m\u00e9lange de flotte de Scania avec des carrosseries assembl\u00e9es dans le pays ainsi que des bus chinois Yutong dont la plupart sont de luxe.<\/p>\n<p>La plupart de leurs bus sont dot\u00e9s de sp\u00e9cifications de luxe \u00e0 bord pour rafra\u00eechir votre voyage tout au long du trajet. Les passagers peuvent profiter de sp\u00e9cifications individuelles ainsi que de sp\u00e9cifications publiques tout en continuant \u00e0 voyager avec les bus Trinity.<\/p>\n<h3>Commodit\u00e9s Trinity Express<\/h3>\n<p>Vous trouverez ci-dessous certaines de ces sp\u00e9cifications accessibles sur les bus Trinity\u00a0:<\/p>\n<p>\u2022 Syst\u00e8me audio moderne avec haut-parleur individuel<br \/>\n\u2022 Plusieurs t\u00e9l\u00e9viseurs minces de chaque c\u00f4t\u00e9<br \/>\n\u2022 Si\u00e8ges inclinables deux par deux<br \/>\n\u2022 Services AC \u00e0 certains de leurs bus<br \/>\n\u2022 Syst\u00e8me de chargement USB int\u00e9gr\u00e9<br \/>\n\u2022 Boissons non alcoolis\u00e9es et collations<\/p>\n<h3>Quelles sont les coordonn\u00e9es du service de bus Trinity Express ?<\/h3>\n<p>Gare routi\u00e8re de Nyabugogo, Kigali<br \/>\nRwanda<\/p>\n<h2>Conseils de r\u00e9servation de billets de bus en ligne Trinity Express<\/h2>\n<p>L&#039;itin\u00e9raire par la route longe ce qui est connu comme le corridor de transport central et traversera la Tanzanie au poste fronti\u00e8re g\u00e9n\u00e9ral \u00e0 arr\u00eat unique qui vient d&#039;ouvrir \u00e0 Lusumo. Ils ont \u00e9galement des routes quotidiennes vers l&#039;Ouganda avec une place \u00e0 Kampala via la fronti\u00e8re de Gatuna.<\/p>\n<h2>Autres compagnies de bus populaires en Tanzanie<\/h2>\n<table border=\"0\" cellspacing=\"1\" cellpadding=\"1\">\n<tbody>\n<tr>\n<td>\n<ul>\n<li><a href=\"https:\/\/tiketi.com\/fr-fr\/companies\/buses\/trinity-express\/\" target=\"_blank\" rel=\"noopener\">Trinity Express Booking<\/a><\/li>\n<\/ul>\n<\/td>\n<td style=\"width: 30px;\"><\/td>\n<td>\n<ul>\n<li><a href=\"https:\/\/tiketi.com\/fr-fr\/companies\/buses\/frester-buses\/\" target=\"_blank\" rel=\"noopener\">Frester Bus Booking<\/a><\/li>\n<\/ul>\n<\/td>\n<td style=\"width: 30px;\"><\/td>\n<td>\n<ul>\n<li><a href=\"https:\/\/tiketi.com\/fr-fr\/companies\/buses\/abood-bus\/\" target=\"_blank\" rel=\"noopener\">R\u00e9servation de bus Abood<\/a><\/li>\n<\/ul>\n<\/td>\n<\/tr>\n<tr>\n<td>\n<ul>\n<li><a href=\"https:\/\/tiketi.com\/fr-fr\/companies\/buses\/super-feo-bus\/\" target=\"_blank\" rel=\"noopener\">Super Feo Booking<\/a><\/li>\n<\/ul>\n<\/td>\n<td style=\"width: 30px;\"><\/td>\n<td>\n<ul>\n<li><a href=\"https:\/\/tiketi.com\/fr-fr\/companies\/buses\/happy-nation-express\/\" target=\"_blank\" rel=\"noopener\">R\u00e9servation Happy Nation Express<\/a><\/li>\n<\/ul>\n<\/td>\n<td style=\"width: 30px;\"><\/td>\n<td>\n<ul>\n<li><a href=\"https:\/\/tiketi.com\/fr-fr\/companies\/buses\/esther-luxury-coach\/\" target=\"_blank\" rel=\"noopener\">R\u00e9servation d&#039;autocars de luxe Esther<\/a><\/li>\n<\/ul>\n<\/td>\n<\/tr>\n<tr>\n<td>\n<ul>\n<li><a href=\"https:\/\/tiketi.com\/fr-fr\/companies\/buses\/bm-luxury-coach\/\" target=\"_blank\" rel=\"noopener\">Bm Bus Booking<\/a><\/li>\n<\/ul>\n<\/td>\n<td style=\"width: 30px;\"><\/td>\n<td>\n<ul>\n<li><a href=\"https:\/\/tiketi.com\/fr-fr\/companies\/buses\/satco-express\/\" target=\"_blank\" rel=\"noopener\">R\u00e9servation de bus Satco<\/a><\/li>\n<\/ul>\n<\/td>\n<td style=\"width: 30px;\"><\/td>\n<td>\n<ul>\n<li><a href=\"https:\/\/tiketi.com\/fr-fr\/companies\/buses\/abc-autobus-de-classe-superieur\/\" target=\"_blank\" rel=\"noopener\">R\u00e9servation de bus ABC Upper Class<\/a><\/li>\n<\/ul>\n<\/td>\n<\/tr>\n<\/tbody>\n<\/table>\n<p>&nbsp;<\/p>\n<p>&nbsp;<\/p>","protected":false},"excerpt":{"rendered":"<p>Trinity Express Online Bus Ticket Booking Discover your travel route on web, mobile or app and book cheap Trinity Express bus tickets online now. Trinity Express online booking made easy. Trinity Express a Kigali based bus company which offer daily passenger intercity public transport between the East Africa countries mainly to Uganda and Tanzania with [&hellip;]<\/p>\n","protected":false},"author":1,"featured_media":13999,"parent":25524,"menu_order":0,"comment_status":"open","ping_status":"closed","template":"template-home-modern.php","meta":{"footnotes":""},"class_list":["post-11358","page","type-page","status-publish","has-post-thumbnail","hentry"],"yoast_head":"<!-- This site is optimized with the Yoast SEO plugin v27.3 - https:\/\/yoast.com\/product\/yoast-seo-wordpress\/ -->\n<title>Trinity Express Online Booking, Bus Tickets, Route, Schedule &amp; Fare<\/title>\n<meta name=\"description\" content=\"Looking for Trinity Express online booking, app, contacts, bus routes, fare and schedule? Make cheap Trinity Express online bus ticket booking\" \/>\n<meta name=\"robots\" content=\"index, follow, max-snippet:-1, max-image-preview:large, max-video-preview:-1\" \/>\n<link rel=\"canonical\" href=\"https:\/\/tiketi.com\/fr-fr\/companies\/buses\/trinity-express\/\" \/>\n<meta property=\"og:locale\" content=\"fr_FR\" \/>\n<meta property=\"og:type\" content=\"article\" \/>\n<meta property=\"og:title\" content=\"Trinity Express Online Booking, Bus Tickets, Route, Schedule &amp; Fare\" \/>\n<meta property=\"og:description\" content=\"Looking for Trinity Express online booking, app, contacts, bus routes, fare and schedule? Make cheap Trinity Express online bus ticket booking\" \/>\n<meta property=\"og:url\" content=\"https:\/\/tiketi.com\/fr-fr\/companies\/buses\/trinity-express\/\" \/>\n<meta property=\"og:site_name\" content=\"Tiketi.com\" \/>\n<meta property=\"article:publisher\" content=\"https:\/\/www.facebook.com\/TiketiCom\/\" \/>\n<meta property=\"article:modified_time\" content=\"2025-08-03T17:58:56+00:00\" \/>\n<meta property=\"og:image\" content=\"https:\/\/tiketi.com\/wp-content\/uploads\/2022\/01\/bus-ticket-online-booking.jpg\" \/>\n\t<meta property=\"og:image:width\" content=\"1200\" \/>\n\t<meta property=\"og:image:height\" content=\"206\" \/>\n\t<meta property=\"og:image:type\" content=\"image\/jpeg\" \/>\n<meta name=\"twitter:card\" content=\"summary_large_image\" \/>\n<meta name=\"twitter:label1\" content=\"Dur\u00e9e de lecture estim\u00e9e\" \/>\n\t<meta name=\"twitter:data1\" content=\"2 minutes\" \/>\n<script type=\"application\/ld+json\" class=\"yoast-schema-graph\">{\"@context\":\"https:\\\/\\\/schema.org\",\"@graph\":[{\"@type\":\"WebPage\",\"@id\":\"https:\\\/\\\/tiketi.com\\\/companies\\\/buses\\\/trinity-express\\\/\",\"url\":\"https:\\\/\\\/tiketi.com\\\/companies\\\/buses\\\/trinity-express\\\/\",\"name\":\"Trinity Express Online Booking, Bus Tickets, Route, Schedule & Fare\",\"isPartOf\":{\"@id\":\"https:\\\/\\\/tiketi.com\\\/#website\"},\"primaryImageOfPage\":{\"@id\":\"https:\\\/\\\/tiketi.com\\\/companies\\\/buses\\\/trinity-express\\\/#primaryimage\"},\"image\":{\"@id\":\"https:\\\/\\\/tiketi.com\\\/companies\\\/buses\\\/trinity-express\\\/#primaryimage\"},\"thumbnailUrl\":\"https:\\\/\\\/tiketi.com\\\/wp-content\\\/uploads\\\/2022\\\/01\\\/bus-ticket-online-booking.jpg\",\"datePublished\":\"2022-01-19T11:54:33+00:00\",\"dateModified\":\"2025-08-03T17:58:56+00:00\",\"description\":\"Looking for Trinity Express online booking, app, contacts, bus routes, fare and schedule? Make cheap Trinity Express online bus ticket booking\",\"breadcrumb\":{\"@id\":\"https:\\\/\\\/tiketi.com\\\/companies\\\/buses\\\/trinity-express\\\/#breadcrumb\"},\"inLanguage\":\"fr-FR\",\"potentialAction\":[{\"@type\":\"ReadAction\",\"target\":[\"https:\\\/\\\/tiketi.com\\\/companies\\\/buses\\\/trinity-express\\\/\"]}]},{\"@type\":\"ImageObject\",\"inLanguage\":\"fr-FR\",\"@id\":\"https:\\\/\\\/tiketi.com\\\/companies\\\/buses\\\/trinity-express\\\/#primaryimage\",\"url\":\"https:\\\/\\\/tiketi.com\\\/wp-content\\\/uploads\\\/2022\\\/01\\\/bus-ticket-online-booking.jpg\",\"contentUrl\":\"https:\\\/\\\/tiketi.com\\\/wp-content\\\/uploads\\\/2022\\\/01\\\/bus-ticket-online-booking.jpg\",\"width\":1200,\"height\":206,\"caption\":\"Online Bus Ticket Booking\"},{\"@type\":\"BreadcrumbList\",\"@id\":\"https:\\\/\\\/tiketi.com\\\/companies\\\/buses\\\/trinity-express\\\/#breadcrumb\",\"itemListElement\":[{\"@type\":\"ListItem\",\"position\":1,\"name\":\"Home\",\"item\":\"https:\\\/\\\/tiketi.com\\\/\"},{\"@type\":\"ListItem\",\"position\":2,\"name\":\"Companies\",\"item\":\"https:\\\/\\\/tiketi.com\\\/companies\\\/\"},{\"@type\":\"ListItem\",\"position\":3,\"name\":\"Buses\",\"item\":\"https:\\\/\\\/tiketi.com\\\/companies\\\/buses\\\/\"},{\"@type\":\"ListItem\",\"position\":4,\"name\":\"Trinity Express Online Booking, Bus Tickets, Route &#038; Fare\"}]},{\"@type\":\"WebSite\",\"@id\":\"https:\\\/\\\/tiketi.com\\\/#website\",\"url\":\"https:\\\/\\\/tiketi.com\\\/\",\"name\":\"Flight & Bus Tickets, Tour Packages & Activitites - Tiketi.com\",\"description\":\"Flight &amp; Bus Tickets, Tours, Activitites\",\"publisher\":{\"@id\":\"https:\\\/\\\/tiketi.com\\\/#organization\"},\"potentialAction\":[{\"@type\":\"SearchAction\",\"target\":{\"@type\":\"EntryPoint\",\"urlTemplate\":\"https:\\\/\\\/tiketi.com\\\/?s={search_term_string}\"},\"query-input\":{\"@type\":\"PropertyValueSpecification\",\"valueRequired\":true,\"valueName\":\"search_term_string\"}}],\"inLanguage\":\"fr-FR\"},{\"@type\":\"Organization\",\"@id\":\"https:\\\/\\\/tiketi.com\\\/#organization\",\"name\":\"Tiketi.com\",\"alternateName\":\"Tiketi\",\"url\":\"https:\\\/\\\/tiketi.com\\\/\",\"logo\":{\"@type\":\"ImageObject\",\"inLanguage\":\"fr-FR\",\"@id\":\"https:\\\/\\\/tiketi.com\\\/#\\\/schema\\\/logo\\\/image\\\/\",\"url\":\"https:\\\/\\\/tiketi.com\\\/wp-content\\\/uploads\\\/2019\\\/05\\\/tiketi-logo-696.png\",\"contentUrl\":\"https:\\\/\\\/tiketi.com\\\/wp-content\\\/uploads\\\/2019\\\/05\\\/tiketi-logo-696.png\",\"width\":696,\"height\":696,\"caption\":\"Tiketi.com\"},\"image\":{\"@id\":\"https:\\\/\\\/tiketi.com\\\/#\\\/schema\\\/logo\\\/image\\\/\"},\"sameAs\":[\"https:\\\/\\\/www.facebook.com\\\/TiketiCom\\\/\"]}]}<\/script>\n<!-- \/ Yoast SEO plugin. -->","yoast_head_json":{"title":"R\u00e9servation en ligne Trinity Express, billets de bus, itin\u00e9raire, horaires et tarifs","description":"Vous recherchez une r\u00e9servation en ligne Trinity Express, une application, des contacts, des itin\u00e9raires de bus, des tarifs et des horaires\u00a0? R\u00e9servez vos billets de bus Trinity Express en ligne \u00e0 bas prix","robots":{"index":"index","follow":"follow","max-snippet":"max-snippet:-1","max-image-preview":"max-image-preview:large","max-video-preview":"max-video-preview:-1"},"canonical":"https:\/\/tiketi.com\/fr-fr\/companies\/buses\/trinity-express\/","og_locale":"fr_FR","og_type":"article","og_title":"Trinity Express Online Booking, Bus Tickets, Route, Schedule & Fare","og_description":"Looking for Trinity Express online booking, app, contacts, bus routes, fare and schedule? Make cheap Trinity Express online bus ticket booking","og_url":"https:\/\/tiketi.com\/fr-fr\/companies\/buses\/trinity-express\/","og_site_name":"Tiketi.com","article_publisher":"https:\/\/www.facebook.com\/TiketiCom\/","article_modified_time":"2025-08-03T17:58:56+00:00","og_image":[{"width":1200,"height":206,"url":"https:\/\/tiketi.com\/wp-content\/uploads\/2022\/01\/bus-ticket-online-booking.jpg","type":"image\/jpeg"}],"twitter_card":"summary_large_image","twitter_misc":{"Dur\u00e9e de lecture estim\u00e9e":"2 minutes"},"schema":{"@context":"https:\/\/schema.org","@graph":[{"@type":"WebPage","@id":"https:\/\/tiketi.com\/companies\/buses\/trinity-express\/","url":"https:\/\/tiketi.com\/companies\/buses\/trinity-express\/","name":"R\u00e9servation en ligne Trinity Express, billets de bus, itin\u00e9raire, horaires et tarifs","isPartOf":{"@id":"https:\/\/tiketi.com\/#website"},"primaryImageOfPage":{"@id":"https:\/\/tiketi.com\/companies\/buses\/trinity-express\/#primaryimage"},"image":{"@id":"https:\/\/tiketi.com\/companies\/buses\/trinity-express\/#primaryimage"},"thumbnailUrl":"https:\/\/tiketi.com\/wp-content\/uploads\/2022\/01\/bus-ticket-online-booking.jpg","datePublished":"2022-01-19T11:54:33+00:00","dateModified":"2025-08-03T17:58:56+00:00","description":"Vous recherchez une r\u00e9servation en ligne Trinity Express, une application, des contacts, des itin\u00e9raires de bus, des tarifs et des horaires\u00a0? R\u00e9servez vos billets de bus Trinity Express en ligne \u00e0 bas prix","breadcrumb":{"@id":"https:\/\/tiketi.com\/companies\/buses\/trinity-express\/#breadcrumb"},"inLanguage":"fr-FR","potentialAction":[{"@type":"ReadAction","target":["https:\/\/tiketi.com\/companies\/buses\/trinity-express\/"]}]},{"@type":"ImageObject","inLanguage":"fr-FR","@id":"https:\/\/tiketi.com\/companies\/buses\/trinity-express\/#primaryimage","url":"https:\/\/tiketi.com\/wp-content\/uploads\/2022\/01\/bus-ticket-online-booking.jpg","contentUrl":"https:\/\/tiketi.com\/wp-content\/uploads\/2022\/01\/bus-ticket-online-booking.jpg","width":1200,"height":206,"caption":"Online Bus Ticket Booking"},{"@type":"BreadcrumbList","@id":"https:\/\/tiketi.com\/companies\/buses\/trinity-express\/#breadcrumb","itemListElement":[{"@type":"ListItem","position":1,"name":"Home","item":"https:\/\/tiketi.com\/"},{"@type":"ListItem","position":2,"name":"Companies","item":"https:\/\/tiketi.com\/companies\/"},{"@type":"ListItem","position":3,"name":"Buses","item":"https:\/\/tiketi.com\/companies\/buses\/"},{"@type":"ListItem","position":4,"name":"Trinity Express Online Booking, Bus Tickets, Route &#038; Fare"}]},{"@type":"WebSite","@id":"https:\/\/tiketi.com\/#website","url":"https:\/\/tiketi.com\/","name":"Billets d&#039;avion et de bus, forfaits touristiques et activit\u00e9s - Tiketi.com","description":"Billets d&#039;avion et de bus, Tours, Activit\u00e9s","publisher":{"@id":"https:\/\/tiketi.com\/#organization"},"potentialAction":[{"@type":"SearchAction","target":{"@type":"EntryPoint","urlTemplate":"https:\/\/tiketi.com\/?s={search_term_string}"},"query-input":{"@type":"PropertyValueSpecification","valueRequired":true,"valueName":"search_term_string"}}],"inLanguage":"fr-FR"},{"@type":"Organization","@id":"https:\/\/tiketi.com\/#organization","name":"Tiketi.com","alternateName":"Tiketi","url":"https:\/\/tiketi.com\/","logo":{"@type":"ImageObject","inLanguage":"fr-FR","@id":"https:\/\/tiketi.com\/#\/schema\/logo\/image\/","url":"https:\/\/tiketi.com\/wp-content\/uploads\/2019\/05\/tiketi-logo-696.png","contentUrl":"https:\/\/tiketi.com\/wp-content\/uploads\/2019\/05\/tiketi-logo-696.png","width":696,"height":696,"caption":"Tiketi.com"},"image":{"@id":"https:\/\/tiketi.com\/#\/schema\/logo\/image\/"},"sameAs":["https:\/\/www.facebook.com\/TiketiCom\/"]}]}},"_links":{"self":[{"href":"https:\/\/tiketi.com\/fr-fr\/wp-json\/wp\/v2\/pages\/11358","targetHints":{"allow":["GET"]}}],"collection":[{"href":"https:\/\/tiketi.com\/fr-fr\/wp-json\/wp\/v2\/pages"}],"about":[{"href":"https:\/\/tiketi.com\/fr-fr\/wp-json\/wp\/v2\/types\/page"}],"author":[{"embeddable":true,"href":"https:\/\/tiketi.com\/fr-fr\/wp-json\/wp\/v2\/users\/1"}],"replies":[{"embeddable":true,"href":"https:\/\/tiketi.com\/fr-fr\/wp-json\/wp\/v2\/comments?post=11358"}],"version-history":[{"count":1,"href":"https:\/\/tiketi.com\/fr-fr\/wp-json\/wp\/v2\/pages\/11358\/revisions"}],"predecessor-version":[{"id":32327,"href":"https:\/\/tiketi.com\/fr-fr\/wp-json\/wp\/v2\/pages\/11358\/revisions\/32327"}],"up":[{"embeddable":true,"href":"https:\/\/tiketi.com\/fr-fr\/wp-json\/wp\/v2\/pages\/25524"}],"wp:featuredmedia":[{"embeddable":true,"href":"https:\/\/tiketi.com\/fr-fr\/wp-json\/wp\/v2\/media\/13999"}],"wp:attachment":[{"href":"https:\/\/tiketi.com\/fr-fr\/wp-json\/wp\/v2\/media?parent=11358"}],"curies":[{"name":"wp","href":"https:\/\/api.w.org\/{rel}","templated":true}]}}