{"id":11359,"date":"2022-01-19T12:54:33","date_gmt":"2022-01-19T11:54:33","guid":{"rendered":"https:\/\/new.tiketi.com\/ritco-bus-online-booking-bus-tickets-reservation\/"},"modified":"2022-02-19T15:10:03","modified_gmt":"2022-02-19T14:10:03","slug":"ritco-express-bus","status":"publish","type":"page","link":"https:\/\/tiketi.com\/fr-fr\/ritco-express-bus\/","title":{"rendered":"R\u00e9servation en ligne de bus Ritco, billets de bus, itin\u00e9raire, horaires et tarifs"},"content":{"rendered":"<h2>R\u00e9servation en ligne de billets de bus Ritco Express<\/h2>\n<h3>D\u00e9couvrez votre itin\u00e9raire de voyage sur le web, le mobile ou l&#039;application et r\u00e9servez d\u00e8s maintenant des billets de bus Ritco pas chers en ligne.<\/h3>\n<p>La r\u00e9servation en ligne de bus Ritco en toute simplicit\u00e9. La soci\u00e9t\u00e9 rwandaise de transport interlink succ\u00e8de \u00e0 la soci\u00e9t\u00e9 d&#039;administration ONATRACOM. RITCO est une coentreprise entre le gouvernement rwandais et la F\u00e9d\u00e9ration rwandaise des coop\u00e9ratives de transport. Vous pouvez \u00e9galement faire la r\u00e9servation de billets de bus en ligne Ritco Express et \u00e9conomiser du temps et de l&#039;argent.<\/p>\n<h2>Ritco Bus R\u00e9servation en ligne, billets de bus, FAQ sur les itin\u00e9raires, les horaires et les tarifs<\/h2>\n<h3>Quels sont les trajets couverts par le service de bus Ritco ?<\/h3>\n<p>\u2022 Kigali \u00e0 Kampala<br \/>\n\u2022 Cyanika \u00e0 Goma<br \/>\n\u2022 Kampala \u00e0 Cyanika<br \/>\n\u2022 Gisoro \u00e0 Kampala<br \/>\n\u2022 Goma \u00e0 Kampala<br \/>\n\u2022 Gisoro \u00e0 Mbarara<br \/>\n\u2022 Kampala \u00e0 Kabale<br \/>\n\u2022 Mbarara \u00e0 Kampala<br \/>\n\u2022 Kampala \u00e0 Kanyaru<br \/>\n\u2022 Kigali \u00e0 Mbarara<br \/>\n\u2022 Kigali \u00e0 Ruhango<br \/>\n\u2022 Kigali \u00e0 Muhanga<br \/>\n\u2022 Kigali \u00e0 Kabale<br \/>\n\u2022 Kigali \u00e0 Huye<br \/>\n\u2022 Kigali \u00e0 Nyanza<br \/>\n\u2022 Kigali \u00e0 Kanyaru<br \/>\n\u2022 Kigali \u00e0 Nyamagabe<br \/>\n\u2022 Muhanga \u00e0 Huye<br \/>\n\u2022 Muhanga \u00e0 Nyanza<br \/>\n\u2022 Muhanga \u00e0 Ruhango<br \/>\n\u2022 Ruhango \u00e0 Nyanza<br \/>\n\u2022 Muhanga \u00e0 Nyamagabe<br \/>\n\u2022 Huye \u00e0 Nyamagabe<br \/>\n\u2022 Ruhango \u00e0 Huye<br \/>\n\u2022 Huye \u00e0 Nyanza<br \/>\n\u2022 Huye \u00e0 Kanyaru<\/p>\n<h3>Combien co\u00fbtent les billets de bus Ritco Express<\/h3>\n<p>Le r\u00eave de Ritco est de sortir les citoyens vivant en milieu rural de l&#039;isolement en leur facilitant l&#039;acc\u00e8s \u00e0 toutes les r\u00e9gions du pays \u00e0 des prix bon march\u00e9. Les billets de bus Ritco sont extr\u00eamement abordables.<\/p>\n<h3>\u00c0 quel point les bus express Ritco sont-ils relaxants<\/h3>\n<p>Ritco Express Ltd utilise les grands bus de luxe de quarante-quatre places enti\u00e8rement climatis\u00e9s. Ils sont extr\u00eamement relaxants quelle que soit la dur\u00e9e de votre voyage.<\/p>\n<h3>Quelles sont les coordonn\u00e9es des bus express Ritco ?<\/h3>\n<p>Ritco Express LTD, Situ\u00e9 sur la rue Nyamirambo, PO Box 619, Kigali, Rwanda<\/p>\n<h2>Conseils de r\u00e9servation de billets de bus en ligne Ritco Express<\/h2>\n<p>L&#039;entreprise, cr\u00e9\u00e9e pour att\u00e9nuer les probl\u00e8mes de transport public pour les ruraux, a d\u00e9voil\u00e9 hier vingt nouveaux bus pour le lancement.<\/p>\n<p>Ritco a \u00e9t\u00e9 cr\u00e9\u00e9e suite \u00e0 la liquidation de la soci\u00e9t\u00e9 de transport public ONATRACOM en 2016.<\/p>\n<p>Le conseil des ministres du 16 d\u00e9cembre 2015 a v\u00e9rifi\u00e9 la mise en place d&#039;une entreprise mutuelle entre le gouvernement du Rwanda et des investisseurs priv\u00e9s sur les transports publics. \u00c0 cet \u00e9gard, Ritco a \u00e9t\u00e9 cr\u00e9\u00e9 afin de continuer \u00e0 offrir des services de transport public, principalement dans les zones rurales.<\/p>","protected":false},"excerpt":{"rendered":"<p>Ritco Express\u00a0Online Bus Ticket Booking Discover your travel route on web, mobile or app and book cheap Ritco bus tickets online now. Ritco bus online booking made easy. Rwanda interlink transport company is the successor to the administration firm ONATRACOM. RITCO is a joint venture between the Rwanda Government and the Rwanda Federation of transport [&hellip;]<\/p>\n","protected":false},"author":1,"featured_media":13999,"parent":0,"menu_order":0,"comment_status":"open","ping_status":"closed","template":"template-home-modern.php","meta":{"footnotes":""},"class_list":["post-11359","page","type-page","status-publish","has-post-thumbnail","hentry"],"yoast_head":"<!-- This site is optimized with the Yoast SEO plugin v27.2 - https:\/\/yoast.com\/product\/yoast-seo-wordpress\/ -->\n<title>Ritco Bus Online Booking, Bus Tickets, Route, Schedule &amp; Fare<\/title>\n<meta name=\"description\" content=\"Looking for Ritco Bus online bookingLooking for Macon online booking, app, contacts, bus routes, fare and schedule? Make cheap Ritco Express online bus ticket booking\" \/>\n<meta name=\"robots\" content=\"index, follow, max-snippet:-1, max-image-preview:large, max-video-preview:-1\" \/>\n<link rel=\"canonical\" href=\"https:\/\/tiketi.com\/fr-fr\/ritco-express-bus\/\" \/>\n<meta property=\"og:locale\" content=\"fr_FR\" \/>\n<meta property=\"og:type\" content=\"article\" \/>\n<meta property=\"og:title\" content=\"Ritco Bus Online Booking, Bus Tickets, Route, Schedule &amp; Fare\" \/>\n<meta property=\"og:description\" content=\"Looking for Ritco Bus online bookingLooking for Macon online booking, app, contacts, bus routes, fare and schedule? Make cheap Ritco Express online bus ticket booking\" \/>\n<meta property=\"og:url\" content=\"https:\/\/tiketi.com\/fr-fr\/ritco-express-bus\/\" \/>\n<meta property=\"og:site_name\" content=\"Tiketi.com\" \/>\n<meta property=\"article:publisher\" content=\"https:\/\/www.facebook.com\/TiketiCom\/\" \/>\n<meta property=\"article:modified_time\" content=\"2022-02-19T14:10:03+00:00\" \/>\n<meta property=\"og:image\" content=\"https:\/\/tiketi.com\/wp-content\/uploads\/2022\/01\/bus-ticket-online-booking.jpg\" \/>\n\t<meta property=\"og:image:width\" content=\"1200\" \/>\n\t<meta property=\"og:image:height\" content=\"206\" \/>\n\t<meta property=\"og:image:type\" content=\"image\/jpeg\" \/>\n<meta name=\"twitter:card\" content=\"summary_large_image\" \/>\n<meta name=\"twitter:label1\" content=\"Dur\u00e9e de lecture estim\u00e9e\" \/>\n\t<meta name=\"twitter:data1\" content=\"2 minutes\" \/>\n<script type=\"application\/ld+json\" class=\"yoast-schema-graph\">{\"@context\":\"https:\/\/schema.org\",\"@graph\":[{\"@type\":\"WebPage\",\"@id\":\"https:\/\/tiketi.com\/ritco-express-bus\/\",\"url\":\"https:\/\/tiketi.com\/ritco-express-bus\/\",\"name\":\"Ritco Bus Online Booking, Bus Tickets, Route, Schedule & Fare\",\"isPartOf\":{\"@id\":\"https:\/\/tiketi.com\/#website\"},\"primaryImageOfPage\":{\"@id\":\"https:\/\/tiketi.com\/ritco-express-bus\/#primaryimage\"},\"image\":{\"@id\":\"https:\/\/tiketi.com\/ritco-express-bus\/#primaryimage\"},\"thumbnailUrl\":\"https:\/\/tiketi.com\/wp-content\/uploads\/2022\/01\/bus-ticket-online-booking.jpg\",\"datePublished\":\"2022-01-19T11:54:33+00:00\",\"dateModified\":\"2022-02-19T14:10:03+00:00\",\"description\":\"Looking for Ritco Bus online bookingLooking for Macon online booking, app, contacts, bus routes, fare and schedule? Make cheap Ritco Express online bus ticket booking\",\"breadcrumb\":{\"@id\":\"https:\/\/tiketi.com\/ritco-express-bus\/#breadcrumb\"},\"inLanguage\":\"fr-FR\",\"potentialAction\":[{\"@type\":\"ReadAction\",\"target\":[\"https:\/\/tiketi.com\/ritco-express-bus\/\"]}]},{\"@type\":\"ImageObject\",\"inLanguage\":\"fr-FR\",\"@id\":\"https:\/\/tiketi.com\/ritco-express-bus\/#primaryimage\",\"url\":\"https:\/\/tiketi.com\/wp-content\/uploads\/2022\/01\/bus-ticket-online-booking.jpg\",\"contentUrl\":\"https:\/\/tiketi.com\/wp-content\/uploads\/2022\/01\/bus-ticket-online-booking.jpg\",\"width\":1200,\"height\":206,\"caption\":\"Online Bus Ticket Booking\"},{\"@type\":\"BreadcrumbList\",\"@id\":\"https:\/\/tiketi.com\/ritco-express-bus\/#breadcrumb\",\"itemListElement\":[{\"@type\":\"ListItem\",\"position\":1,\"name\":\"Home\",\"item\":\"https:\/\/tiketi.com\/\"},{\"@type\":\"ListItem\",\"position\":2,\"name\":\"Ritco Bus Online Booking, Bus Tickets, Route, Schedule &#038; Fare\"}]},{\"@type\":\"WebSite\",\"@id\":\"https:\/\/tiketi.com\/#website\",\"url\":\"https:\/\/tiketi.com\/\",\"name\":\"Flight & Bus Tickets, Tour Packages & Activitites - Tiketi.com\",\"description\":\"Flight &amp; Bus Tickets, Tours, Activitites\",\"publisher\":{\"@id\":\"https:\/\/tiketi.com\/#organization\"},\"potentialAction\":[{\"@type\":\"SearchAction\",\"target\":{\"@type\":\"EntryPoint\",\"urlTemplate\":\"https:\/\/tiketi.com\/?s={search_term_string}\"},\"query-input\":{\"@type\":\"PropertyValueSpecification\",\"valueRequired\":true,\"valueName\":\"search_term_string\"}}],\"inLanguage\":\"fr-FR\"},{\"@type\":\"Organization\",\"@id\":\"https:\/\/tiketi.com\/#organization\",\"name\":\"Tiketi.com\",\"alternateName\":\"Tiketi\",\"url\":\"https:\/\/tiketi.com\/\",\"logo\":{\"@type\":\"ImageObject\",\"inLanguage\":\"fr-FR\",\"@id\":\"https:\/\/tiketi.com\/#\/schema\/logo\/image\/\",\"url\":\"https:\/\/tiketi.com\/wp-content\/uploads\/2019\/05\/tiketi-logo-696.png\",\"contentUrl\":\"https:\/\/tiketi.com\/wp-content\/uploads\/2019\/05\/tiketi-logo-696.png\",\"width\":696,\"height\":696,\"caption\":\"Tiketi.com\"},\"image\":{\"@id\":\"https:\/\/tiketi.com\/#\/schema\/logo\/image\/\"},\"sameAs\":[\"https:\/\/www.facebook.com\/TiketiCom\/\"]}]}<\/script>\n<!-- \/ Yoast SEO plugin. -->","yoast_head_json":{"title":"R\u00e9servation en ligne de bus Ritco, billets de bus, itin\u00e9raire, horaires et tarifs","description":"Vous recherchez une r\u00e9servation en ligne Ritco BusVous recherchez une r\u00e9servation en ligne, une application, des contacts, des itin\u00e9raires de bus, des tarifs et des horaires \u00e0 Macon\u00a0? R\u00e9servez vos billets de bus en ligne Ritco Express \u00e0 bas prix","robots":{"index":"index","follow":"follow","max-snippet":"max-snippet:-1","max-image-preview":"max-image-preview:large","max-video-preview":"max-video-preview:-1"},"canonical":"https:\/\/tiketi.com\/fr-fr\/ritco-express-bus\/","og_locale":"fr_FR","og_type":"article","og_title":"Ritco Bus Online Booking, Bus Tickets, Route, Schedule & Fare","og_description":"Looking for Ritco Bus online bookingLooking for Macon online booking, app, contacts, bus routes, fare and schedule? Make cheap Ritco Express online bus ticket booking","og_url":"https:\/\/tiketi.com\/fr-fr\/ritco-express-bus\/","og_site_name":"Tiketi.com","article_publisher":"https:\/\/www.facebook.com\/TiketiCom\/","article_modified_time":"2022-02-19T14:10:03+00:00","og_image":[{"width":1200,"height":206,"url":"https:\/\/tiketi.com\/wp-content\/uploads\/2022\/01\/bus-ticket-online-booking.jpg","type":"image\/jpeg"}],"twitter_card":"summary_large_image","twitter_misc":{"Dur\u00e9e de lecture estim\u00e9e":"2 minutes"},"schema":{"@context":"https:\/\/schema.org","@graph":[{"@type":"WebPage","@id":"https:\/\/tiketi.com\/ritco-express-bus\/","url":"https:\/\/tiketi.com\/ritco-express-bus\/","name":"R\u00e9servation en ligne de bus Ritco, billets de bus, itin\u00e9raire, horaires et tarifs","isPartOf":{"@id":"https:\/\/tiketi.com\/#website"},"primaryImageOfPage":{"@id":"https:\/\/tiketi.com\/ritco-express-bus\/#primaryimage"},"image":{"@id":"https:\/\/tiketi.com\/ritco-express-bus\/#primaryimage"},"thumbnailUrl":"https:\/\/tiketi.com\/wp-content\/uploads\/2022\/01\/bus-ticket-online-booking.jpg","datePublished":"2022-01-19T11:54:33+00:00","dateModified":"2022-02-19T14:10:03+00:00","description":"Vous recherchez une r\u00e9servation en ligne Ritco BusVous recherchez une r\u00e9servation en ligne, une application, des contacts, des itin\u00e9raires de bus, des tarifs et des horaires \u00e0 Macon\u00a0? R\u00e9servez vos billets de bus en ligne Ritco Express \u00e0 bas prix","breadcrumb":{"@id":"https:\/\/tiketi.com\/ritco-express-bus\/#breadcrumb"},"inLanguage":"fr-FR","potentialAction":[{"@type":"ReadAction","target":["https:\/\/tiketi.com\/ritco-express-bus\/"]}]},{"@type":"ImageObject","inLanguage":"fr-FR","@id":"https:\/\/tiketi.com\/ritco-express-bus\/#primaryimage","url":"https:\/\/tiketi.com\/wp-content\/uploads\/2022\/01\/bus-ticket-online-booking.jpg","contentUrl":"https:\/\/tiketi.com\/wp-content\/uploads\/2022\/01\/bus-ticket-online-booking.jpg","width":1200,"height":206,"caption":"Online Bus Ticket Booking"},{"@type":"BreadcrumbList","@id":"https:\/\/tiketi.com\/ritco-express-bus\/#breadcrumb","itemListElement":[{"@type":"ListItem","position":1,"name":"Home","item":"https:\/\/tiketi.com\/"},{"@type":"ListItem","position":2,"name":"Ritco Bus Online Booking, Bus Tickets, Route, Schedule &#038; Fare"}]},{"@type":"WebSite","@id":"https:\/\/tiketi.com\/#website","url":"https:\/\/tiketi.com\/","name":"Billets d&#039;avion et de bus, forfaits touristiques et activit\u00e9s - Tiketi.com","description":"Billets d&#039;avion et de bus, Tours, Activit\u00e9s","publisher":{"@id":"https:\/\/tiketi.com\/#organization"},"potentialAction":[{"@type":"SearchAction","target":{"@type":"EntryPoint","urlTemplate":"https:\/\/tiketi.com\/?s={search_term_string}"},"query-input":{"@type":"PropertyValueSpecification","valueRequired":true,"valueName":"search_term_string"}}],"inLanguage":"fr-FR"},{"@type":"Organization","@id":"https:\/\/tiketi.com\/#organization","name":"Tiketi.com","alternateName":"Tiketi","url":"https:\/\/tiketi.com\/","logo":{"@type":"ImageObject","inLanguage":"fr-FR","@id":"https:\/\/tiketi.com\/#\/schema\/logo\/image\/","url":"https:\/\/tiketi.com\/wp-content\/uploads\/2019\/05\/tiketi-logo-696.png","contentUrl":"https:\/\/tiketi.com\/wp-content\/uploads\/2019\/05\/tiketi-logo-696.png","width":696,"height":696,"caption":"Tiketi.com"},"image":{"@id":"https:\/\/tiketi.com\/#\/schema\/logo\/image\/"},"sameAs":["https:\/\/www.facebook.com\/TiketiCom\/"]}]}},"_links":{"self":[{"href":"https:\/\/tiketi.com\/fr-fr\/wp-json\/wp\/v2\/pages\/11359","targetHints":{"allow":["GET"]}}],"collection":[{"href":"https:\/\/tiketi.com\/fr-fr\/wp-json\/wp\/v2\/pages"}],"about":[{"href":"https:\/\/tiketi.com\/fr-fr\/wp-json\/wp\/v2\/types\/page"}],"author":[{"embeddable":true,"href":"https:\/\/tiketi.com\/fr-fr\/wp-json\/wp\/v2\/users\/1"}],"replies":[{"embeddable":true,"href":"https:\/\/tiketi.com\/fr-fr\/wp-json\/wp\/v2\/comments?post=11359"}],"version-history":[{"count":0,"href":"https:\/\/tiketi.com\/fr-fr\/wp-json\/wp\/v2\/pages\/11359\/revisions"}],"wp:featuredmedia":[{"embeddable":true,"href":"https:\/\/tiketi.com\/fr-fr\/wp-json\/wp\/v2\/media\/13999"}],"wp:attachment":[{"href":"https:\/\/tiketi.com\/fr-fr\/wp-json\/wp\/v2\/media?parent=11359"}],"curies":[{"name":"wp","href":"https:\/\/api.w.org\/{rel}","templated":true}]}}