{"id":11360,"date":"2022-01-19T12:54:33","date_gmt":"2022-01-19T11:54:33","guid":{"rendered":"https:\/\/new.tiketi.com\/kigali-bus-service-online-booking-bus-tickets-reservation\/"},"modified":"2022-02-16T12:11:49","modified_gmt":"2022-02-16T11:11:49","slug":"kigali-bus-service","status":"publish","type":"page","link":"https:\/\/tiketi.com\/fr-fr\/kigali-bus-service\/","title":{"rendered":"R\u00e9servation en ligne du service de bus de Kigali, billets de bus, tarifs et horaires"},"content":{"rendered":"<h2>Kigali Bus Services R\u00e9servation de billets de bus en ligne<\/h2>\n<h3>D\u00e9couvrez votre itin\u00e9raire de voyage sur le web, le mobile ou l&#039;application et r\u00e9servez en ligne d\u00e8s maintenant des billets de bus Kigali Bus Servicess pas chers.<\/h3>\n<p>La r\u00e9servation en ligne de Kigali Bus Services en toute simplicit\u00e9. R\u00e9servation de billets de bus en ligne de bus Kigali simple et pas cher. Le transport transfrontalier est un facteur important qui affecte le tourisme en Afrique de l&#039;Est. Il y a toujours besoin d&#039;un nouvel itin\u00e9raire pour les courriers a\u00e9riens et le service des compagnies de bus et il est important que les entreprises de transport s&#039;aventurent dans un nouveau territoire tous les deux jours. Voici le guide pour r\u00e9server des services de bus bon march\u00e9 \u00e0 Kigali.<\/p>\n<h2>FAQ sur la r\u00e9servation en ligne des services de bus de Kigali<\/h2>\n<h3>Quels sont les itin\u00e9raires couverts par Kigali Bus Services ?<\/h3>\n<p>Le Rwanda a de toute fa\u00e7on besoin de se connecter davantage au reste de la r\u00e9gion pour stimuler le commerce, les voyages et le tourisme. Ces nouvelles routes vers la Tanzanie par les services de bus de Kigali ne peuvent \u00eatre qu&#039;une excellente chose. L&#039;entreprise est d\u00e9j\u00e0 devenue populaire aupr\u00e8s des voyageurs du Rwanda vers l&#039;Ouganda, tant locaux qu&#039;\u00e9trangers. Les touristes en safari en Ouganda sont retourn\u00e9s au Rwanda, il pourrait en \u00eatre de m\u00eame pour la r\u00e9servation de billets de bus par Internet sur les lignes de bus de la Tanzanie et du Rwanda.<\/p>\n<h3>Flotte des services d&#039;autobus de Kigali<\/h3>\n<p>Ils \u00e9taient plus d\u00e9tendus que les bus de la ville et avaient un compartiment \u00e0 bagages sous le plancher. Certains ont \u00e9t\u00e9 lou\u00e9s \u00e0 Impala Express pour des services vers le sud du pays, mais la plupart d&#039;entre eux ont \u00e9t\u00e9 lou\u00e9s \u00e0 des lignes Belvedere qui les ont utilis\u00e9s dans une livr\u00e9e enti\u00e8rement blanche pour diff\u00e9rents services contractuels, entre autres pour l&#039;ONU. Un nouvel emploi a \u00e9t\u00e9 trouv\u00e9 pour les 7 v\u00e9hicules en juillet 2016.<\/p>\n<h3>Quelles sont les coordonn\u00e9es des bus Kigali Bus Services ?<\/h3>\n<p>Kigali Bus Services Ltd. PO BOX 1266. Kigali, Rwanda.<\/p>\n<h2>Kigali Bus Services Conseils de r\u00e9servation de billets de bus en ligne<\/h2>\n<p>Kigali Bus Services, une compagnie de bus est presque pr\u00eate \u00e0 ouvrir une nouvelle route vers l&#039;est du Congo, la Tanzanie et le Burundi. Kigali est devenu ces derni\u00e8res ann\u00e9es l&#039;un des plus grands op\u00e9rateurs de bus entre Kigali et Kampala et cherche \u00e0 \u00e9tendre son march\u00e9 \u00e0 Bujumbura, Dar es Salaam et Goma.<\/p>\n<p>Ceux-ci circulent selon un horaire fixe entre les grandes villes, ne s&#039;arr\u00eatant qu&#039;aux arr\u00eats officiels \u00e0 proximit\u00e9 des lieux. M\u00eame si l&#039;alignement est plus t\u00f4t, le prix jusqu&#039;au prochain grand arr\u00eat doit \u00eatre pay\u00e9. Presque tous les itin\u00e9raires de r\u00e9servation de bus de Kigali passent par Nyabugogo \u00e0 Kigali.<\/p>","protected":false},"excerpt":{"rendered":"<p>Kigali Bus Services Online Bus Ticket Booking Discover your travel route on web, mobile or app and book cheap Kigali Bus Servicess bus tickets online now. Kigali Bus Services\u00a0online booking made easy.\u00a0Simple and cheap Kigali bus online bus ticket booking. Transportation across border is a big factor that affects tourism in East Africa. There is [&hellip;]<\/p>\n","protected":false},"author":1,"featured_media":13999,"parent":0,"menu_order":0,"comment_status":"open","ping_status":"closed","template":"template-home-modern.php","meta":{"footnotes":""},"class_list":["post-11360","page","type-page","status-publish","has-post-thumbnail","hentry"],"yoast_head":"<!-- This site is optimized with the Yoast SEO plugin v27.3 - https:\/\/yoast.com\/product\/yoast-seo-wordpress\/ -->\n<title>Kigali Bus Services Online Booking, Bus Tickets, Fare &amp; Schedule<\/title>\n<meta name=\"description\" content=\"Looking for Kigali Bus Services online booking? Make a cheap Kigali Bus Services online bus ticket booking now and save money and time\" \/>\n<meta name=\"robots\" content=\"index, follow, max-snippet:-1, max-image-preview:large, max-video-preview:-1\" \/>\n<link rel=\"canonical\" href=\"https:\/\/tiketi.com\/fr-fr\/kigali-bus-service\/\" \/>\n<meta property=\"og:locale\" content=\"fr_FR\" \/>\n<meta property=\"og:type\" content=\"article\" \/>\n<meta property=\"og:title\" content=\"Kigali Bus Services Online Booking, Bus Tickets, Fare &amp; Schedule\" \/>\n<meta property=\"og:description\" content=\"Looking for Kigali Bus Services online booking? Make a cheap Kigali Bus Services online bus ticket booking now and save money and time\" \/>\n<meta property=\"og:url\" content=\"https:\/\/tiketi.com\/fr-fr\/kigali-bus-service\/\" \/>\n<meta property=\"og:site_name\" content=\"Tiketi.com\" \/>\n<meta property=\"article:publisher\" content=\"https:\/\/www.facebook.com\/TiketiCom\/\" \/>\n<meta property=\"article:modified_time\" content=\"2022-02-16T11:11:49+00:00\" \/>\n<meta property=\"og:image\" content=\"https:\/\/tiketi.com\/wp-content\/uploads\/2022\/01\/bus-ticket-online-booking.jpg\" \/>\n\t<meta property=\"og:image:width\" content=\"1200\" \/>\n\t<meta property=\"og:image:height\" content=\"206\" \/>\n\t<meta property=\"og:image:type\" content=\"image\/jpeg\" \/>\n<meta name=\"twitter:card\" content=\"summary_large_image\" \/>\n<meta name=\"twitter:label1\" content=\"Dur\u00e9e de lecture estim\u00e9e\" \/>\n\t<meta name=\"twitter:data1\" content=\"2 minutes\" \/>\n<script type=\"application\/ld+json\" class=\"yoast-schema-graph\">{\"@context\":\"https:\\\/\\\/schema.org\",\"@graph\":[{\"@type\":\"WebPage\",\"@id\":\"https:\\\/\\\/tiketi.com\\\/kigali-bus-service\\\/\",\"url\":\"https:\\\/\\\/tiketi.com\\\/kigali-bus-service\\\/\",\"name\":\"Kigali Bus Services Online Booking, Bus Tickets, Fare & Schedule\",\"isPartOf\":{\"@id\":\"https:\\\/\\\/tiketi.com\\\/#website\"},\"primaryImageOfPage\":{\"@id\":\"https:\\\/\\\/tiketi.com\\\/kigali-bus-service\\\/#primaryimage\"},\"image\":{\"@id\":\"https:\\\/\\\/tiketi.com\\\/kigali-bus-service\\\/#primaryimage\"},\"thumbnailUrl\":\"https:\\\/\\\/tiketi.com\\\/wp-content\\\/uploads\\\/2022\\\/01\\\/bus-ticket-online-booking.jpg\",\"datePublished\":\"2022-01-19T11:54:33+00:00\",\"dateModified\":\"2022-02-16T11:11:49+00:00\",\"description\":\"Looking for Kigali Bus Services online booking? Make a cheap Kigali Bus Services online bus ticket booking now and save money and time\",\"breadcrumb\":{\"@id\":\"https:\\\/\\\/tiketi.com\\\/kigali-bus-service\\\/#breadcrumb\"},\"inLanguage\":\"fr-FR\",\"potentialAction\":[{\"@type\":\"ReadAction\",\"target\":[\"https:\\\/\\\/tiketi.com\\\/kigali-bus-service\\\/\"]}]},{\"@type\":\"ImageObject\",\"inLanguage\":\"fr-FR\",\"@id\":\"https:\\\/\\\/tiketi.com\\\/kigali-bus-service\\\/#primaryimage\",\"url\":\"https:\\\/\\\/tiketi.com\\\/wp-content\\\/uploads\\\/2022\\\/01\\\/bus-ticket-online-booking.jpg\",\"contentUrl\":\"https:\\\/\\\/tiketi.com\\\/wp-content\\\/uploads\\\/2022\\\/01\\\/bus-ticket-online-booking.jpg\",\"width\":1200,\"height\":206,\"caption\":\"Online Bus Ticket Booking\"},{\"@type\":\"BreadcrumbList\",\"@id\":\"https:\\\/\\\/tiketi.com\\\/kigali-bus-service\\\/#breadcrumb\",\"itemListElement\":[{\"@type\":\"ListItem\",\"position\":1,\"name\":\"Home\",\"item\":\"https:\\\/\\\/tiketi.com\\\/\"},{\"@type\":\"ListItem\",\"position\":2,\"name\":\"Kigali Bus Service Online Booking, Bus Tickets, Fare &#038; Schedule\"}]},{\"@type\":\"WebSite\",\"@id\":\"https:\\\/\\\/tiketi.com\\\/#website\",\"url\":\"https:\\\/\\\/tiketi.com\\\/\",\"name\":\"Flight & Bus Tickets, Tour Packages & Activitites - Tiketi.com\",\"description\":\"Flight &amp; Bus Tickets, Tours, Activitites\",\"publisher\":{\"@id\":\"https:\\\/\\\/tiketi.com\\\/#organization\"},\"potentialAction\":[{\"@type\":\"SearchAction\",\"target\":{\"@type\":\"EntryPoint\",\"urlTemplate\":\"https:\\\/\\\/tiketi.com\\\/?s={search_term_string}\"},\"query-input\":{\"@type\":\"PropertyValueSpecification\",\"valueRequired\":true,\"valueName\":\"search_term_string\"}}],\"inLanguage\":\"fr-FR\"},{\"@type\":\"Organization\",\"@id\":\"https:\\\/\\\/tiketi.com\\\/#organization\",\"name\":\"Tiketi.com\",\"alternateName\":\"Tiketi\",\"url\":\"https:\\\/\\\/tiketi.com\\\/\",\"logo\":{\"@type\":\"ImageObject\",\"inLanguage\":\"fr-FR\",\"@id\":\"https:\\\/\\\/tiketi.com\\\/#\\\/schema\\\/logo\\\/image\\\/\",\"url\":\"https:\\\/\\\/tiketi.com\\\/wp-content\\\/uploads\\\/2019\\\/05\\\/tiketi-logo-696.png\",\"contentUrl\":\"https:\\\/\\\/tiketi.com\\\/wp-content\\\/uploads\\\/2019\\\/05\\\/tiketi-logo-696.png\",\"width\":696,\"height\":696,\"caption\":\"Tiketi.com\"},\"image\":{\"@id\":\"https:\\\/\\\/tiketi.com\\\/#\\\/schema\\\/logo\\\/image\\\/\"},\"sameAs\":[\"https:\\\/\\\/www.facebook.com\\\/TiketiCom\\\/\"]}]}<\/script>\n<!-- \/ Yoast SEO plugin. -->","yoast_head_json":{"title":"Kigali Bus Services R\u00e9servation en ligne, billets de bus, tarifs et horaires","description":"Vous recherchez une r\u00e9servation en ligne de Kigali Bus Services? R\u00e9servez d\u00e8s maintenant vos billets de bus en ligne Kigali Bus Services et \u00e9conomisez du temps et de l&#039;argent","robots":{"index":"index","follow":"follow","max-snippet":"max-snippet:-1","max-image-preview":"max-image-preview:large","max-video-preview":"max-video-preview:-1"},"canonical":"https:\/\/tiketi.com\/fr-fr\/kigali-bus-service\/","og_locale":"fr_FR","og_type":"article","og_title":"Kigali Bus Services Online Booking, Bus Tickets, Fare & Schedule","og_description":"Looking for Kigali Bus Services online booking? Make a cheap Kigali Bus Services online bus ticket booking now and save money and time","og_url":"https:\/\/tiketi.com\/fr-fr\/kigali-bus-service\/","og_site_name":"Tiketi.com","article_publisher":"https:\/\/www.facebook.com\/TiketiCom\/","article_modified_time":"2022-02-16T11:11:49+00:00","og_image":[{"width":1200,"height":206,"url":"https:\/\/tiketi.com\/wp-content\/uploads\/2022\/01\/bus-ticket-online-booking.jpg","type":"image\/jpeg"}],"twitter_card":"summary_large_image","twitter_misc":{"Dur\u00e9e de lecture estim\u00e9e":"2 minutes"},"schema":{"@context":"https:\/\/schema.org","@graph":[{"@type":"WebPage","@id":"https:\/\/tiketi.com\/kigali-bus-service\/","url":"https:\/\/tiketi.com\/kigali-bus-service\/","name":"Kigali Bus Services R\u00e9servation en ligne, billets de bus, tarifs et horaires","isPartOf":{"@id":"https:\/\/tiketi.com\/#website"},"primaryImageOfPage":{"@id":"https:\/\/tiketi.com\/kigali-bus-service\/#primaryimage"},"image":{"@id":"https:\/\/tiketi.com\/kigali-bus-service\/#primaryimage"},"thumbnailUrl":"https:\/\/tiketi.com\/wp-content\/uploads\/2022\/01\/bus-ticket-online-booking.jpg","datePublished":"2022-01-19T11:54:33+00:00","dateModified":"2022-02-16T11:11:49+00:00","description":"Vous recherchez une r\u00e9servation en ligne de Kigali Bus Services? R\u00e9servez d\u00e8s maintenant vos billets de bus en ligne Kigali Bus Services et \u00e9conomisez du temps et de l&#039;argent","breadcrumb":{"@id":"https:\/\/tiketi.com\/kigali-bus-service\/#breadcrumb"},"inLanguage":"fr-FR","potentialAction":[{"@type":"ReadAction","target":["https:\/\/tiketi.com\/kigali-bus-service\/"]}]},{"@type":"ImageObject","inLanguage":"fr-FR","@id":"https:\/\/tiketi.com\/kigali-bus-service\/#primaryimage","url":"https:\/\/tiketi.com\/wp-content\/uploads\/2022\/01\/bus-ticket-online-booking.jpg","contentUrl":"https:\/\/tiketi.com\/wp-content\/uploads\/2022\/01\/bus-ticket-online-booking.jpg","width":1200,"height":206,"caption":"Online Bus Ticket Booking"},{"@type":"BreadcrumbList","@id":"https:\/\/tiketi.com\/kigali-bus-service\/#breadcrumb","itemListElement":[{"@type":"ListItem","position":1,"name":"Home","item":"https:\/\/tiketi.com\/"},{"@type":"ListItem","position":2,"name":"Kigali Bus Service Online Booking, Bus Tickets, Fare &#038; Schedule"}]},{"@type":"WebSite","@id":"https:\/\/tiketi.com\/#website","url":"https:\/\/tiketi.com\/","name":"Billets d&#039;avion et de bus, forfaits touristiques et activit\u00e9s - Tiketi.com","description":"Billets d&#039;avion et de bus, Tours, Activit\u00e9s","publisher":{"@id":"https:\/\/tiketi.com\/#organization"},"potentialAction":[{"@type":"SearchAction","target":{"@type":"EntryPoint","urlTemplate":"https:\/\/tiketi.com\/?s={search_term_string}"},"query-input":{"@type":"PropertyValueSpecification","valueRequired":true,"valueName":"search_term_string"}}],"inLanguage":"fr-FR"},{"@type":"Organization","@id":"https:\/\/tiketi.com\/#organization","name":"Tiketi.com","alternateName":"Tiketi","url":"https:\/\/tiketi.com\/","logo":{"@type":"ImageObject","inLanguage":"fr-FR","@id":"https:\/\/tiketi.com\/#\/schema\/logo\/image\/","url":"https:\/\/tiketi.com\/wp-content\/uploads\/2019\/05\/tiketi-logo-696.png","contentUrl":"https:\/\/tiketi.com\/wp-content\/uploads\/2019\/05\/tiketi-logo-696.png","width":696,"height":696,"caption":"Tiketi.com"},"image":{"@id":"https:\/\/tiketi.com\/#\/schema\/logo\/image\/"},"sameAs":["https:\/\/www.facebook.com\/TiketiCom\/"]}]}},"_links":{"self":[{"href":"https:\/\/tiketi.com\/fr-fr\/wp-json\/wp\/v2\/pages\/11360","targetHints":{"allow":["GET"]}}],"collection":[{"href":"https:\/\/tiketi.com\/fr-fr\/wp-json\/wp\/v2\/pages"}],"about":[{"href":"https:\/\/tiketi.com\/fr-fr\/wp-json\/wp\/v2\/types\/page"}],"author":[{"embeddable":true,"href":"https:\/\/tiketi.com\/fr-fr\/wp-json\/wp\/v2\/users\/1"}],"replies":[{"embeddable":true,"href":"https:\/\/tiketi.com\/fr-fr\/wp-json\/wp\/v2\/comments?post=11360"}],"version-history":[{"count":0,"href":"https:\/\/tiketi.com\/fr-fr\/wp-json\/wp\/v2\/pages\/11360\/revisions"}],"wp:featuredmedia":[{"embeddable":true,"href":"https:\/\/tiketi.com\/fr-fr\/wp-json\/wp\/v2\/media\/13999"}],"wp:attachment":[{"href":"https:\/\/tiketi.com\/fr-fr\/wp-json\/wp\/v2\/media?parent=11360"}],"curies":[{"name":"wp","href":"https:\/\/api.w.org\/{rel}","templated":true}]}}