{"id":11361,"date":"2022-01-19T12:54:33","date_gmt":"2022-01-19T11:54:33","guid":{"rendered":"https:\/\/new.tiketi.com\/jaguar-bus-online-booking-bus-tickets-reservation\/"},"modified":"2022-02-16T10:51:51","modified_gmt":"2022-02-16T09:51:51","slug":"jaguar-bus-executive-coaches","status":"publish","type":"page","link":"https:\/\/tiketi.com\/fr-fr\/jaguar-bus-executive-coaches\/","title":{"rendered":"R\u00e9servation en ligne de bus Jaguar, billets de bus, itin\u00e9raire, horaires et tarifs"},"content":{"rendered":"<h2>Jaguar Bus R\u00e9servation de billets de bus en ligne<\/h2>\n<h3>D\u00e9couvrez votre itin\u00e9raire de voyage sur le Web, le mobile ou l&#039;application et r\u00e9servez des billets Jaguar Bus pas chers en ligne d\u00e8s maintenant.<\/h3>\n<p>La r\u00e9servation en ligne de Jaguar Bus simplifi\u00e9e. Les coachs ex\u00e9cutifs Jaguar relient Kigali \u00e0 Kampala via la fronti\u00e8re de Gatuna ou via Kagitumba et Kayonza. Il y a aussi des bus pour Arusha en Tanzanie et le trajet dure trente heures. Ici, vous pouvez \u00e9galement faire la r\u00e9servation de billets de bus en ligne Jaguar bus.<\/p>\n<h2>FAQ sur la r\u00e9servation en ligne de Jaguar Bus<\/h2>\n<h3>Quels sont les trajets couverts par les bus Jaguar ?<\/h3>\n<p>\u2022 Kampla \u00e0 Goma via Kisoro<br \/>\n\u2022 Kampala \u00e0 Bunumbura<br \/>\n\u2022 Kampala \u00e0 Kigali<br \/>\n\u2022 Kabale \u00e0 Mbarara<br \/>\n\u2022 Kigali \u00e0 Kabale\/Lac Bunyonyi<\/p>\n<h3>Horaires et tarifs des autocars Jaguar Bus<\/h3>\n<p>Horaires de voyage de Jaguar Bus 2020. D\u00e9part matin et jour 2020.<\/p>\n<p>La meilleure entreprise que les gens utilisent g\u00e9n\u00e9ralement est les autocars Jaguar. Leur terminal de bus \u00e0 Kampala est juste \u00e0 c\u00f4t\u00e9 de Trinity One, vous pouvez donc simplement faire correspondre les deux. Les deux ont des horaires similaires avec des bus de jour partant entre 7h et 9h, puis il y a aussi le bus de nuit. Les prix sont les m\u00eames, 4000 shillings. A Kigali, ils utilisent tous les deux la gare routi\u00e8re de Nyabugogo.<\/p>\n<h3>Flotte d&#039;autobus et \u00e9quipements Jaguar<\/h3>\n<p>L&#039;agence de voyage r\u00e9gionale rwandaise Jaguar executive coaches, qui g\u00e8re une flotte de plus de trente bus entre Kampala et Kigali, est le r\u00e9seau de transport de choix pour vous. Selon les coachs ex\u00e9cutifs de Jaguar, l&#039;entreprise est dans les v\u00e9hicules \u00e9quip\u00e9s d&#039;un r\u00e9seau WiFi reli\u00e9 \u00e0 ce qui semble \u00eatre un HSDPA moderne.<\/p>\n<p>Jaguar bus dispose d&#039;une flotte de bus de dix bus, y compris Muti-axel Volvo, AC high-tech, semi-couchette, couchettes dans les bus A\/C ainsi que non A\/C. Cet op\u00e9rateur offre le meilleur support client et les passagers peuvent montrer leur billet mobile lors de l&#039;embarquement dans le bus sans imprimer le billet.<\/p>\n<h3>Quelles sont les coordonn\u00e9es des bus Jaguar ?<\/h3>\n<p>Coachs ex\u00e9cutifs Jaguar<br \/>\nParcelle 30\/32 Namirembe Road, Kampala<\/p>\n<h2>Jaguar Bus Conseils de r\u00e9servation de billets de bus en ligne<\/h2>\n<p>Les autocars de direction Jaguar offrent un service de transport public relaxant et fiable que les gens peuvent consid\u00e9rer comme un substitut de transport parfait et viable aux bus. Nous v\u00e9rifierons continuellement les besoins du public voyageur et r\u00e9viserons quotidiennement notre prestation de services afin de maintenir l&#039;int\u00e9r\u00eat des gens pour le service de transport public.<\/p>","protected":false},"excerpt":{"rendered":"<p>Jaguar Bus Online Bus Ticket Booking Discover your travel route on web, mobile or app and book cheap Jaguar Bus tickets online now. Jaguar Bus\u00a0online booking made easy. Jaguar executive coaches links \u00a0Kigali to Kampala through te Gatuna border or through Kagitumba and Kayonza. It also have buses to Arusha Tanzania and the journey takes [&hellip;]<\/p>\n","protected":false},"author":1,"featured_media":13999,"parent":0,"menu_order":0,"comment_status":"open","ping_status":"closed","template":"template-home-modern.php","meta":{"footnotes":""},"class_list":["post-11361","page","type-page","status-publish","has-post-thumbnail","hentry"],"yoast_head":"<!-- This site is optimized with the Yoast SEO plugin v27.2 - https:\/\/yoast.com\/product\/yoast-seo-wordpress\/ -->\n<title>Jaguar Bus Online Booking, Bus Tickets, Route, Schedule &amp; Fare<\/title>\n<meta name=\"description\" content=\"Looking for Jaguar Bus online booking? Make a Jaguar Bus online bus ticket booking online now and save\" \/>\n<meta name=\"robots\" content=\"index, follow, max-snippet:-1, max-image-preview:large, max-video-preview:-1\" \/>\n<link rel=\"canonical\" href=\"https:\/\/tiketi.com\/fr-fr\/jaguar-bus-executive-coaches\/\" \/>\n<meta property=\"og:locale\" content=\"fr_FR\" \/>\n<meta property=\"og:type\" content=\"article\" \/>\n<meta property=\"og:title\" content=\"Jaguar Bus Online Booking, Bus Tickets, Route, Schedule &amp; Fare\" \/>\n<meta property=\"og:description\" content=\"Looking for Jaguar Bus online booking? Make a Jaguar Bus online bus ticket booking online now and save\" \/>\n<meta property=\"og:url\" content=\"https:\/\/tiketi.com\/fr-fr\/jaguar-bus-executive-coaches\/\" \/>\n<meta property=\"og:site_name\" content=\"Tiketi.com\" \/>\n<meta property=\"article:publisher\" content=\"https:\/\/www.facebook.com\/TiketiCom\/\" \/>\n<meta property=\"article:modified_time\" content=\"2022-02-16T09:51:51+00:00\" \/>\n<meta property=\"og:image\" content=\"https:\/\/tiketi.com\/wp-content\/uploads\/2022\/01\/bus-ticket-online-booking.jpg\" \/>\n\t<meta property=\"og:image:width\" content=\"1200\" \/>\n\t<meta property=\"og:image:height\" content=\"206\" \/>\n\t<meta property=\"og:image:type\" content=\"image\/jpeg\" \/>\n<meta name=\"twitter:card\" content=\"summary_large_image\" \/>\n<meta name=\"twitter:label1\" content=\"Dur\u00e9e de lecture estim\u00e9e\" \/>\n\t<meta name=\"twitter:data1\" content=\"2 minutes\" \/>\n<script type=\"application\/ld+json\" class=\"yoast-schema-graph\">{\"@context\":\"https:\/\/schema.org\",\"@graph\":[{\"@type\":\"WebPage\",\"@id\":\"https:\/\/tiketi.com\/jaguar-bus-executive-coaches\/\",\"url\":\"https:\/\/tiketi.com\/jaguar-bus-executive-coaches\/\",\"name\":\"Jaguar Bus Online Booking, Bus Tickets, Route, Schedule & Fare\",\"isPartOf\":{\"@id\":\"https:\/\/tiketi.com\/#website\"},\"primaryImageOfPage\":{\"@id\":\"https:\/\/tiketi.com\/jaguar-bus-executive-coaches\/#primaryimage\"},\"image\":{\"@id\":\"https:\/\/tiketi.com\/jaguar-bus-executive-coaches\/#primaryimage\"},\"thumbnailUrl\":\"https:\/\/tiketi.com\/wp-content\/uploads\/2022\/01\/bus-ticket-online-booking.jpg\",\"datePublished\":\"2022-01-19T11:54:33+00:00\",\"dateModified\":\"2022-02-16T09:51:51+00:00\",\"description\":\"Looking for Jaguar Bus online booking? Make a Jaguar Bus online bus ticket booking online now and save\",\"breadcrumb\":{\"@id\":\"https:\/\/tiketi.com\/jaguar-bus-executive-coaches\/#breadcrumb\"},\"inLanguage\":\"fr-FR\",\"potentialAction\":[{\"@type\":\"ReadAction\",\"target\":[\"https:\/\/tiketi.com\/jaguar-bus-executive-coaches\/\"]}]},{\"@type\":\"ImageObject\",\"inLanguage\":\"fr-FR\",\"@id\":\"https:\/\/tiketi.com\/jaguar-bus-executive-coaches\/#primaryimage\",\"url\":\"https:\/\/tiketi.com\/wp-content\/uploads\/2022\/01\/bus-ticket-online-booking.jpg\",\"contentUrl\":\"https:\/\/tiketi.com\/wp-content\/uploads\/2022\/01\/bus-ticket-online-booking.jpg\",\"width\":1200,\"height\":206,\"caption\":\"Online Bus Ticket Booking\"},{\"@type\":\"BreadcrumbList\",\"@id\":\"https:\/\/tiketi.com\/jaguar-bus-executive-coaches\/#breadcrumb\",\"itemListElement\":[{\"@type\":\"ListItem\",\"position\":1,\"name\":\"Home\",\"item\":\"https:\/\/tiketi.com\/\"},{\"@type\":\"ListItem\",\"position\":2,\"name\":\"Jaguar Bus Online Booking, Bus Tickets, Route, Schedule &#038; Fare\"}]},{\"@type\":\"WebSite\",\"@id\":\"https:\/\/tiketi.com\/#website\",\"url\":\"https:\/\/tiketi.com\/\",\"name\":\"Flight & Bus Tickets, Tour Packages & Activitites - Tiketi.com\",\"description\":\"Flight &amp; Bus Tickets, Tours, Activitites\",\"publisher\":{\"@id\":\"https:\/\/tiketi.com\/#organization\"},\"potentialAction\":[{\"@type\":\"SearchAction\",\"target\":{\"@type\":\"EntryPoint\",\"urlTemplate\":\"https:\/\/tiketi.com\/?s={search_term_string}\"},\"query-input\":{\"@type\":\"PropertyValueSpecification\",\"valueRequired\":true,\"valueName\":\"search_term_string\"}}],\"inLanguage\":\"fr-FR\"},{\"@type\":\"Organization\",\"@id\":\"https:\/\/tiketi.com\/#organization\",\"name\":\"Tiketi.com\",\"alternateName\":\"Tiketi\",\"url\":\"https:\/\/tiketi.com\/\",\"logo\":{\"@type\":\"ImageObject\",\"inLanguage\":\"fr-FR\",\"@id\":\"https:\/\/tiketi.com\/#\/schema\/logo\/image\/\",\"url\":\"https:\/\/tiketi.com\/wp-content\/uploads\/2019\/05\/tiketi-logo-696.png\",\"contentUrl\":\"https:\/\/tiketi.com\/wp-content\/uploads\/2019\/05\/tiketi-logo-696.png\",\"width\":696,\"height\":696,\"caption\":\"Tiketi.com\"},\"image\":{\"@id\":\"https:\/\/tiketi.com\/#\/schema\/logo\/image\/\"},\"sameAs\":[\"https:\/\/www.facebook.com\/TiketiCom\/\"]}]}<\/script>\n<!-- \/ Yoast SEO plugin. -->","yoast_head_json":{"title":"R\u00e9servation en ligne de bus Jaguar, billets de bus, itin\u00e9raire, horaires et tarifs","description":"Vous recherchez une r\u00e9servation en ligne Jaguar Bus ? Faites une r\u00e9servation de billet de bus en ligne Jaguar Bus en ligne maintenant et \u00e9conomisez","robots":{"index":"index","follow":"follow","max-snippet":"max-snippet:-1","max-image-preview":"max-image-preview:large","max-video-preview":"max-video-preview:-1"},"canonical":"https:\/\/tiketi.com\/fr-fr\/jaguar-bus-executive-coaches\/","og_locale":"fr_FR","og_type":"article","og_title":"Jaguar Bus Online Booking, Bus Tickets, Route, Schedule & Fare","og_description":"Looking for Jaguar Bus online booking? Make a Jaguar Bus online bus ticket booking online now and save","og_url":"https:\/\/tiketi.com\/fr-fr\/jaguar-bus-executive-coaches\/","og_site_name":"Tiketi.com","article_publisher":"https:\/\/www.facebook.com\/TiketiCom\/","article_modified_time":"2022-02-16T09:51:51+00:00","og_image":[{"width":1200,"height":206,"url":"https:\/\/tiketi.com\/wp-content\/uploads\/2022\/01\/bus-ticket-online-booking.jpg","type":"image\/jpeg"}],"twitter_card":"summary_large_image","twitter_misc":{"Dur\u00e9e de lecture estim\u00e9e":"2 minutes"},"schema":{"@context":"https:\/\/schema.org","@graph":[{"@type":"WebPage","@id":"https:\/\/tiketi.com\/jaguar-bus-executive-coaches\/","url":"https:\/\/tiketi.com\/jaguar-bus-executive-coaches\/","name":"R\u00e9servation en ligne de bus Jaguar, billets de bus, itin\u00e9raire, horaires et tarifs","isPartOf":{"@id":"https:\/\/tiketi.com\/#website"},"primaryImageOfPage":{"@id":"https:\/\/tiketi.com\/jaguar-bus-executive-coaches\/#primaryimage"},"image":{"@id":"https:\/\/tiketi.com\/jaguar-bus-executive-coaches\/#primaryimage"},"thumbnailUrl":"https:\/\/tiketi.com\/wp-content\/uploads\/2022\/01\/bus-ticket-online-booking.jpg","datePublished":"2022-01-19T11:54:33+00:00","dateModified":"2022-02-16T09:51:51+00:00","description":"Vous recherchez une r\u00e9servation en ligne Jaguar Bus ? Faites une r\u00e9servation de billet de bus en ligne Jaguar Bus en ligne maintenant et \u00e9conomisez","breadcrumb":{"@id":"https:\/\/tiketi.com\/jaguar-bus-executive-coaches\/#breadcrumb"},"inLanguage":"fr-FR","potentialAction":[{"@type":"ReadAction","target":["https:\/\/tiketi.com\/jaguar-bus-executive-coaches\/"]}]},{"@type":"ImageObject","inLanguage":"fr-FR","@id":"https:\/\/tiketi.com\/jaguar-bus-executive-coaches\/#primaryimage","url":"https:\/\/tiketi.com\/wp-content\/uploads\/2022\/01\/bus-ticket-online-booking.jpg","contentUrl":"https:\/\/tiketi.com\/wp-content\/uploads\/2022\/01\/bus-ticket-online-booking.jpg","width":1200,"height":206,"caption":"Online Bus Ticket Booking"},{"@type":"BreadcrumbList","@id":"https:\/\/tiketi.com\/jaguar-bus-executive-coaches\/#breadcrumb","itemListElement":[{"@type":"ListItem","position":1,"name":"Home","item":"https:\/\/tiketi.com\/"},{"@type":"ListItem","position":2,"name":"Jaguar Bus Online Booking, Bus Tickets, Route, Schedule &#038; Fare"}]},{"@type":"WebSite","@id":"https:\/\/tiketi.com\/#website","url":"https:\/\/tiketi.com\/","name":"Billets d&#039;avion et de bus, forfaits touristiques et activit\u00e9s - Tiketi.com","description":"Billets d&#039;avion et de bus, Tours, Activit\u00e9s","publisher":{"@id":"https:\/\/tiketi.com\/#organization"},"potentialAction":[{"@type":"SearchAction","target":{"@type":"EntryPoint","urlTemplate":"https:\/\/tiketi.com\/?s={search_term_string}"},"query-input":{"@type":"PropertyValueSpecification","valueRequired":true,"valueName":"search_term_string"}}],"inLanguage":"fr-FR"},{"@type":"Organization","@id":"https:\/\/tiketi.com\/#organization","name":"Tiketi.com","alternateName":"Tiketi","url":"https:\/\/tiketi.com\/","logo":{"@type":"ImageObject","inLanguage":"fr-FR","@id":"https:\/\/tiketi.com\/#\/schema\/logo\/image\/","url":"https:\/\/tiketi.com\/wp-content\/uploads\/2019\/05\/tiketi-logo-696.png","contentUrl":"https:\/\/tiketi.com\/wp-content\/uploads\/2019\/05\/tiketi-logo-696.png","width":696,"height":696,"caption":"Tiketi.com"},"image":{"@id":"https:\/\/tiketi.com\/#\/schema\/logo\/image\/"},"sameAs":["https:\/\/www.facebook.com\/TiketiCom\/"]}]}},"_links":{"self":[{"href":"https:\/\/tiketi.com\/fr-fr\/wp-json\/wp\/v2\/pages\/11361","targetHints":{"allow":["GET"]}}],"collection":[{"href":"https:\/\/tiketi.com\/fr-fr\/wp-json\/wp\/v2\/pages"}],"about":[{"href":"https:\/\/tiketi.com\/fr-fr\/wp-json\/wp\/v2\/types\/page"}],"author":[{"embeddable":true,"href":"https:\/\/tiketi.com\/fr-fr\/wp-json\/wp\/v2\/users\/1"}],"replies":[{"embeddable":true,"href":"https:\/\/tiketi.com\/fr-fr\/wp-json\/wp\/v2\/comments?post=11361"}],"version-history":[{"count":0,"href":"https:\/\/tiketi.com\/fr-fr\/wp-json\/wp\/v2\/pages\/11361\/revisions"}],"wp:featuredmedia":[{"embeddable":true,"href":"https:\/\/tiketi.com\/fr-fr\/wp-json\/wp\/v2\/media\/13999"}],"wp:attachment":[{"href":"https:\/\/tiketi.com\/fr-fr\/wp-json\/wp\/v2\/media?parent=11361"}],"curies":[{"name":"wp","href":"https:\/\/api.w.org\/{rel}","templated":true}]}}