{"id":11362,"date":"2022-01-19T12:54:33","date_gmt":"2022-01-19T11:54:33","guid":{"rendered":"https:\/\/new.tiketi.com\/horizon-express-online-booking-bus-tickets-reservation\/"},"modified":"2022-02-14T13:13:00","modified_gmt":"2022-02-14T12:13:00","slug":"horizon-express-bus","status":"publish","type":"page","link":"https:\/\/tiketi.com\/fr-fr\/horizon-express-bus\/","title":{"rendered":"R\u00e9servation en ligne Horizon Express, billets de bus, tarifs, horaires et itin\u00e9raire"},"content":{"rendered":"<h2>R\u00e9servation de billets de bus en ligne Horizon Express<\/h2>\n<h3>D\u00e9couvrez votre itin\u00e9raire de voyage sur le web, le mobile ou l&#039;application et r\u00e9servez d\u00e8s maintenant des billets de bus Horizon Express pas chers en ligne.<\/h3>\n<p>La r\u00e9servation en ligne Horizon Express simplifi\u00e9e. Horizon Express est l&#039;une des entreprises de transport public agr\u00e9\u00e9es par l&#039;Agence rwandaise de r\u00e9glementation des services publics, l&#039;organisme de r\u00e9glementation des services publics du pays. Le film \u00e0 l&#039;origine de sa cr\u00e9ation \u00e9tait la forte demande de services de transport public qui pr\u00e9valait \u00e0 cette \u00e9poque, par rapport aux entreprises de transport public qui op\u00e9raient le long des itin\u00e9raires reliant la ville de Kigali et les provinces du Sud. Il a commenc\u00e9 ses op\u00e9rations le 23 juin 2006. Vous pouvez \u00e9galement effectuer une r\u00e9servation de billets de bus en ligne Horizon Express.<\/p>\n<h2>FAQ sur la r\u00e9servation en ligne d&#039;Horizon Express<\/h2>\n<h3>Quels sont les trajets couverts par les billets de bus Horizon Express ?<\/h3>\n<p>\u2022 Kigali \u00e0 Huye \u2013 2510 frw<br \/>\n\u2022 Kigali \u00e0 Nyanza \u2013 1670 frw<br \/>\n\u2022 Kigali \u00e0 Nyamagabe \u2013 3040 frw<br \/>\n\u2022 Kigali \u00e0 Muhanga \u2013 930 frw<br \/>\n\u2022 Kigali \u00e0 Ruhango \u2013 1350 frw<br \/>\n\u2022 Huye \u00e0 Nyamagabe \u2013 510 frw<br \/>\n\u2022 Huye \u00e0 Muhanga \u2013 1410 frw<br \/>\n\u2022 Nyamagabe \u00e0 Muhanga \u2013 1900 frw<br \/>\n\u2022 Huye \u00e0 Nyanza \u2013 670 frw<br \/>\n\u2022 Nyanza \u00e0 Ruhango \u2013 350 frw<br \/>\n\u2022 Nyanza \u00e0 Nyamagabe<br \/>\n\u2022 Ruhango \u00e0 Nyamagabe \u2013 1480<br \/>\n\u2022 Muhanga \u00e0 Ruhango \u2013 500 frw<br \/>\n\u2022 Nyamagbe \u00e0 Karambi \u2013 300 frw<br \/>\n\u2022 Huye \u00e0 Gasarenda - 890 frw<br \/>\n\u2022 Nyamagabe \u00e0 Gasarenda \u2013 400 frw<\/p>\n<h3>Le service offert par Horizon Express<\/h3>\n<p>Il existe dix-huit points de vente et de r\u00e9servation de billets ainsi que six succursales \u00e0 Ruhango, Kigali, Huye, Muhanga, Nyanza et Nyamagabe.<br \/>\nLeurs v\u00e9hicules partent toutes les trente minutes sauf pour Kigali \u2013 Muhanga ; Itin\u00e9raires Muhanga \u2013 Kigali o\u00f9 les v\u00e9hicules partent toutes les quinze minutes.<\/p>\n<h3>Quelles sont les coordonn\u00e9es des bus Horizon Express ?<\/h3>\n<p>Secteur Kimisagara, District Nyarugenge, Ville de Kigali, Immeuble Chez Manu, Boulevard Nyabugogo.<\/p>\n<h2>Conseils de r\u00e9servation de billets de bus en ligne Horizon Express<\/h2>\n<p>L&#039;\u00e9quipe d&#039;agents de service de messagerie d&#039;Horizon Express ltd est professionnelle et comp\u00e9tente et pr\u00eate \u00e0 vous aider \u00e0 respecter vos d\u00e9lais.<\/p>","protected":false},"excerpt":{"rendered":"<p>Horizon Express Online Bus Ticket Booking Discover your travel route on web, mobile or app and book cheap Horizon Express bus tickets online now. Horizon Express online booking made easy.\u00a0Horizon Express is one of the public transport firms licensed by the Rwanda Utilities Regulatory Agency, the country public utility regulator. The film behind its creation [&hellip;]<\/p>\n","protected":false},"author":1,"featured_media":13999,"parent":0,"menu_order":0,"comment_status":"open","ping_status":"closed","template":"template-home-modern.php","meta":{"footnotes":""},"class_list":["post-11362","page","type-page","status-publish","has-post-thumbnail","hentry"],"yoast_head":"<!-- This site is optimized with the Yoast SEO plugin v27.3 - https:\/\/yoast.com\/product\/yoast-seo-wordpress\/ -->\n<title>Horizon Express Online Booking, Bus Tickets, Fare, Schedule &amp; Route<\/title>\n<meta name=\"description\" content=\"Looking for Horizon Express online booking, app, route, fare and schedule? Make a Horizon Express online bus ticket booking online now\" \/>\n<meta name=\"robots\" content=\"index, follow, max-snippet:-1, max-image-preview:large, max-video-preview:-1\" \/>\n<link rel=\"canonical\" href=\"https:\/\/tiketi.com\/fr-fr\/horizon-express-bus\/\" \/>\n<meta property=\"og:locale\" content=\"fr_FR\" \/>\n<meta property=\"og:type\" content=\"article\" \/>\n<meta property=\"og:title\" content=\"Horizon Express Online Booking, Bus Tickets, Fare, Schedule &amp; Route\" \/>\n<meta property=\"og:description\" content=\"Looking for Horizon Express online booking, app, route, fare and schedule? Make a Horizon Express online bus ticket booking online now\" \/>\n<meta property=\"og:url\" content=\"https:\/\/tiketi.com\/fr-fr\/horizon-express-bus\/\" \/>\n<meta property=\"og:site_name\" content=\"Tiketi.com\" \/>\n<meta property=\"article:publisher\" content=\"https:\/\/www.facebook.com\/TiketiCom\/\" \/>\n<meta property=\"article:modified_time\" content=\"2022-02-14T12:13:00+00:00\" \/>\n<meta property=\"og:image\" content=\"https:\/\/tiketi.com\/wp-content\/uploads\/2022\/01\/bus-ticket-online-booking.jpg\" \/>\n\t<meta property=\"og:image:width\" content=\"1200\" \/>\n\t<meta property=\"og:image:height\" content=\"206\" \/>\n\t<meta property=\"og:image:type\" content=\"image\/jpeg\" \/>\n<meta name=\"twitter:card\" content=\"summary_large_image\" \/>\n<meta name=\"twitter:label1\" content=\"Dur\u00e9e de lecture estim\u00e9e\" \/>\n\t<meta name=\"twitter:data1\" content=\"2 minutes\" \/>\n<script type=\"application\/ld+json\" class=\"yoast-schema-graph\">{\"@context\":\"https:\\\/\\\/schema.org\",\"@graph\":[{\"@type\":\"WebPage\",\"@id\":\"https:\\\/\\\/tiketi.com\\\/horizon-express-bus\\\/\",\"url\":\"https:\\\/\\\/tiketi.com\\\/horizon-express-bus\\\/\",\"name\":\"Horizon Express Online Booking, Bus Tickets, Fare, Schedule & Route\",\"isPartOf\":{\"@id\":\"https:\\\/\\\/tiketi.com\\\/#website\"},\"primaryImageOfPage\":{\"@id\":\"https:\\\/\\\/tiketi.com\\\/horizon-express-bus\\\/#primaryimage\"},\"image\":{\"@id\":\"https:\\\/\\\/tiketi.com\\\/horizon-express-bus\\\/#primaryimage\"},\"thumbnailUrl\":\"https:\\\/\\\/tiketi.com\\\/wp-content\\\/uploads\\\/2022\\\/01\\\/bus-ticket-online-booking.jpg\",\"datePublished\":\"2022-01-19T11:54:33+00:00\",\"dateModified\":\"2022-02-14T12:13:00+00:00\",\"description\":\"Looking for Horizon Express online booking, app, route, fare and schedule? Make a Horizon Express online bus ticket booking online now\",\"breadcrumb\":{\"@id\":\"https:\\\/\\\/tiketi.com\\\/horizon-express-bus\\\/#breadcrumb\"},\"inLanguage\":\"fr-FR\",\"potentialAction\":[{\"@type\":\"ReadAction\",\"target\":[\"https:\\\/\\\/tiketi.com\\\/horizon-express-bus\\\/\"]}]},{\"@type\":\"ImageObject\",\"inLanguage\":\"fr-FR\",\"@id\":\"https:\\\/\\\/tiketi.com\\\/horizon-express-bus\\\/#primaryimage\",\"url\":\"https:\\\/\\\/tiketi.com\\\/wp-content\\\/uploads\\\/2022\\\/01\\\/bus-ticket-online-booking.jpg\",\"contentUrl\":\"https:\\\/\\\/tiketi.com\\\/wp-content\\\/uploads\\\/2022\\\/01\\\/bus-ticket-online-booking.jpg\",\"width\":1200,\"height\":206,\"caption\":\"Online Bus Ticket Booking\"},{\"@type\":\"BreadcrumbList\",\"@id\":\"https:\\\/\\\/tiketi.com\\\/horizon-express-bus\\\/#breadcrumb\",\"itemListElement\":[{\"@type\":\"ListItem\",\"position\":1,\"name\":\"Home\",\"item\":\"https:\\\/\\\/tiketi.com\\\/\"},{\"@type\":\"ListItem\",\"position\":2,\"name\":\"Horizon Express Online Booking, Bus Tickets, Fare, Schedule &#038; Route\"}]},{\"@type\":\"WebSite\",\"@id\":\"https:\\\/\\\/tiketi.com\\\/#website\",\"url\":\"https:\\\/\\\/tiketi.com\\\/\",\"name\":\"Flight & Bus Tickets, Tour Packages & Activitites - Tiketi.com\",\"description\":\"Flight &amp; Bus Tickets, Tours, Activitites\",\"publisher\":{\"@id\":\"https:\\\/\\\/tiketi.com\\\/#organization\"},\"potentialAction\":[{\"@type\":\"SearchAction\",\"target\":{\"@type\":\"EntryPoint\",\"urlTemplate\":\"https:\\\/\\\/tiketi.com\\\/?s={search_term_string}\"},\"query-input\":{\"@type\":\"PropertyValueSpecification\",\"valueRequired\":true,\"valueName\":\"search_term_string\"}}],\"inLanguage\":\"fr-FR\"},{\"@type\":\"Organization\",\"@id\":\"https:\\\/\\\/tiketi.com\\\/#organization\",\"name\":\"Tiketi.com\",\"alternateName\":\"Tiketi\",\"url\":\"https:\\\/\\\/tiketi.com\\\/\",\"logo\":{\"@type\":\"ImageObject\",\"inLanguage\":\"fr-FR\",\"@id\":\"https:\\\/\\\/tiketi.com\\\/#\\\/schema\\\/logo\\\/image\\\/\",\"url\":\"https:\\\/\\\/tiketi.com\\\/wp-content\\\/uploads\\\/2019\\\/05\\\/tiketi-logo-696.png\",\"contentUrl\":\"https:\\\/\\\/tiketi.com\\\/wp-content\\\/uploads\\\/2019\\\/05\\\/tiketi-logo-696.png\",\"width\":696,\"height\":696,\"caption\":\"Tiketi.com\"},\"image\":{\"@id\":\"https:\\\/\\\/tiketi.com\\\/#\\\/schema\\\/logo\\\/image\\\/\"},\"sameAs\":[\"https:\\\/\\\/www.facebook.com\\\/TiketiCom\\\/\"]}]}<\/script>\n<!-- \/ Yoast SEO plugin. -->","yoast_head_json":{"title":"R\u00e9servation en ligne Horizon Express, billets de bus, tarifs, horaires et itin\u00e9raire","description":"Vous recherchez une r\u00e9servation en ligne Horizon Express, une application, un itin\u00e9raire, un tarif et un horaire\u00a0? Faites une r\u00e9servation de billet de bus en ligne Horizon Express en ligne maintenant","robots":{"index":"index","follow":"follow","max-snippet":"max-snippet:-1","max-image-preview":"max-image-preview:large","max-video-preview":"max-video-preview:-1"},"canonical":"https:\/\/tiketi.com\/fr-fr\/horizon-express-bus\/","og_locale":"fr_FR","og_type":"article","og_title":"Horizon Express Online Booking, Bus Tickets, Fare, Schedule & Route","og_description":"Looking for Horizon Express online booking, app, route, fare and schedule? Make a Horizon Express online bus ticket booking online now","og_url":"https:\/\/tiketi.com\/fr-fr\/horizon-express-bus\/","og_site_name":"Tiketi.com","article_publisher":"https:\/\/www.facebook.com\/TiketiCom\/","article_modified_time":"2022-02-14T12:13:00+00:00","og_image":[{"width":1200,"height":206,"url":"https:\/\/tiketi.com\/wp-content\/uploads\/2022\/01\/bus-ticket-online-booking.jpg","type":"image\/jpeg"}],"twitter_card":"summary_large_image","twitter_misc":{"Dur\u00e9e de lecture estim\u00e9e":"2 minutes"},"schema":{"@context":"https:\/\/schema.org","@graph":[{"@type":"WebPage","@id":"https:\/\/tiketi.com\/horizon-express-bus\/","url":"https:\/\/tiketi.com\/horizon-express-bus\/","name":"R\u00e9servation en ligne Horizon Express, billets de bus, tarifs, horaires et itin\u00e9raire","isPartOf":{"@id":"https:\/\/tiketi.com\/#website"},"primaryImageOfPage":{"@id":"https:\/\/tiketi.com\/horizon-express-bus\/#primaryimage"},"image":{"@id":"https:\/\/tiketi.com\/horizon-express-bus\/#primaryimage"},"thumbnailUrl":"https:\/\/tiketi.com\/wp-content\/uploads\/2022\/01\/bus-ticket-online-booking.jpg","datePublished":"2022-01-19T11:54:33+00:00","dateModified":"2022-02-14T12:13:00+00:00","description":"Vous recherchez une r\u00e9servation en ligne Horizon Express, une application, un itin\u00e9raire, un tarif et un horaire\u00a0? Faites une r\u00e9servation de billet de bus en ligne Horizon Express en ligne maintenant","breadcrumb":{"@id":"https:\/\/tiketi.com\/horizon-express-bus\/#breadcrumb"},"inLanguage":"fr-FR","potentialAction":[{"@type":"ReadAction","target":["https:\/\/tiketi.com\/horizon-express-bus\/"]}]},{"@type":"ImageObject","inLanguage":"fr-FR","@id":"https:\/\/tiketi.com\/horizon-express-bus\/#primaryimage","url":"https:\/\/tiketi.com\/wp-content\/uploads\/2022\/01\/bus-ticket-online-booking.jpg","contentUrl":"https:\/\/tiketi.com\/wp-content\/uploads\/2022\/01\/bus-ticket-online-booking.jpg","width":1200,"height":206,"caption":"Online Bus Ticket Booking"},{"@type":"BreadcrumbList","@id":"https:\/\/tiketi.com\/horizon-express-bus\/#breadcrumb","itemListElement":[{"@type":"ListItem","position":1,"name":"Home","item":"https:\/\/tiketi.com\/"},{"@type":"ListItem","position":2,"name":"Horizon Express Online Booking, Bus Tickets, Fare, Schedule &#038; Route"}]},{"@type":"WebSite","@id":"https:\/\/tiketi.com\/#website","url":"https:\/\/tiketi.com\/","name":"Billets d&#039;avion et de bus, forfaits touristiques et activit\u00e9s - Tiketi.com","description":"Billets d&#039;avion et de bus, Tours, Activit\u00e9s","publisher":{"@id":"https:\/\/tiketi.com\/#organization"},"potentialAction":[{"@type":"SearchAction","target":{"@type":"EntryPoint","urlTemplate":"https:\/\/tiketi.com\/?s={search_term_string}"},"query-input":{"@type":"PropertyValueSpecification","valueRequired":true,"valueName":"search_term_string"}}],"inLanguage":"fr-FR"},{"@type":"Organization","@id":"https:\/\/tiketi.com\/#organization","name":"Tiketi.com","alternateName":"Tiketi","url":"https:\/\/tiketi.com\/","logo":{"@type":"ImageObject","inLanguage":"fr-FR","@id":"https:\/\/tiketi.com\/#\/schema\/logo\/image\/","url":"https:\/\/tiketi.com\/wp-content\/uploads\/2019\/05\/tiketi-logo-696.png","contentUrl":"https:\/\/tiketi.com\/wp-content\/uploads\/2019\/05\/tiketi-logo-696.png","width":696,"height":696,"caption":"Tiketi.com"},"image":{"@id":"https:\/\/tiketi.com\/#\/schema\/logo\/image\/"},"sameAs":["https:\/\/www.facebook.com\/TiketiCom\/"]}]}},"_links":{"self":[{"href":"https:\/\/tiketi.com\/fr-fr\/wp-json\/wp\/v2\/pages\/11362","targetHints":{"allow":["GET"]}}],"collection":[{"href":"https:\/\/tiketi.com\/fr-fr\/wp-json\/wp\/v2\/pages"}],"about":[{"href":"https:\/\/tiketi.com\/fr-fr\/wp-json\/wp\/v2\/types\/page"}],"author":[{"embeddable":true,"href":"https:\/\/tiketi.com\/fr-fr\/wp-json\/wp\/v2\/users\/1"}],"replies":[{"embeddable":true,"href":"https:\/\/tiketi.com\/fr-fr\/wp-json\/wp\/v2\/comments?post=11362"}],"version-history":[{"count":0,"href":"https:\/\/tiketi.com\/fr-fr\/wp-json\/wp\/v2\/pages\/11362\/revisions"}],"wp:featuredmedia":[{"embeddable":true,"href":"https:\/\/tiketi.com\/fr-fr\/wp-json\/wp\/v2\/media\/13999"}],"wp:attachment":[{"href":"https:\/\/tiketi.com\/fr-fr\/wp-json\/wp\/v2\/media?parent=11362"}],"curies":[{"name":"wp","href":"https:\/\/api.w.org\/{rel}","templated":true}]}}