{"id":11364,"date":"2022-01-19T12:54:33","date_gmt":"2022-01-19T11:54:33","guid":{"rendered":"https:\/\/new.tiketi.com\/nyehunge-express-online-booking-bus-tickets-reservation\/"},"modified":"2022-02-17T17:32:47","modified_gmt":"2022-02-17T16:32:47","slug":"nyehunge-express-bus","status":"publish","type":"page","link":"https:\/\/tiketi.com\/fr-fr\/nyehunge-express-bus\/","title":{"rendered":"R\u00e9servation en ligne Nyehunge Express, billets de bus, itin\u00e9raire, horaires et tarifs"},"content":{"rendered":"<h2>R\u00e9servation de billets de bus en ligne Nyehunge Express<\/h2>\n<h3>D\u00e9couvrez votre itin\u00e9raire sur le web, le mobile ou l&#039;application et r\u00e9servez d\u00e8s maintenant en ligne des billets de bus Nyehunge Express pas chers.<\/h3>\n<p>Nyehunge Express r\u00e9servation en ligne simplifi\u00e9e. Nyehunge Express est une entreprise de transport bas\u00e9e dans la r\u00e9gion de Mwanza et elle est dans l&#039;industrie depuis plus de dix ans. Initialement, la compagnie de bus \u00e9tait des services de bus intra-r\u00e9gionaux, desservant les passagers dans la r\u00e9gion, mais plus tard, Nyehunge express a innov\u00e9 ses services en transportant ses passagers hors de la r\u00e9gion de Mwanza. La r\u00e9servation de billets de bus en ligne Nyehunge Express vous permet d&#039;\u00e9conomiser du temps et de l&#039;argent.<\/p>\n<h2>FAQ sur la r\u00e9servation en ligne de Nyehunge Express<\/h2>\n<h3>Quels sont les itin\u00e9raires couverts par le service Nyehunge Express ?<\/h3>\n<p>\u2022 Mwanza \u00e0 Dodoma<br \/>\n\u2022 Mwanza \u00e0 Morogoro \u2013 Prix moyen 40 000 Tshs<br \/>\n\u2022 Mwanza \u00e0 Ngara<\/p>\n<h3>Services de bus Nyehunge Express<\/h3>\n<p>Nyehunge express est une entreprise de transport de passagers et ils sont dans l&#039;industrie pour servir les passagers avec un service quotidien sur les itin\u00e9raires o\u00f9 leurs bus allaient. Ils ont un meilleur service client avec un personnel intelligent pour prendre soin de vous de leurs bureaux \u00e0 vos lieux.<\/p>\n<p>Ils sont \u00e9galement experts dans le transport de colis depuis les zones o\u00f9 ils ont des agences et des bureaux vers tous les endroits o\u00f9 se rendaient leurs bus. Profitez de services intelligents avec une exp\u00e9rience intelligente du bus express Nyehunge.<\/p>\n<h3>Flotte de bus Nyehunge Express<\/h3>\n<p>Lors de la cr\u00e9ation de Nyehunge express, la soci\u00e9t\u00e9 utilisait le mod\u00e8le de bus Scania avec des carrosseries assembl\u00e9es dans le pays, mais apr\u00e8s l&#039;arriv\u00e9e des bus chinois dans l&#039;industrie, elle a fait de grandes innovations.<\/p>\n<p>Ils ont remplac\u00e9 leurs types de pieds du mod\u00e8le chinois de Yutong Bus et ils ont \u00e9galement inclus un bus King Long. Leurs bus sont de classe semi-luxe et ils ont \u00e9t\u00e9 dot\u00e9s de nouveaux \u00e9quipements \u00e0 bord pour rendre votre visite s\u00fbre et relaxante.<\/p>\n<h3>Quelles sont les coordonn\u00e9es des bus Mghamba Express ?<\/h3>\n<p>Mwanza, Tanzanie<\/p>\n<h2>Conseils de r\u00e9servation de billets de bus en ligne Nyehunge Express<\/h2>\n<p>Nyehunge Express est maintenant l&#039;un des grands et un monstre des itin\u00e9raires de Mwanza \u00e0 Morogoro avec un service quotidien programm\u00e9 le matin. Ils offrent \u00e9galement des services \u00e0 d&#039;autres villes et r\u00e9gions de la zone du lac, ils sont parmi les meilleurs et les plus respect\u00e9s dans les r\u00e9gions.<\/p>","protected":false},"excerpt":{"rendered":"<p>Nyehunge Express Online Bus Ticket Booking Discover your travel route on web, mobile or app and book cheap Nyehunge Express bus tickets online now. Nyehunge Express online booking made easy. Nyehunge Express is a transport firm which is based in Mwanza region and it has been in the industry for more than ten years. Initially [&hellip;]<\/p>\n","protected":false},"author":1,"featured_media":13999,"parent":0,"menu_order":0,"comment_status":"open","ping_status":"closed","template":"template-home-modern.php","meta":{"footnotes":""},"class_list":["post-11364","page","type-page","status-publish","has-post-thumbnail","hentry"],"yoast_head":"<!-- This site is optimized with the Yoast SEO plugin v27.3 - https:\/\/yoast.com\/product\/yoast-seo-wordpress\/ -->\n<title>Nyehunge Express Online Booking, Bus Tickets, Route, Schedule &amp; Fare<\/title>\n<meta name=\"description\" content=\"Looking for Nyehunge Express online booking, app, route, fare and schedule? Make cheap Nyehunge Express online bus ticket booking now\" \/>\n<meta name=\"robots\" content=\"index, follow, max-snippet:-1, max-image-preview:large, max-video-preview:-1\" \/>\n<link rel=\"canonical\" href=\"https:\/\/tiketi.com\/fr-fr\/nyehunge-express-bus\/\" \/>\n<meta property=\"og:locale\" content=\"fr_FR\" \/>\n<meta property=\"og:type\" content=\"article\" \/>\n<meta property=\"og:title\" content=\"Nyehunge Express Online Booking, Bus Tickets, Route, Schedule &amp; Fare\" \/>\n<meta property=\"og:description\" content=\"Looking for Nyehunge Express online booking, app, route, fare and schedule? Make cheap Nyehunge Express online bus ticket booking now\" \/>\n<meta property=\"og:url\" content=\"https:\/\/tiketi.com\/fr-fr\/nyehunge-express-bus\/\" \/>\n<meta property=\"og:site_name\" content=\"Tiketi.com\" \/>\n<meta property=\"article:publisher\" content=\"https:\/\/www.facebook.com\/TiketiCom\/\" \/>\n<meta property=\"article:modified_time\" content=\"2022-02-17T16:32:47+00:00\" \/>\n<meta property=\"og:image\" content=\"https:\/\/tiketi.com\/wp-content\/uploads\/2022\/01\/bus-ticket-online-booking.jpg\" \/>\n\t<meta property=\"og:image:width\" content=\"1200\" \/>\n\t<meta property=\"og:image:height\" content=\"206\" \/>\n\t<meta property=\"og:image:type\" content=\"image\/jpeg\" \/>\n<meta name=\"twitter:card\" content=\"summary_large_image\" \/>\n<meta name=\"twitter:label1\" content=\"Dur\u00e9e de lecture estim\u00e9e\" \/>\n\t<meta name=\"twitter:data1\" content=\"2 minutes\" \/>\n<script type=\"application\/ld+json\" class=\"yoast-schema-graph\">{\"@context\":\"https:\\\/\\\/schema.org\",\"@graph\":[{\"@type\":\"WebPage\",\"@id\":\"https:\\\/\\\/tiketi.com\\\/nyehunge-express-bus\\\/\",\"url\":\"https:\\\/\\\/tiketi.com\\\/nyehunge-express-bus\\\/\",\"name\":\"Nyehunge Express Online Booking, Bus Tickets, Route, Schedule & Fare\",\"isPartOf\":{\"@id\":\"https:\\\/\\\/tiketi.com\\\/#website\"},\"primaryImageOfPage\":{\"@id\":\"https:\\\/\\\/tiketi.com\\\/nyehunge-express-bus\\\/#primaryimage\"},\"image\":{\"@id\":\"https:\\\/\\\/tiketi.com\\\/nyehunge-express-bus\\\/#primaryimage\"},\"thumbnailUrl\":\"https:\\\/\\\/tiketi.com\\\/wp-content\\\/uploads\\\/2022\\\/01\\\/bus-ticket-online-booking.jpg\",\"datePublished\":\"2022-01-19T11:54:33+00:00\",\"dateModified\":\"2022-02-17T16:32:47+00:00\",\"description\":\"Looking for Nyehunge Express online booking, app, route, fare and schedule? Make cheap Nyehunge Express online bus ticket booking now\",\"breadcrumb\":{\"@id\":\"https:\\\/\\\/tiketi.com\\\/nyehunge-express-bus\\\/#breadcrumb\"},\"inLanguage\":\"fr-FR\",\"potentialAction\":[{\"@type\":\"ReadAction\",\"target\":[\"https:\\\/\\\/tiketi.com\\\/nyehunge-express-bus\\\/\"]}]},{\"@type\":\"ImageObject\",\"inLanguage\":\"fr-FR\",\"@id\":\"https:\\\/\\\/tiketi.com\\\/nyehunge-express-bus\\\/#primaryimage\",\"url\":\"https:\\\/\\\/tiketi.com\\\/wp-content\\\/uploads\\\/2022\\\/01\\\/bus-ticket-online-booking.jpg\",\"contentUrl\":\"https:\\\/\\\/tiketi.com\\\/wp-content\\\/uploads\\\/2022\\\/01\\\/bus-ticket-online-booking.jpg\",\"width\":1200,\"height\":206,\"caption\":\"Online Bus Ticket Booking\"},{\"@type\":\"BreadcrumbList\",\"@id\":\"https:\\\/\\\/tiketi.com\\\/nyehunge-express-bus\\\/#breadcrumb\",\"itemListElement\":[{\"@type\":\"ListItem\",\"position\":1,\"name\":\"Home\",\"item\":\"https:\\\/\\\/tiketi.com\\\/\"},{\"@type\":\"ListItem\",\"position\":2,\"name\":\"Nyehunge Express Online Booking, Bus Tickets, Route, Schedule &#038; Fare\"}]},{\"@type\":\"WebSite\",\"@id\":\"https:\\\/\\\/tiketi.com\\\/#website\",\"url\":\"https:\\\/\\\/tiketi.com\\\/\",\"name\":\"Flight & Bus Tickets, Tour Packages & Activitites - Tiketi.com\",\"description\":\"Flight &amp; Bus Tickets, Tours, Activitites\",\"publisher\":{\"@id\":\"https:\\\/\\\/tiketi.com\\\/#organization\"},\"potentialAction\":[{\"@type\":\"SearchAction\",\"target\":{\"@type\":\"EntryPoint\",\"urlTemplate\":\"https:\\\/\\\/tiketi.com\\\/?s={search_term_string}\"},\"query-input\":{\"@type\":\"PropertyValueSpecification\",\"valueRequired\":true,\"valueName\":\"search_term_string\"}}],\"inLanguage\":\"fr-FR\"},{\"@type\":\"Organization\",\"@id\":\"https:\\\/\\\/tiketi.com\\\/#organization\",\"name\":\"Tiketi.com\",\"alternateName\":\"Tiketi\",\"url\":\"https:\\\/\\\/tiketi.com\\\/\",\"logo\":{\"@type\":\"ImageObject\",\"inLanguage\":\"fr-FR\",\"@id\":\"https:\\\/\\\/tiketi.com\\\/#\\\/schema\\\/logo\\\/image\\\/\",\"url\":\"https:\\\/\\\/tiketi.com\\\/wp-content\\\/uploads\\\/2019\\\/05\\\/tiketi-logo-696.png\",\"contentUrl\":\"https:\\\/\\\/tiketi.com\\\/wp-content\\\/uploads\\\/2019\\\/05\\\/tiketi-logo-696.png\",\"width\":696,\"height\":696,\"caption\":\"Tiketi.com\"},\"image\":{\"@id\":\"https:\\\/\\\/tiketi.com\\\/#\\\/schema\\\/logo\\\/image\\\/\"},\"sameAs\":[\"https:\\\/\\\/www.facebook.com\\\/TiketiCom\\\/\"]}]}<\/script>\n<!-- \/ Yoast SEO plugin. -->","yoast_head_json":{"title":"R\u00e9servation en ligne Nyehunge Express, billets de bus, itin\u00e9raire, horaires et tarifs","description":"Vous recherchez une r\u00e9servation en ligne Nyehunge Express, une application, un itin\u00e9raire, un tarif et un horaire? R\u00e9servez d\u00e8s maintenant vos billets de bus en ligne Nyehunge Express \u00e0 bas prix","robots":{"index":"index","follow":"follow","max-snippet":"max-snippet:-1","max-image-preview":"max-image-preview:large","max-video-preview":"max-video-preview:-1"},"canonical":"https:\/\/tiketi.com\/fr-fr\/nyehunge-express-bus\/","og_locale":"fr_FR","og_type":"article","og_title":"Nyehunge Express Online Booking, Bus Tickets, Route, Schedule & Fare","og_description":"Looking for Nyehunge Express online booking, app, route, fare and schedule? Make cheap Nyehunge Express online bus ticket booking now","og_url":"https:\/\/tiketi.com\/fr-fr\/nyehunge-express-bus\/","og_site_name":"Tiketi.com","article_publisher":"https:\/\/www.facebook.com\/TiketiCom\/","article_modified_time":"2022-02-17T16:32:47+00:00","og_image":[{"width":1200,"height":206,"url":"https:\/\/tiketi.com\/wp-content\/uploads\/2022\/01\/bus-ticket-online-booking.jpg","type":"image\/jpeg"}],"twitter_card":"summary_large_image","twitter_misc":{"Dur\u00e9e de lecture estim\u00e9e":"2 minutes"},"schema":{"@context":"https:\/\/schema.org","@graph":[{"@type":"WebPage","@id":"https:\/\/tiketi.com\/nyehunge-express-bus\/","url":"https:\/\/tiketi.com\/nyehunge-express-bus\/","name":"R\u00e9servation en ligne Nyehunge Express, billets de bus, itin\u00e9raire, horaires et tarifs","isPartOf":{"@id":"https:\/\/tiketi.com\/#website"},"primaryImageOfPage":{"@id":"https:\/\/tiketi.com\/nyehunge-express-bus\/#primaryimage"},"image":{"@id":"https:\/\/tiketi.com\/nyehunge-express-bus\/#primaryimage"},"thumbnailUrl":"https:\/\/tiketi.com\/wp-content\/uploads\/2022\/01\/bus-ticket-online-booking.jpg","datePublished":"2022-01-19T11:54:33+00:00","dateModified":"2022-02-17T16:32:47+00:00","description":"Vous recherchez une r\u00e9servation en ligne Nyehunge Express, une application, un itin\u00e9raire, un tarif et un horaire? R\u00e9servez d\u00e8s maintenant vos billets de bus en ligne Nyehunge Express \u00e0 bas prix","breadcrumb":{"@id":"https:\/\/tiketi.com\/nyehunge-express-bus\/#breadcrumb"},"inLanguage":"fr-FR","potentialAction":[{"@type":"ReadAction","target":["https:\/\/tiketi.com\/nyehunge-express-bus\/"]}]},{"@type":"ImageObject","inLanguage":"fr-FR","@id":"https:\/\/tiketi.com\/nyehunge-express-bus\/#primaryimage","url":"https:\/\/tiketi.com\/wp-content\/uploads\/2022\/01\/bus-ticket-online-booking.jpg","contentUrl":"https:\/\/tiketi.com\/wp-content\/uploads\/2022\/01\/bus-ticket-online-booking.jpg","width":1200,"height":206,"caption":"Online Bus Ticket Booking"},{"@type":"BreadcrumbList","@id":"https:\/\/tiketi.com\/nyehunge-express-bus\/#breadcrumb","itemListElement":[{"@type":"ListItem","position":1,"name":"Home","item":"https:\/\/tiketi.com\/"},{"@type":"ListItem","position":2,"name":"Nyehunge Express Online Booking, Bus Tickets, Route, Schedule &#038; Fare"}]},{"@type":"WebSite","@id":"https:\/\/tiketi.com\/#website","url":"https:\/\/tiketi.com\/","name":"Billets d&#039;avion et de bus, forfaits touristiques et activit\u00e9s - Tiketi.com","description":"Billets d&#039;avion et de bus, Tours, Activit\u00e9s","publisher":{"@id":"https:\/\/tiketi.com\/#organization"},"potentialAction":[{"@type":"SearchAction","target":{"@type":"EntryPoint","urlTemplate":"https:\/\/tiketi.com\/?s={search_term_string}"},"query-input":{"@type":"PropertyValueSpecification","valueRequired":true,"valueName":"search_term_string"}}],"inLanguage":"fr-FR"},{"@type":"Organization","@id":"https:\/\/tiketi.com\/#organization","name":"Tiketi.com","alternateName":"Tiketi","url":"https:\/\/tiketi.com\/","logo":{"@type":"ImageObject","inLanguage":"fr-FR","@id":"https:\/\/tiketi.com\/#\/schema\/logo\/image\/","url":"https:\/\/tiketi.com\/wp-content\/uploads\/2019\/05\/tiketi-logo-696.png","contentUrl":"https:\/\/tiketi.com\/wp-content\/uploads\/2019\/05\/tiketi-logo-696.png","width":696,"height":696,"caption":"Tiketi.com"},"image":{"@id":"https:\/\/tiketi.com\/#\/schema\/logo\/image\/"},"sameAs":["https:\/\/www.facebook.com\/TiketiCom\/"]}]}},"_links":{"self":[{"href":"https:\/\/tiketi.com\/fr-fr\/wp-json\/wp\/v2\/pages\/11364","targetHints":{"allow":["GET"]}}],"collection":[{"href":"https:\/\/tiketi.com\/fr-fr\/wp-json\/wp\/v2\/pages"}],"about":[{"href":"https:\/\/tiketi.com\/fr-fr\/wp-json\/wp\/v2\/types\/page"}],"author":[{"embeddable":true,"href":"https:\/\/tiketi.com\/fr-fr\/wp-json\/wp\/v2\/users\/1"}],"replies":[{"embeddable":true,"href":"https:\/\/tiketi.com\/fr-fr\/wp-json\/wp\/v2\/comments?post=11364"}],"version-history":[{"count":0,"href":"https:\/\/tiketi.com\/fr-fr\/wp-json\/wp\/v2\/pages\/11364\/revisions"}],"wp:featuredmedia":[{"embeddable":true,"href":"https:\/\/tiketi.com\/fr-fr\/wp-json\/wp\/v2\/media\/13999"}],"wp:attachment":[{"href":"https:\/\/tiketi.com\/fr-fr\/wp-json\/wp\/v2\/media?parent=11364"}],"curies":[{"name":"wp","href":"https:\/\/api.w.org\/{rel}","templated":true}]}}