{"id":11367,"date":"2022-01-19T12:54:33","date_gmt":"2022-01-19T11:54:33","guid":{"rendered":"https:\/\/new.tiketi.com\/freys-coach-online-booking-bus-tickets-reservation\/"},"modified":"2022-02-13T19:23:51","modified_gmt":"2022-02-13T18:23:51","slug":"freys-coach","status":"publish","type":"page","link":"https:\/\/tiketi.com\/fr-fr\/freys-coach\/","title":{"rendered":"Frey&#039;s Coach R\u00e9servation en ligne, billets de bus, itin\u00e9raire et tarif"},"content":{"rendered":"<h2>Frey&#039;s Coach R\u00e9servation de billets de bus en ligne<\/h2>\n<h3>D\u00e9couvrez votre itin\u00e9raire de voyage sur le web, le mobile ou l&#039;application et r\u00e9servez d\u00e8s maintenant des billets de bus Frey&#039;s Coach pas chers en ligne.<\/h3>\n<p>Frey&#039;s Coach r\u00e9servation en ligne facile. Frey&#039;s Coach propose des services de transport qui relient Tanga et Arusha via Moshi. Pareil et Mombo. Il s&#039;agissait du premier et principal itin\u00e9raire de la compagnie de bus \u00e9tendant ses services \u00e0 d&#039;autres r\u00e9gions de Tanzanie. La r\u00e9servation de billets de bus en ligne Frey&#039;s Coach vous permet d&#039;\u00e9conomiser du temps et de l&#039;argent.<\/p>\n<h2>Frey&#039;s Coach R\u00e9servation en ligne de Tanga \u00e0 Arusha, billets de bus, FAQ sur les itin\u00e9raires et les tarifs<\/h2>\n<h3>Quels sont les itin\u00e9raires c\u00e9l\u00e8bres couverts par Freys Coach Service ?<\/h3>\n<p>\u2022 Tanga - Arusha via Moshi<br \/>\n\u2022 Moshi - Babati via Arusha<br \/>\n\u2022 Tanga - Singida via Moshi<\/p>\n<h3>Horaires des entra\u00eeneurs Freys<\/h3>\n<p>Horaires de bus Moshi \u00e0 Tanga 2020.<\/p>\n<p>Le bus Feiz part de Moshi vers Tanga vers 6h00.<\/p>\n<p>Le service de bus Raqeeb a de nombreux bus de Moshi \u00e0 Tanga partant \u00e0 10h00, 9h00 et 7h00, etc.<\/p>\n<p>Le premier bus Capricon part de Moshi vers Tanga vers 7h30.<\/p>\n<p>Il existe d&#039;autres bus parcourant le m\u00eame itin\u00e9raire, tels que le bus Mtei, le bus Msawa, etc.<\/p>\n<p>Le bus de Shinyanga via Moshi \u00e0 Tanga est Allis star qui traverse Moshi le soir.<\/p>\n<p>Le trajet de Moshi \u00e0 Tanga prend environ 7 \u00e0 8 heures.<\/p>\n<p>Vous pouvez prendre le bus, le dernier bus partant de moshi vers 12h00. Essayez de v\u00e9rifier aupr\u00e8s de ces compagnies de bus. Bus Freys, bus Kapricon et Tahmeed. En fait, le bus Freys est le top!<\/p>\n<h3>Flotte d&#039;autocars Freys et commodit\u00e9s<\/h3>\n<p>L&#039;autocar Freys propose des bus de luxe assez modernes avec des services haut de gamme. Auparavant, l&#039;entreprise utilisait des bus Scania avec des carrosseries assembl\u00e9es nationales. Mais maintenant, ils ont aussi des bus chinois Yutong sur leurs itin\u00e9raires.<\/p>\n<p>La promesse de Coach est de r\u00e9pondre aux d\u00e9sirs des clients \u00e0 un prix comp\u00e9titif,<\/p>\n<p>Leurs bus sont de classe Semi Luxury avec divertissement \u00e0 bord, ils offrent \u00e9galement des boissons non alcoolis\u00e9es et des bouch\u00e9es \u00e0 leurs clients gratuitement.<\/p>\n<h3>Quelles sont les coordonn\u00e9es des bus Freys Coach ?<\/h3>\n<p>Bo\u00eete postale 6082 Tanga.<\/p>\n<h2>Frey&#039;s Coach Conseils de r\u00e9servation de billets de bus en ligne<\/h2>\n<p>La promesse de Coach est de r\u00e9pondre aux attentes du client \u00e0 un prix comp\u00e9titif.<\/p>","protected":false},"excerpt":{"rendered":"<p>Frey&#8217;s Coach\u00a0Online Bus Ticket Booking Discover your travel route on web, mobile or app and book cheap Frey&#8217;s Coach bus tickets online now. Frey&#8217;s Coach online booking made easy. Frey&#8217;s Coach offers transport services which links Tanga and Arusha via Moshi. Same and Mombo. This was the first and key route of the bus company [&hellip;]<\/p>\n","protected":false},"author":1,"featured_media":13999,"parent":0,"menu_order":0,"comment_status":"open","ping_status":"closed","template":"template-home-modern.php","meta":{"footnotes":""},"class_list":["post-11367","page","type-page","status-publish","has-post-thumbnail","hentry"],"yoast_head":"<!-- This site is optimized with the Yoast SEO plugin v27.3 - https:\/\/yoast.com\/product\/yoast-seo-wordpress\/ -->\n<title>Frey&#039;s Coach Online Booking, Bus Tickets, Routes &amp; Fares<\/title>\n<meta name=\"description\" content=\"Looking for Frey&#039;s Coach online booking Tanga to Arusha? Make a Frey&#039;s Coach online bus ticket booking online now and save time and money\" \/>\n<meta name=\"robots\" content=\"index, follow, max-snippet:-1, max-image-preview:large, max-video-preview:-1\" \/>\n<link rel=\"canonical\" href=\"https:\/\/tiketi.com\/fr-fr\/freys-coach\/\" \/>\n<meta property=\"og:locale\" content=\"fr_FR\" \/>\n<meta property=\"og:type\" content=\"article\" \/>\n<meta property=\"og:title\" content=\"Frey&#039;s Coach Online Booking, Bus Tickets, Routes &amp; Fares\" \/>\n<meta property=\"og:description\" content=\"Looking for Frey&#039;s Coach online booking Tanga to Arusha? Make a Frey&#039;s Coach online bus ticket booking online now and save time and money\" \/>\n<meta property=\"og:url\" content=\"https:\/\/tiketi.com\/fr-fr\/freys-coach\/\" \/>\n<meta property=\"og:site_name\" content=\"Tiketi.com\" \/>\n<meta property=\"article:publisher\" content=\"https:\/\/www.facebook.com\/TiketiCom\/\" \/>\n<meta property=\"article:modified_time\" content=\"2022-02-13T18:23:51+00:00\" \/>\n<meta property=\"og:image\" content=\"https:\/\/tiketi.com\/wp-content\/uploads\/2022\/01\/bus-ticket-online-booking.jpg\" \/>\n\t<meta property=\"og:image:width\" content=\"1200\" \/>\n\t<meta property=\"og:image:height\" content=\"206\" \/>\n\t<meta property=\"og:image:type\" content=\"image\/jpeg\" \/>\n<meta name=\"twitter:card\" content=\"summary_large_image\" \/>\n<meta name=\"twitter:label1\" content=\"Dur\u00e9e de lecture estim\u00e9e\" \/>\n\t<meta name=\"twitter:data1\" content=\"2 minutes\" \/>\n<script type=\"application\/ld+json\" class=\"yoast-schema-graph\">{\"@context\":\"https:\\\/\\\/schema.org\",\"@graph\":[{\"@type\":\"WebPage\",\"@id\":\"https:\\\/\\\/tiketi.com\\\/freys-coach\\\/\",\"url\":\"https:\\\/\\\/tiketi.com\\\/freys-coach\\\/\",\"name\":\"Frey's Coach Online Booking, Bus Tickets, Routes & Fares\",\"isPartOf\":{\"@id\":\"https:\\\/\\\/tiketi.com\\\/#website\"},\"primaryImageOfPage\":{\"@id\":\"https:\\\/\\\/tiketi.com\\\/freys-coach\\\/#primaryimage\"},\"image\":{\"@id\":\"https:\\\/\\\/tiketi.com\\\/freys-coach\\\/#primaryimage\"},\"thumbnailUrl\":\"https:\\\/\\\/tiketi.com\\\/wp-content\\\/uploads\\\/2022\\\/01\\\/bus-ticket-online-booking.jpg\",\"datePublished\":\"2022-01-19T11:54:33+00:00\",\"dateModified\":\"2022-02-13T18:23:51+00:00\",\"description\":\"Looking for Frey's Coach online booking Tanga to Arusha? Make a Frey's Coach online bus ticket booking online now and save time and money\",\"breadcrumb\":{\"@id\":\"https:\\\/\\\/tiketi.com\\\/freys-coach\\\/#breadcrumb\"},\"inLanguage\":\"fr-FR\",\"potentialAction\":[{\"@type\":\"ReadAction\",\"target\":[\"https:\\\/\\\/tiketi.com\\\/freys-coach\\\/\"]}]},{\"@type\":\"ImageObject\",\"inLanguage\":\"fr-FR\",\"@id\":\"https:\\\/\\\/tiketi.com\\\/freys-coach\\\/#primaryimage\",\"url\":\"https:\\\/\\\/tiketi.com\\\/wp-content\\\/uploads\\\/2022\\\/01\\\/bus-ticket-online-booking.jpg\",\"contentUrl\":\"https:\\\/\\\/tiketi.com\\\/wp-content\\\/uploads\\\/2022\\\/01\\\/bus-ticket-online-booking.jpg\",\"width\":1200,\"height\":206,\"caption\":\"Online Bus Ticket Booking\"},{\"@type\":\"BreadcrumbList\",\"@id\":\"https:\\\/\\\/tiketi.com\\\/freys-coach\\\/#breadcrumb\",\"itemListElement\":[{\"@type\":\"ListItem\",\"position\":1,\"name\":\"Home\",\"item\":\"https:\\\/\\\/tiketi.com\\\/\"},{\"@type\":\"ListItem\",\"position\":2,\"name\":\"Frey&#8217;s Coach Online Booking, Bus Tickets, Route &#038; Fare\"}]},{\"@type\":\"WebSite\",\"@id\":\"https:\\\/\\\/tiketi.com\\\/#website\",\"url\":\"https:\\\/\\\/tiketi.com\\\/\",\"name\":\"Flight & Bus Tickets, Tour Packages & Activitites - Tiketi.com\",\"description\":\"Flight &amp; Bus Tickets, Tours, Activitites\",\"publisher\":{\"@id\":\"https:\\\/\\\/tiketi.com\\\/#organization\"},\"potentialAction\":[{\"@type\":\"SearchAction\",\"target\":{\"@type\":\"EntryPoint\",\"urlTemplate\":\"https:\\\/\\\/tiketi.com\\\/?s={search_term_string}\"},\"query-input\":{\"@type\":\"PropertyValueSpecification\",\"valueRequired\":true,\"valueName\":\"search_term_string\"}}],\"inLanguage\":\"fr-FR\"},{\"@type\":\"Organization\",\"@id\":\"https:\\\/\\\/tiketi.com\\\/#organization\",\"name\":\"Tiketi.com\",\"alternateName\":\"Tiketi\",\"url\":\"https:\\\/\\\/tiketi.com\\\/\",\"logo\":{\"@type\":\"ImageObject\",\"inLanguage\":\"fr-FR\",\"@id\":\"https:\\\/\\\/tiketi.com\\\/#\\\/schema\\\/logo\\\/image\\\/\",\"url\":\"https:\\\/\\\/tiketi.com\\\/wp-content\\\/uploads\\\/2019\\\/05\\\/tiketi-logo-696.png\",\"contentUrl\":\"https:\\\/\\\/tiketi.com\\\/wp-content\\\/uploads\\\/2019\\\/05\\\/tiketi-logo-696.png\",\"width\":696,\"height\":696,\"caption\":\"Tiketi.com\"},\"image\":{\"@id\":\"https:\\\/\\\/tiketi.com\\\/#\\\/schema\\\/logo\\\/image\\\/\"},\"sameAs\":[\"https:\\\/\\\/www.facebook.com\\\/TiketiCom\\\/\"]}]}<\/script>\n<!-- \/ Yoast SEO plugin. -->","yoast_head_json":{"title":"R\u00e9servation en ligne Frey&#039;s Coach, billets de bus, itin\u00e9raires et tarifs","description":"Vous recherchez Frey&#039;s Coach r\u00e9servation en ligne Tanga \u00e0 Arusha? Faites une r\u00e9servation en ligne de billets de bus Frey&#039;s Coach en ligne maintenant et \u00e9conomisez du temps et de l&#039;argent","robots":{"index":"index","follow":"follow","max-snippet":"max-snippet:-1","max-image-preview":"max-image-preview:large","max-video-preview":"max-video-preview:-1"},"canonical":"https:\/\/tiketi.com\/fr-fr\/freys-coach\/","og_locale":"fr_FR","og_type":"article","og_title":"Frey's Coach Online Booking, Bus Tickets, Routes & Fares","og_description":"Looking for Frey's Coach online booking Tanga to Arusha? Make a Frey's Coach online bus ticket booking online now and save time and money","og_url":"https:\/\/tiketi.com\/fr-fr\/freys-coach\/","og_site_name":"Tiketi.com","article_publisher":"https:\/\/www.facebook.com\/TiketiCom\/","article_modified_time":"2022-02-13T18:23:51+00:00","og_image":[{"width":1200,"height":206,"url":"https:\/\/tiketi.com\/wp-content\/uploads\/2022\/01\/bus-ticket-online-booking.jpg","type":"image\/jpeg"}],"twitter_card":"summary_large_image","twitter_misc":{"Dur\u00e9e de lecture estim\u00e9e":"2 minutes"},"schema":{"@context":"https:\/\/schema.org","@graph":[{"@type":"WebPage","@id":"https:\/\/tiketi.com\/freys-coach\/","url":"https:\/\/tiketi.com\/freys-coach\/","name":"R\u00e9servation en ligne Frey&#039;s Coach, billets de bus, itin\u00e9raires et tarifs","isPartOf":{"@id":"https:\/\/tiketi.com\/#website"},"primaryImageOfPage":{"@id":"https:\/\/tiketi.com\/freys-coach\/#primaryimage"},"image":{"@id":"https:\/\/tiketi.com\/freys-coach\/#primaryimage"},"thumbnailUrl":"https:\/\/tiketi.com\/wp-content\/uploads\/2022\/01\/bus-ticket-online-booking.jpg","datePublished":"2022-01-19T11:54:33+00:00","dateModified":"2022-02-13T18:23:51+00:00","description":"Vous recherchez Frey&#039;s Coach r\u00e9servation en ligne Tanga \u00e0 Arusha? Faites une r\u00e9servation en ligne de billets de bus Frey&#039;s Coach en ligne maintenant et \u00e9conomisez du temps et de l&#039;argent","breadcrumb":{"@id":"https:\/\/tiketi.com\/freys-coach\/#breadcrumb"},"inLanguage":"fr-FR","potentialAction":[{"@type":"ReadAction","target":["https:\/\/tiketi.com\/freys-coach\/"]}]},{"@type":"ImageObject","inLanguage":"fr-FR","@id":"https:\/\/tiketi.com\/freys-coach\/#primaryimage","url":"https:\/\/tiketi.com\/wp-content\/uploads\/2022\/01\/bus-ticket-online-booking.jpg","contentUrl":"https:\/\/tiketi.com\/wp-content\/uploads\/2022\/01\/bus-ticket-online-booking.jpg","width":1200,"height":206,"caption":"Online Bus Ticket Booking"},{"@type":"BreadcrumbList","@id":"https:\/\/tiketi.com\/freys-coach\/#breadcrumb","itemListElement":[{"@type":"ListItem","position":1,"name":"Home","item":"https:\/\/tiketi.com\/"},{"@type":"ListItem","position":2,"name":"Frey&#8217;s Coach Online Booking, Bus Tickets, Route &#038; Fare"}]},{"@type":"WebSite","@id":"https:\/\/tiketi.com\/#website","url":"https:\/\/tiketi.com\/","name":"Billets d&#039;avion et de bus, forfaits touristiques et activit\u00e9s - Tiketi.com","description":"Billets d&#039;avion et de bus, Tours, Activit\u00e9s","publisher":{"@id":"https:\/\/tiketi.com\/#organization"},"potentialAction":[{"@type":"SearchAction","target":{"@type":"EntryPoint","urlTemplate":"https:\/\/tiketi.com\/?s={search_term_string}"},"query-input":{"@type":"PropertyValueSpecification","valueRequired":true,"valueName":"search_term_string"}}],"inLanguage":"fr-FR"},{"@type":"Organization","@id":"https:\/\/tiketi.com\/#organization","name":"Tiketi.com","alternateName":"Tiketi","url":"https:\/\/tiketi.com\/","logo":{"@type":"ImageObject","inLanguage":"fr-FR","@id":"https:\/\/tiketi.com\/#\/schema\/logo\/image\/","url":"https:\/\/tiketi.com\/wp-content\/uploads\/2019\/05\/tiketi-logo-696.png","contentUrl":"https:\/\/tiketi.com\/wp-content\/uploads\/2019\/05\/tiketi-logo-696.png","width":696,"height":696,"caption":"Tiketi.com"},"image":{"@id":"https:\/\/tiketi.com\/#\/schema\/logo\/image\/"},"sameAs":["https:\/\/www.facebook.com\/TiketiCom\/"]}]}},"_links":{"self":[{"href":"https:\/\/tiketi.com\/fr-fr\/wp-json\/wp\/v2\/pages\/11367","targetHints":{"allow":["GET"]}}],"collection":[{"href":"https:\/\/tiketi.com\/fr-fr\/wp-json\/wp\/v2\/pages"}],"about":[{"href":"https:\/\/tiketi.com\/fr-fr\/wp-json\/wp\/v2\/types\/page"}],"author":[{"embeddable":true,"href":"https:\/\/tiketi.com\/fr-fr\/wp-json\/wp\/v2\/users\/1"}],"replies":[{"embeddable":true,"href":"https:\/\/tiketi.com\/fr-fr\/wp-json\/wp\/v2\/comments?post=11367"}],"version-history":[{"count":0,"href":"https:\/\/tiketi.com\/fr-fr\/wp-json\/wp\/v2\/pages\/11367\/revisions"}],"wp:featuredmedia":[{"embeddable":true,"href":"https:\/\/tiketi.com\/fr-fr\/wp-json\/wp\/v2\/media\/13999"}],"wp:attachment":[{"href":"https:\/\/tiketi.com\/fr-fr\/wp-json\/wp\/v2\/media?parent=11367"}],"curies":[{"name":"wp","href":"https:\/\/api.w.org\/{rel}","templated":true}]}}